{"id":413,"date":"2020-07-13T15:23:28","date_gmt":"2020-07-13T15:23:28","guid":{"rendered":"https:\/\/partsandpieces.bonsaidev.nl\/?product=ladetrekker-met-hout-2257"},"modified":"2024-11-26T12:05:28","modified_gmt":"2024-11-26T11:05:28","slug":"schubladengriffaufhanger-aus-holz-und-messing-antik-52-mm","status":"publish","type":"product","link":"https:\/\/partsandpieces.nl\/de\/product\/ladegreep-hanger-hout-en-messing-antiek-52mm\/","title":{"rendered":"Schubladengriff Aufh\u00e4nger Holz und Messing antik 52mm"},"content":{"rendered":"<p><strong>Schubladengriff Aufh\u00e4nger Holz und Messing antik 52mm<\/strong> ist ein klassischer Schubladengriff in Form eines Kleiderb\u00fcgels aus unbehandeltem Holz. Der Schubladengriff besteht ebenfalls aus Zamak* mit antikem Messingfinish. Die Montageplatte ist rund geformt. Dieser Kleiderb\u00fcgel passt gut auf Ihre antike oder klassische Schublade.<\/p>\n<p>Dieser hochwertige Schubladenauszieher wird in Italien hergestellt.<\/p>\n<p><strong>Ma\u00dfe<br \/>\n<\/strong>Schubladengriff Hanger Holz und Messing antik 52 mm hat eine Gesamth\u00f6he von 52 mm. Der Anh\u00e4nger selbst ist 46 mm lang. Nach der Installation steht dieser Kleiderb\u00fcgel 22 mm \u00fcber (das ist die Dicke des Holzknopfs). Die Montageplatte hat einen Durchmesser von 20 mm.<\/p>\n<p><strong>Bearbeiten<br \/>\n<\/strong>Sie k\u00f6nnen den Taster mit der mitgelieferten Schraube blind montieren.<\/p>\n<p>* Zamak ist eine Legierung mit Zink als Hauptbestandteil. Es hat einen relativ niedrigen Schmelzpunkt und l\u00e4sst sich leicht gie\u00dfen. Der Name ist ein Akronym, abgeleitet von den Anfangsbuchstaben der deutschsprachigen Bezeichnungen f\u00fcr die Metalle, aus denen der Werkstoff besteht: Zink, Aluminium, MAGnesium, Kupfer. Zamak wird in der Automobil- und M\u00f6belindustrie f\u00fcr T\u00fcrgriffe, Griffe, Logos und Zierleisten verwendet. Es wird auch h\u00e4ufig als Ersatz f\u00fcr giftiges Blei verwendet<\/p>","protected":false},"excerpt":{"rendered":"<p>Ladegreep Hanger Hout en Messing antiek 52mm is een klassieke ladetrekker in de vorm van een hangertje gemaakt van onbehandeld hout. De ladetrekker is verder gemaakt van zamak* met een antieke messing finish. Het bevestigingsplaatje is rond van vorm. Deze hanger past goed op je antieke of klassieke lade. Deze kwalitatief uitstekende ladetrekker is gemaakt [&hellip;]<\/p>\n","protected":false},"featured_media":6405,"template":"","meta":{"_acf_changed":false},"product_brand":[],"product_cat":[31,23],"product_tag":[],"class_list":{"0":"post-413","1":"product","2":"type-product","3":"status-publish","4":"has-post-thumbnail","6":"product_cat-hangers-voor-lades-en-deuren","7":"product_cat-meubelbeslag","9":"first","10":"instock","11":"taxable","12":"shipping-taxable","13":"purchasable","14":"product-type-simple"},"acf":[],"yoast_head":"<!-- This site is optimized with the Yoast SEO plugin v27.3 - https:\/\/yoast.com\/product\/yoast-seo-wordpress\/ -->\n<title>Ladegreep Hanger Hout Messing<\/title>\n<meta name=\"description\" content=\"Ladegreep Hanger Hout en Messing antiek 52mm is gemaakt van onbehandeld hout. De ladetrekker is verder gemaakt van zamak* met een antieke messing finish.\" \/>\n<meta name=\"robots\" content=\"index, follow, max-snippet:-1, max-image-preview:large, max-video-preview:-1\" \/>\n<link rel=\"canonical\" href=\"https:\/\/partsandpieces.nl\/de\/produkt\/schubladengriffaufhanger-aus-holz-und-messing-antik-52-mm\/\" \/>\n<meta property=\"og:locale\" content=\"de_DE\" \/>\n<meta property=\"og:type\" content=\"article\" \/>\n<meta property=\"og:title\" content=\"Ladegreep Hanger Hout Messing\" \/>\n<meta property=\"og:description\" content=\"Ladegreep Hanger Hout en Messing antiek 52mm is gemaakt van onbehandeld hout. De ladetrekker is verder gemaakt van zamak* met een antieke messing finish.\" \/>\n<meta property=\"og:url\" content=\"https:\/\/partsandpieces.nl\/de\/produkt\/schubladengriffaufhanger-aus-holz-und-messing-antik-52-mm\/\" \/>\n<meta property=\"og:site_name\" content=\"Parts &amp; Pieces\" \/>\n<meta property=\"article:modified_time\" content=\"2024-11-26T11:05:28+00:00\" \/>\n<meta property=\"og:image\" content=\"https:\/\/partsandpieces.nl\/wp-content\/uploads\/2020\/07\/Ladegreep-Hanger-Hout-en-Messing-antiek-52mm-1.jpg\" \/>\n\t<meta property=\"og:image:width\" content=\"417\" \/>\n\t<meta property=\"og:image:height\" content=\"417\" \/>\n\t<meta property=\"og:image:type\" content=\"image\/jpeg\" \/>\n<meta name=\"twitter:card\" content=\"summary_large_image\" \/>\n<meta name=\"twitter:label1\" content=\"Gesch\u00e4tzte Lesezeit\" \/>\n\t<meta name=\"twitter:data1\" content=\"1\u00a0Minute\" \/>\n<script type=\"application\/ld+json\" class=\"yoast-schema-graph\">{\"@context\":\"https:\\\/\\\/schema.org\",\"@graph\":[{\"@type\":\"WebPage\",\"@id\":\"https:\\\/\\\/partsandpieces.nl\\\/product\\\/ladegreep-hanger-hout-en-messing-antiek-52mm\\\/\",\"url\":\"https:\\\/\\\/partsandpieces.nl\\\/product\\\/ladegreep-hanger-hout-en-messing-antiek-52mm\\\/\",\"name\":\"Ladegreep Hanger Hout Messing\",\"isPartOf\":{\"@id\":\"https:\\\/\\\/partsandpieces.nl\\\/#website\"},\"primaryImageOfPage\":{\"@id\":\"https:\\\/\\\/partsandpieces.nl\\\/product\\\/ladegreep-hanger-hout-en-messing-antiek-52mm\\\/#primaryimage\"},\"image\":{\"@id\":\"https:\\\/\\\/partsandpieces.nl\\\/product\\\/ladegreep-hanger-hout-en-messing-antiek-52mm\\\/#primaryimage\"},\"thumbnailUrl\":\"https:\\\/\\\/partsandpieces.nl\\\/wp-content\\\/uploads\\\/2020\\\/07\\\/Ladegreep-Hanger-Hout-en-Messing-antiek-52mm-1.jpg\",\"datePublished\":\"2020-07-13T15:23:28+00:00\",\"dateModified\":\"2024-11-26T11:05:28+00:00\",\"description\":\"Ladegreep Hanger Hout en Messing antiek 52mm is gemaakt van onbehandeld hout. De ladetrekker is verder gemaakt van zamak* met een antieke messing finish.\",\"breadcrumb\":{\"@id\":\"https:\\\/\\\/partsandpieces.nl\\\/product\\\/ladegreep-hanger-hout-en-messing-antiek-52mm\\\/#breadcrumb\"},\"inLanguage\":\"de\",\"potentialAction\":[{\"@type\":\"ReadAction\",\"target\":[\"https:\\\/\\\/partsandpieces.nl\\\/product\\\/ladegreep-hanger-hout-en-messing-antiek-52mm\\\/\"]}]},{\"@type\":\"ImageObject\",\"inLanguage\":\"de\",\"@id\":\"https:\\\/\\\/partsandpieces.nl\\\/product\\\/ladegreep-hanger-hout-en-messing-antiek-52mm\\\/#primaryimage\",\"url\":\"https:\\\/\\\/partsandpieces.nl\\\/wp-content\\\/uploads\\\/2020\\\/07\\\/Ladegreep-Hanger-Hout-en-Messing-antiek-52mm-1.jpg\",\"contentUrl\":\"https:\\\/\\\/partsandpieces.nl\\\/wp-content\\\/uploads\\\/2020\\\/07\\\/Ladegreep-Hanger-Hout-en-Messing-antiek-52mm-1.jpg\",\"width\":417,\"height\":417,\"caption\":\"Ladegreep Hanger Hout en Messing antiek 52mm 1\"},{\"@type\":\"BreadcrumbList\",\"@id\":\"https:\\\/\\\/partsandpieces.nl\\\/product\\\/ladegreep-hanger-hout-en-messing-antiek-52mm\\\/#breadcrumb\",\"itemListElement\":[{\"@type\":\"ListItem\",\"position\":1,\"name\":\"Home\",\"item\":\"https:\\\/\\\/partsandpieces.nl\\\/home\\\/\"},{\"@type\":\"ListItem\",\"position\":2,\"name\":\"Winkel\",\"item\":\"https:\\\/\\\/partsandpieces.nl\\\/winkel\\\/\"},{\"@type\":\"ListItem\",\"position\":3,\"name\":\"Ladegreep Hanger Hout en Messing antiek 52mm\"}]},{\"@type\":\"WebSite\",\"@id\":\"https:\\\/\\\/partsandpieces.nl\\\/#website\",\"url\":\"https:\\\/\\\/partsandpieces.nl\\\/\",\"name\":\"Parts &amp; Pieces\",\"description\":\"Alles voor uw meubelrestauratie en -onderhoud!\",\"potentialAction\":[{\"@type\":\"SearchAction\",\"target\":{\"@type\":\"EntryPoint\",\"urlTemplate\":\"https:\\\/\\\/partsandpieces.nl\\\/?s={search_term_string}\"},\"query-input\":{\"@type\":\"PropertyValueSpecification\",\"valueRequired\":true,\"valueName\":\"search_term_string\"}}],\"inLanguage\":\"de\"}]}<\/script>\n<!-- \/ Yoast SEO plugin. -->","yoast_head_json":{"title":"Schubladengriffaufh\u00e4nger Holz Messing","description":"Der Schubladengriff Hanger Wood and Brass antik 52 mm ist aus unbehandeltem Holz gefertigt. Der Schubladengriff besteht ebenfalls aus Zamak* mit einem antiken Messingfinish.","robots":{"index":"index","follow":"follow","max-snippet":"max-snippet:-1","max-image-preview":"max-image-preview:large","max-video-preview":"max-video-preview:-1"},"canonical":"https:\/\/partsandpieces.nl\/de\/produkt\/schubladengriffaufhanger-aus-holz-und-messing-antik-52-mm\/","og_locale":"de_DE","og_type":"article","og_title":"Ladegreep Hanger Hout Messing","og_description":"Ladegreep Hanger Hout en Messing antiek 52mm is gemaakt van onbehandeld hout. De ladetrekker is verder gemaakt van zamak* met een antieke messing finish.","og_url":"https:\/\/partsandpieces.nl\/de\/produkt\/schubladengriffaufhanger-aus-holz-und-messing-antik-52-mm\/","og_site_name":"Parts &amp; Pieces","article_modified_time":"2024-11-26T11:05:28+00:00","og_image":[{"width":417,"height":417,"url":"https:\/\/partsandpieces.nl\/wp-content\/uploads\/2020\/07\/Ladegreep-Hanger-Hout-en-Messing-antiek-52mm-1.jpg","type":"image\/jpeg"}],"twitter_card":"summary_large_image","twitter_misc":{"Gesch\u00e4tzte Lesezeit":"1\u00a0Minute"},"schema":{"@context":"https:\/\/schema.org","@graph":[{"@type":"WebPage","@id":"https:\/\/partsandpieces.nl\/product\/ladegreep-hanger-hout-en-messing-antiek-52mm\/","url":"https:\/\/partsandpieces.nl\/product\/ladegreep-hanger-hout-en-messing-antiek-52mm\/","name":"Schubladengriffaufh\u00e4nger Holz Messing","isPartOf":{"@id":"https:\/\/partsandpieces.nl\/#website"},"primaryImageOfPage":{"@id":"https:\/\/partsandpieces.nl\/product\/ladegreep-hanger-hout-en-messing-antiek-52mm\/#primaryimage"},"image":{"@id":"https:\/\/partsandpieces.nl\/product\/ladegreep-hanger-hout-en-messing-antiek-52mm\/#primaryimage"},"thumbnailUrl":"https:\/\/partsandpieces.nl\/wp-content\/uploads\/2020\/07\/Ladegreep-Hanger-Hout-en-Messing-antiek-52mm-1.jpg","datePublished":"2020-07-13T15:23:28+00:00","dateModified":"2024-11-26T11:05:28+00:00","description":"Der Schubladengriff Hanger Wood and Brass antik 52 mm ist aus unbehandeltem Holz gefertigt. Der Schubladengriff besteht ebenfalls aus Zamak* mit einem antiken Messingfinish.","breadcrumb":{"@id":"https:\/\/partsandpieces.nl\/product\/ladegreep-hanger-hout-en-messing-antiek-52mm\/#breadcrumb"},"inLanguage":"de","potentialAction":[{"@type":"ReadAction","target":["https:\/\/partsandpieces.nl\/product\/ladegreep-hanger-hout-en-messing-antiek-52mm\/"]}]},{"@type":"ImageObject","inLanguage":"de","@id":"https:\/\/partsandpieces.nl\/product\/ladegreep-hanger-hout-en-messing-antiek-52mm\/#primaryimage","url":"https:\/\/partsandpieces.nl\/wp-content\/uploads\/2020\/07\/Ladegreep-Hanger-Hout-en-Messing-antiek-52mm-1.jpg","contentUrl":"https:\/\/partsandpieces.nl\/wp-content\/uploads\/2020\/07\/Ladegreep-Hanger-Hout-en-Messing-antiek-52mm-1.jpg","width":417,"height":417,"caption":"Ladegreep Hanger Hout en Messing antiek 52mm 1"},{"@type":"BreadcrumbList","@id":"https:\/\/partsandpieces.nl\/product\/ladegreep-hanger-hout-en-messing-antiek-52mm\/#breadcrumb","itemListElement":[{"@type":"ListItem","position":1,"name":"Home","item":"https:\/\/partsandpieces.nl\/home\/"},{"@type":"ListItem","position":2,"name":"Winkel","item":"https:\/\/partsandpieces.nl\/winkel\/"},{"@type":"ListItem","position":3,"name":"Ladegreep Hanger Hout en Messing antiek 52mm"}]},{"@type":"WebSite","@id":"https:\/\/partsandpieces.nl\/#website","url":"https:\/\/partsandpieces.nl\/","name":"Teile &amp; St\u00fccke","description":"Alles f\u00fcr Ihre M\u00f6belrestaurierung und -pflege!","potentialAction":[{"@type":"SearchAction","target":{"@type":"EntryPoint","urlTemplate":"https:\/\/partsandpieces.nl\/?s={search_term_string}"},"query-input":{"@type":"PropertyValueSpecification","valueRequired":true,"valueName":"search_term_string"}}],"inLanguage":"de"}]}},"_links":{"self":[{"href":"https:\/\/partsandpieces.nl\/de\/wp-json\/wp\/v2\/product\/413","targetHints":{"allow":["GET"]}}],"collection":[{"href":"https:\/\/partsandpieces.nl\/de\/wp-json\/wp\/v2\/product"}],"about":[{"href":"https:\/\/partsandpieces.nl\/de\/wp-json\/wp\/v2\/types\/product"}],"wp:featuredmedia":[{"embeddable":true,"href":"https:\/\/partsandpieces.nl\/de\/wp-json\/wp\/v2\/media\/6405"}],"wp:attachment":[{"href":"https:\/\/partsandpieces.nl\/de\/wp-json\/wp\/v2\/media?parent=413"}],"wp:term":[{"taxonomy":"product_brand","embeddable":true,"href":"https:\/\/partsandpieces.nl\/de\/wp-json\/wp\/v2\/product_brand?post=413"},{"taxonomy":"product_cat","embeddable":true,"href":"https:\/\/partsandpieces.nl\/de\/wp-json\/wp\/v2\/product_cat?post=413"},{"taxonomy":"product_tag","embeddable":true,"href":"https:\/\/partsandpieces.nl\/de\/wp-json\/wp\/v2\/product_tag?post=413"}],"curies":[{"name":"wp","href":"https:\/\/api.w.org\/{rel}","templated":true}]}}