{"id":419,"date":"2020-07-13T15:31:04","date_gmt":"2020-07-13T15:31:04","guid":{"rendered":"https:\/\/partsandpieces.bonsaidev.nl\/?product=hangertje-20x72-mm-zam"},"modified":"2025-06-28T10:16:32","modified_gmt":"2025-06-28T08:16:32","slug":"schubladengriffanhanger-messing-antik-61mm","status":"publish","type":"product","link":"https:\/\/partsandpieces.nl\/de\/product\/ladetrekker-hangertje-messing-antiek-61mm\/","title":{"rendered":"Schubladenzieher-Aufh\u00e4nger, Messing, antik, 61 mm"},"content":{"rendered":"<p><strong>Schubladenzieher-Aufh\u00e4nger, Messing, antik, 61 mm<\/strong> ist ein klassischer Schubladengriff in Form eines Kleiderb\u00fcgels. Der Anh\u00e4nger hat ein antikes Messingfinish. Der Schubladengriff besteht aus einem Kleiderb\u00fcgel, der in einem drapierten Tuch endet. Die Montageplatte ist rund und mit einer Verzierung aus kleinen Kugeln versehen. Das Erscheinungsbild des Knaufs ist gl\u00e4nzend patiniert, antik. Dieser Kleiderb\u00fcgel passt gut auf Ihre antike oder klassische Schublade.<\/p>\n<p>Dieser hochwertige Schubladenauszieher wird in Italien hergestellt.<\/p>\n<p><strong>Ma\u00dfe<br \/>\n<\/strong>Der Schubladengriff-Aufh\u00e4nger Messing Antik 61 mm hat eine Gesamtl\u00e4nge von 61 mm. Der Anh\u00e4nger ist 53 mm lang. Nach der Installation steht dieser Kleiderb\u00fcgel 18 mm \u00fcber. Die Montageplatte hat einen Durchmesser von 20 mm.<\/p>\n<p><strong>Bearbeiten<br \/>\n<\/strong>Sie k\u00f6nnen den Taster mit blind montieren\u00a0<span style=\"text-decoration: underline;\"><a href=\"https:\/\/partsandpieces.nl\/de\/produkt\/schraube-edelstahl-fur-blindmontageknopf-20x4mm-20-stuck\/\">Edelstahlschraube f\u00fcr Blindbefestigungsknopf (20x4mm)<\/a><\/span>. Ich schicke diese Schraube <strong>FREI<\/strong>\u00a0mit Ihrer Bestellung.<\/p>","protected":false},"excerpt":{"rendered":"<p>Ladetrekker Hangertje Messing Antiek 61mm is een klassieke ladetrekker in de vorm van een hangertje. Het hangertje heeft een antieke messing afwerking. De ladetrekker bestaat uit een hanger die uitloopt in een gedrapeerd doek. Het bevestigingsplaatje is rond met een versiering van kleine bolletjes. De uitstraling van de knop is glanzend gepatineerd antiek. Deze hanger [&hellip;]<\/p>\n","protected":false},"featured_media":5672,"template":"","meta":{"_acf_changed":false},"product_brand":[],"product_cat":[31,23],"product_tag":[],"class_list":{"0":"post-419","1":"product","2":"type-product","3":"status-publish","4":"has-post-thumbnail","6":"product_cat-hangers-voor-lades-en-deuren","7":"product_cat-meubelbeslag","9":"first","10":"instock","11":"taxable","12":"shipping-taxable","13":"purchasable","14":"product-type-simple"},"acf":[],"yoast_head":"<!-- This site is optimized with the Yoast SEO plugin v27.3 - https:\/\/yoast.com\/product\/yoast-seo-wordpress\/ -->\n<title>Hangertje Messing Antiek 61mm<\/title>\n<meta name=\"description\" content=\"Ladetrekker Hangertje Messing Antiek 61mm is een klassieke ladetrekker in de vorm van een hangertje. Deze hanger past goed op je antieke of klassieke lade.\" \/>\n<meta name=\"robots\" content=\"index, follow, max-snippet:-1, max-image-preview:large, max-video-preview:-1\" \/>\n<link rel=\"canonical\" href=\"https:\/\/partsandpieces.nl\/de\/produkt\/schubladengriffanhanger-messing-antik-61mm\/\" \/>\n<meta property=\"og:locale\" content=\"de_DE\" \/>\n<meta property=\"og:type\" content=\"article\" \/>\n<meta property=\"og:title\" content=\"Hangertje Messing Antiek 61mm\" \/>\n<meta property=\"og:description\" content=\"Ladetrekker Hangertje Messing Antiek 61mm is een klassieke ladetrekker in de vorm van een hangertje. Deze hanger past goed op je antieke of klassieke lade.\" \/>\n<meta property=\"og:url\" content=\"https:\/\/partsandpieces.nl\/de\/produkt\/schubladengriffanhanger-messing-antik-61mm\/\" \/>\n<meta property=\"og:site_name\" content=\"Parts &amp; Pieces\" \/>\n<meta property=\"article:modified_time\" content=\"2025-06-28T08:16:32+00:00\" \/>\n<meta property=\"og:image\" content=\"https:\/\/partsandpieces.nl\/wp-content\/uploads\/2020\/07\/Ladetrekker-Hangertje-Messing-Antiek-61mm.jpg\" \/>\n\t<meta property=\"og:image:width\" content=\"373\" \/>\n\t<meta property=\"og:image:height\" content=\"375\" \/>\n\t<meta property=\"og:image:type\" content=\"image\/jpeg\" \/>\n<meta name=\"twitter:card\" content=\"summary_large_image\" \/>\n<meta name=\"twitter:label1\" content=\"Gesch\u00e4tzte Lesezeit\" \/>\n\t<meta name=\"twitter:data1\" content=\"1\u00a0Minute\" \/>\n<script type=\"application\/ld+json\" class=\"yoast-schema-graph\">{\"@context\":\"https:\\\/\\\/schema.org\",\"@graph\":[{\"@type\":\"WebPage\",\"@id\":\"https:\\\/\\\/partsandpieces.nl\\\/product\\\/ladetrekker-hangertje-messing-antiek-61mm\\\/\",\"url\":\"https:\\\/\\\/partsandpieces.nl\\\/product\\\/ladetrekker-hangertje-messing-antiek-61mm\\\/\",\"name\":\"Hangertje Messing Antiek 61mm\",\"isPartOf\":{\"@id\":\"https:\\\/\\\/partsandpieces.nl\\\/#website\"},\"primaryImageOfPage\":{\"@id\":\"https:\\\/\\\/partsandpieces.nl\\\/product\\\/ladetrekker-hangertje-messing-antiek-61mm\\\/#primaryimage\"},\"image\":{\"@id\":\"https:\\\/\\\/partsandpieces.nl\\\/product\\\/ladetrekker-hangertje-messing-antiek-61mm\\\/#primaryimage\"},\"thumbnailUrl\":\"https:\\\/\\\/partsandpieces.nl\\\/wp-content\\\/uploads\\\/2020\\\/07\\\/Ladetrekker-Hangertje-Messing-Antiek-61mm.jpg\",\"datePublished\":\"2020-07-13T15:31:04+00:00\",\"dateModified\":\"2025-06-28T08:16:32+00:00\",\"description\":\"Ladetrekker Hangertje Messing Antiek 61mm is een klassieke ladetrekker in de vorm van een hangertje. Deze hanger past goed op je antieke of klassieke lade.\",\"breadcrumb\":{\"@id\":\"https:\\\/\\\/partsandpieces.nl\\\/product\\\/ladetrekker-hangertje-messing-antiek-61mm\\\/#breadcrumb\"},\"inLanguage\":\"de\",\"potentialAction\":[{\"@type\":\"ReadAction\",\"target\":[\"https:\\\/\\\/partsandpieces.nl\\\/product\\\/ladetrekker-hangertje-messing-antiek-61mm\\\/\"]}]},{\"@type\":\"ImageObject\",\"inLanguage\":\"de\",\"@id\":\"https:\\\/\\\/partsandpieces.nl\\\/product\\\/ladetrekker-hangertje-messing-antiek-61mm\\\/#primaryimage\",\"url\":\"https:\\\/\\\/partsandpieces.nl\\\/wp-content\\\/uploads\\\/2020\\\/07\\\/Ladetrekker-Hangertje-Messing-Antiek-61mm.jpg\",\"contentUrl\":\"https:\\\/\\\/partsandpieces.nl\\\/wp-content\\\/uploads\\\/2020\\\/07\\\/Ladetrekker-Hangertje-Messing-Antiek-61mm.jpg\",\"width\":373,\"height\":375,\"caption\":\"Ladetrekker Hangertje Messing Antiek 61mm\"},{\"@type\":\"BreadcrumbList\",\"@id\":\"https:\\\/\\\/partsandpieces.nl\\\/product\\\/ladetrekker-hangertje-messing-antiek-61mm\\\/#breadcrumb\",\"itemListElement\":[{\"@type\":\"ListItem\",\"position\":1,\"name\":\"Home\",\"item\":\"https:\\\/\\\/partsandpieces.nl\\\/home\\\/\"},{\"@type\":\"ListItem\",\"position\":2,\"name\":\"Winkel\",\"item\":\"https:\\\/\\\/partsandpieces.nl\\\/winkel\\\/\"},{\"@type\":\"ListItem\",\"position\":3,\"name\":\"Ladetrekker Hangertje Messing Antiek 61mm\"}]},{\"@type\":\"WebSite\",\"@id\":\"https:\\\/\\\/partsandpieces.nl\\\/#website\",\"url\":\"https:\\\/\\\/partsandpieces.nl\\\/\",\"name\":\"Parts &amp; Pieces\",\"description\":\"Alles voor uw meubelrestauratie en -onderhoud!\",\"potentialAction\":[{\"@type\":\"SearchAction\",\"target\":{\"@type\":\"EntryPoint\",\"urlTemplate\":\"https:\\\/\\\/partsandpieces.nl\\\/?s={search_term_string}\"},\"query-input\":{\"@type\":\"PropertyValueSpecification\",\"valueRequired\":true,\"valueName\":\"search_term_string\"}}],\"inLanguage\":\"de\"}]}<\/script>\n<!-- \/ Yoast SEO plugin. -->","yoast_head_json":{"title":"Anh\u00e4nger Messing Antik 61mm","description":"Schubladengriff-Aufh\u00e4nger Messing Antik 61 mm ist ein klassischer Schubladengriff in Form eines Kleiderb\u00fcgels. Dieser Kleiderb\u00fcgel passt gut auf Ihre antike oder klassische Schublade.","robots":{"index":"index","follow":"follow","max-snippet":"max-snippet:-1","max-image-preview":"max-image-preview:large","max-video-preview":"max-video-preview:-1"},"canonical":"https:\/\/partsandpieces.nl\/de\/produkt\/schubladengriffanhanger-messing-antik-61mm\/","og_locale":"de_DE","og_type":"article","og_title":"Hangertje Messing Antiek 61mm","og_description":"Ladetrekker Hangertje Messing Antiek 61mm is een klassieke ladetrekker in de vorm van een hangertje. Deze hanger past goed op je antieke of klassieke lade.","og_url":"https:\/\/partsandpieces.nl\/de\/produkt\/schubladengriffanhanger-messing-antik-61mm\/","og_site_name":"Parts &amp; Pieces","article_modified_time":"2025-06-28T08:16:32+00:00","og_image":[{"width":373,"height":375,"url":"https:\/\/partsandpieces.nl\/wp-content\/uploads\/2020\/07\/Ladetrekker-Hangertje-Messing-Antiek-61mm.jpg","type":"image\/jpeg"}],"twitter_card":"summary_large_image","twitter_misc":{"Gesch\u00e4tzte Lesezeit":"1\u00a0Minute"},"schema":{"@context":"https:\/\/schema.org","@graph":[{"@type":"WebPage","@id":"https:\/\/partsandpieces.nl\/product\/ladetrekker-hangertje-messing-antiek-61mm\/","url":"https:\/\/partsandpieces.nl\/product\/ladetrekker-hangertje-messing-antiek-61mm\/","name":"Anh\u00e4nger Messing Antik 61mm","isPartOf":{"@id":"https:\/\/partsandpieces.nl\/#website"},"primaryImageOfPage":{"@id":"https:\/\/partsandpieces.nl\/product\/ladetrekker-hangertje-messing-antiek-61mm\/#primaryimage"},"image":{"@id":"https:\/\/partsandpieces.nl\/product\/ladetrekker-hangertje-messing-antiek-61mm\/#primaryimage"},"thumbnailUrl":"https:\/\/partsandpieces.nl\/wp-content\/uploads\/2020\/07\/Ladetrekker-Hangertje-Messing-Antiek-61mm.jpg","datePublished":"2020-07-13T15:31:04+00:00","dateModified":"2025-06-28T08:16:32+00:00","description":"Schubladengriff-Aufh\u00e4nger Messing Antik 61 mm ist ein klassischer Schubladengriff in Form eines Kleiderb\u00fcgels. Dieser Kleiderb\u00fcgel passt gut auf Ihre antike oder klassische Schublade.","breadcrumb":{"@id":"https:\/\/partsandpieces.nl\/product\/ladetrekker-hangertje-messing-antiek-61mm\/#breadcrumb"},"inLanguage":"de","potentialAction":[{"@type":"ReadAction","target":["https:\/\/partsandpieces.nl\/product\/ladetrekker-hangertje-messing-antiek-61mm\/"]}]},{"@type":"ImageObject","inLanguage":"de","@id":"https:\/\/partsandpieces.nl\/product\/ladetrekker-hangertje-messing-antiek-61mm\/#primaryimage","url":"https:\/\/partsandpieces.nl\/wp-content\/uploads\/2020\/07\/Ladetrekker-Hangertje-Messing-Antiek-61mm.jpg","contentUrl":"https:\/\/partsandpieces.nl\/wp-content\/uploads\/2020\/07\/Ladetrekker-Hangertje-Messing-Antiek-61mm.jpg","width":373,"height":375,"caption":"Ladetrekker Hangertje Messing Antiek 61mm"},{"@type":"BreadcrumbList","@id":"https:\/\/partsandpieces.nl\/product\/ladetrekker-hangertje-messing-antiek-61mm\/#breadcrumb","itemListElement":[{"@type":"ListItem","position":1,"name":"Home","item":"https:\/\/partsandpieces.nl\/home\/"},{"@type":"ListItem","position":2,"name":"Winkel","item":"https:\/\/partsandpieces.nl\/winkel\/"},{"@type":"ListItem","position":3,"name":"Ladetrekker Hangertje Messing Antiek 61mm"}]},{"@type":"WebSite","@id":"https:\/\/partsandpieces.nl\/#website","url":"https:\/\/partsandpieces.nl\/","name":"Teile &amp; St\u00fccke","description":"Alles f\u00fcr Ihre M\u00f6belrestaurierung und -pflege!","potentialAction":[{"@type":"SearchAction","target":{"@type":"EntryPoint","urlTemplate":"https:\/\/partsandpieces.nl\/?s={search_term_string}"},"query-input":{"@type":"PropertyValueSpecification","valueRequired":true,"valueName":"search_term_string"}}],"inLanguage":"de"}]}},"_links":{"self":[{"href":"https:\/\/partsandpieces.nl\/de\/wp-json\/wp\/v2\/product\/419","targetHints":{"allow":["GET"]}}],"collection":[{"href":"https:\/\/partsandpieces.nl\/de\/wp-json\/wp\/v2\/product"}],"about":[{"href":"https:\/\/partsandpieces.nl\/de\/wp-json\/wp\/v2\/types\/product"}],"wp:featuredmedia":[{"embeddable":true,"href":"https:\/\/partsandpieces.nl\/de\/wp-json\/wp\/v2\/media\/5672"}],"wp:attachment":[{"href":"https:\/\/partsandpieces.nl\/de\/wp-json\/wp\/v2\/media?parent=419"}],"wp:term":[{"taxonomy":"product_brand","embeddable":true,"href":"https:\/\/partsandpieces.nl\/de\/wp-json\/wp\/v2\/product_brand?post=419"},{"taxonomy":"product_cat","embeddable":true,"href":"https:\/\/partsandpieces.nl\/de\/wp-json\/wp\/v2\/product_cat?post=419"},{"taxonomy":"product_tag","embeddable":true,"href":"https:\/\/partsandpieces.nl\/de\/wp-json\/wp\/v2\/product_tag?post=419"}],"curies":[{"name":"wp","href":"https:\/\/api.w.org\/{rel}","templated":true}]}}