{"id":423,"date":"2020-07-13T15:41:32","date_gmt":"2020-07-13T15:41:32","guid":{"rendered":"https:\/\/partsandpieces.bonsaidev.nl\/?product=hangertje-pors-30x45"},"modified":"2024-11-26T12:05:33","modified_gmt":"2024-11-26T11:05:33","slug":"schubladengriff-aufhanger-aus-rostigem-eisen-mit-limoges-porzellan-38-mm","status":"publish","type":"product","link":"https:\/\/partsandpieces.nl\/de\/product\/ladegreep-hanger-ijzer-roest-met-porcelain-de-limoges-38mm\/","title":{"rendered":"Schubladengriff Kleiderb\u00fcgel Eisenrost mit Porzellan de Limoges 38mm"},"content":{"rendered":"<p><strong>Schubladengriff Kleiderb\u00fcgel Eisenrost mit Porzellan de Limoges 38mm<\/strong> ist ein klassischer Schubladengriff in Form eines Kleiderb\u00fcgels aus Eisen mit rostiger Oberfl\u00e4che. Der Anh\u00e4nger besteht aus echtem Porzellan aus Limoges, Frankreich: Porcelain de Limoges. Die Montageplatte hat eine Bl\u00fctenform mit 6 \u201eBl\u00fctenbl\u00e4ttern\u201c. Dieser Kleiderb\u00fcgel passt gut auf Ihre antike oder klassische Schublade.<\/p>\n<p>Dieser hochwertige Schubladenauszieher wird in Italien hergestellt.<\/p>\n<p><strong>Ma\u00dfe<br \/>\n<\/strong>Schubladengriff Kleiderb\u00fcgel Eisenrost mit Porzellan de Limoges 38 mm hat eine Gesamth\u00f6he von 38 mm. Der Durchmesser der Montageplatte betr\u00e4gt 28 mm und der Durchmesser des Porzellananh\u00e4ngers betr\u00e4gt 20 mm.<\/p>\n<p><strong>Bearbeiten<br \/>\n<\/strong>Sie k\u00f6nnen den Kleiderb\u00fcgel mit der mitgelieferten Schraube blind montieren.<\/p>","protected":false},"excerpt":{"rendered":"<p>Ladegreep Hanger IJzer roest met Porcelain de Limoges 38mm is een klassieke ladetrekker in de vorm van een hangertje gemaakt van ijzer met een roestige finish. De hanger is gemaakt van echt porselein uit Limoges, Frankrijk: Porcelain de Limoges. Het bevestigingsplaatje heeft een bloemvorm met 6 &#8216;blaadjes&#8217;. Deze hanger past goed op je antieke of [&hellip;]<\/p>\n","protected":false},"featured_media":6755,"template":"","meta":{"_acf_changed":false},"product_brand":[],"product_cat":[31,23],"product_tag":[],"class_list":{"0":"post-423","1":"product","2":"type-product","3":"status-publish","4":"has-post-thumbnail","6":"product_cat-hangers-voor-lades-en-deuren","7":"product_cat-meubelbeslag","9":"first","10":"instock","11":"taxable","12":"shipping-taxable","13":"purchasable","14":"product-type-simple"},"acf":[],"yoast_head":"<!-- This site is optimized with the Yoast SEO plugin v27.3 - https:\/\/yoast.com\/product\/yoast-seo-wordpress\/ -->\n<title>Ladegreep Hanger Porcelain de Limoges<\/title>\n<meta name=\"description\" content=\"Ladegreep Hanger IJzer roest met Porcelain de Limoges 38mm is van ijzer. De hanger is van porselein uit Limoges, Frankrijk: Porcelain de Limoges.\" \/>\n<meta name=\"robots\" content=\"index, follow, max-snippet:-1, max-image-preview:large, max-video-preview:-1\" \/>\n<link rel=\"canonical\" href=\"https:\/\/partsandpieces.nl\/de\/produkt\/schubladengriff-aufhanger-aus-rostigem-eisen-mit-limoges-porzellan-38-mm\/\" \/>\n<meta property=\"og:locale\" content=\"de_DE\" \/>\n<meta property=\"og:type\" content=\"article\" \/>\n<meta property=\"og:title\" content=\"Ladegreep Hanger Porcelain de Limoges\" \/>\n<meta property=\"og:description\" content=\"Ladegreep Hanger IJzer roest met Porcelain de Limoges 38mm is van ijzer. De hanger is van porselein uit Limoges, Frankrijk: Porcelain de Limoges.\" \/>\n<meta property=\"og:url\" content=\"https:\/\/partsandpieces.nl\/de\/produkt\/schubladengriff-aufhanger-aus-rostigem-eisen-mit-limoges-porzellan-38-mm\/\" \/>\n<meta property=\"og:site_name\" content=\"Parts &amp; Pieces\" \/>\n<meta property=\"article:modified_time\" content=\"2024-11-26T11:05:33+00:00\" \/>\n<meta property=\"og:image\" content=\"https:\/\/partsandpieces.nl\/wp-content\/uploads\/2020\/07\/Ladegreep-Hanger-IJzer-roest-met-Porcelain-de-Limoges-38mm.jpg\" \/>\n\t<meta property=\"og:image:width\" content=\"422\" \/>\n\t<meta property=\"og:image:height\" content=\"420\" \/>\n\t<meta property=\"og:image:type\" content=\"image\/jpeg\" \/>\n<meta name=\"twitter:card\" content=\"summary_large_image\" \/>\n<meta name=\"twitter:label1\" content=\"Gesch\u00e4tzte Lesezeit\" \/>\n\t<meta name=\"twitter:data1\" content=\"1\u00a0Minute\" \/>\n<script type=\"application\/ld+json\" class=\"yoast-schema-graph\">{\"@context\":\"https:\\\/\\\/schema.org\",\"@graph\":[{\"@type\":\"WebPage\",\"@id\":\"https:\\\/\\\/partsandpieces.nl\\\/product\\\/ladegreep-hanger-ijzer-roest-met-porcelain-de-limoges-38mm\\\/\",\"url\":\"https:\\\/\\\/partsandpieces.nl\\\/product\\\/ladegreep-hanger-ijzer-roest-met-porcelain-de-limoges-38mm\\\/\",\"name\":\"Ladegreep Hanger Porcelain de Limoges\",\"isPartOf\":{\"@id\":\"https:\\\/\\\/partsandpieces.nl\\\/#website\"},\"primaryImageOfPage\":{\"@id\":\"https:\\\/\\\/partsandpieces.nl\\\/product\\\/ladegreep-hanger-ijzer-roest-met-porcelain-de-limoges-38mm\\\/#primaryimage\"},\"image\":{\"@id\":\"https:\\\/\\\/partsandpieces.nl\\\/product\\\/ladegreep-hanger-ijzer-roest-met-porcelain-de-limoges-38mm\\\/#primaryimage\"},\"thumbnailUrl\":\"https:\\\/\\\/partsandpieces.nl\\\/wp-content\\\/uploads\\\/2020\\\/07\\\/Ladegreep-Hanger-IJzer-roest-met-Porcelain-de-Limoges-38mm.jpg\",\"datePublished\":\"2020-07-13T15:41:32+00:00\",\"dateModified\":\"2024-11-26T11:05:33+00:00\",\"description\":\"Ladegreep Hanger IJzer roest met Porcelain de Limoges 38mm is van ijzer. De hanger is van porselein uit Limoges, Frankrijk: Porcelain de Limoges.\",\"breadcrumb\":{\"@id\":\"https:\\\/\\\/partsandpieces.nl\\\/product\\\/ladegreep-hanger-ijzer-roest-met-porcelain-de-limoges-38mm\\\/#breadcrumb\"},\"inLanguage\":\"de\",\"potentialAction\":[{\"@type\":\"ReadAction\",\"target\":[\"https:\\\/\\\/partsandpieces.nl\\\/product\\\/ladegreep-hanger-ijzer-roest-met-porcelain-de-limoges-38mm\\\/\"]}]},{\"@type\":\"ImageObject\",\"inLanguage\":\"de\",\"@id\":\"https:\\\/\\\/partsandpieces.nl\\\/product\\\/ladegreep-hanger-ijzer-roest-met-porcelain-de-limoges-38mm\\\/#primaryimage\",\"url\":\"https:\\\/\\\/partsandpieces.nl\\\/wp-content\\\/uploads\\\/2020\\\/07\\\/Ladegreep-Hanger-IJzer-roest-met-Porcelain-de-Limoges-38mm.jpg\",\"contentUrl\":\"https:\\\/\\\/partsandpieces.nl\\\/wp-content\\\/uploads\\\/2020\\\/07\\\/Ladegreep-Hanger-IJzer-roest-met-Porcelain-de-Limoges-38mm.jpg\",\"width\":422,\"height\":420,\"caption\":\"Ladegreep Hanger IJzer roest met Porcelain de Limoges 38mm\"},{\"@type\":\"BreadcrumbList\",\"@id\":\"https:\\\/\\\/partsandpieces.nl\\\/product\\\/ladegreep-hanger-ijzer-roest-met-porcelain-de-limoges-38mm\\\/#breadcrumb\",\"itemListElement\":[{\"@type\":\"ListItem\",\"position\":1,\"name\":\"Home\",\"item\":\"https:\\\/\\\/partsandpieces.nl\\\/home\\\/\"},{\"@type\":\"ListItem\",\"position\":2,\"name\":\"Winkel\",\"item\":\"https:\\\/\\\/partsandpieces.nl\\\/winkel\\\/\"},{\"@type\":\"ListItem\",\"position\":3,\"name\":\"Ladegreep Hanger IJzer roest met Porcelain de Limoges 38mm\"}]},{\"@type\":\"WebSite\",\"@id\":\"https:\\\/\\\/partsandpieces.nl\\\/#website\",\"url\":\"https:\\\/\\\/partsandpieces.nl\\\/\",\"name\":\"Parts &amp; Pieces\",\"description\":\"Alles voor uw meubelrestauratie en -onderhoud!\",\"potentialAction\":[{\"@type\":\"SearchAction\",\"target\":{\"@type\":\"EntryPoint\",\"urlTemplate\":\"https:\\\/\\\/partsandpieces.nl\\\/?s={search_term_string}\"},\"query-input\":{\"@type\":\"PropertyValueSpecification\",\"valueRequired\":true,\"valueName\":\"search_term_string\"}}],\"inLanguage\":\"de\"}]}<\/script>\n<!-- \/ Yoast SEO plugin. -->","yoast_head_json":{"title":"Schubladengriff-Aufh\u00e4nger aus Limoges-Porzellan","description":"Schubladengriff Kleiderb\u00fcgel Eisenrost mit Porzellan de Limoges 38mm ist aus Eisen gefertigt. Der Anh\u00e4nger besteht aus Porzellan aus Limoges, Frankreich: Porcelain de Limoges.","robots":{"index":"index","follow":"follow","max-snippet":"max-snippet:-1","max-image-preview":"max-image-preview:large","max-video-preview":"max-video-preview:-1"},"canonical":"https:\/\/partsandpieces.nl\/de\/produkt\/schubladengriff-aufhanger-aus-rostigem-eisen-mit-limoges-porzellan-38-mm\/","og_locale":"de_DE","og_type":"article","og_title":"Ladegreep Hanger Porcelain de Limoges","og_description":"Ladegreep Hanger IJzer roest met Porcelain de Limoges 38mm is van ijzer. De hanger is van porselein uit Limoges, Frankrijk: Porcelain de Limoges.","og_url":"https:\/\/partsandpieces.nl\/de\/produkt\/schubladengriff-aufhanger-aus-rostigem-eisen-mit-limoges-porzellan-38-mm\/","og_site_name":"Parts &amp; Pieces","article_modified_time":"2024-11-26T11:05:33+00:00","og_image":[{"width":422,"height":420,"url":"https:\/\/partsandpieces.nl\/wp-content\/uploads\/2020\/07\/Ladegreep-Hanger-IJzer-roest-met-Porcelain-de-Limoges-38mm.jpg","type":"image\/jpeg"}],"twitter_card":"summary_large_image","twitter_misc":{"Gesch\u00e4tzte Lesezeit":"1\u00a0Minute"},"schema":{"@context":"https:\/\/schema.org","@graph":[{"@type":"WebPage","@id":"https:\/\/partsandpieces.nl\/product\/ladegreep-hanger-ijzer-roest-met-porcelain-de-limoges-38mm\/","url":"https:\/\/partsandpieces.nl\/product\/ladegreep-hanger-ijzer-roest-met-porcelain-de-limoges-38mm\/","name":"Schubladengriff-Aufh\u00e4nger aus Limoges-Porzellan","isPartOf":{"@id":"https:\/\/partsandpieces.nl\/#website"},"primaryImageOfPage":{"@id":"https:\/\/partsandpieces.nl\/product\/ladegreep-hanger-ijzer-roest-met-porcelain-de-limoges-38mm\/#primaryimage"},"image":{"@id":"https:\/\/partsandpieces.nl\/product\/ladegreep-hanger-ijzer-roest-met-porcelain-de-limoges-38mm\/#primaryimage"},"thumbnailUrl":"https:\/\/partsandpieces.nl\/wp-content\/uploads\/2020\/07\/Ladegreep-Hanger-IJzer-roest-met-Porcelain-de-Limoges-38mm.jpg","datePublished":"2020-07-13T15:41:32+00:00","dateModified":"2024-11-26T11:05:33+00:00","description":"Schubladengriff Kleiderb\u00fcgel Eisenrost mit Porzellan de Limoges 38mm ist aus Eisen gefertigt. Der Anh\u00e4nger besteht aus Porzellan aus Limoges, Frankreich: Porcelain de Limoges.","breadcrumb":{"@id":"https:\/\/partsandpieces.nl\/product\/ladegreep-hanger-ijzer-roest-met-porcelain-de-limoges-38mm\/#breadcrumb"},"inLanguage":"de","potentialAction":[{"@type":"ReadAction","target":["https:\/\/partsandpieces.nl\/product\/ladegreep-hanger-ijzer-roest-met-porcelain-de-limoges-38mm\/"]}]},{"@type":"ImageObject","inLanguage":"de","@id":"https:\/\/partsandpieces.nl\/product\/ladegreep-hanger-ijzer-roest-met-porcelain-de-limoges-38mm\/#primaryimage","url":"https:\/\/partsandpieces.nl\/wp-content\/uploads\/2020\/07\/Ladegreep-Hanger-IJzer-roest-met-Porcelain-de-Limoges-38mm.jpg","contentUrl":"https:\/\/partsandpieces.nl\/wp-content\/uploads\/2020\/07\/Ladegreep-Hanger-IJzer-roest-met-Porcelain-de-Limoges-38mm.jpg","width":422,"height":420,"caption":"Ladegreep Hanger IJzer roest met Porcelain de Limoges 38mm"},{"@type":"BreadcrumbList","@id":"https:\/\/partsandpieces.nl\/product\/ladegreep-hanger-ijzer-roest-met-porcelain-de-limoges-38mm\/#breadcrumb","itemListElement":[{"@type":"ListItem","position":1,"name":"Home","item":"https:\/\/partsandpieces.nl\/home\/"},{"@type":"ListItem","position":2,"name":"Winkel","item":"https:\/\/partsandpieces.nl\/winkel\/"},{"@type":"ListItem","position":3,"name":"Ladegreep Hanger IJzer roest met Porcelain de Limoges 38mm"}]},{"@type":"WebSite","@id":"https:\/\/partsandpieces.nl\/#website","url":"https:\/\/partsandpieces.nl\/","name":"Teile &amp; St\u00fccke","description":"Alles f\u00fcr Ihre M\u00f6belrestaurierung und -pflege!","potentialAction":[{"@type":"SearchAction","target":{"@type":"EntryPoint","urlTemplate":"https:\/\/partsandpieces.nl\/?s={search_term_string}"},"query-input":{"@type":"PropertyValueSpecification","valueRequired":true,"valueName":"search_term_string"}}],"inLanguage":"de"}]}},"_links":{"self":[{"href":"https:\/\/partsandpieces.nl\/de\/wp-json\/wp\/v2\/product\/423","targetHints":{"allow":["GET"]}}],"collection":[{"href":"https:\/\/partsandpieces.nl\/de\/wp-json\/wp\/v2\/product"}],"about":[{"href":"https:\/\/partsandpieces.nl\/de\/wp-json\/wp\/v2\/types\/product"}],"wp:featuredmedia":[{"embeddable":true,"href":"https:\/\/partsandpieces.nl\/de\/wp-json\/wp\/v2\/media\/6755"}],"wp:attachment":[{"href":"https:\/\/partsandpieces.nl\/de\/wp-json\/wp\/v2\/media?parent=423"}],"wp:term":[{"taxonomy":"product_brand","embeddable":true,"href":"https:\/\/partsandpieces.nl\/de\/wp-json\/wp\/v2\/product_brand?post=423"},{"taxonomy":"product_cat","embeddable":true,"href":"https:\/\/partsandpieces.nl\/de\/wp-json\/wp\/v2\/product_cat?post=423"},{"taxonomy":"product_tag","embeddable":true,"href":"https:\/\/partsandpieces.nl\/de\/wp-json\/wp\/v2\/product_tag?post=423"}],"curies":[{"name":"wp","href":"https:\/\/api.w.org\/{rel}","templated":true}]}}