{"id":4242,"date":"2023-01-09T15:35:33","date_gmt":"2023-01-09T14:35:33","guid":{"rendered":"https:\/\/partsandpieces.nl\/?post_type=product&#038;p=4242"},"modified":"2025-06-27T14:00:49","modified_gmt":"2025-06-27T12:00:49","slug":"bormawachs-aerosolfarbe-fur-mobel-schwarz-farbe-60-ultramatt-0-gu","status":"publish","type":"product","link":"https:\/\/partsandpieces.nl\/de\/product\/borma-wachs-spuitbus-lak-voor-meubels-zwart-kleur-60-ultra-mat-0-gu\/","title":{"rendered":"Borma Wachs Holzspray M\u00f6bellack Spraydose SCHWARZ (Farbton 60) ultramatt (0 GU)"},"content":{"rendered":"<p><strong>Holzspray Spr\u00fchdosenlack f\u00fcr M\u00f6bel SCHWARZ ultramatt (0 GU)<\/strong> von <a href=\"https:\/\/bormawachs.com\/\">Borma Wachs<\/a> ist ein Retuschierlack in Spr\u00fchdose f\u00fcr Holz. Es trocknet schnell, ist langlebig und einfach in der Anwendung. Der Lack ist lichtbest\u00e4ndig und erm\u00f6glicht ein schnelles und effizientes Retuschieren auf jeder Holzoberfl\u00e4che. Drinnen oder drau\u00dfen. In der Spraydose <strong>400ml<\/strong> Lack.<\/p>\n<p><strong>Anweisungen<br \/>\n<\/strong>- F\u00fcllen mit <a href=\"https:\/\/partsandpieces.nl\/de\/produktkategorie-2\/oberflachenbehandlung-2\/flussiges-holz\/\"><span style=\"text-decoration: underline;\">Borma Wachs fl\u00fcssiges Holz<\/span><\/a> eventuelle Unebenheiten mit Schleifpapier schleifen und die Oberfl\u00e4che sorgf\u00e4ltig von Fett oder Schmutz befreien<br \/>\n\u2013 Vor dem Auftragen einige Minuten gut sch\u00fctteln. Wenn es sich um einen farbigen Lack handelt, \u00fcberpr\u00fcfen Sie die Farbe vor der Verwendung<br \/>\n\u2013 Spr\u00fchen Sie mehrmals leicht und kreuzen Sie die Spr\u00fchrichtung etwa 25-30 cm von der Oberfl\u00e4che entfernt<br \/>\n\u2013 Je nach Auftragsmenge 5-15 Minuten warten, um eine \u00dcberdosierung der schwarzen M\u00f6bellack-Spr\u00fchdose zu vermeiden. Nach Gebrauch die Dose auf den Kopf stellen und zur Reinigung der D\u00fcse spr\u00fchen.<\/p>","protected":false},"excerpt":{"rendered":"<p>Holzspray Spuitbus lak voor meubels ZWART ultra mat (0 GU) van Borma Wachs is een retoucheerlak in spuitbus voor hout. Het droogt snel, is duurzaam en makkelijk in gebruik. De lak is bestand tegen licht en maakt een snelle en effici\u00ebnte retouchering mogelijk op elk houten oppervlak. Binnen of buiten. In de spuitbus zit 400ml [&hellip;]<\/p>\n","protected":false},"featured_media":4241,"template":"","meta":{"_acf_changed":false},"product_brand":[],"product_cat":[64,70],"product_tag":[],"class_list":{"0":"post-4242","1":"product","2":"type-product","3":"status-publish","4":"has-post-thumbnail","6":"product_cat-oppervlakte-behandeling-borma-wachs","7":"product_cat-overige-lakken","9":"first","10":"instock","11":"taxable","12":"shipping-taxable","13":"purchasable","14":"product-type-simple"},"acf":[],"yoast_head":"<!-- This site is optimized with the Yoast SEO plugin v27.3 - https:\/\/yoast.com\/product\/yoast-seo-wordpress\/ -->\n<title>Spuitbus lak voor meubels ZWART van Borma Wachs<\/title>\n<meta name=\"description\" content=\"Spuitbus lak voor meubels ZWART ultra mat (0 GU) van Borma Wachs is een retoucheerlak in spuitbus voor hout. Droogt snel en is makkelijk in gebruik.\" \/>\n<meta name=\"robots\" content=\"index, follow, max-snippet:-1, max-image-preview:large, max-video-preview:-1\" \/>\n<link rel=\"canonical\" href=\"https:\/\/partsandpieces.nl\/de\/produkt\/bormawachs-aerosolfarbe-fur-mobel-schwarz-farbe-60-ultramatt-0-gu\/\" \/>\n<meta property=\"og:locale\" content=\"de_DE\" \/>\n<meta property=\"og:type\" content=\"article\" \/>\n<meta property=\"og:title\" content=\"Spuitbus lak voor meubels ZWART van Borma Wachs\" \/>\n<meta property=\"og:description\" content=\"Spuitbus lak voor meubels ZWART ultra mat (0 GU) van Borma Wachs is een retoucheerlak in spuitbus voor hout. Droogt snel en is makkelijk in gebruik.\" \/>\n<meta property=\"og:url\" content=\"https:\/\/partsandpieces.nl\/de\/produkt\/bormawachs-aerosolfarbe-fur-mobel-schwarz-farbe-60-ultramatt-0-gu\/\" \/>\n<meta property=\"og:site_name\" content=\"Parts &amp; Pieces\" \/>\n<meta property=\"article:modified_time\" content=\"2025-06-27T12:00:49+00:00\" \/>\n<meta property=\"og:image\" content=\"https:\/\/partsandpieces.nl\/wp-content\/uploads\/2020\/08\/0600XX.jpg\" \/>\n\t<meta property=\"og:image:width\" content=\"600\" \/>\n\t<meta property=\"og:image:height\" content=\"600\" \/>\n\t<meta property=\"og:image:type\" content=\"image\/jpeg\" \/>\n<meta name=\"twitter:card\" content=\"summary_large_image\" \/>\n<meta name=\"twitter:label1\" content=\"Gesch\u00e4tzte Lesezeit\" \/>\n\t<meta name=\"twitter:data1\" content=\"1\u00a0Minute\" \/>\n<script type=\"application\/ld+json\" class=\"yoast-schema-graph\">{\"@context\":\"https:\\\/\\\/schema.org\",\"@graph\":[{\"@type\":\"WebPage\",\"@id\":\"https:\\\/\\\/partsandpieces.nl\\\/product\\\/borma-wachs-spuitbus-lak-voor-meubels-zwart-kleur-60-ultra-mat-0-gu\\\/\",\"url\":\"https:\\\/\\\/partsandpieces.nl\\\/product\\\/borma-wachs-spuitbus-lak-voor-meubels-zwart-kleur-60-ultra-mat-0-gu\\\/\",\"name\":\"Spuitbus lak voor meubels ZWART van Borma Wachs\",\"isPartOf\":{\"@id\":\"https:\\\/\\\/partsandpieces.nl\\\/#website\"},\"primaryImageOfPage\":{\"@id\":\"https:\\\/\\\/partsandpieces.nl\\\/product\\\/borma-wachs-spuitbus-lak-voor-meubels-zwart-kleur-60-ultra-mat-0-gu\\\/#primaryimage\"},\"image\":{\"@id\":\"https:\\\/\\\/partsandpieces.nl\\\/product\\\/borma-wachs-spuitbus-lak-voor-meubels-zwart-kleur-60-ultra-mat-0-gu\\\/#primaryimage\"},\"thumbnailUrl\":\"https:\\\/\\\/partsandpieces.nl\\\/wp-content\\\/uploads\\\/2020\\\/08\\\/0600XX.jpg\",\"datePublished\":\"2023-01-09T14:35:33+00:00\",\"dateModified\":\"2025-06-27T12:00:49+00:00\",\"description\":\"Spuitbus lak voor meubels ZWART ultra mat (0 GU) van Borma Wachs is een retoucheerlak in spuitbus voor hout. Droogt snel en is makkelijk in gebruik.\",\"breadcrumb\":{\"@id\":\"https:\\\/\\\/partsandpieces.nl\\\/product\\\/borma-wachs-spuitbus-lak-voor-meubels-zwart-kleur-60-ultra-mat-0-gu\\\/#breadcrumb\"},\"inLanguage\":\"de\",\"potentialAction\":[{\"@type\":\"ReadAction\",\"target\":[\"https:\\\/\\\/partsandpieces.nl\\\/product\\\/borma-wachs-spuitbus-lak-voor-meubels-zwart-kleur-60-ultra-mat-0-gu\\\/\"]}]},{\"@type\":\"ImageObject\",\"inLanguage\":\"de\",\"@id\":\"https:\\\/\\\/partsandpieces.nl\\\/product\\\/borma-wachs-spuitbus-lak-voor-meubels-zwart-kleur-60-ultra-mat-0-gu\\\/#primaryimage\",\"url\":\"https:\\\/\\\/partsandpieces.nl\\\/wp-content\\\/uploads\\\/2020\\\/08\\\/0600XX.jpg\",\"contentUrl\":\"https:\\\/\\\/partsandpieces.nl\\\/wp-content\\\/uploads\\\/2020\\\/08\\\/0600XX.jpg\",\"width\":600,\"height\":600,\"caption\":\"Borma Wachs Spuitbus lak voor meubels\"},{\"@type\":\"BreadcrumbList\",\"@id\":\"https:\\\/\\\/partsandpieces.nl\\\/product\\\/borma-wachs-spuitbus-lak-voor-meubels-zwart-kleur-60-ultra-mat-0-gu\\\/#breadcrumb\",\"itemListElement\":[{\"@type\":\"ListItem\",\"position\":1,\"name\":\"Home\",\"item\":\"https:\\\/\\\/partsandpieces.nl\\\/home\\\/\"},{\"@type\":\"ListItem\",\"position\":2,\"name\":\"Winkel\",\"item\":\"https:\\\/\\\/partsandpieces.nl\\\/winkel\\\/\"},{\"@type\":\"ListItem\",\"position\":3,\"name\":\"Borma Wachs Holzspray Spuitbus lak voor meubels ZWART (kleur 60) ultra mat (0 GU)\"}]},{\"@type\":\"WebSite\",\"@id\":\"https:\\\/\\\/partsandpieces.nl\\\/#website\",\"url\":\"https:\\\/\\\/partsandpieces.nl\\\/\",\"name\":\"Parts &amp; Pieces\",\"description\":\"Alles voor uw meubelrestauratie en -onderhoud!\",\"potentialAction\":[{\"@type\":\"SearchAction\",\"target\":{\"@type\":\"EntryPoint\",\"urlTemplate\":\"https:\\\/\\\/partsandpieces.nl\\\/?s={search_term_string}\"},\"query-input\":{\"@type\":\"PropertyValueSpecification\",\"valueRequired\":true,\"valueName\":\"search_term_string\"}}],\"inLanguage\":\"de\"}]}<\/script>\n<!-- \/ Yoast SEO plugin. -->","yoast_head_json":{"title":"Spr\u00fchlack f\u00fcr M\u00f6bel SCHWARZ von Borma Wachs","description":"Spraydosenlack f\u00fcr M\u00f6bel SCHWARZ ultramatt (0 GU) von Borma Wachs ist ein Retuschierlack in Spraydose f\u00fcr Holz. Trocknet schnell und ist einfach zu verwenden.","robots":{"index":"index","follow":"follow","max-snippet":"max-snippet:-1","max-image-preview":"max-image-preview:large","max-video-preview":"max-video-preview:-1"},"canonical":"https:\/\/partsandpieces.nl\/de\/produkt\/bormawachs-aerosolfarbe-fur-mobel-schwarz-farbe-60-ultramatt-0-gu\/","og_locale":"de_DE","og_type":"article","og_title":"Spuitbus lak voor meubels ZWART van Borma Wachs","og_description":"Spuitbus lak voor meubels ZWART ultra mat (0 GU) van Borma Wachs is een retoucheerlak in spuitbus voor hout. Droogt snel en is makkelijk in gebruik.","og_url":"https:\/\/partsandpieces.nl\/de\/produkt\/bormawachs-aerosolfarbe-fur-mobel-schwarz-farbe-60-ultramatt-0-gu\/","og_site_name":"Parts &amp; Pieces","article_modified_time":"2025-06-27T12:00:49+00:00","og_image":[{"width":600,"height":600,"url":"https:\/\/partsandpieces.nl\/wp-content\/uploads\/2020\/08\/0600XX.jpg","type":"image\/jpeg"}],"twitter_card":"summary_large_image","twitter_misc":{"Gesch\u00e4tzte Lesezeit":"1\u00a0Minute"},"schema":{"@context":"https:\/\/schema.org","@graph":[{"@type":"WebPage","@id":"https:\/\/partsandpieces.nl\/product\/borma-wachs-spuitbus-lak-voor-meubels-zwart-kleur-60-ultra-mat-0-gu\/","url":"https:\/\/partsandpieces.nl\/product\/borma-wachs-spuitbus-lak-voor-meubels-zwart-kleur-60-ultra-mat-0-gu\/","name":"Spr\u00fchlack f\u00fcr M\u00f6bel SCHWARZ von Borma Wachs","isPartOf":{"@id":"https:\/\/partsandpieces.nl\/#website"},"primaryImageOfPage":{"@id":"https:\/\/partsandpieces.nl\/product\/borma-wachs-spuitbus-lak-voor-meubels-zwart-kleur-60-ultra-mat-0-gu\/#primaryimage"},"image":{"@id":"https:\/\/partsandpieces.nl\/product\/borma-wachs-spuitbus-lak-voor-meubels-zwart-kleur-60-ultra-mat-0-gu\/#primaryimage"},"thumbnailUrl":"https:\/\/partsandpieces.nl\/wp-content\/uploads\/2020\/08\/0600XX.jpg","datePublished":"2023-01-09T14:35:33+00:00","dateModified":"2025-06-27T12:00:49+00:00","description":"Spraydosenlack f\u00fcr M\u00f6bel SCHWARZ ultramatt (0 GU) von Borma Wachs ist ein Retuschierlack in Spraydose f\u00fcr Holz. Trocknet schnell und ist einfach zu verwenden.","breadcrumb":{"@id":"https:\/\/partsandpieces.nl\/product\/borma-wachs-spuitbus-lak-voor-meubels-zwart-kleur-60-ultra-mat-0-gu\/#breadcrumb"},"inLanguage":"de","potentialAction":[{"@type":"ReadAction","target":["https:\/\/partsandpieces.nl\/product\/borma-wachs-spuitbus-lak-voor-meubels-zwart-kleur-60-ultra-mat-0-gu\/"]}]},{"@type":"ImageObject","inLanguage":"de","@id":"https:\/\/partsandpieces.nl\/product\/borma-wachs-spuitbus-lak-voor-meubels-zwart-kleur-60-ultra-mat-0-gu\/#primaryimage","url":"https:\/\/partsandpieces.nl\/wp-content\/uploads\/2020\/08\/0600XX.jpg","contentUrl":"https:\/\/partsandpieces.nl\/wp-content\/uploads\/2020\/08\/0600XX.jpg","width":600,"height":600,"caption":"Borma Wachs Spuitbus lak voor meubels"},{"@type":"BreadcrumbList","@id":"https:\/\/partsandpieces.nl\/product\/borma-wachs-spuitbus-lak-voor-meubels-zwart-kleur-60-ultra-mat-0-gu\/#breadcrumb","itemListElement":[{"@type":"ListItem","position":1,"name":"Home","item":"https:\/\/partsandpieces.nl\/home\/"},{"@type":"ListItem","position":2,"name":"Winkel","item":"https:\/\/partsandpieces.nl\/winkel\/"},{"@type":"ListItem","position":3,"name":"Borma Wachs Holzspray Spuitbus lak voor meubels ZWART (kleur 60) ultra mat (0 GU)"}]},{"@type":"WebSite","@id":"https:\/\/partsandpieces.nl\/#website","url":"https:\/\/partsandpieces.nl\/","name":"Teile &amp; St\u00fccke","description":"Alles f\u00fcr Ihre M\u00f6belrestaurierung und -pflege!","potentialAction":[{"@type":"SearchAction","target":{"@type":"EntryPoint","urlTemplate":"https:\/\/partsandpieces.nl\/?s={search_term_string}"},"query-input":{"@type":"PropertyValueSpecification","valueRequired":true,"valueName":"search_term_string"}}],"inLanguage":"de"}]}},"_links":{"self":[{"href":"https:\/\/partsandpieces.nl\/de\/wp-json\/wp\/v2\/product\/4242","targetHints":{"allow":["GET"]}}],"collection":[{"href":"https:\/\/partsandpieces.nl\/de\/wp-json\/wp\/v2\/product"}],"about":[{"href":"https:\/\/partsandpieces.nl\/de\/wp-json\/wp\/v2\/types\/product"}],"wp:featuredmedia":[{"embeddable":true,"href":"https:\/\/partsandpieces.nl\/de\/wp-json\/wp\/v2\/media\/4241"}],"wp:attachment":[{"href":"https:\/\/partsandpieces.nl\/de\/wp-json\/wp\/v2\/media?parent=4242"}],"wp:term":[{"taxonomy":"product_brand","embeddable":true,"href":"https:\/\/partsandpieces.nl\/de\/wp-json\/wp\/v2\/product_brand?post=4242"},{"taxonomy":"product_cat","embeddable":true,"href":"https:\/\/partsandpieces.nl\/de\/wp-json\/wp\/v2\/product_cat?post=4242"},{"taxonomy":"product_tag","embeddable":true,"href":"https:\/\/partsandpieces.nl\/de\/wp-json\/wp\/v2\/product_tag?post=4242"}],"curies":[{"name":"wp","href":"https:\/\/api.w.org\/{rel}","templated":true}]}}