{"id":425,"date":"2020-07-13T15:45:48","date_gmt":"2020-07-13T15:45:48","guid":{"rendered":"https:\/\/partsandpieces.bonsaidev.nl\/?product=ladetrekker-antique-30x70mm"},"modified":"2025-11-26T19:50:31","modified_gmt":"2025-11-26T18:50:31","slug":"schubladengriffanhanger-bronze-antik-66mm","status":"publish","type":"product","link":"https:\/\/partsandpieces.nl\/de\/product\/ladetrekker-hangertje-brons-antiek-66mm\/","title":{"rendered":"Schubladengriff, bronzefarben, antik, 66 mm"},"content":{"rendered":"<p><strong>Schubladengriff, bronzefarben, antik, 66 mm<\/strong> ist ein klassischer Schubladengriff in Form eines Kleiderb\u00fcgels. Der Anh\u00e4nger hat eine bronzefarbene Oberfl\u00e4che. Die Montageplatte ist rund. Dieser Kleiderb\u00fcgel passt gut auf Ihre antike oder klassische Schublade.<\/p>\n<p><strong>Ma\u00dfe<br \/>\n<\/strong>Schubladengriff-Aufh\u00e4nger Bronze antik 66 mm hat eine Gesamtl\u00e4nge von 66 mm. Nach der Installation ragt dieser Anh\u00e4nger 22 mm heraus. Die Montageplatte hat einen Durchmesser von 32 mm.<\/p>\n<p><strong>Bearbeiten<br \/>\n<\/strong>Sie k\u00f6nnen den Knopf mit der mitgelieferten Schraube blind montieren. Ich schicke diese Schraube <strong>FREI<\/strong>\u00a0mit Ihrer Bestellung.<\/p>","protected":false},"excerpt":{"rendered":"<p>Ladetrekker Hangertje Brons antiek 66mm is een klassieke ladetrekker in de vorm van een hangertje. Het hangertje heeft een bronskleurige afwerking. Het bevestigingsplaatje is rond. Deze hanger past goed op je antieke of klassieke lade. Afmetingen Ladetrekker Hangertje Brons antiek 66mm heeft een totale lengte van 66mm. Na montage steekt deze hanger 22mm uit. Het [&hellip;]<\/p>\n","protected":false},"featured_media":7747,"template":"","meta":{"_acf_changed":false},"product_brand":[],"product_cat":[31,23],"product_tag":[],"class_list":{"0":"post-425","1":"product","2":"type-product","3":"status-publish","4":"has-post-thumbnail","6":"product_cat-hangers-voor-lades-en-deuren","7":"product_cat-meubelbeslag","9":"first","10":"instock","11":"taxable","12":"shipping-taxable","13":"purchasable","14":"product-type-simple"},"acf":[],"yoast_head":"<!-- This site is optimized with the Yoast SEO plugin v27.3 - https:\/\/yoast.com\/product\/yoast-seo-wordpress\/ -->\n<title>Ladetrekker Hangertje Brons antiek 66mm<\/title>\n<meta name=\"description\" content=\"Ladetrekker Hangertje Brons antiek 66mm is een ladetrekker in de vorm van een hangertje. Het bevestigingsplaatje is rond. Past goed op je antieke lade.\" \/>\n<meta name=\"robots\" content=\"index, follow, max-snippet:-1, max-image-preview:large, max-video-preview:-1\" \/>\n<link rel=\"canonical\" href=\"https:\/\/partsandpieces.nl\/de\/produkt\/schubladengriffanhanger-bronze-antik-66mm\/\" \/>\n<meta property=\"og:locale\" content=\"de_DE\" \/>\n<meta property=\"og:type\" content=\"article\" \/>\n<meta property=\"og:title\" content=\"Ladetrekker Hangertje Brons antiek 66mm\" \/>\n<meta property=\"og:description\" content=\"Ladetrekker Hangertje Brons antiek 66mm is een ladetrekker in de vorm van een hangertje. Het bevestigingsplaatje is rond. Past goed op je antieke lade.\" \/>\n<meta property=\"og:url\" content=\"https:\/\/partsandpieces.nl\/de\/produkt\/schubladengriffanhanger-bronze-antik-66mm\/\" \/>\n<meta property=\"og:site_name\" content=\"Parts &amp; Pieces\" \/>\n<meta property=\"article:modified_time\" content=\"2025-11-26T18:50:31+00:00\" \/>\n<meta property=\"og:image\" content=\"https:\/\/partsandpieces.nl\/wp-content\/uploads\/2020\/07\/Ladetrekker-Hangertje-Brons-antiek-66mm.jpg\" \/>\n\t<meta property=\"og:image:width\" content=\"400\" \/>\n\t<meta property=\"og:image:height\" content=\"400\" \/>\n\t<meta property=\"og:image:type\" content=\"image\/jpeg\" \/>\n<meta name=\"twitter:card\" content=\"summary_large_image\" \/>\n<meta name=\"twitter:label1\" content=\"Gesch\u00e4tzte Lesezeit\" \/>\n\t<meta name=\"twitter:data1\" content=\"1\u00a0Minute\" \/>\n<script type=\"application\/ld+json\" class=\"yoast-schema-graph\">{\"@context\":\"https:\\\/\\\/schema.org\",\"@graph\":[{\"@type\":\"WebPage\",\"@id\":\"https:\\\/\\\/partsandpieces.nl\\\/product\\\/ladetrekker-hangertje-brons-antiek-66mm\\\/\",\"url\":\"https:\\\/\\\/partsandpieces.nl\\\/product\\\/ladetrekker-hangertje-brons-antiek-66mm\\\/\",\"name\":\"Ladetrekker Hangertje Brons antiek 66mm\",\"isPartOf\":{\"@id\":\"https:\\\/\\\/partsandpieces.nl\\\/#website\"},\"primaryImageOfPage\":{\"@id\":\"https:\\\/\\\/partsandpieces.nl\\\/product\\\/ladetrekker-hangertje-brons-antiek-66mm\\\/#primaryimage\"},\"image\":{\"@id\":\"https:\\\/\\\/partsandpieces.nl\\\/product\\\/ladetrekker-hangertje-brons-antiek-66mm\\\/#primaryimage\"},\"thumbnailUrl\":\"https:\\\/\\\/partsandpieces.nl\\\/wp-content\\\/uploads\\\/2020\\\/07\\\/Ladetrekker-Hangertje-Brons-antiek-66mm.jpg\",\"datePublished\":\"2020-07-13T15:45:48+00:00\",\"dateModified\":\"2025-11-26T18:50:31+00:00\",\"description\":\"Ladetrekker Hangertje Brons antiek 66mm is een ladetrekker in de vorm van een hangertje. Het bevestigingsplaatje is rond. Past goed op je antieke lade.\",\"breadcrumb\":{\"@id\":\"https:\\\/\\\/partsandpieces.nl\\\/product\\\/ladetrekker-hangertje-brons-antiek-66mm\\\/#breadcrumb\"},\"inLanguage\":\"de\",\"potentialAction\":[{\"@type\":\"ReadAction\",\"target\":[\"https:\\\/\\\/partsandpieces.nl\\\/product\\\/ladetrekker-hangertje-brons-antiek-66mm\\\/\"]}]},{\"@type\":\"ImageObject\",\"inLanguage\":\"de\",\"@id\":\"https:\\\/\\\/partsandpieces.nl\\\/product\\\/ladetrekker-hangertje-brons-antiek-66mm\\\/#primaryimage\",\"url\":\"https:\\\/\\\/partsandpieces.nl\\\/wp-content\\\/uploads\\\/2020\\\/07\\\/Ladetrekker-Hangertje-Brons-antiek-66mm.jpg\",\"contentUrl\":\"https:\\\/\\\/partsandpieces.nl\\\/wp-content\\\/uploads\\\/2020\\\/07\\\/Ladetrekker-Hangertje-Brons-antiek-66mm.jpg\",\"width\":400,\"height\":400,\"caption\":\"Ladetrekker Hangertje Brons antiek 66mm\"},{\"@type\":\"BreadcrumbList\",\"@id\":\"https:\\\/\\\/partsandpieces.nl\\\/product\\\/ladetrekker-hangertje-brons-antiek-66mm\\\/#breadcrumb\",\"itemListElement\":[{\"@type\":\"ListItem\",\"position\":1,\"name\":\"Home\",\"item\":\"https:\\\/\\\/partsandpieces.nl\\\/home\\\/\"},{\"@type\":\"ListItem\",\"position\":2,\"name\":\"Winkel\",\"item\":\"https:\\\/\\\/partsandpieces.nl\\\/winkel\\\/\"},{\"@type\":\"ListItem\",\"position\":3,\"name\":\"Ladetrekker Hangertje Brons antiek 66mm\"}]},{\"@type\":\"WebSite\",\"@id\":\"https:\\\/\\\/partsandpieces.nl\\\/#website\",\"url\":\"https:\\\/\\\/partsandpieces.nl\\\/\",\"name\":\"Parts &amp; Pieces\",\"description\":\"Alles voor uw meubelrestauratie en -onderhoud!\",\"potentialAction\":[{\"@type\":\"SearchAction\",\"target\":{\"@type\":\"EntryPoint\",\"urlTemplate\":\"https:\\\/\\\/partsandpieces.nl\\\/?s={search_term_string}\"},\"query-input\":{\"@type\":\"PropertyValueSpecification\",\"valueRequired\":true,\"valueName\":\"search_term_string\"}}],\"inLanguage\":\"de\"}]}<\/script>\n<!-- \/ Yoast SEO plugin. -->","yoast_head_json":{"title":"Schubladengriff, bronzefarben, antik, 66 mm","description":"Schubladengriff-Aufh\u00e4nger Bronze antik 66 mm ist ein Schubladengriff in Form eines Anh\u00e4ngers. Die Montageplatte ist rund. Passt gut auf Ihre antike Schublade.","robots":{"index":"index","follow":"follow","max-snippet":"max-snippet:-1","max-image-preview":"max-image-preview:large","max-video-preview":"max-video-preview:-1"},"canonical":"https:\/\/partsandpieces.nl\/de\/produkt\/schubladengriffanhanger-bronze-antik-66mm\/","og_locale":"de_DE","og_type":"article","og_title":"Ladetrekker Hangertje Brons antiek 66mm","og_description":"Ladetrekker Hangertje Brons antiek 66mm is een ladetrekker in de vorm van een hangertje. Het bevestigingsplaatje is rond. Past goed op je antieke lade.","og_url":"https:\/\/partsandpieces.nl\/de\/produkt\/schubladengriffanhanger-bronze-antik-66mm\/","og_site_name":"Parts &amp; Pieces","article_modified_time":"2025-11-26T18:50:31+00:00","og_image":[{"width":400,"height":400,"url":"https:\/\/partsandpieces.nl\/wp-content\/uploads\/2020\/07\/Ladetrekker-Hangertje-Brons-antiek-66mm.jpg","type":"image\/jpeg"}],"twitter_card":"summary_large_image","twitter_misc":{"Gesch\u00e4tzte Lesezeit":"1\u00a0Minute"},"schema":{"@context":"https:\/\/schema.org","@graph":[{"@type":"WebPage","@id":"https:\/\/partsandpieces.nl\/product\/ladetrekker-hangertje-brons-antiek-66mm\/","url":"https:\/\/partsandpieces.nl\/product\/ladetrekker-hangertje-brons-antiek-66mm\/","name":"Schubladengriff, bronzefarben, antik, 66 mm","isPartOf":{"@id":"https:\/\/partsandpieces.nl\/#website"},"primaryImageOfPage":{"@id":"https:\/\/partsandpieces.nl\/product\/ladetrekker-hangertje-brons-antiek-66mm\/#primaryimage"},"image":{"@id":"https:\/\/partsandpieces.nl\/product\/ladetrekker-hangertje-brons-antiek-66mm\/#primaryimage"},"thumbnailUrl":"https:\/\/partsandpieces.nl\/wp-content\/uploads\/2020\/07\/Ladetrekker-Hangertje-Brons-antiek-66mm.jpg","datePublished":"2020-07-13T15:45:48+00:00","dateModified":"2025-11-26T18:50:31+00:00","description":"Schubladengriff-Aufh\u00e4nger Bronze antik 66 mm ist ein Schubladengriff in Form eines Anh\u00e4ngers. Die Montageplatte ist rund. Passt gut auf Ihre antike Schublade.","breadcrumb":{"@id":"https:\/\/partsandpieces.nl\/product\/ladetrekker-hangertje-brons-antiek-66mm\/#breadcrumb"},"inLanguage":"de","potentialAction":[{"@type":"ReadAction","target":["https:\/\/partsandpieces.nl\/product\/ladetrekker-hangertje-brons-antiek-66mm\/"]}]},{"@type":"ImageObject","inLanguage":"de","@id":"https:\/\/partsandpieces.nl\/product\/ladetrekker-hangertje-brons-antiek-66mm\/#primaryimage","url":"https:\/\/partsandpieces.nl\/wp-content\/uploads\/2020\/07\/Ladetrekker-Hangertje-Brons-antiek-66mm.jpg","contentUrl":"https:\/\/partsandpieces.nl\/wp-content\/uploads\/2020\/07\/Ladetrekker-Hangertje-Brons-antiek-66mm.jpg","width":400,"height":400,"caption":"Ladetrekker Hangertje Brons antiek 66mm"},{"@type":"BreadcrumbList","@id":"https:\/\/partsandpieces.nl\/product\/ladetrekker-hangertje-brons-antiek-66mm\/#breadcrumb","itemListElement":[{"@type":"ListItem","position":1,"name":"Home","item":"https:\/\/partsandpieces.nl\/home\/"},{"@type":"ListItem","position":2,"name":"Winkel","item":"https:\/\/partsandpieces.nl\/winkel\/"},{"@type":"ListItem","position":3,"name":"Ladetrekker Hangertje Brons antiek 66mm"}]},{"@type":"WebSite","@id":"https:\/\/partsandpieces.nl\/#website","url":"https:\/\/partsandpieces.nl\/","name":"Teile &amp; St\u00fccke","description":"Alles f\u00fcr Ihre M\u00f6belrestaurierung und -pflege!","potentialAction":[{"@type":"SearchAction","target":{"@type":"EntryPoint","urlTemplate":"https:\/\/partsandpieces.nl\/?s={search_term_string}"},"query-input":{"@type":"PropertyValueSpecification","valueRequired":true,"valueName":"search_term_string"}}],"inLanguage":"de"}]}},"_links":{"self":[{"href":"https:\/\/partsandpieces.nl\/de\/wp-json\/wp\/v2\/product\/425","targetHints":{"allow":["GET"]}}],"collection":[{"href":"https:\/\/partsandpieces.nl\/de\/wp-json\/wp\/v2\/product"}],"about":[{"href":"https:\/\/partsandpieces.nl\/de\/wp-json\/wp\/v2\/types\/product"}],"wp:featuredmedia":[{"embeddable":true,"href":"https:\/\/partsandpieces.nl\/de\/wp-json\/wp\/v2\/media\/7747"}],"wp:attachment":[{"href":"https:\/\/partsandpieces.nl\/de\/wp-json\/wp\/v2\/media?parent=425"}],"wp:term":[{"taxonomy":"product_brand","embeddable":true,"href":"https:\/\/partsandpieces.nl\/de\/wp-json\/wp\/v2\/product_brand?post=425"},{"taxonomy":"product_cat","embeddable":true,"href":"https:\/\/partsandpieces.nl\/de\/wp-json\/wp\/v2\/product_cat?post=425"},{"taxonomy":"product_tag","embeddable":true,"href":"https:\/\/partsandpieces.nl\/de\/wp-json\/wp\/v2\/product_tag?post=425"}],"curies":[{"name":"wp","href":"https:\/\/api.w.org\/{rel}","templated":true}]}}