{"id":429,"date":"2020-07-15T08:56:22","date_gmt":"2020-07-15T08:56:22","guid":{"rendered":"https:\/\/partsandpieces.bonsaidev.nl\/?product=kabinet-beslag-setje-3st-80mm"},"modified":"2025-11-11T21:34:35","modified_gmt":"2025-11-11T20:34:35","slug":"schrankbeschlagset-aus-messing-rund-gros-2-schubladengriffe-und-1-schlusselplatte-80-mm","status":"publish","type":"product","link":"https:\/\/partsandpieces.nl\/de\/product\/kabinetbeslag-set-messing-rond-groot-2-ladetrekkers-en-1-sleutelplaat-80mm\/","title":{"rendered":"Schrankbeschl\u00e4ge-Set, Messing, rund, gro\u00df, 2 Schubladengriffe und 1 Schl\u00fcsselplatte 80 mm"},"content":{"rendered":"<p><strong>Schrankbeschl\u00e4ge-Set, Messing, rund, gro\u00df, 2 Schubladengriffe und 1 Schl\u00fcsselplatte 80 mm<\/strong> Dieses Set besteht aus zwei Schubladengriffen (Ringgr\u00fcn) und einer Schl\u00fcsselplatte. Das Set ist aus Eisen mit polierter Messingoberfl\u00e4che gefertigt.<\/p>\n<p><strong>Ma\u00dfe<br \/>\n<\/strong>Schrankbeschl\u00e4ge-Set aus Messing, rund, gro\u00df, 2 Schubladengriffe und 1 Schl\u00fcsselplatte 80 mm, verf\u00fcgt \u00fcber 3 Abdeckplatten mit einem Durchmesser von 80 mm. Die Ringe haben einen Durchmesser von 60 mm. Nach der Montage stehen die Abdeckplatten 8mm und die Ringe 22mm \u00fcber. Die H\u00f6he des Schl\u00fcssellochs betr\u00e4gt 19 mm.<\/p>\n<p><strong>Bearbeiten<br \/>\n<\/strong>Sie k\u00f6nnen die 2 Schubladengriffe mit den mitgelieferten Schrauben befestigen, die an den Ringen befestigt sind. Sie befestigen die Schl\u00fcsselplatte mit 2 kleinen Schrauben. Ich werde dies NICHT liefern.<\/p>","protected":false},"excerpt":{"rendered":"<p>Kabinetbeslag Set Messing Rond Groot 2 ladetrekkers en 1 sleutelplaat 80mm is een set bestaande uit 2 ladetrekkers (ringgreen) en 1 sleutelplaat. De set is gemaakt van ijzer met een glanzende messing finish. Afmetingen Kabinetbeslag Set Messing Rond Groot 2 ladetrekkers en 1 sleutelplaat 80mm heeft 3 afdekplaten met een diameter van 80mm. De ringen [&hellip;]<\/p>\n","protected":false},"featured_media":7437,"template":"","meta":{"_acf_changed":false},"product_brand":[],"product_cat":[32,23,44],"product_tag":[],"class_list":{"0":"post-429","1":"product","2":"type-product","3":"status-publish","4":"has-post-thumbnail","6":"product_cat-kabinetbeslag","7":"product_cat-meubelbeslag","8":"product_cat-ringbeslag","10":"first","11":"instock","12":"taxable","13":"shipping-taxable","14":"purchasable","15":"product-type-simple"},"acf":[],"yoast_head":"<!-- This site is optimized with the Yoast SEO plugin v27.3 - https:\/\/yoast.com\/product\/yoast-seo-wordpress\/ -->\n<title>Kabinetbeslag Messing Rond 80mm<\/title>\n<meta name=\"description\" content=\"Kabinetbeslag Set Messing Rond Groot 2 ladetrekkers en 1 sleutelplaat 80mm is een set bestaande uit 2 ladetrekkers (ringgreen) en 1 sleutelplaat.\" \/>\n<meta name=\"robots\" content=\"index, follow, max-snippet:-1, max-image-preview:large, max-video-preview:-1\" \/>\n<link rel=\"canonical\" href=\"https:\/\/partsandpieces.nl\/de\/produkt\/schrankbeschlagset-aus-messing-rund-gros-2-schubladengriffe-und-1-schlusselplatte-80-mm\/\" \/>\n<meta property=\"og:locale\" content=\"de_DE\" \/>\n<meta property=\"og:type\" content=\"article\" \/>\n<meta property=\"og:title\" content=\"Kabinetbeslag Messing Rond 80mm\" \/>\n<meta property=\"og:description\" content=\"Kabinetbeslag Set Messing Rond Groot 2 ladetrekkers en 1 sleutelplaat 80mm is een set bestaande uit 2 ladetrekkers (ringgreen) en 1 sleutelplaat.\" \/>\n<meta property=\"og:url\" content=\"https:\/\/partsandpieces.nl\/de\/produkt\/schrankbeschlagset-aus-messing-rund-gros-2-schubladengriffe-und-1-schlusselplatte-80-mm\/\" \/>\n<meta property=\"og:site_name\" content=\"Parts &amp; Pieces\" \/>\n<meta property=\"article:modified_time\" content=\"2025-11-11T20:34:35+00:00\" \/>\n<meta property=\"og:image\" content=\"https:\/\/partsandpieces.nl\/wp-content\/uploads\/2020\/07\/Kabinetbeslag-Set-Messing-Rond-Groot-2-ladetrekkers-en-1-sleutelplaat-80mm.jpg\" \/>\n\t<meta property=\"og:image:width\" content=\"480\" \/>\n\t<meta property=\"og:image:height\" content=\"481\" \/>\n\t<meta property=\"og:image:type\" content=\"image\/jpeg\" \/>\n<meta name=\"twitter:card\" content=\"summary_large_image\" \/>\n<meta name=\"twitter:label1\" content=\"Gesch\u00e4tzte Lesezeit\" \/>\n\t<meta name=\"twitter:data1\" content=\"1\u00a0Minute\" \/>\n<script type=\"application\/ld+json\" class=\"yoast-schema-graph\">{\"@context\":\"https:\\\/\\\/schema.org\",\"@graph\":[{\"@type\":\"WebPage\",\"@id\":\"https:\\\/\\\/partsandpieces.nl\\\/product\\\/kabinetbeslag-set-messing-rond-groot-2-ladetrekkers-en-1-sleutelplaat-80mm\\\/\",\"url\":\"https:\\\/\\\/partsandpieces.nl\\\/product\\\/kabinetbeslag-set-messing-rond-groot-2-ladetrekkers-en-1-sleutelplaat-80mm\\\/\",\"name\":\"Kabinetbeslag Messing Rond 80mm\",\"isPartOf\":{\"@id\":\"https:\\\/\\\/partsandpieces.nl\\\/#website\"},\"primaryImageOfPage\":{\"@id\":\"https:\\\/\\\/partsandpieces.nl\\\/product\\\/kabinetbeslag-set-messing-rond-groot-2-ladetrekkers-en-1-sleutelplaat-80mm\\\/#primaryimage\"},\"image\":{\"@id\":\"https:\\\/\\\/partsandpieces.nl\\\/product\\\/kabinetbeslag-set-messing-rond-groot-2-ladetrekkers-en-1-sleutelplaat-80mm\\\/#primaryimage\"},\"thumbnailUrl\":\"https:\\\/\\\/partsandpieces.nl\\\/wp-content\\\/uploads\\\/2020\\\/07\\\/Kabinetbeslag-Set-Messing-Rond-Groot-2-ladetrekkers-en-1-sleutelplaat-80mm.jpg\",\"datePublished\":\"2020-07-15T08:56:22+00:00\",\"dateModified\":\"2025-11-11T20:34:35+00:00\",\"description\":\"Kabinetbeslag Set Messing Rond Groot 2 ladetrekkers en 1 sleutelplaat 80mm is een set bestaande uit 2 ladetrekkers (ringgreen) en 1 sleutelplaat.\",\"breadcrumb\":{\"@id\":\"https:\\\/\\\/partsandpieces.nl\\\/product\\\/kabinetbeslag-set-messing-rond-groot-2-ladetrekkers-en-1-sleutelplaat-80mm\\\/#breadcrumb\"},\"inLanguage\":\"de\",\"potentialAction\":[{\"@type\":\"ReadAction\",\"target\":[\"https:\\\/\\\/partsandpieces.nl\\\/product\\\/kabinetbeslag-set-messing-rond-groot-2-ladetrekkers-en-1-sleutelplaat-80mm\\\/\"]}]},{\"@type\":\"ImageObject\",\"inLanguage\":\"de\",\"@id\":\"https:\\\/\\\/partsandpieces.nl\\\/product\\\/kabinetbeslag-set-messing-rond-groot-2-ladetrekkers-en-1-sleutelplaat-80mm\\\/#primaryimage\",\"url\":\"https:\\\/\\\/partsandpieces.nl\\\/wp-content\\\/uploads\\\/2020\\\/07\\\/Kabinetbeslag-Set-Messing-Rond-Groot-2-ladetrekkers-en-1-sleutelplaat-80mm.jpg\",\"contentUrl\":\"https:\\\/\\\/partsandpieces.nl\\\/wp-content\\\/uploads\\\/2020\\\/07\\\/Kabinetbeslag-Set-Messing-Rond-Groot-2-ladetrekkers-en-1-sleutelplaat-80mm.jpg\",\"width\":480,\"height\":481,\"caption\":\"Kabinetbeslag Set Messing Rond Groot 2 ladetrekkers en 1 sleutelplaat 80mm\"},{\"@type\":\"BreadcrumbList\",\"@id\":\"https:\\\/\\\/partsandpieces.nl\\\/product\\\/kabinetbeslag-set-messing-rond-groot-2-ladetrekkers-en-1-sleutelplaat-80mm\\\/#breadcrumb\",\"itemListElement\":[{\"@type\":\"ListItem\",\"position\":1,\"name\":\"Home\",\"item\":\"https:\\\/\\\/partsandpieces.nl\\\/home\\\/\"},{\"@type\":\"ListItem\",\"position\":2,\"name\":\"Winkel\",\"item\":\"https:\\\/\\\/partsandpieces.nl\\\/winkel\\\/\"},{\"@type\":\"ListItem\",\"position\":3,\"name\":\"Kabinetbeslag Set Messing Rond Groot 2 ladetrekkers en 1 sleutelplaat 80mm\"}]},{\"@type\":\"WebSite\",\"@id\":\"https:\\\/\\\/partsandpieces.nl\\\/#website\",\"url\":\"https:\\\/\\\/partsandpieces.nl\\\/\",\"name\":\"Parts &amp; Pieces\",\"description\":\"Alles voor uw meubelrestauratie en -onderhoud!\",\"potentialAction\":[{\"@type\":\"SearchAction\",\"target\":{\"@type\":\"EntryPoint\",\"urlTemplate\":\"https:\\\/\\\/partsandpieces.nl\\\/?s={search_term_string}\"},\"query-input\":{\"@type\":\"PropertyValueSpecification\",\"valueRequired\":true,\"valueName\":\"search_term_string\"}}],\"inLanguage\":\"de\"}]}<\/script>\n<!-- \/ Yoast SEO plugin. -->","yoast_head_json":{"title":"Schrankbeschl\u00e4ge Messing rund 80mm","description":"Schrankbeschl\u00e4ge-Set, Messing, rund, gro\u00df, 2 Schubladengriffe und 1 Schl\u00fcsselplatte 80 mm. Das Set besteht aus 2 Schubladengriffen (ringgr\u00fcn) und 1 Schl\u00fcsselplatte.","robots":{"index":"index","follow":"follow","max-snippet":"max-snippet:-1","max-image-preview":"max-image-preview:large","max-video-preview":"max-video-preview:-1"},"canonical":"https:\/\/partsandpieces.nl\/de\/produkt\/schrankbeschlagset-aus-messing-rund-gros-2-schubladengriffe-und-1-schlusselplatte-80-mm\/","og_locale":"de_DE","og_type":"article","og_title":"Kabinetbeslag Messing Rond 80mm","og_description":"Kabinetbeslag Set Messing Rond Groot 2 ladetrekkers en 1 sleutelplaat 80mm is een set bestaande uit 2 ladetrekkers (ringgreen) en 1 sleutelplaat.","og_url":"https:\/\/partsandpieces.nl\/de\/produkt\/schrankbeschlagset-aus-messing-rund-gros-2-schubladengriffe-und-1-schlusselplatte-80-mm\/","og_site_name":"Parts &amp; Pieces","article_modified_time":"2025-11-11T20:34:35+00:00","og_image":[{"width":480,"height":481,"url":"https:\/\/partsandpieces.nl\/wp-content\/uploads\/2020\/07\/Kabinetbeslag-Set-Messing-Rond-Groot-2-ladetrekkers-en-1-sleutelplaat-80mm.jpg","type":"image\/jpeg"}],"twitter_card":"summary_large_image","twitter_misc":{"Gesch\u00e4tzte Lesezeit":"1\u00a0Minute"},"schema":{"@context":"https:\/\/schema.org","@graph":[{"@type":"WebPage","@id":"https:\/\/partsandpieces.nl\/product\/kabinetbeslag-set-messing-rond-groot-2-ladetrekkers-en-1-sleutelplaat-80mm\/","url":"https:\/\/partsandpieces.nl\/product\/kabinetbeslag-set-messing-rond-groot-2-ladetrekkers-en-1-sleutelplaat-80mm\/","name":"Schrankbeschl\u00e4ge Messing rund 80mm","isPartOf":{"@id":"https:\/\/partsandpieces.nl\/#website"},"primaryImageOfPage":{"@id":"https:\/\/partsandpieces.nl\/product\/kabinetbeslag-set-messing-rond-groot-2-ladetrekkers-en-1-sleutelplaat-80mm\/#primaryimage"},"image":{"@id":"https:\/\/partsandpieces.nl\/product\/kabinetbeslag-set-messing-rond-groot-2-ladetrekkers-en-1-sleutelplaat-80mm\/#primaryimage"},"thumbnailUrl":"https:\/\/partsandpieces.nl\/wp-content\/uploads\/2020\/07\/Kabinetbeslag-Set-Messing-Rond-Groot-2-ladetrekkers-en-1-sleutelplaat-80mm.jpg","datePublished":"2020-07-15T08:56:22+00:00","dateModified":"2025-11-11T20:34:35+00:00","description":"Schrankbeschl\u00e4ge-Set, Messing, rund, gro\u00df, 2 Schubladengriffe und 1 Schl\u00fcsselplatte 80 mm. Das Set besteht aus 2 Schubladengriffen (ringgr\u00fcn) und 1 Schl\u00fcsselplatte.","breadcrumb":{"@id":"https:\/\/partsandpieces.nl\/product\/kabinetbeslag-set-messing-rond-groot-2-ladetrekkers-en-1-sleutelplaat-80mm\/#breadcrumb"},"inLanguage":"de","potentialAction":[{"@type":"ReadAction","target":["https:\/\/partsandpieces.nl\/product\/kabinetbeslag-set-messing-rond-groot-2-ladetrekkers-en-1-sleutelplaat-80mm\/"]}]},{"@type":"ImageObject","inLanguage":"de","@id":"https:\/\/partsandpieces.nl\/product\/kabinetbeslag-set-messing-rond-groot-2-ladetrekkers-en-1-sleutelplaat-80mm\/#primaryimage","url":"https:\/\/partsandpieces.nl\/wp-content\/uploads\/2020\/07\/Kabinetbeslag-Set-Messing-Rond-Groot-2-ladetrekkers-en-1-sleutelplaat-80mm.jpg","contentUrl":"https:\/\/partsandpieces.nl\/wp-content\/uploads\/2020\/07\/Kabinetbeslag-Set-Messing-Rond-Groot-2-ladetrekkers-en-1-sleutelplaat-80mm.jpg","width":480,"height":481,"caption":"Kabinetbeslag Set Messing Rond Groot 2 ladetrekkers en 1 sleutelplaat 80mm"},{"@type":"BreadcrumbList","@id":"https:\/\/partsandpieces.nl\/product\/kabinetbeslag-set-messing-rond-groot-2-ladetrekkers-en-1-sleutelplaat-80mm\/#breadcrumb","itemListElement":[{"@type":"ListItem","position":1,"name":"Home","item":"https:\/\/partsandpieces.nl\/home\/"},{"@type":"ListItem","position":2,"name":"Winkel","item":"https:\/\/partsandpieces.nl\/winkel\/"},{"@type":"ListItem","position":3,"name":"Kabinetbeslag Set Messing Rond Groot 2 ladetrekkers en 1 sleutelplaat 80mm"}]},{"@type":"WebSite","@id":"https:\/\/partsandpieces.nl\/#website","url":"https:\/\/partsandpieces.nl\/","name":"Teile &amp; St\u00fccke","description":"Alles f\u00fcr Ihre M\u00f6belrestaurierung und -pflege!","potentialAction":[{"@type":"SearchAction","target":{"@type":"EntryPoint","urlTemplate":"https:\/\/partsandpieces.nl\/?s={search_term_string}"},"query-input":{"@type":"PropertyValueSpecification","valueRequired":true,"valueName":"search_term_string"}}],"inLanguage":"de"}]}},"_links":{"self":[{"href":"https:\/\/partsandpieces.nl\/de\/wp-json\/wp\/v2\/product\/429","targetHints":{"allow":["GET"]}}],"collection":[{"href":"https:\/\/partsandpieces.nl\/de\/wp-json\/wp\/v2\/product"}],"about":[{"href":"https:\/\/partsandpieces.nl\/de\/wp-json\/wp\/v2\/types\/product"}],"wp:featuredmedia":[{"embeddable":true,"href":"https:\/\/partsandpieces.nl\/de\/wp-json\/wp\/v2\/media\/7437"}],"wp:attachment":[{"href":"https:\/\/partsandpieces.nl\/de\/wp-json\/wp\/v2\/media?parent=429"}],"wp:term":[{"taxonomy":"product_brand","embeddable":true,"href":"https:\/\/partsandpieces.nl\/de\/wp-json\/wp\/v2\/product_brand?post=429"},{"taxonomy":"product_cat","embeddable":true,"href":"https:\/\/partsandpieces.nl\/de\/wp-json\/wp\/v2\/product_cat?post=429"},{"taxonomy":"product_tag","embeddable":true,"href":"https:\/\/partsandpieces.nl\/de\/wp-json\/wp\/v2\/product_tag?post=429"}],"curies":[{"name":"wp","href":"https:\/\/api.w.org\/{rel}","templated":true}]}}