{"id":435,"date":"2020-07-15T09:08:13","date_gmt":"2020-07-15T09:08:13","guid":{"rendered":"https:\/\/partsandpieces.bonsaidev.nl\/?product=ladetrekker-kabinet-155x100mm-1664442697"},"modified":"2024-11-26T12:08:39","modified_gmt":"2024-11-26T11:08:39","slug":"schubladengriffschrank-messing-glanzend-135x82mm","status":"publish","type":"product","link":"https:\/\/partsandpieces.nl\/de\/product\/ladetrekker-kabinet-messing-glanzend-135x82mm\/","title":{"rendered":"Schubladengriffschrank Messing gl\u00e4nzend 135x82mm"},"content":{"rendered":"<p><strong>Schubladengriffschrank Messing gl\u00e4nzend 135x82mm<\/strong> ist ein gro\u00dfer Gussgriff f\u00fcr Ihren Schrank oder Ihre Schublade mit gl\u00e4nzendem Messingfinish. Der Griff ist reich verziert mit Bildern von Putten und einer r\u00f6mischen Vase. Dieser Griff passt gut zu Ihrem antiken oder klassischen Schrank.<\/p>\n<p><strong>Ma\u00dfe<br \/>\n<\/strong>Der Schubladenauszugschrank Messing gl\u00e4nzend 135 x 82 mm ist insgesamt 135 mm breit und 82 mm hoch. Der Griff selbst ist ca. 80 mm breit. Die Bohrl\u00f6cher haben einen Abstand von 115 mm.<\/p>\n<p><strong>Bearbeiten<br \/>\n<\/strong>Sie k\u00f6nnen den Schubladengriff mit installieren\u00a0<span style=\"text-decoration: underline;\"><a href=\"https:\/\/partsandpieces.nl\/de\/produkt\/schrauben-flachkopf-antik-bronze-mit-schlitz-3x12mm\/\">Schraube Rundkopf Antik Bronze mit Schlitz (3x12mm)<\/a><\/span>. Ich schicke diese Schrauben\u00a0<strong>FREI<\/strong>\u00a0mit Ihrer Bestellung.<\/p>","protected":false},"excerpt":{"rendered":"<p>Ladetrekker Kabinet Messing glanzend 135x82mm is een grote, gegoten greep voor je kabinet of lade met een glanzende messing afwerking. De greep is weelderig versierd met afbeeldingen van cherubijntjes en een Romeinse vaas. Deze greep past goed op je antieke of klassieke kabinet. Afmetingen Ladetrekker Kabinet Messing glanzend 135x82mm is in zijn geheel 135mm breed [&hellip;]<\/p>\n","protected":false},"featured_media":8058,"template":"","meta":{"_acf_changed":false},"product_brand":[],"product_cat":[32,41,23],"product_tag":[],"class_list":{"0":"post-435","1":"product","2":"type-product","3":"status-publish","4":"has-post-thumbnail","6":"product_cat-kabinetbeslag","7":"product_cat-ladetrekkers","8":"product_cat-meubelbeslag","10":"first","11":"instock","12":"taxable","13":"shipping-taxable","14":"purchasable","15":"product-type-simple"},"acf":[],"yoast_head":"<!-- This site is optimized with the Yoast SEO plugin v27.3 - https:\/\/yoast.com\/product\/yoast-seo-wordpress\/ -->\n<title>Ladetrekker Kabinet glanzend 135x82mm Messing<\/title>\n<meta name=\"description\" content=\"Ladetrekker Kabinet Messing glanzend 135x82mm is een grote, gegoten greep voor je kabinet of lade met een glanzende messing afwerking.\" \/>\n<meta name=\"robots\" content=\"index, follow, max-snippet:-1, max-image-preview:large, max-video-preview:-1\" \/>\n<link rel=\"canonical\" href=\"https:\/\/partsandpieces.nl\/de\/produkt\/schubladengriffschrank-messing-glanzend-135x82mm\/\" \/>\n<meta property=\"og:locale\" content=\"de_DE\" \/>\n<meta property=\"og:type\" content=\"article\" \/>\n<meta property=\"og:title\" content=\"Ladetrekker Kabinet glanzend 135x82mm Messing\" \/>\n<meta property=\"og:description\" content=\"Ladetrekker Kabinet Messing glanzend 135x82mm is een grote, gegoten greep voor je kabinet of lade met een glanzende messing afwerking.\" \/>\n<meta property=\"og:url\" content=\"https:\/\/partsandpieces.nl\/de\/produkt\/schubladengriffschrank-messing-glanzend-135x82mm\/\" \/>\n<meta property=\"og:site_name\" content=\"Parts &amp; Pieces\" \/>\n<meta property=\"article:modified_time\" content=\"2024-11-26T11:08:39+00:00\" \/>\n<meta property=\"og:image\" content=\"https:\/\/partsandpieces.nl\/wp-content\/uploads\/2020\/07\/Ladetrekker-Kabinet-Messing-glanzend-135x82mm.jpg\" \/>\n\t<meta property=\"og:image:width\" content=\"449\" \/>\n\t<meta property=\"og:image:height\" content=\"450\" \/>\n\t<meta property=\"og:image:type\" content=\"image\/jpeg\" \/>\n<meta name=\"twitter:card\" content=\"summary_large_image\" \/>\n<meta name=\"twitter:label1\" content=\"Gesch\u00e4tzte Lesezeit\" \/>\n\t<meta name=\"twitter:data1\" content=\"1\u00a0Minute\" \/>\n<script type=\"application\/ld+json\" class=\"yoast-schema-graph\">{\"@context\":\"https:\\\/\\\/schema.org\",\"@graph\":[{\"@type\":\"WebPage\",\"@id\":\"https:\\\/\\\/partsandpieces.nl\\\/product\\\/ladetrekker-kabinet-messing-glanzend-135x82mm\\\/\",\"url\":\"https:\\\/\\\/partsandpieces.nl\\\/product\\\/ladetrekker-kabinet-messing-glanzend-135x82mm\\\/\",\"name\":\"Ladetrekker Kabinet glanzend 135x82mm Messing\",\"isPartOf\":{\"@id\":\"https:\\\/\\\/partsandpieces.nl\\\/#website\"},\"primaryImageOfPage\":{\"@id\":\"https:\\\/\\\/partsandpieces.nl\\\/product\\\/ladetrekker-kabinet-messing-glanzend-135x82mm\\\/#primaryimage\"},\"image\":{\"@id\":\"https:\\\/\\\/partsandpieces.nl\\\/product\\\/ladetrekker-kabinet-messing-glanzend-135x82mm\\\/#primaryimage\"},\"thumbnailUrl\":\"https:\\\/\\\/partsandpieces.nl\\\/wp-content\\\/uploads\\\/2020\\\/07\\\/Ladetrekker-Kabinet-Messing-glanzend-135x82mm.jpg\",\"datePublished\":\"2020-07-15T09:08:13+00:00\",\"dateModified\":\"2024-11-26T11:08:39+00:00\",\"description\":\"Ladetrekker Kabinet Messing glanzend 135x82mm is een grote, gegoten greep voor je kabinet of lade met een glanzende messing afwerking.\",\"breadcrumb\":{\"@id\":\"https:\\\/\\\/partsandpieces.nl\\\/product\\\/ladetrekker-kabinet-messing-glanzend-135x82mm\\\/#breadcrumb\"},\"inLanguage\":\"de\",\"potentialAction\":[{\"@type\":\"ReadAction\",\"target\":[\"https:\\\/\\\/partsandpieces.nl\\\/product\\\/ladetrekker-kabinet-messing-glanzend-135x82mm\\\/\"]}]},{\"@type\":\"ImageObject\",\"inLanguage\":\"de\",\"@id\":\"https:\\\/\\\/partsandpieces.nl\\\/product\\\/ladetrekker-kabinet-messing-glanzend-135x82mm\\\/#primaryimage\",\"url\":\"https:\\\/\\\/partsandpieces.nl\\\/wp-content\\\/uploads\\\/2020\\\/07\\\/Ladetrekker-Kabinet-Messing-glanzend-135x82mm.jpg\",\"contentUrl\":\"https:\\\/\\\/partsandpieces.nl\\\/wp-content\\\/uploads\\\/2020\\\/07\\\/Ladetrekker-Kabinet-Messing-glanzend-135x82mm.jpg\",\"width\":449,\"height\":450,\"caption\":\"Ladetrekker Kabinet Messing glanzend 135x82mm\"},{\"@type\":\"BreadcrumbList\",\"@id\":\"https:\\\/\\\/partsandpieces.nl\\\/product\\\/ladetrekker-kabinet-messing-glanzend-135x82mm\\\/#breadcrumb\",\"itemListElement\":[{\"@type\":\"ListItem\",\"position\":1,\"name\":\"Home\",\"item\":\"https:\\\/\\\/partsandpieces.nl\\\/home\\\/\"},{\"@type\":\"ListItem\",\"position\":2,\"name\":\"Winkel\",\"item\":\"https:\\\/\\\/partsandpieces.nl\\\/winkel\\\/\"},{\"@type\":\"ListItem\",\"position\":3,\"name\":\"Ladetrekker Kabinet Messing glanzend 135x82mm\"}]},{\"@type\":\"WebSite\",\"@id\":\"https:\\\/\\\/partsandpieces.nl\\\/#website\",\"url\":\"https:\\\/\\\/partsandpieces.nl\\\/\",\"name\":\"Parts &amp; Pieces\",\"description\":\"Alles voor uw meubelrestauratie en -onderhoud!\",\"potentialAction\":[{\"@type\":\"SearchAction\",\"target\":{\"@type\":\"EntryPoint\",\"urlTemplate\":\"https:\\\/\\\/partsandpieces.nl\\\/?s={search_term_string}\"},\"query-input\":{\"@type\":\"PropertyValueSpecification\",\"valueRequired\":true,\"valueName\":\"search_term_string\"}}],\"inLanguage\":\"de\"}]}<\/script>\n<!-- \/ Yoast SEO plugin. -->","yoast_head_json":{"title":"Schubladengriffschrank gl\u00e4nzend 135x82mm Messing","description":"Schubladengriff f\u00fcr Schrank, Messing, gl\u00e4nzend, 135 x 82 mm, ist ein gro\u00dfer, gegossener Griff f\u00fcr Ihren Schrank oder Ihre Schublade mit einer gl\u00e4nzenden Messingoberfl\u00e4che.","robots":{"index":"index","follow":"follow","max-snippet":"max-snippet:-1","max-image-preview":"max-image-preview:large","max-video-preview":"max-video-preview:-1"},"canonical":"https:\/\/partsandpieces.nl\/de\/produkt\/schubladengriffschrank-messing-glanzend-135x82mm\/","og_locale":"de_DE","og_type":"article","og_title":"Ladetrekker Kabinet glanzend 135x82mm Messing","og_description":"Ladetrekker Kabinet Messing glanzend 135x82mm is een grote, gegoten greep voor je kabinet of lade met een glanzende messing afwerking.","og_url":"https:\/\/partsandpieces.nl\/de\/produkt\/schubladengriffschrank-messing-glanzend-135x82mm\/","og_site_name":"Parts &amp; Pieces","article_modified_time":"2024-11-26T11:08:39+00:00","og_image":[{"width":449,"height":450,"url":"https:\/\/partsandpieces.nl\/wp-content\/uploads\/2020\/07\/Ladetrekker-Kabinet-Messing-glanzend-135x82mm.jpg","type":"image\/jpeg"}],"twitter_card":"summary_large_image","twitter_misc":{"Gesch\u00e4tzte Lesezeit":"1\u00a0Minute"},"schema":{"@context":"https:\/\/schema.org","@graph":[{"@type":"WebPage","@id":"https:\/\/partsandpieces.nl\/product\/ladetrekker-kabinet-messing-glanzend-135x82mm\/","url":"https:\/\/partsandpieces.nl\/product\/ladetrekker-kabinet-messing-glanzend-135x82mm\/","name":"Schubladengriffschrank gl\u00e4nzend 135x82mm Messing","isPartOf":{"@id":"https:\/\/partsandpieces.nl\/#website"},"primaryImageOfPage":{"@id":"https:\/\/partsandpieces.nl\/product\/ladetrekker-kabinet-messing-glanzend-135x82mm\/#primaryimage"},"image":{"@id":"https:\/\/partsandpieces.nl\/product\/ladetrekker-kabinet-messing-glanzend-135x82mm\/#primaryimage"},"thumbnailUrl":"https:\/\/partsandpieces.nl\/wp-content\/uploads\/2020\/07\/Ladetrekker-Kabinet-Messing-glanzend-135x82mm.jpg","datePublished":"2020-07-15T09:08:13+00:00","dateModified":"2024-11-26T11:08:39+00:00","description":"Schubladengriff f\u00fcr Schrank, Messing, gl\u00e4nzend, 135 x 82 mm, ist ein gro\u00dfer, gegossener Griff f\u00fcr Ihren Schrank oder Ihre Schublade mit einer gl\u00e4nzenden Messingoberfl\u00e4che.","breadcrumb":{"@id":"https:\/\/partsandpieces.nl\/product\/ladetrekker-kabinet-messing-glanzend-135x82mm\/#breadcrumb"},"inLanguage":"de","potentialAction":[{"@type":"ReadAction","target":["https:\/\/partsandpieces.nl\/product\/ladetrekker-kabinet-messing-glanzend-135x82mm\/"]}]},{"@type":"ImageObject","inLanguage":"de","@id":"https:\/\/partsandpieces.nl\/product\/ladetrekker-kabinet-messing-glanzend-135x82mm\/#primaryimage","url":"https:\/\/partsandpieces.nl\/wp-content\/uploads\/2020\/07\/Ladetrekker-Kabinet-Messing-glanzend-135x82mm.jpg","contentUrl":"https:\/\/partsandpieces.nl\/wp-content\/uploads\/2020\/07\/Ladetrekker-Kabinet-Messing-glanzend-135x82mm.jpg","width":449,"height":450,"caption":"Ladetrekker Kabinet Messing glanzend 135x82mm"},{"@type":"BreadcrumbList","@id":"https:\/\/partsandpieces.nl\/product\/ladetrekker-kabinet-messing-glanzend-135x82mm\/#breadcrumb","itemListElement":[{"@type":"ListItem","position":1,"name":"Home","item":"https:\/\/partsandpieces.nl\/home\/"},{"@type":"ListItem","position":2,"name":"Winkel","item":"https:\/\/partsandpieces.nl\/winkel\/"},{"@type":"ListItem","position":3,"name":"Ladetrekker Kabinet Messing glanzend 135x82mm"}]},{"@type":"WebSite","@id":"https:\/\/partsandpieces.nl\/#website","url":"https:\/\/partsandpieces.nl\/","name":"Teile &amp; St\u00fccke","description":"Alles f\u00fcr Ihre M\u00f6belrestaurierung und -pflege!","potentialAction":[{"@type":"SearchAction","target":{"@type":"EntryPoint","urlTemplate":"https:\/\/partsandpieces.nl\/?s={search_term_string}"},"query-input":{"@type":"PropertyValueSpecification","valueRequired":true,"valueName":"search_term_string"}}],"inLanguage":"de"}]}},"_links":{"self":[{"href":"https:\/\/partsandpieces.nl\/de\/wp-json\/wp\/v2\/product\/435","targetHints":{"allow":["GET"]}}],"collection":[{"href":"https:\/\/partsandpieces.nl\/de\/wp-json\/wp\/v2\/product"}],"about":[{"href":"https:\/\/partsandpieces.nl\/de\/wp-json\/wp\/v2\/types\/product"}],"wp:featuredmedia":[{"embeddable":true,"href":"https:\/\/partsandpieces.nl\/de\/wp-json\/wp\/v2\/media\/8058"}],"wp:attachment":[{"href":"https:\/\/partsandpieces.nl\/de\/wp-json\/wp\/v2\/media?parent=435"}],"wp:term":[{"taxonomy":"product_brand","embeddable":true,"href":"https:\/\/partsandpieces.nl\/de\/wp-json\/wp\/v2\/product_brand?post=435"},{"taxonomy":"product_cat","embeddable":true,"href":"https:\/\/partsandpieces.nl\/de\/wp-json\/wp\/v2\/product_cat?post=435"},{"taxonomy":"product_tag","embeddable":true,"href":"https:\/\/partsandpieces.nl\/de\/wp-json\/wp\/v2\/product_tag?post=435"}],"curies":[{"name":"wp","href":"https:\/\/api.w.org\/{rel}","templated":true}]}}