{"id":437,"date":"2020-07-15T09:10:01","date_gmt":"2020-07-15T09:10:01","guid":{"rendered":"https:\/\/partsandpieces.bonsaidev.nl\/?product=sleutelplaat-kabinet-100x80mm"},"modified":"2026-02-11T09:43:33","modified_gmt":"2026-02-11T08:43:33","slug":"schlusselschildschrank-messing-antik-100x80mm","status":"publish","type":"product","link":"https:\/\/partsandpieces.nl\/de\/product\/sleutelplaat-kabinet-messing-antiek-100x80mm\/","title":{"rendered":"Schl\u00fcsselschild Schrank Messing antik 100x80mm"},"content":{"rendered":"<p><strong>Schl\u00fcsselschild Schrank Messing antik 100x80mm<\/strong> ist ein gro\u00dfes Schl\u00fcsselschild f\u00fcr Ihren Schrank. Das Schl\u00fcsselschild hat ein antikes Messingfinish und ist aufwendig mit Schleifen, Blumen, \u00c4hren und einem Baldachin verziert. Die Schl\u00fcsselplatte besteht aus Zamak*.<\/p>\n<p><strong>Ma\u00dfe<br \/>\n<\/strong>Schl\u00fcsselschild Schrank Messing antik 100x80mm hat eine Breite von 100mm und eine H\u00f6he von 80mm. Die H\u00f6he des Schl\u00fcssellochs betr\u00e4gt 18 mm.<\/p>\n<p><strong>Bearbeiten<br \/>\n<\/strong>Sie k\u00f6nnen den Knopf mit montieren\u00a0<span style=\"text-decoration: underline;\"><a href=\"https:\/\/partsandpieces.nl\/de\/produkt\/schrauben-mit-rundkopf-antikbronze-mit-schlitz-2-x-14-mm\/\">Schraube Rundkopf Antik Bronze mit Schlitz (2x14mm)<\/a><\/span>. Ich schicke diese Schraube\u00a0<strong>FREI<\/strong>\u00a0mit Ihrer Bestellung.<\/p>\n<p>* Zamak ist eine Legierung mit Zink als Hauptbestandteil. Es hat einen relativ niedrigen Schmelzpunkt und ist leicht zu gie\u00dfen. Der Name ist ein Akronym, abgeleitet von den Anfangsbuchstaben der deutschen Bezeichnungen f\u00fcr die Metalle, aus denen sich der Werkstoff zusammensetzt: Zink, Aluminium, MAGnesium, Kupfer. Zamak wird in der Auto- und M\u00f6belindustrie f\u00fcr T\u00fcrgriffe, Griffe, Logos und Zierleisten verwendet. Es wird auch h\u00e4ufig als Ersatz f\u00fcr das giftige Blei verwendet.<\/p>","protected":false},"excerpt":{"rendered":"<p>Sleutelplaat Kabinet Messing antiek 100x80mm is een grote sleutelplaat voor je kabinet. De sleutelplaat heeft een antiek messing afwerking en is uitbundig versierd met strikken, bloemen, korenaren en een baldakijn. De sleutelplaat is gemaakt van Zamak*. Afmetingen Sleutelplaat Kabinet Messing antiek 100x80mm heeft een breedte van 100mm en een hoogte van 80mm. De hoogte van [&hellip;]<\/p>\n","protected":false},"featured_media":8039,"template":"","meta":{"_acf_changed":false},"product_brand":[],"product_cat":[32,23,48],"product_tag":[],"class_list":{"0":"post-437","1":"product","2":"type-product","3":"status-publish","4":"has-post-thumbnail","6":"product_cat-kabinetbeslag","7":"product_cat-meubelbeslag","8":"product_cat-sleutelplaten","10":"first","11":"instock","12":"taxable","13":"shipping-taxable","14":"purchasable","15":"product-type-simple"},"acf":[],"yoast_head":"<!-- This site is optimized with the Yoast SEO plugin v27.3 - https:\/\/yoast.com\/product\/yoast-seo-wordpress\/ -->\n<title>Sleutelplaat Kabinet Messing antiek 100x80mm<\/title>\n<meta name=\"description\" content=\"Sleutelplaat Kabinet Messing antiek 100x80mm heeft een antiek messing afwerking en is uitbundig versierd met strikken, bloemen, korenaren en een baldakijn.\" \/>\n<meta name=\"robots\" content=\"index, follow, max-snippet:-1, max-image-preview:large, max-video-preview:-1\" \/>\n<link rel=\"canonical\" href=\"https:\/\/partsandpieces.nl\/de\/produkt\/schlusselschildschrank-messing-antik-100x80mm\/\" \/>\n<meta property=\"og:locale\" content=\"de_DE\" \/>\n<meta property=\"og:type\" content=\"article\" \/>\n<meta property=\"og:title\" content=\"Sleutelplaat Kabinet Messing antiek 100x80mm\" \/>\n<meta property=\"og:description\" content=\"Sleutelplaat Kabinet Messing antiek 100x80mm heeft een antiek messing afwerking en is uitbundig versierd met strikken, bloemen, korenaren en een baldakijn.\" \/>\n<meta property=\"og:url\" content=\"https:\/\/partsandpieces.nl\/de\/produkt\/schlusselschildschrank-messing-antik-100x80mm\/\" \/>\n<meta property=\"og:site_name\" content=\"Parts &amp; Pieces\" \/>\n<meta property=\"article:modified_time\" content=\"2026-02-11T08:43:33+00:00\" \/>\n<meta property=\"og:image\" content=\"https:\/\/partsandpieces.nl\/wp-content\/uploads\/2020\/07\/Sleutelplaat-Kabinet-Messing-antiek-100x80mm.jpg\" \/>\n\t<meta property=\"og:image:width\" content=\"440\" \/>\n\t<meta property=\"og:image:height\" content=\"441\" \/>\n\t<meta property=\"og:image:type\" content=\"image\/jpeg\" \/>\n<meta name=\"twitter:card\" content=\"summary_large_image\" \/>\n<meta name=\"twitter:label1\" content=\"Gesch\u00e4tzte Lesezeit\" \/>\n\t<meta name=\"twitter:data1\" content=\"1\u00a0Minute\" \/>\n<script type=\"application\/ld+json\" class=\"yoast-schema-graph\">{\"@context\":\"https:\\\/\\\/schema.org\",\"@graph\":[{\"@type\":\"WebPage\",\"@id\":\"https:\\\/\\\/partsandpieces.nl\\\/product\\\/sleutelplaat-kabinet-messing-antiek-100x80mm\\\/\",\"url\":\"https:\\\/\\\/partsandpieces.nl\\\/product\\\/sleutelplaat-kabinet-messing-antiek-100x80mm\\\/\",\"name\":\"Sleutelplaat Kabinet Messing antiek 100x80mm\",\"isPartOf\":{\"@id\":\"https:\\\/\\\/partsandpieces.nl\\\/#website\"},\"primaryImageOfPage\":{\"@id\":\"https:\\\/\\\/partsandpieces.nl\\\/product\\\/sleutelplaat-kabinet-messing-antiek-100x80mm\\\/#primaryimage\"},\"image\":{\"@id\":\"https:\\\/\\\/partsandpieces.nl\\\/product\\\/sleutelplaat-kabinet-messing-antiek-100x80mm\\\/#primaryimage\"},\"thumbnailUrl\":\"https:\\\/\\\/partsandpieces.nl\\\/wp-content\\\/uploads\\\/2020\\\/07\\\/Sleutelplaat-Kabinet-Messing-antiek-100x80mm.jpg\",\"datePublished\":\"2020-07-15T09:10:01+00:00\",\"dateModified\":\"2026-02-11T08:43:33+00:00\",\"description\":\"Sleutelplaat Kabinet Messing antiek 100x80mm heeft een antiek messing afwerking en is uitbundig versierd met strikken, bloemen, korenaren en een baldakijn.\",\"breadcrumb\":{\"@id\":\"https:\\\/\\\/partsandpieces.nl\\\/product\\\/sleutelplaat-kabinet-messing-antiek-100x80mm\\\/#breadcrumb\"},\"inLanguage\":\"de\",\"potentialAction\":[{\"@type\":\"ReadAction\",\"target\":[\"https:\\\/\\\/partsandpieces.nl\\\/product\\\/sleutelplaat-kabinet-messing-antiek-100x80mm\\\/\"]}]},{\"@type\":\"ImageObject\",\"inLanguage\":\"de\",\"@id\":\"https:\\\/\\\/partsandpieces.nl\\\/product\\\/sleutelplaat-kabinet-messing-antiek-100x80mm\\\/#primaryimage\",\"url\":\"https:\\\/\\\/partsandpieces.nl\\\/wp-content\\\/uploads\\\/2020\\\/07\\\/Sleutelplaat-Kabinet-Messing-antiek-100x80mm.jpg\",\"contentUrl\":\"https:\\\/\\\/partsandpieces.nl\\\/wp-content\\\/uploads\\\/2020\\\/07\\\/Sleutelplaat-Kabinet-Messing-antiek-100x80mm.jpg\",\"width\":440,\"height\":441,\"caption\":\"Sleutelplaat Kabinet Messing antiek 100x80mm\"},{\"@type\":\"BreadcrumbList\",\"@id\":\"https:\\\/\\\/partsandpieces.nl\\\/product\\\/sleutelplaat-kabinet-messing-antiek-100x80mm\\\/#breadcrumb\",\"itemListElement\":[{\"@type\":\"ListItem\",\"position\":1,\"name\":\"Home\",\"item\":\"https:\\\/\\\/partsandpieces.nl\\\/home\\\/\"},{\"@type\":\"ListItem\",\"position\":2,\"name\":\"Winkel\",\"item\":\"https:\\\/\\\/partsandpieces.nl\\\/winkel\\\/\"},{\"@type\":\"ListItem\",\"position\":3,\"name\":\"Sleutelplaat Kabinet Messing antiek 100x80mm\"}]},{\"@type\":\"WebSite\",\"@id\":\"https:\\\/\\\/partsandpieces.nl\\\/#website\",\"url\":\"https:\\\/\\\/partsandpieces.nl\\\/\",\"name\":\"Parts &amp; Pieces\",\"description\":\"Alles voor uw meubelrestauratie en -onderhoud!\",\"potentialAction\":[{\"@type\":\"SearchAction\",\"target\":{\"@type\":\"EntryPoint\",\"urlTemplate\":\"https:\\\/\\\/partsandpieces.nl\\\/?s={search_term_string}\"},\"query-input\":{\"@type\":\"PropertyValueSpecification\",\"valueRequired\":true,\"valueName\":\"search_term_string\"}}],\"inLanguage\":\"de\"}]}<\/script>\n<!-- \/ Yoast SEO plugin. -->","yoast_head_json":{"title":"Schl\u00fcsselschild Schrank Messing antik 100x80mm","description":"Schl\u00fcsselschildschrank Messing antik 100x80mm hat ein antikes Messingfinish und ist aufwendig mit Schleifen, Blumen, \u00c4hren und einem Baldachin verziert.","robots":{"index":"index","follow":"follow","max-snippet":"max-snippet:-1","max-image-preview":"max-image-preview:large","max-video-preview":"max-video-preview:-1"},"canonical":"https:\/\/partsandpieces.nl\/de\/produkt\/schlusselschildschrank-messing-antik-100x80mm\/","og_locale":"de_DE","og_type":"article","og_title":"Sleutelplaat Kabinet Messing antiek 100x80mm","og_description":"Sleutelplaat Kabinet Messing antiek 100x80mm heeft een antiek messing afwerking en is uitbundig versierd met strikken, bloemen, korenaren en een baldakijn.","og_url":"https:\/\/partsandpieces.nl\/de\/produkt\/schlusselschildschrank-messing-antik-100x80mm\/","og_site_name":"Parts &amp; Pieces","article_modified_time":"2026-02-11T08:43:33+00:00","og_image":[{"width":440,"height":441,"url":"https:\/\/partsandpieces.nl\/wp-content\/uploads\/2020\/07\/Sleutelplaat-Kabinet-Messing-antiek-100x80mm.jpg","type":"image\/jpeg"}],"twitter_card":"summary_large_image","twitter_misc":{"Gesch\u00e4tzte Lesezeit":"1\u00a0Minute"},"schema":{"@context":"https:\/\/schema.org","@graph":[{"@type":"WebPage","@id":"https:\/\/partsandpieces.nl\/product\/sleutelplaat-kabinet-messing-antiek-100x80mm\/","url":"https:\/\/partsandpieces.nl\/product\/sleutelplaat-kabinet-messing-antiek-100x80mm\/","name":"Schl\u00fcsselschild Schrank Messing antik 100x80mm","isPartOf":{"@id":"https:\/\/partsandpieces.nl\/#website"},"primaryImageOfPage":{"@id":"https:\/\/partsandpieces.nl\/product\/sleutelplaat-kabinet-messing-antiek-100x80mm\/#primaryimage"},"image":{"@id":"https:\/\/partsandpieces.nl\/product\/sleutelplaat-kabinet-messing-antiek-100x80mm\/#primaryimage"},"thumbnailUrl":"https:\/\/partsandpieces.nl\/wp-content\/uploads\/2020\/07\/Sleutelplaat-Kabinet-Messing-antiek-100x80mm.jpg","datePublished":"2020-07-15T09:10:01+00:00","dateModified":"2026-02-11T08:43:33+00:00","description":"Schl\u00fcsselschildschrank Messing antik 100x80mm hat ein antikes Messingfinish und ist aufwendig mit Schleifen, Blumen, \u00c4hren und einem Baldachin verziert.","breadcrumb":{"@id":"https:\/\/partsandpieces.nl\/product\/sleutelplaat-kabinet-messing-antiek-100x80mm\/#breadcrumb"},"inLanguage":"de","potentialAction":[{"@type":"ReadAction","target":["https:\/\/partsandpieces.nl\/product\/sleutelplaat-kabinet-messing-antiek-100x80mm\/"]}]},{"@type":"ImageObject","inLanguage":"de","@id":"https:\/\/partsandpieces.nl\/product\/sleutelplaat-kabinet-messing-antiek-100x80mm\/#primaryimage","url":"https:\/\/partsandpieces.nl\/wp-content\/uploads\/2020\/07\/Sleutelplaat-Kabinet-Messing-antiek-100x80mm.jpg","contentUrl":"https:\/\/partsandpieces.nl\/wp-content\/uploads\/2020\/07\/Sleutelplaat-Kabinet-Messing-antiek-100x80mm.jpg","width":440,"height":441,"caption":"Sleutelplaat Kabinet Messing antiek 100x80mm"},{"@type":"BreadcrumbList","@id":"https:\/\/partsandpieces.nl\/product\/sleutelplaat-kabinet-messing-antiek-100x80mm\/#breadcrumb","itemListElement":[{"@type":"ListItem","position":1,"name":"Home","item":"https:\/\/partsandpieces.nl\/home\/"},{"@type":"ListItem","position":2,"name":"Winkel","item":"https:\/\/partsandpieces.nl\/winkel\/"},{"@type":"ListItem","position":3,"name":"Sleutelplaat Kabinet Messing antiek 100x80mm"}]},{"@type":"WebSite","@id":"https:\/\/partsandpieces.nl\/#website","url":"https:\/\/partsandpieces.nl\/","name":"Teile &amp; St\u00fccke","description":"Alles f\u00fcr Ihre M\u00f6belrestaurierung und -pflege!","potentialAction":[{"@type":"SearchAction","target":{"@type":"EntryPoint","urlTemplate":"https:\/\/partsandpieces.nl\/?s={search_term_string}"},"query-input":{"@type":"PropertyValueSpecification","valueRequired":true,"valueName":"search_term_string"}}],"inLanguage":"de"}]}},"_links":{"self":[{"href":"https:\/\/partsandpieces.nl\/de\/wp-json\/wp\/v2\/product\/437","targetHints":{"allow":["GET"]}}],"collection":[{"href":"https:\/\/partsandpieces.nl\/de\/wp-json\/wp\/v2\/product"}],"about":[{"href":"https:\/\/partsandpieces.nl\/de\/wp-json\/wp\/v2\/types\/product"}],"wp:featuredmedia":[{"embeddable":true,"href":"https:\/\/partsandpieces.nl\/de\/wp-json\/wp\/v2\/media\/8039"}],"wp:attachment":[{"href":"https:\/\/partsandpieces.nl\/de\/wp-json\/wp\/v2\/media?parent=437"}],"wp:term":[{"taxonomy":"product_brand","embeddable":true,"href":"https:\/\/partsandpieces.nl\/de\/wp-json\/wp\/v2\/product_brand?post=437"},{"taxonomy":"product_cat","embeddable":true,"href":"https:\/\/partsandpieces.nl\/de\/wp-json\/wp\/v2\/product_cat?post=437"},{"taxonomy":"product_tag","embeddable":true,"href":"https:\/\/partsandpieces.nl\/de\/wp-json\/wp\/v2\/product_tag?post=437"}],"curies":[{"name":"wp","href":"https:\/\/api.w.org\/{rel}","templated":true}]}}