{"id":441,"date":"2020-07-15T09:14:11","date_gmt":"2020-07-15T09:14:11","guid":{"rendered":"https:\/\/partsandpieces.bonsaidev.nl\/?product=sleutelplaat-vogel-2490"},"modified":"2024-11-26T12:06:55","modified_gmt":"2024-11-26T11:06:55","slug":"schlusselplatte-kupfervogel-vertikal-27x90mm","status":"publish","type":"product","link":"https:\/\/partsandpieces.nl\/de\/product\/sleutelplaat-latoenkoper-vogel-verticaal-27x90mm\/","title":{"rendered":"Schl\u00fcsselplatte Latoencopper Bird vertikal 27x90mm"},"content":{"rendered":"<p><strong>Schl\u00fcsselplatte Latoencopper Bird vertikal 27x90mm<\/strong> ist ein vertikal ausgerichtetes Schl\u00fcsselschild f\u00fcr Ihre M\u00f6belt\u00fcren. Die Schl\u00fcsselplatte hat eine gl\u00e4nzende Messingoberfl\u00e4che und ist oben mit einem Vogelmotiv verziert. Die Schl\u00fcsselplatte besteht aus gepr\u00e4gtem Kupfer*.<\/p>\n<p>Dieses hochwertige Schl\u00fcsselschild wird in Italien hergestellt.<\/p>\n<p><strong>Ma\u00dfe<br \/>\n<\/strong>Die Schl\u00fcsselplatte Latoencopper Bird vertikal 27x90mm hat eine Breite von 27mm und eine H\u00f6he von 90mm. Das Schl\u00fcsselloch ist 18 mm hoch.<\/p>\n<p><strong>Bearbeiten<br \/>\n<\/strong>Sie k\u00f6nnen die Schl\u00fcsselplatte mit 2 kleinen Schrauben befestigen. Ich werde diese Schrauben NICHT mit Ihrer Bestellung verschicken.<\/p>\n<p>* Messingkupfer ist Messing oder gelbes Kupfer in Form von Folie. Es besteht aus einer Legierung aus Kupfer (55-70%) und Zink (30-45%). Es wird auch \u201egelbes Kupfer\u201c genannt, da das Material eine deutlich gelbere Farbe hat als Messing oder Kupfer.<\/p>","protected":false},"excerpt":{"rendered":"<p>Sleutelplaat Latoenkoper Vogel verticaal 27x90mm is een verticaal gerichte sleutelplaat voor je meubeldeurtjes. De sleutelplaat heeft een glanzende messing afwerking en is versierd met een vogel motief aan de bovenkant. De sleutelplaat is gemaakt van gestanst latoenkoper*. Deze kwalitatief uitstekende sleutelplaat is gemaakt in Itali\u00eb. Afmetingen Sleutelplaat Latoenkoper Vogel verticaal 27x90mm heeft een breedte van [&hellip;]<\/p>\n","protected":false},"featured_media":7545,"template":"","meta":{"_acf_changed":false},"product_brand":[],"product_cat":[32,23,48],"product_tag":[],"class_list":{"0":"post-441","1":"product","2":"type-product","3":"status-publish","4":"has-post-thumbnail","6":"product_cat-kabinetbeslag","7":"product_cat-meubelbeslag","8":"product_cat-sleutelplaten","10":"first","11":"instock","12":"taxable","13":"shipping-taxable","14":"purchasable","15":"product-type-simple"},"acf":[],"yoast_head":"<!-- This site is optimized with the Yoast SEO plugin v27.3 - https:\/\/yoast.com\/product\/yoast-seo-wordpress\/ -->\n<title>Sleutelplaat Latoenkoper Vogel verticaal<\/title>\n<meta name=\"description\" content=\"Sleutelplaat Latoenkoper Vogel verticaal 27x90mm is een verticaal gerichte sleutelplaat met een glanzende messing afwerking en versierd met een vogel.\" \/>\n<meta name=\"robots\" content=\"index, follow, max-snippet:-1, max-image-preview:large, max-video-preview:-1\" \/>\n<link rel=\"canonical\" href=\"https:\/\/partsandpieces.nl\/de\/produkt\/schlusselplatte-kupfervogel-vertikal-27x90mm\/\" \/>\n<meta property=\"og:locale\" content=\"de_DE\" \/>\n<meta property=\"og:type\" content=\"article\" \/>\n<meta property=\"og:title\" content=\"Sleutelplaat Latoenkoper Vogel verticaal\" \/>\n<meta property=\"og:description\" content=\"Sleutelplaat Latoenkoper Vogel verticaal 27x90mm is een verticaal gerichte sleutelplaat met een glanzende messing afwerking en versierd met een vogel.\" \/>\n<meta property=\"og:url\" content=\"https:\/\/partsandpieces.nl\/de\/produkt\/schlusselplatte-kupfervogel-vertikal-27x90mm\/\" \/>\n<meta property=\"og:site_name\" content=\"Parts &amp; Pieces\" \/>\n<meta property=\"article:modified_time\" content=\"2024-11-26T11:06:55+00:00\" \/>\n<meta property=\"og:image\" content=\"https:\/\/partsandpieces.nl\/wp-content\/uploads\/2020\/07\/Sleutelplaat-Latoenkoper-Vogel-verticaal-27x90mm.jpg\" \/>\n\t<meta property=\"og:image:width\" content=\"401\" \/>\n\t<meta property=\"og:image:height\" content=\"401\" \/>\n\t<meta property=\"og:image:type\" content=\"image\/jpeg\" \/>\n<meta name=\"twitter:card\" content=\"summary_large_image\" \/>\n<meta name=\"twitter:label1\" content=\"Gesch\u00e4tzte Lesezeit\" \/>\n\t<meta name=\"twitter:data1\" content=\"1\u00a0Minute\" \/>\n<script type=\"application\/ld+json\" class=\"yoast-schema-graph\">{\"@context\":\"https:\\\/\\\/schema.org\",\"@graph\":[{\"@type\":\"WebPage\",\"@id\":\"https:\\\/\\\/partsandpieces.nl\\\/product\\\/sleutelplaat-latoenkoper-vogel-verticaal-27x90mm\\\/\",\"url\":\"https:\\\/\\\/partsandpieces.nl\\\/product\\\/sleutelplaat-latoenkoper-vogel-verticaal-27x90mm\\\/\",\"name\":\"Sleutelplaat Latoenkoper Vogel verticaal\",\"isPartOf\":{\"@id\":\"https:\\\/\\\/partsandpieces.nl\\\/#website\"},\"primaryImageOfPage\":{\"@id\":\"https:\\\/\\\/partsandpieces.nl\\\/product\\\/sleutelplaat-latoenkoper-vogel-verticaal-27x90mm\\\/#primaryimage\"},\"image\":{\"@id\":\"https:\\\/\\\/partsandpieces.nl\\\/product\\\/sleutelplaat-latoenkoper-vogel-verticaal-27x90mm\\\/#primaryimage\"},\"thumbnailUrl\":\"https:\\\/\\\/partsandpieces.nl\\\/wp-content\\\/uploads\\\/2020\\\/07\\\/Sleutelplaat-Latoenkoper-Vogel-verticaal-27x90mm.jpg\",\"datePublished\":\"2020-07-15T09:14:11+00:00\",\"dateModified\":\"2024-11-26T11:06:55+00:00\",\"description\":\"Sleutelplaat Latoenkoper Vogel verticaal 27x90mm is een verticaal gerichte sleutelplaat met een glanzende messing afwerking en versierd met een vogel.\",\"breadcrumb\":{\"@id\":\"https:\\\/\\\/partsandpieces.nl\\\/product\\\/sleutelplaat-latoenkoper-vogel-verticaal-27x90mm\\\/#breadcrumb\"},\"inLanguage\":\"de\",\"potentialAction\":[{\"@type\":\"ReadAction\",\"target\":[\"https:\\\/\\\/partsandpieces.nl\\\/product\\\/sleutelplaat-latoenkoper-vogel-verticaal-27x90mm\\\/\"]}]},{\"@type\":\"ImageObject\",\"inLanguage\":\"de\",\"@id\":\"https:\\\/\\\/partsandpieces.nl\\\/product\\\/sleutelplaat-latoenkoper-vogel-verticaal-27x90mm\\\/#primaryimage\",\"url\":\"https:\\\/\\\/partsandpieces.nl\\\/wp-content\\\/uploads\\\/2020\\\/07\\\/Sleutelplaat-Latoenkoper-Vogel-verticaal-27x90mm.jpg\",\"contentUrl\":\"https:\\\/\\\/partsandpieces.nl\\\/wp-content\\\/uploads\\\/2020\\\/07\\\/Sleutelplaat-Latoenkoper-Vogel-verticaal-27x90mm.jpg\",\"width\":401,\"height\":401,\"caption\":\"Sleutelplaat Latoenkoper Vogel verticaal 27x90mm\"},{\"@type\":\"BreadcrumbList\",\"@id\":\"https:\\\/\\\/partsandpieces.nl\\\/product\\\/sleutelplaat-latoenkoper-vogel-verticaal-27x90mm\\\/#breadcrumb\",\"itemListElement\":[{\"@type\":\"ListItem\",\"position\":1,\"name\":\"Home\",\"item\":\"https:\\\/\\\/partsandpieces.nl\\\/home\\\/\"},{\"@type\":\"ListItem\",\"position\":2,\"name\":\"Winkel\",\"item\":\"https:\\\/\\\/partsandpieces.nl\\\/winkel\\\/\"},{\"@type\":\"ListItem\",\"position\":3,\"name\":\"Sleutelplaat Latoenkoper Vogel verticaal 27x90mm\"}]},{\"@type\":\"WebSite\",\"@id\":\"https:\\\/\\\/partsandpieces.nl\\\/#website\",\"url\":\"https:\\\/\\\/partsandpieces.nl\\\/\",\"name\":\"Parts &amp; Pieces\",\"description\":\"Alles voor uw meubelrestauratie en -onderhoud!\",\"potentialAction\":[{\"@type\":\"SearchAction\",\"target\":{\"@type\":\"EntryPoint\",\"urlTemplate\":\"https:\\\/\\\/partsandpieces.nl\\\/?s={search_term_string}\"},\"query-input\":{\"@type\":\"PropertyValueSpecification\",\"valueRequired\":true,\"valueName\":\"search_term_string\"}}],\"inLanguage\":\"de\"}]}<\/script>\n<!-- \/ Yoast SEO plugin. -->","yoast_head_json":{"title":"Schl\u00fcsselplatte Latoenkopper Bird vertikal","description":"Schl\u00fcsselplatte Latoencopper Bird Vertical 27x90mm ist eine vertikal ausgerichtete Schl\u00fcsselplatte mit gl\u00e4nzendem Messingfinish und verziert mit einem Vogel.","robots":{"index":"index","follow":"follow","max-snippet":"max-snippet:-1","max-image-preview":"max-image-preview:large","max-video-preview":"max-video-preview:-1"},"canonical":"https:\/\/partsandpieces.nl\/de\/produkt\/schlusselplatte-kupfervogel-vertikal-27x90mm\/","og_locale":"de_DE","og_type":"article","og_title":"Sleutelplaat Latoenkoper Vogel verticaal","og_description":"Sleutelplaat Latoenkoper Vogel verticaal 27x90mm is een verticaal gerichte sleutelplaat met een glanzende messing afwerking en versierd met een vogel.","og_url":"https:\/\/partsandpieces.nl\/de\/produkt\/schlusselplatte-kupfervogel-vertikal-27x90mm\/","og_site_name":"Parts &amp; Pieces","article_modified_time":"2024-11-26T11:06:55+00:00","og_image":[{"width":401,"height":401,"url":"https:\/\/partsandpieces.nl\/wp-content\/uploads\/2020\/07\/Sleutelplaat-Latoenkoper-Vogel-verticaal-27x90mm.jpg","type":"image\/jpeg"}],"twitter_card":"summary_large_image","twitter_misc":{"Gesch\u00e4tzte Lesezeit":"1\u00a0Minute"},"schema":{"@context":"https:\/\/schema.org","@graph":[{"@type":"WebPage","@id":"https:\/\/partsandpieces.nl\/product\/sleutelplaat-latoenkoper-vogel-verticaal-27x90mm\/","url":"https:\/\/partsandpieces.nl\/product\/sleutelplaat-latoenkoper-vogel-verticaal-27x90mm\/","name":"Schl\u00fcsselplatte Latoenkopper Bird vertikal","isPartOf":{"@id":"https:\/\/partsandpieces.nl\/#website"},"primaryImageOfPage":{"@id":"https:\/\/partsandpieces.nl\/product\/sleutelplaat-latoenkoper-vogel-verticaal-27x90mm\/#primaryimage"},"image":{"@id":"https:\/\/partsandpieces.nl\/product\/sleutelplaat-latoenkoper-vogel-verticaal-27x90mm\/#primaryimage"},"thumbnailUrl":"https:\/\/partsandpieces.nl\/wp-content\/uploads\/2020\/07\/Sleutelplaat-Latoenkoper-Vogel-verticaal-27x90mm.jpg","datePublished":"2020-07-15T09:14:11+00:00","dateModified":"2024-11-26T11:06:55+00:00","description":"Schl\u00fcsselplatte Latoencopper Bird Vertical 27x90mm ist eine vertikal ausgerichtete Schl\u00fcsselplatte mit gl\u00e4nzendem Messingfinish und verziert mit einem Vogel.","breadcrumb":{"@id":"https:\/\/partsandpieces.nl\/product\/sleutelplaat-latoenkoper-vogel-verticaal-27x90mm\/#breadcrumb"},"inLanguage":"de","potentialAction":[{"@type":"ReadAction","target":["https:\/\/partsandpieces.nl\/product\/sleutelplaat-latoenkoper-vogel-verticaal-27x90mm\/"]}]},{"@type":"ImageObject","inLanguage":"de","@id":"https:\/\/partsandpieces.nl\/product\/sleutelplaat-latoenkoper-vogel-verticaal-27x90mm\/#primaryimage","url":"https:\/\/partsandpieces.nl\/wp-content\/uploads\/2020\/07\/Sleutelplaat-Latoenkoper-Vogel-verticaal-27x90mm.jpg","contentUrl":"https:\/\/partsandpieces.nl\/wp-content\/uploads\/2020\/07\/Sleutelplaat-Latoenkoper-Vogel-verticaal-27x90mm.jpg","width":401,"height":401,"caption":"Sleutelplaat Latoenkoper Vogel verticaal 27x90mm"},{"@type":"BreadcrumbList","@id":"https:\/\/partsandpieces.nl\/product\/sleutelplaat-latoenkoper-vogel-verticaal-27x90mm\/#breadcrumb","itemListElement":[{"@type":"ListItem","position":1,"name":"Home","item":"https:\/\/partsandpieces.nl\/home\/"},{"@type":"ListItem","position":2,"name":"Winkel","item":"https:\/\/partsandpieces.nl\/winkel\/"},{"@type":"ListItem","position":3,"name":"Sleutelplaat Latoenkoper Vogel verticaal 27x90mm"}]},{"@type":"WebSite","@id":"https:\/\/partsandpieces.nl\/#website","url":"https:\/\/partsandpieces.nl\/","name":"Teile &amp; St\u00fccke","description":"Alles f\u00fcr Ihre M\u00f6belrestaurierung und -pflege!","potentialAction":[{"@type":"SearchAction","target":{"@type":"EntryPoint","urlTemplate":"https:\/\/partsandpieces.nl\/?s={search_term_string}"},"query-input":{"@type":"PropertyValueSpecification","valueRequired":true,"valueName":"search_term_string"}}],"inLanguage":"de"}]}},"_links":{"self":[{"href":"https:\/\/partsandpieces.nl\/de\/wp-json\/wp\/v2\/product\/441","targetHints":{"allow":["GET"]}}],"collection":[{"href":"https:\/\/partsandpieces.nl\/de\/wp-json\/wp\/v2\/product"}],"about":[{"href":"https:\/\/partsandpieces.nl\/de\/wp-json\/wp\/v2\/types\/product"}],"wp:featuredmedia":[{"embeddable":true,"href":"https:\/\/partsandpieces.nl\/de\/wp-json\/wp\/v2\/media\/7545"}],"wp:attachment":[{"href":"https:\/\/partsandpieces.nl\/de\/wp-json\/wp\/v2\/media?parent=441"}],"wp:term":[{"taxonomy":"product_brand","embeddable":true,"href":"https:\/\/partsandpieces.nl\/de\/wp-json\/wp\/v2\/product_brand?post=441"},{"taxonomy":"product_cat","embeddable":true,"href":"https:\/\/partsandpieces.nl\/de\/wp-json\/wp\/v2\/product_cat?post=441"},{"taxonomy":"product_tag","embeddable":true,"href":"https:\/\/partsandpieces.nl\/de\/wp-json\/wp\/v2\/product_tag?post=441"}],"curies":[{"name":"wp","href":"https:\/\/api.w.org\/{rel}","templated":true}]}}