{"id":443,"date":"2020-07-15T09:16:15","date_gmt":"2020-07-15T09:16:15","guid":{"rendered":"https:\/\/partsandpieces.bonsaidev.nl\/?product=sleutelplaat-messing-8056"},"modified":"2024-11-26T12:07:15","modified_gmt":"2024-11-26T11:07:15","slug":"schlusselplatte-messing-antik-2-seiten-80x56mm","status":"publish","type":"product","link":"https:\/\/partsandpieces.nl\/de\/product\/sleutelplaat-messing-antiek-2-gezichten-80x56mm\/","title":{"rendered":"Schl\u00fcsselschild Messing antik &#039;2 Gesichter&#039; 80x56mm"},"content":{"rendered":"<p><strong>Schl\u00fcsselschild Messing antik &#039;2 Gesichter&#039; 80x56mm<\/strong> ist eine wundersch\u00f6n gearbeitete Schl\u00fcsselplatte f\u00fcr M\u00f6belschubladen aus massivem Messing. Das Schl\u00fcsselschild hat ein antikes Messingfinish und eine Verzierung mit 2 Gesichtern auf der Au\u00dfenseite.<\/p>\n<p><strong>Ma\u00dfe<br \/>\n<\/strong>Schl\u00fcsselplatte Messing antik &#039;2 Gesichter&#039; 80x56mm hat eine Breite von 80mm und eine H\u00f6he von 56mm.<\/p>\n<p><strong>Bearbeiten<br \/>\n<\/strong>Sie k\u00f6nnen die Schl\u00fcsselplatte mit montieren\u00a0<span style=\"text-decoration: underline;\"><a href=\"https:\/\/partsandpieces.nl\/de\/produkt\/schrauben-mit-rundkopf-antikbronze-mit-schlitz-2-x-14-mm\/\">Schraube Rundkopf Antik Bronze mit Schlitz (2x14mm)<\/a><\/span>. Ich schicke diese Schrauben\u00a0<strong>FREI<\/strong>\u00a0mit Ihrer Bestellung.<\/p>","protected":false},"excerpt":{"rendered":"<p>Sleutelplaat Messing antiek &#8216;2 gezichten\u2019 80x56mm is een mooi bewerkte sleutelplaat voor meubellades gemaakt van massief messing. De sleutelplaat heeft een antieke messing afwerking en een decoratie met 2 gezichtjes aan de buitenzijdes. Afmetingen Sleutelplaat Messing antiek &#8216;2 gezichten\u2019 80x56mm heeft een breedte van 80mm en een hoogte van 56mm. Montage Je kunt de sleutelplaat [&hellip;]<\/p>\n","protected":false},"featured_media":6968,"template":"","meta":{"_acf_changed":false},"product_brand":[],"product_cat":[23,48],"product_tag":[],"class_list":{"0":"post-443","1":"product","2":"type-product","3":"status-publish","4":"has-post-thumbnail","6":"product_cat-meubelbeslag","7":"product_cat-sleutelplaten","9":"first","10":"instock","11":"taxable","12":"shipping-taxable","13":"purchasable","14":"product-type-simple"},"acf":[],"yoast_head":"<!-- This site is optimized with the Yoast SEO plugin v27.3 - https:\/\/yoast.com\/product\/yoast-seo-wordpress\/ -->\n<title>Sleutelplaat Messing antiek 80x56mm<\/title>\n<meta name=\"description\" content=\"Sleutelplaat Messing antiek &#039;2 gezichten\u2019 80x56mm is een mooi bewerkte sleutelplaat voor meubellades van massief messing. Heeft decoratie met 2 gezichtjes.\" \/>\n<meta name=\"robots\" content=\"index, follow, max-snippet:-1, max-image-preview:large, max-video-preview:-1\" \/>\n<link rel=\"canonical\" href=\"https:\/\/partsandpieces.nl\/de\/produkt\/schlusselplatte-messing-antik-2-seiten-80x56mm\/\" \/>\n<meta property=\"og:locale\" content=\"de_DE\" \/>\n<meta property=\"og:type\" content=\"article\" \/>\n<meta property=\"og:title\" content=\"Sleutelplaat Messing antiek 80x56mm\" \/>\n<meta property=\"og:description\" content=\"Sleutelplaat Messing antiek &#039;2 gezichten\u2019 80x56mm is een mooi bewerkte sleutelplaat voor meubellades van massief messing. Heeft decoratie met 2 gezichtjes.\" \/>\n<meta property=\"og:url\" content=\"https:\/\/partsandpieces.nl\/de\/produkt\/schlusselplatte-messing-antik-2-seiten-80x56mm\/\" \/>\n<meta property=\"og:site_name\" content=\"Parts &amp; Pieces\" \/>\n<meta property=\"article:modified_time\" content=\"2024-11-26T11:07:15+00:00\" \/>\n<meta property=\"og:image\" content=\"https:\/\/partsandpieces.nl\/wp-content\/uploads\/2020\/07\/Sleutelplaat-Messing-antiek-2-gezichten-80x56mm.jpg\" \/>\n\t<meta property=\"og:image:width\" content=\"420\" \/>\n\t<meta property=\"og:image:height\" content=\"451\" \/>\n\t<meta property=\"og:image:type\" content=\"image\/jpeg\" \/>\n<meta name=\"twitter:card\" content=\"summary_large_image\" \/>\n<meta name=\"twitter:label1\" content=\"Gesch\u00e4tzte Lesezeit\" \/>\n\t<meta name=\"twitter:data1\" content=\"1\u00a0Minute\" \/>\n<script type=\"application\/ld+json\" class=\"yoast-schema-graph\">{\"@context\":\"https:\\\/\\\/schema.org\",\"@graph\":[{\"@type\":\"WebPage\",\"@id\":\"https:\\\/\\\/partsandpieces.nl\\\/product\\\/sleutelplaat-messing-antiek-2-gezichten-80x56mm\\\/\",\"url\":\"https:\\\/\\\/partsandpieces.nl\\\/product\\\/sleutelplaat-messing-antiek-2-gezichten-80x56mm\\\/\",\"name\":\"Sleutelplaat Messing antiek 80x56mm\",\"isPartOf\":{\"@id\":\"https:\\\/\\\/partsandpieces.nl\\\/#website\"},\"primaryImageOfPage\":{\"@id\":\"https:\\\/\\\/partsandpieces.nl\\\/product\\\/sleutelplaat-messing-antiek-2-gezichten-80x56mm\\\/#primaryimage\"},\"image\":{\"@id\":\"https:\\\/\\\/partsandpieces.nl\\\/product\\\/sleutelplaat-messing-antiek-2-gezichten-80x56mm\\\/#primaryimage\"},\"thumbnailUrl\":\"https:\\\/\\\/partsandpieces.nl\\\/wp-content\\\/uploads\\\/2020\\\/07\\\/Sleutelplaat-Messing-antiek-2-gezichten-80x56mm.jpg\",\"datePublished\":\"2020-07-15T09:16:15+00:00\",\"dateModified\":\"2024-11-26T11:07:15+00:00\",\"description\":\"Sleutelplaat Messing antiek '2 gezichten\u2019 80x56mm is een mooi bewerkte sleutelplaat voor meubellades van massief messing. Heeft decoratie met 2 gezichtjes.\",\"breadcrumb\":{\"@id\":\"https:\\\/\\\/partsandpieces.nl\\\/product\\\/sleutelplaat-messing-antiek-2-gezichten-80x56mm\\\/#breadcrumb\"},\"inLanguage\":\"de\",\"potentialAction\":[{\"@type\":\"ReadAction\",\"target\":[\"https:\\\/\\\/partsandpieces.nl\\\/product\\\/sleutelplaat-messing-antiek-2-gezichten-80x56mm\\\/\"]}]},{\"@type\":\"ImageObject\",\"inLanguage\":\"de\",\"@id\":\"https:\\\/\\\/partsandpieces.nl\\\/product\\\/sleutelplaat-messing-antiek-2-gezichten-80x56mm\\\/#primaryimage\",\"url\":\"https:\\\/\\\/partsandpieces.nl\\\/wp-content\\\/uploads\\\/2020\\\/07\\\/Sleutelplaat-Messing-antiek-2-gezichten-80x56mm.jpg\",\"contentUrl\":\"https:\\\/\\\/partsandpieces.nl\\\/wp-content\\\/uploads\\\/2020\\\/07\\\/Sleutelplaat-Messing-antiek-2-gezichten-80x56mm.jpg\",\"width\":420,\"height\":451,\"caption\":\"Sleutelplaat Messing antiek '2 gezichten\u2019 80x56mm\"},{\"@type\":\"BreadcrumbList\",\"@id\":\"https:\\\/\\\/partsandpieces.nl\\\/product\\\/sleutelplaat-messing-antiek-2-gezichten-80x56mm\\\/#breadcrumb\",\"itemListElement\":[{\"@type\":\"ListItem\",\"position\":1,\"name\":\"Home\",\"item\":\"https:\\\/\\\/partsandpieces.nl\\\/home\\\/\"},{\"@type\":\"ListItem\",\"position\":2,\"name\":\"Winkel\",\"item\":\"https:\\\/\\\/partsandpieces.nl\\\/winkel\\\/\"},{\"@type\":\"ListItem\",\"position\":3,\"name\":\"Sleutelplaat Messing antiek &#8216;2 gezichten\u2019 80x56mm\"}]},{\"@type\":\"WebSite\",\"@id\":\"https:\\\/\\\/partsandpieces.nl\\\/#website\",\"url\":\"https:\\\/\\\/partsandpieces.nl\\\/\",\"name\":\"Parts &amp; Pieces\",\"description\":\"Alles voor uw meubelrestauratie en -onderhoud!\",\"potentialAction\":[{\"@type\":\"SearchAction\",\"target\":{\"@type\":\"EntryPoint\",\"urlTemplate\":\"https:\\\/\\\/partsandpieces.nl\\\/?s={search_term_string}\"},\"query-input\":{\"@type\":\"PropertyValueSpecification\",\"valueRequired\":true,\"valueName\":\"search_term_string\"}}],\"inLanguage\":\"de\"}]}<\/script>\n<!-- \/ Yoast SEO plugin. -->","yoast_head_json":{"title":"Schl\u00fcsselplatte Messing antik 80x56mm","description":"Schl\u00fcsselplatte Messing antik &#039;2 Gesichter&#039; 80x56mm ist eine wundersch\u00f6n gearbeitete Schl\u00fcsselplatte f\u00fcr M\u00f6belschubladen aus massivem Messing. Hat Dekoration mit 2 Gesichtern.","robots":{"index":"index","follow":"follow","max-snippet":"max-snippet:-1","max-image-preview":"max-image-preview:large","max-video-preview":"max-video-preview:-1"},"canonical":"https:\/\/partsandpieces.nl\/de\/produkt\/schlusselplatte-messing-antik-2-seiten-80x56mm\/","og_locale":"de_DE","og_type":"article","og_title":"Sleutelplaat Messing antiek 80x56mm","og_description":"Sleutelplaat Messing antiek '2 gezichten\u2019 80x56mm is een mooi bewerkte sleutelplaat voor meubellades van massief messing. Heeft decoratie met 2 gezichtjes.","og_url":"https:\/\/partsandpieces.nl\/de\/produkt\/schlusselplatte-messing-antik-2-seiten-80x56mm\/","og_site_name":"Parts &amp; Pieces","article_modified_time":"2024-11-26T11:07:15+00:00","og_image":[{"width":420,"height":451,"url":"https:\/\/partsandpieces.nl\/wp-content\/uploads\/2020\/07\/Sleutelplaat-Messing-antiek-2-gezichten-80x56mm.jpg","type":"image\/jpeg"}],"twitter_card":"summary_large_image","twitter_misc":{"Gesch\u00e4tzte Lesezeit":"1\u00a0Minute"},"schema":{"@context":"https:\/\/schema.org","@graph":[{"@type":"WebPage","@id":"https:\/\/partsandpieces.nl\/product\/sleutelplaat-messing-antiek-2-gezichten-80x56mm\/","url":"https:\/\/partsandpieces.nl\/product\/sleutelplaat-messing-antiek-2-gezichten-80x56mm\/","name":"Schl\u00fcsselplatte Messing antik 80x56mm","isPartOf":{"@id":"https:\/\/partsandpieces.nl\/#website"},"primaryImageOfPage":{"@id":"https:\/\/partsandpieces.nl\/product\/sleutelplaat-messing-antiek-2-gezichten-80x56mm\/#primaryimage"},"image":{"@id":"https:\/\/partsandpieces.nl\/product\/sleutelplaat-messing-antiek-2-gezichten-80x56mm\/#primaryimage"},"thumbnailUrl":"https:\/\/partsandpieces.nl\/wp-content\/uploads\/2020\/07\/Sleutelplaat-Messing-antiek-2-gezichten-80x56mm.jpg","datePublished":"2020-07-15T09:16:15+00:00","dateModified":"2024-11-26T11:07:15+00:00","description":"Schl\u00fcsselplatte Messing antik &#039;2 Gesichter&#039; 80x56mm ist eine wundersch\u00f6n gearbeitete Schl\u00fcsselplatte f\u00fcr M\u00f6belschubladen aus massivem Messing. Hat Dekoration mit 2 Gesichtern.","breadcrumb":{"@id":"https:\/\/partsandpieces.nl\/product\/sleutelplaat-messing-antiek-2-gezichten-80x56mm\/#breadcrumb"},"inLanguage":"de","potentialAction":[{"@type":"ReadAction","target":["https:\/\/partsandpieces.nl\/product\/sleutelplaat-messing-antiek-2-gezichten-80x56mm\/"]}]},{"@type":"ImageObject","inLanguage":"de","@id":"https:\/\/partsandpieces.nl\/product\/sleutelplaat-messing-antiek-2-gezichten-80x56mm\/#primaryimage","url":"https:\/\/partsandpieces.nl\/wp-content\/uploads\/2020\/07\/Sleutelplaat-Messing-antiek-2-gezichten-80x56mm.jpg","contentUrl":"https:\/\/partsandpieces.nl\/wp-content\/uploads\/2020\/07\/Sleutelplaat-Messing-antiek-2-gezichten-80x56mm.jpg","width":420,"height":451,"caption":"Sleutelplaat Messing antiek '2 gezichten\u2019 80x56mm"},{"@type":"BreadcrumbList","@id":"https:\/\/partsandpieces.nl\/product\/sleutelplaat-messing-antiek-2-gezichten-80x56mm\/#breadcrumb","itemListElement":[{"@type":"ListItem","position":1,"name":"Home","item":"https:\/\/partsandpieces.nl\/home\/"},{"@type":"ListItem","position":2,"name":"Winkel","item":"https:\/\/partsandpieces.nl\/winkel\/"},{"@type":"ListItem","position":3,"name":"Sleutelplaat Messing antiek &#8216;2 gezichten\u2019 80x56mm"}]},{"@type":"WebSite","@id":"https:\/\/partsandpieces.nl\/#website","url":"https:\/\/partsandpieces.nl\/","name":"Teile &amp; St\u00fccke","description":"Alles f\u00fcr Ihre M\u00f6belrestaurierung und -pflege!","potentialAction":[{"@type":"SearchAction","target":{"@type":"EntryPoint","urlTemplate":"https:\/\/partsandpieces.nl\/?s={search_term_string}"},"query-input":{"@type":"PropertyValueSpecification","valueRequired":true,"valueName":"search_term_string"}}],"inLanguage":"de"}]}},"_links":{"self":[{"href":"https:\/\/partsandpieces.nl\/de\/wp-json\/wp\/v2\/product\/443","targetHints":{"allow":["GET"]}}],"collection":[{"href":"https:\/\/partsandpieces.nl\/de\/wp-json\/wp\/v2\/product"}],"about":[{"href":"https:\/\/partsandpieces.nl\/de\/wp-json\/wp\/v2\/types\/product"}],"wp:featuredmedia":[{"embeddable":true,"href":"https:\/\/partsandpieces.nl\/de\/wp-json\/wp\/v2\/media\/6968"}],"wp:attachment":[{"href":"https:\/\/partsandpieces.nl\/de\/wp-json\/wp\/v2\/media?parent=443"}],"wp:term":[{"taxonomy":"product_brand","embeddable":true,"href":"https:\/\/partsandpieces.nl\/de\/wp-json\/wp\/v2\/product_brand?post=443"},{"taxonomy":"product_cat","embeddable":true,"href":"https:\/\/partsandpieces.nl\/de\/wp-json\/wp\/v2\/product_cat?post=443"},{"taxonomy":"product_tag","embeddable":true,"href":"https:\/\/partsandpieces.nl\/de\/wp-json\/wp\/v2\/product_tag?post=443"}],"curies":[{"name":"wp","href":"https:\/\/api.w.org\/{rel}","templated":true}]}}