{"id":458,"date":"2020-07-15T09:36:37","date_gmt":"2020-07-15T09:36:37","guid":{"rendered":"https:\/\/partsandpieces.bonsaidev.nl\/?product=sleutelplaat-latoenkoper-1664442801"},"modified":"2025-06-27T17:49:37","modified_gmt":"2025-06-27T15:49:37","slug":"schlusselplatte-kupfer-vertikal-50x137mm","status":"publish","type":"product","link":"https:\/\/partsandpieces.nl\/de\/product\/sleutelplaat-latoenkoper-verticaal-50x137mm\/","title":{"rendered":"Schl\u00fcsselplatte Kupfer Kupfer vertikal 50x137mm"},"content":{"rendered":"<p><strong>Schl\u00fcsselplatte Kupfer Kupfer vertikal 50x137mm<\/strong> ist ein vertikal ausgerichtetes Schl\u00fcsselschild f\u00fcr Ihre M\u00f6belt\u00fcren. Die Schl\u00fcsselplatte hat eine gl\u00e4nzende Messingoberfl\u00e4che und ist oben mit einer r\u00f6mischen Skala und unten mit einem Spiegelmotiv verziert. Die Schl\u00fcsselplatte besteht aus gepr\u00e4gtem Kupfer*.<\/p>\n<p>Dieses hochwertige Schl\u00fcsselschild wird in Italien hergestellt.<\/p>\n<p><strong>Ma\u00dfe<br \/>\n<\/strong>Schl\u00fcsselplatte Kupfer Kupfer vertikal 50x137mm hat eine Breite von 50mm und eine H\u00f6he von 137mm. Das Schl\u00fcsselloch ist 20 mm hoch.<\/p>\n<p><strong>Bearbeiten<br \/>\n<\/strong>Sie k\u00f6nnen die Schl\u00fcsselplatte mit 4 kleinen Schrauben befestigen. Ich werde diese Schrauben NICHT mit Ihrer Bestellung verschicken.<\/p>\n<p>* Messingkupfer ist Messing oder gelbes Kupfer in Form von Folie. Es besteht aus einer Legierung aus Kupfer (55-70%) und Zink (30-45%). Es wird auch \u201egelbes Kupfer\u201c genannt, da das Material eine deutlich gelbere Farbe hat als Messing oder Kupfer.<\/p>","protected":false},"excerpt":{"rendered":"<p>Sleutelplaat Latoenkoper verticaal 50x137mm is een verticaal gerichte sleutelplaat voor je meubeldeurtjes. De sleutelplaat heeft een glanzende messing afwerking en is versierd met een Romeinse schaal aan de bovenkant en een spiegel motief aan de onderkant. De sleutelplaat is gemaakt van gestanst latoenkoper*. Deze kwalitatief uitstekende sleutelplaat is gemaakt in Itali\u00eb. Afmetingen Sleutelplaat Latoenkoper verticaal [&hellip;]<\/p>\n","protected":false},"featured_media":7350,"template":"","meta":{"_acf_changed":false},"product_brand":[],"product_cat":[32,23,48],"product_tag":[],"class_list":{"0":"post-458","1":"product","2":"type-product","3":"status-publish","4":"has-post-thumbnail","6":"product_cat-kabinetbeslag","7":"product_cat-meubelbeslag","8":"product_cat-sleutelplaten","10":"first","11":"instock","12":"taxable","13":"shipping-taxable","14":"purchasable","15":"product-type-simple"},"acf":[],"yoast_head":"<!-- This site is optimized with the Yoast SEO plugin v27.3 - https:\/\/yoast.com\/product\/yoast-seo-wordpress\/ -->\n<title>Sleutelplaat Latoenkoper verticaal 50x137mm<\/title>\n<meta name=\"description\" content=\"Sleutelplaat Latoenkoper verticaal 50x137mm is versierd met een Romeinse schaal aan de bovenkant en een spiegel motief aan de onderkant.\" \/>\n<meta name=\"robots\" content=\"index, follow, max-snippet:-1, max-image-preview:large, max-video-preview:-1\" \/>\n<link rel=\"canonical\" href=\"https:\/\/partsandpieces.nl\/de\/produkt\/schlusselplatte-kupfer-vertikal-50x137mm\/\" \/>\n<meta property=\"og:locale\" content=\"de_DE\" \/>\n<meta property=\"og:type\" content=\"article\" \/>\n<meta property=\"og:title\" content=\"Sleutelplaat Latoenkoper verticaal 50x137mm\" \/>\n<meta property=\"og:description\" content=\"Sleutelplaat Latoenkoper verticaal 50x137mm is versierd met een Romeinse schaal aan de bovenkant en een spiegel motief aan de onderkant.\" \/>\n<meta property=\"og:url\" content=\"https:\/\/partsandpieces.nl\/de\/produkt\/schlusselplatte-kupfer-vertikal-50x137mm\/\" \/>\n<meta property=\"og:site_name\" content=\"Parts &amp; Pieces\" \/>\n<meta property=\"article:modified_time\" content=\"2025-06-27T15:49:37+00:00\" \/>\n<meta property=\"og:image\" content=\"https:\/\/partsandpieces.nl\/wp-content\/uploads\/2020\/07\/Sleutelplaat-Latoenkoper-verticaal-50x137mm.jpg\" \/>\n\t<meta property=\"og:image:width\" content=\"400\" \/>\n\t<meta property=\"og:image:height\" content=\"401\" \/>\n\t<meta property=\"og:image:type\" content=\"image\/jpeg\" \/>\n<meta name=\"twitter:card\" content=\"summary_large_image\" \/>\n<meta name=\"twitter:label1\" content=\"Gesch\u00e4tzte Lesezeit\" \/>\n\t<meta name=\"twitter:data1\" content=\"1\u00a0Minute\" \/>\n<script type=\"application\/ld+json\" class=\"yoast-schema-graph\">{\"@context\":\"https:\\\/\\\/schema.org\",\"@graph\":[{\"@type\":\"WebPage\",\"@id\":\"https:\\\/\\\/partsandpieces.nl\\\/product\\\/sleutelplaat-latoenkoper-verticaal-50x137mm\\\/\",\"url\":\"https:\\\/\\\/partsandpieces.nl\\\/product\\\/sleutelplaat-latoenkoper-verticaal-50x137mm\\\/\",\"name\":\"Sleutelplaat Latoenkoper verticaal 50x137mm\",\"isPartOf\":{\"@id\":\"https:\\\/\\\/partsandpieces.nl\\\/#website\"},\"primaryImageOfPage\":{\"@id\":\"https:\\\/\\\/partsandpieces.nl\\\/product\\\/sleutelplaat-latoenkoper-verticaal-50x137mm\\\/#primaryimage\"},\"image\":{\"@id\":\"https:\\\/\\\/partsandpieces.nl\\\/product\\\/sleutelplaat-latoenkoper-verticaal-50x137mm\\\/#primaryimage\"},\"thumbnailUrl\":\"https:\\\/\\\/partsandpieces.nl\\\/wp-content\\\/uploads\\\/2020\\\/07\\\/Sleutelplaat-Latoenkoper-verticaal-50x137mm.jpg\",\"datePublished\":\"2020-07-15T09:36:37+00:00\",\"dateModified\":\"2025-06-27T15:49:37+00:00\",\"description\":\"Sleutelplaat Latoenkoper verticaal 50x137mm is versierd met een Romeinse schaal aan de bovenkant en een spiegel motief aan de onderkant.\",\"breadcrumb\":{\"@id\":\"https:\\\/\\\/partsandpieces.nl\\\/product\\\/sleutelplaat-latoenkoper-verticaal-50x137mm\\\/#breadcrumb\"},\"inLanguage\":\"de\",\"potentialAction\":[{\"@type\":\"ReadAction\",\"target\":[\"https:\\\/\\\/partsandpieces.nl\\\/product\\\/sleutelplaat-latoenkoper-verticaal-50x137mm\\\/\"]}]},{\"@type\":\"ImageObject\",\"inLanguage\":\"de\",\"@id\":\"https:\\\/\\\/partsandpieces.nl\\\/product\\\/sleutelplaat-latoenkoper-verticaal-50x137mm\\\/#primaryimage\",\"url\":\"https:\\\/\\\/partsandpieces.nl\\\/wp-content\\\/uploads\\\/2020\\\/07\\\/Sleutelplaat-Latoenkoper-verticaal-50x137mm.jpg\",\"contentUrl\":\"https:\\\/\\\/partsandpieces.nl\\\/wp-content\\\/uploads\\\/2020\\\/07\\\/Sleutelplaat-Latoenkoper-verticaal-50x137mm.jpg\",\"width\":400,\"height\":401,\"caption\":\"Sleutelplaat Latoenkoper verticaal 50x137mm\"},{\"@type\":\"BreadcrumbList\",\"@id\":\"https:\\\/\\\/partsandpieces.nl\\\/product\\\/sleutelplaat-latoenkoper-verticaal-50x137mm\\\/#breadcrumb\",\"itemListElement\":[{\"@type\":\"ListItem\",\"position\":1,\"name\":\"Home\",\"item\":\"https:\\\/\\\/partsandpieces.nl\\\/home\\\/\"},{\"@type\":\"ListItem\",\"position\":2,\"name\":\"Winkel\",\"item\":\"https:\\\/\\\/partsandpieces.nl\\\/winkel\\\/\"},{\"@type\":\"ListItem\",\"position\":3,\"name\":\"Sleutelplaat Latoenkoper verticaal 50x137mm\"}]},{\"@type\":\"WebSite\",\"@id\":\"https:\\\/\\\/partsandpieces.nl\\\/#website\",\"url\":\"https:\\\/\\\/partsandpieces.nl\\\/\",\"name\":\"Parts &amp; Pieces\",\"description\":\"Alles voor uw meubelrestauratie en -onderhoud!\",\"potentialAction\":[{\"@type\":\"SearchAction\",\"target\":{\"@type\":\"EntryPoint\",\"urlTemplate\":\"https:\\\/\\\/partsandpieces.nl\\\/?s={search_term_string}\"},\"query-input\":{\"@type\":\"PropertyValueSpecification\",\"valueRequired\":true,\"valueName\":\"search_term_string\"}}],\"inLanguage\":\"de\"}]}<\/script>\n<!-- \/ Yoast SEO plugin. -->","yoast_head_json":{"title":"Schl\u00fcsselplatte Kupfer Kupfer vertikal 50x137mm","description":"Schl\u00fcsselplatte Kupfer Kupfer vertikal 50x137mm ist oben mit einer r\u00f6mischen Skala und unten mit einem Spiegelmotiv verziert.","robots":{"index":"index","follow":"follow","max-snippet":"max-snippet:-1","max-image-preview":"max-image-preview:large","max-video-preview":"max-video-preview:-1"},"canonical":"https:\/\/partsandpieces.nl\/de\/produkt\/schlusselplatte-kupfer-vertikal-50x137mm\/","og_locale":"de_DE","og_type":"article","og_title":"Sleutelplaat Latoenkoper verticaal 50x137mm","og_description":"Sleutelplaat Latoenkoper verticaal 50x137mm is versierd met een Romeinse schaal aan de bovenkant en een spiegel motief aan de onderkant.","og_url":"https:\/\/partsandpieces.nl\/de\/produkt\/schlusselplatte-kupfer-vertikal-50x137mm\/","og_site_name":"Parts &amp; Pieces","article_modified_time":"2025-06-27T15:49:37+00:00","og_image":[{"width":400,"height":401,"url":"https:\/\/partsandpieces.nl\/wp-content\/uploads\/2020\/07\/Sleutelplaat-Latoenkoper-verticaal-50x137mm.jpg","type":"image\/jpeg"}],"twitter_card":"summary_large_image","twitter_misc":{"Gesch\u00e4tzte Lesezeit":"1\u00a0Minute"},"schema":{"@context":"https:\/\/schema.org","@graph":[{"@type":"WebPage","@id":"https:\/\/partsandpieces.nl\/product\/sleutelplaat-latoenkoper-verticaal-50x137mm\/","url":"https:\/\/partsandpieces.nl\/product\/sleutelplaat-latoenkoper-verticaal-50x137mm\/","name":"Schl\u00fcsselplatte Kupfer Kupfer vertikal 50x137mm","isPartOf":{"@id":"https:\/\/partsandpieces.nl\/#website"},"primaryImageOfPage":{"@id":"https:\/\/partsandpieces.nl\/product\/sleutelplaat-latoenkoper-verticaal-50x137mm\/#primaryimage"},"image":{"@id":"https:\/\/partsandpieces.nl\/product\/sleutelplaat-latoenkoper-verticaal-50x137mm\/#primaryimage"},"thumbnailUrl":"https:\/\/partsandpieces.nl\/wp-content\/uploads\/2020\/07\/Sleutelplaat-Latoenkoper-verticaal-50x137mm.jpg","datePublished":"2020-07-15T09:36:37+00:00","dateModified":"2025-06-27T15:49:37+00:00","description":"Schl\u00fcsselplatte Kupfer Kupfer vertikal 50x137mm ist oben mit einer r\u00f6mischen Skala und unten mit einem Spiegelmotiv verziert.","breadcrumb":{"@id":"https:\/\/partsandpieces.nl\/product\/sleutelplaat-latoenkoper-verticaal-50x137mm\/#breadcrumb"},"inLanguage":"de","potentialAction":[{"@type":"ReadAction","target":["https:\/\/partsandpieces.nl\/product\/sleutelplaat-latoenkoper-verticaal-50x137mm\/"]}]},{"@type":"ImageObject","inLanguage":"de","@id":"https:\/\/partsandpieces.nl\/product\/sleutelplaat-latoenkoper-verticaal-50x137mm\/#primaryimage","url":"https:\/\/partsandpieces.nl\/wp-content\/uploads\/2020\/07\/Sleutelplaat-Latoenkoper-verticaal-50x137mm.jpg","contentUrl":"https:\/\/partsandpieces.nl\/wp-content\/uploads\/2020\/07\/Sleutelplaat-Latoenkoper-verticaal-50x137mm.jpg","width":400,"height":401,"caption":"Sleutelplaat Latoenkoper verticaal 50x137mm"},{"@type":"BreadcrumbList","@id":"https:\/\/partsandpieces.nl\/product\/sleutelplaat-latoenkoper-verticaal-50x137mm\/#breadcrumb","itemListElement":[{"@type":"ListItem","position":1,"name":"Home","item":"https:\/\/partsandpieces.nl\/home\/"},{"@type":"ListItem","position":2,"name":"Winkel","item":"https:\/\/partsandpieces.nl\/winkel\/"},{"@type":"ListItem","position":3,"name":"Sleutelplaat Latoenkoper verticaal 50x137mm"}]},{"@type":"WebSite","@id":"https:\/\/partsandpieces.nl\/#website","url":"https:\/\/partsandpieces.nl\/","name":"Teile &amp; St\u00fccke","description":"Alles f\u00fcr Ihre M\u00f6belrestaurierung und -pflege!","potentialAction":[{"@type":"SearchAction","target":{"@type":"EntryPoint","urlTemplate":"https:\/\/partsandpieces.nl\/?s={search_term_string}"},"query-input":{"@type":"PropertyValueSpecification","valueRequired":true,"valueName":"search_term_string"}}],"inLanguage":"de"}]}},"_links":{"self":[{"href":"https:\/\/partsandpieces.nl\/de\/wp-json\/wp\/v2\/product\/458","targetHints":{"allow":["GET"]}}],"collection":[{"href":"https:\/\/partsandpieces.nl\/de\/wp-json\/wp\/v2\/product"}],"about":[{"href":"https:\/\/partsandpieces.nl\/de\/wp-json\/wp\/v2\/types\/product"}],"wp:featuredmedia":[{"embeddable":true,"href":"https:\/\/partsandpieces.nl\/de\/wp-json\/wp\/v2\/media\/7350"}],"wp:attachment":[{"href":"https:\/\/partsandpieces.nl\/de\/wp-json\/wp\/v2\/media?parent=458"}],"wp:term":[{"taxonomy":"product_brand","embeddable":true,"href":"https:\/\/partsandpieces.nl\/de\/wp-json\/wp\/v2\/product_brand?post=458"},{"taxonomy":"product_cat","embeddable":true,"href":"https:\/\/partsandpieces.nl\/de\/wp-json\/wp\/v2\/product_cat?post=458"},{"taxonomy":"product_tag","embeddable":true,"href":"https:\/\/partsandpieces.nl\/de\/wp-json\/wp\/v2\/product_tag?post=458"}],"curies":[{"name":"wp","href":"https:\/\/api.w.org\/{rel}","templated":true}]}}