{"id":462,"date":"2020-07-15T09:46:43","date_gmt":"2020-07-15T09:46:43","guid":{"rendered":"https:\/\/partsandpieces.bonsaidev.nl\/?product=kabinet-beslag-set-v-3-messing-rond-55mm"},"modified":"2025-11-05T16:15:40","modified_gmt":"2025-11-05T15:15:40","slug":"schrankbeschlagset-messing-rund-2-schubladengriffe-und-1-schlusselplatte-55mm","status":"publish","type":"product","link":"https:\/\/partsandpieces.nl\/de\/product\/kabinetbeslag-set-messing-rond-2-ladetrekkers-en-1-sleutelplaat-55mm\/","title":{"rendered":"Schrankbeschl\u00e4ge-Set aus Messing, rund, 2 Schubladengriffe und 1 Schl\u00fcsselplatte 55 mm"},"content":{"rendered":"<p><strong>Schrankbeschl\u00e4ge-Set aus Messing, rund, 2 Schubladengriffe und 1 Schl\u00fcsselplatte 55 mm<\/strong> ist ein Set bestehend aus 2 Schubladengriffen (Ringgriff) und 1 Schl\u00fcsselplatte. Das Set besteht aus Gusseisen mit gl\u00e4nzender Messingoberfl\u00e4che.<\/p>\n<p><strong>Ma\u00dfe<br \/>\n<\/strong>Schrankbeschl\u00e4ge-Set aus Messing, rund, 2 Schubladengriffe und 1 Schl\u00fcsselplatte 55 mm, verf\u00fcgt \u00fcber 3 Abdeckplatten mit einem Durchmesser von ca. 55 mm. Die Ringe haben einen Durchmesser von 47 mm. Nach der Installation steht die Schl\u00fcsselplatte 5 mm und die Ringe 22 mm hervor. Die H\u00f6he des Schl\u00fcssellochs betr\u00e4gt 20 mm.<\/p>\n<p><strong>Bearbeiten<br \/>\n<\/strong>Sie k\u00f6nnen die 2 Schubladengriffe mit den mitgelieferten Schrauben befestigen. Sie befestigen die Schl\u00fcsselplatte mit 2 kleinen Schrauben. Ich werde dies NICHT liefern.<\/p>","protected":false},"excerpt":{"rendered":"<p>Kabinetbeslag Set Messing Rond 2 ladetrekkers en 1 sleutelplaat 55mm is een set bestaande uit 2 ladetrekkers (ringgreep) en 1 sleutelplaat. De set is gemaakt van gegoten ijzer met een glanzende messing finish. Afmetingen Kabinetbeslag Set Messing Rond 2 ladetrekkers en 1 sleutelplaat 55mm heeft 3 afdekplaten met een diameter van ongeveer 55mm. De ringen [&hellip;]<\/p>\n","protected":false},"featured_media":8080,"template":"","meta":{"_acf_changed":false},"product_brand":[],"product_cat":[32,23,44],"product_tag":[],"class_list":{"0":"post-462","1":"product","2":"type-product","3":"status-publish","4":"has-post-thumbnail","6":"product_cat-kabinetbeslag","7":"product_cat-meubelbeslag","8":"product_cat-ringbeslag","10":"first","11":"instock","12":"taxable","13":"shipping-taxable","14":"purchasable","15":"product-type-simple"},"acf":[],"yoast_head":"<!-- This site is optimized with the Yoast SEO plugin v27.4 - https:\/\/yoast.com\/product\/yoast-seo-wordpress\/ -->\n<title>Kabinetbeslag Set Messing 55mm 2 ladetrekkers 1 sleutelplaat<\/title>\n<meta name=\"description\" content=\"Kabinetbeslag Set Messing Rond 2 ladetrekkers en 1 sleutelplaat 55mm is een set bestaande uit 2 ladetrekkers (ringgreep) en 1 sleutelplaat.\" \/>\n<meta name=\"robots\" content=\"index, follow, max-snippet:-1, max-image-preview:large, max-video-preview:-1\" \/>\n<link rel=\"canonical\" href=\"https:\/\/partsandpieces.nl\/de\/produkt\/schrankbeschlagset-messing-rund-2-schubladengriffe-und-1-schlusselplatte-55mm\/\" \/>\n<meta property=\"og:locale\" content=\"de_DE\" \/>\n<meta property=\"og:type\" content=\"article\" \/>\n<meta property=\"og:title\" content=\"Kabinetbeslag Set Messing 55mm 2 ladetrekkers 1 sleutelplaat\" \/>\n<meta property=\"og:description\" content=\"Kabinetbeslag Set Messing Rond 2 ladetrekkers en 1 sleutelplaat 55mm is een set bestaande uit 2 ladetrekkers (ringgreep) en 1 sleutelplaat.\" \/>\n<meta property=\"og:url\" content=\"https:\/\/partsandpieces.nl\/de\/produkt\/schrankbeschlagset-messing-rund-2-schubladengriffe-und-1-schlusselplatte-55mm\/\" \/>\n<meta property=\"og:site_name\" content=\"Parts &amp; Pieces\" \/>\n<meta property=\"article:modified_time\" content=\"2025-11-05T15:15:40+00:00\" \/>\n<meta property=\"og:image\" content=\"https:\/\/partsandpieces.nl\/wp-content\/uploads\/2020\/07\/Kabinetbeslag-Set-Messing-Rond-2-ladetrekkers-en-1-sleutelplaat-55mm.jpg\" \/>\n\t<meta property=\"og:image:width\" content=\"428\" \/>\n\t<meta property=\"og:image:height\" content=\"425\" \/>\n\t<meta property=\"og:image:type\" content=\"image\/jpeg\" \/>\n<meta name=\"twitter:card\" content=\"summary_large_image\" \/>\n<meta name=\"twitter:label1\" content=\"Gesch\u00e4tzte Lesezeit\" \/>\n\t<meta name=\"twitter:data1\" content=\"1\u00a0Minute\" \/>\n<script type=\"application\/ld+json\" class=\"yoast-schema-graph\">{\"@context\":\"https:\\\/\\\/schema.org\",\"@graph\":[{\"@type\":\"WebPage\",\"@id\":\"https:\\\/\\\/partsandpieces.nl\\\/product\\\/kabinetbeslag-set-messing-rond-2-ladetrekkers-en-1-sleutelplaat-55mm\\\/\",\"url\":\"https:\\\/\\\/partsandpieces.nl\\\/product\\\/kabinetbeslag-set-messing-rond-2-ladetrekkers-en-1-sleutelplaat-55mm\\\/\",\"name\":\"Kabinetbeslag Set Messing 55mm 2 ladetrekkers 1 sleutelplaat\",\"isPartOf\":{\"@id\":\"https:\\\/\\\/partsandpieces.nl\\\/#website\"},\"primaryImageOfPage\":{\"@id\":\"https:\\\/\\\/partsandpieces.nl\\\/product\\\/kabinetbeslag-set-messing-rond-2-ladetrekkers-en-1-sleutelplaat-55mm\\\/#primaryimage\"},\"image\":{\"@id\":\"https:\\\/\\\/partsandpieces.nl\\\/product\\\/kabinetbeslag-set-messing-rond-2-ladetrekkers-en-1-sleutelplaat-55mm\\\/#primaryimage\"},\"thumbnailUrl\":\"https:\\\/\\\/partsandpieces.nl\\\/wp-content\\\/uploads\\\/2020\\\/07\\\/Kabinetbeslag-Set-Messing-Rond-2-ladetrekkers-en-1-sleutelplaat-55mm.jpg\",\"datePublished\":\"2020-07-15T09:46:43+00:00\",\"dateModified\":\"2025-11-05T15:15:40+00:00\",\"description\":\"Kabinetbeslag Set Messing Rond 2 ladetrekkers en 1 sleutelplaat 55mm is een set bestaande uit 2 ladetrekkers (ringgreep) en 1 sleutelplaat.\",\"breadcrumb\":{\"@id\":\"https:\\\/\\\/partsandpieces.nl\\\/product\\\/kabinetbeslag-set-messing-rond-2-ladetrekkers-en-1-sleutelplaat-55mm\\\/#breadcrumb\"},\"inLanguage\":\"de\",\"potentialAction\":[{\"@type\":\"ReadAction\",\"target\":[\"https:\\\/\\\/partsandpieces.nl\\\/product\\\/kabinetbeslag-set-messing-rond-2-ladetrekkers-en-1-sleutelplaat-55mm\\\/\"]}]},{\"@type\":\"ImageObject\",\"inLanguage\":\"de\",\"@id\":\"https:\\\/\\\/partsandpieces.nl\\\/product\\\/kabinetbeslag-set-messing-rond-2-ladetrekkers-en-1-sleutelplaat-55mm\\\/#primaryimage\",\"url\":\"https:\\\/\\\/partsandpieces.nl\\\/wp-content\\\/uploads\\\/2020\\\/07\\\/Kabinetbeslag-Set-Messing-Rond-2-ladetrekkers-en-1-sleutelplaat-55mm.jpg\",\"contentUrl\":\"https:\\\/\\\/partsandpieces.nl\\\/wp-content\\\/uploads\\\/2020\\\/07\\\/Kabinetbeslag-Set-Messing-Rond-2-ladetrekkers-en-1-sleutelplaat-55mm.jpg\",\"width\":428,\"height\":425,\"caption\":\"Kabinetbeslag Set Messing Rond 2 ladetrekkers en 1 sleutelplaat 55mm\"},{\"@type\":\"BreadcrumbList\",\"@id\":\"https:\\\/\\\/partsandpieces.nl\\\/product\\\/kabinetbeslag-set-messing-rond-2-ladetrekkers-en-1-sleutelplaat-55mm\\\/#breadcrumb\",\"itemListElement\":[{\"@type\":\"ListItem\",\"position\":1,\"name\":\"Home\",\"item\":\"https:\\\/\\\/partsandpieces.nl\\\/home\\\/\"},{\"@type\":\"ListItem\",\"position\":2,\"name\":\"Winkel\",\"item\":\"https:\\\/\\\/partsandpieces.nl\\\/winkel\\\/\"},{\"@type\":\"ListItem\",\"position\":3,\"name\":\"Kabinetbeslag Set Messing Rond 2 ladetrekkers en 1 sleutelplaat 55mm\"}]},{\"@type\":\"WebSite\",\"@id\":\"https:\\\/\\\/partsandpieces.nl\\\/#website\",\"url\":\"https:\\\/\\\/partsandpieces.nl\\\/\",\"name\":\"Parts &amp; Pieces\",\"description\":\"Alles voor uw meubelrestauratie en -onderhoud!\",\"potentialAction\":[{\"@type\":\"SearchAction\",\"target\":{\"@type\":\"EntryPoint\",\"urlTemplate\":\"https:\\\/\\\/partsandpieces.nl\\\/?s={search_term_string}\"},\"query-input\":{\"@type\":\"PropertyValueSpecification\",\"valueRequired\":true,\"valueName\":\"search_term_string\"}}],\"inLanguage\":\"de\"}]}<\/script>\n<!-- \/ Yoast SEO plugin. -->","yoast_head_json":{"title":"Schrankbeschl\u00e4ge-Set aus Messing, 55 mm, 2 Schubladengriffe, 1 Schl\u00fcsselplatte","description":"Schrankbeschlagset Messing rund 2 Schubladengriffe und 1 Schl\u00fcsselplatte 55 mm ist ein Set bestehend aus 2 Schubladengriffen (Ringgriff) und 1 Schl\u00fcsselplatte.","robots":{"index":"index","follow":"follow","max-snippet":"max-snippet:-1","max-image-preview":"max-image-preview:large","max-video-preview":"max-video-preview:-1"},"canonical":"https:\/\/partsandpieces.nl\/de\/produkt\/schrankbeschlagset-messing-rund-2-schubladengriffe-und-1-schlusselplatte-55mm\/","og_locale":"de_DE","og_type":"article","og_title":"Kabinetbeslag Set Messing 55mm 2 ladetrekkers 1 sleutelplaat","og_description":"Kabinetbeslag Set Messing Rond 2 ladetrekkers en 1 sleutelplaat 55mm is een set bestaande uit 2 ladetrekkers (ringgreep) en 1 sleutelplaat.","og_url":"https:\/\/partsandpieces.nl\/de\/produkt\/schrankbeschlagset-messing-rund-2-schubladengriffe-und-1-schlusselplatte-55mm\/","og_site_name":"Parts &amp; Pieces","article_modified_time":"2025-11-05T15:15:40+00:00","og_image":[{"width":428,"height":425,"url":"https:\/\/partsandpieces.nl\/wp-content\/uploads\/2020\/07\/Kabinetbeslag-Set-Messing-Rond-2-ladetrekkers-en-1-sleutelplaat-55mm.jpg","type":"image\/jpeg"}],"twitter_card":"summary_large_image","twitter_misc":{"Gesch\u00e4tzte Lesezeit":"1\u00a0Minute"},"schema":{"@context":"https:\/\/schema.org","@graph":[{"@type":"WebPage","@id":"https:\/\/partsandpieces.nl\/product\/kabinetbeslag-set-messing-rond-2-ladetrekkers-en-1-sleutelplaat-55mm\/","url":"https:\/\/partsandpieces.nl\/product\/kabinetbeslag-set-messing-rond-2-ladetrekkers-en-1-sleutelplaat-55mm\/","name":"Schrankbeschl\u00e4ge-Set aus Messing, 55 mm, 2 Schubladengriffe, 1 Schl\u00fcsselplatte","isPartOf":{"@id":"https:\/\/partsandpieces.nl\/#website"},"primaryImageOfPage":{"@id":"https:\/\/partsandpieces.nl\/product\/kabinetbeslag-set-messing-rond-2-ladetrekkers-en-1-sleutelplaat-55mm\/#primaryimage"},"image":{"@id":"https:\/\/partsandpieces.nl\/product\/kabinetbeslag-set-messing-rond-2-ladetrekkers-en-1-sleutelplaat-55mm\/#primaryimage"},"thumbnailUrl":"https:\/\/partsandpieces.nl\/wp-content\/uploads\/2020\/07\/Kabinetbeslag-Set-Messing-Rond-2-ladetrekkers-en-1-sleutelplaat-55mm.jpg","datePublished":"2020-07-15T09:46:43+00:00","dateModified":"2025-11-05T15:15:40+00:00","description":"Schrankbeschlagset Messing rund 2 Schubladengriffe und 1 Schl\u00fcsselplatte 55 mm ist ein Set bestehend aus 2 Schubladengriffen (Ringgriff) und 1 Schl\u00fcsselplatte.","breadcrumb":{"@id":"https:\/\/partsandpieces.nl\/product\/kabinetbeslag-set-messing-rond-2-ladetrekkers-en-1-sleutelplaat-55mm\/#breadcrumb"},"inLanguage":"de","potentialAction":[{"@type":"ReadAction","target":["https:\/\/partsandpieces.nl\/product\/kabinetbeslag-set-messing-rond-2-ladetrekkers-en-1-sleutelplaat-55mm\/"]}]},{"@type":"ImageObject","inLanguage":"de","@id":"https:\/\/partsandpieces.nl\/product\/kabinetbeslag-set-messing-rond-2-ladetrekkers-en-1-sleutelplaat-55mm\/#primaryimage","url":"https:\/\/partsandpieces.nl\/wp-content\/uploads\/2020\/07\/Kabinetbeslag-Set-Messing-Rond-2-ladetrekkers-en-1-sleutelplaat-55mm.jpg","contentUrl":"https:\/\/partsandpieces.nl\/wp-content\/uploads\/2020\/07\/Kabinetbeslag-Set-Messing-Rond-2-ladetrekkers-en-1-sleutelplaat-55mm.jpg","width":428,"height":425,"caption":"Kabinetbeslag Set Messing Rond 2 ladetrekkers en 1 sleutelplaat 55mm"},{"@type":"BreadcrumbList","@id":"https:\/\/partsandpieces.nl\/product\/kabinetbeslag-set-messing-rond-2-ladetrekkers-en-1-sleutelplaat-55mm\/#breadcrumb","itemListElement":[{"@type":"ListItem","position":1,"name":"Home","item":"https:\/\/partsandpieces.nl\/home\/"},{"@type":"ListItem","position":2,"name":"Winkel","item":"https:\/\/partsandpieces.nl\/winkel\/"},{"@type":"ListItem","position":3,"name":"Kabinetbeslag Set Messing Rond 2 ladetrekkers en 1 sleutelplaat 55mm"}]},{"@type":"WebSite","@id":"https:\/\/partsandpieces.nl\/#website","url":"https:\/\/partsandpieces.nl\/","name":"Teile &amp; St\u00fccke","description":"Alles f\u00fcr Ihre M\u00f6belrestaurierung und -pflege!","potentialAction":[{"@type":"SearchAction","target":{"@type":"EntryPoint","urlTemplate":"https:\/\/partsandpieces.nl\/?s={search_term_string}"},"query-input":{"@type":"PropertyValueSpecification","valueRequired":true,"valueName":"search_term_string"}}],"inLanguage":"de"}]}},"_links":{"self":[{"href":"https:\/\/partsandpieces.nl\/de\/wp-json\/wp\/v2\/product\/462","targetHints":{"allow":["GET"]}}],"collection":[{"href":"https:\/\/partsandpieces.nl\/de\/wp-json\/wp\/v2\/product"}],"about":[{"href":"https:\/\/partsandpieces.nl\/de\/wp-json\/wp\/v2\/types\/product"}],"wp:featuredmedia":[{"embeddable":true,"href":"https:\/\/partsandpieces.nl\/de\/wp-json\/wp\/v2\/media\/8080"}],"wp:attachment":[{"href":"https:\/\/partsandpieces.nl\/de\/wp-json\/wp\/v2\/media?parent=462"}],"wp:term":[{"taxonomy":"product_brand","embeddable":true,"href":"https:\/\/partsandpieces.nl\/de\/wp-json\/wp\/v2\/product_brand?post=462"},{"taxonomy":"product_cat","embeddable":true,"href":"https:\/\/partsandpieces.nl\/de\/wp-json\/wp\/v2\/product_cat?post=462"},{"taxonomy":"product_tag","embeddable":true,"href":"https:\/\/partsandpieces.nl\/de\/wp-json\/wp\/v2\/product_tag?post=462"}],"curies":[{"name":"wp","href":"https:\/\/api.w.org\/{rel}","templated":true}]}}