{"id":4661,"date":"2023-02-03T09:58:59","date_gmt":"2023-02-03T08:58:59","guid":{"rendered":"https:\/\/partsandpieces.nl\/?post_type=product&#038;p=4661"},"modified":"2024-05-14T11:33:17","modified_gmt":"2024-05-14T09:33:17","slug":"schraube-edelstahl-fur-blindmontageknopf-20x4mm-20-stuck","status":"publish","type":"product","link":"https:\/\/partsandpieces.nl\/de\/product\/schroef-rvs-voor-blind-bevestigen-knop-20x4mm-20-stuks\/","title":{"rendered":"Edelstahlschraube f\u00fcr Blindbefestigungsknopf (20x4mm) 20 St\u00fcck"},"content":{"rendered":"<p><strong>Edelstahlschraube f\u00fcr Blindbefestigungsknopf (20x4mm)<\/strong> ist eine Schraube aus Edelstahl mit einer L\u00e4nge von 20 mm und einer Dicke von 4 mm. Auf diese Schraube k\u00f6nnen Sie Ihren Knauf oder andere M\u00f6belbeschl\u00e4ge, die Sie an Ihren M\u00f6beln befestigen, \u00fcber einen Punkt verschrauben. Dann schrauben Sie den Knauf mit Schraube \u00fcber die Holzschraube auf der anderen Seite an Ihr M\u00f6bel.<\/p>\n<p>Diese Schraube eignet sich f\u00fcr nicht zu gro\u00dfe und schwere Kn\u00f6pfe oder andere M\u00f6belbeschl\u00e4ge, die Sie \u00fcber einen Punkt befestigen.<\/p>\n<p>Diese Schraube wird in Italien hergestellt.<\/p>\n<p>Ich habe auch einen auf Lager <a href=\"https:\/\/partsandpieces.nl\/de\/produkt\/schraube-edelstahl-zur-blindmontage-von-mobelbeschlagen-45x4mm-20-stuck\/\"><span style=\"text-decoration: underline;\">Schraube zur Blindbefestigung von M\u00f6belbeschl\u00e4gen (45x4mm)<\/span><\/a>.<\/p>","protected":false},"excerpt":{"rendered":"<p>Schroef RVS voor blind bevestigen knop (20x4mm) is een schroef gemaakt van RVS met een lengte van 20mm en een dikte van 4mm. Je kunt je knop of ander meubelbeslag dat je via \u00e9\u00e9n punt op je meubel bevestigt op deze schroef schroeven. Vervolgens draai je de knop met schroef via de houtschroef aan de [&hellip;]<\/p>\n","protected":false},"featured_media":4738,"template":"","meta":{"_acf_changed":false},"product_brand":[],"product_cat":[93,99],"product_tag":[],"class_list":{"0":"post-4661","1":"product","2":"type-product","3":"status-publish","4":"has-post-thumbnail","6":"product_cat-diversen","7":"product_cat-spijkers-en-schroeven","9":"first","10":"instock","11":"taxable","12":"shipping-taxable","13":"purchasable","14":"product-type-simple"},"acf":[],"yoast_head":"<!-- This site is optimized with the Yoast SEO plugin v27.5 - https:\/\/yoast.com\/product\/yoast-seo-wordpress\/ -->\n<title>Schroef voor blind bevestigen knop van RVS (20x4mm)<\/title>\n<meta name=\"description\" content=\"Schroef RVS voor blind bevestigen knop (20x4mm) voor bevestigen knop of ander meubelbeslag dat je via \u00e9\u00e9n punt op je meubel bevestigt.\" \/>\n<meta name=\"robots\" content=\"index, follow, max-snippet:-1, max-image-preview:large, max-video-preview:-1\" \/>\n<link rel=\"canonical\" href=\"https:\/\/partsandpieces.nl\/de\/produkt\/schraube-edelstahl-fur-blindmontageknopf-20x4mm-20-stuck\/\" \/>\n<meta property=\"og:locale\" content=\"de_DE\" \/>\n<meta property=\"og:type\" content=\"article\" \/>\n<meta property=\"og:title\" content=\"Schroef voor blind bevestigen knop van RVS (20x4mm)\" \/>\n<meta property=\"og:description\" content=\"Schroef RVS voor blind bevestigen knop (20x4mm) voor bevestigen knop of ander meubelbeslag dat je via \u00e9\u00e9n punt op je meubel bevestigt.\" \/>\n<meta property=\"og:url\" content=\"https:\/\/partsandpieces.nl\/de\/produkt\/schraube-edelstahl-fur-blindmontageknopf-20x4mm-20-stuck\/\" \/>\n<meta property=\"og:site_name\" content=\"Parts &amp; Pieces\" \/>\n<meta property=\"article:modified_time\" content=\"2024-05-14T09:33:17+00:00\" \/>\n<meta property=\"og:image\" content=\"https:\/\/partsandpieces.nl\/wp-content\/uploads\/2023\/02\/Schroef-RVS-voor-blind-bevestigen-knop-20x4mm-20-stuks.jpg\" \/>\n\t<meta property=\"og:image:width\" content=\"480\" \/>\n\t<meta property=\"og:image:height\" content=\"640\" \/>\n\t<meta property=\"og:image:type\" content=\"image\/jpeg\" \/>\n<meta name=\"twitter:card\" content=\"summary_large_image\" \/>\n<meta name=\"twitter:label1\" content=\"Gesch\u00e4tzte Lesezeit\" \/>\n\t<meta name=\"twitter:data1\" content=\"1\u00a0Minute\" \/>\n<script type=\"application\/ld+json\" class=\"yoast-schema-graph\">{\"@context\":\"https:\\\/\\\/schema.org\",\"@graph\":[{\"@type\":\"WebPage\",\"@id\":\"https:\\\/\\\/partsandpieces.nl\\\/product\\\/schroef-rvs-voor-blind-bevestigen-knop-20x4mm-20-stuks\\\/\",\"url\":\"https:\\\/\\\/partsandpieces.nl\\\/product\\\/schroef-rvs-voor-blind-bevestigen-knop-20x4mm-20-stuks\\\/\",\"name\":\"Schroef voor blind bevestigen knop van RVS (20x4mm)\",\"isPartOf\":{\"@id\":\"https:\\\/\\\/partsandpieces.nl\\\/#website\"},\"primaryImageOfPage\":{\"@id\":\"https:\\\/\\\/partsandpieces.nl\\\/product\\\/schroef-rvs-voor-blind-bevestigen-knop-20x4mm-20-stuks\\\/#primaryimage\"},\"image\":{\"@id\":\"https:\\\/\\\/partsandpieces.nl\\\/product\\\/schroef-rvs-voor-blind-bevestigen-knop-20x4mm-20-stuks\\\/#primaryimage\"},\"thumbnailUrl\":\"https:\\\/\\\/partsandpieces.nl\\\/wp-content\\\/uploads\\\/2023\\\/02\\\/Schroef-RVS-voor-blind-bevestigen-knop-20x4mm-20-stuks.jpg\",\"datePublished\":\"2023-02-03T08:58:59+00:00\",\"dateModified\":\"2024-05-14T09:33:17+00:00\",\"description\":\"Schroef RVS voor blind bevestigen knop (20x4mm) voor bevestigen knop of ander meubelbeslag dat je via \u00e9\u00e9n punt op je meubel bevestigt.\",\"breadcrumb\":{\"@id\":\"https:\\\/\\\/partsandpieces.nl\\\/product\\\/schroef-rvs-voor-blind-bevestigen-knop-20x4mm-20-stuks\\\/#breadcrumb\"},\"inLanguage\":\"de\",\"potentialAction\":[{\"@type\":\"ReadAction\",\"target\":[\"https:\\\/\\\/partsandpieces.nl\\\/product\\\/schroef-rvs-voor-blind-bevestigen-knop-20x4mm-20-stuks\\\/\"]}]},{\"@type\":\"ImageObject\",\"inLanguage\":\"de\",\"@id\":\"https:\\\/\\\/partsandpieces.nl\\\/product\\\/schroef-rvs-voor-blind-bevestigen-knop-20x4mm-20-stuks\\\/#primaryimage\",\"url\":\"https:\\\/\\\/partsandpieces.nl\\\/wp-content\\\/uploads\\\/2023\\\/02\\\/Schroef-RVS-voor-blind-bevestigen-knop-20x4mm-20-stuks.jpg\",\"contentUrl\":\"https:\\\/\\\/partsandpieces.nl\\\/wp-content\\\/uploads\\\/2023\\\/02\\\/Schroef-RVS-voor-blind-bevestigen-knop-20x4mm-20-stuks.jpg\",\"width\":480,\"height\":640,\"caption\":\"Schroef RVS voor blind bevestigen knop (20x4mm) 20 stuks\"},{\"@type\":\"BreadcrumbList\",\"@id\":\"https:\\\/\\\/partsandpieces.nl\\\/product\\\/schroef-rvs-voor-blind-bevestigen-knop-20x4mm-20-stuks\\\/#breadcrumb\",\"itemListElement\":[{\"@type\":\"ListItem\",\"position\":1,\"name\":\"Home\",\"item\":\"https:\\\/\\\/partsandpieces.nl\\\/home\\\/\"},{\"@type\":\"ListItem\",\"position\":2,\"name\":\"Winkel\",\"item\":\"https:\\\/\\\/partsandpieces.nl\\\/winkel\\\/\"},{\"@type\":\"ListItem\",\"position\":3,\"name\":\"Schroef RVS voor blind bevestigen knop (20x4mm) 20 stuks\"}]},{\"@type\":\"WebSite\",\"@id\":\"https:\\\/\\\/partsandpieces.nl\\\/#website\",\"url\":\"https:\\\/\\\/partsandpieces.nl\\\/\",\"name\":\"Parts &amp; Pieces\",\"description\":\"Alles voor uw meubelrestauratie en -onderhoud!\",\"potentialAction\":[{\"@type\":\"SearchAction\",\"target\":{\"@type\":\"EntryPoint\",\"urlTemplate\":\"https:\\\/\\\/partsandpieces.nl\\\/?s={search_term_string}\"},\"query-input\":{\"@type\":\"PropertyValueSpecification\",\"valueRequired\":true,\"valueName\":\"search_term_string\"}}],\"inLanguage\":\"de\"}]}<\/script>\n<!-- \/ Yoast SEO plugin. -->","yoast_head_json":{"title":"Schraube f\u00fcr Blindbefestigung Edelstahlknopf (20x4mm)","description":"Edelstahlschraube f\u00fcr Blindbefestigungsknopf (20x4mm) zur Befestigung von Kn\u00f6pfen oder anderen M\u00f6belbeschl\u00e4gen, die Sie \u00fcber einen Punkt an Ihren M\u00f6beln befestigen.","robots":{"index":"index","follow":"follow","max-snippet":"max-snippet:-1","max-image-preview":"max-image-preview:large","max-video-preview":"max-video-preview:-1"},"canonical":"https:\/\/partsandpieces.nl\/de\/produkt\/schraube-edelstahl-fur-blindmontageknopf-20x4mm-20-stuck\/","og_locale":"de_DE","og_type":"article","og_title":"Schroef voor blind bevestigen knop van RVS (20x4mm)","og_description":"Schroef RVS voor blind bevestigen knop (20x4mm) voor bevestigen knop of ander meubelbeslag dat je via \u00e9\u00e9n punt op je meubel bevestigt.","og_url":"https:\/\/partsandpieces.nl\/de\/produkt\/schraube-edelstahl-fur-blindmontageknopf-20x4mm-20-stuck\/","og_site_name":"Parts &amp; Pieces","article_modified_time":"2024-05-14T09:33:17+00:00","og_image":[{"width":480,"height":640,"url":"https:\/\/partsandpieces.nl\/wp-content\/uploads\/2023\/02\/Schroef-RVS-voor-blind-bevestigen-knop-20x4mm-20-stuks.jpg","type":"image\/jpeg"}],"twitter_card":"summary_large_image","twitter_misc":{"Gesch\u00e4tzte Lesezeit":"1\u00a0Minute"},"schema":{"@context":"https:\/\/schema.org","@graph":[{"@type":"WebPage","@id":"https:\/\/partsandpieces.nl\/product\/schroef-rvs-voor-blind-bevestigen-knop-20x4mm-20-stuks\/","url":"https:\/\/partsandpieces.nl\/product\/schroef-rvs-voor-blind-bevestigen-knop-20x4mm-20-stuks\/","name":"Schraube f\u00fcr Blindbefestigung Edelstahlknopf (20x4mm)","isPartOf":{"@id":"https:\/\/partsandpieces.nl\/#website"},"primaryImageOfPage":{"@id":"https:\/\/partsandpieces.nl\/product\/schroef-rvs-voor-blind-bevestigen-knop-20x4mm-20-stuks\/#primaryimage"},"image":{"@id":"https:\/\/partsandpieces.nl\/product\/schroef-rvs-voor-blind-bevestigen-knop-20x4mm-20-stuks\/#primaryimage"},"thumbnailUrl":"https:\/\/partsandpieces.nl\/wp-content\/uploads\/2023\/02\/Schroef-RVS-voor-blind-bevestigen-knop-20x4mm-20-stuks.jpg","datePublished":"2023-02-03T08:58:59+00:00","dateModified":"2024-05-14T09:33:17+00:00","description":"Edelstahlschraube f\u00fcr Blindbefestigungsknopf (20x4mm) zur Befestigung von Kn\u00f6pfen oder anderen M\u00f6belbeschl\u00e4gen, die Sie \u00fcber einen Punkt an Ihren M\u00f6beln befestigen.","breadcrumb":{"@id":"https:\/\/partsandpieces.nl\/product\/schroef-rvs-voor-blind-bevestigen-knop-20x4mm-20-stuks\/#breadcrumb"},"inLanguage":"de","potentialAction":[{"@type":"ReadAction","target":["https:\/\/partsandpieces.nl\/product\/schroef-rvs-voor-blind-bevestigen-knop-20x4mm-20-stuks\/"]}]},{"@type":"ImageObject","inLanguage":"de","@id":"https:\/\/partsandpieces.nl\/product\/schroef-rvs-voor-blind-bevestigen-knop-20x4mm-20-stuks\/#primaryimage","url":"https:\/\/partsandpieces.nl\/wp-content\/uploads\/2023\/02\/Schroef-RVS-voor-blind-bevestigen-knop-20x4mm-20-stuks.jpg","contentUrl":"https:\/\/partsandpieces.nl\/wp-content\/uploads\/2023\/02\/Schroef-RVS-voor-blind-bevestigen-knop-20x4mm-20-stuks.jpg","width":480,"height":640,"caption":"Schroef RVS voor blind bevestigen knop (20x4mm) 20 stuks"},{"@type":"BreadcrumbList","@id":"https:\/\/partsandpieces.nl\/product\/schroef-rvs-voor-blind-bevestigen-knop-20x4mm-20-stuks\/#breadcrumb","itemListElement":[{"@type":"ListItem","position":1,"name":"Home","item":"https:\/\/partsandpieces.nl\/home\/"},{"@type":"ListItem","position":2,"name":"Winkel","item":"https:\/\/partsandpieces.nl\/winkel\/"},{"@type":"ListItem","position":3,"name":"Schroef RVS voor blind bevestigen knop (20x4mm) 20 stuks"}]},{"@type":"WebSite","@id":"https:\/\/partsandpieces.nl\/#website","url":"https:\/\/partsandpieces.nl\/","name":"Teile &amp; St\u00fccke","description":"Alles f\u00fcr Ihre M\u00f6belrestaurierung und -pflege!","potentialAction":[{"@type":"SearchAction","target":{"@type":"EntryPoint","urlTemplate":"https:\/\/partsandpieces.nl\/?s={search_term_string}"},"query-input":{"@type":"PropertyValueSpecification","valueRequired":true,"valueName":"search_term_string"}}],"inLanguage":"de"}]}},"_links":{"self":[{"href":"https:\/\/partsandpieces.nl\/de\/wp-json\/wp\/v2\/product\/4661","targetHints":{"allow":["GET"]}}],"collection":[{"href":"https:\/\/partsandpieces.nl\/de\/wp-json\/wp\/v2\/product"}],"about":[{"href":"https:\/\/partsandpieces.nl\/de\/wp-json\/wp\/v2\/types\/product"}],"wp:featuredmedia":[{"embeddable":true,"href":"https:\/\/partsandpieces.nl\/de\/wp-json\/wp\/v2\/media\/4738"}],"wp:attachment":[{"href":"https:\/\/partsandpieces.nl\/de\/wp-json\/wp\/v2\/media?parent=4661"}],"wp:term":[{"taxonomy":"product_brand","embeddable":true,"href":"https:\/\/partsandpieces.nl\/de\/wp-json\/wp\/v2\/product_brand?post=4661"},{"taxonomy":"product_cat","embeddable":true,"href":"https:\/\/partsandpieces.nl\/de\/wp-json\/wp\/v2\/product_cat?post=4661"},{"taxonomy":"product_tag","embeddable":true,"href":"https:\/\/partsandpieces.nl\/de\/wp-json\/wp\/v2\/product_tag?post=4661"}],"curies":[{"name":"wp","href":"https:\/\/api.w.org\/{rel}","templated":true}]}}