{"id":482,"date":"2020-07-15T10:43:55","date_gmt":"2020-07-15T08:43:55","guid":{"rendered":"https:\/\/partsandpieces.bonsaidev.nl\/?product=kapiteel-622645-messing"},"modified":"2024-11-26T12:10:35","modified_gmt":"2024-11-26T11:10:35","slug":"kapitell-aus-messing-im-antik-empire-stil-48-x-26-mm","status":"publish","type":"product","link":"https:\/\/partsandpieces.nl\/de\/product\/kapiteel-messing-antiek-empire-stijl-48x26mm\/","title":{"rendered":"Kapitell aus Messing im Antik-Empire-Stil, 48 x 26 mm"},"content":{"rendered":"<p><strong>Kapitell aus Messing im Antik-Empire-Stil, 48 x 26 mm<\/strong>\u00a0ist eine Krone, ein Kopfst\u00fcck oder ein oberer Abschluss einer S\u00e4ule, eines Pfeilers oder eines Pilasters an einem M\u00f6belst\u00fcck. Am unteren Ende des Kapitells bildet das Astragal die Verbindung mit dem S\u00e4ulenschaft. Diese Art von Kapitellen wird h\u00e4ufig im Empire-Stil oder im franz\u00f6sischen Neoklassizismus verwendet.<br \/>\nDieses Kapitell aus gepr\u00e4gtem Messing mit antiker Patina ist ein tektonisches Kapitell: Es verf\u00fcgt \u00fcber abstrakte, geometrische Formen als Dekoration.<\/p>\n<p><strong>Ma\u00dfe<\/strong><br \/>\nCapital Brass im Antik-Empire-Stil 48 x 26 mm ist 26 mm hoch und hat einen Durchmesser von 48 mm, der sich auf 63 mm erh\u00f6ht.<\/p>","protected":false},"excerpt":{"rendered":"<p>Kapiteel Messing antiek Empire stijl 48x26mm\u00a0is een bekroning, kopstuk of bovenbe\u00ebindiging voor een zuil, pijler of pilaster op een meubelstuk. Aan de onderzijde van het kapiteel vormt de astragaal de verbinding met de zuilschacht. Dit soort kapitelen wordt veel gebruikt in de Empire of Franse neoclassicistische stijl gebruikt. Dit kapiteel gemaakt van gestanst messing met [&hellip;]<\/p>\n","protected":false},"featured_media":7152,"template":"","meta":{"_acf_changed":false},"product_brand":[],"product_cat":[33,23],"product_tag":[],"class_list":{"0":"post-482","1":"product","2":"type-product","3":"status-publish","4":"has-post-thumbnail","6":"product_cat-messing-kapitelen","7":"product_cat-meubelbeslag","9":"first","10":"instock","11":"taxable","12":"shipping-taxable","13":"purchasable","14":"product-type-simple"},"acf":[],"yoast_head":"<!-- This site is optimized with the Yoast SEO plugin v27.3 - https:\/\/yoast.com\/product\/yoast-seo-wordpress\/ -->\n<title>Kapiteel Messing antiek 48x26mm<\/title>\n<meta name=\"description\" content=\"Kapiteel Messing antiek Empire stijl 48x26mm wordt veel gebruikt in de Empire of Franse neoclassicistische stijl gebruikt.\" \/>\n<meta name=\"robots\" content=\"index, follow, max-snippet:-1, max-image-preview:large, max-video-preview:-1\" \/>\n<link rel=\"canonical\" href=\"https:\/\/partsandpieces.nl\/de\/produkt\/kapitell-aus-messing-im-antik-empire-stil-48-x-26-mm\/\" \/>\n<meta property=\"og:locale\" content=\"de_DE\" \/>\n<meta property=\"og:type\" content=\"article\" \/>\n<meta property=\"og:title\" content=\"Kapiteel Messing antiek 48x26mm\" \/>\n<meta property=\"og:description\" content=\"Kapiteel Messing antiek Empire stijl 48x26mm wordt veel gebruikt in de Empire of Franse neoclassicistische stijl gebruikt.\" \/>\n<meta property=\"og:url\" content=\"https:\/\/partsandpieces.nl\/de\/produkt\/kapitell-aus-messing-im-antik-empire-stil-48-x-26-mm\/\" \/>\n<meta property=\"og:site_name\" content=\"Parts &amp; Pieces\" \/>\n<meta property=\"article:modified_time\" content=\"2024-11-26T11:10:35+00:00\" \/>\n<meta property=\"og:image\" content=\"https:\/\/partsandpieces.nl\/wp-content\/uploads\/2020\/07\/Kapiteel-Messing-antiek-Empire-stijl-48x26mm.jpg\" \/>\n\t<meta property=\"og:image:width\" content=\"440\" \/>\n\t<meta property=\"og:image:height\" content=\"442\" \/>\n\t<meta property=\"og:image:type\" content=\"image\/jpeg\" \/>\n<meta name=\"twitter:card\" content=\"summary_large_image\" \/>\n<meta name=\"twitter:label1\" content=\"Gesch\u00e4tzte Lesezeit\" \/>\n\t<meta name=\"twitter:data1\" content=\"1\u00a0Minute\" \/>\n<script type=\"application\/ld+json\" class=\"yoast-schema-graph\">{\"@context\":\"https:\\\/\\\/schema.org\",\"@graph\":[{\"@type\":\"WebPage\",\"@id\":\"https:\\\/\\\/partsandpieces.nl\\\/product\\\/kapiteel-messing-antiek-empire-stijl-48x26mm\\\/\",\"url\":\"https:\\\/\\\/partsandpieces.nl\\\/product\\\/kapiteel-messing-antiek-empire-stijl-48x26mm\\\/\",\"name\":\"Kapiteel Messing antiek 48x26mm\",\"isPartOf\":{\"@id\":\"https:\\\/\\\/partsandpieces.nl\\\/#website\"},\"primaryImageOfPage\":{\"@id\":\"https:\\\/\\\/partsandpieces.nl\\\/product\\\/kapiteel-messing-antiek-empire-stijl-48x26mm\\\/#primaryimage\"},\"image\":{\"@id\":\"https:\\\/\\\/partsandpieces.nl\\\/product\\\/kapiteel-messing-antiek-empire-stijl-48x26mm\\\/#primaryimage\"},\"thumbnailUrl\":\"https:\\\/\\\/partsandpieces.nl\\\/wp-content\\\/uploads\\\/2020\\\/07\\\/Kapiteel-Messing-antiek-Empire-stijl-48x26mm.jpg\",\"datePublished\":\"2020-07-15T08:43:55+00:00\",\"dateModified\":\"2024-11-26T11:10:35+00:00\",\"description\":\"Kapiteel Messing antiek Empire stijl 48x26mm wordt veel gebruikt in de Empire of Franse neoclassicistische stijl gebruikt.\",\"breadcrumb\":{\"@id\":\"https:\\\/\\\/partsandpieces.nl\\\/product\\\/kapiteel-messing-antiek-empire-stijl-48x26mm\\\/#breadcrumb\"},\"inLanguage\":\"de\",\"potentialAction\":[{\"@type\":\"ReadAction\",\"target\":[\"https:\\\/\\\/partsandpieces.nl\\\/product\\\/kapiteel-messing-antiek-empire-stijl-48x26mm\\\/\"]}]},{\"@type\":\"ImageObject\",\"inLanguage\":\"de\",\"@id\":\"https:\\\/\\\/partsandpieces.nl\\\/product\\\/kapiteel-messing-antiek-empire-stijl-48x26mm\\\/#primaryimage\",\"url\":\"https:\\\/\\\/partsandpieces.nl\\\/wp-content\\\/uploads\\\/2020\\\/07\\\/Kapiteel-Messing-antiek-Empire-stijl-48x26mm.jpg\",\"contentUrl\":\"https:\\\/\\\/partsandpieces.nl\\\/wp-content\\\/uploads\\\/2020\\\/07\\\/Kapiteel-Messing-antiek-Empire-stijl-48x26mm.jpg\",\"width\":440,\"height\":442,\"caption\":\"Kapiteel Messing antiek Empire stijl 48x26mm\u00a0is een bekroning, kopstuk of bovenbe\u00ebindiging voor een zuil, pijler of pilaster op een meubelstuk. Aan de onderzijde van het kapiteel vormt de astragaal de verbinding met de zuilschacht. Dit soort kapitelen wordt veel gebruikt in de Empire of Franse neoclassicistische stijl gebruikt.\"},{\"@type\":\"BreadcrumbList\",\"@id\":\"https:\\\/\\\/partsandpieces.nl\\\/product\\\/kapiteel-messing-antiek-empire-stijl-48x26mm\\\/#breadcrumb\",\"itemListElement\":[{\"@type\":\"ListItem\",\"position\":1,\"name\":\"Home\",\"item\":\"https:\\\/\\\/partsandpieces.nl\\\/home\\\/\"},{\"@type\":\"ListItem\",\"position\":2,\"name\":\"Winkel\",\"item\":\"https:\\\/\\\/partsandpieces.nl\\\/winkel\\\/\"},{\"@type\":\"ListItem\",\"position\":3,\"name\":\"Kapiteel Messing antiek Empire stijl 48x26mm\"}]},{\"@type\":\"WebSite\",\"@id\":\"https:\\\/\\\/partsandpieces.nl\\\/#website\",\"url\":\"https:\\\/\\\/partsandpieces.nl\\\/\",\"name\":\"Parts &amp; Pieces\",\"description\":\"Alles voor uw meubelrestauratie en -onderhoud!\",\"potentialAction\":[{\"@type\":\"SearchAction\",\"target\":{\"@type\":\"EntryPoint\",\"urlTemplate\":\"https:\\\/\\\/partsandpieces.nl\\\/?s={search_term_string}\"},\"query-input\":{\"@type\":\"PropertyValueSpecification\",\"valueRequired\":true,\"valueName\":\"search_term_string\"}}],\"inLanguage\":\"de\"}]}<\/script>\n<!-- \/ Yoast SEO plugin. -->","yoast_head_json":{"title":"Hauptstadt Messing antik 48x26mm","description":"Kapitalmessing im antiken Empire-Stil 48 x 26 mm wird h\u00e4ufig im Empire- oder franz\u00f6sischen neoklassizistischen Stil verwendet.","robots":{"index":"index","follow":"follow","max-snippet":"max-snippet:-1","max-image-preview":"max-image-preview:large","max-video-preview":"max-video-preview:-1"},"canonical":"https:\/\/partsandpieces.nl\/de\/produkt\/kapitell-aus-messing-im-antik-empire-stil-48-x-26-mm\/","og_locale":"de_DE","og_type":"article","og_title":"Kapiteel Messing antiek 48x26mm","og_description":"Kapiteel Messing antiek Empire stijl 48x26mm wordt veel gebruikt in de Empire of Franse neoclassicistische stijl gebruikt.","og_url":"https:\/\/partsandpieces.nl\/de\/produkt\/kapitell-aus-messing-im-antik-empire-stil-48-x-26-mm\/","og_site_name":"Parts &amp; Pieces","article_modified_time":"2024-11-26T11:10:35+00:00","og_image":[{"width":440,"height":442,"url":"https:\/\/partsandpieces.nl\/wp-content\/uploads\/2020\/07\/Kapiteel-Messing-antiek-Empire-stijl-48x26mm.jpg","type":"image\/jpeg"}],"twitter_card":"summary_large_image","twitter_misc":{"Gesch\u00e4tzte Lesezeit":"1\u00a0Minute"},"schema":{"@context":"https:\/\/schema.org","@graph":[{"@type":"WebPage","@id":"https:\/\/partsandpieces.nl\/product\/kapiteel-messing-antiek-empire-stijl-48x26mm\/","url":"https:\/\/partsandpieces.nl\/product\/kapiteel-messing-antiek-empire-stijl-48x26mm\/","name":"Hauptstadt Messing antik 48x26mm","isPartOf":{"@id":"https:\/\/partsandpieces.nl\/#website"},"primaryImageOfPage":{"@id":"https:\/\/partsandpieces.nl\/product\/kapiteel-messing-antiek-empire-stijl-48x26mm\/#primaryimage"},"image":{"@id":"https:\/\/partsandpieces.nl\/product\/kapiteel-messing-antiek-empire-stijl-48x26mm\/#primaryimage"},"thumbnailUrl":"https:\/\/partsandpieces.nl\/wp-content\/uploads\/2020\/07\/Kapiteel-Messing-antiek-Empire-stijl-48x26mm.jpg","datePublished":"2020-07-15T08:43:55+00:00","dateModified":"2024-11-26T11:10:35+00:00","description":"Kapitalmessing im antiken Empire-Stil 48 x 26 mm wird h\u00e4ufig im Empire- oder franz\u00f6sischen neoklassizistischen Stil verwendet.","breadcrumb":{"@id":"https:\/\/partsandpieces.nl\/product\/kapiteel-messing-antiek-empire-stijl-48x26mm\/#breadcrumb"},"inLanguage":"de","potentialAction":[{"@type":"ReadAction","target":["https:\/\/partsandpieces.nl\/product\/kapiteel-messing-antiek-empire-stijl-48x26mm\/"]}]},{"@type":"ImageObject","inLanguage":"de","@id":"https:\/\/partsandpieces.nl\/product\/kapiteel-messing-antiek-empire-stijl-48x26mm\/#primaryimage","url":"https:\/\/partsandpieces.nl\/wp-content\/uploads\/2020\/07\/Kapiteel-Messing-antiek-Empire-stijl-48x26mm.jpg","contentUrl":"https:\/\/partsandpieces.nl\/wp-content\/uploads\/2020\/07\/Kapiteel-Messing-antiek-Empire-stijl-48x26mm.jpg","width":440,"height":442,"caption":"Kapiteel Messing antiek Empire stijl 48x26mm\u00a0is een bekroning, kopstuk of bovenbe\u00ebindiging voor een zuil, pijler of pilaster op een meubelstuk. Aan de onderzijde van het kapiteel vormt de astragaal de verbinding met de zuilschacht. Dit soort kapitelen wordt veel gebruikt in de Empire of Franse neoclassicistische stijl gebruikt."},{"@type":"BreadcrumbList","@id":"https:\/\/partsandpieces.nl\/product\/kapiteel-messing-antiek-empire-stijl-48x26mm\/#breadcrumb","itemListElement":[{"@type":"ListItem","position":1,"name":"Home","item":"https:\/\/partsandpieces.nl\/home\/"},{"@type":"ListItem","position":2,"name":"Winkel","item":"https:\/\/partsandpieces.nl\/winkel\/"},{"@type":"ListItem","position":3,"name":"Kapiteel Messing antiek Empire stijl 48x26mm"}]},{"@type":"WebSite","@id":"https:\/\/partsandpieces.nl\/#website","url":"https:\/\/partsandpieces.nl\/","name":"Teile &amp; St\u00fccke","description":"Alles f\u00fcr Ihre M\u00f6belrestaurierung und -pflege!","potentialAction":[{"@type":"SearchAction","target":{"@type":"EntryPoint","urlTemplate":"https:\/\/partsandpieces.nl\/?s={search_term_string}"},"query-input":{"@type":"PropertyValueSpecification","valueRequired":true,"valueName":"search_term_string"}}],"inLanguage":"de"}]}},"_links":{"self":[{"href":"https:\/\/partsandpieces.nl\/de\/wp-json\/wp\/v2\/product\/482","targetHints":{"allow":["GET"]}}],"collection":[{"href":"https:\/\/partsandpieces.nl\/de\/wp-json\/wp\/v2\/product"}],"about":[{"href":"https:\/\/partsandpieces.nl\/de\/wp-json\/wp\/v2\/types\/product"}],"wp:featuredmedia":[{"embeddable":true,"href":"https:\/\/partsandpieces.nl\/de\/wp-json\/wp\/v2\/media\/7152"}],"wp:attachment":[{"href":"https:\/\/partsandpieces.nl\/de\/wp-json\/wp\/v2\/media?parent=482"}],"wp:term":[{"taxonomy":"product_brand","embeddable":true,"href":"https:\/\/partsandpieces.nl\/de\/wp-json\/wp\/v2\/product_brand?post=482"},{"taxonomy":"product_cat","embeddable":true,"href":"https:\/\/partsandpieces.nl\/de\/wp-json\/wp\/v2\/product_cat?post=482"},{"taxonomy":"product_tag","embeddable":true,"href":"https:\/\/partsandpieces.nl\/de\/wp-json\/wp\/v2\/product_tag?post=482"}],"curies":[{"name":"wp","href":"https:\/\/api.w.org\/{rel}","templated":true}]}}