{"id":486,"date":"2020-07-15T10:48:39","date_gmt":"2020-07-15T10:48:39","guid":{"rendered":"https:\/\/partsandpieces.bonsaidev.nl\/?product=deco-kopje-45x74-voetje"},"modified":"2024-11-26T12:07:40","modified_gmt":"2024-11-26T11:07:40","slug":"hauptkaryatide-messing-74x48mm","status":"publish","type":"product","link":"https:\/\/partsandpieces.nl\/de\/product\/kapiteel-kariatide-messing-74x48mm\/","title":{"rendered":"Hauptstadtkaryatide Messing 74x48mm"},"content":{"rendered":"<p><strong>Hauptstadtkaryatide Messing 74x48mm<\/strong> ist ein wundersch\u00f6ner, stattlicher Kopf einer griechischen Frau. Zum Kopf geh\u00f6ren auch 2 F\u00fc\u00dfe. Dieses Kapitell hat eine gl\u00e4nzende Messingoberfl\u00e4che.<\/p>\n<p><em>Im f\u00fcnften Jahrhundert v. Chr. stellte sich Karyai in den Kriegen zwischen den Griechen und den Persern auf die Seite der Perser. Nach dem Sieg der Griechen \u00fcbten sie Rache an den Einwohnern. Laut dem r\u00f6mischen Schriftsteller Vitruvius wurden alle M\u00e4nner get\u00f6tet und die Frauen von Karyai als Sklavinnen verschleppt. Die skulptierten Frauenfiguren, die wir heute als Karyatiden kennen, erinnern an diese Geschichte. Wie S\u00e4ulen tragen die Frauen sozusagen eine ewige Last.<\/em> (Quelle: Historiek.net)<\/p>\n<p>Dieses hochwertige Kapital wurde in Italien hergestellt.<\/p>\n<p><strong>Ma\u00dfe<br \/>\n<\/strong>Die Hauptstadtkaryatide aus Messing 74x48mm hat eine H\u00f6he von 74mm und eine Breite von 48mm. Nach der Installation steht diese Dekoration etwa 22 mm \u00fcber. Die F\u00fc\u00dfe sind 16 mm hoch und 31 mm breit. Nach der Montage stehen die F\u00fc\u00dfe 28mm \u00fcber.<\/p>\n<p><strong>Bearbeiten<br \/>\n<\/strong>Der Kopf der Frau hat zwei Befestigungspunkte und die F\u00fc\u00dfe haben einen. Zu diesem Artikel liefere ich KEINE passenden Schrauben mit.<\/p>","protected":false},"excerpt":{"rendered":"<p>Kapiteel Kariatide Messing 74x48mm is een mooi, statig hoofd van een Griekse vrouw. Bij het hoofd horen ook 2 voeten. Dit kapiteel heeft een glanzende messing finish. In de vijfde eeuw voor Christus koos Karyai in de oorlogen tussen de Grieken en de Perzen de kant van de Perzen. Na de overwinning van de Grieken [&hellip;]<\/p>\n","protected":false},"featured_media":5240,"template":"","meta":{"_acf_changed":false},"product_brand":[],"product_cat":[33,23],"product_tag":[],"class_list":{"0":"post-486","1":"product","2":"type-product","3":"status-publish","4":"has-post-thumbnail","6":"product_cat-messing-kapitelen","7":"product_cat-meubelbeslag","9":"first","10":"instock","11":"taxable","12":"shipping-taxable","13":"purchasable","14":"product-type-simple"},"acf":[],"yoast_head":"<!-- This site is optimized with the Yoast SEO plugin v27.3 - https:\/\/yoast.com\/product\/yoast-seo-wordpress\/ -->\n<title>Kapiteel Kariatide Messing 74x48mm<\/title>\n<meta name=\"description\" content=\"Kapiteel Kariatide Messing 74x48mm is een hoofd van een Romeinse vrouw. Bij het hoofd horen ook 2 voeten. Het heeft een glanzende messing finish.\" \/>\n<meta name=\"robots\" content=\"index, follow, max-snippet:-1, max-image-preview:large, max-video-preview:-1\" \/>\n<link rel=\"canonical\" href=\"https:\/\/partsandpieces.nl\/de\/produkt\/hauptkaryatide-messing-74x48mm\/\" \/>\n<meta property=\"og:locale\" content=\"de_DE\" \/>\n<meta property=\"og:type\" content=\"article\" \/>\n<meta property=\"og:title\" content=\"Kapiteel Kariatide Messing 74x48mm\" \/>\n<meta property=\"og:description\" content=\"Kapiteel Kariatide Messing 74x48mm is een hoofd van een Romeinse vrouw. Bij het hoofd horen ook 2 voeten. Het heeft een glanzende messing finish.\" \/>\n<meta property=\"og:url\" content=\"https:\/\/partsandpieces.nl\/de\/produkt\/hauptkaryatide-messing-74x48mm\/\" \/>\n<meta property=\"og:site_name\" content=\"Parts &amp; Pieces\" \/>\n<meta property=\"article:modified_time\" content=\"2024-11-26T11:07:40+00:00\" \/>\n<meta property=\"og:image\" content=\"https:\/\/partsandpieces.nl\/wp-content\/uploads\/2020\/07\/Kapiteel-Romeinse-vrouw-Messing-74x48mm-1.jpg\" \/>\n\t<meta property=\"og:image:width\" content=\"480\" \/>\n\t<meta property=\"og:image:height\" content=\"481\" \/>\n\t<meta property=\"og:image:type\" content=\"image\/jpeg\" \/>\n<meta name=\"twitter:card\" content=\"summary_large_image\" \/>\n<meta name=\"twitter:label1\" content=\"Gesch\u00e4tzte Lesezeit\" \/>\n\t<meta name=\"twitter:data1\" content=\"1\u00a0Minute\" \/>\n<script type=\"application\/ld+json\" class=\"yoast-schema-graph\">{\"@context\":\"https:\\\/\\\/schema.org\",\"@graph\":[{\"@type\":\"WebPage\",\"@id\":\"https:\\\/\\\/partsandpieces.nl\\\/product\\\/kapiteel-kariatide-messing-74x48mm\\\/\",\"url\":\"https:\\\/\\\/partsandpieces.nl\\\/product\\\/kapiteel-kariatide-messing-74x48mm\\\/\",\"name\":\"Kapiteel Kariatide Messing 74x48mm\",\"isPartOf\":{\"@id\":\"https:\\\/\\\/partsandpieces.nl\\\/#website\"},\"primaryImageOfPage\":{\"@id\":\"https:\\\/\\\/partsandpieces.nl\\\/product\\\/kapiteel-kariatide-messing-74x48mm\\\/#primaryimage\"},\"image\":{\"@id\":\"https:\\\/\\\/partsandpieces.nl\\\/product\\\/kapiteel-kariatide-messing-74x48mm\\\/#primaryimage\"},\"thumbnailUrl\":\"https:\\\/\\\/partsandpieces.nl\\\/wp-content\\\/uploads\\\/2020\\\/07\\\/Kapiteel-Romeinse-vrouw-Messing-74x48mm-1.jpg\",\"datePublished\":\"2020-07-15T10:48:39+00:00\",\"dateModified\":\"2024-11-26T11:07:40+00:00\",\"description\":\"Kapiteel Kariatide Messing 74x48mm is een hoofd van een Romeinse vrouw. Bij het hoofd horen ook 2 voeten. Het heeft een glanzende messing finish.\",\"breadcrumb\":{\"@id\":\"https:\\\/\\\/partsandpieces.nl\\\/product\\\/kapiteel-kariatide-messing-74x48mm\\\/#breadcrumb\"},\"inLanguage\":\"de\",\"potentialAction\":[{\"@type\":\"ReadAction\",\"target\":[\"https:\\\/\\\/partsandpieces.nl\\\/product\\\/kapiteel-kariatide-messing-74x48mm\\\/\"]}]},{\"@type\":\"ImageObject\",\"inLanguage\":\"de\",\"@id\":\"https:\\\/\\\/partsandpieces.nl\\\/product\\\/kapiteel-kariatide-messing-74x48mm\\\/#primaryimage\",\"url\":\"https:\\\/\\\/partsandpieces.nl\\\/wp-content\\\/uploads\\\/2020\\\/07\\\/Kapiteel-Romeinse-vrouw-Messing-74x48mm-1.jpg\",\"contentUrl\":\"https:\\\/\\\/partsandpieces.nl\\\/wp-content\\\/uploads\\\/2020\\\/07\\\/Kapiteel-Romeinse-vrouw-Messing-74x48mm-1.jpg\",\"width\":480,\"height\":481,\"caption\":\"Kapiteel Romeinse vrouw Messing 74x48mm\"},{\"@type\":\"BreadcrumbList\",\"@id\":\"https:\\\/\\\/partsandpieces.nl\\\/product\\\/kapiteel-kariatide-messing-74x48mm\\\/#breadcrumb\",\"itemListElement\":[{\"@type\":\"ListItem\",\"position\":1,\"name\":\"Home\",\"item\":\"https:\\\/\\\/partsandpieces.nl\\\/home\\\/\"},{\"@type\":\"ListItem\",\"position\":2,\"name\":\"Winkel\",\"item\":\"https:\\\/\\\/partsandpieces.nl\\\/winkel\\\/\"},{\"@type\":\"ListItem\",\"position\":3,\"name\":\"Kapiteel Kariatide Messing 74x48mm\"}]},{\"@type\":\"WebSite\",\"@id\":\"https:\\\/\\\/partsandpieces.nl\\\/#website\",\"url\":\"https:\\\/\\\/partsandpieces.nl\\\/\",\"name\":\"Parts &amp; Pieces\",\"description\":\"Alles voor uw meubelrestauratie en -onderhoud!\",\"potentialAction\":[{\"@type\":\"SearchAction\",\"target\":{\"@type\":\"EntryPoint\",\"urlTemplate\":\"https:\\\/\\\/partsandpieces.nl\\\/?s={search_term_string}\"},\"query-input\":{\"@type\":\"PropertyValueSpecification\",\"valueRequired\":true,\"valueName\":\"search_term_string\"}}],\"inLanguage\":\"de\"}]}<\/script>\n<!-- \/ Yoast SEO plugin. -->","yoast_head_json":{"title":"Hauptstadtkaryatide Messing 74x48mm","description":"Die Hauptkaryatide Messing 74x48mm ist der Kopf einer r\u00f6mischen Frau. Zum Kopf geh\u00f6ren auch 2 F\u00fc\u00dfe. Es hat eine gl\u00e4nzende Messingoberfl\u00e4che.","robots":{"index":"index","follow":"follow","max-snippet":"max-snippet:-1","max-image-preview":"max-image-preview:large","max-video-preview":"max-video-preview:-1"},"canonical":"https:\/\/partsandpieces.nl\/de\/produkt\/hauptkaryatide-messing-74x48mm\/","og_locale":"de_DE","og_type":"article","og_title":"Kapiteel Kariatide Messing 74x48mm","og_description":"Kapiteel Kariatide Messing 74x48mm is een hoofd van een Romeinse vrouw. Bij het hoofd horen ook 2 voeten. Het heeft een glanzende messing finish.","og_url":"https:\/\/partsandpieces.nl\/de\/produkt\/hauptkaryatide-messing-74x48mm\/","og_site_name":"Parts &amp; Pieces","article_modified_time":"2024-11-26T11:07:40+00:00","og_image":[{"width":480,"height":481,"url":"https:\/\/partsandpieces.nl\/wp-content\/uploads\/2020\/07\/Kapiteel-Romeinse-vrouw-Messing-74x48mm-1.jpg","type":"image\/jpeg"}],"twitter_card":"summary_large_image","twitter_misc":{"Gesch\u00e4tzte Lesezeit":"1\u00a0Minute"},"schema":{"@context":"https:\/\/schema.org","@graph":[{"@type":"WebPage","@id":"https:\/\/partsandpieces.nl\/product\/kapiteel-kariatide-messing-74x48mm\/","url":"https:\/\/partsandpieces.nl\/product\/kapiteel-kariatide-messing-74x48mm\/","name":"Hauptstadtkaryatide Messing 74x48mm","isPartOf":{"@id":"https:\/\/partsandpieces.nl\/#website"},"primaryImageOfPage":{"@id":"https:\/\/partsandpieces.nl\/product\/kapiteel-kariatide-messing-74x48mm\/#primaryimage"},"image":{"@id":"https:\/\/partsandpieces.nl\/product\/kapiteel-kariatide-messing-74x48mm\/#primaryimage"},"thumbnailUrl":"https:\/\/partsandpieces.nl\/wp-content\/uploads\/2020\/07\/Kapiteel-Romeinse-vrouw-Messing-74x48mm-1.jpg","datePublished":"2020-07-15T10:48:39+00:00","dateModified":"2024-11-26T11:07:40+00:00","description":"Die Hauptkaryatide Messing 74x48mm ist der Kopf einer r\u00f6mischen Frau. Zum Kopf geh\u00f6ren auch 2 F\u00fc\u00dfe. Es hat eine gl\u00e4nzende Messingoberfl\u00e4che.","breadcrumb":{"@id":"https:\/\/partsandpieces.nl\/product\/kapiteel-kariatide-messing-74x48mm\/#breadcrumb"},"inLanguage":"de","potentialAction":[{"@type":"ReadAction","target":["https:\/\/partsandpieces.nl\/product\/kapiteel-kariatide-messing-74x48mm\/"]}]},{"@type":"ImageObject","inLanguage":"de","@id":"https:\/\/partsandpieces.nl\/product\/kapiteel-kariatide-messing-74x48mm\/#primaryimage","url":"https:\/\/partsandpieces.nl\/wp-content\/uploads\/2020\/07\/Kapiteel-Romeinse-vrouw-Messing-74x48mm-1.jpg","contentUrl":"https:\/\/partsandpieces.nl\/wp-content\/uploads\/2020\/07\/Kapiteel-Romeinse-vrouw-Messing-74x48mm-1.jpg","width":480,"height":481,"caption":"Kapiteel Romeinse vrouw Messing 74x48mm"},{"@type":"BreadcrumbList","@id":"https:\/\/partsandpieces.nl\/product\/kapiteel-kariatide-messing-74x48mm\/#breadcrumb","itemListElement":[{"@type":"ListItem","position":1,"name":"Home","item":"https:\/\/partsandpieces.nl\/home\/"},{"@type":"ListItem","position":2,"name":"Winkel","item":"https:\/\/partsandpieces.nl\/winkel\/"},{"@type":"ListItem","position":3,"name":"Kapiteel Kariatide Messing 74x48mm"}]},{"@type":"WebSite","@id":"https:\/\/partsandpieces.nl\/#website","url":"https:\/\/partsandpieces.nl\/","name":"Teile &amp; St\u00fccke","description":"Alles f\u00fcr Ihre M\u00f6belrestaurierung und -pflege!","potentialAction":[{"@type":"SearchAction","target":{"@type":"EntryPoint","urlTemplate":"https:\/\/partsandpieces.nl\/?s={search_term_string}"},"query-input":{"@type":"PropertyValueSpecification","valueRequired":true,"valueName":"search_term_string"}}],"inLanguage":"de"}]}},"_links":{"self":[{"href":"https:\/\/partsandpieces.nl\/de\/wp-json\/wp\/v2\/product\/486","targetHints":{"allow":["GET"]}}],"collection":[{"href":"https:\/\/partsandpieces.nl\/de\/wp-json\/wp\/v2\/product"}],"about":[{"href":"https:\/\/partsandpieces.nl\/de\/wp-json\/wp\/v2\/types\/product"}],"wp:featuredmedia":[{"embeddable":true,"href":"https:\/\/partsandpieces.nl\/de\/wp-json\/wp\/v2\/media\/5240"}],"wp:attachment":[{"href":"https:\/\/partsandpieces.nl\/de\/wp-json\/wp\/v2\/media?parent=486"}],"wp:term":[{"taxonomy":"product_brand","embeddable":true,"href":"https:\/\/partsandpieces.nl\/de\/wp-json\/wp\/v2\/product_brand?post=486"},{"taxonomy":"product_cat","embeddable":true,"href":"https:\/\/partsandpieces.nl\/de\/wp-json\/wp\/v2\/product_cat?post=486"},{"taxonomy":"product_tag","embeddable":true,"href":"https:\/\/partsandpieces.nl\/de\/wp-json\/wp\/v2\/product_tag?post=486"}],"curies":[{"name":"wp","href":"https:\/\/api.w.org\/{rel}","templated":true}]}}