{"id":488,"date":"2020-07-15T10:51:14","date_gmt":"2020-07-15T10:51:14","guid":{"rendered":"https:\/\/partsandpieces.bonsaidev.nl\/?product=kapiteel-messing-7058"},"modified":"2024-11-26T12:10:35","modified_gmt":"2024-11-26T11:10:35","slug":"hauptstadt-messing-antik-ionisch-70x57mm","status":"publish","type":"product","link":"https:\/\/partsandpieces.nl\/de\/product\/kapiteel-messing-antiek-ionisch-70x57mm\/","title":{"rendered":"Hauptstadt Messing antik Ionic 70x57mm"},"content":{"rendered":"<p><strong>Hauptstadt Messing antik Ionic 70x57mm<\/strong> ist eine Krone, ein Kopfst\u00fcck oder ein oberer Abschluss einer S\u00e4ule, eines Pfeilers oder eines Pilasters an einem M\u00f6belst\u00fcck. Am unteren Ende des Kapitells bildet das Astragal die Verbindung mit dem S\u00e4ulenschaft. Diese Art von Kapitellen wird h\u00e4ufig im Empire-Stil oder im franz\u00f6sischen Neoklassizismus verwendet.<br \/>\nDieses schwere Kapitell im ionischen Stil aus massivem Messing mit antiker Patina ist ein tektonisches Kapitell: Es verf\u00fcgt \u00fcber abstrakte, geometrische Formen als Dekoration.<\/p>\n<p><strong>Ma\u00dfe<\/strong><br \/>\nCapital Brass Antik Ionic 70x57mm ist 57mm hoch, 70mm breit und 18mm dick.<\/p>","protected":false},"excerpt":{"rendered":"<p>Kapiteel Messing antiek Ionisch 70x57mm is een bekroning, kopstuk of bovenbe\u00ebindiging voor een zuil, pijler of pilaster op een meubelstuk. Aan de onderzijde van het kapiteel vormt de astragaal de verbinding met de zuilschacht. Dit soort kapitelen wordt veel gebruikt in de Empire of Franse neoclassicistische stijl. Dit zware kapiteel in Ionische stijl gemaakt van [&hellip;]<\/p>\n","protected":false},"featured_media":489,"template":"","meta":{"_acf_changed":false},"product_brand":[],"product_cat":[33,23],"product_tag":[],"class_list":{"0":"post-488","1":"product","2":"type-product","3":"status-publish","4":"has-post-thumbnail","6":"product_cat-messing-kapitelen","7":"product_cat-meubelbeslag","9":"first","10":"instock","11":"taxable","12":"shipping-taxable","13":"purchasable","14":"product-type-simple"},"acf":[],"yoast_head":"<!-- This site is optimized with the Yoast SEO plugin v27.3 - https:\/\/yoast.com\/product\/yoast-seo-wordpress\/ -->\n<title>Kapiteel Messing antiek Ionisch<\/title>\n<meta name=\"description\" content=\"Kapiteel Messing antiek Ionisch 70x57mm is van massief messing met antieke patina. Wordt veel gebruikt in de Empire of Franse neoclassicistische stijl.\" \/>\n<meta name=\"robots\" content=\"index, follow, max-snippet:-1, max-image-preview:large, max-video-preview:-1\" \/>\n<link rel=\"canonical\" href=\"https:\/\/partsandpieces.nl\/de\/produkt\/hauptstadt-messing-antik-ionisch-70x57mm\/\" \/>\n<meta property=\"og:locale\" content=\"de_DE\" \/>\n<meta property=\"og:type\" content=\"article\" \/>\n<meta property=\"og:title\" content=\"Kapiteel Messing antiek Ionisch\" \/>\n<meta property=\"og:description\" content=\"Kapiteel Messing antiek Ionisch 70x57mm is van massief messing met antieke patina. Wordt veel gebruikt in de Empire of Franse neoclassicistische stijl.\" \/>\n<meta property=\"og:url\" content=\"https:\/\/partsandpieces.nl\/de\/produkt\/hauptstadt-messing-antik-ionisch-70x57mm\/\" \/>\n<meta property=\"og:site_name\" content=\"Parts &amp; Pieces\" \/>\n<meta property=\"article:modified_time\" content=\"2024-11-26T11:10:35+00:00\" \/>\n<meta property=\"og:image\" content=\"https:\/\/partsandpieces.nl\/wp-content\/uploads\/2022\/09\/kapiteelmessing7058.jpg\" \/>\n\t<meta property=\"og:image:width\" content=\"1024\" \/>\n\t<meta property=\"og:image:height\" content=\"768\" \/>\n\t<meta property=\"og:image:type\" content=\"image\/jpeg\" \/>\n<meta name=\"twitter:card\" content=\"summary_large_image\" \/>\n<meta name=\"twitter:label1\" content=\"Gesch\u00e4tzte Lesezeit\" \/>\n\t<meta name=\"twitter:data1\" content=\"1\u00a0Minute\" \/>\n<script type=\"application\/ld+json\" class=\"yoast-schema-graph\">{\"@context\":\"https:\\\/\\\/schema.org\",\"@graph\":[{\"@type\":\"WebPage\",\"@id\":\"https:\\\/\\\/partsandpieces.nl\\\/product\\\/kapiteel-messing-antiek-ionisch-70x57mm\\\/\",\"url\":\"https:\\\/\\\/partsandpieces.nl\\\/product\\\/kapiteel-messing-antiek-ionisch-70x57mm\\\/\",\"name\":\"Kapiteel Messing antiek Ionisch\",\"isPartOf\":{\"@id\":\"https:\\\/\\\/partsandpieces.nl\\\/#website\"},\"primaryImageOfPage\":{\"@id\":\"https:\\\/\\\/partsandpieces.nl\\\/product\\\/kapiteel-messing-antiek-ionisch-70x57mm\\\/#primaryimage\"},\"image\":{\"@id\":\"https:\\\/\\\/partsandpieces.nl\\\/product\\\/kapiteel-messing-antiek-ionisch-70x57mm\\\/#primaryimage\"},\"thumbnailUrl\":\"https:\\\/\\\/partsandpieces.nl\\\/wp-content\\\/uploads\\\/2022\\\/09\\\/kapiteelmessing7058.jpg\",\"datePublished\":\"2020-07-15T10:51:14+00:00\",\"dateModified\":\"2024-11-26T11:10:35+00:00\",\"description\":\"Kapiteel Messing antiek Ionisch 70x57mm is van massief messing met antieke patina. Wordt veel gebruikt in de Empire of Franse neoclassicistische stijl.\",\"breadcrumb\":{\"@id\":\"https:\\\/\\\/partsandpieces.nl\\\/product\\\/kapiteel-messing-antiek-ionisch-70x57mm\\\/#breadcrumb\"},\"inLanguage\":\"de\",\"potentialAction\":[{\"@type\":\"ReadAction\",\"target\":[\"https:\\\/\\\/partsandpieces.nl\\\/product\\\/kapiteel-messing-antiek-ionisch-70x57mm\\\/\"]}]},{\"@type\":\"ImageObject\",\"inLanguage\":\"de\",\"@id\":\"https:\\\/\\\/partsandpieces.nl\\\/product\\\/kapiteel-messing-antiek-ionisch-70x57mm\\\/#primaryimage\",\"url\":\"https:\\\/\\\/partsandpieces.nl\\\/wp-content\\\/uploads\\\/2022\\\/09\\\/kapiteelmessing7058.jpg\",\"contentUrl\":\"https:\\\/\\\/partsandpieces.nl\\\/wp-content\\\/uploads\\\/2022\\\/09\\\/kapiteelmessing7058.jpg\",\"width\":1024,\"height\":768},{\"@type\":\"BreadcrumbList\",\"@id\":\"https:\\\/\\\/partsandpieces.nl\\\/product\\\/kapiteel-messing-antiek-ionisch-70x57mm\\\/#breadcrumb\",\"itemListElement\":[{\"@type\":\"ListItem\",\"position\":1,\"name\":\"Home\",\"item\":\"https:\\\/\\\/partsandpieces.nl\\\/home\\\/\"},{\"@type\":\"ListItem\",\"position\":2,\"name\":\"Winkel\",\"item\":\"https:\\\/\\\/partsandpieces.nl\\\/winkel\\\/\"},{\"@type\":\"ListItem\",\"position\":3,\"name\":\"Kapiteel Messing antiek Ionisch 70x57mm\"}]},{\"@type\":\"WebSite\",\"@id\":\"https:\\\/\\\/partsandpieces.nl\\\/#website\",\"url\":\"https:\\\/\\\/partsandpieces.nl\\\/\",\"name\":\"Parts &amp; Pieces\",\"description\":\"Alles voor uw meubelrestauratie en -onderhoud!\",\"potentialAction\":[{\"@type\":\"SearchAction\",\"target\":{\"@type\":\"EntryPoint\",\"urlTemplate\":\"https:\\\/\\\/partsandpieces.nl\\\/?s={search_term_string}\"},\"query-input\":{\"@type\":\"PropertyValueSpecification\",\"valueRequired\":true,\"valueName\":\"search_term_string\"}}],\"inLanguage\":\"de\"}]}<\/script>\n<!-- \/ Yoast SEO plugin. -->","yoast_head_json":{"title":"Kapitalmessing antik ionisch","description":"Capital Brass antik Ionic 70x57mm ist aus massivem Messing mit antiker Patina gefertigt. Weit verbreitet im Empire-Stil oder im franz\u00f6sischen Neoklassizismus.","robots":{"index":"index","follow":"follow","max-snippet":"max-snippet:-1","max-image-preview":"max-image-preview:large","max-video-preview":"max-video-preview:-1"},"canonical":"https:\/\/partsandpieces.nl\/de\/produkt\/hauptstadt-messing-antik-ionisch-70x57mm\/","og_locale":"de_DE","og_type":"article","og_title":"Kapiteel Messing antiek Ionisch","og_description":"Kapiteel Messing antiek Ionisch 70x57mm is van massief messing met antieke patina. Wordt veel gebruikt in de Empire of Franse neoclassicistische stijl.","og_url":"https:\/\/partsandpieces.nl\/de\/produkt\/hauptstadt-messing-antik-ionisch-70x57mm\/","og_site_name":"Parts &amp; Pieces","article_modified_time":"2024-11-26T11:10:35+00:00","og_image":[{"width":1024,"height":768,"url":"https:\/\/partsandpieces.nl\/wp-content\/uploads\/2022\/09\/kapiteelmessing7058.jpg","type":"image\/jpeg"}],"twitter_card":"summary_large_image","twitter_misc":{"Gesch\u00e4tzte Lesezeit":"1\u00a0Minute"},"schema":{"@context":"https:\/\/schema.org","@graph":[{"@type":"WebPage","@id":"https:\/\/partsandpieces.nl\/product\/kapiteel-messing-antiek-ionisch-70x57mm\/","url":"https:\/\/partsandpieces.nl\/product\/kapiteel-messing-antiek-ionisch-70x57mm\/","name":"Kapitalmessing antik ionisch","isPartOf":{"@id":"https:\/\/partsandpieces.nl\/#website"},"primaryImageOfPage":{"@id":"https:\/\/partsandpieces.nl\/product\/kapiteel-messing-antiek-ionisch-70x57mm\/#primaryimage"},"image":{"@id":"https:\/\/partsandpieces.nl\/product\/kapiteel-messing-antiek-ionisch-70x57mm\/#primaryimage"},"thumbnailUrl":"https:\/\/partsandpieces.nl\/wp-content\/uploads\/2022\/09\/kapiteelmessing7058.jpg","datePublished":"2020-07-15T10:51:14+00:00","dateModified":"2024-11-26T11:10:35+00:00","description":"Capital Brass antik Ionic 70x57mm ist aus massivem Messing mit antiker Patina gefertigt. Weit verbreitet im Empire-Stil oder im franz\u00f6sischen Neoklassizismus.","breadcrumb":{"@id":"https:\/\/partsandpieces.nl\/product\/kapiteel-messing-antiek-ionisch-70x57mm\/#breadcrumb"},"inLanguage":"de","potentialAction":[{"@type":"ReadAction","target":["https:\/\/partsandpieces.nl\/product\/kapiteel-messing-antiek-ionisch-70x57mm\/"]}]},{"@type":"ImageObject","inLanguage":"de","@id":"https:\/\/partsandpieces.nl\/product\/kapiteel-messing-antiek-ionisch-70x57mm\/#primaryimage","url":"https:\/\/partsandpieces.nl\/wp-content\/uploads\/2022\/09\/kapiteelmessing7058.jpg","contentUrl":"https:\/\/partsandpieces.nl\/wp-content\/uploads\/2022\/09\/kapiteelmessing7058.jpg","width":1024,"height":768},{"@type":"BreadcrumbList","@id":"https:\/\/partsandpieces.nl\/product\/kapiteel-messing-antiek-ionisch-70x57mm\/#breadcrumb","itemListElement":[{"@type":"ListItem","position":1,"name":"Home","item":"https:\/\/partsandpieces.nl\/home\/"},{"@type":"ListItem","position":2,"name":"Winkel","item":"https:\/\/partsandpieces.nl\/winkel\/"},{"@type":"ListItem","position":3,"name":"Kapiteel Messing antiek Ionisch 70x57mm"}]},{"@type":"WebSite","@id":"https:\/\/partsandpieces.nl\/#website","url":"https:\/\/partsandpieces.nl\/","name":"Teile &amp; St\u00fccke","description":"Alles f\u00fcr Ihre M\u00f6belrestaurierung und -pflege!","potentialAction":[{"@type":"SearchAction","target":{"@type":"EntryPoint","urlTemplate":"https:\/\/partsandpieces.nl\/?s={search_term_string}"},"query-input":{"@type":"PropertyValueSpecification","valueRequired":true,"valueName":"search_term_string"}}],"inLanguage":"de"}]}},"_links":{"self":[{"href":"https:\/\/partsandpieces.nl\/de\/wp-json\/wp\/v2\/product\/488","targetHints":{"allow":["GET"]}}],"collection":[{"href":"https:\/\/partsandpieces.nl\/de\/wp-json\/wp\/v2\/product"}],"about":[{"href":"https:\/\/partsandpieces.nl\/de\/wp-json\/wp\/v2\/types\/product"}],"wp:featuredmedia":[{"embeddable":true,"href":"https:\/\/partsandpieces.nl\/de\/wp-json\/wp\/v2\/media\/489"}],"wp:attachment":[{"href":"https:\/\/partsandpieces.nl\/de\/wp-json\/wp\/v2\/media?parent=488"}],"wp:term":[{"taxonomy":"product_brand","embeddable":true,"href":"https:\/\/partsandpieces.nl\/de\/wp-json\/wp\/v2\/product_brand?post=488"},{"taxonomy":"product_cat","embeddable":true,"href":"https:\/\/partsandpieces.nl\/de\/wp-json\/wp\/v2\/product_cat?post=488"},{"taxonomy":"product_tag","embeddable":true,"href":"https:\/\/partsandpieces.nl\/de\/wp-json\/wp\/v2\/product_tag?post=488"}],"curies":[{"name":"wp","href":"https:\/\/api.w.org\/{rel}","templated":true}]}}