{"id":497,"date":"2020-07-15T11:39:00","date_gmt":"2020-07-15T11:39:00","guid":{"rendered":"https:\/\/partsandpieces.bonsaidev.nl\/?product=kistgreep-giet-ijzer-115x50"},"modified":"2026-02-10T19:12:26","modified_gmt":"2026-02-10T18:12:26","slug":"kastengriff-gusseisen-75x43mm","status":"publish","type":"product","link":"https:\/\/partsandpieces.nl\/de\/product\/kistgreep-gietijzer-75x43mm\/","title":{"rendered":"Kastengriff Gusseisen 75x43mm"},"content":{"rendered":"<p><strong>Kastengriff Gusseisen 75x43mm<\/strong> ist ein Schubladengriff \/ Truhengriff aus massivem Eisen. Der Griff hat einen Anschlag nach oben, so dass sich der Griff nicht weiter nach oben als horizontal dreht.<\/p>\n<p><strong>Ma\u00dfe<br \/>\n<\/strong>Der Sarggriff aus Gusseisen 75 x 43 mm hat eine Breite von 75 mm und eine H\u00f6he des Griffs selbst von ca. 43 mm. Die Gesamtbreite des Griffs betr\u00e4gt 118 mm. Die Bohrl\u00f6cher haben pro Montage einen Abstand von ca. 28 mm.<\/p>\n<p><strong>Bearbeiten<br \/>\n<\/strong>Sie k\u00f6nnen den Griff mit einsteckbaren konischen Schrauben montieren. Ich liefere diese Schrauben NICHT.<\/p>","protected":false},"excerpt":{"rendered":"<p>Kistgreep Gietijzer 75x43mm is een massief ijzeren ladegreep \/ kistgreep. De greep heeft een aanslag naar boven, zodat de greep niet verder naar boven draait dan horizontaal. Afmetingen Kistgreep Gietijzer 75x43mm heeft een breedte van 75mm en hoogte van ongeveer 43mm van de greep zelf. De totale breedte van de greep is 118mm. De boorgaten [&hellip;]<\/p>\n","protected":false},"featured_media":7305,"template":"","meta":{"_acf_changed":false},"product_brand":[],"product_cat":[36,23],"product_tag":[],"class_list":{"0":"post-497","1":"product","2":"type-product","3":"status-publish","4":"has-post-thumbnail","6":"product_cat-kistbeslag","7":"product_cat-meubelbeslag","9":"first","10":"instock","11":"taxable","12":"shipping-taxable","13":"purchasable","14":"product-type-simple"},"acf":[],"yoast_head":"<!-- This site is optimized with the Yoast SEO plugin v27.3 - https:\/\/yoast.com\/product\/yoast-seo-wordpress\/ -->\n<title>Kistgreep Gietijzer 75x43mm<\/title>\n<meta name=\"description\" content=\"Kistgreep Gietijzer 75x43mm is een massief ijzeren ladegreep \/ kistgreep. De greep heeft een aanslag naar boven, zodat de greep te ver naar boven draait.\" \/>\n<meta name=\"robots\" content=\"index, follow, max-snippet:-1, max-image-preview:large, max-video-preview:-1\" \/>\n<link rel=\"canonical\" href=\"https:\/\/partsandpieces.nl\/de\/produkt\/kastengriff-gusseisen-75x43mm\/\" \/>\n<meta property=\"og:locale\" content=\"de_DE\" \/>\n<meta property=\"og:type\" content=\"article\" \/>\n<meta property=\"og:title\" content=\"Kistgreep Gietijzer 75x43mm\" \/>\n<meta property=\"og:description\" content=\"Kistgreep Gietijzer 75x43mm is een massief ijzeren ladegreep \/ kistgreep. De greep heeft een aanslag naar boven, zodat de greep te ver naar boven draait.\" \/>\n<meta property=\"og:url\" content=\"https:\/\/partsandpieces.nl\/de\/produkt\/kastengriff-gusseisen-75x43mm\/\" \/>\n<meta property=\"og:site_name\" content=\"Parts &amp; Pieces\" \/>\n<meta property=\"article:modified_time\" content=\"2026-02-10T18:12:26+00:00\" \/>\n<meta property=\"og:image\" content=\"https:\/\/partsandpieces.nl\/wp-content\/uploads\/2020\/07\/Kistgreep-Gietijzer-75x43mm.jpg\" \/>\n\t<meta property=\"og:image:width\" content=\"431\" \/>\n\t<meta property=\"og:image:height\" content=\"429\" \/>\n\t<meta property=\"og:image:type\" content=\"image\/jpeg\" \/>\n<meta name=\"twitter:card\" content=\"summary_large_image\" \/>\n<meta name=\"twitter:label1\" content=\"Gesch\u00e4tzte Lesezeit\" \/>\n\t<meta name=\"twitter:data1\" content=\"1\u00a0Minute\" \/>\n<script type=\"application\/ld+json\" class=\"yoast-schema-graph\">{\"@context\":\"https:\\\/\\\/schema.org\",\"@graph\":[{\"@type\":\"WebPage\",\"@id\":\"https:\\\/\\\/partsandpieces.nl\\\/product\\\/kistgreep-gietijzer-75x43mm\\\/\",\"url\":\"https:\\\/\\\/partsandpieces.nl\\\/product\\\/kistgreep-gietijzer-75x43mm\\\/\",\"name\":\"Kistgreep Gietijzer 75x43mm\",\"isPartOf\":{\"@id\":\"https:\\\/\\\/partsandpieces.nl\\\/#website\"},\"primaryImageOfPage\":{\"@id\":\"https:\\\/\\\/partsandpieces.nl\\\/product\\\/kistgreep-gietijzer-75x43mm\\\/#primaryimage\"},\"image\":{\"@id\":\"https:\\\/\\\/partsandpieces.nl\\\/product\\\/kistgreep-gietijzer-75x43mm\\\/#primaryimage\"},\"thumbnailUrl\":\"https:\\\/\\\/partsandpieces.nl\\\/wp-content\\\/uploads\\\/2020\\\/07\\\/Kistgreep-Gietijzer-75x43mm.jpg\",\"datePublished\":\"2020-07-15T11:39:00+00:00\",\"dateModified\":\"2026-02-10T18:12:26+00:00\",\"description\":\"Kistgreep Gietijzer 75x43mm is een massief ijzeren ladegreep \\\/ kistgreep. De greep heeft een aanslag naar boven, zodat de greep te ver naar boven draait.\",\"breadcrumb\":{\"@id\":\"https:\\\/\\\/partsandpieces.nl\\\/product\\\/kistgreep-gietijzer-75x43mm\\\/#breadcrumb\"},\"inLanguage\":\"de\",\"potentialAction\":[{\"@type\":\"ReadAction\",\"target\":[\"https:\\\/\\\/partsandpieces.nl\\\/product\\\/kistgreep-gietijzer-75x43mm\\\/\"]}]},{\"@type\":\"ImageObject\",\"inLanguage\":\"de\",\"@id\":\"https:\\\/\\\/partsandpieces.nl\\\/product\\\/kistgreep-gietijzer-75x43mm\\\/#primaryimage\",\"url\":\"https:\\\/\\\/partsandpieces.nl\\\/wp-content\\\/uploads\\\/2020\\\/07\\\/Kistgreep-Gietijzer-75x43mm.jpg\",\"contentUrl\":\"https:\\\/\\\/partsandpieces.nl\\\/wp-content\\\/uploads\\\/2020\\\/07\\\/Kistgreep-Gietijzer-75x43mm.jpg\",\"width\":431,\"height\":429,\"caption\":\"Kistgreep Gietijzer 75x43mm\"},{\"@type\":\"BreadcrumbList\",\"@id\":\"https:\\\/\\\/partsandpieces.nl\\\/product\\\/kistgreep-gietijzer-75x43mm\\\/#breadcrumb\",\"itemListElement\":[{\"@type\":\"ListItem\",\"position\":1,\"name\":\"Home\",\"item\":\"https:\\\/\\\/partsandpieces.nl\\\/home\\\/\"},{\"@type\":\"ListItem\",\"position\":2,\"name\":\"Winkel\",\"item\":\"https:\\\/\\\/partsandpieces.nl\\\/winkel\\\/\"},{\"@type\":\"ListItem\",\"position\":3,\"name\":\"Kistgreep Gietijzer 75x43mm\"}]},{\"@type\":\"WebSite\",\"@id\":\"https:\\\/\\\/partsandpieces.nl\\\/#website\",\"url\":\"https:\\\/\\\/partsandpieces.nl\\\/\",\"name\":\"Parts &amp; Pieces\",\"description\":\"Alles voor uw meubelrestauratie en -onderhoud!\",\"potentialAction\":[{\"@type\":\"SearchAction\",\"target\":{\"@type\":\"EntryPoint\",\"urlTemplate\":\"https:\\\/\\\/partsandpieces.nl\\\/?s={search_term_string}\"},\"query-input\":{\"@type\":\"PropertyValueSpecification\",\"valueRequired\":true,\"valueName\":\"search_term_string\"}}],\"inLanguage\":\"de\"}]}<\/script>\n<!-- \/ Yoast SEO plugin. -->","yoast_head_json":{"title":"Kastengriff Gusseisen 75x43mm","description":"Der Kastengriff aus Gusseisen 75 x 43 mm ist ein Schubladengriff\/Kastengriff aus massivem Eisen. Der Griff hat einen Anschlag nach oben, so dass sich der Griff zu weit nach oben dreht.","robots":{"index":"index","follow":"follow","max-snippet":"max-snippet:-1","max-image-preview":"max-image-preview:large","max-video-preview":"max-video-preview:-1"},"canonical":"https:\/\/partsandpieces.nl\/de\/produkt\/kastengriff-gusseisen-75x43mm\/","og_locale":"de_DE","og_type":"article","og_title":"Kistgreep Gietijzer 75x43mm","og_description":"Kistgreep Gietijzer 75x43mm is een massief ijzeren ladegreep \/ kistgreep. De greep heeft een aanslag naar boven, zodat de greep te ver naar boven draait.","og_url":"https:\/\/partsandpieces.nl\/de\/produkt\/kastengriff-gusseisen-75x43mm\/","og_site_name":"Parts &amp; Pieces","article_modified_time":"2026-02-10T18:12:26+00:00","og_image":[{"width":431,"height":429,"url":"https:\/\/partsandpieces.nl\/wp-content\/uploads\/2020\/07\/Kistgreep-Gietijzer-75x43mm.jpg","type":"image\/jpeg"}],"twitter_card":"summary_large_image","twitter_misc":{"Gesch\u00e4tzte Lesezeit":"1\u00a0Minute"},"schema":{"@context":"https:\/\/schema.org","@graph":[{"@type":"WebPage","@id":"https:\/\/partsandpieces.nl\/product\/kistgreep-gietijzer-75x43mm\/","url":"https:\/\/partsandpieces.nl\/product\/kistgreep-gietijzer-75x43mm\/","name":"Kastengriff Gusseisen 75x43mm","isPartOf":{"@id":"https:\/\/partsandpieces.nl\/#website"},"primaryImageOfPage":{"@id":"https:\/\/partsandpieces.nl\/product\/kistgreep-gietijzer-75x43mm\/#primaryimage"},"image":{"@id":"https:\/\/partsandpieces.nl\/product\/kistgreep-gietijzer-75x43mm\/#primaryimage"},"thumbnailUrl":"https:\/\/partsandpieces.nl\/wp-content\/uploads\/2020\/07\/Kistgreep-Gietijzer-75x43mm.jpg","datePublished":"2020-07-15T11:39:00+00:00","dateModified":"2026-02-10T18:12:26+00:00","description":"Der Kastengriff aus Gusseisen 75 x 43 mm ist ein Schubladengriff\/Kastengriff aus massivem Eisen. Der Griff hat einen Anschlag nach oben, so dass sich der Griff zu weit nach oben dreht.","breadcrumb":{"@id":"https:\/\/partsandpieces.nl\/product\/kistgreep-gietijzer-75x43mm\/#breadcrumb"},"inLanguage":"de","potentialAction":[{"@type":"ReadAction","target":["https:\/\/partsandpieces.nl\/product\/kistgreep-gietijzer-75x43mm\/"]}]},{"@type":"ImageObject","inLanguage":"de","@id":"https:\/\/partsandpieces.nl\/product\/kistgreep-gietijzer-75x43mm\/#primaryimage","url":"https:\/\/partsandpieces.nl\/wp-content\/uploads\/2020\/07\/Kistgreep-Gietijzer-75x43mm.jpg","contentUrl":"https:\/\/partsandpieces.nl\/wp-content\/uploads\/2020\/07\/Kistgreep-Gietijzer-75x43mm.jpg","width":431,"height":429,"caption":"Kistgreep Gietijzer 75x43mm"},{"@type":"BreadcrumbList","@id":"https:\/\/partsandpieces.nl\/product\/kistgreep-gietijzer-75x43mm\/#breadcrumb","itemListElement":[{"@type":"ListItem","position":1,"name":"Home","item":"https:\/\/partsandpieces.nl\/home\/"},{"@type":"ListItem","position":2,"name":"Winkel","item":"https:\/\/partsandpieces.nl\/winkel\/"},{"@type":"ListItem","position":3,"name":"Kistgreep Gietijzer 75x43mm"}]},{"@type":"WebSite","@id":"https:\/\/partsandpieces.nl\/#website","url":"https:\/\/partsandpieces.nl\/","name":"Teile &amp; St\u00fccke","description":"Alles f\u00fcr Ihre M\u00f6belrestaurierung und -pflege!","potentialAction":[{"@type":"SearchAction","target":{"@type":"EntryPoint","urlTemplate":"https:\/\/partsandpieces.nl\/?s={search_term_string}"},"query-input":{"@type":"PropertyValueSpecification","valueRequired":true,"valueName":"search_term_string"}}],"inLanguage":"de"}]}},"_links":{"self":[{"href":"https:\/\/partsandpieces.nl\/de\/wp-json\/wp\/v2\/product\/497","targetHints":{"allow":["GET"]}}],"collection":[{"href":"https:\/\/partsandpieces.nl\/de\/wp-json\/wp\/v2\/product"}],"about":[{"href":"https:\/\/partsandpieces.nl\/de\/wp-json\/wp\/v2\/types\/product"}],"wp:featuredmedia":[{"embeddable":true,"href":"https:\/\/partsandpieces.nl\/de\/wp-json\/wp\/v2\/media\/7305"}],"wp:attachment":[{"href":"https:\/\/partsandpieces.nl\/de\/wp-json\/wp\/v2\/media?parent=497"}],"wp:term":[{"taxonomy":"product_brand","embeddable":true,"href":"https:\/\/partsandpieces.nl\/de\/wp-json\/wp\/v2\/product_brand?post=497"},{"taxonomy":"product_cat","embeddable":true,"href":"https:\/\/partsandpieces.nl\/de\/wp-json\/wp\/v2\/product_cat?post=497"},{"taxonomy":"product_tag","embeddable":true,"href":"https:\/\/partsandpieces.nl\/de\/wp-json\/wp\/v2\/product_tag?post=497"}],"curies":[{"name":"wp","href":"https:\/\/api.w.org\/{rel}","templated":true}]}}