{"id":499,"date":"2020-07-15T11:42:31","date_gmt":"2020-07-15T11:42:31","guid":{"rendered":"https:\/\/partsandpieces.bonsaidev.nl\/?product=kistgreep-giet-ijzer-152x60"},"modified":"2025-12-19T15:45:44","modified_gmt":"2025-12-19T14:45:44","slug":"gusseisen-kastengriff-gros-90x54mm","status":"publish","type":"product","link":"https:\/\/partsandpieces.nl\/de\/product\/kistgreep-gietijzer-groot-90x54mm\/","title":{"rendered":"Sarggriff aus Gusseisen, gro\u00df, 90 x 54 mm"},"content":{"rendered":"<p><strong>Sarggriff aus Gusseisen, gro\u00df, 90 x 54 mm<\/strong> ist ein gro\u00dfer Schubladengriff \/ Truhengriff aus massivem Eisen. Der Griff hat einen Anschlag nach oben, so dass sich der Griff nicht weiter nach oben als horizontal dreht.<\/p>\n<p><strong>Ma\u00dfe<br \/>\n<\/strong>Der Sarggriff Gusseisen gro\u00df 90 x 54 mm hat eine Breite von 90 mm und eine H\u00f6he von ca. 54 mm vom Griff selbst. Die Gesamtbreite des Griffs betr\u00e4gt ca. 153 mm. Die Bohrl\u00f6cher haben pro Montage einen Abstand von ca. 35 mm.<\/p>\n<p><strong>Bearbeiten<br \/>\n<\/strong>Sie k\u00f6nnen den Griff mit einsteckbaren konischen Schrauben montieren. Diese Schrauben liefere ich Ihrer Bestellung bei.<\/p>","protected":false},"excerpt":{"rendered":"<p>Kistgreep Gietijzer Groot 90x54mm is een grote massief ijzeren ladegreep \/ kistgreep. De greep heeft een aanslag naar boven, zodat de greep niet verder naar boven draait dan horizontaal. Afmetingen Kistgreep Gietijzer Groot 90x54mm heeft een breedte van 90mm en hoogte van ongeveer 54mm van de greep zelf. De totale breedte van de greep is [&hellip;]<\/p>\n","protected":false},"featured_media":7310,"template":"","meta":{"_acf_changed":false},"product_brand":[],"product_cat":[36,23],"product_tag":[],"class_list":{"0":"post-499","1":"product","2":"type-product","3":"status-publish","4":"has-post-thumbnail","6":"product_cat-kistbeslag","7":"product_cat-meubelbeslag","9":"first","10":"instock","11":"taxable","12":"shipping-taxable","13":"purchasable","14":"product-type-simple"},"acf":[],"yoast_head":"<!-- This site is optimized with the Yoast SEO plugin v27.3 - https:\/\/yoast.com\/product\/yoast-seo-wordpress\/ -->\n<title>Kistgreep Gietijzer Groot 90x54mm<\/title>\n<meta name=\"description\" content=\"Kistgreep Gietijzer Groot 90x54mm heeft een aanslag naar boven, zodat de greep niet verder naar boven draait dan horizontaal.\" \/>\n<meta name=\"robots\" content=\"index, follow, max-snippet:-1, max-image-preview:large, max-video-preview:-1\" \/>\n<link rel=\"canonical\" href=\"https:\/\/partsandpieces.nl\/de\/produkt\/gusseisen-kastengriff-gros-90x54mm\/\" \/>\n<meta property=\"og:locale\" content=\"de_DE\" \/>\n<meta property=\"og:type\" content=\"article\" \/>\n<meta property=\"og:title\" content=\"Kistgreep Gietijzer Groot 90x54mm\" \/>\n<meta property=\"og:description\" content=\"Kistgreep Gietijzer Groot 90x54mm heeft een aanslag naar boven, zodat de greep niet verder naar boven draait dan horizontaal.\" \/>\n<meta property=\"og:url\" content=\"https:\/\/partsandpieces.nl\/de\/produkt\/gusseisen-kastengriff-gros-90x54mm\/\" \/>\n<meta property=\"og:site_name\" content=\"Parts &amp; Pieces\" \/>\n<meta property=\"article:modified_time\" content=\"2025-12-19T14:45:44+00:00\" \/>\n<meta property=\"og:image\" content=\"https:\/\/partsandpieces.nl\/wp-content\/uploads\/2020\/07\/Kistgreep-Gietijzer-Groot-90x54mm.jpg\" \/>\n\t<meta property=\"og:image:width\" content=\"475\" \/>\n\t<meta property=\"og:image:height\" content=\"475\" \/>\n\t<meta property=\"og:image:type\" content=\"image\/jpeg\" \/>\n<meta name=\"twitter:card\" content=\"summary_large_image\" \/>\n<meta name=\"twitter:label1\" content=\"Gesch\u00e4tzte Lesezeit\" \/>\n\t<meta name=\"twitter:data1\" content=\"1\u00a0Minute\" \/>\n<script type=\"application\/ld+json\" class=\"yoast-schema-graph\">{\"@context\":\"https:\\\/\\\/schema.org\",\"@graph\":[{\"@type\":\"WebPage\",\"@id\":\"https:\\\/\\\/partsandpieces.nl\\\/product\\\/kistgreep-gietijzer-groot-90x54mm\\\/\",\"url\":\"https:\\\/\\\/partsandpieces.nl\\\/product\\\/kistgreep-gietijzer-groot-90x54mm\\\/\",\"name\":\"Kistgreep Gietijzer Groot 90x54mm\",\"isPartOf\":{\"@id\":\"https:\\\/\\\/partsandpieces.nl\\\/#website\"},\"primaryImageOfPage\":{\"@id\":\"https:\\\/\\\/partsandpieces.nl\\\/product\\\/kistgreep-gietijzer-groot-90x54mm\\\/#primaryimage\"},\"image\":{\"@id\":\"https:\\\/\\\/partsandpieces.nl\\\/product\\\/kistgreep-gietijzer-groot-90x54mm\\\/#primaryimage\"},\"thumbnailUrl\":\"https:\\\/\\\/partsandpieces.nl\\\/wp-content\\\/uploads\\\/2020\\\/07\\\/Kistgreep-Gietijzer-Groot-90x54mm.jpg\",\"datePublished\":\"2020-07-15T11:42:31+00:00\",\"dateModified\":\"2025-12-19T14:45:44+00:00\",\"description\":\"Kistgreep Gietijzer Groot 90x54mm heeft een aanslag naar boven, zodat de greep niet verder naar boven draait dan horizontaal.\",\"breadcrumb\":{\"@id\":\"https:\\\/\\\/partsandpieces.nl\\\/product\\\/kistgreep-gietijzer-groot-90x54mm\\\/#breadcrumb\"},\"inLanguage\":\"de\",\"potentialAction\":[{\"@type\":\"ReadAction\",\"target\":[\"https:\\\/\\\/partsandpieces.nl\\\/product\\\/kistgreep-gietijzer-groot-90x54mm\\\/\"]}]},{\"@type\":\"ImageObject\",\"inLanguage\":\"de\",\"@id\":\"https:\\\/\\\/partsandpieces.nl\\\/product\\\/kistgreep-gietijzer-groot-90x54mm\\\/#primaryimage\",\"url\":\"https:\\\/\\\/partsandpieces.nl\\\/wp-content\\\/uploads\\\/2020\\\/07\\\/Kistgreep-Gietijzer-Groot-90x54mm.jpg\",\"contentUrl\":\"https:\\\/\\\/partsandpieces.nl\\\/wp-content\\\/uploads\\\/2020\\\/07\\\/Kistgreep-Gietijzer-Groot-90x54mm.jpg\",\"width\":475,\"height\":475,\"caption\":\"Kistgreep Gietijzer Groot 90x54mm\"},{\"@type\":\"BreadcrumbList\",\"@id\":\"https:\\\/\\\/partsandpieces.nl\\\/product\\\/kistgreep-gietijzer-groot-90x54mm\\\/#breadcrumb\",\"itemListElement\":[{\"@type\":\"ListItem\",\"position\":1,\"name\":\"Home\",\"item\":\"https:\\\/\\\/partsandpieces.nl\\\/home\\\/\"},{\"@type\":\"ListItem\",\"position\":2,\"name\":\"Winkel\",\"item\":\"https:\\\/\\\/partsandpieces.nl\\\/winkel\\\/\"},{\"@type\":\"ListItem\",\"position\":3,\"name\":\"Kistgreep Gietijzer Groot 90x54mm\"}]},{\"@type\":\"WebSite\",\"@id\":\"https:\\\/\\\/partsandpieces.nl\\\/#website\",\"url\":\"https:\\\/\\\/partsandpieces.nl\\\/\",\"name\":\"Parts &amp; Pieces\",\"description\":\"Alles voor uw meubelrestauratie en -onderhoud!\",\"potentialAction\":[{\"@type\":\"SearchAction\",\"target\":{\"@type\":\"EntryPoint\",\"urlTemplate\":\"https:\\\/\\\/partsandpieces.nl\\\/?s={search_term_string}\"},\"query-input\":{\"@type\":\"PropertyValueSpecification\",\"valueRequired\":true,\"valueName\":\"search_term_string\"}}],\"inLanguage\":\"de\"}]}<\/script>\n<!-- \/ Yoast SEO plugin. -->","yoast_head_json":{"title":"Sarggriff aus Gusseisen, gro\u00df, 90 x 54 mm","description":"Sarggriff aus Gusseisen, gro\u00df, 90 x 54 mm, hat einen Anschlag nach oben, so dass sich der Griff nicht weiter nach oben dreht als horizontal.","robots":{"index":"index","follow":"follow","max-snippet":"max-snippet:-1","max-image-preview":"max-image-preview:large","max-video-preview":"max-video-preview:-1"},"canonical":"https:\/\/partsandpieces.nl\/de\/produkt\/gusseisen-kastengriff-gros-90x54mm\/","og_locale":"de_DE","og_type":"article","og_title":"Kistgreep Gietijzer Groot 90x54mm","og_description":"Kistgreep Gietijzer Groot 90x54mm heeft een aanslag naar boven, zodat de greep niet verder naar boven draait dan horizontaal.","og_url":"https:\/\/partsandpieces.nl\/de\/produkt\/gusseisen-kastengriff-gros-90x54mm\/","og_site_name":"Parts &amp; Pieces","article_modified_time":"2025-12-19T14:45:44+00:00","og_image":[{"width":475,"height":475,"url":"https:\/\/partsandpieces.nl\/wp-content\/uploads\/2020\/07\/Kistgreep-Gietijzer-Groot-90x54mm.jpg","type":"image\/jpeg"}],"twitter_card":"summary_large_image","twitter_misc":{"Gesch\u00e4tzte Lesezeit":"1\u00a0Minute"},"schema":{"@context":"https:\/\/schema.org","@graph":[{"@type":"WebPage","@id":"https:\/\/partsandpieces.nl\/product\/kistgreep-gietijzer-groot-90x54mm\/","url":"https:\/\/partsandpieces.nl\/product\/kistgreep-gietijzer-groot-90x54mm\/","name":"Sarggriff aus Gusseisen, gro\u00df, 90 x 54 mm","isPartOf":{"@id":"https:\/\/partsandpieces.nl\/#website"},"primaryImageOfPage":{"@id":"https:\/\/partsandpieces.nl\/product\/kistgreep-gietijzer-groot-90x54mm\/#primaryimage"},"image":{"@id":"https:\/\/partsandpieces.nl\/product\/kistgreep-gietijzer-groot-90x54mm\/#primaryimage"},"thumbnailUrl":"https:\/\/partsandpieces.nl\/wp-content\/uploads\/2020\/07\/Kistgreep-Gietijzer-Groot-90x54mm.jpg","datePublished":"2020-07-15T11:42:31+00:00","dateModified":"2025-12-19T14:45:44+00:00","description":"Sarggriff aus Gusseisen, gro\u00df, 90 x 54 mm, hat einen Anschlag nach oben, so dass sich der Griff nicht weiter nach oben dreht als horizontal.","breadcrumb":{"@id":"https:\/\/partsandpieces.nl\/product\/kistgreep-gietijzer-groot-90x54mm\/#breadcrumb"},"inLanguage":"de","potentialAction":[{"@type":"ReadAction","target":["https:\/\/partsandpieces.nl\/product\/kistgreep-gietijzer-groot-90x54mm\/"]}]},{"@type":"ImageObject","inLanguage":"de","@id":"https:\/\/partsandpieces.nl\/product\/kistgreep-gietijzer-groot-90x54mm\/#primaryimage","url":"https:\/\/partsandpieces.nl\/wp-content\/uploads\/2020\/07\/Kistgreep-Gietijzer-Groot-90x54mm.jpg","contentUrl":"https:\/\/partsandpieces.nl\/wp-content\/uploads\/2020\/07\/Kistgreep-Gietijzer-Groot-90x54mm.jpg","width":475,"height":475,"caption":"Kistgreep Gietijzer Groot 90x54mm"},{"@type":"BreadcrumbList","@id":"https:\/\/partsandpieces.nl\/product\/kistgreep-gietijzer-groot-90x54mm\/#breadcrumb","itemListElement":[{"@type":"ListItem","position":1,"name":"Home","item":"https:\/\/partsandpieces.nl\/home\/"},{"@type":"ListItem","position":2,"name":"Winkel","item":"https:\/\/partsandpieces.nl\/winkel\/"},{"@type":"ListItem","position":3,"name":"Kistgreep Gietijzer Groot 90x54mm"}]},{"@type":"WebSite","@id":"https:\/\/partsandpieces.nl\/#website","url":"https:\/\/partsandpieces.nl\/","name":"Teile &amp; St\u00fccke","description":"Alles f\u00fcr Ihre M\u00f6belrestaurierung und -pflege!","potentialAction":[{"@type":"SearchAction","target":{"@type":"EntryPoint","urlTemplate":"https:\/\/partsandpieces.nl\/?s={search_term_string}"},"query-input":{"@type":"PropertyValueSpecification","valueRequired":true,"valueName":"search_term_string"}}],"inLanguage":"de"}]}},"_links":{"self":[{"href":"https:\/\/partsandpieces.nl\/de\/wp-json\/wp\/v2\/product\/499","targetHints":{"allow":["GET"]}}],"collection":[{"href":"https:\/\/partsandpieces.nl\/de\/wp-json\/wp\/v2\/product"}],"about":[{"href":"https:\/\/partsandpieces.nl\/de\/wp-json\/wp\/v2\/types\/product"}],"wp:featuredmedia":[{"embeddable":true,"href":"https:\/\/partsandpieces.nl\/de\/wp-json\/wp\/v2\/media\/7310"}],"wp:attachment":[{"href":"https:\/\/partsandpieces.nl\/de\/wp-json\/wp\/v2\/media?parent=499"}],"wp:term":[{"taxonomy":"product_brand","embeddable":true,"href":"https:\/\/partsandpieces.nl\/de\/wp-json\/wp\/v2\/product_brand?post=499"},{"taxonomy":"product_cat","embeddable":true,"href":"https:\/\/partsandpieces.nl\/de\/wp-json\/wp\/v2\/product_cat?post=499"},{"taxonomy":"product_tag","embeddable":true,"href":"https:\/\/partsandpieces.nl\/de\/wp-json\/wp\/v2\/product_tag?post=499"}],"curies":[{"name":"wp","href":"https:\/\/api.w.org\/{rel}","templated":true}]}}