{"id":508,"date":"2020-07-15T11:58:43","date_gmt":"2020-07-15T11:58:43","guid":{"rendered":"https:\/\/partsandpieces.bonsaidev.nl\/?product=kist-greep-ijzer-ger-135x85"},"modified":"2024-11-26T12:09:35","modified_gmt":"2024-11-26T11:09:35","slug":"sarggriff-gusseisen-antik-gros-136x65mm","status":"publish","type":"product","link":"https:\/\/partsandpieces.nl\/de\/product\/kistgreep-gietijzer-antiek-groot-136x65mm\/","title":{"rendered":"Sarggriff Gusseisen Antik Gro\u00df 136x65mm"},"content":{"rendered":"<p><strong>Sarggriff Gusseisen Antik Gro\u00df 136x65mm<\/strong> ist ein gro\u00dfer Schubladengriff \/ Truhengriff aus massivem Eisen. Der Griff hat einen Anschlag nach oben, so dass sich der Griff nicht weiter nach oben als horizontal dreht. Der Griff hat ein mittelalterliches Aussehen.<\/p>\n<p><strong>Ma\u00dfe<br \/>\n<\/strong>Der Sarggriff Gusseisen Antik gro\u00df 136 x 65 mm hat eine Breite von 136 mm und eine Tiefe von ca. 65 mm.<\/p>\n<p><strong>Bearbeiten<br \/>\n<\/strong>Sie k\u00f6nnen den Griff mit den 2 mitgelieferten Splinten montieren.<\/p>","protected":false},"excerpt":{"rendered":"<p>Kistgreep Gietijzer Antiek Groot 136x65mm is een grote massief ijzeren ladegreep \/ kistgreep. De greep heeft een aanslag naar boven, zodat de greep niet verder naar boven draait dan horizontaal. De greep heeft een Middeleeuwse uitstraling. Afmetingen Kistgreep Gietijzer Antiek Groot 136x65mm heeft een breedte van 136mm en diepte van ongeveer 65mm. Montage Je kunt [&hellip;]<\/p>\n","protected":false},"featured_media":8088,"template":"","meta":{"_acf_changed":false},"product_brand":[],"product_cat":[36,23],"product_tag":[],"class_list":{"0":"post-508","1":"product","2":"type-product","3":"status-publish","4":"has-post-thumbnail","6":"product_cat-kistbeslag","7":"product_cat-meubelbeslag","9":"first","10":"instock","11":"taxable","12":"shipping-taxable","13":"purchasable","14":"product-type-simple"},"acf":[],"yoast_head":"<!-- This site is optimized with the Yoast SEO plugin v27.3 - https:\/\/yoast.com\/product\/yoast-seo-wordpress\/ -->\n<title>Kistgreep Gietijzer Antiek Groot 136x65mm<\/title>\n<meta name=\"description\" content=\"Kistgreep Gietijzer Antiek Groot 136x65mm is een grote massief ijzeren ladegreep \/ kistgreep. De greep heeft een Middeleeuwse uitstraling.\" \/>\n<meta name=\"robots\" content=\"index, follow, max-snippet:-1, max-image-preview:large, max-video-preview:-1\" \/>\n<link rel=\"canonical\" href=\"https:\/\/partsandpieces.nl\/de\/produkt\/sarggriff-gusseisen-antik-gros-136x65mm\/\" \/>\n<meta property=\"og:locale\" content=\"de_DE\" \/>\n<meta property=\"og:type\" content=\"article\" \/>\n<meta property=\"og:title\" content=\"Kistgreep Gietijzer Antiek Groot 136x65mm\" \/>\n<meta property=\"og:description\" content=\"Kistgreep Gietijzer Antiek Groot 136x65mm is een grote massief ijzeren ladegreep \/ kistgreep. De greep heeft een Middeleeuwse uitstraling.\" \/>\n<meta property=\"og:url\" content=\"https:\/\/partsandpieces.nl\/de\/produkt\/sarggriff-gusseisen-antik-gros-136x65mm\/\" \/>\n<meta property=\"og:site_name\" content=\"Parts &amp; Pieces\" \/>\n<meta property=\"article:modified_time\" content=\"2024-11-26T11:09:35+00:00\" \/>\n<meta property=\"og:image\" content=\"https:\/\/partsandpieces.nl\/wp-content\/uploads\/2020\/07\/Kistgreep-Gietijzer-Antiek-Groot-136x65mm.jpg\" \/>\n\t<meta property=\"og:image:width\" content=\"434\" \/>\n\t<meta property=\"og:image:height\" content=\"434\" \/>\n\t<meta property=\"og:image:type\" content=\"image\/jpeg\" \/>\n<meta name=\"twitter:card\" content=\"summary_large_image\" \/>\n<meta name=\"twitter:label1\" content=\"Gesch\u00e4tzte Lesezeit\" \/>\n\t<meta name=\"twitter:data1\" content=\"1\u00a0Minute\" \/>\n<script type=\"application\/ld+json\" class=\"yoast-schema-graph\">{\"@context\":\"https:\\\/\\\/schema.org\",\"@graph\":[{\"@type\":\"WebPage\",\"@id\":\"https:\\\/\\\/partsandpieces.nl\\\/product\\\/kistgreep-gietijzer-antiek-groot-136x65mm\\\/\",\"url\":\"https:\\\/\\\/partsandpieces.nl\\\/product\\\/kistgreep-gietijzer-antiek-groot-136x65mm\\\/\",\"name\":\"Kistgreep Gietijzer Antiek Groot 136x65mm\",\"isPartOf\":{\"@id\":\"https:\\\/\\\/partsandpieces.nl\\\/#website\"},\"primaryImageOfPage\":{\"@id\":\"https:\\\/\\\/partsandpieces.nl\\\/product\\\/kistgreep-gietijzer-antiek-groot-136x65mm\\\/#primaryimage\"},\"image\":{\"@id\":\"https:\\\/\\\/partsandpieces.nl\\\/product\\\/kistgreep-gietijzer-antiek-groot-136x65mm\\\/#primaryimage\"},\"thumbnailUrl\":\"https:\\\/\\\/partsandpieces.nl\\\/wp-content\\\/uploads\\\/2020\\\/07\\\/Kistgreep-Gietijzer-Antiek-Groot-136x65mm.jpg\",\"datePublished\":\"2020-07-15T11:58:43+00:00\",\"dateModified\":\"2024-11-26T11:09:35+00:00\",\"description\":\"Kistgreep Gietijzer Antiek Groot 136x65mm is een grote massief ijzeren ladegreep \\\/ kistgreep. De greep heeft een Middeleeuwse uitstraling.\",\"breadcrumb\":{\"@id\":\"https:\\\/\\\/partsandpieces.nl\\\/product\\\/kistgreep-gietijzer-antiek-groot-136x65mm\\\/#breadcrumb\"},\"inLanguage\":\"de\",\"potentialAction\":[{\"@type\":\"ReadAction\",\"target\":[\"https:\\\/\\\/partsandpieces.nl\\\/product\\\/kistgreep-gietijzer-antiek-groot-136x65mm\\\/\"]}]},{\"@type\":\"ImageObject\",\"inLanguage\":\"de\",\"@id\":\"https:\\\/\\\/partsandpieces.nl\\\/product\\\/kistgreep-gietijzer-antiek-groot-136x65mm\\\/#primaryimage\",\"url\":\"https:\\\/\\\/partsandpieces.nl\\\/wp-content\\\/uploads\\\/2020\\\/07\\\/Kistgreep-Gietijzer-Antiek-Groot-136x65mm.jpg\",\"contentUrl\":\"https:\\\/\\\/partsandpieces.nl\\\/wp-content\\\/uploads\\\/2020\\\/07\\\/Kistgreep-Gietijzer-Antiek-Groot-136x65mm.jpg\",\"width\":434,\"height\":434,\"caption\":\"Kistgreep Gietijzer Antiek Groot 136x65mm\"},{\"@type\":\"BreadcrumbList\",\"@id\":\"https:\\\/\\\/partsandpieces.nl\\\/product\\\/kistgreep-gietijzer-antiek-groot-136x65mm\\\/#breadcrumb\",\"itemListElement\":[{\"@type\":\"ListItem\",\"position\":1,\"name\":\"Home\",\"item\":\"https:\\\/\\\/partsandpieces.nl\\\/home\\\/\"},{\"@type\":\"ListItem\",\"position\":2,\"name\":\"Winkel\",\"item\":\"https:\\\/\\\/partsandpieces.nl\\\/winkel\\\/\"},{\"@type\":\"ListItem\",\"position\":3,\"name\":\"Kistgreep Gietijzer Antiek Groot 136x65mm\"}]},{\"@type\":\"WebSite\",\"@id\":\"https:\\\/\\\/partsandpieces.nl\\\/#website\",\"url\":\"https:\\\/\\\/partsandpieces.nl\\\/\",\"name\":\"Parts &amp; Pieces\",\"description\":\"Alles voor uw meubelrestauratie en -onderhoud!\",\"potentialAction\":[{\"@type\":\"SearchAction\",\"target\":{\"@type\":\"EntryPoint\",\"urlTemplate\":\"https:\\\/\\\/partsandpieces.nl\\\/?s={search_term_string}\"},\"query-input\":{\"@type\":\"PropertyValueSpecification\",\"valueRequired\":true,\"valueName\":\"search_term_string\"}}],\"inLanguage\":\"de\"}]}<\/script>\n<!-- \/ Yoast SEO plugin. -->","yoast_head_json":{"title":"Sarggriff Gusseisen Antik Gro\u00df 136x65mm","description":"Der Truhengriff Gusseisen Antik gro\u00df 136 x 65 mm ist ein gro\u00dfer Schubladengriff \/ Truhengriff aus massivem Eisen. Der Griff hat ein mittelalterliches Aussehen.","robots":{"index":"index","follow":"follow","max-snippet":"max-snippet:-1","max-image-preview":"max-image-preview:large","max-video-preview":"max-video-preview:-1"},"canonical":"https:\/\/partsandpieces.nl\/de\/produkt\/sarggriff-gusseisen-antik-gros-136x65mm\/","og_locale":"de_DE","og_type":"article","og_title":"Kistgreep Gietijzer Antiek Groot 136x65mm","og_description":"Kistgreep Gietijzer Antiek Groot 136x65mm is een grote massief ijzeren ladegreep \/ kistgreep. De greep heeft een Middeleeuwse uitstraling.","og_url":"https:\/\/partsandpieces.nl\/de\/produkt\/sarggriff-gusseisen-antik-gros-136x65mm\/","og_site_name":"Parts &amp; Pieces","article_modified_time":"2024-11-26T11:09:35+00:00","og_image":[{"width":434,"height":434,"url":"https:\/\/partsandpieces.nl\/wp-content\/uploads\/2020\/07\/Kistgreep-Gietijzer-Antiek-Groot-136x65mm.jpg","type":"image\/jpeg"}],"twitter_card":"summary_large_image","twitter_misc":{"Gesch\u00e4tzte Lesezeit":"1\u00a0Minute"},"schema":{"@context":"https:\/\/schema.org","@graph":[{"@type":"WebPage","@id":"https:\/\/partsandpieces.nl\/product\/kistgreep-gietijzer-antiek-groot-136x65mm\/","url":"https:\/\/partsandpieces.nl\/product\/kistgreep-gietijzer-antiek-groot-136x65mm\/","name":"Sarggriff Gusseisen Antik Gro\u00df 136x65mm","isPartOf":{"@id":"https:\/\/partsandpieces.nl\/#website"},"primaryImageOfPage":{"@id":"https:\/\/partsandpieces.nl\/product\/kistgreep-gietijzer-antiek-groot-136x65mm\/#primaryimage"},"image":{"@id":"https:\/\/partsandpieces.nl\/product\/kistgreep-gietijzer-antiek-groot-136x65mm\/#primaryimage"},"thumbnailUrl":"https:\/\/partsandpieces.nl\/wp-content\/uploads\/2020\/07\/Kistgreep-Gietijzer-Antiek-Groot-136x65mm.jpg","datePublished":"2020-07-15T11:58:43+00:00","dateModified":"2024-11-26T11:09:35+00:00","description":"Der Truhengriff Gusseisen Antik gro\u00df 136 x 65 mm ist ein gro\u00dfer Schubladengriff \/ Truhengriff aus massivem Eisen. Der Griff hat ein mittelalterliches Aussehen.","breadcrumb":{"@id":"https:\/\/partsandpieces.nl\/product\/kistgreep-gietijzer-antiek-groot-136x65mm\/#breadcrumb"},"inLanguage":"de","potentialAction":[{"@type":"ReadAction","target":["https:\/\/partsandpieces.nl\/product\/kistgreep-gietijzer-antiek-groot-136x65mm\/"]}]},{"@type":"ImageObject","inLanguage":"de","@id":"https:\/\/partsandpieces.nl\/product\/kistgreep-gietijzer-antiek-groot-136x65mm\/#primaryimage","url":"https:\/\/partsandpieces.nl\/wp-content\/uploads\/2020\/07\/Kistgreep-Gietijzer-Antiek-Groot-136x65mm.jpg","contentUrl":"https:\/\/partsandpieces.nl\/wp-content\/uploads\/2020\/07\/Kistgreep-Gietijzer-Antiek-Groot-136x65mm.jpg","width":434,"height":434,"caption":"Kistgreep Gietijzer Antiek Groot 136x65mm"},{"@type":"BreadcrumbList","@id":"https:\/\/partsandpieces.nl\/product\/kistgreep-gietijzer-antiek-groot-136x65mm\/#breadcrumb","itemListElement":[{"@type":"ListItem","position":1,"name":"Home","item":"https:\/\/partsandpieces.nl\/home\/"},{"@type":"ListItem","position":2,"name":"Winkel","item":"https:\/\/partsandpieces.nl\/winkel\/"},{"@type":"ListItem","position":3,"name":"Kistgreep Gietijzer Antiek Groot 136x65mm"}]},{"@type":"WebSite","@id":"https:\/\/partsandpieces.nl\/#website","url":"https:\/\/partsandpieces.nl\/","name":"Teile &amp; St\u00fccke","description":"Alles f\u00fcr Ihre M\u00f6belrestaurierung und -pflege!","potentialAction":[{"@type":"SearchAction","target":{"@type":"EntryPoint","urlTemplate":"https:\/\/partsandpieces.nl\/?s={search_term_string}"},"query-input":{"@type":"PropertyValueSpecification","valueRequired":true,"valueName":"search_term_string"}}],"inLanguage":"de"}]}},"_links":{"self":[{"href":"https:\/\/partsandpieces.nl\/de\/wp-json\/wp\/v2\/product\/508","targetHints":{"allow":["GET"]}}],"collection":[{"href":"https:\/\/partsandpieces.nl\/de\/wp-json\/wp\/v2\/product"}],"about":[{"href":"https:\/\/partsandpieces.nl\/de\/wp-json\/wp\/v2\/types\/product"}],"wp:featuredmedia":[{"embeddable":true,"href":"https:\/\/partsandpieces.nl\/de\/wp-json\/wp\/v2\/media\/8088"}],"wp:attachment":[{"href":"https:\/\/partsandpieces.nl\/de\/wp-json\/wp\/v2\/media?parent=508"}],"wp:term":[{"taxonomy":"product_brand","embeddable":true,"href":"https:\/\/partsandpieces.nl\/de\/wp-json\/wp\/v2\/product_brand?post=508"},{"taxonomy":"product_cat","embeddable":true,"href":"https:\/\/partsandpieces.nl\/de\/wp-json\/wp\/v2\/product_cat?post=508"},{"taxonomy":"product_tag","embeddable":true,"href":"https:\/\/partsandpieces.nl\/de\/wp-json\/wp\/v2\/product_tag?post=508"}],"curies":[{"name":"wp","href":"https:\/\/api.w.org\/{rel}","templated":true}]}}