{"id":510,"date":"2020-07-15T12:01:38","date_gmt":"2020-07-15T12:01:38","guid":{"rendered":"https:\/\/partsandpieces.bonsaidev.nl\/?product=ladetr-kist-gr-ijzer-14049112"},"modified":"2026-03-27T13:39:33","modified_gmt":"2026-03-27T12:39:33","slug":"schubladengriff-aus-massivem-eisenrost-130-mm","status":"publish","type":"product","link":"https:\/\/partsandpieces.nl\/de\/product\/ladegreep-massief-ijzer-roest-130mm\/","title":{"rendered":"Schubladengriff aus massivem Eisen, Rost, 130 mm"},"content":{"rendered":"<p><strong>Schubladengriff aus massivem Eisen, Rost, 130 mm<\/strong> ist ein Schubladengriff \/ Truhengriff aus massivem Eisen. Der Griff hat ein rostiges Antik-Finish. Der Rost ist sichtbar!<\/p>\n<p><strong>Ma\u00dfe<br \/>\n<\/strong>Der Schubladengriff aus massivem Eisenrost 130 mm hat eine Gesamtbreite von 130 mm und eine Gesamth\u00f6he von ca. 45 mm. Die Bohrl\u00f6cher haben einen Abstand von ca. 105 mm.<\/p>\n<p><strong>Bearbeiten<br \/>\n<\/strong>Sie k\u00f6nnen den Griff mit blind montieren <span style=\"text-decoration: underline;\"><a href=\"https:\/\/partsandpieces.nl\/de\/produkt\/schraube-edelstahl-zur-blindmontage-von-mobelbeschlagen-45x4mm-20-stuck\/\">Edelstahlschraube zur Blindbefestigung von M\u00f6belbeschl\u00e4gen (45x4mm)<\/a><\/span>. Ich schicke diese Schraube\u00a0<strong>FREI<\/strong>\u00a0mit Ihrer Bestellung.<\/p>","protected":false},"excerpt":{"rendered":"<p>Ladegreep massief IJzer Roest 130mm is een massief ijzeren ladegreep \/ kistgreep. De greep heeft een geroeste antieke afwerking. De roest geeft af! Afmetingen Ladegreep massief IJzer Roest 130mm heeft een totale breedte van 130mm en een totale hoogte van ongeveer 45mm. De boorgaten liggen ongeveer 105mm uit elkaar. Montage Je kunt de greep blind [&hellip;]<\/p>\n","protected":false},"featured_media":6664,"template":"","meta":{"_acf_changed":false},"product_brand":[],"product_cat":[36,41,23],"product_tag":[],"class_list":{"0":"post-510","1":"product","2":"type-product","3":"status-publish","4":"has-post-thumbnail","6":"product_cat-kistbeslag","7":"product_cat-ladetrekkers","8":"product_cat-meubelbeslag","10":"first","11":"instock","12":"taxable","13":"shipping-taxable","14":"purchasable","15":"product-type-simple"},"acf":[],"yoast_head":"<!-- This site is optimized with the Yoast SEO plugin v27.3 - https:\/\/yoast.com\/product\/yoast-seo-wordpress\/ -->\n<title>Ladegreep massief IJzer Roest<\/title>\n<meta name=\"description\" content=\"Ladegreep massief IJzer Roest 130mm is een massief ijzeren ladegreep \/ kistgreep. De greep heeft een geroeste antieke afwerking. De roest geeft af!\" \/>\n<meta name=\"robots\" content=\"index, follow, max-snippet:-1, max-image-preview:large, max-video-preview:-1\" \/>\n<link rel=\"canonical\" href=\"https:\/\/partsandpieces.nl\/de\/produkt\/schubladengriff-aus-massivem-eisenrost-130-mm\/\" \/>\n<meta property=\"og:locale\" content=\"de_DE\" \/>\n<meta property=\"og:type\" content=\"article\" \/>\n<meta property=\"og:title\" content=\"Ladegreep massief IJzer Roest\" \/>\n<meta property=\"og:description\" content=\"Ladegreep massief IJzer Roest 130mm is een massief ijzeren ladegreep \/ kistgreep. De greep heeft een geroeste antieke afwerking. De roest geeft af!\" \/>\n<meta property=\"og:url\" content=\"https:\/\/partsandpieces.nl\/de\/produkt\/schubladengriff-aus-massivem-eisenrost-130-mm\/\" \/>\n<meta property=\"og:site_name\" content=\"Parts &amp; Pieces\" \/>\n<meta property=\"article:modified_time\" content=\"2026-03-27T12:39:33+00:00\" \/>\n<meta property=\"og:image\" content=\"https:\/\/partsandpieces.nl\/wp-content\/uploads\/2020\/07\/Ladegreep-massief-IJzer-Roest-130mm.jpg\" \/>\n\t<meta property=\"og:image:width\" content=\"456\" \/>\n\t<meta property=\"og:image:height\" content=\"453\" \/>\n\t<meta property=\"og:image:type\" content=\"image\/jpeg\" \/>\n<meta name=\"twitter:card\" content=\"summary_large_image\" \/>\n<meta name=\"twitter:label1\" content=\"Gesch\u00e4tzte Lesezeit\" \/>\n\t<meta name=\"twitter:data1\" content=\"1\u00a0Minute\" \/>\n<script type=\"application\/ld+json\" class=\"yoast-schema-graph\">{\"@context\":\"https:\\\/\\\/schema.org\",\"@graph\":[{\"@type\":\"WebPage\",\"@id\":\"https:\\\/\\\/partsandpieces.nl\\\/product\\\/ladegreep-massief-ijzer-roest-130mm\\\/\",\"url\":\"https:\\\/\\\/partsandpieces.nl\\\/product\\\/ladegreep-massief-ijzer-roest-130mm\\\/\",\"name\":\"Ladegreep massief IJzer Roest\",\"isPartOf\":{\"@id\":\"https:\\\/\\\/partsandpieces.nl\\\/#website\"},\"primaryImageOfPage\":{\"@id\":\"https:\\\/\\\/partsandpieces.nl\\\/product\\\/ladegreep-massief-ijzer-roest-130mm\\\/#primaryimage\"},\"image\":{\"@id\":\"https:\\\/\\\/partsandpieces.nl\\\/product\\\/ladegreep-massief-ijzer-roest-130mm\\\/#primaryimage\"},\"thumbnailUrl\":\"https:\\\/\\\/partsandpieces.nl\\\/wp-content\\\/uploads\\\/2020\\\/07\\\/Ladegreep-massief-IJzer-Roest-130mm.jpg\",\"datePublished\":\"2020-07-15T12:01:38+00:00\",\"dateModified\":\"2026-03-27T12:39:33+00:00\",\"description\":\"Ladegreep massief IJzer Roest 130mm is een massief ijzeren ladegreep \\\/ kistgreep. De greep heeft een geroeste antieke afwerking. De roest geeft af!\",\"breadcrumb\":{\"@id\":\"https:\\\/\\\/partsandpieces.nl\\\/product\\\/ladegreep-massief-ijzer-roest-130mm\\\/#breadcrumb\"},\"inLanguage\":\"de\",\"potentialAction\":[{\"@type\":\"ReadAction\",\"target\":[\"https:\\\/\\\/partsandpieces.nl\\\/product\\\/ladegreep-massief-ijzer-roest-130mm\\\/\"]}]},{\"@type\":\"ImageObject\",\"inLanguage\":\"de\",\"@id\":\"https:\\\/\\\/partsandpieces.nl\\\/product\\\/ladegreep-massief-ijzer-roest-130mm\\\/#primaryimage\",\"url\":\"https:\\\/\\\/partsandpieces.nl\\\/wp-content\\\/uploads\\\/2020\\\/07\\\/Ladegreep-massief-IJzer-Roest-130mm.jpg\",\"contentUrl\":\"https:\\\/\\\/partsandpieces.nl\\\/wp-content\\\/uploads\\\/2020\\\/07\\\/Ladegreep-massief-IJzer-Roest-130mm.jpg\",\"width\":456,\"height\":453,\"caption\":\"Ladegreep massief IJzer Roest 130mm\"},{\"@type\":\"BreadcrumbList\",\"@id\":\"https:\\\/\\\/partsandpieces.nl\\\/product\\\/ladegreep-massief-ijzer-roest-130mm\\\/#breadcrumb\",\"itemListElement\":[{\"@type\":\"ListItem\",\"position\":1,\"name\":\"Home\",\"item\":\"https:\\\/\\\/partsandpieces.nl\\\/home\\\/\"},{\"@type\":\"ListItem\",\"position\":2,\"name\":\"Winkel\",\"item\":\"https:\\\/\\\/partsandpieces.nl\\\/winkel\\\/\"},{\"@type\":\"ListItem\",\"position\":3,\"name\":\"Ladegreep massief IJzer Roest 130mm\"}]},{\"@type\":\"WebSite\",\"@id\":\"https:\\\/\\\/partsandpieces.nl\\\/#website\",\"url\":\"https:\\\/\\\/partsandpieces.nl\\\/\",\"name\":\"Parts &amp; Pieces\",\"description\":\"Alles voor uw meubelrestauratie en -onderhoud!\",\"potentialAction\":[{\"@type\":\"SearchAction\",\"target\":{\"@type\":\"EntryPoint\",\"urlTemplate\":\"https:\\\/\\\/partsandpieces.nl\\\/?s={search_term_string}\"},\"query-input\":{\"@type\":\"PropertyValueSpecification\",\"valueRequired\":true,\"valueName\":\"search_term_string\"}}],\"inLanguage\":\"de\"}]}<\/script>\n<!-- \/ Yoast SEO plugin. -->","yoast_head_json":{"title":"Schubladengriff aus massivem Eisenrost","description":"Schubladengriff aus massivem Eisen, Rost 130 mm, ist ein Schubladengriff\/Kastengriff aus massivem Eisen. Der Griff hat ein rostiges Antik-Finish. Der Rost ist sichtbar!","robots":{"index":"index","follow":"follow","max-snippet":"max-snippet:-1","max-image-preview":"max-image-preview:large","max-video-preview":"max-video-preview:-1"},"canonical":"https:\/\/partsandpieces.nl\/de\/produkt\/schubladengriff-aus-massivem-eisenrost-130-mm\/","og_locale":"de_DE","og_type":"article","og_title":"Ladegreep massief IJzer Roest","og_description":"Ladegreep massief IJzer Roest 130mm is een massief ijzeren ladegreep \/ kistgreep. De greep heeft een geroeste antieke afwerking. De roest geeft af!","og_url":"https:\/\/partsandpieces.nl\/de\/produkt\/schubladengriff-aus-massivem-eisenrost-130-mm\/","og_site_name":"Parts &amp; Pieces","article_modified_time":"2026-03-27T12:39:33+00:00","og_image":[{"width":456,"height":453,"url":"https:\/\/partsandpieces.nl\/wp-content\/uploads\/2020\/07\/Ladegreep-massief-IJzer-Roest-130mm.jpg","type":"image\/jpeg"}],"twitter_card":"summary_large_image","twitter_misc":{"Gesch\u00e4tzte Lesezeit":"1\u00a0Minute"},"schema":{"@context":"https:\/\/schema.org","@graph":[{"@type":"WebPage","@id":"https:\/\/partsandpieces.nl\/product\/ladegreep-massief-ijzer-roest-130mm\/","url":"https:\/\/partsandpieces.nl\/product\/ladegreep-massief-ijzer-roest-130mm\/","name":"Schubladengriff aus massivem Eisenrost","isPartOf":{"@id":"https:\/\/partsandpieces.nl\/#website"},"primaryImageOfPage":{"@id":"https:\/\/partsandpieces.nl\/product\/ladegreep-massief-ijzer-roest-130mm\/#primaryimage"},"image":{"@id":"https:\/\/partsandpieces.nl\/product\/ladegreep-massief-ijzer-roest-130mm\/#primaryimage"},"thumbnailUrl":"https:\/\/partsandpieces.nl\/wp-content\/uploads\/2020\/07\/Ladegreep-massief-IJzer-Roest-130mm.jpg","datePublished":"2020-07-15T12:01:38+00:00","dateModified":"2026-03-27T12:39:33+00:00","description":"Schubladengriff aus massivem Eisen, Rost 130 mm, ist ein Schubladengriff\/Kastengriff aus massivem Eisen. Der Griff hat ein rostiges Antik-Finish. Der Rost ist sichtbar!","breadcrumb":{"@id":"https:\/\/partsandpieces.nl\/product\/ladegreep-massief-ijzer-roest-130mm\/#breadcrumb"},"inLanguage":"de","potentialAction":[{"@type":"ReadAction","target":["https:\/\/partsandpieces.nl\/product\/ladegreep-massief-ijzer-roest-130mm\/"]}]},{"@type":"ImageObject","inLanguage":"de","@id":"https:\/\/partsandpieces.nl\/product\/ladegreep-massief-ijzer-roest-130mm\/#primaryimage","url":"https:\/\/partsandpieces.nl\/wp-content\/uploads\/2020\/07\/Ladegreep-massief-IJzer-Roest-130mm.jpg","contentUrl":"https:\/\/partsandpieces.nl\/wp-content\/uploads\/2020\/07\/Ladegreep-massief-IJzer-Roest-130mm.jpg","width":456,"height":453,"caption":"Ladegreep massief IJzer Roest 130mm"},{"@type":"BreadcrumbList","@id":"https:\/\/partsandpieces.nl\/product\/ladegreep-massief-ijzer-roest-130mm\/#breadcrumb","itemListElement":[{"@type":"ListItem","position":1,"name":"Home","item":"https:\/\/partsandpieces.nl\/home\/"},{"@type":"ListItem","position":2,"name":"Winkel","item":"https:\/\/partsandpieces.nl\/winkel\/"},{"@type":"ListItem","position":3,"name":"Ladegreep massief IJzer Roest 130mm"}]},{"@type":"WebSite","@id":"https:\/\/partsandpieces.nl\/#website","url":"https:\/\/partsandpieces.nl\/","name":"Teile &amp; St\u00fccke","description":"Alles f\u00fcr Ihre M\u00f6belrestaurierung und -pflege!","potentialAction":[{"@type":"SearchAction","target":{"@type":"EntryPoint","urlTemplate":"https:\/\/partsandpieces.nl\/?s={search_term_string}"},"query-input":{"@type":"PropertyValueSpecification","valueRequired":true,"valueName":"search_term_string"}}],"inLanguage":"de"}]}},"_links":{"self":[{"href":"https:\/\/partsandpieces.nl\/de\/wp-json\/wp\/v2\/product\/510","targetHints":{"allow":["GET"]}}],"collection":[{"href":"https:\/\/partsandpieces.nl\/de\/wp-json\/wp\/v2\/product"}],"about":[{"href":"https:\/\/partsandpieces.nl\/de\/wp-json\/wp\/v2\/types\/product"}],"wp:featuredmedia":[{"embeddable":true,"href":"https:\/\/partsandpieces.nl\/de\/wp-json\/wp\/v2\/media\/6664"}],"wp:attachment":[{"href":"https:\/\/partsandpieces.nl\/de\/wp-json\/wp\/v2\/media?parent=510"}],"wp:term":[{"taxonomy":"product_brand","embeddable":true,"href":"https:\/\/partsandpieces.nl\/de\/wp-json\/wp\/v2\/product_brand?post=510"},{"taxonomy":"product_cat","embeddable":true,"href":"https:\/\/partsandpieces.nl\/de\/wp-json\/wp\/v2\/product_cat?post=510"},{"taxonomy":"product_tag","embeddable":true,"href":"https:\/\/partsandpieces.nl\/de\/wp-json\/wp\/v2\/product_tag?post=510"}],"curies":[{"name":"wp","href":"https:\/\/api.w.org\/{rel}","templated":true}]}}