{"id":512,"date":"2020-07-16T08:49:21","date_gmt":"2020-07-16T06:49:21","guid":{"rendered":"https:\/\/partsandpieces.bonsaidev.nl\/?product=knop-nikkel-24x24mm"},"modified":"2025-10-13T11:02:32","modified_gmt":"2025-10-13T09:02:32","slug":"knopf-nickel-quadratisch-24mm","status":"publish","type":"product","link":"https:\/\/partsandpieces.nl\/de\/product\/knop-nikkel-vierkant-24mm\/","title":{"rendered":"Knopf Nickel quadratisch 24mm"},"content":{"rendered":"<p><strong>Knopf Nickel quadratisch 24mm<\/strong> ist ein sch\u00f6ner M\u00f6belknauf mit Antik-Nickel-Finish. Das Aussehen der Schaltfl\u00e4che ist leicht gl\u00e4nzend. Dieser Knopf passt gut auf Ihre M\u00f6bel und Schubladen.<\/p>\n<p>Diese Schaltfl\u00e4che entspricht der <a href=\"https:\/\/partsandpieces.nl\/de\/produkt\/schubladengriff-nickel-quadratisch-114mm\/\"><span style=\"text-decoration: underline;\">Schubladengriff Nickel quadratisch 114mm<\/span><\/a> und der <a href=\"https:\/\/partsandpieces.nl\/de\/produkt\/knopf-nickel-quadratisch-18mm\/\"><span style=\"text-decoration: underline;\">Knopf Nickel quadratisch 18mm<\/span><\/a>.<\/p>\n<p>Dieser hochwertige Knopf wird in Italien hergestellt.<\/p>\n<p><strong>Ma\u00dfe<br \/>\n<\/strong>Der Knopf Nickel quadratisch 24mm ist 24x24mm gro\u00df. Nach der Montage ragt dieser Knopf 22mm heraus. Die Basis des Knopfes misst 11 x 11 mm.<\/p>\n<p><strong>Bearbeiten<br \/>\n<\/strong>Sie k\u00f6nnen den Taster mit blind montieren\u00a0<span style=\"text-decoration: underline;\"><a href=\"https:\/\/partsandpieces.nl\/de\/produkt\/schraube-edelstahl-fur-blindmontageknopf-20x4mm-20-stuck\/\">Edelstahlschraube f\u00fcr Blindbefestigungsknopf (20x4mm)<\/a><\/span>. Ich schicke diese Schraube\u00a0<strong>FREI<\/strong>\u00a0mit Ihrer Bestellung.<\/p>","protected":false},"excerpt":{"rendered":"<p>Knop Nikkel vierkant 24mm is een mooie meubelknop met een antieke nikkel afwerking. De uitstraling van de knop is licht glanzend. Deze knop past goed op je meubel en lades. Bij deze knop passen de Ladegreep Nikkel vierkant 114mm en de Knop Nikkel vierkant 18mm. Deze kwalitatief uitstekende knop is gemaakt in Itali\u00eb. Afmetingen De [&hellip;]<\/p>\n","protected":false},"featured_media":4721,"template":"","meta":{"_acf_changed":false},"product_brand":[],"product_cat":[37,23],"product_tag":[],"class_list":{"0":"post-512","1":"product","2":"type-product","3":"status-publish","4":"has-post-thumbnail","6":"product_cat-knoppen","7":"product_cat-meubelbeslag","9":"first","10":"instock","11":"taxable","12":"shipping-taxable","13":"purchasable","14":"product-type-simple"},"acf":[],"yoast_head":"<!-- This site is optimized with the Yoast SEO plugin v27.3 - https:\/\/yoast.com\/product\/yoast-seo-wordpress\/ -->\n<title>Knop Nikkel vierkant 24mm<\/title>\n<meta name=\"description\" content=\"Knop Nikkel vierkant 24mm is een meubelknop met een antieke nikkel afwerking. De uitstraling van de knop is licht glanzend. Past goed op je meubel en lades.\" \/>\n<meta name=\"robots\" content=\"index, follow, max-snippet:-1, max-image-preview:large, max-video-preview:-1\" \/>\n<link rel=\"canonical\" href=\"https:\/\/partsandpieces.nl\/de\/produkt\/knopf-nickel-quadratisch-24mm\/\" \/>\n<meta property=\"og:locale\" content=\"de_DE\" \/>\n<meta property=\"og:type\" content=\"article\" \/>\n<meta property=\"og:title\" content=\"Knop Nikkel vierkant 24mm\" \/>\n<meta property=\"og:description\" content=\"Knop Nikkel vierkant 24mm is een meubelknop met een antieke nikkel afwerking. De uitstraling van de knop is licht glanzend. Past goed op je meubel en lades.\" \/>\n<meta property=\"og:url\" content=\"https:\/\/partsandpieces.nl\/de\/produkt\/knopf-nickel-quadratisch-24mm\/\" \/>\n<meta property=\"og:site_name\" content=\"Parts &amp; Pieces\" \/>\n<meta property=\"article:modified_time\" content=\"2025-10-13T09:02:32+00:00\" \/>\n<meta property=\"og:image\" content=\"https:\/\/partsandpieces.nl\/wp-content\/uploads\/2020\/07\/Knop-Nikkel-vierkant-24mm.jpg\" \/>\n\t<meta property=\"og:image:width\" content=\"480\" \/>\n\t<meta property=\"og:image:height\" content=\"640\" \/>\n\t<meta property=\"og:image:type\" content=\"image\/jpeg\" \/>\n<meta name=\"twitter:card\" content=\"summary_large_image\" \/>\n<meta name=\"twitter:label1\" content=\"Gesch\u00e4tzte Lesezeit\" \/>\n\t<meta name=\"twitter:data1\" content=\"1\u00a0Minute\" \/>\n<script type=\"application\/ld+json\" class=\"yoast-schema-graph\">{\"@context\":\"https:\\\/\\\/schema.org\",\"@graph\":[{\"@type\":\"WebPage\",\"@id\":\"https:\\\/\\\/partsandpieces.nl\\\/product\\\/knop-nikkel-vierkant-24mm\\\/\",\"url\":\"https:\\\/\\\/partsandpieces.nl\\\/product\\\/knop-nikkel-vierkant-24mm\\\/\",\"name\":\"Knop Nikkel vierkant 24mm\",\"isPartOf\":{\"@id\":\"https:\\\/\\\/partsandpieces.nl\\\/#website\"},\"primaryImageOfPage\":{\"@id\":\"https:\\\/\\\/partsandpieces.nl\\\/product\\\/knop-nikkel-vierkant-24mm\\\/#primaryimage\"},\"image\":{\"@id\":\"https:\\\/\\\/partsandpieces.nl\\\/product\\\/knop-nikkel-vierkant-24mm\\\/#primaryimage\"},\"thumbnailUrl\":\"https:\\\/\\\/partsandpieces.nl\\\/wp-content\\\/uploads\\\/2020\\\/07\\\/Knop-Nikkel-vierkant-24mm.jpg\",\"datePublished\":\"2020-07-16T06:49:21+00:00\",\"dateModified\":\"2025-10-13T09:02:32+00:00\",\"description\":\"Knop Nikkel vierkant 24mm is een meubelknop met een antieke nikkel afwerking. De uitstraling van de knop is licht glanzend. Past goed op je meubel en lades.\",\"breadcrumb\":{\"@id\":\"https:\\\/\\\/partsandpieces.nl\\\/product\\\/knop-nikkel-vierkant-24mm\\\/#breadcrumb\"},\"inLanguage\":\"de\",\"potentialAction\":[{\"@type\":\"ReadAction\",\"target\":[\"https:\\\/\\\/partsandpieces.nl\\\/product\\\/knop-nikkel-vierkant-24mm\\\/\"]}]},{\"@type\":\"ImageObject\",\"inLanguage\":\"de\",\"@id\":\"https:\\\/\\\/partsandpieces.nl\\\/product\\\/knop-nikkel-vierkant-24mm\\\/#primaryimage\",\"url\":\"https:\\\/\\\/partsandpieces.nl\\\/wp-content\\\/uploads\\\/2020\\\/07\\\/Knop-Nikkel-vierkant-24mm.jpg\",\"contentUrl\":\"https:\\\/\\\/partsandpieces.nl\\\/wp-content\\\/uploads\\\/2020\\\/07\\\/Knop-Nikkel-vierkant-24mm.jpg\",\"width\":480,\"height\":640,\"caption\":\"Knop Nikkel vierkant 24mm\"},{\"@type\":\"BreadcrumbList\",\"@id\":\"https:\\\/\\\/partsandpieces.nl\\\/product\\\/knop-nikkel-vierkant-24mm\\\/#breadcrumb\",\"itemListElement\":[{\"@type\":\"ListItem\",\"position\":1,\"name\":\"Home\",\"item\":\"https:\\\/\\\/partsandpieces.nl\\\/home\\\/\"},{\"@type\":\"ListItem\",\"position\":2,\"name\":\"Winkel\",\"item\":\"https:\\\/\\\/partsandpieces.nl\\\/winkel\\\/\"},{\"@type\":\"ListItem\",\"position\":3,\"name\":\"Knop Nikkel vierkant 24mm\"}]},{\"@type\":\"WebSite\",\"@id\":\"https:\\\/\\\/partsandpieces.nl\\\/#website\",\"url\":\"https:\\\/\\\/partsandpieces.nl\\\/\",\"name\":\"Parts &amp; Pieces\",\"description\":\"Alles voor uw meubelrestauratie en -onderhoud!\",\"potentialAction\":[{\"@type\":\"SearchAction\",\"target\":{\"@type\":\"EntryPoint\",\"urlTemplate\":\"https:\\\/\\\/partsandpieces.nl\\\/?s={search_term_string}\"},\"query-input\":{\"@type\":\"PropertyValueSpecification\",\"valueRequired\":true,\"valueName\":\"search_term_string\"}}],\"inLanguage\":\"de\"}]}<\/script>\n<!-- \/ Yoast SEO plugin. -->","yoast_head_json":{"title":"Knopf Nickel quadratisch 24mm","description":"Knopf Nickel quadratisch 24 mm ist ein M\u00f6belknopf mit Antik-Nickel-Finish. Das Aussehen der Schaltfl\u00e4che ist leicht gl\u00e4nzend. Passt gut auf Ihre M\u00f6bel und Schubladen.","robots":{"index":"index","follow":"follow","max-snippet":"max-snippet:-1","max-image-preview":"max-image-preview:large","max-video-preview":"max-video-preview:-1"},"canonical":"https:\/\/partsandpieces.nl\/de\/produkt\/knopf-nickel-quadratisch-24mm\/","og_locale":"de_DE","og_type":"article","og_title":"Knop Nikkel vierkant 24mm","og_description":"Knop Nikkel vierkant 24mm is een meubelknop met een antieke nikkel afwerking. De uitstraling van de knop is licht glanzend. Past goed op je meubel en lades.","og_url":"https:\/\/partsandpieces.nl\/de\/produkt\/knopf-nickel-quadratisch-24mm\/","og_site_name":"Parts &amp; Pieces","article_modified_time":"2025-10-13T09:02:32+00:00","og_image":[{"width":480,"height":640,"url":"https:\/\/partsandpieces.nl\/wp-content\/uploads\/2020\/07\/Knop-Nikkel-vierkant-24mm.jpg","type":"image\/jpeg"}],"twitter_card":"summary_large_image","twitter_misc":{"Gesch\u00e4tzte Lesezeit":"1\u00a0Minute"},"schema":{"@context":"https:\/\/schema.org","@graph":[{"@type":"WebPage","@id":"https:\/\/partsandpieces.nl\/product\/knop-nikkel-vierkant-24mm\/","url":"https:\/\/partsandpieces.nl\/product\/knop-nikkel-vierkant-24mm\/","name":"Knopf Nickel quadratisch 24mm","isPartOf":{"@id":"https:\/\/partsandpieces.nl\/#website"},"primaryImageOfPage":{"@id":"https:\/\/partsandpieces.nl\/product\/knop-nikkel-vierkant-24mm\/#primaryimage"},"image":{"@id":"https:\/\/partsandpieces.nl\/product\/knop-nikkel-vierkant-24mm\/#primaryimage"},"thumbnailUrl":"https:\/\/partsandpieces.nl\/wp-content\/uploads\/2020\/07\/Knop-Nikkel-vierkant-24mm.jpg","datePublished":"2020-07-16T06:49:21+00:00","dateModified":"2025-10-13T09:02:32+00:00","description":"Knopf Nickel quadratisch 24 mm ist ein M\u00f6belknopf mit Antik-Nickel-Finish. Das Aussehen der Schaltfl\u00e4che ist leicht gl\u00e4nzend. Passt gut auf Ihre M\u00f6bel und Schubladen.","breadcrumb":{"@id":"https:\/\/partsandpieces.nl\/product\/knop-nikkel-vierkant-24mm\/#breadcrumb"},"inLanguage":"de","potentialAction":[{"@type":"ReadAction","target":["https:\/\/partsandpieces.nl\/product\/knop-nikkel-vierkant-24mm\/"]}]},{"@type":"ImageObject","inLanguage":"de","@id":"https:\/\/partsandpieces.nl\/product\/knop-nikkel-vierkant-24mm\/#primaryimage","url":"https:\/\/partsandpieces.nl\/wp-content\/uploads\/2020\/07\/Knop-Nikkel-vierkant-24mm.jpg","contentUrl":"https:\/\/partsandpieces.nl\/wp-content\/uploads\/2020\/07\/Knop-Nikkel-vierkant-24mm.jpg","width":480,"height":640,"caption":"Knop Nikkel vierkant 24mm"},{"@type":"BreadcrumbList","@id":"https:\/\/partsandpieces.nl\/product\/knop-nikkel-vierkant-24mm\/#breadcrumb","itemListElement":[{"@type":"ListItem","position":1,"name":"Home","item":"https:\/\/partsandpieces.nl\/home\/"},{"@type":"ListItem","position":2,"name":"Winkel","item":"https:\/\/partsandpieces.nl\/winkel\/"},{"@type":"ListItem","position":3,"name":"Knop Nikkel vierkant 24mm"}]},{"@type":"WebSite","@id":"https:\/\/partsandpieces.nl\/#website","url":"https:\/\/partsandpieces.nl\/","name":"Teile &amp; St\u00fccke","description":"Alles f\u00fcr Ihre M\u00f6belrestaurierung und -pflege!","potentialAction":[{"@type":"SearchAction","target":{"@type":"EntryPoint","urlTemplate":"https:\/\/partsandpieces.nl\/?s={search_term_string}"},"query-input":{"@type":"PropertyValueSpecification","valueRequired":true,"valueName":"search_term_string"}}],"inLanguage":"de"}]}},"_links":{"self":[{"href":"https:\/\/partsandpieces.nl\/de\/wp-json\/wp\/v2\/product\/512","targetHints":{"allow":["GET"]}}],"collection":[{"href":"https:\/\/partsandpieces.nl\/de\/wp-json\/wp\/v2\/product"}],"about":[{"href":"https:\/\/partsandpieces.nl\/de\/wp-json\/wp\/v2\/types\/product"}],"wp:featuredmedia":[{"embeddable":true,"href":"https:\/\/partsandpieces.nl\/de\/wp-json\/wp\/v2\/media\/4721"}],"wp:attachment":[{"href":"https:\/\/partsandpieces.nl\/de\/wp-json\/wp\/v2\/media?parent=512"}],"wp:term":[{"taxonomy":"product_brand","embeddable":true,"href":"https:\/\/partsandpieces.nl\/de\/wp-json\/wp\/v2\/product_brand?post=512"},{"taxonomy":"product_cat","embeddable":true,"href":"https:\/\/partsandpieces.nl\/de\/wp-json\/wp\/v2\/product_cat?post=512"},{"taxonomy":"product_tag","embeddable":true,"href":"https:\/\/partsandpieces.nl\/de\/wp-json\/wp\/v2\/product_tag?post=512"}],"curies":[{"name":"wp","href":"https:\/\/api.w.org\/{rel}","templated":true}]}}