{"id":514,"date":"2020-07-16T08:51:23","date_gmt":"2020-07-16T08:51:23","guid":{"rendered":"https:\/\/partsandpieces.bonsaidev.nl\/?product=knop-zam-31x31mm"},"modified":"2025-09-30T10:49:50","modified_gmt":"2025-09-30T08:49:50","slug":"knauf-messing-patiniert-mit-elfenbeineinlage-quadratisch-31-mm","status":"publish","type":"product","link":"https:\/\/partsandpieces.nl\/de\/product\/knop-messing-patina-met-ivoor-inleg-vierkant-31mm\/","title":{"rendered":"Knopf Messing patiniert mit Elfenbeineinlage Vierkant 31mm"},"content":{"rendered":"<p><strong>Knopf Messing patiniert mit Elfenbeineinlage Vierkant 31mm<\/strong> ist ein quadratischer M\u00f6belknopf aus Zamak* mit messingfarbener, bronzefarbener Oberfl\u00e4che. Die Kunststoffeinlage hat eine elfenbeinfarbene Optik. Dieser Knopf passt gut auf Ihre M\u00f6bel oder Ihren K\u00fcchenschrank.<\/p>\n<p>Dieser hochwertige Knopf wird in Italien hergestellt.<\/p>\n<p><strong>Ma\u00dfe<br \/>\n<\/strong>Der Patina-Knopf aus Messing mit Elfenbeineinlage, quadratisch, 31 mm, hat eine Breite von 31 mm. Nach der Installation steht dieser Knopf 19 mm hervor. Die Basis des Knopfes hat einen Durchmesser von 11 mm.<\/p>\n<p><strong>Bearbeiten<br \/>\n<\/strong>Sie k\u00f6nnen den Taster mit blind montieren <span style=\"text-decoration: underline;\"><a href=\"https:\/\/partsandpieces.nl\/de\/produkt\/schraube-edelstahl-fur-blindmontageknopf-20x4mm-20-stuck\/\">Edelstahlschraube f\u00fcr Blindbefestigungsknopf (20x4mm)<\/a><\/span>. Ich schicke diese Schraube <strong>FREI<\/strong> mit Ihrer Bestellung.<\/p>\n<p>* Zamak ist eine Legierung mit Zink als Hauptbestandteil. Es hat einen relativ niedrigen Schmelzpunkt und ist leicht zu gie\u00dfen. Der Name ist ein Akronym, abgeleitet von den Anfangsbuchstaben der deutschen Bezeichnungen f\u00fcr die Metalle, aus denen sich der Werkstoff zusammensetzt: Zink, Aluminium, MAGnesium, Kupfer. Zamak wird in der Auto- und M\u00f6belindustrie f\u00fcr T\u00fcrgriffe, Griffe, Logos und Zierleisten verwendet. Es wird auch h\u00e4ufig als Ersatz f\u00fcr das giftige Blei verwendet.<\/p>","protected":false},"excerpt":{"rendered":"<p>Knop Messing patina met ivoor inleg vierkant 31mm is een vierkanten meubelknop gemaakt van zamak* met een messing, bronskleurige afwerking. De kunststof inleg heeft een ivoorkleurige uitstraling. Deze knop past goed op je meubel of keukenkastje. Deze kwalitatief uitstekende knop is gemaakt in Itali\u00eb. Afmetingen De Knop Messing patina met ivoor inleg vierkant 31mm heeft [&hellip;]<\/p>\n","protected":false},"featured_media":5533,"template":"","meta":{"_acf_changed":false},"product_brand":[],"product_cat":[37,23],"product_tag":[],"class_list":{"0":"post-514","1":"product","2":"type-product","3":"status-publish","4":"has-post-thumbnail","6":"product_cat-knoppen","7":"product_cat-meubelbeslag","9":"first","10":"instock","11":"taxable","12":"shipping-taxable","13":"purchasable","14":"product-type-simple"},"acf":[],"yoast_head":"<!-- This site is optimized with the Yoast SEO plugin v27.3 - https:\/\/yoast.com\/product\/yoast-seo-wordpress\/ -->\n<title>Knop Messing ivoor vierkant<\/title>\n<meta name=\"description\" content=\"Knop Messing patina met ivoor inleg vierkant 31mm heeft een messing, bronskleurige afwerking. Deze knop past goed op je meubel of keukenkastje.\" \/>\n<meta name=\"robots\" content=\"index, follow, max-snippet:-1, max-image-preview:large, max-video-preview:-1\" \/>\n<link rel=\"canonical\" href=\"https:\/\/partsandpieces.nl\/de\/produkt\/knauf-messing-patiniert-mit-elfenbeineinlage-quadratisch-31-mm\/\" \/>\n<meta property=\"og:locale\" content=\"de_DE\" \/>\n<meta property=\"og:type\" content=\"article\" \/>\n<meta property=\"og:title\" content=\"Knop Messing ivoor vierkant\" \/>\n<meta property=\"og:description\" content=\"Knop Messing patina met ivoor inleg vierkant 31mm heeft een messing, bronskleurige afwerking. Deze knop past goed op je meubel of keukenkastje.\" \/>\n<meta property=\"og:url\" content=\"https:\/\/partsandpieces.nl\/de\/produkt\/knauf-messing-patiniert-mit-elfenbeineinlage-quadratisch-31-mm\/\" \/>\n<meta property=\"og:site_name\" content=\"Parts &amp; Pieces\" \/>\n<meta property=\"article:modified_time\" content=\"2025-09-30T08:49:50+00:00\" \/>\n<meta property=\"og:image\" content=\"https:\/\/partsandpieces.nl\/wp-content\/uploads\/2020\/07\/Knop-Messing-patina-met-ivoor-inleg-vierkant-31mm.jpg\" \/>\n\t<meta property=\"og:image:width\" content=\"480\" \/>\n\t<meta property=\"og:image:height\" content=\"481\" \/>\n\t<meta property=\"og:image:type\" content=\"image\/jpeg\" \/>\n<meta name=\"twitter:card\" content=\"summary_large_image\" \/>\n<meta name=\"twitter:label1\" content=\"Gesch\u00e4tzte Lesezeit\" \/>\n\t<meta name=\"twitter:data1\" content=\"1\u00a0Minute\" \/>\n<script type=\"application\/ld+json\" class=\"yoast-schema-graph\">{\"@context\":\"https:\\\/\\\/schema.org\",\"@graph\":[{\"@type\":\"WebPage\",\"@id\":\"https:\\\/\\\/partsandpieces.nl\\\/product\\\/knop-messing-patina-met-ivoor-inleg-vierkant-31mm\\\/\",\"url\":\"https:\\\/\\\/partsandpieces.nl\\\/product\\\/knop-messing-patina-met-ivoor-inleg-vierkant-31mm\\\/\",\"name\":\"Knop Messing ivoor vierkant\",\"isPartOf\":{\"@id\":\"https:\\\/\\\/partsandpieces.nl\\\/#website\"},\"primaryImageOfPage\":{\"@id\":\"https:\\\/\\\/partsandpieces.nl\\\/product\\\/knop-messing-patina-met-ivoor-inleg-vierkant-31mm\\\/#primaryimage\"},\"image\":{\"@id\":\"https:\\\/\\\/partsandpieces.nl\\\/product\\\/knop-messing-patina-met-ivoor-inleg-vierkant-31mm\\\/#primaryimage\"},\"thumbnailUrl\":\"https:\\\/\\\/partsandpieces.nl\\\/wp-content\\\/uploads\\\/2020\\\/07\\\/Knop-Messing-patina-met-ivoor-inleg-vierkant-31mm.jpg\",\"datePublished\":\"2020-07-16T08:51:23+00:00\",\"dateModified\":\"2025-09-30T08:49:50+00:00\",\"description\":\"Knop Messing patina met ivoor inleg vierkant 31mm heeft een messing, bronskleurige afwerking. Deze knop past goed op je meubel of keukenkastje.\",\"breadcrumb\":{\"@id\":\"https:\\\/\\\/partsandpieces.nl\\\/product\\\/knop-messing-patina-met-ivoor-inleg-vierkant-31mm\\\/#breadcrumb\"},\"inLanguage\":\"de\",\"potentialAction\":[{\"@type\":\"ReadAction\",\"target\":[\"https:\\\/\\\/partsandpieces.nl\\\/product\\\/knop-messing-patina-met-ivoor-inleg-vierkant-31mm\\\/\"]}]},{\"@type\":\"ImageObject\",\"inLanguage\":\"de\",\"@id\":\"https:\\\/\\\/partsandpieces.nl\\\/product\\\/knop-messing-patina-met-ivoor-inleg-vierkant-31mm\\\/#primaryimage\",\"url\":\"https:\\\/\\\/partsandpieces.nl\\\/wp-content\\\/uploads\\\/2020\\\/07\\\/Knop-Messing-patina-met-ivoor-inleg-vierkant-31mm.jpg\",\"contentUrl\":\"https:\\\/\\\/partsandpieces.nl\\\/wp-content\\\/uploads\\\/2020\\\/07\\\/Knop-Messing-patina-met-ivoor-inleg-vierkant-31mm.jpg\",\"width\":480,\"height\":481,\"caption\":\"Knop Messing patina met ivoor inleg vierkant 31mm\"},{\"@type\":\"BreadcrumbList\",\"@id\":\"https:\\\/\\\/partsandpieces.nl\\\/product\\\/knop-messing-patina-met-ivoor-inleg-vierkant-31mm\\\/#breadcrumb\",\"itemListElement\":[{\"@type\":\"ListItem\",\"position\":1,\"name\":\"Home\",\"item\":\"https:\\\/\\\/partsandpieces.nl\\\/home\\\/\"},{\"@type\":\"ListItem\",\"position\":2,\"name\":\"Winkel\",\"item\":\"https:\\\/\\\/partsandpieces.nl\\\/winkel\\\/\"},{\"@type\":\"ListItem\",\"position\":3,\"name\":\"Knop Messing patina met ivoor inleg vierkant 31mm\"}]},{\"@type\":\"WebSite\",\"@id\":\"https:\\\/\\\/partsandpieces.nl\\\/#website\",\"url\":\"https:\\\/\\\/partsandpieces.nl\\\/\",\"name\":\"Parts &amp; Pieces\",\"description\":\"Alles voor uw meubelrestauratie en -onderhoud!\",\"potentialAction\":[{\"@type\":\"SearchAction\",\"target\":{\"@type\":\"EntryPoint\",\"urlTemplate\":\"https:\\\/\\\/partsandpieces.nl\\\/?s={search_term_string}\"},\"query-input\":{\"@type\":\"PropertyValueSpecification\",\"valueRequired\":true,\"valueName\":\"search_term_string\"}}],\"inLanguage\":\"de\"}]}<\/script>\n<!-- \/ Yoast SEO plugin. -->","yoast_head_json":{"title":"Knopf Messing elfenbeinfarben quadratisch","description":"Knauf Messing patiniert mit Elfenbeineinlage, quadratisch 31 mm, hat eine messingfarbene, bronzefarbene Oberfl\u00e4che. Dieser Knopf passt gut auf Ihre M\u00f6bel oder Ihren K\u00fcchenschrank.","robots":{"index":"index","follow":"follow","max-snippet":"max-snippet:-1","max-image-preview":"max-image-preview:large","max-video-preview":"max-video-preview:-1"},"canonical":"https:\/\/partsandpieces.nl\/de\/produkt\/knauf-messing-patiniert-mit-elfenbeineinlage-quadratisch-31-mm\/","og_locale":"de_DE","og_type":"article","og_title":"Knop Messing ivoor vierkant","og_description":"Knop Messing patina met ivoor inleg vierkant 31mm heeft een messing, bronskleurige afwerking. Deze knop past goed op je meubel of keukenkastje.","og_url":"https:\/\/partsandpieces.nl\/de\/produkt\/knauf-messing-patiniert-mit-elfenbeineinlage-quadratisch-31-mm\/","og_site_name":"Parts &amp; Pieces","article_modified_time":"2025-09-30T08:49:50+00:00","og_image":[{"width":480,"height":481,"url":"https:\/\/partsandpieces.nl\/wp-content\/uploads\/2020\/07\/Knop-Messing-patina-met-ivoor-inleg-vierkant-31mm.jpg","type":"image\/jpeg"}],"twitter_card":"summary_large_image","twitter_misc":{"Gesch\u00e4tzte Lesezeit":"1\u00a0Minute"},"schema":{"@context":"https:\/\/schema.org","@graph":[{"@type":"WebPage","@id":"https:\/\/partsandpieces.nl\/product\/knop-messing-patina-met-ivoor-inleg-vierkant-31mm\/","url":"https:\/\/partsandpieces.nl\/product\/knop-messing-patina-met-ivoor-inleg-vierkant-31mm\/","name":"Knopf Messing elfenbeinfarben quadratisch","isPartOf":{"@id":"https:\/\/partsandpieces.nl\/#website"},"primaryImageOfPage":{"@id":"https:\/\/partsandpieces.nl\/product\/knop-messing-patina-met-ivoor-inleg-vierkant-31mm\/#primaryimage"},"image":{"@id":"https:\/\/partsandpieces.nl\/product\/knop-messing-patina-met-ivoor-inleg-vierkant-31mm\/#primaryimage"},"thumbnailUrl":"https:\/\/partsandpieces.nl\/wp-content\/uploads\/2020\/07\/Knop-Messing-patina-met-ivoor-inleg-vierkant-31mm.jpg","datePublished":"2020-07-16T08:51:23+00:00","dateModified":"2025-09-30T08:49:50+00:00","description":"Knauf Messing patiniert mit Elfenbeineinlage, quadratisch 31 mm, hat eine messingfarbene, bronzefarbene Oberfl\u00e4che. Dieser Knopf passt gut auf Ihre M\u00f6bel oder Ihren K\u00fcchenschrank.","breadcrumb":{"@id":"https:\/\/partsandpieces.nl\/product\/knop-messing-patina-met-ivoor-inleg-vierkant-31mm\/#breadcrumb"},"inLanguage":"de","potentialAction":[{"@type":"ReadAction","target":["https:\/\/partsandpieces.nl\/product\/knop-messing-patina-met-ivoor-inleg-vierkant-31mm\/"]}]},{"@type":"ImageObject","inLanguage":"de","@id":"https:\/\/partsandpieces.nl\/product\/knop-messing-patina-met-ivoor-inleg-vierkant-31mm\/#primaryimage","url":"https:\/\/partsandpieces.nl\/wp-content\/uploads\/2020\/07\/Knop-Messing-patina-met-ivoor-inleg-vierkant-31mm.jpg","contentUrl":"https:\/\/partsandpieces.nl\/wp-content\/uploads\/2020\/07\/Knop-Messing-patina-met-ivoor-inleg-vierkant-31mm.jpg","width":480,"height":481,"caption":"Knop Messing patina met ivoor inleg vierkant 31mm"},{"@type":"BreadcrumbList","@id":"https:\/\/partsandpieces.nl\/product\/knop-messing-patina-met-ivoor-inleg-vierkant-31mm\/#breadcrumb","itemListElement":[{"@type":"ListItem","position":1,"name":"Home","item":"https:\/\/partsandpieces.nl\/home\/"},{"@type":"ListItem","position":2,"name":"Winkel","item":"https:\/\/partsandpieces.nl\/winkel\/"},{"@type":"ListItem","position":3,"name":"Knop Messing patina met ivoor inleg vierkant 31mm"}]},{"@type":"WebSite","@id":"https:\/\/partsandpieces.nl\/#website","url":"https:\/\/partsandpieces.nl\/","name":"Teile &amp; St\u00fccke","description":"Alles f\u00fcr Ihre M\u00f6belrestaurierung und -pflege!","potentialAction":[{"@type":"SearchAction","target":{"@type":"EntryPoint","urlTemplate":"https:\/\/partsandpieces.nl\/?s={search_term_string}"},"query-input":{"@type":"PropertyValueSpecification","valueRequired":true,"valueName":"search_term_string"}}],"inLanguage":"de"}]}},"_links":{"self":[{"href":"https:\/\/partsandpieces.nl\/de\/wp-json\/wp\/v2\/product\/514","targetHints":{"allow":["GET"]}}],"collection":[{"href":"https:\/\/partsandpieces.nl\/de\/wp-json\/wp\/v2\/product"}],"about":[{"href":"https:\/\/partsandpieces.nl\/de\/wp-json\/wp\/v2\/types\/product"}],"wp:featuredmedia":[{"embeddable":true,"href":"https:\/\/partsandpieces.nl\/de\/wp-json\/wp\/v2\/media\/5533"}],"wp:attachment":[{"href":"https:\/\/partsandpieces.nl\/de\/wp-json\/wp\/v2\/media?parent=514"}],"wp:term":[{"taxonomy":"product_brand","embeddable":true,"href":"https:\/\/partsandpieces.nl\/de\/wp-json\/wp\/v2\/product_brand?post=514"},{"taxonomy":"product_cat","embeddable":true,"href":"https:\/\/partsandpieces.nl\/de\/wp-json\/wp\/v2\/product_cat?post=514"},{"taxonomy":"product_tag","embeddable":true,"href":"https:\/\/partsandpieces.nl\/de\/wp-json\/wp\/v2\/product_tag?post=514"}],"curies":[{"name":"wp","href":"https:\/\/api.w.org\/{rel}","templated":true}]}}