{"id":518,"date":"2020-07-16T08:55:19","date_gmt":"2020-07-16T08:55:19","guid":{"rendered":"https:\/\/partsandpieces.bonsaidev.nl\/?product=ovale-knop-gietijzer-zwart-52x37-mm-1664443082"},"modified":"2026-03-21T16:39:20","modified_gmt":"2026-03-21T15:39:20","slug":"knopf-gusseisen-schwarz-oval-52x32mm","status":"publish","type":"product","link":"https:\/\/partsandpieces.nl\/de\/product\/knop-gietijzer-zwart-ovaal-52x32mm\/","title":{"rendered":"Knopf Gusseisen Schwarz Oval 52x32mm"},"content":{"rendered":"<p><strong>Knopf Gusseisen Schwarz Oval 52x32mm<\/strong> ist ein wundersch\u00f6ner, ovaler Eisenknopf mit mattschwarzer Oberfl\u00e4che. Der Knopf hat eine T-Form und passt gut in ein elegantes Industrieinterieur. Sie k\u00f6nnen diesen Knauf als Griff f\u00fcr Ihre Schublade oder T\u00fcr verwenden. BITTE BEACHTEN: Der Knauf ist aus massivem Gusseisen, also relativ schwer!<\/p>\n<p><strong>Ma\u00dfe<br \/>\n<\/strong>Der Knopf Gusseisen Schwarz Oval 52x32mm hat eine Breite von 52mm und eine H\u00f6he von 32mm. Nach der Installation steht dieser Knopf 44 mm hervor. Die Basis des Knopfes hat einen Durchmesser von 19 mm.<\/p>\n<p><strong>Bearbeiten<br \/>\n<\/strong>Sie k\u00f6nnen diesen Knopf blind montieren. Ich schicke diese Schraube\u00a0<strong>FREI<\/strong>\u00a0mit Ihrer Bestellung.<\/p>","protected":false},"excerpt":{"rendered":"<p>Knop Gietijzer Zwart Ovaal 52x32mm is een mooie, ovale knop van ijzer met een mat zwarte afwerking. De knop heeft een T-vorm en past goed in een strak industrieel interieur. Je kunt deze knop gebruiken als greep voor je lade of deurtje. LET OP: de knop is van massief gietijzer, dus relatief zwaar! Afmetingen Knop [&hellip;]<\/p>\n","protected":false},"featured_media":7421,"template":"","meta":{"_acf_changed":false},"product_brand":[],"product_cat":[37,23],"product_tag":[],"class_list":{"0":"post-518","1":"product","2":"type-product","3":"status-publish","4":"has-post-thumbnail","6":"product_cat-knoppen","7":"product_cat-meubelbeslag","9":"first","10":"instock","11":"taxable","12":"shipping-taxable","13":"purchasable","14":"product-type-simple"},"acf":[],"yoast_head":"<!-- This site is optimized with the Yoast SEO plugin v27.3 - https:\/\/yoast.com\/product\/yoast-seo-wordpress\/ -->\n<title>Knop Gietijzer Zwart Ovaal 52x32mm<\/title>\n<meta name=\"description\" content=\"Knop Gietijzer Zwart Ovaal 52x32mm is een mooie, ovale knop van ijzer met een mat zwarte afwerking. Past goed in een strak industrieel interieur.\" \/>\n<meta name=\"robots\" content=\"index, follow, max-snippet:-1, max-image-preview:large, max-video-preview:-1\" \/>\n<link rel=\"canonical\" href=\"https:\/\/partsandpieces.nl\/de\/produkt\/knopf-gusseisen-schwarz-oval-52x32mm\/\" \/>\n<meta property=\"og:locale\" content=\"de_DE\" \/>\n<meta property=\"og:type\" content=\"article\" \/>\n<meta property=\"og:title\" content=\"Knop Gietijzer Zwart Ovaal 52x32mm\" \/>\n<meta property=\"og:description\" content=\"Knop Gietijzer Zwart Ovaal 52x32mm is een mooie, ovale knop van ijzer met een mat zwarte afwerking. Past goed in een strak industrieel interieur.\" \/>\n<meta property=\"og:url\" content=\"https:\/\/partsandpieces.nl\/de\/produkt\/knopf-gusseisen-schwarz-oval-52x32mm\/\" \/>\n<meta property=\"og:site_name\" content=\"Parts &amp; Pieces\" \/>\n<meta property=\"article:modified_time\" content=\"2026-03-21T15:39:20+00:00\" \/>\n<meta property=\"og:image\" content=\"https:\/\/partsandpieces.nl\/wp-content\/uploads\/2020\/07\/Knop-Gietijzer-Zwart-Ovaal-52x32mm.jpg\" \/>\n\t<meta property=\"og:image:width\" content=\"381\" \/>\n\t<meta property=\"og:image:height\" content=\"381\" \/>\n\t<meta property=\"og:image:type\" content=\"image\/jpeg\" \/>\n<meta name=\"twitter:card\" content=\"summary_large_image\" \/>\n<meta name=\"twitter:label1\" content=\"Gesch\u00e4tzte Lesezeit\" \/>\n\t<meta name=\"twitter:data1\" content=\"1\u00a0Minute\" \/>\n<script type=\"application\/ld+json\" class=\"yoast-schema-graph\">{\"@context\":\"https:\\\/\\\/schema.org\",\"@graph\":[{\"@type\":\"WebPage\",\"@id\":\"https:\\\/\\\/partsandpieces.nl\\\/product\\\/knop-gietijzer-zwart-ovaal-52x32mm\\\/\",\"url\":\"https:\\\/\\\/partsandpieces.nl\\\/product\\\/knop-gietijzer-zwart-ovaal-52x32mm\\\/\",\"name\":\"Knop Gietijzer Zwart Ovaal 52x32mm\",\"isPartOf\":{\"@id\":\"https:\\\/\\\/partsandpieces.nl\\\/#website\"},\"primaryImageOfPage\":{\"@id\":\"https:\\\/\\\/partsandpieces.nl\\\/product\\\/knop-gietijzer-zwart-ovaal-52x32mm\\\/#primaryimage\"},\"image\":{\"@id\":\"https:\\\/\\\/partsandpieces.nl\\\/product\\\/knop-gietijzer-zwart-ovaal-52x32mm\\\/#primaryimage\"},\"thumbnailUrl\":\"https:\\\/\\\/partsandpieces.nl\\\/wp-content\\\/uploads\\\/2020\\\/07\\\/Knop-Gietijzer-Zwart-Ovaal-52x32mm.jpg\",\"datePublished\":\"2020-07-16T08:55:19+00:00\",\"dateModified\":\"2026-03-21T15:39:20+00:00\",\"description\":\"Knop Gietijzer Zwart Ovaal 52x32mm is een mooie, ovale knop van ijzer met een mat zwarte afwerking. Past goed in een strak industrieel interieur.\",\"breadcrumb\":{\"@id\":\"https:\\\/\\\/partsandpieces.nl\\\/product\\\/knop-gietijzer-zwart-ovaal-52x32mm\\\/#breadcrumb\"},\"inLanguage\":\"de\",\"potentialAction\":[{\"@type\":\"ReadAction\",\"target\":[\"https:\\\/\\\/partsandpieces.nl\\\/product\\\/knop-gietijzer-zwart-ovaal-52x32mm\\\/\"]}]},{\"@type\":\"ImageObject\",\"inLanguage\":\"de\",\"@id\":\"https:\\\/\\\/partsandpieces.nl\\\/product\\\/knop-gietijzer-zwart-ovaal-52x32mm\\\/#primaryimage\",\"url\":\"https:\\\/\\\/partsandpieces.nl\\\/wp-content\\\/uploads\\\/2020\\\/07\\\/Knop-Gietijzer-Zwart-Ovaal-52x32mm.jpg\",\"contentUrl\":\"https:\\\/\\\/partsandpieces.nl\\\/wp-content\\\/uploads\\\/2020\\\/07\\\/Knop-Gietijzer-Zwart-Ovaal-52x32mm.jpg\",\"width\":381,\"height\":381,\"caption\":\"Knop Gietijzer Zwart Ovaal 52x32mm\"},{\"@type\":\"BreadcrumbList\",\"@id\":\"https:\\\/\\\/partsandpieces.nl\\\/product\\\/knop-gietijzer-zwart-ovaal-52x32mm\\\/#breadcrumb\",\"itemListElement\":[{\"@type\":\"ListItem\",\"position\":1,\"name\":\"Home\",\"item\":\"https:\\\/\\\/partsandpieces.nl\\\/home\\\/\"},{\"@type\":\"ListItem\",\"position\":2,\"name\":\"Winkel\",\"item\":\"https:\\\/\\\/partsandpieces.nl\\\/winkel\\\/\"},{\"@type\":\"ListItem\",\"position\":3,\"name\":\"Knop Gietijzer Zwart Ovaal 52x32mm\"}]},{\"@type\":\"WebSite\",\"@id\":\"https:\\\/\\\/partsandpieces.nl\\\/#website\",\"url\":\"https:\\\/\\\/partsandpieces.nl\\\/\",\"name\":\"Parts &amp; Pieces\",\"description\":\"Alles voor uw meubelrestauratie en -onderhoud!\",\"potentialAction\":[{\"@type\":\"SearchAction\",\"target\":{\"@type\":\"EntryPoint\",\"urlTemplate\":\"https:\\\/\\\/partsandpieces.nl\\\/?s={search_term_string}\"},\"query-input\":{\"@type\":\"PropertyValueSpecification\",\"valueRequired\":true,\"valueName\":\"search_term_string\"}}],\"inLanguage\":\"de\"}]}<\/script>\n<!-- \/ Yoast SEO plugin. -->","yoast_head_json":{"title":"Knopf Gusseisen Schwarz Oval 52x32mm","description":"Gusseisenknopf, schwarz, oval, 52 x 32 mm, ist ein wundersch\u00f6ner, ovaler Eisenknopf mit mattschwarzer Oberfl\u00e4che. Passt gut in ein elegantes Industrieinterieur.","robots":{"index":"index","follow":"follow","max-snippet":"max-snippet:-1","max-image-preview":"max-image-preview:large","max-video-preview":"max-video-preview:-1"},"canonical":"https:\/\/partsandpieces.nl\/de\/produkt\/knopf-gusseisen-schwarz-oval-52x32mm\/","og_locale":"de_DE","og_type":"article","og_title":"Knop Gietijzer Zwart Ovaal 52x32mm","og_description":"Knop Gietijzer Zwart Ovaal 52x32mm is een mooie, ovale knop van ijzer met een mat zwarte afwerking. Past goed in een strak industrieel interieur.","og_url":"https:\/\/partsandpieces.nl\/de\/produkt\/knopf-gusseisen-schwarz-oval-52x32mm\/","og_site_name":"Parts &amp; Pieces","article_modified_time":"2026-03-21T15:39:20+00:00","og_image":[{"width":381,"height":381,"url":"https:\/\/partsandpieces.nl\/wp-content\/uploads\/2020\/07\/Knop-Gietijzer-Zwart-Ovaal-52x32mm.jpg","type":"image\/jpeg"}],"twitter_card":"summary_large_image","twitter_misc":{"Gesch\u00e4tzte Lesezeit":"1\u00a0Minute"},"schema":{"@context":"https:\/\/schema.org","@graph":[{"@type":"WebPage","@id":"https:\/\/partsandpieces.nl\/product\/knop-gietijzer-zwart-ovaal-52x32mm\/","url":"https:\/\/partsandpieces.nl\/product\/knop-gietijzer-zwart-ovaal-52x32mm\/","name":"Knopf Gusseisen Schwarz Oval 52x32mm","isPartOf":{"@id":"https:\/\/partsandpieces.nl\/#website"},"primaryImageOfPage":{"@id":"https:\/\/partsandpieces.nl\/product\/knop-gietijzer-zwart-ovaal-52x32mm\/#primaryimage"},"image":{"@id":"https:\/\/partsandpieces.nl\/product\/knop-gietijzer-zwart-ovaal-52x32mm\/#primaryimage"},"thumbnailUrl":"https:\/\/partsandpieces.nl\/wp-content\/uploads\/2020\/07\/Knop-Gietijzer-Zwart-Ovaal-52x32mm.jpg","datePublished":"2020-07-16T08:55:19+00:00","dateModified":"2026-03-21T15:39:20+00:00","description":"Gusseisenknopf, schwarz, oval, 52 x 32 mm, ist ein wundersch\u00f6ner, ovaler Eisenknopf mit mattschwarzer Oberfl\u00e4che. Passt gut in ein elegantes Industrieinterieur.","breadcrumb":{"@id":"https:\/\/partsandpieces.nl\/product\/knop-gietijzer-zwart-ovaal-52x32mm\/#breadcrumb"},"inLanguage":"de","potentialAction":[{"@type":"ReadAction","target":["https:\/\/partsandpieces.nl\/product\/knop-gietijzer-zwart-ovaal-52x32mm\/"]}]},{"@type":"ImageObject","inLanguage":"de","@id":"https:\/\/partsandpieces.nl\/product\/knop-gietijzer-zwart-ovaal-52x32mm\/#primaryimage","url":"https:\/\/partsandpieces.nl\/wp-content\/uploads\/2020\/07\/Knop-Gietijzer-Zwart-Ovaal-52x32mm.jpg","contentUrl":"https:\/\/partsandpieces.nl\/wp-content\/uploads\/2020\/07\/Knop-Gietijzer-Zwart-Ovaal-52x32mm.jpg","width":381,"height":381,"caption":"Knop Gietijzer Zwart Ovaal 52x32mm"},{"@type":"BreadcrumbList","@id":"https:\/\/partsandpieces.nl\/product\/knop-gietijzer-zwart-ovaal-52x32mm\/#breadcrumb","itemListElement":[{"@type":"ListItem","position":1,"name":"Home","item":"https:\/\/partsandpieces.nl\/home\/"},{"@type":"ListItem","position":2,"name":"Winkel","item":"https:\/\/partsandpieces.nl\/winkel\/"},{"@type":"ListItem","position":3,"name":"Knop Gietijzer Zwart Ovaal 52x32mm"}]},{"@type":"WebSite","@id":"https:\/\/partsandpieces.nl\/#website","url":"https:\/\/partsandpieces.nl\/","name":"Teile &amp; St\u00fccke","description":"Alles f\u00fcr Ihre M\u00f6belrestaurierung und -pflege!","potentialAction":[{"@type":"SearchAction","target":{"@type":"EntryPoint","urlTemplate":"https:\/\/partsandpieces.nl\/?s={search_term_string}"},"query-input":{"@type":"PropertyValueSpecification","valueRequired":true,"valueName":"search_term_string"}}],"inLanguage":"de"}]}},"_links":{"self":[{"href":"https:\/\/partsandpieces.nl\/de\/wp-json\/wp\/v2\/product\/518","targetHints":{"allow":["GET"]}}],"collection":[{"href":"https:\/\/partsandpieces.nl\/de\/wp-json\/wp\/v2\/product"}],"about":[{"href":"https:\/\/partsandpieces.nl\/de\/wp-json\/wp\/v2\/types\/product"}],"wp:featuredmedia":[{"embeddable":true,"href":"https:\/\/partsandpieces.nl\/de\/wp-json\/wp\/v2\/media\/7421"}],"wp:attachment":[{"href":"https:\/\/partsandpieces.nl\/de\/wp-json\/wp\/v2\/media?parent=518"}],"wp:term":[{"taxonomy":"product_brand","embeddable":true,"href":"https:\/\/partsandpieces.nl\/de\/wp-json\/wp\/v2\/product_brand?post=518"},{"taxonomy":"product_cat","embeddable":true,"href":"https:\/\/partsandpieces.nl\/de\/wp-json\/wp\/v2\/product_cat?post=518"},{"taxonomy":"product_tag","embeddable":true,"href":"https:\/\/partsandpieces.nl\/de\/wp-json\/wp\/v2\/product_tag?post=518"}],"curies":[{"name":"wp","href":"https:\/\/api.w.org\/{rel}","templated":true}]}}