{"id":522,"date":"2020-07-16T08:58:52","date_gmt":"2020-07-16T08:58:52","guid":{"rendered":"https:\/\/partsandpieces.bonsaidev.nl\/?product=knop-8-hoek-doorsnede-30-mm-vintage-black-zwart"},"modified":"2026-03-16T15:07:38","modified_gmt":"2026-03-16T14:07:38","slug":"knauf-industriell-schwarz-robust-8-eckig-30mm","status":"publish","type":"product","link":"https:\/\/partsandpieces.nl\/de\/product\/knop-industrieel-zwart-stoer-8-hoekig-30mm\/","title":{"rendered":"Knopf Industrial Black Tough 8-kantig 30mm"},"content":{"rendered":"<p><strong>Knopf Industrial Black Tough 8-kantig 30mm<\/strong> ist ein achteckiger M\u00f6belknopf mit einem coolen Schwarz\/Anthrazit-Finish. Der Knopf hat eine runde Vorderseite mit Relief, die das Licht besonders reflektiert. Der Knopf hat einen Vintage- oder Retro-Look. Dieser Knauf passt gut zu Ihrem l\u00e4ndlichen oder Retro-M\u00f6belst\u00fcck.<\/p>\n<p>Dieser hochwertige Knopf wird in Italien hergestellt.<\/p>\n<p><strong>Ma\u00dfe<br \/>\n<\/strong>Der Industrial Black Button Cool 8-eckig 30 mm hat einen Durchmesser von 30 mm. Nach der Installation steht dieser Knopf 28 mm hervor. Die Basis des Knopfes hat einen Durchmesser von 10 mm.<\/p>\n<p><strong>Bearbeiten<br \/>\n<\/strong>Sie k\u00f6nnen den Taster mit blind montieren\u00a0<span style=\"text-decoration: underline;\"><a href=\"https:\/\/partsandpieces.nl\/de\/produkt\/schraube-edelstahl-fur-blindmontageknopf-20x4mm-20-stuck\/\">Edelstahlschraube f\u00fcr Blindbefestigungsknopf (20x4mm)<\/a><\/span>. Ich schicke diese Schraube\u00a0<strong>FREI<\/strong>\u00a0mit Ihrer Bestellung.<\/p>","protected":false},"excerpt":{"rendered":"<p>Knop Industrieel Zwart Stoer 8-hoekig 30mm is een achthoekige meubelknop met een stoere zwarte \/ antraciete stoere finish. De knop heeft een ronde voorkant met reli\u00ebf dat het licht bijzonder weerkaatst. De knop heeft een vintage of retro uitstraling. Deze knop past goed op je landelijke of retro meubelstuk. Deze kwalitatief uitstekende knop is gemaakt [&hellip;]<\/p>\n","protected":false},"featured_media":5385,"template":"","meta":{"_acf_changed":false},"product_brand":[],"product_cat":[37,23,53],"product_tag":[],"class_list":{"0":"post-522","1":"product","2":"type-product","3":"status-publish","4":"has-post-thumbnail","6":"product_cat-knoppen","7":"product_cat-meubelbeslag","8":"product_cat-vintage-grepen","10":"first","11":"instock","12":"taxable","13":"shipping-taxable","14":"purchasable","15":"product-type-simple"},"acf":[],"yoast_head":"<!-- This site is optimized with the Yoast SEO plugin v27.3 - https:\/\/yoast.com\/product\/yoast-seo-wordpress\/ -->\n<title>Knop Industrieel Zwart 8-hoekig<\/title>\n<meta name=\"description\" content=\"Knop Industrieel Zwart Stoer 8-hoekig 30mm is een achthoekige meubelknop met een stoere zwarte \/ antraciete stoere finish.\" \/>\n<meta name=\"robots\" content=\"index, follow, max-snippet:-1, max-image-preview:large, max-video-preview:-1\" \/>\n<link rel=\"canonical\" href=\"https:\/\/partsandpieces.nl\/de\/produkt\/knauf-industriell-schwarz-robust-8-eckig-30mm\/\" \/>\n<meta property=\"og:locale\" content=\"de_DE\" \/>\n<meta property=\"og:type\" content=\"article\" \/>\n<meta property=\"og:title\" content=\"Knop Industrieel Zwart 8-hoekig\" \/>\n<meta property=\"og:description\" content=\"Knop Industrieel Zwart Stoer 8-hoekig 30mm is een achthoekige meubelknop met een stoere zwarte \/ antraciete stoere finish.\" \/>\n<meta property=\"og:url\" content=\"https:\/\/partsandpieces.nl\/de\/produkt\/knauf-industriell-schwarz-robust-8-eckig-30mm\/\" \/>\n<meta property=\"og:site_name\" content=\"Parts &amp; Pieces\" \/>\n<meta property=\"article:modified_time\" content=\"2026-03-16T14:07:38+00:00\" \/>\n<meta property=\"og:image\" content=\"https:\/\/partsandpieces.nl\/wp-content\/uploads\/2020\/07\/Knop-Industrieel-Zwart-Stoer-8-hoekig-30mm.jpg\" \/>\n\t<meta property=\"og:image:width\" content=\"480\" \/>\n\t<meta property=\"og:image:height\" content=\"481\" \/>\n\t<meta property=\"og:image:type\" content=\"image\/jpeg\" \/>\n<meta name=\"twitter:card\" content=\"summary_large_image\" \/>\n<meta name=\"twitter:label1\" content=\"Gesch\u00e4tzte Lesezeit\" \/>\n\t<meta name=\"twitter:data1\" content=\"1\u00a0Minute\" \/>\n<script type=\"application\/ld+json\" class=\"yoast-schema-graph\">{\"@context\":\"https:\\\/\\\/schema.org\",\"@graph\":[{\"@type\":\"WebPage\",\"@id\":\"https:\\\/\\\/partsandpieces.nl\\\/product\\\/knop-industrieel-zwart-stoer-8-hoekig-30mm\\\/\",\"url\":\"https:\\\/\\\/partsandpieces.nl\\\/product\\\/knop-industrieel-zwart-stoer-8-hoekig-30mm\\\/\",\"name\":\"Knop Industrieel Zwart 8-hoekig\",\"isPartOf\":{\"@id\":\"https:\\\/\\\/partsandpieces.nl\\\/#website\"},\"primaryImageOfPage\":{\"@id\":\"https:\\\/\\\/partsandpieces.nl\\\/product\\\/knop-industrieel-zwart-stoer-8-hoekig-30mm\\\/#primaryimage\"},\"image\":{\"@id\":\"https:\\\/\\\/partsandpieces.nl\\\/product\\\/knop-industrieel-zwart-stoer-8-hoekig-30mm\\\/#primaryimage\"},\"thumbnailUrl\":\"https:\\\/\\\/partsandpieces.nl\\\/wp-content\\\/uploads\\\/2020\\\/07\\\/Knop-Industrieel-Zwart-Stoer-8-hoekig-30mm.jpg\",\"datePublished\":\"2020-07-16T08:58:52+00:00\",\"dateModified\":\"2026-03-16T14:07:38+00:00\",\"description\":\"Knop Industrieel Zwart Stoer 8-hoekig 30mm is een achthoekige meubelknop met een stoere zwarte \\\/ antraciete stoere finish.\",\"breadcrumb\":{\"@id\":\"https:\\\/\\\/partsandpieces.nl\\\/product\\\/knop-industrieel-zwart-stoer-8-hoekig-30mm\\\/#breadcrumb\"},\"inLanguage\":\"de\",\"potentialAction\":[{\"@type\":\"ReadAction\",\"target\":[\"https:\\\/\\\/partsandpieces.nl\\\/product\\\/knop-industrieel-zwart-stoer-8-hoekig-30mm\\\/\"]}]},{\"@type\":\"ImageObject\",\"inLanguage\":\"de\",\"@id\":\"https:\\\/\\\/partsandpieces.nl\\\/product\\\/knop-industrieel-zwart-stoer-8-hoekig-30mm\\\/#primaryimage\",\"url\":\"https:\\\/\\\/partsandpieces.nl\\\/wp-content\\\/uploads\\\/2020\\\/07\\\/Knop-Industrieel-Zwart-Stoer-8-hoekig-30mm.jpg\",\"contentUrl\":\"https:\\\/\\\/partsandpieces.nl\\\/wp-content\\\/uploads\\\/2020\\\/07\\\/Knop-Industrieel-Zwart-Stoer-8-hoekig-30mm.jpg\",\"width\":480,\"height\":481,\"caption\":\"Knop Industrieel Zwart Stoer 8-hoekig 30mm\"},{\"@type\":\"BreadcrumbList\",\"@id\":\"https:\\\/\\\/partsandpieces.nl\\\/product\\\/knop-industrieel-zwart-stoer-8-hoekig-30mm\\\/#breadcrumb\",\"itemListElement\":[{\"@type\":\"ListItem\",\"position\":1,\"name\":\"Home\",\"item\":\"https:\\\/\\\/partsandpieces.nl\\\/home\\\/\"},{\"@type\":\"ListItem\",\"position\":2,\"name\":\"Winkel\",\"item\":\"https:\\\/\\\/partsandpieces.nl\\\/winkel\\\/\"},{\"@type\":\"ListItem\",\"position\":3,\"name\":\"Knop Industrieel Zwart Stoer 8-hoekig 30mm\"}]},{\"@type\":\"WebSite\",\"@id\":\"https:\\\/\\\/partsandpieces.nl\\\/#website\",\"url\":\"https:\\\/\\\/partsandpieces.nl\\\/\",\"name\":\"Parts &amp; Pieces\",\"description\":\"Alles voor uw meubelrestauratie en -onderhoud!\",\"potentialAction\":[{\"@type\":\"SearchAction\",\"target\":{\"@type\":\"EntryPoint\",\"urlTemplate\":\"https:\\\/\\\/partsandpieces.nl\\\/?s={search_term_string}\"},\"query-input\":{\"@type\":\"PropertyValueSpecification\",\"valueRequired\":true,\"valueName\":\"search_term_string\"}}],\"inLanguage\":\"de\"}]}<\/script>\n<!-- \/ Yoast SEO plugin. -->","yoast_head_json":{"title":"Knauf Industrial Black achteckig","description":"Knauf Industrial Black Cool 8-eckig 30 mm ist ein achteckiger M\u00f6belknopf mit einer coolen schwarzen \/ anthrazitfarbenen, robusten Oberfl\u00e4che.","robots":{"index":"index","follow":"follow","max-snippet":"max-snippet:-1","max-image-preview":"max-image-preview:large","max-video-preview":"max-video-preview:-1"},"canonical":"https:\/\/partsandpieces.nl\/de\/produkt\/knauf-industriell-schwarz-robust-8-eckig-30mm\/","og_locale":"de_DE","og_type":"article","og_title":"Knop Industrieel Zwart 8-hoekig","og_description":"Knop Industrieel Zwart Stoer 8-hoekig 30mm is een achthoekige meubelknop met een stoere zwarte \/ antraciete stoere finish.","og_url":"https:\/\/partsandpieces.nl\/de\/produkt\/knauf-industriell-schwarz-robust-8-eckig-30mm\/","og_site_name":"Parts &amp; Pieces","article_modified_time":"2026-03-16T14:07:38+00:00","og_image":[{"width":480,"height":481,"url":"https:\/\/partsandpieces.nl\/wp-content\/uploads\/2020\/07\/Knop-Industrieel-Zwart-Stoer-8-hoekig-30mm.jpg","type":"image\/jpeg"}],"twitter_card":"summary_large_image","twitter_misc":{"Gesch\u00e4tzte Lesezeit":"1\u00a0Minute"},"schema":{"@context":"https:\/\/schema.org","@graph":[{"@type":"WebPage","@id":"https:\/\/partsandpieces.nl\/product\/knop-industrieel-zwart-stoer-8-hoekig-30mm\/","url":"https:\/\/partsandpieces.nl\/product\/knop-industrieel-zwart-stoer-8-hoekig-30mm\/","name":"Knauf Industrial Black achteckig","isPartOf":{"@id":"https:\/\/partsandpieces.nl\/#website"},"primaryImageOfPage":{"@id":"https:\/\/partsandpieces.nl\/product\/knop-industrieel-zwart-stoer-8-hoekig-30mm\/#primaryimage"},"image":{"@id":"https:\/\/partsandpieces.nl\/product\/knop-industrieel-zwart-stoer-8-hoekig-30mm\/#primaryimage"},"thumbnailUrl":"https:\/\/partsandpieces.nl\/wp-content\/uploads\/2020\/07\/Knop-Industrieel-Zwart-Stoer-8-hoekig-30mm.jpg","datePublished":"2020-07-16T08:58:52+00:00","dateModified":"2026-03-16T14:07:38+00:00","description":"Knauf Industrial Black Cool 8-eckig 30 mm ist ein achteckiger M\u00f6belknopf mit einer coolen schwarzen \/ anthrazitfarbenen, robusten Oberfl\u00e4che.","breadcrumb":{"@id":"https:\/\/partsandpieces.nl\/product\/knop-industrieel-zwart-stoer-8-hoekig-30mm\/#breadcrumb"},"inLanguage":"de","potentialAction":[{"@type":"ReadAction","target":["https:\/\/partsandpieces.nl\/product\/knop-industrieel-zwart-stoer-8-hoekig-30mm\/"]}]},{"@type":"ImageObject","inLanguage":"de","@id":"https:\/\/partsandpieces.nl\/product\/knop-industrieel-zwart-stoer-8-hoekig-30mm\/#primaryimage","url":"https:\/\/partsandpieces.nl\/wp-content\/uploads\/2020\/07\/Knop-Industrieel-Zwart-Stoer-8-hoekig-30mm.jpg","contentUrl":"https:\/\/partsandpieces.nl\/wp-content\/uploads\/2020\/07\/Knop-Industrieel-Zwart-Stoer-8-hoekig-30mm.jpg","width":480,"height":481,"caption":"Knop Industrieel Zwart Stoer 8-hoekig 30mm"},{"@type":"BreadcrumbList","@id":"https:\/\/partsandpieces.nl\/product\/knop-industrieel-zwart-stoer-8-hoekig-30mm\/#breadcrumb","itemListElement":[{"@type":"ListItem","position":1,"name":"Home","item":"https:\/\/partsandpieces.nl\/home\/"},{"@type":"ListItem","position":2,"name":"Winkel","item":"https:\/\/partsandpieces.nl\/winkel\/"},{"@type":"ListItem","position":3,"name":"Knop Industrieel Zwart Stoer 8-hoekig 30mm"}]},{"@type":"WebSite","@id":"https:\/\/partsandpieces.nl\/#website","url":"https:\/\/partsandpieces.nl\/","name":"Teile &amp; St\u00fccke","description":"Alles f\u00fcr Ihre M\u00f6belrestaurierung und -pflege!","potentialAction":[{"@type":"SearchAction","target":{"@type":"EntryPoint","urlTemplate":"https:\/\/partsandpieces.nl\/?s={search_term_string}"},"query-input":{"@type":"PropertyValueSpecification","valueRequired":true,"valueName":"search_term_string"}}],"inLanguage":"de"}]}},"_links":{"self":[{"href":"https:\/\/partsandpieces.nl\/de\/wp-json\/wp\/v2\/product\/522","targetHints":{"allow":["GET"]}}],"collection":[{"href":"https:\/\/partsandpieces.nl\/de\/wp-json\/wp\/v2\/product"}],"about":[{"href":"https:\/\/partsandpieces.nl\/de\/wp-json\/wp\/v2\/types\/product"}],"wp:featuredmedia":[{"embeddable":true,"href":"https:\/\/partsandpieces.nl\/de\/wp-json\/wp\/v2\/media\/5385"}],"wp:attachment":[{"href":"https:\/\/partsandpieces.nl\/de\/wp-json\/wp\/v2\/media?parent=522"}],"wp:term":[{"taxonomy":"product_brand","embeddable":true,"href":"https:\/\/partsandpieces.nl\/de\/wp-json\/wp\/v2\/product_brand?post=522"},{"taxonomy":"product_cat","embeddable":true,"href":"https:\/\/partsandpieces.nl\/de\/wp-json\/wp\/v2\/product_cat?post=522"},{"taxonomy":"product_tag","embeddable":true,"href":"https:\/\/partsandpieces.nl\/de\/wp-json\/wp\/v2\/product_tag?post=522"}],"curies":[{"name":"wp","href":"https:\/\/api.w.org\/{rel}","templated":true}]}}