{"id":528,"date":"2020-07-16T09:04:38","date_gmt":"2020-07-16T07:04:38","guid":{"rendered":"https:\/\/partsandpieces.bonsaidev.nl\/?product=knop-messing-bew-18-mm"},"modified":"2025-09-10T11:47:48","modified_gmt":"2025-09-10T09:47:48","slug":"knauf-bronze-antik-rund-eichenlaub-20mm","status":"publish","type":"product","link":"https:\/\/partsandpieces.nl\/de\/product\/knop-brons-antiek-rond-eikenbladeren-20mm\/","title":{"rendered":"Knopf Bronze Antik rund Eichenbl\u00e4tter 20mm"},"content":{"rendered":"<p><strong>Knopf Bronze Antik rund Eichenbl\u00e4tter 20mm<\/strong>\u00a0ist ein wundersch\u00f6ner, runder M\u00f6belknopf mit antikbronzefarbener Messingoberfl\u00e4che aus Zamak*. Der Knauf ist mit einem Ring aus Eichenbl\u00e4ttern verziert. Dieser Knauf passt gut zu Ihren antiken oder klassischen M\u00f6beln.<\/p>\n<p>Dieser hochwertige Knopf wird in Italien hergestellt.<\/p>\n<p><strong>Ma\u00dfe<br \/>\n<\/strong>Knauf Bronze Antik rund Eichenlaub 20 mm hat einen Durchmesser von 20 mm. Nach der Installation steht dieser Knopf 21 mm hervor. Die Basis des Knopfes hat einen Durchmesser von 14 mm.<\/p>\n<p><strong>Bearbeiten<br \/>\n<\/strong>Sie k\u00f6nnen diesen Knopf mit blind montieren\u00a0<a href=\"https:\/\/partsandpieces.nl\/de\/produkt\/schraube-edelstahl-fur-blindmontageknopf-20x4mm-20-stuck\/\">Edelstahlschraube zur Blindmontage <span style=\"text-decoration: underline;\">Knopf<\/span> (20x4mm)<\/a>. Ich schicke diese Schraube\u00a0<strong>FREI<\/strong>\u00a0mit Ihrer Bestellung.<\/p>\n<p>* Zamak ist eine Legierung mit Zink als Hauptbestandteil. Es hat einen relativ niedrigen Schmelzpunkt und ist leicht zu gie\u00dfen. Der Name ist ein Akronym, abgeleitet von den Anfangsbuchstaben der deutschen Bezeichnungen f\u00fcr die Metalle, aus denen sich der Werkstoff zusammensetzt: Zink, Aluminium, MAGnesium, Kupfer. Zamak wird in der Auto- und M\u00f6belindustrie f\u00fcr T\u00fcrgriffe, Griffe, Logos und Zierleisten verwendet. Es wird auch h\u00e4ufig als Ersatz f\u00fcr das giftige Blei verwendet.<\/p>","protected":false},"excerpt":{"rendered":"<p>Knop Brons Antiek rond Eikenbladeren 20mm\u00a0is een mooie, ronde meubelknop met een antiek bronskleurige messing afwerking gemaakt van zamak*. De knop is versierd met een ring van eikenbladeren. Deze knop past goed op je antieke of klassieke meubel. Deze kwalitatief uitstekende knop is gemaakt in Itali\u00eb. Afmetingen Knop Brons Antiek rond Eikenbladeren 20mm heeft een [&hellip;]<\/p>\n","protected":false},"featured_media":6841,"template":"","meta":{"_acf_changed":false},"product_brand":[],"product_cat":[37,23],"product_tag":[],"class_list":{"0":"post-528","1":"product","2":"type-product","3":"status-publish","4":"has-post-thumbnail","6":"product_cat-knoppen","7":"product_cat-meubelbeslag","9":"first","10":"instock","11":"taxable","12":"shipping-taxable","13":"purchasable","14":"product-type-simple"},"acf":[],"yoast_head":"<!-- This site is optimized with the Yoast SEO plugin v27.3 - https:\/\/yoast.com\/product\/yoast-seo-wordpress\/ -->\n<title>Knop Brons Antiek 20mm<\/title>\n<meta name=\"description\" content=\"Knop Brons Antiek rond Eikenbladeren 20mm is versierd met een ring van eikenbladeren. Deze knop past goed op je antieke of klassieke meubel.\" \/>\n<meta name=\"robots\" content=\"index, follow, max-snippet:-1, max-image-preview:large, max-video-preview:-1\" \/>\n<link rel=\"canonical\" href=\"https:\/\/partsandpieces.nl\/de\/produkt\/knauf-bronze-antik-rund-eichenlaub-20mm\/\" \/>\n<meta property=\"og:locale\" content=\"de_DE\" \/>\n<meta property=\"og:type\" content=\"article\" \/>\n<meta property=\"og:title\" content=\"Knop Brons Antiek 20mm\" \/>\n<meta property=\"og:description\" content=\"Knop Brons Antiek rond Eikenbladeren 20mm is versierd met een ring van eikenbladeren. Deze knop past goed op je antieke of klassieke meubel.\" \/>\n<meta property=\"og:url\" content=\"https:\/\/partsandpieces.nl\/de\/produkt\/knauf-bronze-antik-rund-eichenlaub-20mm\/\" \/>\n<meta property=\"og:site_name\" content=\"Parts &amp; Pieces\" \/>\n<meta property=\"article:modified_time\" content=\"2025-09-10T09:47:48+00:00\" \/>\n<meta property=\"og:image\" content=\"https:\/\/partsandpieces.nl\/wp-content\/uploads\/2020\/07\/Knop-Messing-Antiek-rond-Eikenbladeren-30mm.jpg\" \/>\n\t<meta property=\"og:image:width\" content=\"402\" \/>\n\t<meta property=\"og:image:height\" content=\"403\" \/>\n\t<meta property=\"og:image:type\" content=\"image\/jpeg\" \/>\n<meta name=\"twitter:card\" content=\"summary_large_image\" \/>\n<meta name=\"twitter:label1\" content=\"Gesch\u00e4tzte Lesezeit\" \/>\n\t<meta name=\"twitter:data1\" content=\"1\u00a0Minute\" \/>\n<script type=\"application\/ld+json\" class=\"yoast-schema-graph\">{\"@context\":\"https:\\\/\\\/schema.org\",\"@graph\":[{\"@type\":\"WebPage\",\"@id\":\"https:\\\/\\\/partsandpieces.nl\\\/product\\\/knop-brons-antiek-rond-eikenbladeren-20mm\\\/\",\"url\":\"https:\\\/\\\/partsandpieces.nl\\\/product\\\/knop-brons-antiek-rond-eikenbladeren-20mm\\\/\",\"name\":\"Knop Brons Antiek 20mm\",\"isPartOf\":{\"@id\":\"https:\\\/\\\/partsandpieces.nl\\\/#website\"},\"primaryImageOfPage\":{\"@id\":\"https:\\\/\\\/partsandpieces.nl\\\/product\\\/knop-brons-antiek-rond-eikenbladeren-20mm\\\/#primaryimage\"},\"image\":{\"@id\":\"https:\\\/\\\/partsandpieces.nl\\\/product\\\/knop-brons-antiek-rond-eikenbladeren-20mm\\\/#primaryimage\"},\"thumbnailUrl\":\"https:\\\/\\\/partsandpieces.nl\\\/wp-content\\\/uploads\\\/2020\\\/07\\\/Knop-Messing-Antiek-rond-Eikenbladeren-30mm.jpg\",\"datePublished\":\"2020-07-16T07:04:38+00:00\",\"dateModified\":\"2025-09-10T09:47:48+00:00\",\"description\":\"Knop Brons Antiek rond Eikenbladeren 20mm is versierd met een ring van eikenbladeren. Deze knop past goed op je antieke of klassieke meubel.\",\"breadcrumb\":{\"@id\":\"https:\\\/\\\/partsandpieces.nl\\\/product\\\/knop-brons-antiek-rond-eikenbladeren-20mm\\\/#breadcrumb\"},\"inLanguage\":\"de\",\"potentialAction\":[{\"@type\":\"ReadAction\",\"target\":[\"https:\\\/\\\/partsandpieces.nl\\\/product\\\/knop-brons-antiek-rond-eikenbladeren-20mm\\\/\"]}]},{\"@type\":\"ImageObject\",\"inLanguage\":\"de\",\"@id\":\"https:\\\/\\\/partsandpieces.nl\\\/product\\\/knop-brons-antiek-rond-eikenbladeren-20mm\\\/#primaryimage\",\"url\":\"https:\\\/\\\/partsandpieces.nl\\\/wp-content\\\/uploads\\\/2020\\\/07\\\/Knop-Messing-Antiek-rond-Eikenbladeren-30mm.jpg\",\"contentUrl\":\"https:\\\/\\\/partsandpieces.nl\\\/wp-content\\\/uploads\\\/2020\\\/07\\\/Knop-Messing-Antiek-rond-Eikenbladeren-30mm.jpg\",\"width\":402,\"height\":403,\"caption\":\"Knop Brons Antiek rond Eikenbladeren 30mm\"},{\"@type\":\"BreadcrumbList\",\"@id\":\"https:\\\/\\\/partsandpieces.nl\\\/product\\\/knop-brons-antiek-rond-eikenbladeren-20mm\\\/#breadcrumb\",\"itemListElement\":[{\"@type\":\"ListItem\",\"position\":1,\"name\":\"Home\",\"item\":\"https:\\\/\\\/partsandpieces.nl\\\/home\\\/\"},{\"@type\":\"ListItem\",\"position\":2,\"name\":\"Winkel\",\"item\":\"https:\\\/\\\/partsandpieces.nl\\\/winkel\\\/\"},{\"@type\":\"ListItem\",\"position\":3,\"name\":\"Knop Brons Antiek rond Eikenbladeren 20mm\"}]},{\"@type\":\"WebSite\",\"@id\":\"https:\\\/\\\/partsandpieces.nl\\\/#website\",\"url\":\"https:\\\/\\\/partsandpieces.nl\\\/\",\"name\":\"Parts &amp; Pieces\",\"description\":\"Alles voor uw meubelrestauratie en -onderhoud!\",\"potentialAction\":[{\"@type\":\"SearchAction\",\"target\":{\"@type\":\"EntryPoint\",\"urlTemplate\":\"https:\\\/\\\/partsandpieces.nl\\\/?s={search_term_string}\"},\"query-input\":{\"@type\":\"PropertyValueSpecification\",\"valueRequired\":true,\"valueName\":\"search_term_string\"}}],\"inLanguage\":\"de\"}]}<\/script>\n<!-- \/ Yoast SEO plugin. -->","yoast_head_json":{"title":"Knopf Bronze Antik 20mm","description":"Der bronzefarbene, antike, runde 20-mm-Knopf aus Eichenbl\u00e4ttern ist mit einem Ring aus Eichenbl\u00e4ttern verziert. Dieser Knauf passt gut zu Ihren antiken oder klassischen M\u00f6beln.","robots":{"index":"index","follow":"follow","max-snippet":"max-snippet:-1","max-image-preview":"max-image-preview:large","max-video-preview":"max-video-preview:-1"},"canonical":"https:\/\/partsandpieces.nl\/de\/produkt\/knauf-bronze-antik-rund-eichenlaub-20mm\/","og_locale":"de_DE","og_type":"article","og_title":"Knop Brons Antiek 20mm","og_description":"Knop Brons Antiek rond Eikenbladeren 20mm is versierd met een ring van eikenbladeren. Deze knop past goed op je antieke of klassieke meubel.","og_url":"https:\/\/partsandpieces.nl\/de\/produkt\/knauf-bronze-antik-rund-eichenlaub-20mm\/","og_site_name":"Parts &amp; Pieces","article_modified_time":"2025-09-10T09:47:48+00:00","og_image":[{"width":402,"height":403,"url":"https:\/\/partsandpieces.nl\/wp-content\/uploads\/2020\/07\/Knop-Messing-Antiek-rond-Eikenbladeren-30mm.jpg","type":"image\/jpeg"}],"twitter_card":"summary_large_image","twitter_misc":{"Gesch\u00e4tzte Lesezeit":"1\u00a0Minute"},"schema":{"@context":"https:\/\/schema.org","@graph":[{"@type":"WebPage","@id":"https:\/\/partsandpieces.nl\/product\/knop-brons-antiek-rond-eikenbladeren-20mm\/","url":"https:\/\/partsandpieces.nl\/product\/knop-brons-antiek-rond-eikenbladeren-20mm\/","name":"Knopf Bronze Antik 20mm","isPartOf":{"@id":"https:\/\/partsandpieces.nl\/#website"},"primaryImageOfPage":{"@id":"https:\/\/partsandpieces.nl\/product\/knop-brons-antiek-rond-eikenbladeren-20mm\/#primaryimage"},"image":{"@id":"https:\/\/partsandpieces.nl\/product\/knop-brons-antiek-rond-eikenbladeren-20mm\/#primaryimage"},"thumbnailUrl":"https:\/\/partsandpieces.nl\/wp-content\/uploads\/2020\/07\/Knop-Messing-Antiek-rond-Eikenbladeren-30mm.jpg","datePublished":"2020-07-16T07:04:38+00:00","dateModified":"2025-09-10T09:47:48+00:00","description":"Der bronzefarbene, antike, runde 20-mm-Knopf aus Eichenbl\u00e4ttern ist mit einem Ring aus Eichenbl\u00e4ttern verziert. Dieser Knauf passt gut zu Ihren antiken oder klassischen M\u00f6beln.","breadcrumb":{"@id":"https:\/\/partsandpieces.nl\/product\/knop-brons-antiek-rond-eikenbladeren-20mm\/#breadcrumb"},"inLanguage":"de","potentialAction":[{"@type":"ReadAction","target":["https:\/\/partsandpieces.nl\/product\/knop-brons-antiek-rond-eikenbladeren-20mm\/"]}]},{"@type":"ImageObject","inLanguage":"de","@id":"https:\/\/partsandpieces.nl\/product\/knop-brons-antiek-rond-eikenbladeren-20mm\/#primaryimage","url":"https:\/\/partsandpieces.nl\/wp-content\/uploads\/2020\/07\/Knop-Messing-Antiek-rond-Eikenbladeren-30mm.jpg","contentUrl":"https:\/\/partsandpieces.nl\/wp-content\/uploads\/2020\/07\/Knop-Messing-Antiek-rond-Eikenbladeren-30mm.jpg","width":402,"height":403,"caption":"Knop Brons Antiek rond Eikenbladeren 30mm"},{"@type":"BreadcrumbList","@id":"https:\/\/partsandpieces.nl\/product\/knop-brons-antiek-rond-eikenbladeren-20mm\/#breadcrumb","itemListElement":[{"@type":"ListItem","position":1,"name":"Home","item":"https:\/\/partsandpieces.nl\/home\/"},{"@type":"ListItem","position":2,"name":"Winkel","item":"https:\/\/partsandpieces.nl\/winkel\/"},{"@type":"ListItem","position":3,"name":"Knop Brons Antiek rond Eikenbladeren 20mm"}]},{"@type":"WebSite","@id":"https:\/\/partsandpieces.nl\/#website","url":"https:\/\/partsandpieces.nl\/","name":"Teile &amp; St\u00fccke","description":"Alles f\u00fcr Ihre M\u00f6belrestaurierung und -pflege!","potentialAction":[{"@type":"SearchAction","target":{"@type":"EntryPoint","urlTemplate":"https:\/\/partsandpieces.nl\/?s={search_term_string}"},"query-input":{"@type":"PropertyValueSpecification","valueRequired":true,"valueName":"search_term_string"}}],"inLanguage":"de"}]}},"_links":{"self":[{"href":"https:\/\/partsandpieces.nl\/de\/wp-json\/wp\/v2\/product\/528","targetHints":{"allow":["GET"]}}],"collection":[{"href":"https:\/\/partsandpieces.nl\/de\/wp-json\/wp\/v2\/product"}],"about":[{"href":"https:\/\/partsandpieces.nl\/de\/wp-json\/wp\/v2\/types\/product"}],"wp:featuredmedia":[{"embeddable":true,"href":"https:\/\/partsandpieces.nl\/de\/wp-json\/wp\/v2\/media\/6841"}],"wp:attachment":[{"href":"https:\/\/partsandpieces.nl\/de\/wp-json\/wp\/v2\/media?parent=528"}],"wp:term":[{"taxonomy":"product_brand","embeddable":true,"href":"https:\/\/partsandpieces.nl\/de\/wp-json\/wp\/v2\/product_brand?post=528"},{"taxonomy":"product_cat","embeddable":true,"href":"https:\/\/partsandpieces.nl\/de\/wp-json\/wp\/v2\/product_cat?post=528"},{"taxonomy":"product_tag","embeddable":true,"href":"https:\/\/partsandpieces.nl\/de\/wp-json\/wp\/v2\/product_tag?post=528"}],"curies":[{"name":"wp","href":"https:\/\/api.w.org\/{rel}","templated":true}]}}