{"id":530,"date":"2020-07-16T09:06:41","date_gmt":"2020-07-16T09:06:41","guid":{"rendered":"https:\/\/partsandpieces.bonsaidev.nl\/?product=knop-met-achterplaat-75x32-plaatje-knop-rond-28-mm"},"modified":"2026-03-09T13:24:24","modified_gmt":"2026-03-09T12:24:24","slug":"antiker-messingknopf-mit-ruckplatte-73x35mm","status":"publish","type":"product","link":"https:\/\/partsandpieces.nl\/de\/product\/knop-messing-antiek-met-achterplaat-73x35mm\/","title":{"rendered":"Antiker Messingknopf mit R\u00fcckplatte 73x35mm"},"content":{"rendered":"<p><strong>Antiker Messingknopf mit R\u00fcckplatte 73x35mm<\/strong> ist ein Knauf mit R\u00fcckplatte f\u00fcr Ihre Schubladen- oder M\u00f6belt\u00fcren. Sie k\u00f6nnen die R\u00fcckplatte sowohl horizontal als auch vertikal verwenden. Der Knopf und die R\u00fcckplatte haben ein antikes Messingfinish. Das Set besteht aus Eisen.<\/p>\n<p><strong>Ma\u00dfe<br \/>\n<\/strong>Der antike Messingknopf mit R\u00fcckplatte 73 x 35 mm hat eine Breite von 73 mm und eine H\u00f6he von 35 mm. Der Knopf hat einen Durchmesser von 26 mm und steht nach der Montage 26 mm hervor.<\/p>\n<p><strong>Bearbeiten<br \/>\n<\/strong>Sie k\u00f6nnen den Knauf mit R\u00fcckplatte mit montieren <span style=\"text-decoration: underline;\"><a href=\"https:\/\/partsandpieces.nl\/de\/produkt\/schrauben-mit-rundkopf-antikbronze-mit-schlitz-2-x-14-mm\/\">Schraube Rundkopf Antik Bronze mit Schlitz (2x14mm)<\/a><\/span>. Ich schicke diese Schrauben <strong>FREI<\/strong>\u00a0mit Ihrer Bestellung.<\/p>","protected":false},"excerpt":{"rendered":"<p>Knop Messing antiek met achterplaat 73x35mm is een knop met achterplaat voor je lade- of meubeldeurtjes. Het achterplaatje kun je zowel horizontaal als verticaal gebruiken. De knop en achterplaat hebben een antieke messing afwerking. De set is gemaakt van ijzer. Afmetingen Knop Messing antiek met achterplaat 73x35mm heeft een breedte van 73mm en een hoogte [&hellip;]<\/p>\n","protected":false},"featured_media":7972,"template":"","meta":{"_acf_changed":false},"product_brand":[],"product_cat":[37,23],"product_tag":[],"class_list":{"0":"post-530","1":"product","2":"type-product","3":"status-publish","4":"has-post-thumbnail","6":"product_cat-knoppen","7":"product_cat-meubelbeslag","9":"first","10":"instock","11":"taxable","12":"shipping-taxable","13":"purchasable","14":"product-type-simple"},"acf":[],"yoast_head":"<!-- This site is optimized with the Yoast SEO plugin v27.3 - https:\/\/yoast.com\/product\/yoast-seo-wordpress\/ -->\n<title>Knop Messing antiek met achterplaat 73x35mm<\/title>\n<meta name=\"description\" content=\"Knop Messing antiek met achterplaat 73x35mm is een knop voor je lade- of meubeldeurtjes. Kun je zowel horizontaal als verticaal gebruiken.\" \/>\n<meta name=\"robots\" content=\"index, follow, max-snippet:-1, max-image-preview:large, max-video-preview:-1\" \/>\n<link rel=\"canonical\" href=\"https:\/\/partsandpieces.nl\/de\/produkt\/antiker-messingknopf-mit-ruckplatte-73x35mm\/\" \/>\n<meta property=\"og:locale\" content=\"de_DE\" \/>\n<meta property=\"og:type\" content=\"article\" \/>\n<meta property=\"og:title\" content=\"Knop Messing antiek met achterplaat 73x35mm\" \/>\n<meta property=\"og:description\" content=\"Knop Messing antiek met achterplaat 73x35mm is een knop voor je lade- of meubeldeurtjes. Kun je zowel horizontaal als verticaal gebruiken.\" \/>\n<meta property=\"og:url\" content=\"https:\/\/partsandpieces.nl\/de\/produkt\/antiker-messingknopf-mit-ruckplatte-73x35mm\/\" \/>\n<meta property=\"og:site_name\" content=\"Parts &amp; Pieces\" \/>\n<meta property=\"article:modified_time\" content=\"2026-03-09T12:24:24+00:00\" \/>\n<meta property=\"og:image\" content=\"https:\/\/partsandpieces.nl\/wp-content\/uploads\/2020\/07\/Knop-Messing-antiek-met-achterplaat-73x35mm.jpg\" \/>\n\t<meta property=\"og:image:width\" content=\"410\" \/>\n\t<meta property=\"og:image:height\" content=\"410\" \/>\n\t<meta property=\"og:image:type\" content=\"image\/jpeg\" \/>\n<meta name=\"twitter:card\" content=\"summary_large_image\" \/>\n<meta name=\"twitter:label1\" content=\"Gesch\u00e4tzte Lesezeit\" \/>\n\t<meta name=\"twitter:data1\" content=\"1\u00a0Minute\" \/>\n<script type=\"application\/ld+json\" class=\"yoast-schema-graph\">{\"@context\":\"https:\\\/\\\/schema.org\",\"@graph\":[{\"@type\":\"WebPage\",\"@id\":\"https:\\\/\\\/partsandpieces.nl\\\/product\\\/knop-messing-antiek-met-achterplaat-73x35mm\\\/\",\"url\":\"https:\\\/\\\/partsandpieces.nl\\\/product\\\/knop-messing-antiek-met-achterplaat-73x35mm\\\/\",\"name\":\"Knop Messing antiek met achterplaat 73x35mm\",\"isPartOf\":{\"@id\":\"https:\\\/\\\/partsandpieces.nl\\\/#website\"},\"primaryImageOfPage\":{\"@id\":\"https:\\\/\\\/partsandpieces.nl\\\/product\\\/knop-messing-antiek-met-achterplaat-73x35mm\\\/#primaryimage\"},\"image\":{\"@id\":\"https:\\\/\\\/partsandpieces.nl\\\/product\\\/knop-messing-antiek-met-achterplaat-73x35mm\\\/#primaryimage\"},\"thumbnailUrl\":\"https:\\\/\\\/partsandpieces.nl\\\/wp-content\\\/uploads\\\/2020\\\/07\\\/Knop-Messing-antiek-met-achterplaat-73x35mm.jpg\",\"datePublished\":\"2020-07-16T09:06:41+00:00\",\"dateModified\":\"2026-03-09T12:24:24+00:00\",\"description\":\"Knop Messing antiek met achterplaat 73x35mm is een knop voor je lade- of meubeldeurtjes. Kun je zowel horizontaal als verticaal gebruiken.\",\"breadcrumb\":{\"@id\":\"https:\\\/\\\/partsandpieces.nl\\\/product\\\/knop-messing-antiek-met-achterplaat-73x35mm\\\/#breadcrumb\"},\"inLanguage\":\"de\",\"potentialAction\":[{\"@type\":\"ReadAction\",\"target\":[\"https:\\\/\\\/partsandpieces.nl\\\/product\\\/knop-messing-antiek-met-achterplaat-73x35mm\\\/\"]}]},{\"@type\":\"ImageObject\",\"inLanguage\":\"de\",\"@id\":\"https:\\\/\\\/partsandpieces.nl\\\/product\\\/knop-messing-antiek-met-achterplaat-73x35mm\\\/#primaryimage\",\"url\":\"https:\\\/\\\/partsandpieces.nl\\\/wp-content\\\/uploads\\\/2020\\\/07\\\/Knop-Messing-antiek-met-achterplaat-73x35mm.jpg\",\"contentUrl\":\"https:\\\/\\\/partsandpieces.nl\\\/wp-content\\\/uploads\\\/2020\\\/07\\\/Knop-Messing-antiek-met-achterplaat-73x35mm.jpg\",\"width\":410,\"height\":410,\"caption\":\"Knop Messing antiek met achterplaat 73x35mm\"},{\"@type\":\"BreadcrumbList\",\"@id\":\"https:\\\/\\\/partsandpieces.nl\\\/product\\\/knop-messing-antiek-met-achterplaat-73x35mm\\\/#breadcrumb\",\"itemListElement\":[{\"@type\":\"ListItem\",\"position\":1,\"name\":\"Home\",\"item\":\"https:\\\/\\\/partsandpieces.nl\\\/home\\\/\"},{\"@type\":\"ListItem\",\"position\":2,\"name\":\"Winkel\",\"item\":\"https:\\\/\\\/partsandpieces.nl\\\/winkel\\\/\"},{\"@type\":\"ListItem\",\"position\":3,\"name\":\"Knop Messing antiek met achterplaat 73x35mm\"}]},{\"@type\":\"WebSite\",\"@id\":\"https:\\\/\\\/partsandpieces.nl\\\/#website\",\"url\":\"https:\\\/\\\/partsandpieces.nl\\\/\",\"name\":\"Parts &amp; Pieces\",\"description\":\"Alles voor uw meubelrestauratie en -onderhoud!\",\"potentialAction\":[{\"@type\":\"SearchAction\",\"target\":{\"@type\":\"EntryPoint\",\"urlTemplate\":\"https:\\\/\\\/partsandpieces.nl\\\/?s={search_term_string}\"},\"query-input\":{\"@type\":\"PropertyValueSpecification\",\"valueRequired\":true,\"valueName\":\"search_term_string\"}}],\"inLanguage\":\"de\"}]}<\/script>\n<!-- \/ Yoast SEO plugin. -->","yoast_head_json":{"title":"Antiker Messingknopf mit R\u00fcckplatte 73x35mm","description":"Knauf Messing antik mit R\u00fcckplatte 73x35mm ist ein Knauf f\u00fcr Ihre Schubladen- oder M\u00f6belt\u00fcren. Kann sowohl horizontal als auch vertikal verwendet werden.","robots":{"index":"index","follow":"follow","max-snippet":"max-snippet:-1","max-image-preview":"max-image-preview:large","max-video-preview":"max-video-preview:-1"},"canonical":"https:\/\/partsandpieces.nl\/de\/produkt\/antiker-messingknopf-mit-ruckplatte-73x35mm\/","og_locale":"de_DE","og_type":"article","og_title":"Knop Messing antiek met achterplaat 73x35mm","og_description":"Knop Messing antiek met achterplaat 73x35mm is een knop voor je lade- of meubeldeurtjes. Kun je zowel horizontaal als verticaal gebruiken.","og_url":"https:\/\/partsandpieces.nl\/de\/produkt\/antiker-messingknopf-mit-ruckplatte-73x35mm\/","og_site_name":"Parts &amp; Pieces","article_modified_time":"2026-03-09T12:24:24+00:00","og_image":[{"width":410,"height":410,"url":"https:\/\/partsandpieces.nl\/wp-content\/uploads\/2020\/07\/Knop-Messing-antiek-met-achterplaat-73x35mm.jpg","type":"image\/jpeg"}],"twitter_card":"summary_large_image","twitter_misc":{"Gesch\u00e4tzte Lesezeit":"1\u00a0Minute"},"schema":{"@context":"https:\/\/schema.org","@graph":[{"@type":"WebPage","@id":"https:\/\/partsandpieces.nl\/product\/knop-messing-antiek-met-achterplaat-73x35mm\/","url":"https:\/\/partsandpieces.nl\/product\/knop-messing-antiek-met-achterplaat-73x35mm\/","name":"Antiker Messingknopf mit R\u00fcckplatte 73x35mm","isPartOf":{"@id":"https:\/\/partsandpieces.nl\/#website"},"primaryImageOfPage":{"@id":"https:\/\/partsandpieces.nl\/product\/knop-messing-antiek-met-achterplaat-73x35mm\/#primaryimage"},"image":{"@id":"https:\/\/partsandpieces.nl\/product\/knop-messing-antiek-met-achterplaat-73x35mm\/#primaryimage"},"thumbnailUrl":"https:\/\/partsandpieces.nl\/wp-content\/uploads\/2020\/07\/Knop-Messing-antiek-met-achterplaat-73x35mm.jpg","datePublished":"2020-07-16T09:06:41+00:00","dateModified":"2026-03-09T12:24:24+00:00","description":"Knauf Messing antik mit R\u00fcckplatte 73x35mm ist ein Knauf f\u00fcr Ihre Schubladen- oder M\u00f6belt\u00fcren. Kann sowohl horizontal als auch vertikal verwendet werden.","breadcrumb":{"@id":"https:\/\/partsandpieces.nl\/product\/knop-messing-antiek-met-achterplaat-73x35mm\/#breadcrumb"},"inLanguage":"de","potentialAction":[{"@type":"ReadAction","target":["https:\/\/partsandpieces.nl\/product\/knop-messing-antiek-met-achterplaat-73x35mm\/"]}]},{"@type":"ImageObject","inLanguage":"de","@id":"https:\/\/partsandpieces.nl\/product\/knop-messing-antiek-met-achterplaat-73x35mm\/#primaryimage","url":"https:\/\/partsandpieces.nl\/wp-content\/uploads\/2020\/07\/Knop-Messing-antiek-met-achterplaat-73x35mm.jpg","contentUrl":"https:\/\/partsandpieces.nl\/wp-content\/uploads\/2020\/07\/Knop-Messing-antiek-met-achterplaat-73x35mm.jpg","width":410,"height":410,"caption":"Knop Messing antiek met achterplaat 73x35mm"},{"@type":"BreadcrumbList","@id":"https:\/\/partsandpieces.nl\/product\/knop-messing-antiek-met-achterplaat-73x35mm\/#breadcrumb","itemListElement":[{"@type":"ListItem","position":1,"name":"Home","item":"https:\/\/partsandpieces.nl\/home\/"},{"@type":"ListItem","position":2,"name":"Winkel","item":"https:\/\/partsandpieces.nl\/winkel\/"},{"@type":"ListItem","position":3,"name":"Knop Messing antiek met achterplaat 73x35mm"}]},{"@type":"WebSite","@id":"https:\/\/partsandpieces.nl\/#website","url":"https:\/\/partsandpieces.nl\/","name":"Teile &amp; St\u00fccke","description":"Alles f\u00fcr Ihre M\u00f6belrestaurierung und -pflege!","potentialAction":[{"@type":"SearchAction","target":{"@type":"EntryPoint","urlTemplate":"https:\/\/partsandpieces.nl\/?s={search_term_string}"},"query-input":{"@type":"PropertyValueSpecification","valueRequired":true,"valueName":"search_term_string"}}],"inLanguage":"de"}]}},"_links":{"self":[{"href":"https:\/\/partsandpieces.nl\/de\/wp-json\/wp\/v2\/product\/530","targetHints":{"allow":["GET"]}}],"collection":[{"href":"https:\/\/partsandpieces.nl\/de\/wp-json\/wp\/v2\/product"}],"about":[{"href":"https:\/\/partsandpieces.nl\/de\/wp-json\/wp\/v2\/types\/product"}],"wp:featuredmedia":[{"embeddable":true,"href":"https:\/\/partsandpieces.nl\/de\/wp-json\/wp\/v2\/media\/7972"}],"wp:attachment":[{"href":"https:\/\/partsandpieces.nl\/de\/wp-json\/wp\/v2\/media?parent=530"}],"wp:term":[{"taxonomy":"product_brand","embeddable":true,"href":"https:\/\/partsandpieces.nl\/de\/wp-json\/wp\/v2\/product_brand?post=530"},{"taxonomy":"product_cat","embeddable":true,"href":"https:\/\/partsandpieces.nl\/de\/wp-json\/wp\/v2\/product_cat?post=530"},{"taxonomy":"product_tag","embeddable":true,"href":"https:\/\/partsandpieces.nl\/de\/wp-json\/wp\/v2\/product_tag?post=530"}],"curies":[{"name":"wp","href":"https:\/\/api.w.org\/{rel}","templated":true}]}}