{"id":532,"date":"2020-07-16T09:09:12","date_gmt":"2020-07-16T09:09:12","guid":{"rendered":"https:\/\/partsandpieces.bonsaidev.nl\/?product=knop-messing-bew-30x26"},"modified":"2025-07-02T23:09:48","modified_gmt":"2025-07-02T21:09:48","slug":"runder-farnknopf-aus-messing-30-mm","status":"publish","type":"product","link":"https:\/\/partsandpieces.nl\/de\/product\/knop-messing-rond-varen-30mm\/","title":{"rendered":"Knopf Messing rund &#039;Veren&#039; 30mm"},"content":{"rendered":"<p><strong>Knopf Messing rund &#039;Veren&#039; 30mm<\/strong>\u00a0ist ein sch\u00f6ner Retro-M\u00f6belknopf mit Messing-, Bronze-Finish. Auf der Schaltfl\u00e4che sehen Sie ein Arrangement in Form von knospenden Farnen. Das Erscheinungsbild der Schaltfl\u00e4che ist matt. Dieser Knopf passt gut auf Ihr antikes oder klassisches M\u00f6belst\u00fcck.<\/p>\n<p>Diesen Button habe ich in den Formaten auf Lager\u00a0<a href=\"https:\/\/partsandpieces.nl\/de\/produkt\/runder-farnknopf-aus-messing-25-mm\/\"><span style=\"text-decoration: underline;\">25mm<\/span><\/a>\u00a0und 30mm.<\/p>\n<p>Dieser hochwertige Knopf wird in Italien hergestellt.<\/p>\n<p><strong>Ma\u00dfe<br \/>\n<\/strong>Der Knopf Messing rund &#039;Veren&#039; 30mm hat einen Durchmesser von 30mm. Nach der Montage ragt dieser Knopf 24mm heraus. Die Basis des Knopfes hat einen Durchmesser von 16 mm.<\/p>\n<p><strong>Bearbeiten<br \/>\n<\/strong>Sie k\u00f6nnen den Taster mit blind montieren\u00a0<span style=\"text-decoration: underline;\"><a href=\"https:\/\/partsandpieces.nl\/de\/produkt\/schraube-edelstahl-fur-blindmontageknopf-20x4mm-20-stuck\/\">Edelstahlschraube f\u00fcr Blindbefestigungsknopf (20x4mm)<\/a><\/span>. Ich schicke diese Schraube\u00a0<strong>FREI<\/strong>\u00a0mit Ihrer Bestellung.<\/p>","protected":false},"excerpt":{"rendered":"<p>Knop Messing rond \u2018Varen\u2019 30mm\u00a0is een mooie, retro meubelknop met een messing, bronskleurige afwerking. Op de knop is een bewerking in de vorm van ontluikende varens te zien. De uitstraling van de knop is mat. Deze knop past goed op je antieke of klassieke meubelstuk. Ik heb deze knop op voorraad in de formaten\u00a025mm\u00a0en\u00a030mm. Deze [&hellip;]<\/p>\n","protected":false},"featured_media":5134,"template":"","meta":{"_acf_changed":false},"product_brand":[],"product_cat":[37,23],"product_tag":[],"class_list":{"0":"post-532","1":"product","2":"type-product","3":"status-publish","4":"has-post-thumbnail","6":"product_cat-knoppen","7":"product_cat-meubelbeslag","9":"first","10":"instock","11":"taxable","12":"shipping-taxable","13":"purchasable","14":"product-type-simple"},"acf":[],"yoast_head":"<!-- This site is optimized with the Yoast SEO plugin v27.3 - https:\/\/yoast.com\/product\/yoast-seo-wordpress\/ -->\n<title>Knop Messing 30mm \u2018Varen\u2019<\/title>\n<meta name=\"description\" content=\"Knop Messing rond \u2018Varen\u2019 30mm\u00a0is een mooie, retro meubelknop met een messing, bronskleurige afwerking. Op de knop staat een ontluikende varen.\" \/>\n<meta name=\"robots\" content=\"index, follow, max-snippet:-1, max-image-preview:large, max-video-preview:-1\" \/>\n<link rel=\"canonical\" href=\"https:\/\/partsandpieces.nl\/de\/produkt\/runder-farnknopf-aus-messing-30-mm\/\" \/>\n<meta property=\"og:locale\" content=\"de_DE\" \/>\n<meta property=\"og:type\" content=\"article\" \/>\n<meta property=\"og:title\" content=\"Knop Messing 30mm \u2018Varen\u2019\" \/>\n<meta property=\"og:description\" content=\"Knop Messing rond \u2018Varen\u2019 30mm\u00a0is een mooie, retro meubelknop met een messing, bronskleurige afwerking. Op de knop staat een ontluikende varen.\" \/>\n<meta property=\"og:url\" content=\"https:\/\/partsandpieces.nl\/de\/produkt\/runder-farnknopf-aus-messing-30-mm\/\" \/>\n<meta property=\"og:site_name\" content=\"Parts &amp; Pieces\" \/>\n<meta property=\"article:modified_time\" content=\"2025-07-02T21:09:48+00:00\" \/>\n<meta property=\"og:image\" content=\"https:\/\/partsandpieces.nl\/wp-content\/uploads\/2020\/07\/Knop-Messing-rond-\u2018Varen-30mm.jpg\" \/>\n\t<meta property=\"og:image:width\" content=\"480\" \/>\n\t<meta property=\"og:image:height\" content=\"480\" \/>\n\t<meta property=\"og:image:type\" content=\"image\/jpeg\" \/>\n<meta name=\"twitter:card\" content=\"summary_large_image\" \/>\n<meta name=\"twitter:label1\" content=\"Gesch\u00e4tzte Lesezeit\" \/>\n\t<meta name=\"twitter:data1\" content=\"1\u00a0Minute\" \/>\n<script type=\"application\/ld+json\" class=\"yoast-schema-graph\">{\"@context\":\"https:\\\/\\\/schema.org\",\"@graph\":[{\"@type\":\"WebPage\",\"@id\":\"https:\\\/\\\/partsandpieces.nl\\\/product\\\/knop-messing-rond-varen-30mm\\\/\",\"url\":\"https:\\\/\\\/partsandpieces.nl\\\/product\\\/knop-messing-rond-varen-30mm\\\/\",\"name\":\"Knop Messing 30mm \u2018Varen\u2019\",\"isPartOf\":{\"@id\":\"https:\\\/\\\/partsandpieces.nl\\\/#website\"},\"primaryImageOfPage\":{\"@id\":\"https:\\\/\\\/partsandpieces.nl\\\/product\\\/knop-messing-rond-varen-30mm\\\/#primaryimage\"},\"image\":{\"@id\":\"https:\\\/\\\/partsandpieces.nl\\\/product\\\/knop-messing-rond-varen-30mm\\\/#primaryimage\"},\"thumbnailUrl\":\"https:\\\/\\\/partsandpieces.nl\\\/wp-content\\\/uploads\\\/2020\\\/07\\\/Knop-Messing-rond-\u2018Varen-30mm.jpg\",\"datePublished\":\"2020-07-16T09:09:12+00:00\",\"dateModified\":\"2025-07-02T21:09:48+00:00\",\"description\":\"Knop Messing rond \u2018Varen\u2019 30mm\u00a0is een mooie, retro meubelknop met een messing, bronskleurige afwerking. Op de knop staat een ontluikende varen.\",\"breadcrumb\":{\"@id\":\"https:\\\/\\\/partsandpieces.nl\\\/product\\\/knop-messing-rond-varen-30mm\\\/#breadcrumb\"},\"inLanguage\":\"de\",\"potentialAction\":[{\"@type\":\"ReadAction\",\"target\":[\"https:\\\/\\\/partsandpieces.nl\\\/product\\\/knop-messing-rond-varen-30mm\\\/\"]}]},{\"@type\":\"ImageObject\",\"inLanguage\":\"de\",\"@id\":\"https:\\\/\\\/partsandpieces.nl\\\/product\\\/knop-messing-rond-varen-30mm\\\/#primaryimage\",\"url\":\"https:\\\/\\\/partsandpieces.nl\\\/wp-content\\\/uploads\\\/2020\\\/07\\\/Knop-Messing-rond-\u2018Varen-30mm.jpg\",\"contentUrl\":\"https:\\\/\\\/partsandpieces.nl\\\/wp-content\\\/uploads\\\/2020\\\/07\\\/Knop-Messing-rond-\u2018Varen-30mm.jpg\",\"width\":480,\"height\":480,\"caption\":\"Knop Messing rond \u2018Varen\u2019 30mm\"},{\"@type\":\"BreadcrumbList\",\"@id\":\"https:\\\/\\\/partsandpieces.nl\\\/product\\\/knop-messing-rond-varen-30mm\\\/#breadcrumb\",\"itemListElement\":[{\"@type\":\"ListItem\",\"position\":1,\"name\":\"Home\",\"item\":\"https:\\\/\\\/partsandpieces.nl\\\/home\\\/\"},{\"@type\":\"ListItem\",\"position\":2,\"name\":\"Winkel\",\"item\":\"https:\\\/\\\/partsandpieces.nl\\\/winkel\\\/\"},{\"@type\":\"ListItem\",\"position\":3,\"name\":\"Knop Messing rond \u2018Varen\u2019 30mm\"}]},{\"@type\":\"WebSite\",\"@id\":\"https:\\\/\\\/partsandpieces.nl\\\/#website\",\"url\":\"https:\\\/\\\/partsandpieces.nl\\\/\",\"name\":\"Parts &amp; Pieces\",\"description\":\"Alles voor uw meubelrestauratie en -onderhoud!\",\"potentialAction\":[{\"@type\":\"SearchAction\",\"target\":{\"@type\":\"EntryPoint\",\"urlTemplate\":\"https:\\\/\\\/partsandpieces.nl\\\/?s={search_term_string}\"},\"query-input\":{\"@type\":\"PropertyValueSpecification\",\"valueRequired\":true,\"valueName\":\"search_term_string\"}}],\"inLanguage\":\"de\"}]}<\/script>\n<!-- \/ Yoast SEO plugin. -->","yoast_head_json":{"title":"Knopf Messing 30mm &#039;Veren&#039;","description":"Knauf Messing rund &#039;Veren&#039; 30mm ist ein sch\u00f6ner Retro-M\u00f6belknauf mit messingfarbener, bronzefarbener Oberfl\u00e4che. Auf der Knospe ist ein angehender Farn.","robots":{"index":"index","follow":"follow","max-snippet":"max-snippet:-1","max-image-preview":"max-image-preview:large","max-video-preview":"max-video-preview:-1"},"canonical":"https:\/\/partsandpieces.nl\/de\/produkt\/runder-farnknopf-aus-messing-30-mm\/","og_locale":"de_DE","og_type":"article","og_title":"Knop Messing 30mm \u2018Varen\u2019","og_description":"Knop Messing rond \u2018Varen\u2019 30mm\u00a0is een mooie, retro meubelknop met een messing, bronskleurige afwerking. Op de knop staat een ontluikende varen.","og_url":"https:\/\/partsandpieces.nl\/de\/produkt\/runder-farnknopf-aus-messing-30-mm\/","og_site_name":"Parts &amp; Pieces","article_modified_time":"2025-07-02T21:09:48+00:00","og_image":[{"width":480,"height":480,"url":"https:\/\/partsandpieces.nl\/wp-content\/uploads\/2020\/07\/Knop-Messing-rond-\u2018Varen-30mm.jpg","type":"image\/jpeg"}],"twitter_card":"summary_large_image","twitter_misc":{"Gesch\u00e4tzte Lesezeit":"1\u00a0Minute"},"schema":{"@context":"https:\/\/schema.org","@graph":[{"@type":"WebPage","@id":"https:\/\/partsandpieces.nl\/product\/knop-messing-rond-varen-30mm\/","url":"https:\/\/partsandpieces.nl\/product\/knop-messing-rond-varen-30mm\/","name":"Knopf Messing 30mm &#039;Veren&#039;","isPartOf":{"@id":"https:\/\/partsandpieces.nl\/#website"},"primaryImageOfPage":{"@id":"https:\/\/partsandpieces.nl\/product\/knop-messing-rond-varen-30mm\/#primaryimage"},"image":{"@id":"https:\/\/partsandpieces.nl\/product\/knop-messing-rond-varen-30mm\/#primaryimage"},"thumbnailUrl":"https:\/\/partsandpieces.nl\/wp-content\/uploads\/2020\/07\/Knop-Messing-rond-\u2018Varen-30mm.jpg","datePublished":"2020-07-16T09:09:12+00:00","dateModified":"2025-07-02T21:09:48+00:00","description":"Knauf Messing rund &#039;Veren&#039; 30mm ist ein sch\u00f6ner Retro-M\u00f6belknauf mit messingfarbener, bronzefarbener Oberfl\u00e4che. Auf der Knospe ist ein angehender Farn.","breadcrumb":{"@id":"https:\/\/partsandpieces.nl\/product\/knop-messing-rond-varen-30mm\/#breadcrumb"},"inLanguage":"de","potentialAction":[{"@type":"ReadAction","target":["https:\/\/partsandpieces.nl\/product\/knop-messing-rond-varen-30mm\/"]}]},{"@type":"ImageObject","inLanguage":"de","@id":"https:\/\/partsandpieces.nl\/product\/knop-messing-rond-varen-30mm\/#primaryimage","url":"https:\/\/partsandpieces.nl\/wp-content\/uploads\/2020\/07\/Knop-Messing-rond-\u2018Varen-30mm.jpg","contentUrl":"https:\/\/partsandpieces.nl\/wp-content\/uploads\/2020\/07\/Knop-Messing-rond-\u2018Varen-30mm.jpg","width":480,"height":480,"caption":"Knop Messing rond \u2018Varen\u2019 30mm"},{"@type":"BreadcrumbList","@id":"https:\/\/partsandpieces.nl\/product\/knop-messing-rond-varen-30mm\/#breadcrumb","itemListElement":[{"@type":"ListItem","position":1,"name":"Home","item":"https:\/\/partsandpieces.nl\/home\/"},{"@type":"ListItem","position":2,"name":"Winkel","item":"https:\/\/partsandpieces.nl\/winkel\/"},{"@type":"ListItem","position":3,"name":"Knop Messing rond \u2018Varen\u2019 30mm"}]},{"@type":"WebSite","@id":"https:\/\/partsandpieces.nl\/#website","url":"https:\/\/partsandpieces.nl\/","name":"Teile &amp; St\u00fccke","description":"Alles f\u00fcr Ihre M\u00f6belrestaurierung und -pflege!","potentialAction":[{"@type":"SearchAction","target":{"@type":"EntryPoint","urlTemplate":"https:\/\/partsandpieces.nl\/?s={search_term_string}"},"query-input":{"@type":"PropertyValueSpecification","valueRequired":true,"valueName":"search_term_string"}}],"inLanguage":"de"}]}},"_links":{"self":[{"href":"https:\/\/partsandpieces.nl\/de\/wp-json\/wp\/v2\/product\/532","targetHints":{"allow":["GET"]}}],"collection":[{"href":"https:\/\/partsandpieces.nl\/de\/wp-json\/wp\/v2\/product"}],"about":[{"href":"https:\/\/partsandpieces.nl\/de\/wp-json\/wp\/v2\/types\/product"}],"wp:featuredmedia":[{"embeddable":true,"href":"https:\/\/partsandpieces.nl\/de\/wp-json\/wp\/v2\/media\/5134"}],"wp:attachment":[{"href":"https:\/\/partsandpieces.nl\/de\/wp-json\/wp\/v2\/media?parent=532"}],"wp:term":[{"taxonomy":"product_brand","embeddable":true,"href":"https:\/\/partsandpieces.nl\/de\/wp-json\/wp\/v2\/product_brand?post=532"},{"taxonomy":"product_cat","embeddable":true,"href":"https:\/\/partsandpieces.nl\/de\/wp-json\/wp\/v2\/product_cat?post=532"},{"taxonomy":"product_tag","embeddable":true,"href":"https:\/\/partsandpieces.nl\/de\/wp-json\/wp\/v2\/product_tag?post=532"}],"curies":[{"name":"wp","href":"https:\/\/api.w.org\/{rel}","templated":true}]}}