{"id":538,"date":"2020-07-16T09:16:03","date_gmt":"2020-07-16T09:16:03","guid":{"rendered":"https:\/\/partsandpieces.bonsaidev.nl\/?product=knop-messing-bew-25-mm-1664443171"},"modified":"2026-02-20T09:34:22","modified_gmt":"2026-02-20T08:34:22","slug":"runder-farnknopf-aus-messing-25-mm","status":"publish","type":"product","link":"https:\/\/partsandpieces.nl\/de\/product\/knop-messing-rond-varen-25mm\/","title":{"rendered":"Knopf Messing rund &#039;Veren&#039; 25mm"},"content":{"rendered":"<p><strong>Knopf Messing rund &#039;Veren&#039; 25mm<\/strong> ist ein sch\u00f6ner Retro-M\u00f6belknopf mit Messing-, Bronze-Finish. Auf der Schaltfl\u00e4che sehen Sie ein Arrangement in Form von knospenden Farnen. Das Erscheinungsbild der Schaltfl\u00e4che ist matt. Dieser Knopf passt gut auf Ihr antikes oder klassisches M\u00f6belst\u00fcck.<\/p>\n<p>Ich habe diesen Knopf auf Lager in den Gr\u00f6\u00dfen 25mm und <a href=\"https:\/\/partsandpieces.nl\/de\/produkt\/runder-farnknopf-aus-messing-30-mm\/\"><span style=\"text-decoration: underline;\">30mm<\/span><\/a>.<\/p>\n<p>Dieser hochwertige Knopf wird in Italien hergestellt.<\/p>\n<p><strong>Ma\u00dfe<br \/>\n<\/strong>Der Knopf Messing rund &#039;Veren&#039; 25mm hat einen Durchmesser von 25mm. Nach der Montage ragt dieser Knopf 22mm heraus. Die Basis des Knopfes hat einen Durchmesser von 14 mm.<\/p>\n<p><strong>Bearbeiten<br \/>\n<\/strong>Sie k\u00f6nnen den Taster mit blind montieren <span style=\"text-decoration: underline;\"><a href=\"https:\/\/partsandpieces.nl\/de\/produkt\/schraube-edelstahl-fur-blindmontageknopf-20x4mm-20-stuck\/\">Edelstahlschraube f\u00fcr Blindbefestigungsknopf (20x4mm)<\/a><\/span>. Ich schicke diese Schraube <strong>FREI<\/strong> mit Ihrer Bestellung.<\/p>","protected":false},"excerpt":{"rendered":"<p>Knop Messing rond &#8216;Varen&#8217; 25mm is een mooie, retro meubelknop met een messing, bronskleurige afwerking. Op de knop is een bewerking in de vorm van ontluikende varens te zien. De uitstraling van de knop is mat. Deze knop past goed op je antieke of klassieke meubelstuk. Ik heb deze knop op voorraad in de formaten [&hellip;]<\/p>\n","protected":false},"featured_media":5131,"template":"","meta":{"_acf_changed":false},"product_brand":[],"product_cat":[37,23],"product_tag":[],"class_list":{"0":"post-538","1":"product","2":"type-product","3":"status-publish","4":"has-post-thumbnail","6":"product_cat-knoppen","7":"product_cat-meubelbeslag","9":"first","10":"instock","11":"taxable","12":"shipping-taxable","13":"purchasable","14":"product-type-simple"},"acf":[],"yoast_head":"<!-- This site is optimized with the Yoast SEO plugin v27.3 - https:\/\/yoast.com\/product\/yoast-seo-wordpress\/ -->\n<title>Knop Messing rond Varen 25mm<\/title>\n<meta name=\"description\" content=\"Knop Messing rond &#039;Varen&#039; 25mm is een mooie, retro meubelknop met een messing, bronskleurige afwerking. Op de knop zie je ontluikende varens.\" \/>\n<meta name=\"robots\" content=\"index, follow, max-snippet:-1, max-image-preview:large, max-video-preview:-1\" \/>\n<link rel=\"canonical\" href=\"https:\/\/partsandpieces.nl\/de\/produkt\/runder-farnknopf-aus-messing-25-mm\/\" \/>\n<meta property=\"og:locale\" content=\"de_DE\" \/>\n<meta property=\"og:type\" content=\"article\" \/>\n<meta property=\"og:title\" content=\"Knop Messing rond Varen 25mm\" \/>\n<meta property=\"og:description\" content=\"Knop Messing rond &#039;Varen&#039; 25mm is een mooie, retro meubelknop met een messing, bronskleurige afwerking. Op de knop zie je ontluikende varens.\" \/>\n<meta property=\"og:url\" content=\"https:\/\/partsandpieces.nl\/de\/produkt\/runder-farnknopf-aus-messing-25-mm\/\" \/>\n<meta property=\"og:site_name\" content=\"Parts &amp; Pieces\" \/>\n<meta property=\"article:modified_time\" content=\"2026-02-20T08:34:22+00:00\" \/>\n<meta property=\"og:image\" content=\"https:\/\/partsandpieces.nl\/wp-content\/uploads\/2020\/07\/Knop-Messing-rond-Varen-25mm.jpg\" \/>\n\t<meta property=\"og:image:width\" content=\"480\" \/>\n\t<meta property=\"og:image:height\" content=\"480\" \/>\n\t<meta property=\"og:image:type\" content=\"image\/jpeg\" \/>\n<meta name=\"twitter:card\" content=\"summary_large_image\" \/>\n<meta name=\"twitter:label1\" content=\"Gesch\u00e4tzte Lesezeit\" \/>\n\t<meta name=\"twitter:data1\" content=\"1\u00a0Minute\" \/>\n<script type=\"application\/ld+json\" class=\"yoast-schema-graph\">{\"@context\":\"https:\\\/\\\/schema.org\",\"@graph\":[{\"@type\":\"WebPage\",\"@id\":\"https:\\\/\\\/partsandpieces.nl\\\/product\\\/knop-messing-rond-varen-25mm\\\/\",\"url\":\"https:\\\/\\\/partsandpieces.nl\\\/product\\\/knop-messing-rond-varen-25mm\\\/\",\"name\":\"Knop Messing rond Varen 25mm\",\"isPartOf\":{\"@id\":\"https:\\\/\\\/partsandpieces.nl\\\/#website\"},\"primaryImageOfPage\":{\"@id\":\"https:\\\/\\\/partsandpieces.nl\\\/product\\\/knop-messing-rond-varen-25mm\\\/#primaryimage\"},\"image\":{\"@id\":\"https:\\\/\\\/partsandpieces.nl\\\/product\\\/knop-messing-rond-varen-25mm\\\/#primaryimage\"},\"thumbnailUrl\":\"https:\\\/\\\/partsandpieces.nl\\\/wp-content\\\/uploads\\\/2020\\\/07\\\/Knop-Messing-rond-Varen-25mm.jpg\",\"datePublished\":\"2020-07-16T09:16:03+00:00\",\"dateModified\":\"2026-02-20T08:34:22+00:00\",\"description\":\"Knop Messing rond 'Varen' 25mm is een mooie, retro meubelknop met een messing, bronskleurige afwerking. Op de knop zie je ontluikende varens.\",\"breadcrumb\":{\"@id\":\"https:\\\/\\\/partsandpieces.nl\\\/product\\\/knop-messing-rond-varen-25mm\\\/#breadcrumb\"},\"inLanguage\":\"de\",\"potentialAction\":[{\"@type\":\"ReadAction\",\"target\":[\"https:\\\/\\\/partsandpieces.nl\\\/product\\\/knop-messing-rond-varen-25mm\\\/\"]}]},{\"@type\":\"ImageObject\",\"inLanguage\":\"de\",\"@id\":\"https:\\\/\\\/partsandpieces.nl\\\/product\\\/knop-messing-rond-varen-25mm\\\/#primaryimage\",\"url\":\"https:\\\/\\\/partsandpieces.nl\\\/wp-content\\\/uploads\\\/2020\\\/07\\\/Knop-Messing-rond-Varen-25mm.jpg\",\"contentUrl\":\"https:\\\/\\\/partsandpieces.nl\\\/wp-content\\\/uploads\\\/2020\\\/07\\\/Knop-Messing-rond-Varen-25mm.jpg\",\"width\":480,\"height\":480,\"caption\":\"Knop Messing rond 'Varen' 25mm\"},{\"@type\":\"BreadcrumbList\",\"@id\":\"https:\\\/\\\/partsandpieces.nl\\\/product\\\/knop-messing-rond-varen-25mm\\\/#breadcrumb\",\"itemListElement\":[{\"@type\":\"ListItem\",\"position\":1,\"name\":\"Home\",\"item\":\"https:\\\/\\\/partsandpieces.nl\\\/home\\\/\"},{\"@type\":\"ListItem\",\"position\":2,\"name\":\"Winkel\",\"item\":\"https:\\\/\\\/partsandpieces.nl\\\/winkel\\\/\"},{\"@type\":\"ListItem\",\"position\":3,\"name\":\"Knop Messing rond &#8216;Varen&#8217; 25mm\"}]},{\"@type\":\"WebSite\",\"@id\":\"https:\\\/\\\/partsandpieces.nl\\\/#website\",\"url\":\"https:\\\/\\\/partsandpieces.nl\\\/\",\"name\":\"Parts &amp; Pieces\",\"description\":\"Alles voor uw meubelrestauratie en -onderhoud!\",\"potentialAction\":[{\"@type\":\"SearchAction\",\"target\":{\"@type\":\"EntryPoint\",\"urlTemplate\":\"https:\\\/\\\/partsandpieces.nl\\\/?s={search_term_string}\"},\"query-input\":{\"@type\":\"PropertyValueSpecification\",\"valueRequired\":true,\"valueName\":\"search_term_string\"}}],\"inLanguage\":\"de\"}]}<\/script>\n<!-- \/ Yoast SEO plugin. -->","yoast_head_json":{"title":"Knopf Messing rund Farn 25mm","description":"Knauf Messing rund &#039;Veren&#039; 25mm ist ein sch\u00f6ner Retro-M\u00f6belknauf mit messingfarbener, bronzefarbener Oberfl\u00e4che. Auf dem Knopf sieht man knospende Farne.","robots":{"index":"index","follow":"follow","max-snippet":"max-snippet:-1","max-image-preview":"max-image-preview:large","max-video-preview":"max-video-preview:-1"},"canonical":"https:\/\/partsandpieces.nl\/de\/produkt\/runder-farnknopf-aus-messing-25-mm\/","og_locale":"de_DE","og_type":"article","og_title":"Knop Messing rond Varen 25mm","og_description":"Knop Messing rond 'Varen' 25mm is een mooie, retro meubelknop met een messing, bronskleurige afwerking. Op de knop zie je ontluikende varens.","og_url":"https:\/\/partsandpieces.nl\/de\/produkt\/runder-farnknopf-aus-messing-25-mm\/","og_site_name":"Parts &amp; Pieces","article_modified_time":"2026-02-20T08:34:22+00:00","og_image":[{"width":480,"height":480,"url":"https:\/\/partsandpieces.nl\/wp-content\/uploads\/2020\/07\/Knop-Messing-rond-Varen-25mm.jpg","type":"image\/jpeg"}],"twitter_card":"summary_large_image","twitter_misc":{"Gesch\u00e4tzte Lesezeit":"1\u00a0Minute"},"schema":{"@context":"https:\/\/schema.org","@graph":[{"@type":"WebPage","@id":"https:\/\/partsandpieces.nl\/product\/knop-messing-rond-varen-25mm\/","url":"https:\/\/partsandpieces.nl\/product\/knop-messing-rond-varen-25mm\/","name":"Knopf Messing rund Farn 25mm","isPartOf":{"@id":"https:\/\/partsandpieces.nl\/#website"},"primaryImageOfPage":{"@id":"https:\/\/partsandpieces.nl\/product\/knop-messing-rond-varen-25mm\/#primaryimage"},"image":{"@id":"https:\/\/partsandpieces.nl\/product\/knop-messing-rond-varen-25mm\/#primaryimage"},"thumbnailUrl":"https:\/\/partsandpieces.nl\/wp-content\/uploads\/2020\/07\/Knop-Messing-rond-Varen-25mm.jpg","datePublished":"2020-07-16T09:16:03+00:00","dateModified":"2026-02-20T08:34:22+00:00","description":"Knauf Messing rund &#039;Veren&#039; 25mm ist ein sch\u00f6ner Retro-M\u00f6belknauf mit messingfarbener, bronzefarbener Oberfl\u00e4che. Auf dem Knopf sieht man knospende Farne.","breadcrumb":{"@id":"https:\/\/partsandpieces.nl\/product\/knop-messing-rond-varen-25mm\/#breadcrumb"},"inLanguage":"de","potentialAction":[{"@type":"ReadAction","target":["https:\/\/partsandpieces.nl\/product\/knop-messing-rond-varen-25mm\/"]}]},{"@type":"ImageObject","inLanguage":"de","@id":"https:\/\/partsandpieces.nl\/product\/knop-messing-rond-varen-25mm\/#primaryimage","url":"https:\/\/partsandpieces.nl\/wp-content\/uploads\/2020\/07\/Knop-Messing-rond-Varen-25mm.jpg","contentUrl":"https:\/\/partsandpieces.nl\/wp-content\/uploads\/2020\/07\/Knop-Messing-rond-Varen-25mm.jpg","width":480,"height":480,"caption":"Knop Messing rond 'Varen' 25mm"},{"@type":"BreadcrumbList","@id":"https:\/\/partsandpieces.nl\/product\/knop-messing-rond-varen-25mm\/#breadcrumb","itemListElement":[{"@type":"ListItem","position":1,"name":"Home","item":"https:\/\/partsandpieces.nl\/home\/"},{"@type":"ListItem","position":2,"name":"Winkel","item":"https:\/\/partsandpieces.nl\/winkel\/"},{"@type":"ListItem","position":3,"name":"Knop Messing rond &#8216;Varen&#8217; 25mm"}]},{"@type":"WebSite","@id":"https:\/\/partsandpieces.nl\/#website","url":"https:\/\/partsandpieces.nl\/","name":"Teile &amp; St\u00fccke","description":"Alles f\u00fcr Ihre M\u00f6belrestaurierung und -pflege!","potentialAction":[{"@type":"SearchAction","target":{"@type":"EntryPoint","urlTemplate":"https:\/\/partsandpieces.nl\/?s={search_term_string}"},"query-input":{"@type":"PropertyValueSpecification","valueRequired":true,"valueName":"search_term_string"}}],"inLanguage":"de"}]}},"_links":{"self":[{"href":"https:\/\/partsandpieces.nl\/de\/wp-json\/wp\/v2\/product\/538","targetHints":{"allow":["GET"]}}],"collection":[{"href":"https:\/\/partsandpieces.nl\/de\/wp-json\/wp\/v2\/product"}],"about":[{"href":"https:\/\/partsandpieces.nl\/de\/wp-json\/wp\/v2\/types\/product"}],"wp:featuredmedia":[{"embeddable":true,"href":"https:\/\/partsandpieces.nl\/de\/wp-json\/wp\/v2\/media\/5131"}],"wp:attachment":[{"href":"https:\/\/partsandpieces.nl\/de\/wp-json\/wp\/v2\/media?parent=538"}],"wp:term":[{"taxonomy":"product_brand","embeddable":true,"href":"https:\/\/partsandpieces.nl\/de\/wp-json\/wp\/v2\/product_brand?post=538"},{"taxonomy":"product_cat","embeddable":true,"href":"https:\/\/partsandpieces.nl\/de\/wp-json\/wp\/v2\/product_cat?post=538"},{"taxonomy":"product_tag","embeddable":true,"href":"https:\/\/partsandpieces.nl\/de\/wp-json\/wp\/v2\/product_tag?post=538"}],"curies":[{"name":"wp","href":"https:\/\/api.w.org\/{rel}","templated":true}]}}