{"id":548,"date":"2020-07-16T09:25:29","date_gmt":"2020-07-16T09:25:29","guid":{"rendered":"https:\/\/partsandpieces.bonsaidev.nl\/?product=beuken-knop-messing-roset"},"modified":"2025-10-15T20:36:57","modified_gmt":"2025-10-15T18:36:57","slug":"buchenknopf-mit-messing-antik-rosette-rund-40-mm","status":"publish","type":"product","link":"https:\/\/partsandpieces.nl\/de\/product\/knop-beuken-met-messing-antiek-rozet-rond-40mm\/","title":{"rendered":"Buchenknopf mit Messing-Antik-Rosette rund 40 mm"},"content":{"rendered":"<p><strong>Buchenknopf mit Messing-Antik-Rosette rund 40 mm<\/strong> ist ein wundersch\u00f6ner, runder M\u00f6belknopf aus unbehandelter Buche, montiert auf einer runden Rosette mit Blumenmotiv. Die Rosette ist aus massivem Messing gefertigt. Passt gut auf Ihre antiken oder klassischen M\u00f6bel oder Ihren K\u00fcchenschrank.<\/p>\n<p>Dieser hochwertige Knopf wird in Italien hergestellt.<\/p>\n<p><strong>Ma\u00dfe<br \/>\n<\/strong>Der Knauf aus Buche mit Messing-Rosette im Antik-Stil rund 40 mm hat eine Rosette mit einem Durchmesser von 40 mm. Der Buchenknopf hat einen Durchmesser von 30 mm. Nach der Installation steht dieser Knopf 37 mm hervor.<\/p>\n<p><strong>Bearbeiten<br \/>\n<\/strong>Sie k\u00f6nnen diesen Knopf mit der mitgelieferten Inbusschraube blind montieren <span style=\"text-decoration: underline;\"><a href=\"https:\/\/partsandpieces.nl\/de\/produkt\/schraube-edelstahl-zur-blindmontage-von-mobelbeschlagen-45x4mm-20-stuck\/\">Edelstahlschraube zur Blindbefestigung von M\u00f6belbeschl\u00e4gen (45x4mm)<\/a><\/span>. Ich schicke diese Schrauben <strong>FREI<\/strong> mit Ihrer Bestellung.<\/p>","protected":false},"excerpt":{"rendered":"<p>Knop Beuken met Messing antiek rozet rond 40mm is een mooie, ronde meubelknop gemaakt van onbehandeld beuken gemonteerd op een rond rozet met een bloem motief. Het rozet is gemaakt van massief messing. Past goed op je antieke of klassieke meubel of keukenkastje. Deze kwalitatief uitstekende knop is gemaakt in Itali\u00eb. Afmetingen Knop Beuken met [&hellip;]<\/p>\n","protected":false},"featured_media":7481,"template":"","meta":{"_acf_changed":false},"product_brand":[],"product_cat":[55,37,23],"product_tag":[],"class_list":{"0":"post-548","1":"product","2":"type-product","3":"status-publish","4":"has-post-thumbnail","6":"product_cat-houten-knoppen","7":"product_cat-knoppen","8":"product_cat-meubelbeslag","10":"first","11":"instock","12":"taxable","13":"shipping-taxable","14":"purchasable","15":"product-type-simple"},"acf":[],"yoast_head":"<!-- This site is optimized with the Yoast SEO plugin v27.3 - https:\/\/yoast.com\/product\/yoast-seo-wordpress\/ -->\n<title>Knop Beuken met Messing rozet<\/title>\n<meta name=\"description\" content=\"Knop Beuken met Messing antiek rozet rond 40mm is een ronde meubelknop gemaakt van onbehandeld beuken gemonteerd op een rond rozet met een bloem motief.\" \/>\n<meta name=\"robots\" content=\"index, follow, max-snippet:-1, max-image-preview:large, max-video-preview:-1\" \/>\n<link rel=\"canonical\" href=\"https:\/\/partsandpieces.nl\/de\/produkt\/buchenknopf-mit-messing-antik-rosette-rund-40-mm\/\" \/>\n<meta property=\"og:locale\" content=\"de_DE\" \/>\n<meta property=\"og:type\" content=\"article\" \/>\n<meta property=\"og:title\" content=\"Knop Beuken met Messing rozet\" \/>\n<meta property=\"og:description\" content=\"Knop Beuken met Messing antiek rozet rond 40mm is een ronde meubelknop gemaakt van onbehandeld beuken gemonteerd op een rond rozet met een bloem motief.\" \/>\n<meta property=\"og:url\" content=\"https:\/\/partsandpieces.nl\/de\/produkt\/buchenknopf-mit-messing-antik-rosette-rund-40-mm\/\" \/>\n<meta property=\"og:site_name\" content=\"Parts &amp; Pieces\" \/>\n<meta property=\"article:modified_time\" content=\"2025-10-15T18:36:57+00:00\" \/>\n<meta property=\"og:image\" content=\"https:\/\/partsandpieces.nl\/wp-content\/uploads\/2020\/07\/Knop-Beuken-met-Messing-antiek-rozet-rond-40mm.jpg\" \/>\n\t<meta property=\"og:image:width\" content=\"390\" \/>\n\t<meta property=\"og:image:height\" content=\"390\" \/>\n\t<meta property=\"og:image:type\" content=\"image\/jpeg\" \/>\n<meta name=\"twitter:card\" content=\"summary_large_image\" \/>\n<meta name=\"twitter:label1\" content=\"Gesch\u00e4tzte Lesezeit\" \/>\n\t<meta name=\"twitter:data1\" content=\"1\u00a0Minute\" \/>\n<script type=\"application\/ld+json\" class=\"yoast-schema-graph\">{\"@context\":\"https:\\\/\\\/schema.org\",\"@graph\":[{\"@type\":\"WebPage\",\"@id\":\"https:\\\/\\\/partsandpieces.nl\\\/product\\\/knop-beuken-met-messing-antiek-rozet-rond-40mm\\\/\",\"url\":\"https:\\\/\\\/partsandpieces.nl\\\/product\\\/knop-beuken-met-messing-antiek-rozet-rond-40mm\\\/\",\"name\":\"Knop Beuken met Messing rozet\",\"isPartOf\":{\"@id\":\"https:\\\/\\\/partsandpieces.nl\\\/#website\"},\"primaryImageOfPage\":{\"@id\":\"https:\\\/\\\/partsandpieces.nl\\\/product\\\/knop-beuken-met-messing-antiek-rozet-rond-40mm\\\/#primaryimage\"},\"image\":{\"@id\":\"https:\\\/\\\/partsandpieces.nl\\\/product\\\/knop-beuken-met-messing-antiek-rozet-rond-40mm\\\/#primaryimage\"},\"thumbnailUrl\":\"https:\\\/\\\/partsandpieces.nl\\\/wp-content\\\/uploads\\\/2020\\\/07\\\/Knop-Beuken-met-Messing-antiek-rozet-rond-40mm.jpg\",\"datePublished\":\"2020-07-16T09:25:29+00:00\",\"dateModified\":\"2025-10-15T18:36:57+00:00\",\"description\":\"Knop Beuken met Messing antiek rozet rond 40mm is een ronde meubelknop gemaakt van onbehandeld beuken gemonteerd op een rond rozet met een bloem motief.\",\"breadcrumb\":{\"@id\":\"https:\\\/\\\/partsandpieces.nl\\\/product\\\/knop-beuken-met-messing-antiek-rozet-rond-40mm\\\/#breadcrumb\"},\"inLanguage\":\"de\",\"potentialAction\":[{\"@type\":\"ReadAction\",\"target\":[\"https:\\\/\\\/partsandpieces.nl\\\/product\\\/knop-beuken-met-messing-antiek-rozet-rond-40mm\\\/\"]}]},{\"@type\":\"ImageObject\",\"inLanguage\":\"de\",\"@id\":\"https:\\\/\\\/partsandpieces.nl\\\/product\\\/knop-beuken-met-messing-antiek-rozet-rond-40mm\\\/#primaryimage\",\"url\":\"https:\\\/\\\/partsandpieces.nl\\\/wp-content\\\/uploads\\\/2020\\\/07\\\/Knop-Beuken-met-Messing-antiek-rozet-rond-40mm.jpg\",\"contentUrl\":\"https:\\\/\\\/partsandpieces.nl\\\/wp-content\\\/uploads\\\/2020\\\/07\\\/Knop-Beuken-met-Messing-antiek-rozet-rond-40mm.jpg\",\"width\":390,\"height\":390,\"caption\":\"Knop Beuken met Messing antiek rozet rond 40mm\"},{\"@type\":\"BreadcrumbList\",\"@id\":\"https:\\\/\\\/partsandpieces.nl\\\/product\\\/knop-beuken-met-messing-antiek-rozet-rond-40mm\\\/#breadcrumb\",\"itemListElement\":[{\"@type\":\"ListItem\",\"position\":1,\"name\":\"Home\",\"item\":\"https:\\\/\\\/partsandpieces.nl\\\/home\\\/\"},{\"@type\":\"ListItem\",\"position\":2,\"name\":\"Winkel\",\"item\":\"https:\\\/\\\/partsandpieces.nl\\\/winkel\\\/\"},{\"@type\":\"ListItem\",\"position\":3,\"name\":\"Knop Beuken met Messing antiek rozet rond 40mm\"}]},{\"@type\":\"WebSite\",\"@id\":\"https:\\\/\\\/partsandpieces.nl\\\/#website\",\"url\":\"https:\\\/\\\/partsandpieces.nl\\\/\",\"name\":\"Parts &amp; Pieces\",\"description\":\"Alles voor uw meubelrestauratie en -onderhoud!\",\"potentialAction\":[{\"@type\":\"SearchAction\",\"target\":{\"@type\":\"EntryPoint\",\"urlTemplate\":\"https:\\\/\\\/partsandpieces.nl\\\/?s={search_term_string}\"},\"query-input\":{\"@type\":\"PropertyValueSpecification\",\"valueRequired\":true,\"valueName\":\"search_term_string\"}}],\"inLanguage\":\"de\"}]}<\/script>\n<!-- \/ Yoast SEO plugin. -->","yoast_head_json":{"title":"Buchenknopf mit Messingrosette","description":"Buchenknopf mit Messing-Antik-Rosette rund 40 mm ist ein runder M\u00f6belknopf aus unbehandelter Buche, der auf einer runden Rosette mit Blumenmotiv montiert ist.","robots":{"index":"index","follow":"follow","max-snippet":"max-snippet:-1","max-image-preview":"max-image-preview:large","max-video-preview":"max-video-preview:-1"},"canonical":"https:\/\/partsandpieces.nl\/de\/produkt\/buchenknopf-mit-messing-antik-rosette-rund-40-mm\/","og_locale":"de_DE","og_type":"article","og_title":"Knop Beuken met Messing rozet","og_description":"Knop Beuken met Messing antiek rozet rond 40mm is een ronde meubelknop gemaakt van onbehandeld beuken gemonteerd op een rond rozet met een bloem motief.","og_url":"https:\/\/partsandpieces.nl\/de\/produkt\/buchenknopf-mit-messing-antik-rosette-rund-40-mm\/","og_site_name":"Parts &amp; Pieces","article_modified_time":"2025-10-15T18:36:57+00:00","og_image":[{"width":390,"height":390,"url":"https:\/\/partsandpieces.nl\/wp-content\/uploads\/2020\/07\/Knop-Beuken-met-Messing-antiek-rozet-rond-40mm.jpg","type":"image\/jpeg"}],"twitter_card":"summary_large_image","twitter_misc":{"Gesch\u00e4tzte Lesezeit":"1\u00a0Minute"},"schema":{"@context":"https:\/\/schema.org","@graph":[{"@type":"WebPage","@id":"https:\/\/partsandpieces.nl\/product\/knop-beuken-met-messing-antiek-rozet-rond-40mm\/","url":"https:\/\/partsandpieces.nl\/product\/knop-beuken-met-messing-antiek-rozet-rond-40mm\/","name":"Buchenknopf mit Messingrosette","isPartOf":{"@id":"https:\/\/partsandpieces.nl\/#website"},"primaryImageOfPage":{"@id":"https:\/\/partsandpieces.nl\/product\/knop-beuken-met-messing-antiek-rozet-rond-40mm\/#primaryimage"},"image":{"@id":"https:\/\/partsandpieces.nl\/product\/knop-beuken-met-messing-antiek-rozet-rond-40mm\/#primaryimage"},"thumbnailUrl":"https:\/\/partsandpieces.nl\/wp-content\/uploads\/2020\/07\/Knop-Beuken-met-Messing-antiek-rozet-rond-40mm.jpg","datePublished":"2020-07-16T09:25:29+00:00","dateModified":"2025-10-15T18:36:57+00:00","description":"Buchenknopf mit Messing-Antik-Rosette rund 40 mm ist ein runder M\u00f6belknopf aus unbehandelter Buche, der auf einer runden Rosette mit Blumenmotiv montiert ist.","breadcrumb":{"@id":"https:\/\/partsandpieces.nl\/product\/knop-beuken-met-messing-antiek-rozet-rond-40mm\/#breadcrumb"},"inLanguage":"de","potentialAction":[{"@type":"ReadAction","target":["https:\/\/partsandpieces.nl\/product\/knop-beuken-met-messing-antiek-rozet-rond-40mm\/"]}]},{"@type":"ImageObject","inLanguage":"de","@id":"https:\/\/partsandpieces.nl\/product\/knop-beuken-met-messing-antiek-rozet-rond-40mm\/#primaryimage","url":"https:\/\/partsandpieces.nl\/wp-content\/uploads\/2020\/07\/Knop-Beuken-met-Messing-antiek-rozet-rond-40mm.jpg","contentUrl":"https:\/\/partsandpieces.nl\/wp-content\/uploads\/2020\/07\/Knop-Beuken-met-Messing-antiek-rozet-rond-40mm.jpg","width":390,"height":390,"caption":"Knop Beuken met Messing antiek rozet rond 40mm"},{"@type":"BreadcrumbList","@id":"https:\/\/partsandpieces.nl\/product\/knop-beuken-met-messing-antiek-rozet-rond-40mm\/#breadcrumb","itemListElement":[{"@type":"ListItem","position":1,"name":"Home","item":"https:\/\/partsandpieces.nl\/home\/"},{"@type":"ListItem","position":2,"name":"Winkel","item":"https:\/\/partsandpieces.nl\/winkel\/"},{"@type":"ListItem","position":3,"name":"Knop Beuken met Messing antiek rozet rond 40mm"}]},{"@type":"WebSite","@id":"https:\/\/partsandpieces.nl\/#website","url":"https:\/\/partsandpieces.nl\/","name":"Teile &amp; St\u00fccke","description":"Alles f\u00fcr Ihre M\u00f6belrestaurierung und -pflege!","potentialAction":[{"@type":"SearchAction","target":{"@type":"EntryPoint","urlTemplate":"https:\/\/partsandpieces.nl\/?s={search_term_string}"},"query-input":{"@type":"PropertyValueSpecification","valueRequired":true,"valueName":"search_term_string"}}],"inLanguage":"de"}]}},"_links":{"self":[{"href":"https:\/\/partsandpieces.nl\/de\/wp-json\/wp\/v2\/product\/548","targetHints":{"allow":["GET"]}}],"collection":[{"href":"https:\/\/partsandpieces.nl\/de\/wp-json\/wp\/v2\/product"}],"about":[{"href":"https:\/\/partsandpieces.nl\/de\/wp-json\/wp\/v2\/types\/product"}],"wp:featuredmedia":[{"embeddable":true,"href":"https:\/\/partsandpieces.nl\/de\/wp-json\/wp\/v2\/media\/7481"}],"wp:attachment":[{"href":"https:\/\/partsandpieces.nl\/de\/wp-json\/wp\/v2\/media?parent=548"}],"wp:term":[{"taxonomy":"product_brand","embeddable":true,"href":"https:\/\/partsandpieces.nl\/de\/wp-json\/wp\/v2\/product_brand?post=548"},{"taxonomy":"product_cat","embeddable":true,"href":"https:\/\/partsandpieces.nl\/de\/wp-json\/wp\/v2\/product_cat?post=548"},{"taxonomy":"product_tag","embeddable":true,"href":"https:\/\/partsandpieces.nl\/de\/wp-json\/wp\/v2\/product_tag?post=548"}],"curies":[{"name":"wp","href":"https:\/\/api.w.org\/{rel}","templated":true}]}}