{"id":554,"date":"2020-07-16T09:33:06","date_gmt":"2020-07-16T09:33:06","guid":{"rendered":"https:\/\/partsandpieces.bonsaidev.nl\/?product=knop-ant-porselein-22-mm"},"modified":"2026-03-25T21:28:32","modified_gmt":"2026-03-25T20:28:32","slug":"knopf-porzellan-messing-antik-24mm","status":"publish","type":"product","link":"https:\/\/partsandpieces.nl\/de\/product\/knop-porselein-messing-antiek-24mm\/","title":{"rendered":"Knopf Porzellan Messing Antik 24mm"},"content":{"rendered":"<p><strong>Knopf Porzellan Messing Antik 24mm<\/strong>\u00a0ist ein runder M\u00f6belknauf mit antikem Messingfinish und einer Porzellaneinlage. Dieser Knopf passt gut auf Ihr klassisches oder l\u00e4ndliches M\u00f6belst\u00fcck.<\/p>\n<p>Ich habe diesen Knopf in 3 Gr\u00f6\u00dfen auf Lager: <a href=\"https:\/\/partsandpieces.nl\/de\/produkt\/knopf-porzellan-messing-antik-24mm\/\"><span style=\"text-decoration: underline;\">24mm<\/span><\/a>, <a href=\"https:\/\/partsandpieces.nl\/de\/produkt\/knopf-porzellan-messing-antik-29mm\/\"><span style=\"text-decoration: underline;\">29mm<\/span><\/a> und <a href=\"https:\/\/partsandpieces.nl\/de\/produkt\/knopf-porzellan-messing-antik-34mm\/\"><span style=\"text-decoration: underline;\">34mm<\/span><\/a>.<\/p>\n<p>Dieser hochwertige Knopf wird in Italien hergestellt.<\/p>\n<p><strong>Ma\u00dfe<br \/>\n<\/strong>Der Knauf Porzellan Messing Antik 24mm hat einen Durchmesser von 24mm. Nach der Montage steht dieser Knopf 21 mm hervor. Die Basis des Knopfes hat einen Durchmesser von 14 mm.<\/p>\n<p><strong>Bearbeiten<br \/>\n<\/strong>Sie k\u00f6nnen den Taster mit blind montieren\u00a0<span style=\"text-decoration: underline;\"><a href=\"https:\/\/partsandpieces.nl\/de\/produkt\/schraube-edelstahl-fur-blindmontageknopf-20x4mm-20-stuck\/\">Edelstahlschraube f\u00fcr Blindbefestigungsknopf (20x4mm)<\/a><\/span>. Ich schicke diese Schraube\u00a0<strong>FREI<\/strong>\u00a0mit Ihrer Bestellung.<\/p>","protected":false},"excerpt":{"rendered":"<p>Knop Porselein Messing Antiek 24mm\u00a0is een ronde meubelknop met een antiek messing finish en een porseleinen inleg. Deze knop past goed op je klassieke of landelijke meubelstuk. Ik heb deze knop in 3 groottes op voorraad: 24mm, 29mm en 34mm. Deze kwalitatief uitstekende knop is gemaakt in Itali\u00eb. Afmetingen De Knop Porselein Messing Antiek 24mm [&hellip;]<\/p>\n","protected":false},"featured_media":5394,"template":"","meta":{"_acf_changed":false},"product_brand":[],"product_cat":[37,23],"product_tag":[],"class_list":{"0":"post-554","1":"product","2":"type-product","3":"status-publish","4":"has-post-thumbnail","6":"product_cat-knoppen","7":"product_cat-meubelbeslag","9":"first","10":"instock","11":"taxable","12":"shipping-taxable","13":"purchasable","14":"product-type-simple"},"acf":[],"yoast_head":"<!-- This site is optimized with the Yoast SEO plugin v27.3 - https:\/\/yoast.com\/product\/yoast-seo-wordpress\/ -->\n<title>Knop Porselein Messing 24mm<\/title>\n<meta name=\"description\" content=\"Knop Porselein Messing Antiek 24mm\u00a0heeft een antiek messing finish en een porseleinen inleg. Past goed op je klassieke of landelijke meubelstuk.\" \/>\n<meta name=\"robots\" content=\"index, follow, max-snippet:-1, max-image-preview:large, max-video-preview:-1\" \/>\n<link rel=\"canonical\" href=\"https:\/\/partsandpieces.nl\/de\/produkt\/knopf-porzellan-messing-antik-24mm\/\" \/>\n<meta property=\"og:locale\" content=\"de_DE\" \/>\n<meta property=\"og:type\" content=\"article\" \/>\n<meta property=\"og:title\" content=\"Knop Porselein Messing 24mm\" \/>\n<meta property=\"og:description\" content=\"Knop Porselein Messing Antiek 24mm\u00a0heeft een antiek messing finish en een porseleinen inleg. Past goed op je klassieke of landelijke meubelstuk.\" \/>\n<meta property=\"og:url\" content=\"https:\/\/partsandpieces.nl\/de\/produkt\/knopf-porzellan-messing-antik-24mm\/\" \/>\n<meta property=\"og:site_name\" content=\"Parts &amp; Pieces\" \/>\n<meta property=\"article:modified_time\" content=\"2026-03-25T20:28:32+00:00\" \/>\n<meta property=\"og:image\" content=\"https:\/\/partsandpieces.nl\/wp-content\/uploads\/2020\/07\/Knop-Porselein-Messing-Antiek-24mm.jpg\" \/>\n\t<meta property=\"og:image:width\" content=\"480\" \/>\n\t<meta property=\"og:image:height\" content=\"480\" \/>\n\t<meta property=\"og:image:type\" content=\"image\/jpeg\" \/>\n<meta name=\"twitter:card\" content=\"summary_large_image\" \/>\n<meta name=\"twitter:label1\" content=\"Gesch\u00e4tzte Lesezeit\" \/>\n\t<meta name=\"twitter:data1\" content=\"1\u00a0Minute\" \/>\n<script type=\"application\/ld+json\" class=\"yoast-schema-graph\">{\"@context\":\"https:\\\/\\\/schema.org\",\"@graph\":[{\"@type\":\"WebPage\",\"@id\":\"https:\\\/\\\/partsandpieces.nl\\\/product\\\/knop-porselein-messing-antiek-24mm\\\/\",\"url\":\"https:\\\/\\\/partsandpieces.nl\\\/product\\\/knop-porselein-messing-antiek-24mm\\\/\",\"name\":\"Knop Porselein Messing 24mm\",\"isPartOf\":{\"@id\":\"https:\\\/\\\/partsandpieces.nl\\\/#website\"},\"primaryImageOfPage\":{\"@id\":\"https:\\\/\\\/partsandpieces.nl\\\/product\\\/knop-porselein-messing-antiek-24mm\\\/#primaryimage\"},\"image\":{\"@id\":\"https:\\\/\\\/partsandpieces.nl\\\/product\\\/knop-porselein-messing-antiek-24mm\\\/#primaryimage\"},\"thumbnailUrl\":\"https:\\\/\\\/partsandpieces.nl\\\/wp-content\\\/uploads\\\/2020\\\/07\\\/Knop-Porselein-Messing-Antiek-24mm.jpg\",\"datePublished\":\"2020-07-16T09:33:06+00:00\",\"dateModified\":\"2026-03-25T20:28:32+00:00\",\"description\":\"Knop Porselein Messing Antiek 24mm\u00a0heeft een antiek messing finish en een porseleinen inleg. Past goed op je klassieke of landelijke meubelstuk.\",\"breadcrumb\":{\"@id\":\"https:\\\/\\\/partsandpieces.nl\\\/product\\\/knop-porselein-messing-antiek-24mm\\\/#breadcrumb\"},\"inLanguage\":\"de\",\"potentialAction\":[{\"@type\":\"ReadAction\",\"target\":[\"https:\\\/\\\/partsandpieces.nl\\\/product\\\/knop-porselein-messing-antiek-24mm\\\/\"]}]},{\"@type\":\"ImageObject\",\"inLanguage\":\"de\",\"@id\":\"https:\\\/\\\/partsandpieces.nl\\\/product\\\/knop-porselein-messing-antiek-24mm\\\/#primaryimage\",\"url\":\"https:\\\/\\\/partsandpieces.nl\\\/wp-content\\\/uploads\\\/2020\\\/07\\\/Knop-Porselein-Messing-Antiek-24mm.jpg\",\"contentUrl\":\"https:\\\/\\\/partsandpieces.nl\\\/wp-content\\\/uploads\\\/2020\\\/07\\\/Knop-Porselein-Messing-Antiek-24mm.jpg\",\"width\":480,\"height\":480,\"caption\":\"Knop Porselein Messing Antiek 24mm\"},{\"@type\":\"BreadcrumbList\",\"@id\":\"https:\\\/\\\/partsandpieces.nl\\\/product\\\/knop-porselein-messing-antiek-24mm\\\/#breadcrumb\",\"itemListElement\":[{\"@type\":\"ListItem\",\"position\":1,\"name\":\"Home\",\"item\":\"https:\\\/\\\/partsandpieces.nl\\\/home\\\/\"},{\"@type\":\"ListItem\",\"position\":2,\"name\":\"Winkel\",\"item\":\"https:\\\/\\\/partsandpieces.nl\\\/winkel\\\/\"},{\"@type\":\"ListItem\",\"position\":3,\"name\":\"Knop Porselein Messing Antiek 24mm\"}]},{\"@type\":\"WebSite\",\"@id\":\"https:\\\/\\\/partsandpieces.nl\\\/#website\",\"url\":\"https:\\\/\\\/partsandpieces.nl\\\/\",\"name\":\"Parts &amp; Pieces\",\"description\":\"Alles voor uw meubelrestauratie en -onderhoud!\",\"potentialAction\":[{\"@type\":\"SearchAction\",\"target\":{\"@type\":\"EntryPoint\",\"urlTemplate\":\"https:\\\/\\\/partsandpieces.nl\\\/?s={search_term_string}\"},\"query-input\":{\"@type\":\"PropertyValueSpecification\",\"valueRequired\":true,\"valueName\":\"search_term_string\"}}],\"inLanguage\":\"de\"}]}<\/script>\n<!-- \/ Yoast SEO plugin. -->","yoast_head_json":{"title":"Knopf Porzellan Messing 24mm","description":"Der Knopf Porzellan Messing Antik 24 mm hat eine antike Messingoberfl\u00e4che und eine Porzellaneinlage. Passt gut zu Ihrem klassischen oder l\u00e4ndlichen M\u00f6belst\u00fcck.","robots":{"index":"index","follow":"follow","max-snippet":"max-snippet:-1","max-image-preview":"max-image-preview:large","max-video-preview":"max-video-preview:-1"},"canonical":"https:\/\/partsandpieces.nl\/de\/produkt\/knopf-porzellan-messing-antik-24mm\/","og_locale":"de_DE","og_type":"article","og_title":"Knop Porselein Messing 24mm","og_description":"Knop Porselein Messing Antiek 24mm\u00a0heeft een antiek messing finish en een porseleinen inleg. Past goed op je klassieke of landelijke meubelstuk.","og_url":"https:\/\/partsandpieces.nl\/de\/produkt\/knopf-porzellan-messing-antik-24mm\/","og_site_name":"Parts &amp; Pieces","article_modified_time":"2026-03-25T20:28:32+00:00","og_image":[{"width":480,"height":480,"url":"https:\/\/partsandpieces.nl\/wp-content\/uploads\/2020\/07\/Knop-Porselein-Messing-Antiek-24mm.jpg","type":"image\/jpeg"}],"twitter_card":"summary_large_image","twitter_misc":{"Gesch\u00e4tzte Lesezeit":"1\u00a0Minute"},"schema":{"@context":"https:\/\/schema.org","@graph":[{"@type":"WebPage","@id":"https:\/\/partsandpieces.nl\/product\/knop-porselein-messing-antiek-24mm\/","url":"https:\/\/partsandpieces.nl\/product\/knop-porselein-messing-antiek-24mm\/","name":"Knopf Porzellan Messing 24mm","isPartOf":{"@id":"https:\/\/partsandpieces.nl\/#website"},"primaryImageOfPage":{"@id":"https:\/\/partsandpieces.nl\/product\/knop-porselein-messing-antiek-24mm\/#primaryimage"},"image":{"@id":"https:\/\/partsandpieces.nl\/product\/knop-porselein-messing-antiek-24mm\/#primaryimage"},"thumbnailUrl":"https:\/\/partsandpieces.nl\/wp-content\/uploads\/2020\/07\/Knop-Porselein-Messing-Antiek-24mm.jpg","datePublished":"2020-07-16T09:33:06+00:00","dateModified":"2026-03-25T20:28:32+00:00","description":"Der Knopf Porzellan Messing Antik 24 mm hat eine antike Messingoberfl\u00e4che und eine Porzellaneinlage. Passt gut zu Ihrem klassischen oder l\u00e4ndlichen M\u00f6belst\u00fcck.","breadcrumb":{"@id":"https:\/\/partsandpieces.nl\/product\/knop-porselein-messing-antiek-24mm\/#breadcrumb"},"inLanguage":"de","potentialAction":[{"@type":"ReadAction","target":["https:\/\/partsandpieces.nl\/product\/knop-porselein-messing-antiek-24mm\/"]}]},{"@type":"ImageObject","inLanguage":"de","@id":"https:\/\/partsandpieces.nl\/product\/knop-porselein-messing-antiek-24mm\/#primaryimage","url":"https:\/\/partsandpieces.nl\/wp-content\/uploads\/2020\/07\/Knop-Porselein-Messing-Antiek-24mm.jpg","contentUrl":"https:\/\/partsandpieces.nl\/wp-content\/uploads\/2020\/07\/Knop-Porselein-Messing-Antiek-24mm.jpg","width":480,"height":480,"caption":"Knop Porselein Messing Antiek 24mm"},{"@type":"BreadcrumbList","@id":"https:\/\/partsandpieces.nl\/product\/knop-porselein-messing-antiek-24mm\/#breadcrumb","itemListElement":[{"@type":"ListItem","position":1,"name":"Home","item":"https:\/\/partsandpieces.nl\/home\/"},{"@type":"ListItem","position":2,"name":"Winkel","item":"https:\/\/partsandpieces.nl\/winkel\/"},{"@type":"ListItem","position":3,"name":"Knop Porselein Messing Antiek 24mm"}]},{"@type":"WebSite","@id":"https:\/\/partsandpieces.nl\/#website","url":"https:\/\/partsandpieces.nl\/","name":"Teile &amp; St\u00fccke","description":"Alles f\u00fcr Ihre M\u00f6belrestaurierung und -pflege!","potentialAction":[{"@type":"SearchAction","target":{"@type":"EntryPoint","urlTemplate":"https:\/\/partsandpieces.nl\/?s={search_term_string}"},"query-input":{"@type":"PropertyValueSpecification","valueRequired":true,"valueName":"search_term_string"}}],"inLanguage":"de"}]}},"_links":{"self":[{"href":"https:\/\/partsandpieces.nl\/de\/wp-json\/wp\/v2\/product\/554","targetHints":{"allow":["GET"]}}],"collection":[{"href":"https:\/\/partsandpieces.nl\/de\/wp-json\/wp\/v2\/product"}],"about":[{"href":"https:\/\/partsandpieces.nl\/de\/wp-json\/wp\/v2\/types\/product"}],"wp:featuredmedia":[{"embeddable":true,"href":"https:\/\/partsandpieces.nl\/de\/wp-json\/wp\/v2\/media\/5394"}],"wp:attachment":[{"href":"https:\/\/partsandpieces.nl\/de\/wp-json\/wp\/v2\/media?parent=554"}],"wp:term":[{"taxonomy":"product_brand","embeddable":true,"href":"https:\/\/partsandpieces.nl\/de\/wp-json\/wp\/v2\/product_brand?post=554"},{"taxonomy":"product_cat","embeddable":true,"href":"https:\/\/partsandpieces.nl\/de\/wp-json\/wp\/v2\/product_cat?post=554"},{"taxonomy":"product_tag","embeddable":true,"href":"https:\/\/partsandpieces.nl\/de\/wp-json\/wp\/v2\/product_tag?post=554"}],"curies":[{"name":"wp","href":"https:\/\/api.w.org\/{rel}","templated":true}]}}