{"id":558,"date":"2020-07-16T09:39:29","date_gmt":"2020-07-16T09:39:29","guid":{"rendered":"https:\/\/partsandpieces.bonsaidev.nl\/?product=knop-ant-porselein-30mm"},"modified":"2026-02-26T10:29:10","modified_gmt":"2026-02-26T09:29:10","slug":"knopf-porzellan-messing-antik-34mm","status":"publish","type":"product","link":"https:\/\/partsandpieces.nl\/de\/product\/knop-porselein-messing-antiek-34mm\/","title":{"rendered":"Knopf Porzellan Messing Antik 34mm"},"content":{"rendered":"<p><strong>Knopf Porzellan Messing Antik 34mm<\/strong> ist ein runder M\u00f6belknauf mit antikem Messingfinish und einer Porzellaneinlage. Dieser Knopf passt gut auf Ihr klassisches oder l\u00e4ndliches M\u00f6belst\u00fcck.<\/p>\n<p>Ich habe diesen Knopf in 3 Gr\u00f6\u00dfen auf Lager: <a href=\"https:\/\/partsandpieces.nl\/de\/produkt\/knopf-porzellan-messing-antik-24mm\/\"><span style=\"text-decoration: underline;\">24mm<\/span><\/a>, <a href=\"https:\/\/partsandpieces.nl\/de\/produkt\/knopf-porzellan-messing-antik-29mm\/\"><span style=\"text-decoration: underline;\">29mm<\/span><\/a> und <a href=\"https:\/\/partsandpieces.nl\/de\/produkt\/knopf-porzellan-messing-antik-34mm\/\"><span style=\"text-decoration: underline;\">34mm<\/span><\/a>.<\/p>\n<p>Dieser hochwertige Knopf wird in Italien hergestellt.<\/p>\n<p><strong>Ma\u00dfe<br \/>\n<\/strong>Der Knopf Porzellan Messing Antik 34mm hat einen Durchmesser von 34mm. Nach der Montage steht dieser Taster 25mm hervor. Die Basis des Knopfes hat einen Durchmesser von 18 mm.<\/p>\n<p><strong>Bearbeiten<br \/>\n<\/strong>Sie k\u00f6nnen den Taster mit blind montieren\u00a0<span style=\"text-decoration: underline;\"><a href=\"https:\/\/partsandpieces.nl\/de\/produkt\/schraube-edelstahl-fur-blindmontageknopf-20x4mm-20-stuck\/\">Edelstahlschraube f\u00fcr Blindbefestigungsknopf (20x4mm)<\/a><\/span>. Ich schicke diese Schraube\u00a0<strong>FREI<\/strong>\u00a0mit Ihrer Bestellung.<\/p>","protected":false},"excerpt":{"rendered":"<p>Knop Porselein Messing Antiek 34mm is een ronde meubelknop met een antiek messing finish en een porseleinen inleg. Deze knop past goed op je klassieke of landelijke meubelstuk. Ik heb deze knop in 3 groottes op voorraad: 24mm, 29mm en 34mm. Deze kwalitatief uitstekende knop is gemaakt in Itali\u00eb. Afmetingen De Knop Porselein Messing Antiek [&hellip;]<\/p>\n","protected":false},"featured_media":5375,"template":"","meta":{"_acf_changed":false},"product_brand":[],"product_cat":[37,23],"product_tag":[],"class_list":{"0":"post-558","1":"product","2":"type-product","3":"status-publish","4":"has-post-thumbnail","6":"product_cat-knoppen","7":"product_cat-meubelbeslag","9":"first","10":"instock","11":"taxable","12":"shipping-taxable","13":"purchasable","14":"product-type-simple"},"acf":[],"yoast_head":"<!-- This site is optimized with the Yoast SEO plugin v27.3 - https:\/\/yoast.com\/product\/yoast-seo-wordpress\/ -->\n<title>Knop Porselein Messing 34mm<\/title>\n<meta name=\"description\" content=\"Knop Porselein Messing Antiek 34mm is een meubelknop met antiek messing finish en een porseleinen inleg. Past goed op je klassieke of landelijke meubelstuk.\" \/>\n<meta name=\"robots\" content=\"index, follow, max-snippet:-1, max-image-preview:large, max-video-preview:-1\" \/>\n<link rel=\"canonical\" href=\"https:\/\/partsandpieces.nl\/de\/produkt\/knopf-porzellan-messing-antik-34mm\/\" \/>\n<meta property=\"og:locale\" content=\"de_DE\" \/>\n<meta property=\"og:type\" content=\"article\" \/>\n<meta property=\"og:title\" content=\"Knop Porselein Messing 34mm\" \/>\n<meta property=\"og:description\" content=\"Knop Porselein Messing Antiek 34mm is een meubelknop met antiek messing finish en een porseleinen inleg. Past goed op je klassieke of landelijke meubelstuk.\" \/>\n<meta property=\"og:url\" content=\"https:\/\/partsandpieces.nl\/de\/produkt\/knopf-porzellan-messing-antik-34mm\/\" \/>\n<meta property=\"og:site_name\" content=\"Parts &amp; Pieces\" \/>\n<meta property=\"article:modified_time\" content=\"2026-02-26T09:29:10+00:00\" \/>\n<meta property=\"og:image\" content=\"https:\/\/partsandpieces.nl\/wp-content\/uploads\/2020\/07\/Knop-Porselein-Messing-Antiek-34mm.jpg\" \/>\n\t<meta property=\"og:image:width\" content=\"480\" \/>\n\t<meta property=\"og:image:height\" content=\"481\" \/>\n\t<meta property=\"og:image:type\" content=\"image\/jpeg\" \/>\n<meta name=\"twitter:card\" content=\"summary_large_image\" \/>\n<meta name=\"twitter:label1\" content=\"Gesch\u00e4tzte Lesezeit\" \/>\n\t<meta name=\"twitter:data1\" content=\"1\u00a0Minute\" \/>\n<script type=\"application\/ld+json\" class=\"yoast-schema-graph\">{\"@context\":\"https:\\\/\\\/schema.org\",\"@graph\":[{\"@type\":\"WebPage\",\"@id\":\"https:\\\/\\\/partsandpieces.nl\\\/product\\\/knop-porselein-messing-antiek-34mm\\\/\",\"url\":\"https:\\\/\\\/partsandpieces.nl\\\/product\\\/knop-porselein-messing-antiek-34mm\\\/\",\"name\":\"Knop Porselein Messing 34mm\",\"isPartOf\":{\"@id\":\"https:\\\/\\\/partsandpieces.nl\\\/#website\"},\"primaryImageOfPage\":{\"@id\":\"https:\\\/\\\/partsandpieces.nl\\\/product\\\/knop-porselein-messing-antiek-34mm\\\/#primaryimage\"},\"image\":{\"@id\":\"https:\\\/\\\/partsandpieces.nl\\\/product\\\/knop-porselein-messing-antiek-34mm\\\/#primaryimage\"},\"thumbnailUrl\":\"https:\\\/\\\/partsandpieces.nl\\\/wp-content\\\/uploads\\\/2020\\\/07\\\/Knop-Porselein-Messing-Antiek-34mm.jpg\",\"datePublished\":\"2020-07-16T09:39:29+00:00\",\"dateModified\":\"2026-02-26T09:29:10+00:00\",\"description\":\"Knop Porselein Messing Antiek 34mm is een meubelknop met antiek messing finish en een porseleinen inleg. Past goed op je klassieke of landelijke meubelstuk.\",\"breadcrumb\":{\"@id\":\"https:\\\/\\\/partsandpieces.nl\\\/product\\\/knop-porselein-messing-antiek-34mm\\\/#breadcrumb\"},\"inLanguage\":\"de\",\"potentialAction\":[{\"@type\":\"ReadAction\",\"target\":[\"https:\\\/\\\/partsandpieces.nl\\\/product\\\/knop-porselein-messing-antiek-34mm\\\/\"]}]},{\"@type\":\"ImageObject\",\"inLanguage\":\"de\",\"@id\":\"https:\\\/\\\/partsandpieces.nl\\\/product\\\/knop-porselein-messing-antiek-34mm\\\/#primaryimage\",\"url\":\"https:\\\/\\\/partsandpieces.nl\\\/wp-content\\\/uploads\\\/2020\\\/07\\\/Knop-Porselein-Messing-Antiek-34mm.jpg\",\"contentUrl\":\"https:\\\/\\\/partsandpieces.nl\\\/wp-content\\\/uploads\\\/2020\\\/07\\\/Knop-Porselein-Messing-Antiek-34mm.jpg\",\"width\":480,\"height\":481,\"caption\":\"Knop Porselein Messing Antiek 34mm\"},{\"@type\":\"BreadcrumbList\",\"@id\":\"https:\\\/\\\/partsandpieces.nl\\\/product\\\/knop-porselein-messing-antiek-34mm\\\/#breadcrumb\",\"itemListElement\":[{\"@type\":\"ListItem\",\"position\":1,\"name\":\"Home\",\"item\":\"https:\\\/\\\/partsandpieces.nl\\\/home\\\/\"},{\"@type\":\"ListItem\",\"position\":2,\"name\":\"Winkel\",\"item\":\"https:\\\/\\\/partsandpieces.nl\\\/winkel\\\/\"},{\"@type\":\"ListItem\",\"position\":3,\"name\":\"Knop Porselein Messing Antiek 34mm\"}]},{\"@type\":\"WebSite\",\"@id\":\"https:\\\/\\\/partsandpieces.nl\\\/#website\",\"url\":\"https:\\\/\\\/partsandpieces.nl\\\/\",\"name\":\"Parts &amp; Pieces\",\"description\":\"Alles voor uw meubelrestauratie en -onderhoud!\",\"potentialAction\":[{\"@type\":\"SearchAction\",\"target\":{\"@type\":\"EntryPoint\",\"urlTemplate\":\"https:\\\/\\\/partsandpieces.nl\\\/?s={search_term_string}\"},\"query-input\":{\"@type\":\"PropertyValueSpecification\",\"valueRequired\":true,\"valueName\":\"search_term_string\"}}],\"inLanguage\":\"de\"}]}<\/script>\n<!-- \/ Yoast SEO plugin. -->","yoast_head_json":{"title":"Knopf Porzellan Messing 34mm","description":"Knob Porcelain Brass Antique 34mm ist ein M\u00f6belknauf mit antikem Messing-Finish und einer Porzellaneinlage. Passt gut auf Ihr klassisches oder l\u00e4ndliches M\u00f6belst\u00fcck.","robots":{"index":"index","follow":"follow","max-snippet":"max-snippet:-1","max-image-preview":"max-image-preview:large","max-video-preview":"max-video-preview:-1"},"canonical":"https:\/\/partsandpieces.nl\/de\/produkt\/knopf-porzellan-messing-antik-34mm\/","og_locale":"de_DE","og_type":"article","og_title":"Knop Porselein Messing 34mm","og_description":"Knop Porselein Messing Antiek 34mm is een meubelknop met antiek messing finish en een porseleinen inleg. Past goed op je klassieke of landelijke meubelstuk.","og_url":"https:\/\/partsandpieces.nl\/de\/produkt\/knopf-porzellan-messing-antik-34mm\/","og_site_name":"Parts &amp; Pieces","article_modified_time":"2026-02-26T09:29:10+00:00","og_image":[{"width":480,"height":481,"url":"https:\/\/partsandpieces.nl\/wp-content\/uploads\/2020\/07\/Knop-Porselein-Messing-Antiek-34mm.jpg","type":"image\/jpeg"}],"twitter_card":"summary_large_image","twitter_misc":{"Gesch\u00e4tzte Lesezeit":"1\u00a0Minute"},"schema":{"@context":"https:\/\/schema.org","@graph":[{"@type":"WebPage","@id":"https:\/\/partsandpieces.nl\/product\/knop-porselein-messing-antiek-34mm\/","url":"https:\/\/partsandpieces.nl\/product\/knop-porselein-messing-antiek-34mm\/","name":"Knopf Porzellan Messing 34mm","isPartOf":{"@id":"https:\/\/partsandpieces.nl\/#website"},"primaryImageOfPage":{"@id":"https:\/\/partsandpieces.nl\/product\/knop-porselein-messing-antiek-34mm\/#primaryimage"},"image":{"@id":"https:\/\/partsandpieces.nl\/product\/knop-porselein-messing-antiek-34mm\/#primaryimage"},"thumbnailUrl":"https:\/\/partsandpieces.nl\/wp-content\/uploads\/2020\/07\/Knop-Porselein-Messing-Antiek-34mm.jpg","datePublished":"2020-07-16T09:39:29+00:00","dateModified":"2026-02-26T09:29:10+00:00","description":"Knob Porcelain Brass Antique 34mm ist ein M\u00f6belknauf mit antikem Messing-Finish und einer Porzellaneinlage. Passt gut auf Ihr klassisches oder l\u00e4ndliches M\u00f6belst\u00fcck.","breadcrumb":{"@id":"https:\/\/partsandpieces.nl\/product\/knop-porselein-messing-antiek-34mm\/#breadcrumb"},"inLanguage":"de","potentialAction":[{"@type":"ReadAction","target":["https:\/\/partsandpieces.nl\/product\/knop-porselein-messing-antiek-34mm\/"]}]},{"@type":"ImageObject","inLanguage":"de","@id":"https:\/\/partsandpieces.nl\/product\/knop-porselein-messing-antiek-34mm\/#primaryimage","url":"https:\/\/partsandpieces.nl\/wp-content\/uploads\/2020\/07\/Knop-Porselein-Messing-Antiek-34mm.jpg","contentUrl":"https:\/\/partsandpieces.nl\/wp-content\/uploads\/2020\/07\/Knop-Porselein-Messing-Antiek-34mm.jpg","width":480,"height":481,"caption":"Knop Porselein Messing Antiek 34mm"},{"@type":"BreadcrumbList","@id":"https:\/\/partsandpieces.nl\/product\/knop-porselein-messing-antiek-34mm\/#breadcrumb","itemListElement":[{"@type":"ListItem","position":1,"name":"Home","item":"https:\/\/partsandpieces.nl\/home\/"},{"@type":"ListItem","position":2,"name":"Winkel","item":"https:\/\/partsandpieces.nl\/winkel\/"},{"@type":"ListItem","position":3,"name":"Knop Porselein Messing Antiek 34mm"}]},{"@type":"WebSite","@id":"https:\/\/partsandpieces.nl\/#website","url":"https:\/\/partsandpieces.nl\/","name":"Teile &amp; St\u00fccke","description":"Alles f\u00fcr Ihre M\u00f6belrestaurierung und -pflege!","potentialAction":[{"@type":"SearchAction","target":{"@type":"EntryPoint","urlTemplate":"https:\/\/partsandpieces.nl\/?s={search_term_string}"},"query-input":{"@type":"PropertyValueSpecification","valueRequired":true,"valueName":"search_term_string"}}],"inLanguage":"de"}]}},"_links":{"self":[{"href":"https:\/\/partsandpieces.nl\/de\/wp-json\/wp\/v2\/product\/558","targetHints":{"allow":["GET"]}}],"collection":[{"href":"https:\/\/partsandpieces.nl\/de\/wp-json\/wp\/v2\/product"}],"about":[{"href":"https:\/\/partsandpieces.nl\/de\/wp-json\/wp\/v2\/types\/product"}],"wp:featuredmedia":[{"embeddable":true,"href":"https:\/\/partsandpieces.nl\/de\/wp-json\/wp\/v2\/media\/5375"}],"wp:attachment":[{"href":"https:\/\/partsandpieces.nl\/de\/wp-json\/wp\/v2\/media?parent=558"}],"wp:term":[{"taxonomy":"product_brand","embeddable":true,"href":"https:\/\/partsandpieces.nl\/de\/wp-json\/wp\/v2\/product_brand?post=558"},{"taxonomy":"product_cat","embeddable":true,"href":"https:\/\/partsandpieces.nl\/de\/wp-json\/wp\/v2\/product_cat?post=558"},{"taxonomy":"product_tag","embeddable":true,"href":"https:\/\/partsandpieces.nl\/de\/wp-json\/wp\/v2\/product_tag?post=558"}],"curies":[{"name":"wp","href":"https:\/\/api.w.org\/{rel}","templated":true}]}}