{"id":560,"date":"2020-07-16T09:41:12","date_gmt":"2020-07-16T09:41:12","guid":{"rendered":"https:\/\/partsandpieces.bonsaidev.nl\/?product=knop-mat-nikkel-35x15mm"},"modified":"2024-11-26T12:11:59","modified_gmt":"2024-11-26T11:11:59","slug":"knopf-nickel-antik-oval-35mm","status":"publish","type":"product","link":"https:\/\/partsandpieces.nl\/de\/product\/knop-nikkel-antiek-ovaal-35mm\/","title":{"rendered":"Knopf Nickel Antik Oval 35mm"},"content":{"rendered":"<p><strong>Knopf Nickel Antik Oval 35mm<\/strong> ist ein wundersch\u00f6ner, schlichter M\u00f6belknopf aus Zamak* mit einer nickelfarbenen Oberfl\u00e4che mit antiker Patina. Das Erscheinungsbild der Schaltfl\u00e4che ist matt und glatt. Dieser Knauf passt gut auf Ihre antiken M\u00f6bel oder Ihren K\u00fcchenschrank.<\/p>\n<p>Dieser hochwertige Knopf wird in Italien hergestellt.<\/p>\n<p><strong>Ma\u00dfe<br \/>\n<\/strong>Der Knopf Nickel Antik Oval 35 mm hat eine Breite von 35 mm und eine H\u00f6he von 14 mm. Nach der Montage steht dieser Knopf 24 mm hervor. Der Fu\u00df des Knopfes hat eine Breite von 20 mm und eine H\u00f6he von 16 mm.<\/p>\n<p><strong>Bearbeiten<br \/>\n<\/strong>Sie k\u00f6nnen den Taster mit blind montieren\u00a0<span style=\"text-decoration: underline;\"><a href=\"https:\/\/partsandpieces.nl\/de\/produkt\/schraube-edelstahl-zur-blindmontage-von-mobelbeschlagen-45x4mm-20-stuck\/\">Edelstahlschraube zur Blindbefestigung von M\u00f6belbeschl\u00e4gen (45x4mm)<\/a><\/span>. Ich schicke diese Schraube\u00a0<strong>FREI<\/strong>\u00a0mit Ihrer Bestellung.<\/p>\n<p>* Zamak ist eine Legierung mit Zink als Hauptbestandteil. Es hat einen relativ niedrigen Schmelzpunkt und ist leicht zu gie\u00dfen. Der Name ist ein Akronym, abgeleitet von den Anfangsbuchstaben der deutschen Bezeichnungen f\u00fcr die Metalle, aus denen sich der Werkstoff zusammensetzt: Zink, Aluminium, MAGnesium, Kupfer. Zamak wird in der Auto- und M\u00f6belindustrie f\u00fcr T\u00fcrgriffe, Griffe, Logos und Zierleisten verwendet. Es wird auch h\u00e4ufig als Ersatz f\u00fcr das giftige Blei verwendet.<\/p>","protected":false},"excerpt":{"rendered":"<p>Knop Nikkel Antiek Ovaal 35mm is een mooie, strakke meubelknop gemaakt van zamak* met een nikkelkleurige afwerking met antiek patina. De uitstraling van de knop is mat en glad. Deze knop past goed op je antieke meubel of keukenkastje. Deze kwalitatief uitstekende knop is gemaakt in Itali\u00eb. Afmetingen De Knop Nikkel Antiek Ovaal 35mm heeft [&hellip;]<\/p>\n","protected":false},"featured_media":5477,"template":"","meta":{"_acf_changed":false},"product_brand":[],"product_cat":[37,23],"product_tag":[],"class_list":{"0":"post-560","1":"product","2":"type-product","3":"status-publish","4":"has-post-thumbnail","6":"product_cat-knoppen","7":"product_cat-meubelbeslag","9":"first","10":"instock","11":"taxable","12":"shipping-taxable","13":"purchasable","14":"product-type-simple"},"acf":[],"yoast_head":"<!-- This site is optimized with the Yoast SEO plugin v27.3 - https:\/\/yoast.com\/product\/yoast-seo-wordpress\/ -->\n<title>Knop Nikkel Antiek Ovaal 35mm<\/title>\n<meta name=\"description\" content=\"Knop Nikkel Antiek Ovaal 35mm is een mooie, strakke meubelknop met een nikkelkleurige afwerking. Deze knop past goed op je antieke meubel of keukenkastje.\" \/>\n<meta name=\"robots\" content=\"index, follow, max-snippet:-1, max-image-preview:large, max-video-preview:-1\" \/>\n<link rel=\"canonical\" href=\"https:\/\/partsandpieces.nl\/de\/produkt\/knopf-nickel-antik-oval-35mm\/\" \/>\n<meta property=\"og:locale\" content=\"de_DE\" \/>\n<meta property=\"og:type\" content=\"article\" \/>\n<meta property=\"og:title\" content=\"Knop Nikkel Antiek Ovaal 35mm\" \/>\n<meta property=\"og:description\" content=\"Knop Nikkel Antiek Ovaal 35mm is een mooie, strakke meubelknop met een nikkelkleurige afwerking. Deze knop past goed op je antieke meubel of keukenkastje.\" \/>\n<meta property=\"og:url\" content=\"https:\/\/partsandpieces.nl\/de\/produkt\/knopf-nickel-antik-oval-35mm\/\" \/>\n<meta property=\"og:site_name\" content=\"Parts &amp; Pieces\" \/>\n<meta property=\"article:modified_time\" content=\"2024-11-26T11:11:59+00:00\" \/>\n<meta property=\"og:image\" content=\"https:\/\/partsandpieces.nl\/wp-content\/uploads\/2020\/07\/Knop-Nikkel-Antiek-Ovaal-35mm.jpg\" \/>\n\t<meta property=\"og:image:width\" content=\"436\" \/>\n\t<meta property=\"og:image:height\" content=\"434\" \/>\n\t<meta property=\"og:image:type\" content=\"image\/jpeg\" \/>\n<meta name=\"twitter:card\" content=\"summary_large_image\" \/>\n<meta name=\"twitter:label1\" content=\"Gesch\u00e4tzte Lesezeit\" \/>\n\t<meta name=\"twitter:data1\" content=\"1\u00a0Minute\" \/>\n<script type=\"application\/ld+json\" class=\"yoast-schema-graph\">{\"@context\":\"https:\\\/\\\/schema.org\",\"@graph\":[{\"@type\":\"WebPage\",\"@id\":\"https:\\\/\\\/partsandpieces.nl\\\/product\\\/knop-nikkel-antiek-ovaal-35mm\\\/\",\"url\":\"https:\\\/\\\/partsandpieces.nl\\\/product\\\/knop-nikkel-antiek-ovaal-35mm\\\/\",\"name\":\"Knop Nikkel Antiek Ovaal 35mm\",\"isPartOf\":{\"@id\":\"https:\\\/\\\/partsandpieces.nl\\\/#website\"},\"primaryImageOfPage\":{\"@id\":\"https:\\\/\\\/partsandpieces.nl\\\/product\\\/knop-nikkel-antiek-ovaal-35mm\\\/#primaryimage\"},\"image\":{\"@id\":\"https:\\\/\\\/partsandpieces.nl\\\/product\\\/knop-nikkel-antiek-ovaal-35mm\\\/#primaryimage\"},\"thumbnailUrl\":\"https:\\\/\\\/partsandpieces.nl\\\/wp-content\\\/uploads\\\/2020\\\/07\\\/Knop-Nikkel-Antiek-Ovaal-35mm.jpg\",\"datePublished\":\"2020-07-16T09:41:12+00:00\",\"dateModified\":\"2024-11-26T11:11:59+00:00\",\"description\":\"Knop Nikkel Antiek Ovaal 35mm is een mooie, strakke meubelknop met een nikkelkleurige afwerking. Deze knop past goed op je antieke meubel of keukenkastje.\",\"breadcrumb\":{\"@id\":\"https:\\\/\\\/partsandpieces.nl\\\/product\\\/knop-nikkel-antiek-ovaal-35mm\\\/#breadcrumb\"},\"inLanguage\":\"de\",\"potentialAction\":[{\"@type\":\"ReadAction\",\"target\":[\"https:\\\/\\\/partsandpieces.nl\\\/product\\\/knop-nikkel-antiek-ovaal-35mm\\\/\"]}]},{\"@type\":\"ImageObject\",\"inLanguage\":\"de\",\"@id\":\"https:\\\/\\\/partsandpieces.nl\\\/product\\\/knop-nikkel-antiek-ovaal-35mm\\\/#primaryimage\",\"url\":\"https:\\\/\\\/partsandpieces.nl\\\/wp-content\\\/uploads\\\/2020\\\/07\\\/Knop-Nikkel-Antiek-Ovaal-35mm.jpg\",\"contentUrl\":\"https:\\\/\\\/partsandpieces.nl\\\/wp-content\\\/uploads\\\/2020\\\/07\\\/Knop-Nikkel-Antiek-Ovaal-35mm.jpg\",\"width\":436,\"height\":434,\"caption\":\"Knop Nikkel Antiek Ovaal 35mm\"},{\"@type\":\"BreadcrumbList\",\"@id\":\"https:\\\/\\\/partsandpieces.nl\\\/product\\\/knop-nikkel-antiek-ovaal-35mm\\\/#breadcrumb\",\"itemListElement\":[{\"@type\":\"ListItem\",\"position\":1,\"name\":\"Home\",\"item\":\"https:\\\/\\\/partsandpieces.nl\\\/home\\\/\"},{\"@type\":\"ListItem\",\"position\":2,\"name\":\"Winkel\",\"item\":\"https:\\\/\\\/partsandpieces.nl\\\/winkel\\\/\"},{\"@type\":\"ListItem\",\"position\":3,\"name\":\"Knop Nikkel Antiek Ovaal 35mm\"}]},{\"@type\":\"WebSite\",\"@id\":\"https:\\\/\\\/partsandpieces.nl\\\/#website\",\"url\":\"https:\\\/\\\/partsandpieces.nl\\\/\",\"name\":\"Parts &amp; Pieces\",\"description\":\"Alles voor uw meubelrestauratie en -onderhoud!\",\"potentialAction\":[{\"@type\":\"SearchAction\",\"target\":{\"@type\":\"EntryPoint\",\"urlTemplate\":\"https:\\\/\\\/partsandpieces.nl\\\/?s={search_term_string}\"},\"query-input\":{\"@type\":\"PropertyValueSpecification\",\"valueRequired\":true,\"valueName\":\"search_term_string\"}}],\"inLanguage\":\"de\"}]}<\/script>\n<!-- \/ Yoast SEO plugin. -->","yoast_head_json":{"title":"Knopf Nickel Antik Oval 35mm","description":"Der Knopf Nickel Antique Oval 35 mm ist ein sch\u00f6ner, eleganter M\u00f6belknopf mit einer nickelfarbenen Oberfl\u00e4che. Dieser Knauf passt gut auf Ihre antiken M\u00f6bel oder Ihren K\u00fcchenschrank.","robots":{"index":"index","follow":"follow","max-snippet":"max-snippet:-1","max-image-preview":"max-image-preview:large","max-video-preview":"max-video-preview:-1"},"canonical":"https:\/\/partsandpieces.nl\/de\/produkt\/knopf-nickel-antik-oval-35mm\/","og_locale":"de_DE","og_type":"article","og_title":"Knop Nikkel Antiek Ovaal 35mm","og_description":"Knop Nikkel Antiek Ovaal 35mm is een mooie, strakke meubelknop met een nikkelkleurige afwerking. Deze knop past goed op je antieke meubel of keukenkastje.","og_url":"https:\/\/partsandpieces.nl\/de\/produkt\/knopf-nickel-antik-oval-35mm\/","og_site_name":"Parts &amp; Pieces","article_modified_time":"2024-11-26T11:11:59+00:00","og_image":[{"width":436,"height":434,"url":"https:\/\/partsandpieces.nl\/wp-content\/uploads\/2020\/07\/Knop-Nikkel-Antiek-Ovaal-35mm.jpg","type":"image\/jpeg"}],"twitter_card":"summary_large_image","twitter_misc":{"Gesch\u00e4tzte Lesezeit":"1\u00a0Minute"},"schema":{"@context":"https:\/\/schema.org","@graph":[{"@type":"WebPage","@id":"https:\/\/partsandpieces.nl\/product\/knop-nikkel-antiek-ovaal-35mm\/","url":"https:\/\/partsandpieces.nl\/product\/knop-nikkel-antiek-ovaal-35mm\/","name":"Knopf Nickel Antik Oval 35mm","isPartOf":{"@id":"https:\/\/partsandpieces.nl\/#website"},"primaryImageOfPage":{"@id":"https:\/\/partsandpieces.nl\/product\/knop-nikkel-antiek-ovaal-35mm\/#primaryimage"},"image":{"@id":"https:\/\/partsandpieces.nl\/product\/knop-nikkel-antiek-ovaal-35mm\/#primaryimage"},"thumbnailUrl":"https:\/\/partsandpieces.nl\/wp-content\/uploads\/2020\/07\/Knop-Nikkel-Antiek-Ovaal-35mm.jpg","datePublished":"2020-07-16T09:41:12+00:00","dateModified":"2024-11-26T11:11:59+00:00","description":"Der Knopf Nickel Antique Oval 35 mm ist ein sch\u00f6ner, eleganter M\u00f6belknopf mit einer nickelfarbenen Oberfl\u00e4che. Dieser Knauf passt gut auf Ihre antiken M\u00f6bel oder Ihren K\u00fcchenschrank.","breadcrumb":{"@id":"https:\/\/partsandpieces.nl\/product\/knop-nikkel-antiek-ovaal-35mm\/#breadcrumb"},"inLanguage":"de","potentialAction":[{"@type":"ReadAction","target":["https:\/\/partsandpieces.nl\/product\/knop-nikkel-antiek-ovaal-35mm\/"]}]},{"@type":"ImageObject","inLanguage":"de","@id":"https:\/\/partsandpieces.nl\/product\/knop-nikkel-antiek-ovaal-35mm\/#primaryimage","url":"https:\/\/partsandpieces.nl\/wp-content\/uploads\/2020\/07\/Knop-Nikkel-Antiek-Ovaal-35mm.jpg","contentUrl":"https:\/\/partsandpieces.nl\/wp-content\/uploads\/2020\/07\/Knop-Nikkel-Antiek-Ovaal-35mm.jpg","width":436,"height":434,"caption":"Knop Nikkel Antiek Ovaal 35mm"},{"@type":"BreadcrumbList","@id":"https:\/\/partsandpieces.nl\/product\/knop-nikkel-antiek-ovaal-35mm\/#breadcrumb","itemListElement":[{"@type":"ListItem","position":1,"name":"Home","item":"https:\/\/partsandpieces.nl\/home\/"},{"@type":"ListItem","position":2,"name":"Winkel","item":"https:\/\/partsandpieces.nl\/winkel\/"},{"@type":"ListItem","position":3,"name":"Knop Nikkel Antiek Ovaal 35mm"}]},{"@type":"WebSite","@id":"https:\/\/partsandpieces.nl\/#website","url":"https:\/\/partsandpieces.nl\/","name":"Teile &amp; St\u00fccke","description":"Alles f\u00fcr Ihre M\u00f6belrestaurierung und -pflege!","potentialAction":[{"@type":"SearchAction","target":{"@type":"EntryPoint","urlTemplate":"https:\/\/partsandpieces.nl\/?s={search_term_string}"},"query-input":{"@type":"PropertyValueSpecification","valueRequired":true,"valueName":"search_term_string"}}],"inLanguage":"de"}]}},"_links":{"self":[{"href":"https:\/\/partsandpieces.nl\/de\/wp-json\/wp\/v2\/product\/560","targetHints":{"allow":["GET"]}}],"collection":[{"href":"https:\/\/partsandpieces.nl\/de\/wp-json\/wp\/v2\/product"}],"about":[{"href":"https:\/\/partsandpieces.nl\/de\/wp-json\/wp\/v2\/types\/product"}],"wp:featuredmedia":[{"embeddable":true,"href":"https:\/\/partsandpieces.nl\/de\/wp-json\/wp\/v2\/media\/5477"}],"wp:attachment":[{"href":"https:\/\/partsandpieces.nl\/de\/wp-json\/wp\/v2\/media?parent=560"}],"wp:term":[{"taxonomy":"product_brand","embeddable":true,"href":"https:\/\/partsandpieces.nl\/de\/wp-json\/wp\/v2\/product_brand?post=560"},{"taxonomy":"product_cat","embeddable":true,"href":"https:\/\/partsandpieces.nl\/de\/wp-json\/wp\/v2\/product_cat?post=560"},{"taxonomy":"product_tag","embeddable":true,"href":"https:\/\/partsandpieces.nl\/de\/wp-json\/wp\/v2\/product_tag?post=560"}],"curies":[{"name":"wp","href":"https:\/\/api.w.org\/{rel}","templated":true}]}}