{"id":566,"date":"2020-07-16T09:46:59","date_gmt":"2020-07-16T09:46:59","guid":{"rendered":"https:\/\/partsandpieces.bonsaidev.nl\/?product=knop-25-mm-mat-chroom"},"modified":"2025-02-01T13:37:03","modified_gmt":"2025-02-01T12:37:03","slug":"knopf-grau-eisenfarben-klassisch-rund-verziert-25mm","status":"publish","type":"product","link":"https:\/\/partsandpieces.nl\/de\/product\/knop-grijs-ijzerkleurig-klassiek-rond-bewerkt-25mm\/","title":{"rendered":"Grauer\/eisenfarbener klassischer runder Knopf, 25 mm"},"content":{"rendered":"<p><strong>Grauer\/eisenfarbener klassischer runder Knopf, 25 mm<\/strong> Dieser sch\u00f6ne, runde M\u00f6belknopf aus Zamak hat eine antikgrau\/eisenfarbene Oberfl\u00e4che.* Er zeigt ein Motiv in Form eines abgeflachten Buchstabens \u201ef\u201c zwischen zwei Rauten. Dieser Knopf sieht auf Ihren M\u00f6beln oder K\u00fcchenschr\u00e4nken gro\u00dfartig aus.<\/p>\n<p>Dieser hochwertige Knopf wird in Italien hergestellt.<\/p>\n<p><strong>Ma\u00dfe<br \/>\n<\/strong>Der graue\/eisenfarbene klassische runde Knopf 25 mm hat einen Durchmesser von 25 mm. Nach der Installation steht dieser Knopf 20 mm hervor. Die Basis des Knopfes hat einen Durchmesser von 15 mm.<\/p>\n<p><strong>Bearbeiten<br \/>\n<\/strong>Sie k\u00f6nnen diesen Knopf mit blind montieren\u00a0<span style=\"text-decoration: underline;\"><a href=\"https:\/\/partsandpieces.nl\/de\/produkt\/schraube-edelstahl-fur-blindmontageknopf-20x4mm-20-stuck\/\">Edelstahlschraube f\u00fcr Blindbefestigungsknopf (20x4mm)<\/a><\/span>. Ich schicke diese Schraube\u00a0<strong>FREI<\/strong>\u00a0mit Ihrer Bestellung.<\/p>\n<p>* Zamak ist eine Legierung mit Zink als Hauptbestandteil. Es hat einen relativ niedrigen Schmelzpunkt und ist leicht zu gie\u00dfen. Der Name ist ein Akronym, abgeleitet von den Anfangsbuchstaben der deutschen Bezeichnungen f\u00fcr die Metalle, aus denen sich der Werkstoff zusammensetzt: Zink, Aluminium, MAGnesium, Kupfer. Zamak wird in der Auto- und M\u00f6belindustrie f\u00fcr T\u00fcrgriffe, Griffe, Logos und Zierleisten verwendet. Es wird auch h\u00e4ufig als Ersatz f\u00fcr das giftige Blei verwendet.<\/p>","protected":false},"excerpt":{"rendered":"<p>Knop Grijs \/ IJzerkleurig klassiek rond bewerkt 25mm is een mooie, ronde meubelknop met een antiek grijze \/ ijzerkleurige afwerking gemaakt van zamak*. De knop is versierd met een motief in de vorm van een plat gelegde letter &#8216;f&#8217; &#8216;tussen 2 ruiten. Deze knop past goed op je meubel of keukenkastje. Deze kwalitatief uitstekende knop [&hellip;]<\/p>\n","protected":false},"featured_media":6883,"template":"","meta":{"_acf_changed":false},"product_brand":[],"product_cat":[37,23],"product_tag":[],"class_list":{"0":"post-566","1":"product","2":"type-product","3":"status-publish","4":"has-post-thumbnail","6":"product_cat-knoppen","7":"product_cat-meubelbeslag","9":"first","10":"instock","11":"taxable","12":"shipping-taxable","13":"purchasable","14":"product-type-simple"},"acf":[],"yoast_head":"<!-- This site is optimized with the Yoast SEO plugin v27.3 - https:\/\/yoast.com\/product\/yoast-seo-wordpress\/ -->\n<title>Knop Grijs klassiek 25mm<\/title>\n<meta name=\"description\" content=\"Knop Grijs \/ IJzerkleurig klassiek rond bewerkt 25mm is versierd met een motief in de vorm van een plat gelegde letter &#039;f&#039; &#039;tussen 2 ruiten.\" \/>\n<meta name=\"robots\" content=\"index, follow, max-snippet:-1, max-image-preview:large, max-video-preview:-1\" \/>\n<link rel=\"canonical\" href=\"https:\/\/partsandpieces.nl\/de\/produkt\/knopf-grau-eisenfarben-klassisch-rund-verziert-25mm\/\" \/>\n<meta property=\"og:locale\" content=\"de_DE\" \/>\n<meta property=\"og:type\" content=\"article\" \/>\n<meta property=\"og:title\" content=\"Knop Grijs klassiek 25mm\" \/>\n<meta property=\"og:description\" content=\"Knop Grijs \/ IJzerkleurig klassiek rond bewerkt 25mm is versierd met een motief in de vorm van een plat gelegde letter &#039;f&#039; &#039;tussen 2 ruiten.\" \/>\n<meta property=\"og:url\" content=\"https:\/\/partsandpieces.nl\/de\/produkt\/knopf-grau-eisenfarben-klassisch-rund-verziert-25mm\/\" \/>\n<meta property=\"og:site_name\" content=\"Parts &amp; Pieces\" \/>\n<meta property=\"article:modified_time\" content=\"2025-02-01T12:37:03+00:00\" \/>\n<meta property=\"og:image\" content=\"https:\/\/partsandpieces.nl\/wp-content\/uploads\/2020\/07\/Knop-Grijs-IJzerkleurig-klassiek-rond-bewerkt-25mm.jpg\" \/>\n\t<meta property=\"og:image:width\" content=\"299\" \/>\n\t<meta property=\"og:image:height\" content=\"299\" \/>\n\t<meta property=\"og:image:type\" content=\"image\/jpeg\" \/>\n<meta name=\"twitter:card\" content=\"summary_large_image\" \/>\n<meta name=\"twitter:label1\" content=\"Gesch\u00e4tzte Lesezeit\" \/>\n\t<meta name=\"twitter:data1\" content=\"1\u00a0Minute\" \/>\n<script type=\"application\/ld+json\" class=\"yoast-schema-graph\">{\"@context\":\"https:\\\/\\\/schema.org\",\"@graph\":[{\"@type\":\"WebPage\",\"@id\":\"https:\\\/\\\/partsandpieces.nl\\\/product\\\/knop-grijs-ijzerkleurig-klassiek-rond-bewerkt-25mm\\\/\",\"url\":\"https:\\\/\\\/partsandpieces.nl\\\/product\\\/knop-grijs-ijzerkleurig-klassiek-rond-bewerkt-25mm\\\/\",\"name\":\"Knop Grijs klassiek 25mm\",\"isPartOf\":{\"@id\":\"https:\\\/\\\/partsandpieces.nl\\\/#website\"},\"primaryImageOfPage\":{\"@id\":\"https:\\\/\\\/partsandpieces.nl\\\/product\\\/knop-grijs-ijzerkleurig-klassiek-rond-bewerkt-25mm\\\/#primaryimage\"},\"image\":{\"@id\":\"https:\\\/\\\/partsandpieces.nl\\\/product\\\/knop-grijs-ijzerkleurig-klassiek-rond-bewerkt-25mm\\\/#primaryimage\"},\"thumbnailUrl\":\"https:\\\/\\\/partsandpieces.nl\\\/wp-content\\\/uploads\\\/2020\\\/07\\\/Knop-Grijs-IJzerkleurig-klassiek-rond-bewerkt-25mm.jpg\",\"datePublished\":\"2020-07-16T09:46:59+00:00\",\"dateModified\":\"2025-02-01T12:37:03+00:00\",\"description\":\"Knop Grijs \\\/ IJzerkleurig klassiek rond bewerkt 25mm is versierd met een motief in de vorm van een plat gelegde letter 'f' 'tussen 2 ruiten.\",\"breadcrumb\":{\"@id\":\"https:\\\/\\\/partsandpieces.nl\\\/product\\\/knop-grijs-ijzerkleurig-klassiek-rond-bewerkt-25mm\\\/#breadcrumb\"},\"inLanguage\":\"de\",\"potentialAction\":[{\"@type\":\"ReadAction\",\"target\":[\"https:\\\/\\\/partsandpieces.nl\\\/product\\\/knop-grijs-ijzerkleurig-klassiek-rond-bewerkt-25mm\\\/\"]}]},{\"@type\":\"ImageObject\",\"inLanguage\":\"de\",\"@id\":\"https:\\\/\\\/partsandpieces.nl\\\/product\\\/knop-grijs-ijzerkleurig-klassiek-rond-bewerkt-25mm\\\/#primaryimage\",\"url\":\"https:\\\/\\\/partsandpieces.nl\\\/wp-content\\\/uploads\\\/2020\\\/07\\\/Knop-Grijs-IJzerkleurig-klassiek-rond-bewerkt-25mm.jpg\",\"contentUrl\":\"https:\\\/\\\/partsandpieces.nl\\\/wp-content\\\/uploads\\\/2020\\\/07\\\/Knop-Grijs-IJzerkleurig-klassiek-rond-bewerkt-25mm.jpg\",\"width\":299,\"height\":299,\"caption\":\"Knop Grijs \\\/ IJzerkleurig klassiek rond bewerkt 25mm\"},{\"@type\":\"BreadcrumbList\",\"@id\":\"https:\\\/\\\/partsandpieces.nl\\\/product\\\/knop-grijs-ijzerkleurig-klassiek-rond-bewerkt-25mm\\\/#breadcrumb\",\"itemListElement\":[{\"@type\":\"ListItem\",\"position\":1,\"name\":\"Home\",\"item\":\"https:\\\/\\\/partsandpieces.nl\\\/home\\\/\"},{\"@type\":\"ListItem\",\"position\":2,\"name\":\"Winkel\",\"item\":\"https:\\\/\\\/partsandpieces.nl\\\/winkel\\\/\"},{\"@type\":\"ListItem\",\"position\":3,\"name\":\"Knop Grijs \\\/ IJzerkleurig klassiek rond bewerkt 25mm\"}]},{\"@type\":\"WebSite\",\"@id\":\"https:\\\/\\\/partsandpieces.nl\\\/#website\",\"url\":\"https:\\\/\\\/partsandpieces.nl\\\/\",\"name\":\"Parts &amp; Pieces\",\"description\":\"Alles voor uw meubelrestauratie en -onderhoud!\",\"potentialAction\":[{\"@type\":\"SearchAction\",\"target\":{\"@type\":\"EntryPoint\",\"urlTemplate\":\"https:\\\/\\\/partsandpieces.nl\\\/?s={search_term_string}\"},\"query-input\":{\"@type\":\"PropertyValueSpecification\",\"valueRequired\":true,\"valueName\":\"search_term_string\"}}],\"inLanguage\":\"de\"}]}<\/script>\n<!-- \/ Yoast SEO plugin. -->","yoast_head_json":{"title":"Knopf Grau klassisch 25mm","description":"Der graue\/eisenfarbene klassische runde Knopf 25 mm ist mit einem Motiv in Form eines flachen Buchstabens \u201ef\u201c zwischen 2 Diamanten verziert.","robots":{"index":"index","follow":"follow","max-snippet":"max-snippet:-1","max-image-preview":"max-image-preview:large","max-video-preview":"max-video-preview:-1"},"canonical":"https:\/\/partsandpieces.nl\/de\/produkt\/knopf-grau-eisenfarben-klassisch-rund-verziert-25mm\/","og_locale":"de_DE","og_type":"article","og_title":"Knop Grijs klassiek 25mm","og_description":"Knop Grijs \/ IJzerkleurig klassiek rond bewerkt 25mm is versierd met een motief in de vorm van een plat gelegde letter 'f' 'tussen 2 ruiten.","og_url":"https:\/\/partsandpieces.nl\/de\/produkt\/knopf-grau-eisenfarben-klassisch-rund-verziert-25mm\/","og_site_name":"Parts &amp; Pieces","article_modified_time":"2025-02-01T12:37:03+00:00","og_image":[{"width":299,"height":299,"url":"https:\/\/partsandpieces.nl\/wp-content\/uploads\/2020\/07\/Knop-Grijs-IJzerkleurig-klassiek-rond-bewerkt-25mm.jpg","type":"image\/jpeg"}],"twitter_card":"summary_large_image","twitter_misc":{"Gesch\u00e4tzte Lesezeit":"1\u00a0Minute"},"schema":{"@context":"https:\/\/schema.org","@graph":[{"@type":"WebPage","@id":"https:\/\/partsandpieces.nl\/product\/knop-grijs-ijzerkleurig-klassiek-rond-bewerkt-25mm\/","url":"https:\/\/partsandpieces.nl\/product\/knop-grijs-ijzerkleurig-klassiek-rond-bewerkt-25mm\/","name":"Knopf Grau klassisch 25mm","isPartOf":{"@id":"https:\/\/partsandpieces.nl\/#website"},"primaryImageOfPage":{"@id":"https:\/\/partsandpieces.nl\/product\/knop-grijs-ijzerkleurig-klassiek-rond-bewerkt-25mm\/#primaryimage"},"image":{"@id":"https:\/\/partsandpieces.nl\/product\/knop-grijs-ijzerkleurig-klassiek-rond-bewerkt-25mm\/#primaryimage"},"thumbnailUrl":"https:\/\/partsandpieces.nl\/wp-content\/uploads\/2020\/07\/Knop-Grijs-IJzerkleurig-klassiek-rond-bewerkt-25mm.jpg","datePublished":"2020-07-16T09:46:59+00:00","dateModified":"2025-02-01T12:37:03+00:00","description":"Der graue\/eisenfarbene klassische runde Knopf 25 mm ist mit einem Motiv in Form eines flachen Buchstabens \u201ef\u201c zwischen 2 Diamanten verziert.","breadcrumb":{"@id":"https:\/\/partsandpieces.nl\/product\/knop-grijs-ijzerkleurig-klassiek-rond-bewerkt-25mm\/#breadcrumb"},"inLanguage":"de","potentialAction":[{"@type":"ReadAction","target":["https:\/\/partsandpieces.nl\/product\/knop-grijs-ijzerkleurig-klassiek-rond-bewerkt-25mm\/"]}]},{"@type":"ImageObject","inLanguage":"de","@id":"https:\/\/partsandpieces.nl\/product\/knop-grijs-ijzerkleurig-klassiek-rond-bewerkt-25mm\/#primaryimage","url":"https:\/\/partsandpieces.nl\/wp-content\/uploads\/2020\/07\/Knop-Grijs-IJzerkleurig-klassiek-rond-bewerkt-25mm.jpg","contentUrl":"https:\/\/partsandpieces.nl\/wp-content\/uploads\/2020\/07\/Knop-Grijs-IJzerkleurig-klassiek-rond-bewerkt-25mm.jpg","width":299,"height":299,"caption":"Knop Grijs \/ IJzerkleurig klassiek rond bewerkt 25mm"},{"@type":"BreadcrumbList","@id":"https:\/\/partsandpieces.nl\/product\/knop-grijs-ijzerkleurig-klassiek-rond-bewerkt-25mm\/#breadcrumb","itemListElement":[{"@type":"ListItem","position":1,"name":"Home","item":"https:\/\/partsandpieces.nl\/home\/"},{"@type":"ListItem","position":2,"name":"Winkel","item":"https:\/\/partsandpieces.nl\/winkel\/"},{"@type":"ListItem","position":3,"name":"Knop Grijs \/ IJzerkleurig klassiek rond bewerkt 25mm"}]},{"@type":"WebSite","@id":"https:\/\/partsandpieces.nl\/#website","url":"https:\/\/partsandpieces.nl\/","name":"Teile &amp; St\u00fccke","description":"Alles f\u00fcr Ihre M\u00f6belrestaurierung und -pflege!","potentialAction":[{"@type":"SearchAction","target":{"@type":"EntryPoint","urlTemplate":"https:\/\/partsandpieces.nl\/?s={search_term_string}"},"query-input":{"@type":"PropertyValueSpecification","valueRequired":true,"valueName":"search_term_string"}}],"inLanguage":"de"}]}},"_links":{"self":[{"href":"https:\/\/partsandpieces.nl\/de\/wp-json\/wp\/v2\/product\/566","targetHints":{"allow":["GET"]}}],"collection":[{"href":"https:\/\/partsandpieces.nl\/de\/wp-json\/wp\/v2\/product"}],"about":[{"href":"https:\/\/partsandpieces.nl\/de\/wp-json\/wp\/v2\/types\/product"}],"wp:featuredmedia":[{"embeddable":true,"href":"https:\/\/partsandpieces.nl\/de\/wp-json\/wp\/v2\/media\/6883"}],"wp:attachment":[{"href":"https:\/\/partsandpieces.nl\/de\/wp-json\/wp\/v2\/media?parent=566"}],"wp:term":[{"taxonomy":"product_brand","embeddable":true,"href":"https:\/\/partsandpieces.nl\/de\/wp-json\/wp\/v2\/product_brand?post=566"},{"taxonomy":"product_cat","embeddable":true,"href":"https:\/\/partsandpieces.nl\/de\/wp-json\/wp\/v2\/product_cat?post=566"},{"taxonomy":"product_tag","embeddable":true,"href":"https:\/\/partsandpieces.nl\/de\/wp-json\/wp\/v2\/product_tag?post=566"}],"curies":[{"name":"wp","href":"https:\/\/api.w.org\/{rel}","templated":true}]}}