{"id":570,"date":"2020-07-16T10:02:37","date_gmt":"2020-07-16T10:02:37","guid":{"rendered":"https:\/\/partsandpieces.bonsaidev.nl\/?product=knop-zam-mat-chr-rond-32-mm"},"modified":"2025-01-28T16:44:49","modified_gmt":"2025-01-28T15:44:49","slug":"knopf-dekor-5500-antiksilber-gros-32mm","status":"publish","type":"product","link":"https:\/\/partsandpieces.nl\/de\/product\/knop-decor-5500-antiek-zilver-groot-32mm\/","title":{"rendered":"Knauf Dekor 5500 Antiksilber gro\u00df 32mm"},"content":{"rendered":"<p><strong>Knauf Dekor 5500 Antiksilber rund gro\u00df 32mm<\/strong> ist ein wundersch\u00f6ner, runder M\u00f6belknopf mit antiker, silberfarbener Oberfl\u00e4che. Der Knopf hat die Form eines gekr\u00e4uselten Farns oder einer abstrakten Welle. Die Kappe des Knopfes ist flach geformt. Das Erscheinungsbild der Schaltfl\u00e4che ist matt.<\/p>\n<p>Dieser hochwertige Knopf wird in Italien hergestellt.<\/p>\n<p><strong>Ma\u00dfe<br \/>\n<\/strong>Knauf Decor 5500 Antiksilber gro\u00df 32mm hat einen Durchmesser von 32mm. Nach der Installation steht dieser Knopf 20 mm hervor. Die Basis des Knopfes hat einen Durchmesser von 8 mm.<\/p>\n<p><strong>Bearbeiten<br \/>\n<\/strong>Sie k\u00f6nnen den Taster mit blind montieren\u00a0<span style=\"text-decoration: underline;\"><a href=\"https:\/\/partsandpieces.nl\/de\/produkt\/schraube-edelstahl-fur-blindmontageknopf-20x4mm-20-stuck\/\">Edelstahlschraube f\u00fcr Blindbefestigungsknopf (20x4mm)<\/a><\/span>. Ich schicke diese Schraube\u00a0<strong>FREI<\/strong>\u00a0mit Ihrer Bestellung.<\/p>","protected":false},"excerpt":{"rendered":"<p>Knop Decor 5500 Antiek Zilver rond groot 32mm is een mooie, ronde meubelknop met een antieke, zilverkleurige finish. De knop heeft de vorm van een opgekrulde varen of abstracte golf. De hoed van de knop is plat van vorm. De uitstraling van de knop is mat. Deze kwalitatief uitstekende knop is gemaakt in Itali\u00eb. Afmetingen [&hellip;]<\/p>\n","protected":false},"featured_media":6127,"template":"","meta":{"_acf_changed":false},"product_brand":[],"product_cat":[37,23],"product_tag":[],"class_list":{"0":"post-570","1":"product","2":"type-product","3":"status-publish","4":"has-post-thumbnail","6":"product_cat-knoppen","7":"product_cat-meubelbeslag","9":"first","10":"instock","11":"taxable","12":"shipping-taxable","13":"purchasable","14":"product-type-simple"},"acf":[],"yoast_head":"<!-- This site is optimized with the Yoast SEO plugin v27.3 - https:\/\/yoast.com\/product\/yoast-seo-wordpress\/ -->\n<title>Knop Antiek Zilver groot<\/title>\n<meta name=\"description\" content=\"Knop Decor 5500 Antiek Zilver rond groot 32mm heeft een antieke, zilverkleurige finish. De knop heeft de vorm van een opgekrulde varen of abstracte golf.\" \/>\n<meta name=\"robots\" content=\"index, follow, max-snippet:-1, max-image-preview:large, max-video-preview:-1\" \/>\n<link rel=\"canonical\" href=\"https:\/\/partsandpieces.nl\/de\/produkt\/knopf-dekor-5500-antiksilber-gros-32mm\/\" \/>\n<meta property=\"og:locale\" content=\"de_DE\" \/>\n<meta property=\"og:type\" content=\"article\" \/>\n<meta property=\"og:title\" content=\"Knop Antiek Zilver groot\" \/>\n<meta property=\"og:description\" content=\"Knop Decor 5500 Antiek Zilver rond groot 32mm heeft een antieke, zilverkleurige finish. De knop heeft de vorm van een opgekrulde varen of abstracte golf.\" \/>\n<meta property=\"og:url\" content=\"https:\/\/partsandpieces.nl\/de\/produkt\/knopf-dekor-5500-antiksilber-gros-32mm\/\" \/>\n<meta property=\"og:site_name\" content=\"Parts &amp; Pieces\" \/>\n<meta property=\"article:modified_time\" content=\"2025-01-28T15:44:49+00:00\" \/>\n<meta property=\"og:image\" content=\"https:\/\/partsandpieces.nl\/wp-content\/uploads\/2020\/07\/Knop-Decor-5500-Antiek-Zilver-groot-32mm.jpg\" \/>\n\t<meta property=\"og:image:width\" content=\"430\" \/>\n\t<meta property=\"og:image:height\" content=\"428\" \/>\n\t<meta property=\"og:image:type\" content=\"image\/jpeg\" \/>\n<meta name=\"twitter:card\" content=\"summary_large_image\" \/>\n<meta name=\"twitter:label1\" content=\"Gesch\u00e4tzte Lesezeit\" \/>\n\t<meta name=\"twitter:data1\" content=\"1\u00a0Minute\" \/>\n<script type=\"application\/ld+json\" class=\"yoast-schema-graph\">{\"@context\":\"https:\\\/\\\/schema.org\",\"@graph\":[{\"@type\":\"WebPage\",\"@id\":\"https:\\\/\\\/partsandpieces.nl\\\/product\\\/knop-decor-5500-antiek-zilver-groot-32mm\\\/\",\"url\":\"https:\\\/\\\/partsandpieces.nl\\\/product\\\/knop-decor-5500-antiek-zilver-groot-32mm\\\/\",\"name\":\"Knop Antiek Zilver groot\",\"isPartOf\":{\"@id\":\"https:\\\/\\\/partsandpieces.nl\\\/#website\"},\"primaryImageOfPage\":{\"@id\":\"https:\\\/\\\/partsandpieces.nl\\\/product\\\/knop-decor-5500-antiek-zilver-groot-32mm\\\/#primaryimage\"},\"image\":{\"@id\":\"https:\\\/\\\/partsandpieces.nl\\\/product\\\/knop-decor-5500-antiek-zilver-groot-32mm\\\/#primaryimage\"},\"thumbnailUrl\":\"https:\\\/\\\/partsandpieces.nl\\\/wp-content\\\/uploads\\\/2020\\\/07\\\/Knop-Decor-5500-Antiek-Zilver-groot-32mm.jpg\",\"datePublished\":\"2020-07-16T10:02:37+00:00\",\"dateModified\":\"2025-01-28T15:44:49+00:00\",\"description\":\"Knop Decor 5500 Antiek Zilver rond groot 32mm heeft een antieke, zilverkleurige finish. De knop heeft de vorm van een opgekrulde varen of abstracte golf.\",\"breadcrumb\":{\"@id\":\"https:\\\/\\\/partsandpieces.nl\\\/product\\\/knop-decor-5500-antiek-zilver-groot-32mm\\\/#breadcrumb\"},\"inLanguage\":\"de\",\"potentialAction\":[{\"@type\":\"ReadAction\",\"target\":[\"https:\\\/\\\/partsandpieces.nl\\\/product\\\/knop-decor-5500-antiek-zilver-groot-32mm\\\/\"]}]},{\"@type\":\"ImageObject\",\"inLanguage\":\"de\",\"@id\":\"https:\\\/\\\/partsandpieces.nl\\\/product\\\/knop-decor-5500-antiek-zilver-groot-32mm\\\/#primaryimage\",\"url\":\"https:\\\/\\\/partsandpieces.nl\\\/wp-content\\\/uploads\\\/2020\\\/07\\\/Knop-Decor-5500-Antiek-Zilver-groot-32mm.jpg\",\"contentUrl\":\"https:\\\/\\\/partsandpieces.nl\\\/wp-content\\\/uploads\\\/2020\\\/07\\\/Knop-Decor-5500-Antiek-Zilver-groot-32mm.jpg\",\"width\":430,\"height\":428,\"caption\":\"Knop Decor 5500 Antiek Zilver groot 32mm\"},{\"@type\":\"BreadcrumbList\",\"@id\":\"https:\\\/\\\/partsandpieces.nl\\\/product\\\/knop-decor-5500-antiek-zilver-groot-32mm\\\/#breadcrumb\",\"itemListElement\":[{\"@type\":\"ListItem\",\"position\":1,\"name\":\"Home\",\"item\":\"https:\\\/\\\/partsandpieces.nl\\\/home\\\/\"},{\"@type\":\"ListItem\",\"position\":2,\"name\":\"Winkel\",\"item\":\"https:\\\/\\\/partsandpieces.nl\\\/winkel\\\/\"},{\"@type\":\"ListItem\",\"position\":3,\"name\":\"Knop Decor 5500 Antiek Zilver groot 32mm\"}]},{\"@type\":\"WebSite\",\"@id\":\"https:\\\/\\\/partsandpieces.nl\\\/#website\",\"url\":\"https:\\\/\\\/partsandpieces.nl\\\/\",\"name\":\"Parts &amp; Pieces\",\"description\":\"Alles voor uw meubelrestauratie en -onderhoud!\",\"potentialAction\":[{\"@type\":\"SearchAction\",\"target\":{\"@type\":\"EntryPoint\",\"urlTemplate\":\"https:\\\/\\\/partsandpieces.nl\\\/?s={search_term_string}\"},\"query-input\":{\"@type\":\"PropertyValueSpecification\",\"valueRequired\":true,\"valueName\":\"search_term_string\"}}],\"inLanguage\":\"de\"}]}<\/script>\n<!-- \/ Yoast SEO plugin. -->","yoast_head_json":{"title":"Gro\u00dfer Knopf in Antiksilber","description":"Knauf Decor 5500 Antiksilber rund gro\u00df 32 mm hat eine antike, silberfarbene Oberfl\u00e4che. Der Knopf hat die Form eines gekr\u00e4uselten Farns oder einer abstrakten Welle.","robots":{"index":"index","follow":"follow","max-snippet":"max-snippet:-1","max-image-preview":"max-image-preview:large","max-video-preview":"max-video-preview:-1"},"canonical":"https:\/\/partsandpieces.nl\/de\/produkt\/knopf-dekor-5500-antiksilber-gros-32mm\/","og_locale":"de_DE","og_type":"article","og_title":"Knop Antiek Zilver groot","og_description":"Knop Decor 5500 Antiek Zilver rond groot 32mm heeft een antieke, zilverkleurige finish. De knop heeft de vorm van een opgekrulde varen of abstracte golf.","og_url":"https:\/\/partsandpieces.nl\/de\/produkt\/knopf-dekor-5500-antiksilber-gros-32mm\/","og_site_name":"Parts &amp; Pieces","article_modified_time":"2025-01-28T15:44:49+00:00","og_image":[{"width":430,"height":428,"url":"https:\/\/partsandpieces.nl\/wp-content\/uploads\/2020\/07\/Knop-Decor-5500-Antiek-Zilver-groot-32mm.jpg","type":"image\/jpeg"}],"twitter_card":"summary_large_image","twitter_misc":{"Gesch\u00e4tzte Lesezeit":"1\u00a0Minute"},"schema":{"@context":"https:\/\/schema.org","@graph":[{"@type":"WebPage","@id":"https:\/\/partsandpieces.nl\/product\/knop-decor-5500-antiek-zilver-groot-32mm\/","url":"https:\/\/partsandpieces.nl\/product\/knop-decor-5500-antiek-zilver-groot-32mm\/","name":"Gro\u00dfer Knopf in Antiksilber","isPartOf":{"@id":"https:\/\/partsandpieces.nl\/#website"},"primaryImageOfPage":{"@id":"https:\/\/partsandpieces.nl\/product\/knop-decor-5500-antiek-zilver-groot-32mm\/#primaryimage"},"image":{"@id":"https:\/\/partsandpieces.nl\/product\/knop-decor-5500-antiek-zilver-groot-32mm\/#primaryimage"},"thumbnailUrl":"https:\/\/partsandpieces.nl\/wp-content\/uploads\/2020\/07\/Knop-Decor-5500-Antiek-Zilver-groot-32mm.jpg","datePublished":"2020-07-16T10:02:37+00:00","dateModified":"2025-01-28T15:44:49+00:00","description":"Knauf Decor 5500 Antiksilber rund gro\u00df 32 mm hat eine antike, silberfarbene Oberfl\u00e4che. Der Knopf hat die Form eines gekr\u00e4uselten Farns oder einer abstrakten Welle.","breadcrumb":{"@id":"https:\/\/partsandpieces.nl\/product\/knop-decor-5500-antiek-zilver-groot-32mm\/#breadcrumb"},"inLanguage":"de","potentialAction":[{"@type":"ReadAction","target":["https:\/\/partsandpieces.nl\/product\/knop-decor-5500-antiek-zilver-groot-32mm\/"]}]},{"@type":"ImageObject","inLanguage":"de","@id":"https:\/\/partsandpieces.nl\/product\/knop-decor-5500-antiek-zilver-groot-32mm\/#primaryimage","url":"https:\/\/partsandpieces.nl\/wp-content\/uploads\/2020\/07\/Knop-Decor-5500-Antiek-Zilver-groot-32mm.jpg","contentUrl":"https:\/\/partsandpieces.nl\/wp-content\/uploads\/2020\/07\/Knop-Decor-5500-Antiek-Zilver-groot-32mm.jpg","width":430,"height":428,"caption":"Knop Decor 5500 Antiek Zilver groot 32mm"},{"@type":"BreadcrumbList","@id":"https:\/\/partsandpieces.nl\/product\/knop-decor-5500-antiek-zilver-groot-32mm\/#breadcrumb","itemListElement":[{"@type":"ListItem","position":1,"name":"Home","item":"https:\/\/partsandpieces.nl\/home\/"},{"@type":"ListItem","position":2,"name":"Winkel","item":"https:\/\/partsandpieces.nl\/winkel\/"},{"@type":"ListItem","position":3,"name":"Knop Decor 5500 Antiek Zilver groot 32mm"}]},{"@type":"WebSite","@id":"https:\/\/partsandpieces.nl\/#website","url":"https:\/\/partsandpieces.nl\/","name":"Teile &amp; St\u00fccke","description":"Alles f\u00fcr Ihre M\u00f6belrestaurierung und -pflege!","potentialAction":[{"@type":"SearchAction","target":{"@type":"EntryPoint","urlTemplate":"https:\/\/partsandpieces.nl\/?s={search_term_string}"},"query-input":{"@type":"PropertyValueSpecification","valueRequired":true,"valueName":"search_term_string"}}],"inLanguage":"de"}]}},"_links":{"self":[{"href":"https:\/\/partsandpieces.nl\/de\/wp-json\/wp\/v2\/product\/570","targetHints":{"allow":["GET"]}}],"collection":[{"href":"https:\/\/partsandpieces.nl\/de\/wp-json\/wp\/v2\/product"}],"about":[{"href":"https:\/\/partsandpieces.nl\/de\/wp-json\/wp\/v2\/types\/product"}],"wp:featuredmedia":[{"embeddable":true,"href":"https:\/\/partsandpieces.nl\/de\/wp-json\/wp\/v2\/media\/6127"}],"wp:attachment":[{"href":"https:\/\/partsandpieces.nl\/de\/wp-json\/wp\/v2\/media?parent=570"}],"wp:term":[{"taxonomy":"product_brand","embeddable":true,"href":"https:\/\/partsandpieces.nl\/de\/wp-json\/wp\/v2\/product_brand?post=570"},{"taxonomy":"product_cat","embeddable":true,"href":"https:\/\/partsandpieces.nl\/de\/wp-json\/wp\/v2\/product_cat?post=570"},{"taxonomy":"product_tag","embeddable":true,"href":"https:\/\/partsandpieces.nl\/de\/wp-json\/wp\/v2\/product_tag?post=570"}],"curies":[{"name":"wp","href":"https:\/\/api.w.org\/{rel}","templated":true}]}}