{"id":574,"date":"2020-07-16T10:07:27","date_gmt":"2020-07-16T10:07:27","guid":{"rendered":"https:\/\/partsandpieces.bonsaidev.nl\/?product=greep-chr-swarowski-12x12-mm"},"modified":"2024-11-26T12:06:49","modified_gmt":"2024-11-26T11:06:49","slug":"quadratischer-glanzender-chromknopf-mit-echtem-swarovski-kristall-13-mm","status":"publish","type":"product","link":"https:\/\/partsandpieces.nl\/de\/product\/knop-vierkant-glanzend-chroom-ingelegd-met-echte-swarovski-kristal-13mm\/","title":{"rendered":"Knauf, quadratisch, gl\u00e4nzendes Chrom, eingelegt mit echtem Swarovski-Kristall, 13 mm"},"content":{"rendered":"<p><strong>Knauf, quadratisch, gl\u00e4nzendes Chrom, eingelegt mit echtem Swarovski-Kristall, 13 mm<\/strong> Kommt aus der Serie 550 der Luxuslinie von Giusti. Der gl\u00e4nzende Chromknopf ist mit einem echten Swarovski-Kristall eingelegt. Durch den Schliff des Kristalls reflektiert der Knopf das Licht wundersch\u00f6n.<\/p>\n<p>Dieser hochwertige Knopf wird in Italien hergestellt.<\/p>\n<p><strong>Ma\u00dfe<br \/>\n<\/strong>Der quadratische, gl\u00e4nzend verchromte Knopf mit echtem Swarovski-Kristall (13 mm) ist 13 x 13 mm gro\u00df. Nach der Installation steht dieser Knopf 21 mm hervor.<\/p>\n<p><strong>Bearbeiten<br \/>\n<\/strong>Sie k\u00f6nnen den Taster mit blind montieren <span style=\"text-decoration: underline;\"><a href=\"https:\/\/partsandpieces.nl\/de\/produkt\/schraube-edelstahl-fur-blindmontageknopf-20x4mm-20-stuck\/\">Edelstahlschraube f\u00fcr Blindbefestigungsknopf (20x4mm)<\/a><\/span>. Ich schicke diese Schraube <strong>FREI<\/strong> mit Ihrer Bestellung.<\/p>","protected":false},"excerpt":{"rendered":"<p>Knop vierkant glanzend chroom ingelegd met echte Swarovski kristal 13mm komt uit de serie 550 van de Luxury lijn van Giusti. De glanzend chrome knop is ingelegd met een echt Swarovski kristal. Door de slijping van het kristal weerkaatst de knop het licht prachtig. Deze kwalitatief uitstekende knop is gemaakt in Itali\u00eb. Afmetingen Knop vierkant [&hellip;]<\/p>\n","protected":false},"featured_media":6075,"template":"","meta":{"_acf_changed":false},"product_brand":[],"product_cat":[37,23],"product_tag":[],"class_list":{"0":"post-574","1":"product","2":"type-product","3":"status-publish","4":"has-post-thumbnail","6":"product_cat-knoppen","7":"product_cat-meubelbeslag","9":"first","10":"instock","11":"taxable","12":"shipping-taxable","13":"purchasable","14":"product-type-simple"},"acf":[],"yoast_head":"<!-- This site is optimized with the Yoast SEO plugin v27.3 - https:\/\/yoast.com\/product\/yoast-seo-wordpress\/ -->\n<title>Knop vierkant chroom Swarovski<\/title>\n<meta name=\"description\" content=\"Knop vierkant glanzend chroom ingelegd met echte Swarovski kristal 13mm komt uit de serie 550 van de Luxury lijn van Giusti.\" \/>\n<meta name=\"robots\" content=\"index, follow, max-snippet:-1, max-image-preview:large, max-video-preview:-1\" \/>\n<link rel=\"canonical\" href=\"https:\/\/partsandpieces.nl\/de\/produkt\/quadratischer-glanzender-chromknopf-mit-echtem-swarovski-kristall-13-mm\/\" \/>\n<meta property=\"og:locale\" content=\"de_DE\" \/>\n<meta property=\"og:type\" content=\"article\" \/>\n<meta property=\"og:title\" content=\"Knop vierkant chroom Swarovski\" \/>\n<meta property=\"og:description\" content=\"Knop vierkant glanzend chroom ingelegd met echte Swarovski kristal 13mm komt uit de serie 550 van de Luxury lijn van Giusti.\" \/>\n<meta property=\"og:url\" content=\"https:\/\/partsandpieces.nl\/de\/produkt\/quadratischer-glanzender-chromknopf-mit-echtem-swarovski-kristall-13-mm\/\" \/>\n<meta property=\"og:site_name\" content=\"Parts &amp; Pieces\" \/>\n<meta property=\"article:modified_time\" content=\"2024-11-26T11:06:49+00:00\" \/>\n<meta property=\"og:image\" content=\"https:\/\/partsandpieces.nl\/wp-content\/uploads\/2020\/07\/Knop-vierkant-glanzend-chroom-ingelegd-met-echte-Swarovski-kristal-13mm.jpg\" \/>\n\t<meta property=\"og:image:width\" content=\"352\" \/>\n\t<meta property=\"og:image:height\" content=\"352\" \/>\n\t<meta property=\"og:image:type\" content=\"image\/jpeg\" \/>\n<meta name=\"twitter:card\" content=\"summary_large_image\" \/>\n<meta name=\"twitter:label1\" content=\"Gesch\u00e4tzte Lesezeit\" \/>\n\t<meta name=\"twitter:data1\" content=\"1\u00a0Minute\" \/>\n<script type=\"application\/ld+json\" class=\"yoast-schema-graph\">{\"@context\":\"https:\\\/\\\/schema.org\",\"@graph\":[{\"@type\":\"WebPage\",\"@id\":\"https:\\\/\\\/partsandpieces.nl\\\/product\\\/knop-vierkant-glanzend-chroom-ingelegd-met-echte-swarovski-kristal-13mm\\\/\",\"url\":\"https:\\\/\\\/partsandpieces.nl\\\/product\\\/knop-vierkant-glanzend-chroom-ingelegd-met-echte-swarovski-kristal-13mm\\\/\",\"name\":\"Knop vierkant chroom Swarovski\",\"isPartOf\":{\"@id\":\"https:\\\/\\\/partsandpieces.nl\\\/#website\"},\"primaryImageOfPage\":{\"@id\":\"https:\\\/\\\/partsandpieces.nl\\\/product\\\/knop-vierkant-glanzend-chroom-ingelegd-met-echte-swarovski-kristal-13mm\\\/#primaryimage\"},\"image\":{\"@id\":\"https:\\\/\\\/partsandpieces.nl\\\/product\\\/knop-vierkant-glanzend-chroom-ingelegd-met-echte-swarovski-kristal-13mm\\\/#primaryimage\"},\"thumbnailUrl\":\"https:\\\/\\\/partsandpieces.nl\\\/wp-content\\\/uploads\\\/2020\\\/07\\\/Knop-vierkant-glanzend-chroom-ingelegd-met-echte-Swarovski-kristal-13mm.jpg\",\"datePublished\":\"2020-07-16T10:07:27+00:00\",\"dateModified\":\"2024-11-26T11:06:49+00:00\",\"description\":\"Knop vierkant glanzend chroom ingelegd met echte Swarovski kristal 13mm komt uit de serie 550 van de Luxury lijn van Giusti.\",\"breadcrumb\":{\"@id\":\"https:\\\/\\\/partsandpieces.nl\\\/product\\\/knop-vierkant-glanzend-chroom-ingelegd-met-echte-swarovski-kristal-13mm\\\/#breadcrumb\"},\"inLanguage\":\"de\",\"potentialAction\":[{\"@type\":\"ReadAction\",\"target\":[\"https:\\\/\\\/partsandpieces.nl\\\/product\\\/knop-vierkant-glanzend-chroom-ingelegd-met-echte-swarovski-kristal-13mm\\\/\"]}]},{\"@type\":\"ImageObject\",\"inLanguage\":\"de\",\"@id\":\"https:\\\/\\\/partsandpieces.nl\\\/product\\\/knop-vierkant-glanzend-chroom-ingelegd-met-echte-swarovski-kristal-13mm\\\/#primaryimage\",\"url\":\"https:\\\/\\\/partsandpieces.nl\\\/wp-content\\\/uploads\\\/2020\\\/07\\\/Knop-vierkant-glanzend-chroom-ingelegd-met-echte-Swarovski-kristal-13mm.jpg\",\"contentUrl\":\"https:\\\/\\\/partsandpieces.nl\\\/wp-content\\\/uploads\\\/2020\\\/07\\\/Knop-vierkant-glanzend-chroom-ingelegd-met-echte-Swarovski-kristal-13mm.jpg\",\"width\":352,\"height\":352,\"caption\":\"Knop vierkant glanzend chroom ingelegd met echte Swarovski kristal 13mm\"},{\"@type\":\"BreadcrumbList\",\"@id\":\"https:\\\/\\\/partsandpieces.nl\\\/product\\\/knop-vierkant-glanzend-chroom-ingelegd-met-echte-swarovski-kristal-13mm\\\/#breadcrumb\",\"itemListElement\":[{\"@type\":\"ListItem\",\"position\":1,\"name\":\"Home\",\"item\":\"https:\\\/\\\/partsandpieces.nl\\\/home\\\/\"},{\"@type\":\"ListItem\",\"position\":2,\"name\":\"Winkel\",\"item\":\"https:\\\/\\\/partsandpieces.nl\\\/winkel\\\/\"},{\"@type\":\"ListItem\",\"position\":3,\"name\":\"Knop vierkant glanzend chroom ingelegd met echte Swarovski kristal 13mm\"}]},{\"@type\":\"WebSite\",\"@id\":\"https:\\\/\\\/partsandpieces.nl\\\/#website\",\"url\":\"https:\\\/\\\/partsandpieces.nl\\\/\",\"name\":\"Parts &amp; Pieces\",\"description\":\"Alles voor uw meubelrestauratie en -onderhoud!\",\"potentialAction\":[{\"@type\":\"SearchAction\",\"target\":{\"@type\":\"EntryPoint\",\"urlTemplate\":\"https:\\\/\\\/partsandpieces.nl\\\/?s={search_term_string}\"},\"query-input\":{\"@type\":\"PropertyValueSpecification\",\"valueRequired\":true,\"valueName\":\"search_term_string\"}}],\"inLanguage\":\"de\"}]}<\/script>\n<!-- \/ Yoast SEO plugin. -->","yoast_head_json":{"title":"Quadratischer verchromter Swarovski-Knopf","description":"Quadratischer, gl\u00e4nzender Chromknopf mit echtem Swarovski-Kristall (13 mm) aus der Serie 550 der Luxuslinie von Giusti.","robots":{"index":"index","follow":"follow","max-snippet":"max-snippet:-1","max-image-preview":"max-image-preview:large","max-video-preview":"max-video-preview:-1"},"canonical":"https:\/\/partsandpieces.nl\/de\/produkt\/quadratischer-glanzender-chromknopf-mit-echtem-swarovski-kristall-13-mm\/","og_locale":"de_DE","og_type":"article","og_title":"Knop vierkant chroom Swarovski","og_description":"Knop vierkant glanzend chroom ingelegd met echte Swarovski kristal 13mm komt uit de serie 550 van de Luxury lijn van Giusti.","og_url":"https:\/\/partsandpieces.nl\/de\/produkt\/quadratischer-glanzender-chromknopf-mit-echtem-swarovski-kristall-13-mm\/","og_site_name":"Parts &amp; Pieces","article_modified_time":"2024-11-26T11:06:49+00:00","og_image":[{"width":352,"height":352,"url":"https:\/\/partsandpieces.nl\/wp-content\/uploads\/2020\/07\/Knop-vierkant-glanzend-chroom-ingelegd-met-echte-Swarovski-kristal-13mm.jpg","type":"image\/jpeg"}],"twitter_card":"summary_large_image","twitter_misc":{"Gesch\u00e4tzte Lesezeit":"1\u00a0Minute"},"schema":{"@context":"https:\/\/schema.org","@graph":[{"@type":"WebPage","@id":"https:\/\/partsandpieces.nl\/product\/knop-vierkant-glanzend-chroom-ingelegd-met-echte-swarovski-kristal-13mm\/","url":"https:\/\/partsandpieces.nl\/product\/knop-vierkant-glanzend-chroom-ingelegd-met-echte-swarovski-kristal-13mm\/","name":"Quadratischer verchromter Swarovski-Knopf","isPartOf":{"@id":"https:\/\/partsandpieces.nl\/#website"},"primaryImageOfPage":{"@id":"https:\/\/partsandpieces.nl\/product\/knop-vierkant-glanzend-chroom-ingelegd-met-echte-swarovski-kristal-13mm\/#primaryimage"},"image":{"@id":"https:\/\/partsandpieces.nl\/product\/knop-vierkant-glanzend-chroom-ingelegd-met-echte-swarovski-kristal-13mm\/#primaryimage"},"thumbnailUrl":"https:\/\/partsandpieces.nl\/wp-content\/uploads\/2020\/07\/Knop-vierkant-glanzend-chroom-ingelegd-met-echte-Swarovski-kristal-13mm.jpg","datePublished":"2020-07-16T10:07:27+00:00","dateModified":"2024-11-26T11:06:49+00:00","description":"Quadratischer, gl\u00e4nzender Chromknopf mit echtem Swarovski-Kristall (13 mm) aus der Serie 550 der Luxuslinie von Giusti.","breadcrumb":{"@id":"https:\/\/partsandpieces.nl\/product\/knop-vierkant-glanzend-chroom-ingelegd-met-echte-swarovski-kristal-13mm\/#breadcrumb"},"inLanguage":"de","potentialAction":[{"@type":"ReadAction","target":["https:\/\/partsandpieces.nl\/product\/knop-vierkant-glanzend-chroom-ingelegd-met-echte-swarovski-kristal-13mm\/"]}]},{"@type":"ImageObject","inLanguage":"de","@id":"https:\/\/partsandpieces.nl\/product\/knop-vierkant-glanzend-chroom-ingelegd-met-echte-swarovski-kristal-13mm\/#primaryimage","url":"https:\/\/partsandpieces.nl\/wp-content\/uploads\/2020\/07\/Knop-vierkant-glanzend-chroom-ingelegd-met-echte-Swarovski-kristal-13mm.jpg","contentUrl":"https:\/\/partsandpieces.nl\/wp-content\/uploads\/2020\/07\/Knop-vierkant-glanzend-chroom-ingelegd-met-echte-Swarovski-kristal-13mm.jpg","width":352,"height":352,"caption":"Knop vierkant glanzend chroom ingelegd met echte Swarovski kristal 13mm"},{"@type":"BreadcrumbList","@id":"https:\/\/partsandpieces.nl\/product\/knop-vierkant-glanzend-chroom-ingelegd-met-echte-swarovski-kristal-13mm\/#breadcrumb","itemListElement":[{"@type":"ListItem","position":1,"name":"Home","item":"https:\/\/partsandpieces.nl\/home\/"},{"@type":"ListItem","position":2,"name":"Winkel","item":"https:\/\/partsandpieces.nl\/winkel\/"},{"@type":"ListItem","position":3,"name":"Knop vierkant glanzend chroom ingelegd met echte Swarovski kristal 13mm"}]},{"@type":"WebSite","@id":"https:\/\/partsandpieces.nl\/#website","url":"https:\/\/partsandpieces.nl\/","name":"Teile &amp; St\u00fccke","description":"Alles f\u00fcr Ihre M\u00f6belrestaurierung und -pflege!","potentialAction":[{"@type":"SearchAction","target":{"@type":"EntryPoint","urlTemplate":"https:\/\/partsandpieces.nl\/?s={search_term_string}"},"query-input":{"@type":"PropertyValueSpecification","valueRequired":true,"valueName":"search_term_string"}}],"inLanguage":"de"}]}},"_links":{"self":[{"href":"https:\/\/partsandpieces.nl\/de\/wp-json\/wp\/v2\/product\/574","targetHints":{"allow":["GET"]}}],"collection":[{"href":"https:\/\/partsandpieces.nl\/de\/wp-json\/wp\/v2\/product"}],"about":[{"href":"https:\/\/partsandpieces.nl\/de\/wp-json\/wp\/v2\/types\/product"}],"wp:featuredmedia":[{"embeddable":true,"href":"https:\/\/partsandpieces.nl\/de\/wp-json\/wp\/v2\/media\/6075"}],"wp:attachment":[{"href":"https:\/\/partsandpieces.nl\/de\/wp-json\/wp\/v2\/media?parent=574"}],"wp:term":[{"taxonomy":"product_brand","embeddable":true,"href":"https:\/\/partsandpieces.nl\/de\/wp-json\/wp\/v2\/product_brand?post=574"},{"taxonomy":"product_cat","embeddable":true,"href":"https:\/\/partsandpieces.nl\/de\/wp-json\/wp\/v2\/product_cat?post=574"},{"taxonomy":"product_tag","embeddable":true,"href":"https:\/\/partsandpieces.nl\/de\/wp-json\/wp\/v2\/product_tag?post=574"}],"curies":[{"name":"wp","href":"https:\/\/api.w.org\/{rel}","templated":true}]}}