{"id":5749,"date":"2023-05-15T12:11:57","date_gmt":"2023-05-15T10:11:57","guid":{"rendered":"https:\/\/partsandpieces.nl\/?post_type=product&#038;p=5749"},"modified":"2026-03-13T13:19:33","modified_gmt":"2026-03-13T12:19:33","slug":"borma-wachs-holzwachs-mobelwachspaste-mit-reinem-bienenwachs-mittlere-eiche-farbe-48-500-ml","status":"publish","type":"product","link":"https:\/\/partsandpieces.nl\/de\/product\/borma-wachs-holzwachs-meubelwas-pasta-met-pure-bijenwas-midden-eiken-kleur-48-500ml\/","title":{"rendered":"Borma Wachs Holzwachs M\u00f6belwachspaste mit reinem Bienenwachs Mitteleiche (Farbe 48) 500 ml"},"content":{"rendered":"<p><strong>Holzwachs M\u00f6belwachspaste mit reinem Bienenwachs, Farbe Mitteleiche<\/strong>\u00a0von <a href=\"http:\/\/www.bormawachs.com\">Borma Wachs<\/a> ist ein professionelles Produkt bestehend aus Wachsen mineralischen, tierischen und pflanzlichen Ursprungs. Unterst\u00fctzt wird die Schutzwirkung durch besonders widerstandsf\u00e4hige Farbpigmente, die die W\u00e4rme und Farbe des Holzes verst\u00e4rken und Unebenheiten ausbessern. Es kann mit einem Pinsel oder einem Wolltuch aufgetragen werden. Warten Sie einige Minuten, bevor Sie polieren. Enth\u00e4lt Bienenwachs und Carnauba. Wirksam gegen Holzw\u00fcrmer.<\/p>\n<p>Ich habe die Holzwachs M\u00f6belwachspaste von Borma Wachs\u00a0<a href=\"https:\/\/partsandpieces.nl\/de\/produktkategorie-2\/oberflachenbehandlung-2\/bienenwachs\/\"><span style=\"text-decoration: underline;\">verschiedene Farben<\/span><\/a>\u00a0auf Lager.<\/p>\n<p><b>Anweisungen<br \/>\n<\/b>\u2013 Tragen Sie die M\u00f6belwachspaste mit reinem Bienenwachs Farbe Teak mit einem Pinsel oder Baumwolltuch auf<br \/>\n\u2013 Fertigen Sie ein Probest\u00fcck an, bevor Sie das gesamte M\u00f6belst\u00fcck behandeln<br \/>\n\u2013 Mit einem Tuch auftragen, um eine gleichm\u00e4\u00dfige Oberfl\u00e4che zu erhalten<br \/>\n\u2013 1-2 Stunden einwirken lassen<br \/>\n\u2013 Mit B\u00fcrste oder fusselfreiem Tuch polieren<\/p>","protected":false},"excerpt":{"rendered":"<p>Holzwachs Meubelwas pasta met pure bijenwas kleur Midden Eiken\u00a0van Borma Wachs is een professioneel product bestaande uit wassen van minerale, dierlijke en plantaardige oorsprong. Het beschermende effect wordt ondersteund door bijzonder resistente kleurpigmenten die de warmte en kleur van het hout versterken en eventuele onvolkomenheden herstellen. Het kan worden aangebracht met een borstel of een [&hellip;]<\/p>\n","protected":false},"featured_media":2088,"template":"","meta":{"_acf_changed":false},"product_brand":[],"product_cat":[116,75,64],"product_tag":[],"class_list":{"0":"post-5749","1":"product","2":"type-product","3":"status-publish","4":"has-post-thumbnail","6":"product_cat-bijenwas","7":"product_cat-meubelwas","8":"product_cat-oppervlakte-behandeling-borma-wachs","10":"first","11":"instock","12":"taxable","13":"shipping-taxable","14":"purchasable","15":"product-type-simple"},"acf":[],"yoast_head":"<!-- This site is optimized with the Yoast SEO plugin v27.3 - https:\/\/yoast.com\/product\/yoast-seo-wordpress\/ -->\n<title>Meubelwas pasta bijenwas Midden Eiken van Borma Wachs<\/title>\n<meta name=\"description\" content=\"Holzwachs Meubelwas pasta met pure bijenwas kleur Midden Eiken van Borma Wachs versterkt de kleur van je meubelstuk en herstelt kleine onvolkomenheden.\" \/>\n<meta name=\"robots\" content=\"index, follow, max-snippet:-1, max-image-preview:large, max-video-preview:-1\" \/>\n<link rel=\"canonical\" href=\"https:\/\/partsandpieces.nl\/de\/produkt\/borma-wachs-holzwachs-mobelwachspaste-mit-reinem-bienenwachs-mittlere-eiche-farbe-48-500-ml\/\" \/>\n<meta property=\"og:locale\" content=\"de_DE\" \/>\n<meta property=\"og:type\" content=\"article\" \/>\n<meta property=\"og:title\" content=\"Meubelwas pasta bijenwas Midden Eiken van Borma Wachs\" \/>\n<meta property=\"og:description\" content=\"Holzwachs Meubelwas pasta met pure bijenwas kleur Midden Eiken van Borma Wachs versterkt de kleur van je meubelstuk en herstelt kleine onvolkomenheden.\" \/>\n<meta property=\"og:url\" content=\"https:\/\/partsandpieces.nl\/de\/produkt\/borma-wachs-holzwachs-mobelwachspaste-mit-reinem-bienenwachs-mittlere-eiche-farbe-48-500-ml\/\" \/>\n<meta property=\"og:site_name\" content=\"Parts &amp; Pieces\" \/>\n<meta property=\"article:modified_time\" content=\"2026-03-13T12:19:33+00:00\" \/>\n<meta property=\"og:image\" content=\"https:\/\/partsandpieces.nl\/wp-content\/uploads\/2022\/09\/0120XX.jpg\" \/>\n\t<meta property=\"og:image:width\" content=\"600\" \/>\n\t<meta property=\"og:image:height\" content=\"600\" \/>\n\t<meta property=\"og:image:type\" content=\"image\/jpeg\" \/>\n<meta name=\"twitter:card\" content=\"summary_large_image\" \/>\n<meta name=\"twitter:label1\" content=\"Gesch\u00e4tzte Lesezeit\" \/>\n\t<meta name=\"twitter:data1\" content=\"1\u00a0Minute\" \/>\n<script type=\"application\/ld+json\" class=\"yoast-schema-graph\">{\"@context\":\"https:\\\/\\\/schema.org\",\"@graph\":[{\"@type\":\"WebPage\",\"@id\":\"https:\\\/\\\/partsandpieces.nl\\\/product\\\/borma-wachs-holzwachs-meubelwas-pasta-met-pure-bijenwas-midden-eiken-kleur-48-500ml\\\/\",\"url\":\"https:\\\/\\\/partsandpieces.nl\\\/product\\\/borma-wachs-holzwachs-meubelwas-pasta-met-pure-bijenwas-midden-eiken-kleur-48-500ml\\\/\",\"name\":\"Meubelwas pasta bijenwas Midden Eiken van Borma Wachs\",\"isPartOf\":{\"@id\":\"https:\\\/\\\/partsandpieces.nl\\\/#website\"},\"primaryImageOfPage\":{\"@id\":\"https:\\\/\\\/partsandpieces.nl\\\/product\\\/borma-wachs-holzwachs-meubelwas-pasta-met-pure-bijenwas-midden-eiken-kleur-48-500ml\\\/#primaryimage\"},\"image\":{\"@id\":\"https:\\\/\\\/partsandpieces.nl\\\/product\\\/borma-wachs-holzwachs-meubelwas-pasta-met-pure-bijenwas-midden-eiken-kleur-48-500ml\\\/#primaryimage\"},\"thumbnailUrl\":\"https:\\\/\\\/partsandpieces.nl\\\/wp-content\\\/uploads\\\/2022\\\/09\\\/0120XX.jpg\",\"datePublished\":\"2023-05-15T10:11:57+00:00\",\"dateModified\":\"2026-03-13T12:19:33+00:00\",\"description\":\"Holzwachs Meubelwas pasta met pure bijenwas kleur Midden Eiken van Borma Wachs versterkt de kleur van je meubelstuk en herstelt kleine onvolkomenheden.\",\"breadcrumb\":{\"@id\":\"https:\\\/\\\/partsandpieces.nl\\\/product\\\/borma-wachs-holzwachs-meubelwas-pasta-met-pure-bijenwas-midden-eiken-kleur-48-500ml\\\/#breadcrumb\"},\"inLanguage\":\"de\",\"potentialAction\":[{\"@type\":\"ReadAction\",\"target\":[\"https:\\\/\\\/partsandpieces.nl\\\/product\\\/borma-wachs-holzwachs-meubelwas-pasta-met-pure-bijenwas-midden-eiken-kleur-48-500ml\\\/\"]}]},{\"@type\":\"ImageObject\",\"inLanguage\":\"de\",\"@id\":\"https:\\\/\\\/partsandpieces.nl\\\/product\\\/borma-wachs-holzwachs-meubelwas-pasta-met-pure-bijenwas-midden-eiken-kleur-48-500ml\\\/#primaryimage\",\"url\":\"https:\\\/\\\/partsandpieces.nl\\\/wp-content\\\/uploads\\\/2022\\\/09\\\/0120XX.jpg\",\"contentUrl\":\"https:\\\/\\\/partsandpieces.nl\\\/wp-content\\\/uploads\\\/2022\\\/09\\\/0120XX.jpg\",\"width\":600,\"height\":600},{\"@type\":\"BreadcrumbList\",\"@id\":\"https:\\\/\\\/partsandpieces.nl\\\/product\\\/borma-wachs-holzwachs-meubelwas-pasta-met-pure-bijenwas-midden-eiken-kleur-48-500ml\\\/#breadcrumb\",\"itemListElement\":[{\"@type\":\"ListItem\",\"position\":1,\"name\":\"Home\",\"item\":\"https:\\\/\\\/partsandpieces.nl\\\/home\\\/\"},{\"@type\":\"ListItem\",\"position\":2,\"name\":\"Winkel\",\"item\":\"https:\\\/\\\/partsandpieces.nl\\\/winkel\\\/\"},{\"@type\":\"ListItem\",\"position\":3,\"name\":\"Borma Wachs Holzwachs Meubelwas pasta met pure bijenwas Midden Eiken (kleur 48) 500ml\"}]},{\"@type\":\"WebSite\",\"@id\":\"https:\\\/\\\/partsandpieces.nl\\\/#website\",\"url\":\"https:\\\/\\\/partsandpieces.nl\\\/\",\"name\":\"Parts &amp; Pieces\",\"description\":\"Alles voor uw meubelrestauratie en -onderhoud!\",\"potentialAction\":[{\"@type\":\"SearchAction\",\"target\":{\"@type\":\"EntryPoint\",\"urlTemplate\":\"https:\\\/\\\/partsandpieces.nl\\\/?s={search_term_string}\"},\"query-input\":{\"@type\":\"PropertyValueSpecification\",\"valueRequired\":true,\"valueName\":\"search_term_string\"}}],\"inLanguage\":\"de\"}]}<\/script>\n<!-- \/ Yoast SEO plugin. -->","yoast_head_json":{"title":"M\u00f6belwachspaste Bienenwachs Mitteleiche von Borma Wachs","description":"Holzwachs M\u00f6belwachspaste mit reiner Bienenwachsfarbe Mitteleiche von Borma Wachs verst\u00e4rkt die Farbe Ihres M\u00f6belst\u00fccks und repariert kleine M\u00e4ngel.","robots":{"index":"index","follow":"follow","max-snippet":"max-snippet:-1","max-image-preview":"max-image-preview:large","max-video-preview":"max-video-preview:-1"},"canonical":"https:\/\/partsandpieces.nl\/de\/produkt\/borma-wachs-holzwachs-mobelwachspaste-mit-reinem-bienenwachs-mittlere-eiche-farbe-48-500-ml\/","og_locale":"de_DE","og_type":"article","og_title":"Meubelwas pasta bijenwas Midden Eiken van Borma Wachs","og_description":"Holzwachs Meubelwas pasta met pure bijenwas kleur Midden Eiken van Borma Wachs versterkt de kleur van je meubelstuk en herstelt kleine onvolkomenheden.","og_url":"https:\/\/partsandpieces.nl\/de\/produkt\/borma-wachs-holzwachs-mobelwachspaste-mit-reinem-bienenwachs-mittlere-eiche-farbe-48-500-ml\/","og_site_name":"Parts &amp; Pieces","article_modified_time":"2026-03-13T12:19:33+00:00","og_image":[{"width":600,"height":600,"url":"https:\/\/partsandpieces.nl\/wp-content\/uploads\/2022\/09\/0120XX.jpg","type":"image\/jpeg"}],"twitter_card":"summary_large_image","twitter_misc":{"Gesch\u00e4tzte Lesezeit":"1\u00a0Minute"},"schema":{"@context":"https:\/\/schema.org","@graph":[{"@type":"WebPage","@id":"https:\/\/partsandpieces.nl\/product\/borma-wachs-holzwachs-meubelwas-pasta-met-pure-bijenwas-midden-eiken-kleur-48-500ml\/","url":"https:\/\/partsandpieces.nl\/product\/borma-wachs-holzwachs-meubelwas-pasta-met-pure-bijenwas-midden-eiken-kleur-48-500ml\/","name":"M\u00f6belwachspaste Bienenwachs Mitteleiche von Borma Wachs","isPartOf":{"@id":"https:\/\/partsandpieces.nl\/#website"},"primaryImageOfPage":{"@id":"https:\/\/partsandpieces.nl\/product\/borma-wachs-holzwachs-meubelwas-pasta-met-pure-bijenwas-midden-eiken-kleur-48-500ml\/#primaryimage"},"image":{"@id":"https:\/\/partsandpieces.nl\/product\/borma-wachs-holzwachs-meubelwas-pasta-met-pure-bijenwas-midden-eiken-kleur-48-500ml\/#primaryimage"},"thumbnailUrl":"https:\/\/partsandpieces.nl\/wp-content\/uploads\/2022\/09\/0120XX.jpg","datePublished":"2023-05-15T10:11:57+00:00","dateModified":"2026-03-13T12:19:33+00:00","description":"Holzwachs M\u00f6belwachspaste mit reiner Bienenwachsfarbe Mitteleiche von Borma Wachs verst\u00e4rkt die Farbe Ihres M\u00f6belst\u00fccks und repariert kleine M\u00e4ngel.","breadcrumb":{"@id":"https:\/\/partsandpieces.nl\/product\/borma-wachs-holzwachs-meubelwas-pasta-met-pure-bijenwas-midden-eiken-kleur-48-500ml\/#breadcrumb"},"inLanguage":"de","potentialAction":[{"@type":"ReadAction","target":["https:\/\/partsandpieces.nl\/product\/borma-wachs-holzwachs-meubelwas-pasta-met-pure-bijenwas-midden-eiken-kleur-48-500ml\/"]}]},{"@type":"ImageObject","inLanguage":"de","@id":"https:\/\/partsandpieces.nl\/product\/borma-wachs-holzwachs-meubelwas-pasta-met-pure-bijenwas-midden-eiken-kleur-48-500ml\/#primaryimage","url":"https:\/\/partsandpieces.nl\/wp-content\/uploads\/2022\/09\/0120XX.jpg","contentUrl":"https:\/\/partsandpieces.nl\/wp-content\/uploads\/2022\/09\/0120XX.jpg","width":600,"height":600},{"@type":"BreadcrumbList","@id":"https:\/\/partsandpieces.nl\/product\/borma-wachs-holzwachs-meubelwas-pasta-met-pure-bijenwas-midden-eiken-kleur-48-500ml\/#breadcrumb","itemListElement":[{"@type":"ListItem","position":1,"name":"Home","item":"https:\/\/partsandpieces.nl\/home\/"},{"@type":"ListItem","position":2,"name":"Winkel","item":"https:\/\/partsandpieces.nl\/winkel\/"},{"@type":"ListItem","position":3,"name":"Borma Wachs Holzwachs Meubelwas pasta met pure bijenwas Midden Eiken (kleur 48) 500ml"}]},{"@type":"WebSite","@id":"https:\/\/partsandpieces.nl\/#website","url":"https:\/\/partsandpieces.nl\/","name":"Teile &amp; St\u00fccke","description":"Alles f\u00fcr Ihre M\u00f6belrestaurierung und -pflege!","potentialAction":[{"@type":"SearchAction","target":{"@type":"EntryPoint","urlTemplate":"https:\/\/partsandpieces.nl\/?s={search_term_string}"},"query-input":{"@type":"PropertyValueSpecification","valueRequired":true,"valueName":"search_term_string"}}],"inLanguage":"de"}]}},"_links":{"self":[{"href":"https:\/\/partsandpieces.nl\/de\/wp-json\/wp\/v2\/product\/5749","targetHints":{"allow":["GET"]}}],"collection":[{"href":"https:\/\/partsandpieces.nl\/de\/wp-json\/wp\/v2\/product"}],"about":[{"href":"https:\/\/partsandpieces.nl\/de\/wp-json\/wp\/v2\/types\/product"}],"wp:featuredmedia":[{"embeddable":true,"href":"https:\/\/partsandpieces.nl\/de\/wp-json\/wp\/v2\/media\/2088"}],"wp:attachment":[{"href":"https:\/\/partsandpieces.nl\/de\/wp-json\/wp\/v2\/media?parent=5749"}],"wp:term":[{"taxonomy":"product_brand","embeddable":true,"href":"https:\/\/partsandpieces.nl\/de\/wp-json\/wp\/v2\/product_brand?post=5749"},{"taxonomy":"product_cat","embeddable":true,"href":"https:\/\/partsandpieces.nl\/de\/wp-json\/wp\/v2\/product_cat?post=5749"},{"taxonomy":"product_tag","embeddable":true,"href":"https:\/\/partsandpieces.nl\/de\/wp-json\/wp\/v2\/product_tag?post=5749"}],"curies":[{"name":"wp","href":"https:\/\/api.w.org\/{rel}","templated":true}]}}