{"id":576,"date":"2020-07-16T10:09:07","date_gmt":"2020-07-16T10:09:07","guid":{"rendered":"https:\/\/partsandpieces.bonsaidev.nl\/?product=ladetrekker-zwart-glitter-25x25mm"},"modified":"2024-11-26T12:07:38","modified_gmt":"2024-11-26T11:07:38","slug":"griff-quadratisch-glanzendes-chrom-eingelegt-mit-schwarzem-glitzer-klein-25-mm","status":"publish","type":"product","link":"https:\/\/partsandpieces.nl\/de\/product\/greep-vierkant-glanzend-chroom-ingelegd-met-zwarte-glitter-klein-25mm\/","title":{"rendered":"Griff quadratisch, gl\u00e4nzendes Chrom, eingelegt mit schwarzem Glitzer, klein, 25 mm"},"content":{"rendered":"<p><strong>Griff quadratisch, gl\u00e4nzendes Chrom, eingelegt mit schwarzem Glitzer, klein, 25 mm<\/strong>\u00a0Kommt aus der Serie 550 der Luxuslinie von Giusti. Der gl\u00e4nzende Chromgriff ist mit schwarzen Epoxidharzteilen eingelegt, die Glitzer enthalten. Durch die Glitzerpartikel reflektiert der Griff das Licht wundersch\u00f6n.<\/p>\n<p>Dieser hochwertige Griff wird in Italien hergestellt.<\/p>\n<p><strong>Ma\u00dfe<br \/>\n<\/strong>Quadratischer Griff aus gl\u00e4nzendem Chrom mit eingelegtem schwarzem Glitzer, kleine 25 mm, Gr\u00f6\u00dfe 25 x 25 mm. Nach der Installation steht dieser Griff 23 mm hervor. Die Bohrl\u00f6cher haben einen Abstand von 16 mm.<\/p>\n<p><strong>Bearbeiten<br \/>\n<\/strong>Sie k\u00f6nnen den Griff mit blind montieren\u00a0<span style=\"text-decoration: underline;\"><a href=\"https:\/\/partsandpieces.nl\/de\/produkt\/schraube-edelstahl-zur-blindmontage-von-mobelbeschlagen-45x4mm-20-stuck\/\">Edelstahlschraube zur Blindbefestigung von M\u00f6belbeschl\u00e4gen (45x4mm)<\/a><\/span>. Ich schicke diese Schrauben\u00a0<strong>FREI<\/strong>\u00a0mit Ihrer Bestellung.<\/p>","protected":false},"excerpt":{"rendered":"<p>Greep vierkant glanzend chroom ingelegd met zwarte glitter klein 25mm\u00a0komt uit de serie 550 van de Luxury lijn van Giusti. De glanzend chrome greep is ingelegd met zwarte epoxy delen die glimmertje bevatten. Door de glitterdeeltjes weerkaatst de greep het licht prachtig. Deze kwalitatief uitstekende greep is gemaakt in Itali\u00eb. Afmetingen Greep vierkant glanzend chroom [&hellip;]<\/p>\n","protected":false},"featured_media":6094,"template":"","meta":{"_acf_changed":false},"product_brand":[],"product_cat":[37,41,23],"product_tag":[],"class_list":{"0":"post-576","1":"product","2":"type-product","3":"status-publish","4":"has-post-thumbnail","6":"product_cat-knoppen","7":"product_cat-ladetrekkers","8":"product_cat-meubelbeslag","10":"first","11":"instock","12":"taxable","13":"shipping-taxable","14":"purchasable","15":"product-type-simple"},"acf":[],"yoast_head":"<!-- This site is optimized with the Yoast SEO plugin v27.3 - https:\/\/yoast.com\/product\/yoast-seo-wordpress\/ -->\n<title>Greep chroom zwart klein<\/title>\n<meta name=\"description\" content=\"Greep vierkant glanzend chroom ingelegd met zwarte glitter klein 25mm\u00a0van de Luxury lijn van Giusti. Ingelegd met zwarte epoxy delen.\" \/>\n<meta name=\"robots\" content=\"index, follow, max-snippet:-1, max-image-preview:large, max-video-preview:-1\" \/>\n<link rel=\"canonical\" href=\"https:\/\/partsandpieces.nl\/de\/produkt\/griff-quadratisch-glanzendes-chrom-eingelegt-mit-schwarzem-glitzer-klein-25-mm\/\" \/>\n<meta property=\"og:locale\" content=\"de_DE\" \/>\n<meta property=\"og:type\" content=\"article\" \/>\n<meta property=\"og:title\" content=\"Greep chroom zwart klein\" \/>\n<meta property=\"og:description\" content=\"Greep vierkant glanzend chroom ingelegd met zwarte glitter klein 25mm\u00a0van de Luxury lijn van Giusti. Ingelegd met zwarte epoxy delen.\" \/>\n<meta property=\"og:url\" content=\"https:\/\/partsandpieces.nl\/de\/produkt\/griff-quadratisch-glanzendes-chrom-eingelegt-mit-schwarzem-glitzer-klein-25-mm\/\" \/>\n<meta property=\"og:site_name\" content=\"Parts &amp; Pieces\" \/>\n<meta property=\"article:modified_time\" content=\"2024-11-26T11:07:38+00:00\" \/>\n<meta property=\"og:image\" content=\"https:\/\/partsandpieces.nl\/wp-content\/uploads\/2020\/07\/Greep-vierkant-glanzend-chroom-ingelegd-met-zwarte-glitter-klein-25mm.jpg\" \/>\n\t<meta property=\"og:image:width\" content=\"480\" \/>\n\t<meta property=\"og:image:height\" content=\"482\" \/>\n\t<meta property=\"og:image:type\" content=\"image\/jpeg\" \/>\n<meta name=\"twitter:card\" content=\"summary_large_image\" \/>\n<meta name=\"twitter:label1\" content=\"Gesch\u00e4tzte Lesezeit\" \/>\n\t<meta name=\"twitter:data1\" content=\"1\u00a0Minute\" \/>\n<script type=\"application\/ld+json\" class=\"yoast-schema-graph\">{\"@context\":\"https:\\\/\\\/schema.org\",\"@graph\":[{\"@type\":\"WebPage\",\"@id\":\"https:\\\/\\\/partsandpieces.nl\\\/product\\\/greep-vierkant-glanzend-chroom-ingelegd-met-zwarte-glitter-klein-25mm\\\/\",\"url\":\"https:\\\/\\\/partsandpieces.nl\\\/product\\\/greep-vierkant-glanzend-chroom-ingelegd-met-zwarte-glitter-klein-25mm\\\/\",\"name\":\"Greep chroom zwart klein\",\"isPartOf\":{\"@id\":\"https:\\\/\\\/partsandpieces.nl\\\/#website\"},\"primaryImageOfPage\":{\"@id\":\"https:\\\/\\\/partsandpieces.nl\\\/product\\\/greep-vierkant-glanzend-chroom-ingelegd-met-zwarte-glitter-klein-25mm\\\/#primaryimage\"},\"image\":{\"@id\":\"https:\\\/\\\/partsandpieces.nl\\\/product\\\/greep-vierkant-glanzend-chroom-ingelegd-met-zwarte-glitter-klein-25mm\\\/#primaryimage\"},\"thumbnailUrl\":\"https:\\\/\\\/partsandpieces.nl\\\/wp-content\\\/uploads\\\/2020\\\/07\\\/Greep-vierkant-glanzend-chroom-ingelegd-met-zwarte-glitter-klein-25mm.jpg\",\"datePublished\":\"2020-07-16T10:09:07+00:00\",\"dateModified\":\"2024-11-26T11:07:38+00:00\",\"description\":\"Greep vierkant glanzend chroom ingelegd met zwarte glitter klein 25mm\u00a0van de Luxury lijn van Giusti. Ingelegd met zwarte epoxy delen.\",\"breadcrumb\":{\"@id\":\"https:\\\/\\\/partsandpieces.nl\\\/product\\\/greep-vierkant-glanzend-chroom-ingelegd-met-zwarte-glitter-klein-25mm\\\/#breadcrumb\"},\"inLanguage\":\"de\",\"potentialAction\":[{\"@type\":\"ReadAction\",\"target\":[\"https:\\\/\\\/partsandpieces.nl\\\/product\\\/greep-vierkant-glanzend-chroom-ingelegd-met-zwarte-glitter-klein-25mm\\\/\"]}]},{\"@type\":\"ImageObject\",\"inLanguage\":\"de\",\"@id\":\"https:\\\/\\\/partsandpieces.nl\\\/product\\\/greep-vierkant-glanzend-chroom-ingelegd-met-zwarte-glitter-klein-25mm\\\/#primaryimage\",\"url\":\"https:\\\/\\\/partsandpieces.nl\\\/wp-content\\\/uploads\\\/2020\\\/07\\\/Greep-vierkant-glanzend-chroom-ingelegd-met-zwarte-glitter-klein-25mm.jpg\",\"contentUrl\":\"https:\\\/\\\/partsandpieces.nl\\\/wp-content\\\/uploads\\\/2020\\\/07\\\/Greep-vierkant-glanzend-chroom-ingelegd-met-zwarte-glitter-klein-25mm.jpg\",\"width\":480,\"height\":482,\"caption\":\"Greep vierkant glanzend chroom ingelegd met zwarte glitter klein 25mm\"},{\"@type\":\"BreadcrumbList\",\"@id\":\"https:\\\/\\\/partsandpieces.nl\\\/product\\\/greep-vierkant-glanzend-chroom-ingelegd-met-zwarte-glitter-klein-25mm\\\/#breadcrumb\",\"itemListElement\":[{\"@type\":\"ListItem\",\"position\":1,\"name\":\"Home\",\"item\":\"https:\\\/\\\/partsandpieces.nl\\\/home\\\/\"},{\"@type\":\"ListItem\",\"position\":2,\"name\":\"Winkel\",\"item\":\"https:\\\/\\\/partsandpieces.nl\\\/winkel\\\/\"},{\"@type\":\"ListItem\",\"position\":3,\"name\":\"Greep vierkant glanzend chroom ingelegd met zwarte glitter klein 25mm\"}]},{\"@type\":\"WebSite\",\"@id\":\"https:\\\/\\\/partsandpieces.nl\\\/#website\",\"url\":\"https:\\\/\\\/partsandpieces.nl\\\/\",\"name\":\"Parts &amp; Pieces\",\"description\":\"Alles voor uw meubelrestauratie en -onderhoud!\",\"potentialAction\":[{\"@type\":\"SearchAction\",\"target\":{\"@type\":\"EntryPoint\",\"urlTemplate\":\"https:\\\/\\\/partsandpieces.nl\\\/?s={search_term_string}\"},\"query-input\":{\"@type\":\"PropertyValueSpecification\",\"valueRequired\":true,\"valueName\":\"search_term_string\"}}],\"inLanguage\":\"de\"}]}<\/script>\n<!-- \/ Yoast SEO plugin. -->","yoast_head_json":{"title":"Griff Chrom schwarz klein","description":"Quadratischer Griff aus gl\u00e4nzendem Chrom mit eingelegtem schwarzem Glitzer, klein, 25 mm, aus der Luxuslinie von Giusti. Eingelegt mit schwarzen Epoxidharzteilen.","robots":{"index":"index","follow":"follow","max-snippet":"max-snippet:-1","max-image-preview":"max-image-preview:large","max-video-preview":"max-video-preview:-1"},"canonical":"https:\/\/partsandpieces.nl\/de\/produkt\/griff-quadratisch-glanzendes-chrom-eingelegt-mit-schwarzem-glitzer-klein-25-mm\/","og_locale":"de_DE","og_type":"article","og_title":"Greep chroom zwart klein","og_description":"Greep vierkant glanzend chroom ingelegd met zwarte glitter klein 25mm\u00a0van de Luxury lijn van Giusti. Ingelegd met zwarte epoxy delen.","og_url":"https:\/\/partsandpieces.nl\/de\/produkt\/griff-quadratisch-glanzendes-chrom-eingelegt-mit-schwarzem-glitzer-klein-25-mm\/","og_site_name":"Parts &amp; Pieces","article_modified_time":"2024-11-26T11:07:38+00:00","og_image":[{"width":480,"height":482,"url":"https:\/\/partsandpieces.nl\/wp-content\/uploads\/2020\/07\/Greep-vierkant-glanzend-chroom-ingelegd-met-zwarte-glitter-klein-25mm.jpg","type":"image\/jpeg"}],"twitter_card":"summary_large_image","twitter_misc":{"Gesch\u00e4tzte Lesezeit":"1\u00a0Minute"},"schema":{"@context":"https:\/\/schema.org","@graph":[{"@type":"WebPage","@id":"https:\/\/partsandpieces.nl\/product\/greep-vierkant-glanzend-chroom-ingelegd-met-zwarte-glitter-klein-25mm\/","url":"https:\/\/partsandpieces.nl\/product\/greep-vierkant-glanzend-chroom-ingelegd-met-zwarte-glitter-klein-25mm\/","name":"Griff Chrom schwarz klein","isPartOf":{"@id":"https:\/\/partsandpieces.nl\/#website"},"primaryImageOfPage":{"@id":"https:\/\/partsandpieces.nl\/product\/greep-vierkant-glanzend-chroom-ingelegd-met-zwarte-glitter-klein-25mm\/#primaryimage"},"image":{"@id":"https:\/\/partsandpieces.nl\/product\/greep-vierkant-glanzend-chroom-ingelegd-met-zwarte-glitter-klein-25mm\/#primaryimage"},"thumbnailUrl":"https:\/\/partsandpieces.nl\/wp-content\/uploads\/2020\/07\/Greep-vierkant-glanzend-chroom-ingelegd-met-zwarte-glitter-klein-25mm.jpg","datePublished":"2020-07-16T10:09:07+00:00","dateModified":"2024-11-26T11:07:38+00:00","description":"Quadratischer Griff aus gl\u00e4nzendem Chrom mit eingelegtem schwarzem Glitzer, klein, 25 mm, aus der Luxuslinie von Giusti. Eingelegt mit schwarzen Epoxidharzteilen.","breadcrumb":{"@id":"https:\/\/partsandpieces.nl\/product\/greep-vierkant-glanzend-chroom-ingelegd-met-zwarte-glitter-klein-25mm\/#breadcrumb"},"inLanguage":"de","potentialAction":[{"@type":"ReadAction","target":["https:\/\/partsandpieces.nl\/product\/greep-vierkant-glanzend-chroom-ingelegd-met-zwarte-glitter-klein-25mm\/"]}]},{"@type":"ImageObject","inLanguage":"de","@id":"https:\/\/partsandpieces.nl\/product\/greep-vierkant-glanzend-chroom-ingelegd-met-zwarte-glitter-klein-25mm\/#primaryimage","url":"https:\/\/partsandpieces.nl\/wp-content\/uploads\/2020\/07\/Greep-vierkant-glanzend-chroom-ingelegd-met-zwarte-glitter-klein-25mm.jpg","contentUrl":"https:\/\/partsandpieces.nl\/wp-content\/uploads\/2020\/07\/Greep-vierkant-glanzend-chroom-ingelegd-met-zwarte-glitter-klein-25mm.jpg","width":480,"height":482,"caption":"Greep vierkant glanzend chroom ingelegd met zwarte glitter klein 25mm"},{"@type":"BreadcrumbList","@id":"https:\/\/partsandpieces.nl\/product\/greep-vierkant-glanzend-chroom-ingelegd-met-zwarte-glitter-klein-25mm\/#breadcrumb","itemListElement":[{"@type":"ListItem","position":1,"name":"Home","item":"https:\/\/partsandpieces.nl\/home\/"},{"@type":"ListItem","position":2,"name":"Winkel","item":"https:\/\/partsandpieces.nl\/winkel\/"},{"@type":"ListItem","position":3,"name":"Greep vierkant glanzend chroom ingelegd met zwarte glitter klein 25mm"}]},{"@type":"WebSite","@id":"https:\/\/partsandpieces.nl\/#website","url":"https:\/\/partsandpieces.nl\/","name":"Teile &amp; St\u00fccke","description":"Alles f\u00fcr Ihre M\u00f6belrestaurierung und -pflege!","potentialAction":[{"@type":"SearchAction","target":{"@type":"EntryPoint","urlTemplate":"https:\/\/partsandpieces.nl\/?s={search_term_string}"},"query-input":{"@type":"PropertyValueSpecification","valueRequired":true,"valueName":"search_term_string"}}],"inLanguage":"de"}]}},"_links":{"self":[{"href":"https:\/\/partsandpieces.nl\/de\/wp-json\/wp\/v2\/product\/576","targetHints":{"allow":["GET"]}}],"collection":[{"href":"https:\/\/partsandpieces.nl\/de\/wp-json\/wp\/v2\/product"}],"about":[{"href":"https:\/\/partsandpieces.nl\/de\/wp-json\/wp\/v2\/types\/product"}],"wp:featuredmedia":[{"embeddable":true,"href":"https:\/\/partsandpieces.nl\/de\/wp-json\/wp\/v2\/media\/6094"}],"wp:attachment":[{"href":"https:\/\/partsandpieces.nl\/de\/wp-json\/wp\/v2\/media?parent=576"}],"wp:term":[{"taxonomy":"product_brand","embeddable":true,"href":"https:\/\/partsandpieces.nl\/de\/wp-json\/wp\/v2\/product_brand?post=576"},{"taxonomy":"product_cat","embeddable":true,"href":"https:\/\/partsandpieces.nl\/de\/wp-json\/wp\/v2\/product_cat?post=576"},{"taxonomy":"product_tag","embeddable":true,"href":"https:\/\/partsandpieces.nl\/de\/wp-json\/wp\/v2\/product_tag?post=576"}],"curies":[{"name":"wp","href":"https:\/\/api.w.org\/{rel}","templated":true}]}}