{"id":598,"date":"2020-07-16T11:30:24","date_gmt":"2020-07-16T11:30:24","guid":{"rendered":"https:\/\/partsandpieces.bonsaidev.nl\/?product=knop-porselein-besch-rond-38mm"},"modified":"2024-11-26T12:06:48","modified_gmt":"2024-11-26T11:06:48","slug":"knopf-rustikales-elfenbeinporzellan-romantische-serie-p17-38-mm-braune-locken","status":"publish","type":"product","link":"https:\/\/partsandpieces.nl\/de\/product\/knop-rustiek-ivoor-porselein-romantisch-serie-p17-38mm-bruine-krullen\/","title":{"rendered":"Knopf Rustikales Elfenbein Porzellan Romantic Serie P17 38mm braune Locken"},"content":{"rendered":"<p><strong>Knopf Rustikales Elfenbein Porzellan Romantic Serie P17 38mm braune Locken<\/strong> ist ein runder M\u00f6belknopf mit einer antiken Eisenoberfl\u00e4che (rustikales Elfenbein) und einer Porzellaneinlage. Die Elfenbeineinlage ist mit braunen Locken verziert. Dieser Knauf passt gut zu Ihrem klassischen oder l\u00e4ndlichen M\u00f6belst\u00fcck.<\/p>\n<p>Dieser hochwertige Knopf wird in Italien hergestellt.<\/p>\n<p><strong>Ma\u00dfe<br \/>\n<\/strong>Der Knopf Rustic Ivory Porcelain Romantic Series P17 38mm braune Locken hat einen Durchmesser von 38mm. Nach der Installation steht dieser Knopf 28 mm hervor. Die Basis des Knopfes hat einen Durchmesser von 23 mm.<\/p>\n<p><strong>Bearbeiten<br \/>\n<\/strong>Sie k\u00f6nnen den Taster mit blind montieren\u00a0<span style=\"text-decoration: underline;\"><a href=\"https:\/\/partsandpieces.nl\/de\/produkt\/schraube-edelstahl-fur-blindmontageknopf-20x4mm-20-stuck\/\">Edelstahlschraube f\u00fcr Blindbefestigungsknopf (20x4mm)<\/a><\/span>. Ich schicke diese Schraube\u00a0<strong>FREI<\/strong>\u00a0mit Ihrer Bestellung.<\/p>","protected":false},"excerpt":{"rendered":"<p>Knop Rustiek Ivoor Porselein Romantisch Serie P17 38mm bruine krullen is een ronde meubelknop met een antiek ijzer finish (rustiek ivoor) en een porseleinen inleg. De ivoren inleg is versierd met bruine krullen. Deze knop past goed op je klassieke of landelijke meubelstuk. Deze kwalitatief uitstekende knop is gemaakt in Itali\u00eb. Afmetingen De Knop Rustiek [&hellip;]<\/p>\n","protected":false},"featured_media":5527,"template":"","meta":{"_acf_changed":false},"product_brand":[],"product_cat":[37,23],"product_tag":[],"class_list":{"0":"post-598","1":"product","2":"type-product","3":"status-publish","4":"has-post-thumbnail","6":"product_cat-knoppen","7":"product_cat-meubelbeslag","9":"first","10":"instock","11":"taxable","12":"shipping-taxable","13":"purchasable","14":"product-type-simple"},"acf":[],"yoast_head":"<!-- This site is optimized with the Yoast SEO plugin v27.3 - https:\/\/yoast.com\/product\/yoast-seo-wordpress\/ -->\n<title>Knop Porselein Romantisch krullen<\/title>\n<meta name=\"description\" content=\"Knop Rustiek Ivoor Porselein Romantisch Serie P17 38mm bruine krullen is een ronde meubelknop met een antiek ijzer finish en een porseleinen inleg.\" \/>\n<meta name=\"robots\" content=\"index, follow, max-snippet:-1, max-image-preview:large, max-video-preview:-1\" \/>\n<link rel=\"canonical\" href=\"https:\/\/partsandpieces.nl\/de\/produkt\/knopf-rustikales-elfenbeinporzellan-romantische-serie-p17-38-mm-braune-locken\/\" \/>\n<meta property=\"og:locale\" content=\"de_DE\" \/>\n<meta property=\"og:type\" content=\"article\" \/>\n<meta property=\"og:title\" content=\"Knop Porselein Romantisch krullen\" \/>\n<meta property=\"og:description\" content=\"Knop Rustiek Ivoor Porselein Romantisch Serie P17 38mm bruine krullen is een ronde meubelknop met een antiek ijzer finish en een porseleinen inleg.\" \/>\n<meta property=\"og:url\" content=\"https:\/\/partsandpieces.nl\/de\/produkt\/knopf-rustikales-elfenbeinporzellan-romantische-serie-p17-38-mm-braune-locken\/\" \/>\n<meta property=\"og:site_name\" content=\"Parts &amp; Pieces\" \/>\n<meta property=\"article:modified_time\" content=\"2024-11-26T11:06:48+00:00\" \/>\n<meta property=\"og:image\" content=\"https:\/\/partsandpieces.nl\/wp-content\/uploads\/2020\/07\/Knop-Rustiek-Ivoor-Porselein-Romantisch-Serie-P17-38mm-bruine-krullen.jpg\" \/>\n\t<meta property=\"og:image:width\" content=\"480\" \/>\n\t<meta property=\"og:image:height\" content=\"481\" \/>\n\t<meta property=\"og:image:type\" content=\"image\/jpeg\" \/>\n<meta name=\"twitter:card\" content=\"summary_large_image\" \/>\n<meta name=\"twitter:label1\" content=\"Gesch\u00e4tzte Lesezeit\" \/>\n\t<meta name=\"twitter:data1\" content=\"1\u00a0Minute\" \/>\n<script type=\"application\/ld+json\" class=\"yoast-schema-graph\">{\"@context\":\"https:\\\/\\\/schema.org\",\"@graph\":[{\"@type\":\"WebPage\",\"@id\":\"https:\\\/\\\/partsandpieces.nl\\\/product\\\/knop-rustiek-ivoor-porselein-romantisch-serie-p17-38mm-bruine-krullen\\\/\",\"url\":\"https:\\\/\\\/partsandpieces.nl\\\/product\\\/knop-rustiek-ivoor-porselein-romantisch-serie-p17-38mm-bruine-krullen\\\/\",\"name\":\"Knop Porselein Romantisch krullen\",\"isPartOf\":{\"@id\":\"https:\\\/\\\/partsandpieces.nl\\\/#website\"},\"primaryImageOfPage\":{\"@id\":\"https:\\\/\\\/partsandpieces.nl\\\/product\\\/knop-rustiek-ivoor-porselein-romantisch-serie-p17-38mm-bruine-krullen\\\/#primaryimage\"},\"image\":{\"@id\":\"https:\\\/\\\/partsandpieces.nl\\\/product\\\/knop-rustiek-ivoor-porselein-romantisch-serie-p17-38mm-bruine-krullen\\\/#primaryimage\"},\"thumbnailUrl\":\"https:\\\/\\\/partsandpieces.nl\\\/wp-content\\\/uploads\\\/2020\\\/07\\\/Knop-Rustiek-Ivoor-Porselein-Romantisch-Serie-P17-38mm-bruine-krullen.jpg\",\"datePublished\":\"2020-07-16T11:30:24+00:00\",\"dateModified\":\"2024-11-26T11:06:48+00:00\",\"description\":\"Knop Rustiek Ivoor Porselein Romantisch Serie P17 38mm bruine krullen is een ronde meubelknop met een antiek ijzer finish en een porseleinen inleg.\",\"breadcrumb\":{\"@id\":\"https:\\\/\\\/partsandpieces.nl\\\/product\\\/knop-rustiek-ivoor-porselein-romantisch-serie-p17-38mm-bruine-krullen\\\/#breadcrumb\"},\"inLanguage\":\"de\",\"potentialAction\":[{\"@type\":\"ReadAction\",\"target\":[\"https:\\\/\\\/partsandpieces.nl\\\/product\\\/knop-rustiek-ivoor-porselein-romantisch-serie-p17-38mm-bruine-krullen\\\/\"]}]},{\"@type\":\"ImageObject\",\"inLanguage\":\"de\",\"@id\":\"https:\\\/\\\/partsandpieces.nl\\\/product\\\/knop-rustiek-ivoor-porselein-romantisch-serie-p17-38mm-bruine-krullen\\\/#primaryimage\",\"url\":\"https:\\\/\\\/partsandpieces.nl\\\/wp-content\\\/uploads\\\/2020\\\/07\\\/Knop-Rustiek-Ivoor-Porselein-Romantisch-Serie-P17-38mm-bruine-krullen.jpg\",\"contentUrl\":\"https:\\\/\\\/partsandpieces.nl\\\/wp-content\\\/uploads\\\/2020\\\/07\\\/Knop-Rustiek-Ivoor-Porselein-Romantisch-Serie-P17-38mm-bruine-krullen.jpg\",\"width\":480,\"height\":481,\"caption\":\"Knop Rustiek Ivoor Porselein Romantisch Serie P17 38mm bruine krullen\"},{\"@type\":\"BreadcrumbList\",\"@id\":\"https:\\\/\\\/partsandpieces.nl\\\/product\\\/knop-rustiek-ivoor-porselein-romantisch-serie-p17-38mm-bruine-krullen\\\/#breadcrumb\",\"itemListElement\":[{\"@type\":\"ListItem\",\"position\":1,\"name\":\"Home\",\"item\":\"https:\\\/\\\/partsandpieces.nl\\\/home\\\/\"},{\"@type\":\"ListItem\",\"position\":2,\"name\":\"Winkel\",\"item\":\"https:\\\/\\\/partsandpieces.nl\\\/winkel\\\/\"},{\"@type\":\"ListItem\",\"position\":3,\"name\":\"Knop Rustiek Ivoor Porselein Romantisch Serie P17 38mm bruine krullen\"}]},{\"@type\":\"WebSite\",\"@id\":\"https:\\\/\\\/partsandpieces.nl\\\/#website\",\"url\":\"https:\\\/\\\/partsandpieces.nl\\\/\",\"name\":\"Parts &amp; Pieces\",\"description\":\"Alles voor uw meubelrestauratie en -onderhoud!\",\"potentialAction\":[{\"@type\":\"SearchAction\",\"target\":{\"@type\":\"EntryPoint\",\"urlTemplate\":\"https:\\\/\\\/partsandpieces.nl\\\/?s={search_term_string}\"},\"query-input\":{\"@type\":\"PropertyValueSpecification\",\"valueRequired\":true,\"valueName\":\"search_term_string\"}}],\"inLanguage\":\"de\"}]}<\/script>\n<!-- \/ Yoast SEO plugin. -->","yoast_head_json":{"title":"Porzellanknopf Romantische Locken","description":"Der Knopf Rustic Ivory Porcelain Romantic Series P17 38 mm braune Locken ist ein runder M\u00f6belknopf mit einem antiken Eisenfinish und einer Porzellaneinlage.","robots":{"index":"index","follow":"follow","max-snippet":"max-snippet:-1","max-image-preview":"max-image-preview:large","max-video-preview":"max-video-preview:-1"},"canonical":"https:\/\/partsandpieces.nl\/de\/produkt\/knopf-rustikales-elfenbeinporzellan-romantische-serie-p17-38-mm-braune-locken\/","og_locale":"de_DE","og_type":"article","og_title":"Knop Porselein Romantisch krullen","og_description":"Knop Rustiek Ivoor Porselein Romantisch Serie P17 38mm bruine krullen is een ronde meubelknop met een antiek ijzer finish en een porseleinen inleg.","og_url":"https:\/\/partsandpieces.nl\/de\/produkt\/knopf-rustikales-elfenbeinporzellan-romantische-serie-p17-38-mm-braune-locken\/","og_site_name":"Parts &amp; Pieces","article_modified_time":"2024-11-26T11:06:48+00:00","og_image":[{"width":480,"height":481,"url":"https:\/\/partsandpieces.nl\/wp-content\/uploads\/2020\/07\/Knop-Rustiek-Ivoor-Porselein-Romantisch-Serie-P17-38mm-bruine-krullen.jpg","type":"image\/jpeg"}],"twitter_card":"summary_large_image","twitter_misc":{"Gesch\u00e4tzte Lesezeit":"1\u00a0Minute"},"schema":{"@context":"https:\/\/schema.org","@graph":[{"@type":"WebPage","@id":"https:\/\/partsandpieces.nl\/product\/knop-rustiek-ivoor-porselein-romantisch-serie-p17-38mm-bruine-krullen\/","url":"https:\/\/partsandpieces.nl\/product\/knop-rustiek-ivoor-porselein-romantisch-serie-p17-38mm-bruine-krullen\/","name":"Porzellanknopf Romantische Locken","isPartOf":{"@id":"https:\/\/partsandpieces.nl\/#website"},"primaryImageOfPage":{"@id":"https:\/\/partsandpieces.nl\/product\/knop-rustiek-ivoor-porselein-romantisch-serie-p17-38mm-bruine-krullen\/#primaryimage"},"image":{"@id":"https:\/\/partsandpieces.nl\/product\/knop-rustiek-ivoor-porselein-romantisch-serie-p17-38mm-bruine-krullen\/#primaryimage"},"thumbnailUrl":"https:\/\/partsandpieces.nl\/wp-content\/uploads\/2020\/07\/Knop-Rustiek-Ivoor-Porselein-Romantisch-Serie-P17-38mm-bruine-krullen.jpg","datePublished":"2020-07-16T11:30:24+00:00","dateModified":"2024-11-26T11:06:48+00:00","description":"Der Knopf Rustic Ivory Porcelain Romantic Series P17 38 mm braune Locken ist ein runder M\u00f6belknopf mit einem antiken Eisenfinish und einer Porzellaneinlage.","breadcrumb":{"@id":"https:\/\/partsandpieces.nl\/product\/knop-rustiek-ivoor-porselein-romantisch-serie-p17-38mm-bruine-krullen\/#breadcrumb"},"inLanguage":"de","potentialAction":[{"@type":"ReadAction","target":["https:\/\/partsandpieces.nl\/product\/knop-rustiek-ivoor-porselein-romantisch-serie-p17-38mm-bruine-krullen\/"]}]},{"@type":"ImageObject","inLanguage":"de","@id":"https:\/\/partsandpieces.nl\/product\/knop-rustiek-ivoor-porselein-romantisch-serie-p17-38mm-bruine-krullen\/#primaryimage","url":"https:\/\/partsandpieces.nl\/wp-content\/uploads\/2020\/07\/Knop-Rustiek-Ivoor-Porselein-Romantisch-Serie-P17-38mm-bruine-krullen.jpg","contentUrl":"https:\/\/partsandpieces.nl\/wp-content\/uploads\/2020\/07\/Knop-Rustiek-Ivoor-Porselein-Romantisch-Serie-P17-38mm-bruine-krullen.jpg","width":480,"height":481,"caption":"Knop Rustiek Ivoor Porselein Romantisch Serie P17 38mm bruine krullen"},{"@type":"BreadcrumbList","@id":"https:\/\/partsandpieces.nl\/product\/knop-rustiek-ivoor-porselein-romantisch-serie-p17-38mm-bruine-krullen\/#breadcrumb","itemListElement":[{"@type":"ListItem","position":1,"name":"Home","item":"https:\/\/partsandpieces.nl\/home\/"},{"@type":"ListItem","position":2,"name":"Winkel","item":"https:\/\/partsandpieces.nl\/winkel\/"},{"@type":"ListItem","position":3,"name":"Knop Rustiek Ivoor Porselein Romantisch Serie P17 38mm bruine krullen"}]},{"@type":"WebSite","@id":"https:\/\/partsandpieces.nl\/#website","url":"https:\/\/partsandpieces.nl\/","name":"Teile &amp; St\u00fccke","description":"Alles f\u00fcr Ihre M\u00f6belrestaurierung und -pflege!","potentialAction":[{"@type":"SearchAction","target":{"@type":"EntryPoint","urlTemplate":"https:\/\/partsandpieces.nl\/?s={search_term_string}"},"query-input":{"@type":"PropertyValueSpecification","valueRequired":true,"valueName":"search_term_string"}}],"inLanguage":"de"}]}},"_links":{"self":[{"href":"https:\/\/partsandpieces.nl\/de\/wp-json\/wp\/v2\/product\/598","targetHints":{"allow":["GET"]}}],"collection":[{"href":"https:\/\/partsandpieces.nl\/de\/wp-json\/wp\/v2\/product"}],"about":[{"href":"https:\/\/partsandpieces.nl\/de\/wp-json\/wp\/v2\/types\/product"}],"wp:featuredmedia":[{"embeddable":true,"href":"https:\/\/partsandpieces.nl\/de\/wp-json\/wp\/v2\/media\/5527"}],"wp:attachment":[{"href":"https:\/\/partsandpieces.nl\/de\/wp-json\/wp\/v2\/media?parent=598"}],"wp:term":[{"taxonomy":"product_brand","embeddable":true,"href":"https:\/\/partsandpieces.nl\/de\/wp-json\/wp\/v2\/product_brand?post=598"},{"taxonomy":"product_cat","embeddable":true,"href":"https:\/\/partsandpieces.nl\/de\/wp-json\/wp\/v2\/product_cat?post=598"},{"taxonomy":"product_tag","embeddable":true,"href":"https:\/\/partsandpieces.nl\/de\/wp-json\/wp\/v2\/product_tag?post=598"}],"curies":[{"name":"wp","href":"https:\/\/api.w.org\/{rel}","templated":true}]}}