{"id":600,"date":"2020-07-16T11:32:30","date_gmt":"2020-07-16T11:32:30","guid":{"rendered":"https:\/\/partsandpieces.bonsaidev.nl\/?product=knop-met-porselein-rond-38-mm"},"modified":"2025-09-30T10:50:29","modified_gmt":"2025-09-30T08:50:29","slug":"knopf-porzellan-eisen-romantische-serie-p17-38mm","status":"publish","type":"product","link":"https:\/\/partsandpieces.nl\/de\/product\/knop-porselein-ijzer-romantisch-serie-p17-38mm\/","title":{"rendered":"Knopf Porzellaneisen Romantic Series P17 38mm"},"content":{"rendered":"<p><strong>Knopf Porzellaneisen Romantic Series P17 38mm<\/strong> ist ein runder M\u00f6belknopf mit antikem Eisenfinish und einer Porzellaneinlage. Dieser Knauf passt gut zu Ihrem klassischen oder l\u00e4ndlichen M\u00f6belst\u00fcck.<\/p>\n<p>Dieser hochwertige Knopf wird in Italien hergestellt.<\/p>\n<p><strong>Ma\u00dfe<br \/>\n<\/strong>Der Knauf aus Porzellan und Eisen der Serie Romantik P17 38 mm hat einen Durchmesser von 38 mm. Nach der Installation steht dieser Knopf 28 mm hervor. Die Basis des Knopfes hat einen Durchmesser von 23 mm.<\/p>\n<p><strong>Bearbeiten<br \/>\n<\/strong>Sie k\u00f6nnen den Taster mit blind montieren\u00a0<span style=\"text-decoration: underline;\"><a href=\"https:\/\/partsandpieces.nl\/de\/produkt\/schraube-edelstahl-fur-blindmontageknopf-20x4mm-20-stuck\/\">Edelstahlschraube f\u00fcr Blindbefestigungsknopf (20x4mm)<\/a><\/span>. Ich schicke diese Schraube\u00a0<strong>FREI<\/strong>\u00a0mit Ihrer Bestellung.<\/p>","protected":false},"excerpt":{"rendered":"<p>Knop Porselein IJzer Romantisch Serie P17 38mm is een ronde meubelknop met een antiek ijzer finish en een porseleinen inleg. Deze knop past goed op je klassieke of landelijke meubelstuk. Deze kwalitatief uitstekende knop is gemaakt in Itali\u00eb. Afmetingen De Knop Porselein IJzer Romantisch Serie P17 38mm heeft een diameter van 38mm. Na montage steekt [&hellip;]<\/p>\n","protected":false},"featured_media":5518,"template":"","meta":{"_acf_changed":false},"product_brand":[],"product_cat":[37,23],"product_tag":[],"class_list":{"0":"post-600","1":"product","2":"type-product","3":"status-publish","4":"has-post-thumbnail","6":"product_cat-knoppen","7":"product_cat-meubelbeslag","9":"first","10":"instock","11":"taxable","12":"shipping-taxable","13":"purchasable","14":"product-type-simple"},"acf":[],"yoast_head":"<!-- This site is optimized with the Yoast SEO plugin v27.3 - https:\/\/yoast.com\/product\/yoast-seo-wordpress\/ -->\n<title>Knop Porselein Romantisch 38mm<\/title>\n<meta name=\"description\" content=\"Knop Porselein IJzer Romantisch Serie P17 38mm heeft een antiek ijzer finish en een porseleinen inleg. Deze knop past goed op je landelijke meubelstuk.\" \/>\n<meta name=\"robots\" content=\"index, follow, max-snippet:-1, max-image-preview:large, max-video-preview:-1\" \/>\n<link rel=\"canonical\" href=\"https:\/\/partsandpieces.nl\/de\/produkt\/knopf-porzellan-eisen-romantische-serie-p17-38mm\/\" \/>\n<meta property=\"og:locale\" content=\"de_DE\" \/>\n<meta property=\"og:type\" content=\"article\" \/>\n<meta property=\"og:title\" content=\"Knop Porselein Romantisch 38mm\" \/>\n<meta property=\"og:description\" content=\"Knop Porselein IJzer Romantisch Serie P17 38mm heeft een antiek ijzer finish en een porseleinen inleg. Deze knop past goed op je landelijke meubelstuk.\" \/>\n<meta property=\"og:url\" content=\"https:\/\/partsandpieces.nl\/de\/produkt\/knopf-porzellan-eisen-romantische-serie-p17-38mm\/\" \/>\n<meta property=\"og:site_name\" content=\"Parts &amp; Pieces\" \/>\n<meta property=\"article:modified_time\" content=\"2025-09-30T08:50:29+00:00\" \/>\n<meta property=\"og:image\" content=\"https:\/\/partsandpieces.nl\/wp-content\/uploads\/2020\/07\/Knop-Porselein-IJzer-Romantisch-Serie-P17-38mm.jpg\" \/>\n\t<meta property=\"og:image:width\" content=\"480\" \/>\n\t<meta property=\"og:image:height\" content=\"480\" \/>\n\t<meta property=\"og:image:type\" content=\"image\/jpeg\" \/>\n<meta name=\"twitter:card\" content=\"summary_large_image\" \/>\n<meta name=\"twitter:label1\" content=\"Gesch\u00e4tzte Lesezeit\" \/>\n\t<meta name=\"twitter:data1\" content=\"1\u00a0Minute\" \/>\n<script type=\"application\/ld+json\" class=\"yoast-schema-graph\">{\"@context\":\"https:\\\/\\\/schema.org\",\"@graph\":[{\"@type\":\"WebPage\",\"@id\":\"https:\\\/\\\/partsandpieces.nl\\\/product\\\/knop-porselein-ijzer-romantisch-serie-p17-38mm\\\/\",\"url\":\"https:\\\/\\\/partsandpieces.nl\\\/product\\\/knop-porselein-ijzer-romantisch-serie-p17-38mm\\\/\",\"name\":\"Knop Porselein Romantisch 38mm\",\"isPartOf\":{\"@id\":\"https:\\\/\\\/partsandpieces.nl\\\/#website\"},\"primaryImageOfPage\":{\"@id\":\"https:\\\/\\\/partsandpieces.nl\\\/product\\\/knop-porselein-ijzer-romantisch-serie-p17-38mm\\\/#primaryimage\"},\"image\":{\"@id\":\"https:\\\/\\\/partsandpieces.nl\\\/product\\\/knop-porselein-ijzer-romantisch-serie-p17-38mm\\\/#primaryimage\"},\"thumbnailUrl\":\"https:\\\/\\\/partsandpieces.nl\\\/wp-content\\\/uploads\\\/2020\\\/07\\\/Knop-Porselein-IJzer-Romantisch-Serie-P17-38mm.jpg\",\"datePublished\":\"2020-07-16T11:32:30+00:00\",\"dateModified\":\"2025-09-30T08:50:29+00:00\",\"description\":\"Knop Porselein IJzer Romantisch Serie P17 38mm heeft een antiek ijzer finish en een porseleinen inleg. Deze knop past goed op je landelijke meubelstuk.\",\"breadcrumb\":{\"@id\":\"https:\\\/\\\/partsandpieces.nl\\\/product\\\/knop-porselein-ijzer-romantisch-serie-p17-38mm\\\/#breadcrumb\"},\"inLanguage\":\"de\",\"potentialAction\":[{\"@type\":\"ReadAction\",\"target\":[\"https:\\\/\\\/partsandpieces.nl\\\/product\\\/knop-porselein-ijzer-romantisch-serie-p17-38mm\\\/\"]}]},{\"@type\":\"ImageObject\",\"inLanguage\":\"de\",\"@id\":\"https:\\\/\\\/partsandpieces.nl\\\/product\\\/knop-porselein-ijzer-romantisch-serie-p17-38mm\\\/#primaryimage\",\"url\":\"https:\\\/\\\/partsandpieces.nl\\\/wp-content\\\/uploads\\\/2020\\\/07\\\/Knop-Porselein-IJzer-Romantisch-Serie-P17-38mm.jpg\",\"contentUrl\":\"https:\\\/\\\/partsandpieces.nl\\\/wp-content\\\/uploads\\\/2020\\\/07\\\/Knop-Porselein-IJzer-Romantisch-Serie-P17-38mm.jpg\",\"width\":480,\"height\":480,\"caption\":\"Knop Porselein IJzer Romantisch Serie P17 38mm\"},{\"@type\":\"BreadcrumbList\",\"@id\":\"https:\\\/\\\/partsandpieces.nl\\\/product\\\/knop-porselein-ijzer-romantisch-serie-p17-38mm\\\/#breadcrumb\",\"itemListElement\":[{\"@type\":\"ListItem\",\"position\":1,\"name\":\"Home\",\"item\":\"https:\\\/\\\/partsandpieces.nl\\\/home\\\/\"},{\"@type\":\"ListItem\",\"position\":2,\"name\":\"Winkel\",\"item\":\"https:\\\/\\\/partsandpieces.nl\\\/winkel\\\/\"},{\"@type\":\"ListItem\",\"position\":3,\"name\":\"Knop Porselein IJzer Romantisch Serie P17 38mm\"}]},{\"@type\":\"WebSite\",\"@id\":\"https:\\\/\\\/partsandpieces.nl\\\/#website\",\"url\":\"https:\\\/\\\/partsandpieces.nl\\\/\",\"name\":\"Parts &amp; Pieces\",\"description\":\"Alles voor uw meubelrestauratie en -onderhoud!\",\"potentialAction\":[{\"@type\":\"SearchAction\",\"target\":{\"@type\":\"EntryPoint\",\"urlTemplate\":\"https:\\\/\\\/partsandpieces.nl\\\/?s={search_term_string}\"},\"query-input\":{\"@type\":\"PropertyValueSpecification\",\"valueRequired\":true,\"valueName\":\"search_term_string\"}}],\"inLanguage\":\"de\"}]}<\/script>\n<!-- \/ Yoast SEO plugin. -->","yoast_head_json":{"title":"Knauf Porzellan Romantisch 38mm","description":"Der Knauf aus Porzellan und Eisen der Serie Romantic P17 38 mm hat ein antikes Eisenfinish und eine Porzellaneinlage. Dieser Knauf passt gut zu Ihrem l\u00e4ndlichen M\u00f6belst\u00fcck.","robots":{"index":"index","follow":"follow","max-snippet":"max-snippet:-1","max-image-preview":"max-image-preview:large","max-video-preview":"max-video-preview:-1"},"canonical":"https:\/\/partsandpieces.nl\/de\/produkt\/knopf-porzellan-eisen-romantische-serie-p17-38mm\/","og_locale":"de_DE","og_type":"article","og_title":"Knop Porselein Romantisch 38mm","og_description":"Knop Porselein IJzer Romantisch Serie P17 38mm heeft een antiek ijzer finish en een porseleinen inleg. Deze knop past goed op je landelijke meubelstuk.","og_url":"https:\/\/partsandpieces.nl\/de\/produkt\/knopf-porzellan-eisen-romantische-serie-p17-38mm\/","og_site_name":"Parts &amp; Pieces","article_modified_time":"2025-09-30T08:50:29+00:00","og_image":[{"width":480,"height":480,"url":"https:\/\/partsandpieces.nl\/wp-content\/uploads\/2020\/07\/Knop-Porselein-IJzer-Romantisch-Serie-P17-38mm.jpg","type":"image\/jpeg"}],"twitter_card":"summary_large_image","twitter_misc":{"Gesch\u00e4tzte Lesezeit":"1\u00a0Minute"},"schema":{"@context":"https:\/\/schema.org","@graph":[{"@type":"WebPage","@id":"https:\/\/partsandpieces.nl\/product\/knop-porselein-ijzer-romantisch-serie-p17-38mm\/","url":"https:\/\/partsandpieces.nl\/product\/knop-porselein-ijzer-romantisch-serie-p17-38mm\/","name":"Knauf Porzellan Romantisch 38mm","isPartOf":{"@id":"https:\/\/partsandpieces.nl\/#website"},"primaryImageOfPage":{"@id":"https:\/\/partsandpieces.nl\/product\/knop-porselein-ijzer-romantisch-serie-p17-38mm\/#primaryimage"},"image":{"@id":"https:\/\/partsandpieces.nl\/product\/knop-porselein-ijzer-romantisch-serie-p17-38mm\/#primaryimage"},"thumbnailUrl":"https:\/\/partsandpieces.nl\/wp-content\/uploads\/2020\/07\/Knop-Porselein-IJzer-Romantisch-Serie-P17-38mm.jpg","datePublished":"2020-07-16T11:32:30+00:00","dateModified":"2025-09-30T08:50:29+00:00","description":"Der Knauf aus Porzellan und Eisen der Serie Romantic P17 38 mm hat ein antikes Eisenfinish und eine Porzellaneinlage. Dieser Knauf passt gut zu Ihrem l\u00e4ndlichen M\u00f6belst\u00fcck.","breadcrumb":{"@id":"https:\/\/partsandpieces.nl\/product\/knop-porselein-ijzer-romantisch-serie-p17-38mm\/#breadcrumb"},"inLanguage":"de","potentialAction":[{"@type":"ReadAction","target":["https:\/\/partsandpieces.nl\/product\/knop-porselein-ijzer-romantisch-serie-p17-38mm\/"]}]},{"@type":"ImageObject","inLanguage":"de","@id":"https:\/\/partsandpieces.nl\/product\/knop-porselein-ijzer-romantisch-serie-p17-38mm\/#primaryimage","url":"https:\/\/partsandpieces.nl\/wp-content\/uploads\/2020\/07\/Knop-Porselein-IJzer-Romantisch-Serie-P17-38mm.jpg","contentUrl":"https:\/\/partsandpieces.nl\/wp-content\/uploads\/2020\/07\/Knop-Porselein-IJzer-Romantisch-Serie-P17-38mm.jpg","width":480,"height":480,"caption":"Knop Porselein IJzer Romantisch Serie P17 38mm"},{"@type":"BreadcrumbList","@id":"https:\/\/partsandpieces.nl\/product\/knop-porselein-ijzer-romantisch-serie-p17-38mm\/#breadcrumb","itemListElement":[{"@type":"ListItem","position":1,"name":"Home","item":"https:\/\/partsandpieces.nl\/home\/"},{"@type":"ListItem","position":2,"name":"Winkel","item":"https:\/\/partsandpieces.nl\/winkel\/"},{"@type":"ListItem","position":3,"name":"Knop Porselein IJzer Romantisch Serie P17 38mm"}]},{"@type":"WebSite","@id":"https:\/\/partsandpieces.nl\/#website","url":"https:\/\/partsandpieces.nl\/","name":"Teile &amp; St\u00fccke","description":"Alles f\u00fcr Ihre M\u00f6belrestaurierung und -pflege!","potentialAction":[{"@type":"SearchAction","target":{"@type":"EntryPoint","urlTemplate":"https:\/\/partsandpieces.nl\/?s={search_term_string}"},"query-input":{"@type":"PropertyValueSpecification","valueRequired":true,"valueName":"search_term_string"}}],"inLanguage":"de"}]}},"_links":{"self":[{"href":"https:\/\/partsandpieces.nl\/de\/wp-json\/wp\/v2\/product\/600","targetHints":{"allow":["GET"]}}],"collection":[{"href":"https:\/\/partsandpieces.nl\/de\/wp-json\/wp\/v2\/product"}],"about":[{"href":"https:\/\/partsandpieces.nl\/de\/wp-json\/wp\/v2\/types\/product"}],"wp:featuredmedia":[{"embeddable":true,"href":"https:\/\/partsandpieces.nl\/de\/wp-json\/wp\/v2\/media\/5518"}],"wp:attachment":[{"href":"https:\/\/partsandpieces.nl\/de\/wp-json\/wp\/v2\/media?parent=600"}],"wp:term":[{"taxonomy":"product_brand","embeddable":true,"href":"https:\/\/partsandpieces.nl\/de\/wp-json\/wp\/v2\/product_brand?post=600"},{"taxonomy":"product_cat","embeddable":true,"href":"https:\/\/partsandpieces.nl\/de\/wp-json\/wp\/v2\/product_cat?post=600"},{"taxonomy":"product_tag","embeddable":true,"href":"https:\/\/partsandpieces.nl\/de\/wp-json\/wp\/v2\/product_tag?post=600"}],"curies":[{"name":"wp","href":"https:\/\/api.w.org\/{rel}","templated":true}]}}