{"id":604,"date":"2020-07-16T11:36:35","date_gmt":"2020-07-16T11:36:35","guid":{"rendered":"https:\/\/partsandpieces.bonsaidev.nl\/?product=porseleine-knop-rond-38x29"},"modified":"2026-02-24T09:47:10","modified_gmt":"2026-02-24T08:47:10","slug":"knopf-weis-porzellan-bronze-antik-gros-40mm","status":"publish","type":"product","link":"https:\/\/partsandpieces.nl\/de\/product\/knop-wit-porselein-brons-antiek-groot-40mm\/","title":{"rendered":"Knopf Wei\u00dfes Porzellan Bronze Antik Gro\u00df 40mm"},"content":{"rendered":"<p><strong>Knopf Wei\u00dfes Porzellan Bronze Antik Gro\u00df 40mm<\/strong>\u00a0ist ein konvexer M\u00f6belknopf aus Porzellan mit einer Befestigungsstange in antiker Bronzeoptik. Der Knopf verj\u00fcngt sich. Dieser Knauf passt gut zu Ihrem klassischen oder l\u00e4ndlichen M\u00f6belst\u00fcck.<\/p>\n<p>Dieser hochwertige Knopf wird in Italien hergestellt.<\/p>\n<p><strong>Ma\u00dfe<br \/>\n<\/strong>Der Knauf aus wei\u00dfem Porzellan, Bronze, Antik, gro\u00df, 40 mm, hat einen Durchmesser von ca. 40 mm. Nach der Installation steht dieser Knopf 38 mm hervor.<\/p>\n<p><strong>Bearbeiten<br \/>\n<\/strong>Sie k\u00f6nnen den Taster mit blind montieren\u00a0<span style=\"text-decoration: underline;\"><a href=\"https:\/\/partsandpieces.nl\/de\/produkt\/schraube-edelstahl-zur-blindmontage-von-mobelbeschlagen-45x4mm-20-stuck\/\">Edelstahlschraube zur Blindbefestigung von M\u00f6belbeschl\u00e4gen (45x4mm)<\/a><\/span>. Ich schicke diese Schraube\u00a0<strong>FREI<\/strong>\u00a0mit Ihrer Bestellung.<\/p>","protected":false},"excerpt":{"rendered":"<p>Knop Wit Porselein Brons Antiek Groot 40mm\u00a0is een bolle meubelknop gemaakt van porselein met een bevestigingsstaafje met een antiek bronzen finish. De knop loopt taps bij. Deze knop past goed op je klassieke of landelijke meubelstuk. Deze kwalitatief uitstekende knop is gemaakt in Itali\u00eb. Afmetingen Knop Wit Porselein Brons Antiek Groot 40mm heeft een diameter [&hellip;]<\/p>\n","protected":false},"featured_media":6853,"template":"","meta":{"_acf_changed":false},"product_brand":[],"product_cat":[37,23,38],"product_tag":[],"class_list":{"0":"post-604","1":"product","2":"type-product","3":"status-publish","4":"has-post-thumbnail","6":"product_cat-knoppen","7":"product_cat-meubelbeslag","8":"product_cat-porseleinen-knoppen","10":"first","11":"instock","12":"taxable","13":"shipping-taxable","14":"purchasable","15":"product-type-simple"},"acf":[],"yoast_head":"<!-- This site is optimized with the Yoast SEO plugin v27.3 - https:\/\/yoast.com\/product\/yoast-seo-wordpress\/ -->\n<title>Knop Porselein Groot 40mm<\/title>\n<meta name=\"description\" content=\"Knop Wit Porselein Brons Antiek Groot 40mm\u00a0heeft een bevestigingsstaafje met een antiek bronzen finish. Deze knop past goed op je klassieke meubelstuk.\" \/>\n<meta name=\"robots\" content=\"index, follow, max-snippet:-1, max-image-preview:large, max-video-preview:-1\" \/>\n<link rel=\"canonical\" href=\"https:\/\/partsandpieces.nl\/de\/produkt\/knopf-weis-porzellan-bronze-antik-gros-40mm\/\" \/>\n<meta property=\"og:locale\" content=\"de_DE\" \/>\n<meta property=\"og:type\" content=\"article\" \/>\n<meta property=\"og:title\" content=\"Knop Porselein Groot 40mm\" \/>\n<meta property=\"og:description\" content=\"Knop Wit Porselein Brons Antiek Groot 40mm\u00a0heeft een bevestigingsstaafje met een antiek bronzen finish. Deze knop past goed op je klassieke meubelstuk.\" \/>\n<meta property=\"og:url\" content=\"https:\/\/partsandpieces.nl\/de\/produkt\/knopf-weis-porzellan-bronze-antik-gros-40mm\/\" \/>\n<meta property=\"og:site_name\" content=\"Parts &amp; Pieces\" \/>\n<meta property=\"article:modified_time\" content=\"2026-02-24T08:47:10+00:00\" \/>\n<meta property=\"og:image\" content=\"https:\/\/partsandpieces.nl\/wp-content\/uploads\/2020\/07\/Knop-Wit-Porselein-Brons-Antiek-Groot-40mm.jpg\" \/>\n\t<meta property=\"og:image:width\" content=\"419\" \/>\n\t<meta property=\"og:image:height\" content=\"422\" \/>\n\t<meta property=\"og:image:type\" content=\"image\/jpeg\" \/>\n<meta name=\"twitter:card\" content=\"summary_large_image\" \/>\n<meta name=\"twitter:label1\" content=\"Gesch\u00e4tzte Lesezeit\" \/>\n\t<meta name=\"twitter:data1\" content=\"1\u00a0Minute\" \/>\n<script type=\"application\/ld+json\" class=\"yoast-schema-graph\">{\"@context\":\"https:\\\/\\\/schema.org\",\"@graph\":[{\"@type\":\"WebPage\",\"@id\":\"https:\\\/\\\/partsandpieces.nl\\\/product\\\/knop-wit-porselein-brons-antiek-groot-40mm\\\/\",\"url\":\"https:\\\/\\\/partsandpieces.nl\\\/product\\\/knop-wit-porselein-brons-antiek-groot-40mm\\\/\",\"name\":\"Knop Porselein Groot 40mm\",\"isPartOf\":{\"@id\":\"https:\\\/\\\/partsandpieces.nl\\\/#website\"},\"primaryImageOfPage\":{\"@id\":\"https:\\\/\\\/partsandpieces.nl\\\/product\\\/knop-wit-porselein-brons-antiek-groot-40mm\\\/#primaryimage\"},\"image\":{\"@id\":\"https:\\\/\\\/partsandpieces.nl\\\/product\\\/knop-wit-porselein-brons-antiek-groot-40mm\\\/#primaryimage\"},\"thumbnailUrl\":\"https:\\\/\\\/partsandpieces.nl\\\/wp-content\\\/uploads\\\/2020\\\/07\\\/Knop-Wit-Porselein-Brons-Antiek-Groot-40mm.jpg\",\"datePublished\":\"2020-07-16T11:36:35+00:00\",\"dateModified\":\"2026-02-24T08:47:10+00:00\",\"description\":\"Knop Wit Porselein Brons Antiek Groot 40mm\u00a0heeft een bevestigingsstaafje met een antiek bronzen finish. Deze knop past goed op je klassieke meubelstuk.\",\"breadcrumb\":{\"@id\":\"https:\\\/\\\/partsandpieces.nl\\\/product\\\/knop-wit-porselein-brons-antiek-groot-40mm\\\/#breadcrumb\"},\"inLanguage\":\"de\",\"potentialAction\":[{\"@type\":\"ReadAction\",\"target\":[\"https:\\\/\\\/partsandpieces.nl\\\/product\\\/knop-wit-porselein-brons-antiek-groot-40mm\\\/\"]}]},{\"@type\":\"ImageObject\",\"inLanguage\":\"de\",\"@id\":\"https:\\\/\\\/partsandpieces.nl\\\/product\\\/knop-wit-porselein-brons-antiek-groot-40mm\\\/#primaryimage\",\"url\":\"https:\\\/\\\/partsandpieces.nl\\\/wp-content\\\/uploads\\\/2020\\\/07\\\/Knop-Wit-Porselein-Brons-Antiek-Groot-40mm.jpg\",\"contentUrl\":\"https:\\\/\\\/partsandpieces.nl\\\/wp-content\\\/uploads\\\/2020\\\/07\\\/Knop-Wit-Porselein-Brons-Antiek-Groot-40mm.jpg\",\"width\":419,\"height\":422,\"caption\":\"Knop Wit Porselein Brons Antiek Groot 40mm\"},{\"@type\":\"BreadcrumbList\",\"@id\":\"https:\\\/\\\/partsandpieces.nl\\\/product\\\/knop-wit-porselein-brons-antiek-groot-40mm\\\/#breadcrumb\",\"itemListElement\":[{\"@type\":\"ListItem\",\"position\":1,\"name\":\"Home\",\"item\":\"https:\\\/\\\/partsandpieces.nl\\\/home\\\/\"},{\"@type\":\"ListItem\",\"position\":2,\"name\":\"Winkel\",\"item\":\"https:\\\/\\\/partsandpieces.nl\\\/winkel\\\/\"},{\"@type\":\"ListItem\",\"position\":3,\"name\":\"Knop Wit Porselein Brons Antiek Groot 40mm\"}]},{\"@type\":\"WebSite\",\"@id\":\"https:\\\/\\\/partsandpieces.nl\\\/#website\",\"url\":\"https:\\\/\\\/partsandpieces.nl\\\/\",\"name\":\"Parts &amp; Pieces\",\"description\":\"Alles voor uw meubelrestauratie en -onderhoud!\",\"potentialAction\":[{\"@type\":\"SearchAction\",\"target\":{\"@type\":\"EntryPoint\",\"urlTemplate\":\"https:\\\/\\\/partsandpieces.nl\\\/?s={search_term_string}\"},\"query-input\":{\"@type\":\"PropertyValueSpecification\",\"valueRequired\":true,\"valueName\":\"search_term_string\"}}],\"inLanguage\":\"de\"}]}<\/script>\n<!-- \/ Yoast SEO plugin. -->","yoast_head_json":{"title":"Knauf Porzellan gro\u00df 40mm","description":"Der Knauf aus wei\u00dfem Porzellan, Bronze, Antik, gro\u00df, 40 mm, hat eine Montagestange mit einem antiken Bronze-Finish. Dieser Knauf passt gut zu Ihrem klassischen M\u00f6belst\u00fcck.","robots":{"index":"index","follow":"follow","max-snippet":"max-snippet:-1","max-image-preview":"max-image-preview:large","max-video-preview":"max-video-preview:-1"},"canonical":"https:\/\/partsandpieces.nl\/de\/produkt\/knopf-weis-porzellan-bronze-antik-gros-40mm\/","og_locale":"de_DE","og_type":"article","og_title":"Knop Porselein Groot 40mm","og_description":"Knop Wit Porselein Brons Antiek Groot 40mm\u00a0heeft een bevestigingsstaafje met een antiek bronzen finish. Deze knop past goed op je klassieke meubelstuk.","og_url":"https:\/\/partsandpieces.nl\/de\/produkt\/knopf-weis-porzellan-bronze-antik-gros-40mm\/","og_site_name":"Parts &amp; Pieces","article_modified_time":"2026-02-24T08:47:10+00:00","og_image":[{"width":419,"height":422,"url":"https:\/\/partsandpieces.nl\/wp-content\/uploads\/2020\/07\/Knop-Wit-Porselein-Brons-Antiek-Groot-40mm.jpg","type":"image\/jpeg"}],"twitter_card":"summary_large_image","twitter_misc":{"Gesch\u00e4tzte Lesezeit":"1\u00a0Minute"},"schema":{"@context":"https:\/\/schema.org","@graph":[{"@type":"WebPage","@id":"https:\/\/partsandpieces.nl\/product\/knop-wit-porselein-brons-antiek-groot-40mm\/","url":"https:\/\/partsandpieces.nl\/product\/knop-wit-porselein-brons-antiek-groot-40mm\/","name":"Knauf Porzellan gro\u00df 40mm","isPartOf":{"@id":"https:\/\/partsandpieces.nl\/#website"},"primaryImageOfPage":{"@id":"https:\/\/partsandpieces.nl\/product\/knop-wit-porselein-brons-antiek-groot-40mm\/#primaryimage"},"image":{"@id":"https:\/\/partsandpieces.nl\/product\/knop-wit-porselein-brons-antiek-groot-40mm\/#primaryimage"},"thumbnailUrl":"https:\/\/partsandpieces.nl\/wp-content\/uploads\/2020\/07\/Knop-Wit-Porselein-Brons-Antiek-Groot-40mm.jpg","datePublished":"2020-07-16T11:36:35+00:00","dateModified":"2026-02-24T08:47:10+00:00","description":"Der Knauf aus wei\u00dfem Porzellan, Bronze, Antik, gro\u00df, 40 mm, hat eine Montagestange mit einem antiken Bronze-Finish. Dieser Knauf passt gut zu Ihrem klassischen M\u00f6belst\u00fcck.","breadcrumb":{"@id":"https:\/\/partsandpieces.nl\/product\/knop-wit-porselein-brons-antiek-groot-40mm\/#breadcrumb"},"inLanguage":"de","potentialAction":[{"@type":"ReadAction","target":["https:\/\/partsandpieces.nl\/product\/knop-wit-porselein-brons-antiek-groot-40mm\/"]}]},{"@type":"ImageObject","inLanguage":"de","@id":"https:\/\/partsandpieces.nl\/product\/knop-wit-porselein-brons-antiek-groot-40mm\/#primaryimage","url":"https:\/\/partsandpieces.nl\/wp-content\/uploads\/2020\/07\/Knop-Wit-Porselein-Brons-Antiek-Groot-40mm.jpg","contentUrl":"https:\/\/partsandpieces.nl\/wp-content\/uploads\/2020\/07\/Knop-Wit-Porselein-Brons-Antiek-Groot-40mm.jpg","width":419,"height":422,"caption":"Knop Wit Porselein Brons Antiek Groot 40mm"},{"@type":"BreadcrumbList","@id":"https:\/\/partsandpieces.nl\/product\/knop-wit-porselein-brons-antiek-groot-40mm\/#breadcrumb","itemListElement":[{"@type":"ListItem","position":1,"name":"Home","item":"https:\/\/partsandpieces.nl\/home\/"},{"@type":"ListItem","position":2,"name":"Winkel","item":"https:\/\/partsandpieces.nl\/winkel\/"},{"@type":"ListItem","position":3,"name":"Knop Wit Porselein Brons Antiek Groot 40mm"}]},{"@type":"WebSite","@id":"https:\/\/partsandpieces.nl\/#website","url":"https:\/\/partsandpieces.nl\/","name":"Teile &amp; St\u00fccke","description":"Alles f\u00fcr Ihre M\u00f6belrestaurierung und -pflege!","potentialAction":[{"@type":"SearchAction","target":{"@type":"EntryPoint","urlTemplate":"https:\/\/partsandpieces.nl\/?s={search_term_string}"},"query-input":{"@type":"PropertyValueSpecification","valueRequired":true,"valueName":"search_term_string"}}],"inLanguage":"de"}]}},"_links":{"self":[{"href":"https:\/\/partsandpieces.nl\/de\/wp-json\/wp\/v2\/product\/604","targetHints":{"allow":["GET"]}}],"collection":[{"href":"https:\/\/partsandpieces.nl\/de\/wp-json\/wp\/v2\/product"}],"about":[{"href":"https:\/\/partsandpieces.nl\/de\/wp-json\/wp\/v2\/types\/product"}],"wp:featuredmedia":[{"embeddable":true,"href":"https:\/\/partsandpieces.nl\/de\/wp-json\/wp\/v2\/media\/6853"}],"wp:attachment":[{"href":"https:\/\/partsandpieces.nl\/de\/wp-json\/wp\/v2\/media?parent=604"}],"wp:term":[{"taxonomy":"product_brand","embeddable":true,"href":"https:\/\/partsandpieces.nl\/de\/wp-json\/wp\/v2\/product_brand?post=604"},{"taxonomy":"product_cat","embeddable":true,"href":"https:\/\/partsandpieces.nl\/de\/wp-json\/wp\/v2\/product_cat?post=604"},{"taxonomy":"product_tag","embeddable":true,"href":"https:\/\/partsandpieces.nl\/de\/wp-json\/wp\/v2\/product_tag?post=604"}],"curies":[{"name":"wp","href":"https:\/\/api.w.org\/{rel}","templated":true}]}}