{"id":610,"date":"2020-07-16T11:42:30","date_gmt":"2020-07-16T11:42:30","guid":{"rendered":"https:\/\/partsandpieces.bonsaidev.nl\/?product=knop-messing-glans-rond-16mm"},"modified":"2025-09-22T15:20:03","modified_gmt":"2025-09-22T13:20:03","slug":"knopf-messing-glanzend-runder-pilz-18mm","status":"publish","type":"product","link":"https:\/\/partsandpieces.nl\/de\/product\/knop-messing-glanzend-rond-paddenstoel-18mm\/","title":{"rendered":"Knauf, gl\u00e4nzendes Messing, rund, Pilz, 18 mm"},"content":{"rendered":"<p><b>Knauf, gl\u00e4nzendes Messing, rund, Pilz, 18 mm<\/b>\u00a0ist ein runder M\u00f6belknopf mit gl\u00e4nzender Messingoberfl\u00e4che. Der Knopf hat die Form eines Pilzes: Die Oberseite ist kugelf\u00f6rmig. Dieser Knauf passt gut zu Ihren klassischen oder Vintage-M\u00f6beln.<\/p>\n<p><strong>Ma\u00dfe<br \/>\n<\/strong>Knauf aus gl\u00e4nzendem Messing, rund, Pilz 18 mm, hat einen Durchmesser von 18 mm. Nach der Installation steht dieser Knopf 14 mm hervor. Die Basis des Knopfes hat einen Durchmesser von 11 mm.<\/p>\n<p><strong>Bearbeiten<br \/>\n<\/strong>Sie k\u00f6nnen diesen Knopf mit der mitgelieferten Schraube blind montieren.<\/p>","protected":false},"excerpt":{"rendered":"<p>Knop Messing glanzend rond Paddenstoel 18mm\u00a0is een ronde meubelknop met een glanzende messing afwerking. De knop heeft de vorm van een paddenstoel: de bovenkant is bolvormig. Deze knop past goed op je klassieke of brocante meubel. Afmetingen Knop Messing glanzend rond Paddenstoel 18mm heeft een diameter van 18mm. Na montage steekt deze knop 14mm uit. [&hellip;]<\/p>\n","protected":false},"featured_media":7733,"template":"","meta":{"_acf_changed":false},"product_brand":[],"product_cat":[37,23],"product_tag":[],"class_list":{"0":"post-610","1":"product","2":"type-product","3":"status-publish","4":"has-post-thumbnail","6":"product_cat-knoppen","7":"product_cat-meubelbeslag","9":"first","10":"instock","11":"taxable","12":"shipping-taxable","13":"purchasable","14":"product-type-simple"},"acf":[],"yoast_head":"<!-- This site is optimized with the Yoast SEO plugin v27.3 - https:\/\/yoast.com\/product\/yoast-seo-wordpress\/ -->\n<title>Knop Messing glanzend 18mm<\/title>\n<meta name=\"description\" content=\"Knop Messing glanzend rond Paddenstoel 18mm\u00a0is een ronde meubelknop met een glanzende messing afwerking. Past goed op je klassieke of brocante meubel.\" \/>\n<meta name=\"robots\" content=\"index, follow, max-snippet:-1, max-image-preview:large, max-video-preview:-1\" \/>\n<link rel=\"canonical\" href=\"https:\/\/partsandpieces.nl\/de\/produkt\/knopf-messing-glanzend-runder-pilz-18mm\/\" \/>\n<meta property=\"og:locale\" content=\"de_DE\" \/>\n<meta property=\"og:type\" content=\"article\" \/>\n<meta property=\"og:title\" content=\"Knop Messing glanzend 18mm\" \/>\n<meta property=\"og:description\" content=\"Knop Messing glanzend rond Paddenstoel 18mm\u00a0is een ronde meubelknop met een glanzende messing afwerking. Past goed op je klassieke of brocante meubel.\" \/>\n<meta property=\"og:url\" content=\"https:\/\/partsandpieces.nl\/de\/produkt\/knopf-messing-glanzend-runder-pilz-18mm\/\" \/>\n<meta property=\"og:site_name\" content=\"Parts &amp; Pieces\" \/>\n<meta property=\"article:modified_time\" content=\"2025-09-22T13:20:03+00:00\" \/>\n<meta property=\"og:image\" content=\"https:\/\/partsandpieces.nl\/wp-content\/uploads\/2020\/07\/Knop-Messing-glanzend-rond-Paddenstoel-18mm.jpg\" \/>\n\t<meta property=\"og:image:width\" content=\"401\" \/>\n\t<meta property=\"og:image:height\" content=\"400\" \/>\n\t<meta property=\"og:image:type\" content=\"image\/jpeg\" \/>\n<meta name=\"twitter:card\" content=\"summary_large_image\" \/>\n<meta name=\"twitter:label1\" content=\"Gesch\u00e4tzte Lesezeit\" \/>\n\t<meta name=\"twitter:data1\" content=\"1\u00a0Minute\" \/>\n<script type=\"application\/ld+json\" class=\"yoast-schema-graph\">{\"@context\":\"https:\\\/\\\/schema.org\",\"@graph\":[{\"@type\":\"WebPage\",\"@id\":\"https:\\\/\\\/partsandpieces.nl\\\/product\\\/knop-messing-glanzend-rond-paddenstoel-18mm\\\/\",\"url\":\"https:\\\/\\\/partsandpieces.nl\\\/product\\\/knop-messing-glanzend-rond-paddenstoel-18mm\\\/\",\"name\":\"Knop Messing glanzend 18mm\",\"isPartOf\":{\"@id\":\"https:\\\/\\\/partsandpieces.nl\\\/#website\"},\"primaryImageOfPage\":{\"@id\":\"https:\\\/\\\/partsandpieces.nl\\\/product\\\/knop-messing-glanzend-rond-paddenstoel-18mm\\\/#primaryimage\"},\"image\":{\"@id\":\"https:\\\/\\\/partsandpieces.nl\\\/product\\\/knop-messing-glanzend-rond-paddenstoel-18mm\\\/#primaryimage\"},\"thumbnailUrl\":\"https:\\\/\\\/partsandpieces.nl\\\/wp-content\\\/uploads\\\/2020\\\/07\\\/Knop-Messing-glanzend-rond-Paddenstoel-18mm.jpg\",\"datePublished\":\"2020-07-16T11:42:30+00:00\",\"dateModified\":\"2025-09-22T13:20:03+00:00\",\"description\":\"Knop Messing glanzend rond Paddenstoel 18mm\u00a0is een ronde meubelknop met een glanzende messing afwerking. Past goed op je klassieke of brocante meubel.\",\"breadcrumb\":{\"@id\":\"https:\\\/\\\/partsandpieces.nl\\\/product\\\/knop-messing-glanzend-rond-paddenstoel-18mm\\\/#breadcrumb\"},\"inLanguage\":\"de\",\"potentialAction\":[{\"@type\":\"ReadAction\",\"target\":[\"https:\\\/\\\/partsandpieces.nl\\\/product\\\/knop-messing-glanzend-rond-paddenstoel-18mm\\\/\"]}]},{\"@type\":\"ImageObject\",\"inLanguage\":\"de\",\"@id\":\"https:\\\/\\\/partsandpieces.nl\\\/product\\\/knop-messing-glanzend-rond-paddenstoel-18mm\\\/#primaryimage\",\"url\":\"https:\\\/\\\/partsandpieces.nl\\\/wp-content\\\/uploads\\\/2020\\\/07\\\/Knop-Messing-glanzend-rond-Paddenstoel-18mm.jpg\",\"contentUrl\":\"https:\\\/\\\/partsandpieces.nl\\\/wp-content\\\/uploads\\\/2020\\\/07\\\/Knop-Messing-glanzend-rond-Paddenstoel-18mm.jpg\",\"width\":401,\"height\":400,\"caption\":\"Knop Messing glanzend rond Paddenstoel 18mm\"},{\"@type\":\"BreadcrumbList\",\"@id\":\"https:\\\/\\\/partsandpieces.nl\\\/product\\\/knop-messing-glanzend-rond-paddenstoel-18mm\\\/#breadcrumb\",\"itemListElement\":[{\"@type\":\"ListItem\",\"position\":1,\"name\":\"Home\",\"item\":\"https:\\\/\\\/partsandpieces.nl\\\/home\\\/\"},{\"@type\":\"ListItem\",\"position\":2,\"name\":\"Winkel\",\"item\":\"https:\\\/\\\/partsandpieces.nl\\\/winkel\\\/\"},{\"@type\":\"ListItem\",\"position\":3,\"name\":\"Knop Messing glanzend rond Paddenstoel 18mm\"}]},{\"@type\":\"WebSite\",\"@id\":\"https:\\\/\\\/partsandpieces.nl\\\/#website\",\"url\":\"https:\\\/\\\/partsandpieces.nl\\\/\",\"name\":\"Parts &amp; Pieces\",\"description\":\"Alles voor uw meubelrestauratie en -onderhoud!\",\"potentialAction\":[{\"@type\":\"SearchAction\",\"target\":{\"@type\":\"EntryPoint\",\"urlTemplate\":\"https:\\\/\\\/partsandpieces.nl\\\/?s={search_term_string}\"},\"query-input\":{\"@type\":\"PropertyValueSpecification\",\"valueRequired\":true,\"valueName\":\"search_term_string\"}}],\"inLanguage\":\"de\"}]}<\/script>\n<!-- \/ Yoast SEO plugin. -->","yoast_head_json":{"title":"Knopf Messing gl\u00e4nzend 18mm","description":"Knauf Messing gl\u00e4nzend rund Mushroom 18 mm ist ein runder M\u00f6belknopf mit gl\u00e4nzender Messingoberfl\u00e4che. Passt gut zu Ihren klassischen oder Vintage-M\u00f6beln.","robots":{"index":"index","follow":"follow","max-snippet":"max-snippet:-1","max-image-preview":"max-image-preview:large","max-video-preview":"max-video-preview:-1"},"canonical":"https:\/\/partsandpieces.nl\/de\/produkt\/knopf-messing-glanzend-runder-pilz-18mm\/","og_locale":"de_DE","og_type":"article","og_title":"Knop Messing glanzend 18mm","og_description":"Knop Messing glanzend rond Paddenstoel 18mm\u00a0is een ronde meubelknop met een glanzende messing afwerking. Past goed op je klassieke of brocante meubel.","og_url":"https:\/\/partsandpieces.nl\/de\/produkt\/knopf-messing-glanzend-runder-pilz-18mm\/","og_site_name":"Parts &amp; Pieces","article_modified_time":"2025-09-22T13:20:03+00:00","og_image":[{"width":401,"height":400,"url":"https:\/\/partsandpieces.nl\/wp-content\/uploads\/2020\/07\/Knop-Messing-glanzend-rond-Paddenstoel-18mm.jpg","type":"image\/jpeg"}],"twitter_card":"summary_large_image","twitter_misc":{"Gesch\u00e4tzte Lesezeit":"1\u00a0Minute"},"schema":{"@context":"https:\/\/schema.org","@graph":[{"@type":"WebPage","@id":"https:\/\/partsandpieces.nl\/product\/knop-messing-glanzend-rond-paddenstoel-18mm\/","url":"https:\/\/partsandpieces.nl\/product\/knop-messing-glanzend-rond-paddenstoel-18mm\/","name":"Knopf Messing gl\u00e4nzend 18mm","isPartOf":{"@id":"https:\/\/partsandpieces.nl\/#website"},"primaryImageOfPage":{"@id":"https:\/\/partsandpieces.nl\/product\/knop-messing-glanzend-rond-paddenstoel-18mm\/#primaryimage"},"image":{"@id":"https:\/\/partsandpieces.nl\/product\/knop-messing-glanzend-rond-paddenstoel-18mm\/#primaryimage"},"thumbnailUrl":"https:\/\/partsandpieces.nl\/wp-content\/uploads\/2020\/07\/Knop-Messing-glanzend-rond-Paddenstoel-18mm.jpg","datePublished":"2020-07-16T11:42:30+00:00","dateModified":"2025-09-22T13:20:03+00:00","description":"Knauf Messing gl\u00e4nzend rund Mushroom 18 mm ist ein runder M\u00f6belknopf mit gl\u00e4nzender Messingoberfl\u00e4che. Passt gut zu Ihren klassischen oder Vintage-M\u00f6beln.","breadcrumb":{"@id":"https:\/\/partsandpieces.nl\/product\/knop-messing-glanzend-rond-paddenstoel-18mm\/#breadcrumb"},"inLanguage":"de","potentialAction":[{"@type":"ReadAction","target":["https:\/\/partsandpieces.nl\/product\/knop-messing-glanzend-rond-paddenstoel-18mm\/"]}]},{"@type":"ImageObject","inLanguage":"de","@id":"https:\/\/partsandpieces.nl\/product\/knop-messing-glanzend-rond-paddenstoel-18mm\/#primaryimage","url":"https:\/\/partsandpieces.nl\/wp-content\/uploads\/2020\/07\/Knop-Messing-glanzend-rond-Paddenstoel-18mm.jpg","contentUrl":"https:\/\/partsandpieces.nl\/wp-content\/uploads\/2020\/07\/Knop-Messing-glanzend-rond-Paddenstoel-18mm.jpg","width":401,"height":400,"caption":"Knop Messing glanzend rond Paddenstoel 18mm"},{"@type":"BreadcrumbList","@id":"https:\/\/partsandpieces.nl\/product\/knop-messing-glanzend-rond-paddenstoel-18mm\/#breadcrumb","itemListElement":[{"@type":"ListItem","position":1,"name":"Home","item":"https:\/\/partsandpieces.nl\/home\/"},{"@type":"ListItem","position":2,"name":"Winkel","item":"https:\/\/partsandpieces.nl\/winkel\/"},{"@type":"ListItem","position":3,"name":"Knop Messing glanzend rond Paddenstoel 18mm"}]},{"@type":"WebSite","@id":"https:\/\/partsandpieces.nl\/#website","url":"https:\/\/partsandpieces.nl\/","name":"Teile &amp; St\u00fccke","description":"Alles f\u00fcr Ihre M\u00f6belrestaurierung und -pflege!","potentialAction":[{"@type":"SearchAction","target":{"@type":"EntryPoint","urlTemplate":"https:\/\/partsandpieces.nl\/?s={search_term_string}"},"query-input":{"@type":"PropertyValueSpecification","valueRequired":true,"valueName":"search_term_string"}}],"inLanguage":"de"}]}},"_links":{"self":[{"href":"https:\/\/partsandpieces.nl\/de\/wp-json\/wp\/v2\/product\/610","targetHints":{"allow":["GET"]}}],"collection":[{"href":"https:\/\/partsandpieces.nl\/de\/wp-json\/wp\/v2\/product"}],"about":[{"href":"https:\/\/partsandpieces.nl\/de\/wp-json\/wp\/v2\/types\/product"}],"wp:featuredmedia":[{"embeddable":true,"href":"https:\/\/partsandpieces.nl\/de\/wp-json\/wp\/v2\/media\/7733"}],"wp:attachment":[{"href":"https:\/\/partsandpieces.nl\/de\/wp-json\/wp\/v2\/media?parent=610"}],"wp:term":[{"taxonomy":"product_brand","embeddable":true,"href":"https:\/\/partsandpieces.nl\/de\/wp-json\/wp\/v2\/product_brand?post=610"},{"taxonomy":"product_cat","embeddable":true,"href":"https:\/\/partsandpieces.nl\/de\/wp-json\/wp\/v2\/product_cat?post=610"},{"taxonomy":"product_tag","embeddable":true,"href":"https:\/\/partsandpieces.nl\/de\/wp-json\/wp\/v2\/product_tag?post=610"}],"curies":[{"name":"wp","href":"https:\/\/api.w.org\/{rel}","templated":true}]}}