{"id":614,"date":"2020-07-20T09:31:19","date_gmt":"2020-07-20T09:31:19","guid":{"rendered":"https:\/\/partsandpieces.bonsaidev.nl\/?product=knob-brass-ant-25-mm-backplate"},"modified":"2024-12-02T14:40:31","modified_gmt":"2024-12-02T13:40:31","slug":"runder-messingknopf-mit-ruckplatte-25-mm","status":"publish","type":"product","link":"https:\/\/partsandpieces.nl\/de\/product\/knop-messing-rond-met-achterplaatje-25mm\/","title":{"rendered":"Knopf Messing rund mit R\u00fcckenplatte 25mm"},"content":{"rendered":"<p><strong>Knopf Messing rund mit R\u00fcckenplatte 25mm<\/strong> ist ein sch\u00f6ner, runder M\u00f6belknauf mit Messing-, Bronze-Finish. Das Aussehen der Taste ist matt und glatt. Der Knopf hat oben eine W\u00f6lbung, die weit \u00fcber den Fu\u00df hinausragt. Die R\u00fcckplatte ist separat und hat eine Kante mit einer d\u00fcnnen Verbindung zu Ihren M\u00f6beln.<\/p>\n<p>Diesen Button habe ich in den Formaten auf Lager <span style=\"text-decoration: underline;\">25mm<\/span> und <a href=\"https:\/\/partsandpieces.nl\/de\/produkt\/runder-messingknopf-mit-ruckplatte-30-mm\/\"><span style=\"text-decoration: underline;\">30mm<\/span><\/a>.<\/p>\n<p>Dieser hochwertige Knopf wird in Italien hergestellt.<\/p>\n<p><strong>Ma\u00dfe<br \/>\n<\/strong>Der Knopf Messing rund mit Schild 25mm hat einen Durchmesser von 25mm. Nach der Montage ragt dieser Knopf 21mm heraus. Die Basis des Knopfes hat einen Durchmesser von 22 mm.<\/p>\n<p><strong>Bearbeiten<br \/>\n<\/strong>Sie k\u00f6nnen den Taster mit blind montieren <span style=\"text-decoration: underline;\"><a href=\"https:\/\/partsandpieces.nl\/de\/produkt\/schraube-edelstahl-fur-blindmontageknopf-20x4mm-20-stuck\/\">Edelstahlschraube f\u00fcr Blindbefestigungsknopf (20x4mm)<\/a><\/span>. Ich schicke diese Schraube <strong>FREI<\/strong> mit Ihrer Bestellung.<\/p>","protected":false},"excerpt":{"rendered":"<p>Knop Messing rond met achterplaatje 25mm is een mooie, ronde meubelknop met een messing, bronskleurige afwerking. De uitstraling van de knop is mat en glad. De knop heeft een bolling aan de bovenkant die ruim over het voetje uitsteekt. Het achterplaatje is separaat en heeft een randje met een dunne aansluiting op je meubel. Ik [&hellip;]<\/p>\n","protected":false},"featured_media":5140,"template":"","meta":{"_acf_changed":false},"product_brand":[],"product_cat":[37,23],"product_tag":[],"class_list":{"0":"post-614","1":"product","2":"type-product","3":"status-publish","4":"has-post-thumbnail","6":"product_cat-knoppen","7":"product_cat-meubelbeslag","9":"first","10":"instock","11":"taxable","12":"shipping-taxable","13":"purchasable","14":"product-type-simple"},"acf":[],"yoast_head":"<!-- This site is optimized with the Yoast SEO plugin v27.3 - https:\/\/yoast.com\/product\/yoast-seo-wordpress\/ -->\n<title>Knop Messing met achterplaatje 25mm<\/title>\n<meta name=\"description\" content=\"Knop Messing met achterplaatje 25mm is een mooie, ronde meubelknop met een messing, bronskleurige afwerking. De knop heeft een bolling aan de bovenkant.\" \/>\n<meta name=\"robots\" content=\"index, follow, max-snippet:-1, max-image-preview:large, max-video-preview:-1\" \/>\n<link rel=\"canonical\" href=\"https:\/\/partsandpieces.nl\/de\/produkt\/runder-messingknopf-mit-ruckplatte-25-mm\/\" \/>\n<meta property=\"og:locale\" content=\"de_DE\" \/>\n<meta property=\"og:type\" content=\"article\" \/>\n<meta property=\"og:title\" content=\"Knop Messing met achterplaatje 25mm\" \/>\n<meta property=\"og:description\" content=\"Knop Messing met achterplaatje 25mm is een mooie, ronde meubelknop met een messing, bronskleurige afwerking. De knop heeft een bolling aan de bovenkant.\" \/>\n<meta property=\"og:url\" content=\"https:\/\/partsandpieces.nl\/de\/produkt\/runder-messingknopf-mit-ruckplatte-25-mm\/\" \/>\n<meta property=\"og:site_name\" content=\"Parts &amp; Pieces\" \/>\n<meta property=\"article:modified_time\" content=\"2024-12-02T13:40:31+00:00\" \/>\n<meta property=\"og:image\" content=\"https:\/\/partsandpieces.nl\/wp-content\/uploads\/2020\/07\/Knop-Messing-rond-met-achterplaatje-25mm.jpg\" \/>\n\t<meta property=\"og:image:width\" content=\"480\" \/>\n\t<meta property=\"og:image:height\" content=\"481\" \/>\n\t<meta property=\"og:image:type\" content=\"image\/jpeg\" \/>\n<meta name=\"twitter:card\" content=\"summary_large_image\" \/>\n<meta name=\"twitter:label1\" content=\"Gesch\u00e4tzte Lesezeit\" \/>\n\t<meta name=\"twitter:data1\" content=\"1\u00a0Minute\" \/>\n<script type=\"application\/ld+json\" class=\"yoast-schema-graph\">{\"@context\":\"https:\\\/\\\/schema.org\",\"@graph\":[{\"@type\":\"WebPage\",\"@id\":\"https:\\\/\\\/partsandpieces.nl\\\/product\\\/knop-messing-rond-met-achterplaatje-25mm\\\/\",\"url\":\"https:\\\/\\\/partsandpieces.nl\\\/product\\\/knop-messing-rond-met-achterplaatje-25mm\\\/\",\"name\":\"Knop Messing met achterplaatje 25mm\",\"isPartOf\":{\"@id\":\"https:\\\/\\\/partsandpieces.nl\\\/#website\"},\"primaryImageOfPage\":{\"@id\":\"https:\\\/\\\/partsandpieces.nl\\\/product\\\/knop-messing-rond-met-achterplaatje-25mm\\\/#primaryimage\"},\"image\":{\"@id\":\"https:\\\/\\\/partsandpieces.nl\\\/product\\\/knop-messing-rond-met-achterplaatje-25mm\\\/#primaryimage\"},\"thumbnailUrl\":\"https:\\\/\\\/partsandpieces.nl\\\/wp-content\\\/uploads\\\/2020\\\/07\\\/Knop-Messing-rond-met-achterplaatje-25mm.jpg\",\"datePublished\":\"2020-07-20T09:31:19+00:00\",\"dateModified\":\"2024-12-02T13:40:31+00:00\",\"description\":\"Knop Messing met achterplaatje 25mm is een mooie, ronde meubelknop met een messing, bronskleurige afwerking. De knop heeft een bolling aan de bovenkant.\",\"breadcrumb\":{\"@id\":\"https:\\\/\\\/partsandpieces.nl\\\/product\\\/knop-messing-rond-met-achterplaatje-25mm\\\/#breadcrumb\"},\"inLanguage\":\"de\",\"potentialAction\":[{\"@type\":\"ReadAction\",\"target\":[\"https:\\\/\\\/partsandpieces.nl\\\/product\\\/knop-messing-rond-met-achterplaatje-25mm\\\/\"]}]},{\"@type\":\"ImageObject\",\"inLanguage\":\"de\",\"@id\":\"https:\\\/\\\/partsandpieces.nl\\\/product\\\/knop-messing-rond-met-achterplaatje-25mm\\\/#primaryimage\",\"url\":\"https:\\\/\\\/partsandpieces.nl\\\/wp-content\\\/uploads\\\/2020\\\/07\\\/Knop-Messing-rond-met-achterplaatje-25mm.jpg\",\"contentUrl\":\"https:\\\/\\\/partsandpieces.nl\\\/wp-content\\\/uploads\\\/2020\\\/07\\\/Knop-Messing-rond-met-achterplaatje-25mm.jpg\",\"width\":480,\"height\":481,\"caption\":\"Knop Messing rond met achterplaatje 25mm\"},{\"@type\":\"BreadcrumbList\",\"@id\":\"https:\\\/\\\/partsandpieces.nl\\\/product\\\/knop-messing-rond-met-achterplaatje-25mm\\\/#breadcrumb\",\"itemListElement\":[{\"@type\":\"ListItem\",\"position\":1,\"name\":\"Home\",\"item\":\"https:\\\/\\\/partsandpieces.nl\\\/home\\\/\"},{\"@type\":\"ListItem\",\"position\":2,\"name\":\"Winkel\",\"item\":\"https:\\\/\\\/partsandpieces.nl\\\/winkel\\\/\"},{\"@type\":\"ListItem\",\"position\":3,\"name\":\"Knop Messing rond met achterplaatje 25mm\"}]},{\"@type\":\"WebSite\",\"@id\":\"https:\\\/\\\/partsandpieces.nl\\\/#website\",\"url\":\"https:\\\/\\\/partsandpieces.nl\\\/\",\"name\":\"Parts &amp; Pieces\",\"description\":\"Alles voor uw meubelrestauratie en -onderhoud!\",\"potentialAction\":[{\"@type\":\"SearchAction\",\"target\":{\"@type\":\"EntryPoint\",\"urlTemplate\":\"https:\\\/\\\/partsandpieces.nl\\\/?s={search_term_string}\"},\"query-input\":{\"@type\":\"PropertyValueSpecification\",\"valueRequired\":true,\"valueName\":\"search_term_string\"}}],\"inLanguage\":\"de\"}]}<\/script>\n<!-- \/ Yoast SEO plugin. -->","yoast_head_json":{"title":"Knopf Messing mit R\u00fcckenplatte 25mm","description":"Knopf Messing mit R\u00fcckenplatte 25 mm ist ein sch\u00f6ner, runder M\u00f6belknopf mit messingfarbener, bronzefarbener Oberfl\u00e4che. Der Knopf hat oben eine W\u00f6lbung.","robots":{"index":"index","follow":"follow","max-snippet":"max-snippet:-1","max-image-preview":"max-image-preview:large","max-video-preview":"max-video-preview:-1"},"canonical":"https:\/\/partsandpieces.nl\/de\/produkt\/runder-messingknopf-mit-ruckplatte-25-mm\/","og_locale":"de_DE","og_type":"article","og_title":"Knop Messing met achterplaatje 25mm","og_description":"Knop Messing met achterplaatje 25mm is een mooie, ronde meubelknop met een messing, bronskleurige afwerking. De knop heeft een bolling aan de bovenkant.","og_url":"https:\/\/partsandpieces.nl\/de\/produkt\/runder-messingknopf-mit-ruckplatte-25-mm\/","og_site_name":"Parts &amp; Pieces","article_modified_time":"2024-12-02T13:40:31+00:00","og_image":[{"width":480,"height":481,"url":"https:\/\/partsandpieces.nl\/wp-content\/uploads\/2020\/07\/Knop-Messing-rond-met-achterplaatje-25mm.jpg","type":"image\/jpeg"}],"twitter_card":"summary_large_image","twitter_misc":{"Gesch\u00e4tzte Lesezeit":"1\u00a0Minute"},"schema":{"@context":"https:\/\/schema.org","@graph":[{"@type":"WebPage","@id":"https:\/\/partsandpieces.nl\/product\/knop-messing-rond-met-achterplaatje-25mm\/","url":"https:\/\/partsandpieces.nl\/product\/knop-messing-rond-met-achterplaatje-25mm\/","name":"Knopf Messing mit R\u00fcckenplatte 25mm","isPartOf":{"@id":"https:\/\/partsandpieces.nl\/#website"},"primaryImageOfPage":{"@id":"https:\/\/partsandpieces.nl\/product\/knop-messing-rond-met-achterplaatje-25mm\/#primaryimage"},"image":{"@id":"https:\/\/partsandpieces.nl\/product\/knop-messing-rond-met-achterplaatje-25mm\/#primaryimage"},"thumbnailUrl":"https:\/\/partsandpieces.nl\/wp-content\/uploads\/2020\/07\/Knop-Messing-rond-met-achterplaatje-25mm.jpg","datePublished":"2020-07-20T09:31:19+00:00","dateModified":"2024-12-02T13:40:31+00:00","description":"Knopf Messing mit R\u00fcckenplatte 25 mm ist ein sch\u00f6ner, runder M\u00f6belknopf mit messingfarbener, bronzefarbener Oberfl\u00e4che. Der Knopf hat oben eine W\u00f6lbung.","breadcrumb":{"@id":"https:\/\/partsandpieces.nl\/product\/knop-messing-rond-met-achterplaatje-25mm\/#breadcrumb"},"inLanguage":"de","potentialAction":[{"@type":"ReadAction","target":["https:\/\/partsandpieces.nl\/product\/knop-messing-rond-met-achterplaatje-25mm\/"]}]},{"@type":"ImageObject","inLanguage":"de","@id":"https:\/\/partsandpieces.nl\/product\/knop-messing-rond-met-achterplaatje-25mm\/#primaryimage","url":"https:\/\/partsandpieces.nl\/wp-content\/uploads\/2020\/07\/Knop-Messing-rond-met-achterplaatje-25mm.jpg","contentUrl":"https:\/\/partsandpieces.nl\/wp-content\/uploads\/2020\/07\/Knop-Messing-rond-met-achterplaatje-25mm.jpg","width":480,"height":481,"caption":"Knop Messing rond met achterplaatje 25mm"},{"@type":"BreadcrumbList","@id":"https:\/\/partsandpieces.nl\/product\/knop-messing-rond-met-achterplaatje-25mm\/#breadcrumb","itemListElement":[{"@type":"ListItem","position":1,"name":"Home","item":"https:\/\/partsandpieces.nl\/home\/"},{"@type":"ListItem","position":2,"name":"Winkel","item":"https:\/\/partsandpieces.nl\/winkel\/"},{"@type":"ListItem","position":3,"name":"Knop Messing rond met achterplaatje 25mm"}]},{"@type":"WebSite","@id":"https:\/\/partsandpieces.nl\/#website","url":"https:\/\/partsandpieces.nl\/","name":"Teile &amp; St\u00fccke","description":"Alles f\u00fcr Ihre M\u00f6belrestaurierung und -pflege!","potentialAction":[{"@type":"SearchAction","target":{"@type":"EntryPoint","urlTemplate":"https:\/\/partsandpieces.nl\/?s={search_term_string}"},"query-input":{"@type":"PropertyValueSpecification","valueRequired":true,"valueName":"search_term_string"}}],"inLanguage":"de"}]}},"_links":{"self":[{"href":"https:\/\/partsandpieces.nl\/de\/wp-json\/wp\/v2\/product\/614","targetHints":{"allow":["GET"]}}],"collection":[{"href":"https:\/\/partsandpieces.nl\/de\/wp-json\/wp\/v2\/product"}],"about":[{"href":"https:\/\/partsandpieces.nl\/de\/wp-json\/wp\/v2\/types\/product"}],"wp:featuredmedia":[{"embeddable":true,"href":"https:\/\/partsandpieces.nl\/de\/wp-json\/wp\/v2\/media\/5140"}],"wp:attachment":[{"href":"https:\/\/partsandpieces.nl\/de\/wp-json\/wp\/v2\/media?parent=614"}],"wp:term":[{"taxonomy":"product_brand","embeddable":true,"href":"https:\/\/partsandpieces.nl\/de\/wp-json\/wp\/v2\/product_brand?post=614"},{"taxonomy":"product_cat","embeddable":true,"href":"https:\/\/partsandpieces.nl\/de\/wp-json\/wp\/v2\/product_cat?post=614"},{"taxonomy":"product_tag","embeddable":true,"href":"https:\/\/partsandpieces.nl\/de\/wp-json\/wp\/v2\/product_tag?post=614"}],"curies":[{"name":"wp","href":"https:\/\/api.w.org\/{rel}","templated":true}]}}