{"id":618,"date":"2020-07-20T09:50:56","date_gmt":"2020-07-20T09:50:56","guid":{"rendered":"https:\/\/partsandpieces.bonsaidev.nl\/?product=knop-messing-rond-29-mm"},"modified":"2025-12-07T13:16:07","modified_gmt":"2025-12-07T12:16:07","slug":"knopf-blume-glanzend-28mm","status":"publish","type":"product","link":"https:\/\/partsandpieces.nl\/de\/product\/knop-bloem-glanzend-28mm\/","title":{"rendered":"Knopf Blume gl\u00e4nzend 28mm"},"content":{"rendered":"<p><strong>Knopf Blume gl\u00e4nzend 28mm<\/strong> ist ein besonderer durchbrochener Knopf mit Blumenmotiv. Das Erscheinungsbild ist charmant mit einem Messing-\/Goldglanz.<\/p>\n<p><strong>Ma\u00dfe<br \/>\n<\/strong>Der Button Blume gl\u00e4nzend 28mm hat einen Durchmesser von 28mm. Nach der Montage steht dieser Taster 25mm hervor.<\/p>\n<p><strong>Bearbeiten<br \/>\n<\/strong>Sie k\u00f6nnen den Taster mit der mitgelieferten Schraube blind montieren.<\/p>","protected":false},"excerpt":{"rendered":"<p>Knop Bloem glanzend 28mm is een bijzondere opengewerkte knop met een bloem motief. De uitstraling is charmant met een messing \/ gouden glans. Afmetingen De knop Bloem glanzend 28mm heeft een diameter van 28mm. Na montage steekt deze knop 25mm uit. Montage Je kunt de knop blind monteren met de bijgeleverde schroef.<\/p>","protected":false},"featured_media":5161,"template":"","meta":{"_acf_changed":false},"product_brand":[],"product_cat":[37,23],"product_tag":[],"class_list":{"0":"post-618","1":"product","2":"type-product","3":"status-publish","4":"has-post-thumbnail","6":"product_cat-knoppen","7":"product_cat-meubelbeslag","9":"first","10":"instock","11":"taxable","12":"shipping-taxable","13":"purchasable","14":"product-type-simple"},"acf":[],"yoast_head":"<!-- This site is optimized with the Yoast SEO plugin v27.3 - https:\/\/yoast.com\/product\/yoast-seo-wordpress\/ -->\n<title>Knop Bloem glanzend 28mm<\/title>\n<meta name=\"description\" content=\"Knop Bloem glanzend 28mm is een bijzondere opengewerkte knop met een bloem motief. De uitstraling is charmant met een messing \/ gouden glans.\u00a0\" \/>\n<meta name=\"robots\" content=\"index, follow, max-snippet:-1, max-image-preview:large, max-video-preview:-1\" \/>\n<link rel=\"canonical\" href=\"https:\/\/partsandpieces.nl\/de\/produkt\/knopf-blume-glanzend-28mm\/\" \/>\n<meta property=\"og:locale\" content=\"de_DE\" \/>\n<meta property=\"og:type\" content=\"article\" \/>\n<meta property=\"og:title\" content=\"Knop Bloem glanzend 28mm\" \/>\n<meta property=\"og:description\" content=\"Knop Bloem glanzend 28mm is een bijzondere opengewerkte knop met een bloem motief. De uitstraling is charmant met een messing \/ gouden glans.\u00a0\" \/>\n<meta property=\"og:url\" content=\"https:\/\/partsandpieces.nl\/de\/produkt\/knopf-blume-glanzend-28mm\/\" \/>\n<meta property=\"og:site_name\" content=\"Parts &amp; Pieces\" \/>\n<meta property=\"article:modified_time\" content=\"2025-12-07T12:16:07+00:00\" \/>\n<meta property=\"og:image\" content=\"https:\/\/partsandpieces.nl\/wp-content\/uploads\/2020\/07\/Knop-Bloem-glanzend-28mm-1.jpg\" \/>\n\t<meta property=\"og:image:width\" content=\"480\" \/>\n\t<meta property=\"og:image:height\" content=\"480\" \/>\n\t<meta property=\"og:image:type\" content=\"image\/jpeg\" \/>\n<meta name=\"twitter:card\" content=\"summary_large_image\" \/>\n<meta name=\"twitter:label1\" content=\"Gesch\u00e4tzte Lesezeit\" \/>\n\t<meta name=\"twitter:data1\" content=\"1\u00a0Minute\" \/>\n<script type=\"application\/ld+json\" class=\"yoast-schema-graph\">{\"@context\":\"https:\\\/\\\/schema.org\",\"@graph\":[{\"@type\":\"WebPage\",\"@id\":\"https:\\\/\\\/partsandpieces.nl\\\/product\\\/knop-bloem-glanzend-28mm\\\/\",\"url\":\"https:\\\/\\\/partsandpieces.nl\\\/product\\\/knop-bloem-glanzend-28mm\\\/\",\"name\":\"Knop Bloem glanzend 28mm\",\"isPartOf\":{\"@id\":\"https:\\\/\\\/partsandpieces.nl\\\/#website\"},\"primaryImageOfPage\":{\"@id\":\"https:\\\/\\\/partsandpieces.nl\\\/product\\\/knop-bloem-glanzend-28mm\\\/#primaryimage\"},\"image\":{\"@id\":\"https:\\\/\\\/partsandpieces.nl\\\/product\\\/knop-bloem-glanzend-28mm\\\/#primaryimage\"},\"thumbnailUrl\":\"https:\\\/\\\/partsandpieces.nl\\\/wp-content\\\/uploads\\\/2020\\\/07\\\/Knop-Bloem-glanzend-28mm-1.jpg\",\"datePublished\":\"2020-07-20T09:50:56+00:00\",\"dateModified\":\"2025-12-07T12:16:07+00:00\",\"description\":\"Knop Bloem glanzend 28mm is een bijzondere opengewerkte knop met een bloem motief. De uitstraling is charmant met een messing \\\/ gouden glans.\u00a0\",\"breadcrumb\":{\"@id\":\"https:\\\/\\\/partsandpieces.nl\\\/product\\\/knop-bloem-glanzend-28mm\\\/#breadcrumb\"},\"inLanguage\":\"de\",\"potentialAction\":[{\"@type\":\"ReadAction\",\"target\":[\"https:\\\/\\\/partsandpieces.nl\\\/product\\\/knop-bloem-glanzend-28mm\\\/\"]}]},{\"@type\":\"ImageObject\",\"inLanguage\":\"de\",\"@id\":\"https:\\\/\\\/partsandpieces.nl\\\/product\\\/knop-bloem-glanzend-28mm\\\/#primaryimage\",\"url\":\"https:\\\/\\\/partsandpieces.nl\\\/wp-content\\\/uploads\\\/2020\\\/07\\\/Knop-Bloem-glanzend-28mm-1.jpg\",\"contentUrl\":\"https:\\\/\\\/partsandpieces.nl\\\/wp-content\\\/uploads\\\/2020\\\/07\\\/Knop-Bloem-glanzend-28mm-1.jpg\",\"width\":480,\"height\":480,\"caption\":\"Knop Bloem glanzend 28mm\"},{\"@type\":\"BreadcrumbList\",\"@id\":\"https:\\\/\\\/partsandpieces.nl\\\/product\\\/knop-bloem-glanzend-28mm\\\/#breadcrumb\",\"itemListElement\":[{\"@type\":\"ListItem\",\"position\":1,\"name\":\"Home\",\"item\":\"https:\\\/\\\/partsandpieces.nl\\\/home\\\/\"},{\"@type\":\"ListItem\",\"position\":2,\"name\":\"Winkel\",\"item\":\"https:\\\/\\\/partsandpieces.nl\\\/winkel\\\/\"},{\"@type\":\"ListItem\",\"position\":3,\"name\":\"Knop Bloem glanzend 28mm\"}]},{\"@type\":\"WebSite\",\"@id\":\"https:\\\/\\\/partsandpieces.nl\\\/#website\",\"url\":\"https:\\\/\\\/partsandpieces.nl\\\/\",\"name\":\"Parts &amp; Pieces\",\"description\":\"Alles voor uw meubelrestauratie en -onderhoud!\",\"potentialAction\":[{\"@type\":\"SearchAction\",\"target\":{\"@type\":\"EntryPoint\",\"urlTemplate\":\"https:\\\/\\\/partsandpieces.nl\\\/?s={search_term_string}\"},\"query-input\":{\"@type\":\"PropertyValueSpecification\",\"valueRequired\":true,\"valueName\":\"search_term_string\"}}],\"inLanguage\":\"de\"}]}<\/script>\n<!-- \/ Yoast SEO plugin. -->","yoast_head_json":{"title":"Knopf Blume gl\u00e4nzend 28mm","description":"Knopf Blume gl\u00e4nzend 28 mm ist ein besonderer durchbrochener Knopf mit Blumenmotiv. Das Erscheinungsbild ist charmant mit einem Messing-\/Goldglanz.\u00a0","robots":{"index":"index","follow":"follow","max-snippet":"max-snippet:-1","max-image-preview":"max-image-preview:large","max-video-preview":"max-video-preview:-1"},"canonical":"https:\/\/partsandpieces.nl\/de\/produkt\/knopf-blume-glanzend-28mm\/","og_locale":"de_DE","og_type":"article","og_title":"Knop Bloem glanzend 28mm","og_description":"Knop Bloem glanzend 28mm is een bijzondere opengewerkte knop met een bloem motief. De uitstraling is charmant met een messing \/ gouden glans.\u00a0","og_url":"https:\/\/partsandpieces.nl\/de\/produkt\/knopf-blume-glanzend-28mm\/","og_site_name":"Parts &amp; Pieces","article_modified_time":"2025-12-07T12:16:07+00:00","og_image":[{"width":480,"height":480,"url":"https:\/\/partsandpieces.nl\/wp-content\/uploads\/2020\/07\/Knop-Bloem-glanzend-28mm-1.jpg","type":"image\/jpeg"}],"twitter_card":"summary_large_image","twitter_misc":{"Gesch\u00e4tzte Lesezeit":"1\u00a0Minute"},"schema":{"@context":"https:\/\/schema.org","@graph":[{"@type":"WebPage","@id":"https:\/\/partsandpieces.nl\/product\/knop-bloem-glanzend-28mm\/","url":"https:\/\/partsandpieces.nl\/product\/knop-bloem-glanzend-28mm\/","name":"Knopf Blume gl\u00e4nzend 28mm","isPartOf":{"@id":"https:\/\/partsandpieces.nl\/#website"},"primaryImageOfPage":{"@id":"https:\/\/partsandpieces.nl\/product\/knop-bloem-glanzend-28mm\/#primaryimage"},"image":{"@id":"https:\/\/partsandpieces.nl\/product\/knop-bloem-glanzend-28mm\/#primaryimage"},"thumbnailUrl":"https:\/\/partsandpieces.nl\/wp-content\/uploads\/2020\/07\/Knop-Bloem-glanzend-28mm-1.jpg","datePublished":"2020-07-20T09:50:56+00:00","dateModified":"2025-12-07T12:16:07+00:00","description":"Knopf Blume gl\u00e4nzend 28 mm ist ein besonderer durchbrochener Knopf mit Blumenmotiv. Das Erscheinungsbild ist charmant mit einem Messing-\/Goldglanz.\u00a0","breadcrumb":{"@id":"https:\/\/partsandpieces.nl\/product\/knop-bloem-glanzend-28mm\/#breadcrumb"},"inLanguage":"de","potentialAction":[{"@type":"ReadAction","target":["https:\/\/partsandpieces.nl\/product\/knop-bloem-glanzend-28mm\/"]}]},{"@type":"ImageObject","inLanguage":"de","@id":"https:\/\/partsandpieces.nl\/product\/knop-bloem-glanzend-28mm\/#primaryimage","url":"https:\/\/partsandpieces.nl\/wp-content\/uploads\/2020\/07\/Knop-Bloem-glanzend-28mm-1.jpg","contentUrl":"https:\/\/partsandpieces.nl\/wp-content\/uploads\/2020\/07\/Knop-Bloem-glanzend-28mm-1.jpg","width":480,"height":480,"caption":"Knop Bloem glanzend 28mm"},{"@type":"BreadcrumbList","@id":"https:\/\/partsandpieces.nl\/product\/knop-bloem-glanzend-28mm\/#breadcrumb","itemListElement":[{"@type":"ListItem","position":1,"name":"Home","item":"https:\/\/partsandpieces.nl\/home\/"},{"@type":"ListItem","position":2,"name":"Winkel","item":"https:\/\/partsandpieces.nl\/winkel\/"},{"@type":"ListItem","position":3,"name":"Knop Bloem glanzend 28mm"}]},{"@type":"WebSite","@id":"https:\/\/partsandpieces.nl\/#website","url":"https:\/\/partsandpieces.nl\/","name":"Teile &amp; St\u00fccke","description":"Alles f\u00fcr Ihre M\u00f6belrestaurierung und -pflege!","potentialAction":[{"@type":"SearchAction","target":{"@type":"EntryPoint","urlTemplate":"https:\/\/partsandpieces.nl\/?s={search_term_string}"},"query-input":{"@type":"PropertyValueSpecification","valueRequired":true,"valueName":"search_term_string"}}],"inLanguage":"de"}]}},"_links":{"self":[{"href":"https:\/\/partsandpieces.nl\/de\/wp-json\/wp\/v2\/product\/618","targetHints":{"allow":["GET"]}}],"collection":[{"href":"https:\/\/partsandpieces.nl\/de\/wp-json\/wp\/v2\/product"}],"about":[{"href":"https:\/\/partsandpieces.nl\/de\/wp-json\/wp\/v2\/types\/product"}],"wp:featuredmedia":[{"embeddable":true,"href":"https:\/\/partsandpieces.nl\/de\/wp-json\/wp\/v2\/media\/5161"}],"wp:attachment":[{"href":"https:\/\/partsandpieces.nl\/de\/wp-json\/wp\/v2\/media?parent=618"}],"wp:term":[{"taxonomy":"product_brand","embeddable":true,"href":"https:\/\/partsandpieces.nl\/de\/wp-json\/wp\/v2\/product_brand?post=618"},{"taxonomy":"product_cat","embeddable":true,"href":"https:\/\/partsandpieces.nl\/de\/wp-json\/wp\/v2\/product_cat?post=618"},{"taxonomy":"product_tag","embeddable":true,"href":"https:\/\/partsandpieces.nl\/de\/wp-json\/wp\/v2\/product_tag?post=618"}],"curies":[{"name":"wp","href":"https:\/\/api.w.org\/{rel}","templated":true}]}}