{"id":6416,"date":"2023-07-05T14:18:39","date_gmt":"2023-07-05T12:18:39","guid":{"rendered":"https:\/\/partsandpieces.nl\/?post_type=product&#038;p=6416"},"modified":"2026-01-19T10:52:52","modified_gmt":"2026-01-19T09:52:52","slug":"knopf-bronze-antik-quadratisch-24mm","status":"publish","type":"product","link":"https:\/\/partsandpieces.nl\/de\/product\/knop-brons-antiek-vierkant-24mm\/","title":{"rendered":"Knauf Bronze antik quadratisch 24mm (10 St\u00fcck)"},"content":{"rendered":"<p><strong>Antiker quadratischer Knauf aus Bronze, 24 mm<\/strong> ist ein wundersch\u00f6ner M\u00f6belknauf mit antikem Bronze-Finish. Das Aussehen der Schaltfl\u00e4che ist leicht gl\u00e4nzend. Dieser Knopf passt gut auf Ihre M\u00f6bel und Schubladen.<\/p>\n<p>Die Griffe Schubladengriff Bronze antik quadratisch passen in den Ma\u00dfen zu diesem Knauf <a href=\"https:\/\/partsandpieces.nl\/de\/produkt\/schubladengriff-bronze-antik-quadratisch-114mm\/\"><span style=\"text-decoration: underline;\">114mm<\/span><\/a>, <a href=\"https:\/\/partsandpieces.nl\/de\/produkt\/schubladengriff-bronze-antik-quadratisch-146mm\/\"><span style=\"text-decoration: underline;\">146mm<\/span><\/a> und <a href=\"https:\/\/partsandpieces.nl\/de\/produkt\/schubladengriff-bronze-antik-quadratisch-210mm\/\"><span style=\"text-decoration: underline;\">210mm<\/span><\/a>.<\/p>\n<p>Dieser hochwertige Knopf wird in Italien hergestellt.<\/p>\n<p><strong>Ma\u00dfe<br \/>\n<\/strong>Der bronzefarbene antike quadratische 24-mm-Knopf ist 24 x 24 mm gro\u00df. Nach der Installation steht dieser Knopf 22 mm hervor. Die Grundfl\u00e4che des Knopfes ist 9x9mm gro\u00df.<\/p>\n<p><strong>Lieferung<\/strong><br \/>\nDiese Tasten werden Ihnen direkt vom Hersteller geliefert. Die Lieferung dauert in der Regel 3 bis 4 Werktage.<br \/>\nBen\u00f6tigen Sie weitere Teile? Kontaktieren Sie mich f\u00fcr ein individuelles Angebot.<\/p>","protected":false},"excerpt":{"rendered":"<p>Knop Brons antiek vierkant 24mm is een mooie meubelknop met een antieke bronzen afwerking. De uitstraling van de knop is licht glanzend. Deze knop past goed op je meubel en lades. Bij deze knop passen de grepen Ladegreep Brons antiek vierkant met de afmetingen 114mm, 146mm en 210mm. Deze kwalitatief uitstekende knop is gemaakt in [&hellip;]<\/p>\n","protected":false},"featured_media":6347,"template":"","meta":{"_acf_changed":false},"product_brand":[],"product_cat":[37,23],"product_tag":[],"class_list":{"0":"post-6416","1":"product","2":"type-product","3":"status-publish","4":"has-post-thumbnail","6":"product_cat-knoppen","7":"product_cat-meubelbeslag","9":"first","10":"instock","11":"taxable","12":"shipping-taxable","13":"purchasable","14":"product-type-simple"},"acf":[],"yoast_head":"<!-- This site is optimized with the Yoast SEO plugin v27.3 - https:\/\/yoast.com\/product\/yoast-seo-wordpress\/ -->\n<title>Knop Brons antiek 24mm<\/title>\n<meta name=\"description\" content=\"Knop Brons antiek vierkant 24mm heeft een antieke bronzen afwerking. De uitstraling van de knop is licht glanzend. Past goed op je meubel en lades.\" \/>\n<meta name=\"robots\" content=\"index, follow, max-snippet:-1, max-image-preview:large, max-video-preview:-1\" \/>\n<link rel=\"canonical\" href=\"https:\/\/partsandpieces.nl\/de\/produkt\/knopf-bronze-antik-quadratisch-24mm\/\" \/>\n<meta property=\"og:locale\" content=\"de_DE\" \/>\n<meta property=\"og:type\" content=\"article\" \/>\n<meta property=\"og:title\" content=\"Knop Brons antiek 24mm\" \/>\n<meta property=\"og:description\" content=\"Knop Brons antiek vierkant 24mm heeft een antieke bronzen afwerking. De uitstraling van de knop is licht glanzend. Past goed op je meubel en lades.\" \/>\n<meta property=\"og:url\" content=\"https:\/\/partsandpieces.nl\/de\/produkt\/knopf-bronze-antik-quadratisch-24mm\/\" \/>\n<meta property=\"og:site_name\" content=\"Parts &amp; Pieces\" \/>\n<meta property=\"article:modified_time\" content=\"2026-01-19T09:52:52+00:00\" \/>\n<meta property=\"og:image\" content=\"https:\/\/partsandpieces.nl\/wp-content\/uploads\/2020\/05\/Knop-Brons-antiek-vierkant-18mm-2.jpg\" \/>\n\t<meta property=\"og:image:width\" content=\"786\" \/>\n\t<meta property=\"og:image:height\" content=\"786\" \/>\n\t<meta property=\"og:image:type\" content=\"image\/jpeg\" \/>\n<meta name=\"twitter:card\" content=\"summary_large_image\" \/>\n<meta name=\"twitter:label1\" content=\"Gesch\u00e4tzte Lesezeit\" \/>\n\t<meta name=\"twitter:data1\" content=\"1\u00a0Minute\" \/>\n<script type=\"application\/ld+json\" class=\"yoast-schema-graph\">{\"@context\":\"https:\\\/\\\/schema.org\",\"@graph\":[{\"@type\":\"WebPage\",\"@id\":\"https:\\\/\\\/partsandpieces.nl\\\/product\\\/knop-brons-antiek-vierkant-24mm\\\/\",\"url\":\"https:\\\/\\\/partsandpieces.nl\\\/product\\\/knop-brons-antiek-vierkant-24mm\\\/\",\"name\":\"Knop Brons antiek 24mm\",\"isPartOf\":{\"@id\":\"https:\\\/\\\/partsandpieces.nl\\\/#website\"},\"primaryImageOfPage\":{\"@id\":\"https:\\\/\\\/partsandpieces.nl\\\/product\\\/knop-brons-antiek-vierkant-24mm\\\/#primaryimage\"},\"image\":{\"@id\":\"https:\\\/\\\/partsandpieces.nl\\\/product\\\/knop-brons-antiek-vierkant-24mm\\\/#primaryimage\"},\"thumbnailUrl\":\"https:\\\/\\\/partsandpieces.nl\\\/wp-content\\\/uploads\\\/2020\\\/05\\\/Knop-Brons-antiek-vierkant-18mm-2.jpg\",\"datePublished\":\"2023-07-05T12:18:39+00:00\",\"dateModified\":\"2026-01-19T09:52:52+00:00\",\"description\":\"Knop Brons antiek vierkant 24mm heeft een antieke bronzen afwerking. De uitstraling van de knop is licht glanzend. Past goed op je meubel en lades.\",\"breadcrumb\":{\"@id\":\"https:\\\/\\\/partsandpieces.nl\\\/product\\\/knop-brons-antiek-vierkant-24mm\\\/#breadcrumb\"},\"inLanguage\":\"de\",\"potentialAction\":[{\"@type\":\"ReadAction\",\"target\":[\"https:\\\/\\\/partsandpieces.nl\\\/product\\\/knop-brons-antiek-vierkant-24mm\\\/\"]}]},{\"@type\":\"ImageObject\",\"inLanguage\":\"de\",\"@id\":\"https:\\\/\\\/partsandpieces.nl\\\/product\\\/knop-brons-antiek-vierkant-24mm\\\/#primaryimage\",\"url\":\"https:\\\/\\\/partsandpieces.nl\\\/wp-content\\\/uploads\\\/2020\\\/05\\\/Knop-Brons-antiek-vierkant-18mm-2.jpg\",\"contentUrl\":\"https:\\\/\\\/partsandpieces.nl\\\/wp-content\\\/uploads\\\/2020\\\/05\\\/Knop-Brons-antiek-vierkant-18mm-2.jpg\",\"width\":786,\"height\":786,\"caption\":\"Knop Brons antiek vierkant 18mm\"},{\"@type\":\"BreadcrumbList\",\"@id\":\"https:\\\/\\\/partsandpieces.nl\\\/product\\\/knop-brons-antiek-vierkant-24mm\\\/#breadcrumb\",\"itemListElement\":[{\"@type\":\"ListItem\",\"position\":1,\"name\":\"Home\",\"item\":\"https:\\\/\\\/partsandpieces.nl\\\/home\\\/\"},{\"@type\":\"ListItem\",\"position\":2,\"name\":\"Winkel\",\"item\":\"https:\\\/\\\/partsandpieces.nl\\\/winkel\\\/\"},{\"@type\":\"ListItem\",\"position\":3,\"name\":\"Knop Brons antiek vierkant 24mm (10 stuks)\"}]},{\"@type\":\"WebSite\",\"@id\":\"https:\\\/\\\/partsandpieces.nl\\\/#website\",\"url\":\"https:\\\/\\\/partsandpieces.nl\\\/\",\"name\":\"Parts &amp; Pieces\",\"description\":\"Alles voor uw meubelrestauratie en -onderhoud!\",\"potentialAction\":[{\"@type\":\"SearchAction\",\"target\":{\"@type\":\"EntryPoint\",\"urlTemplate\":\"https:\\\/\\\/partsandpieces.nl\\\/?s={search_term_string}\"},\"query-input\":{\"@type\":\"PropertyValueSpecification\",\"valueRequired\":true,\"valueName\":\"search_term_string\"}}],\"inLanguage\":\"de\"}]}<\/script>\n<!-- \/ Yoast SEO plugin. -->","yoast_head_json":{"title":"Knopf Bronze antik 24mm","description":"Der bronzefarbene antike quadratische Knauf 24 mm hat ein antikes Bronze-Finish. Das Aussehen des Knopfes ist leicht gl\u00e4nzend. Passt gut auf Ihre M\u00f6bel und Schubladen.","robots":{"index":"index","follow":"follow","max-snippet":"max-snippet:-1","max-image-preview":"max-image-preview:large","max-video-preview":"max-video-preview:-1"},"canonical":"https:\/\/partsandpieces.nl\/de\/produkt\/knopf-bronze-antik-quadratisch-24mm\/","og_locale":"de_DE","og_type":"article","og_title":"Knop Brons antiek 24mm","og_description":"Knop Brons antiek vierkant 24mm heeft een antieke bronzen afwerking. De uitstraling van de knop is licht glanzend. Past goed op je meubel en lades.","og_url":"https:\/\/partsandpieces.nl\/de\/produkt\/knopf-bronze-antik-quadratisch-24mm\/","og_site_name":"Parts &amp; Pieces","article_modified_time":"2026-01-19T09:52:52+00:00","og_image":[{"width":786,"height":786,"url":"https:\/\/partsandpieces.nl\/wp-content\/uploads\/2020\/05\/Knop-Brons-antiek-vierkant-18mm-2.jpg","type":"image\/jpeg"}],"twitter_card":"summary_large_image","twitter_misc":{"Gesch\u00e4tzte Lesezeit":"1\u00a0Minute"},"schema":{"@context":"https:\/\/schema.org","@graph":[{"@type":"WebPage","@id":"https:\/\/partsandpieces.nl\/product\/knop-brons-antiek-vierkant-24mm\/","url":"https:\/\/partsandpieces.nl\/product\/knop-brons-antiek-vierkant-24mm\/","name":"Knopf Bronze antik 24mm","isPartOf":{"@id":"https:\/\/partsandpieces.nl\/#website"},"primaryImageOfPage":{"@id":"https:\/\/partsandpieces.nl\/product\/knop-brons-antiek-vierkant-24mm\/#primaryimage"},"image":{"@id":"https:\/\/partsandpieces.nl\/product\/knop-brons-antiek-vierkant-24mm\/#primaryimage"},"thumbnailUrl":"https:\/\/partsandpieces.nl\/wp-content\/uploads\/2020\/05\/Knop-Brons-antiek-vierkant-18mm-2.jpg","datePublished":"2023-07-05T12:18:39+00:00","dateModified":"2026-01-19T09:52:52+00:00","description":"Der bronzefarbene antike quadratische Knauf 24 mm hat ein antikes Bronze-Finish. Das Aussehen des Knopfes ist leicht gl\u00e4nzend. Passt gut auf Ihre M\u00f6bel und Schubladen.","breadcrumb":{"@id":"https:\/\/partsandpieces.nl\/product\/knop-brons-antiek-vierkant-24mm\/#breadcrumb"},"inLanguage":"de","potentialAction":[{"@type":"ReadAction","target":["https:\/\/partsandpieces.nl\/product\/knop-brons-antiek-vierkant-24mm\/"]}]},{"@type":"ImageObject","inLanguage":"de","@id":"https:\/\/partsandpieces.nl\/product\/knop-brons-antiek-vierkant-24mm\/#primaryimage","url":"https:\/\/partsandpieces.nl\/wp-content\/uploads\/2020\/05\/Knop-Brons-antiek-vierkant-18mm-2.jpg","contentUrl":"https:\/\/partsandpieces.nl\/wp-content\/uploads\/2020\/05\/Knop-Brons-antiek-vierkant-18mm-2.jpg","width":786,"height":786,"caption":"Knop Brons antiek vierkant 18mm"},{"@type":"BreadcrumbList","@id":"https:\/\/partsandpieces.nl\/product\/knop-brons-antiek-vierkant-24mm\/#breadcrumb","itemListElement":[{"@type":"ListItem","position":1,"name":"Home","item":"https:\/\/partsandpieces.nl\/home\/"},{"@type":"ListItem","position":2,"name":"Winkel","item":"https:\/\/partsandpieces.nl\/winkel\/"},{"@type":"ListItem","position":3,"name":"Knop Brons antiek vierkant 24mm (10 stuks)"}]},{"@type":"WebSite","@id":"https:\/\/partsandpieces.nl\/#website","url":"https:\/\/partsandpieces.nl\/","name":"Teile &amp; St\u00fccke","description":"Alles f\u00fcr Ihre M\u00f6belrestaurierung und -pflege!","potentialAction":[{"@type":"SearchAction","target":{"@type":"EntryPoint","urlTemplate":"https:\/\/partsandpieces.nl\/?s={search_term_string}"},"query-input":{"@type":"PropertyValueSpecification","valueRequired":true,"valueName":"search_term_string"}}],"inLanguage":"de"}]}},"_links":{"self":[{"href":"https:\/\/partsandpieces.nl\/de\/wp-json\/wp\/v2\/product\/6416","targetHints":{"allow":["GET"]}}],"collection":[{"href":"https:\/\/partsandpieces.nl\/de\/wp-json\/wp\/v2\/product"}],"about":[{"href":"https:\/\/partsandpieces.nl\/de\/wp-json\/wp\/v2\/types\/product"}],"wp:featuredmedia":[{"embeddable":true,"href":"https:\/\/partsandpieces.nl\/de\/wp-json\/wp\/v2\/media\/6347"}],"wp:attachment":[{"href":"https:\/\/partsandpieces.nl\/de\/wp-json\/wp\/v2\/media?parent=6416"}],"wp:term":[{"taxonomy":"product_brand","embeddable":true,"href":"https:\/\/partsandpieces.nl\/de\/wp-json\/wp\/v2\/product_brand?post=6416"},{"taxonomy":"product_cat","embeddable":true,"href":"https:\/\/partsandpieces.nl\/de\/wp-json\/wp\/v2\/product_cat?post=6416"},{"taxonomy":"product_tag","embeddable":true,"href":"https:\/\/partsandpieces.nl\/de\/wp-json\/wp\/v2\/product_tag?post=6416"}],"curies":[{"name":"wp","href":"https:\/\/api.w.org\/{rel}","templated":true}]}}