{"id":6419,"date":"2023-07-05T14:32:53","date_gmt":"2023-07-05T12:32:53","guid":{"rendered":"https:\/\/partsandpieces.nl\/?post_type=product&#038;p=6419"},"modified":"2026-01-19T10:58:40","modified_gmt":"2026-01-19T09:58:40","slug":"knopf-mattschwarz-rund-35mm-10-stuck","status":"publish","type":"product","link":"https:\/\/partsandpieces.nl\/de\/product\/knop-mat-zwart-rond-35mm-10-stuks\/","title":{"rendered":"Knopf Mattschwarz rund 35mm (10 St\u00fcck)"},"content":{"rendered":"<p><strong>Knopf Mattschwarz rund 35mm<\/strong> ist ein sch\u00f6ner, konvexer M\u00f6belknopf aus einer Zinklegierung. Die Oberfl\u00e4che des Knopfes ist mattschwarz lackiert. Dieser Knopf passt gut auf Ihre M\u00f6bel oder Ihren K\u00fcchenschrank.<\/p>\n<p>Dieser hochwertige Knopf wird in Italien hergestellt.<\/p>\n<p><strong>Ma\u00dfe<br \/>\n<\/strong>Der Knopf Mattschwarz rund 35 mm hat einen Durchmesser von 35 mm. Nach der Installation steht dieser Knopf 27 mm hervor. Die Basis des Knopfes hat einen Durchmesser von 18 mm.<\/p>\n<p><strong>Lieferung<\/strong><br \/>\nDiese Tasten werden Ihnen direkt vom Hersteller geliefert. Die Lieferung dauert in der Regel 3 bis 4 Werktage.<br \/>\nBen\u00f6tigen Sie weitere Teile? Kontaktieren Sie mich f\u00fcr ein individuelles Angebot.<\/p>","protected":false},"excerpt":{"rendered":"<p>Knop Mat Zwart rond 35mm is een mooie, bolle meubelknop gemaakt van een zink legering. De afwerking van de knop is gelakt mat zwart. Deze knop past goed op je meubel of keukenkastje. Deze kwalitatief uitstekende knop is gemaakt in Itali\u00eb. Afmetingen Knop Mat Zwart rond 35mm heeft een diameter van 35mm. Na montage steekt [&hellip;]<\/p>\n","protected":false},"featured_media":6421,"template":"","meta":{"_acf_changed":false},"product_brand":[],"product_cat":[37,23],"product_tag":[],"class_list":{"0":"post-6419","1":"product","2":"type-product","3":"status-publish","4":"has-post-thumbnail","6":"product_cat-knoppen","7":"product_cat-meubelbeslag","9":"first","10":"instock","11":"taxable","12":"shipping-taxable","13":"purchasable","14":"product-type-simple"},"acf":[],"yoast_head":"<!-- This site is optimized with the Yoast SEO plugin v27.3 - https:\/\/yoast.com\/product\/yoast-seo-wordpress\/ -->\n<title>Knop Mat Zwart 35mm<\/title>\n<meta name=\"description\" content=\"Knop Mat Zwart rond 35mm is een mooie, bolle meubelknop gemaakt van een zink legering. De afwerking van de knop is gelakt mat zwart.\" \/>\n<meta name=\"robots\" content=\"index, follow, max-snippet:-1, max-image-preview:large, max-video-preview:-1\" \/>\n<link rel=\"canonical\" href=\"https:\/\/partsandpieces.nl\/de\/produkt\/knopf-mattschwarz-rund-35mm-10-stuck\/\" \/>\n<meta property=\"og:locale\" content=\"de_DE\" \/>\n<meta property=\"og:type\" content=\"article\" \/>\n<meta property=\"og:title\" content=\"Knop Mat Zwart 35mm\" \/>\n<meta property=\"og:description\" content=\"Knop Mat Zwart rond 35mm is een mooie, bolle meubelknop gemaakt van een zink legering. De afwerking van de knop is gelakt mat zwart.\" \/>\n<meta property=\"og:url\" content=\"https:\/\/partsandpieces.nl\/de\/produkt\/knopf-mattschwarz-rund-35mm-10-stuck\/\" \/>\n<meta property=\"og:site_name\" content=\"Parts &amp; Pieces\" \/>\n<meta property=\"article:modified_time\" content=\"2026-01-19T09:58:40+00:00\" \/>\n<meta property=\"og:image\" content=\"https:\/\/partsandpieces.nl\/wp-content\/uploads\/2023\/07\/Knop-Mat-Zwart-35mm.jpg\" \/>\n\t<meta property=\"og:image:width\" content=\"1007\" \/>\n\t<meta property=\"og:image:height\" content=\"1007\" \/>\n\t<meta property=\"og:image:type\" content=\"image\/jpeg\" \/>\n<meta name=\"twitter:card\" content=\"summary_large_image\" \/>\n<meta name=\"twitter:label1\" content=\"Gesch\u00e4tzte Lesezeit\" \/>\n\t<meta name=\"twitter:data1\" content=\"1\u00a0Minute\" \/>\n<script type=\"application\/ld+json\" class=\"yoast-schema-graph\">{\"@context\":\"https:\\\/\\\/schema.org\",\"@graph\":[{\"@type\":\"WebPage\",\"@id\":\"https:\\\/\\\/partsandpieces.nl\\\/product\\\/knop-mat-zwart-rond-35mm-10-stuks\\\/\",\"url\":\"https:\\\/\\\/partsandpieces.nl\\\/product\\\/knop-mat-zwart-rond-35mm-10-stuks\\\/\",\"name\":\"Knop Mat Zwart 35mm\",\"isPartOf\":{\"@id\":\"https:\\\/\\\/partsandpieces.nl\\\/#website\"},\"primaryImageOfPage\":{\"@id\":\"https:\\\/\\\/partsandpieces.nl\\\/product\\\/knop-mat-zwart-rond-35mm-10-stuks\\\/#primaryimage\"},\"image\":{\"@id\":\"https:\\\/\\\/partsandpieces.nl\\\/product\\\/knop-mat-zwart-rond-35mm-10-stuks\\\/#primaryimage\"},\"thumbnailUrl\":\"https:\\\/\\\/partsandpieces.nl\\\/wp-content\\\/uploads\\\/2023\\\/07\\\/Knop-Mat-Zwart-35mm.jpg\",\"datePublished\":\"2023-07-05T12:32:53+00:00\",\"dateModified\":\"2026-01-19T09:58:40+00:00\",\"description\":\"Knop Mat Zwart rond 35mm is een mooie, bolle meubelknop gemaakt van een zink legering. De afwerking van de knop is gelakt mat zwart.\",\"breadcrumb\":{\"@id\":\"https:\\\/\\\/partsandpieces.nl\\\/product\\\/knop-mat-zwart-rond-35mm-10-stuks\\\/#breadcrumb\"},\"inLanguage\":\"de\",\"potentialAction\":[{\"@type\":\"ReadAction\",\"target\":[\"https:\\\/\\\/partsandpieces.nl\\\/product\\\/knop-mat-zwart-rond-35mm-10-stuks\\\/\"]}]},{\"@type\":\"ImageObject\",\"inLanguage\":\"de\",\"@id\":\"https:\\\/\\\/partsandpieces.nl\\\/product\\\/knop-mat-zwart-rond-35mm-10-stuks\\\/#primaryimage\",\"url\":\"https:\\\/\\\/partsandpieces.nl\\\/wp-content\\\/uploads\\\/2023\\\/07\\\/Knop-Mat-Zwart-35mm.jpg\",\"contentUrl\":\"https:\\\/\\\/partsandpieces.nl\\\/wp-content\\\/uploads\\\/2023\\\/07\\\/Knop-Mat-Zwart-35mm.jpg\",\"width\":1007,\"height\":1007,\"caption\":\"Knop Mat Zwart 35mm\"},{\"@type\":\"BreadcrumbList\",\"@id\":\"https:\\\/\\\/partsandpieces.nl\\\/product\\\/knop-mat-zwart-rond-35mm-10-stuks\\\/#breadcrumb\",\"itemListElement\":[{\"@type\":\"ListItem\",\"position\":1,\"name\":\"Home\",\"item\":\"https:\\\/\\\/partsandpieces.nl\\\/home\\\/\"},{\"@type\":\"ListItem\",\"position\":2,\"name\":\"Winkel\",\"item\":\"https:\\\/\\\/partsandpieces.nl\\\/winkel\\\/\"},{\"@type\":\"ListItem\",\"position\":3,\"name\":\"Knop Mat Zwart rond 35mm (10 stuks)\"}]},{\"@type\":\"WebSite\",\"@id\":\"https:\\\/\\\/partsandpieces.nl\\\/#website\",\"url\":\"https:\\\/\\\/partsandpieces.nl\\\/\",\"name\":\"Parts &amp; Pieces\",\"description\":\"Alles voor uw meubelrestauratie en -onderhoud!\",\"potentialAction\":[{\"@type\":\"SearchAction\",\"target\":{\"@type\":\"EntryPoint\",\"urlTemplate\":\"https:\\\/\\\/partsandpieces.nl\\\/?s={search_term_string}\"},\"query-input\":{\"@type\":\"PropertyValueSpecification\",\"valueRequired\":true,\"valueName\":\"search_term_string\"}}],\"inLanguage\":\"de\"}]}<\/script>\n<!-- \/ Yoast SEO plugin. -->","yoast_head_json":{"title":"Knopf Mattschwarz 35mm","description":"Knauf Mattschwarz rund 35 mm ist ein sch\u00f6ner, konvexer M\u00f6belknopf aus einer Zinklegierung. Die Oberfl\u00e4che des Knopfes ist mattschwarz lackiert.","robots":{"index":"index","follow":"follow","max-snippet":"max-snippet:-1","max-image-preview":"max-image-preview:large","max-video-preview":"max-video-preview:-1"},"canonical":"https:\/\/partsandpieces.nl\/de\/produkt\/knopf-mattschwarz-rund-35mm-10-stuck\/","og_locale":"de_DE","og_type":"article","og_title":"Knop Mat Zwart 35mm","og_description":"Knop Mat Zwart rond 35mm is een mooie, bolle meubelknop gemaakt van een zink legering. De afwerking van de knop is gelakt mat zwart.","og_url":"https:\/\/partsandpieces.nl\/de\/produkt\/knopf-mattschwarz-rund-35mm-10-stuck\/","og_site_name":"Parts &amp; Pieces","article_modified_time":"2026-01-19T09:58:40+00:00","og_image":[{"width":1007,"height":1007,"url":"https:\/\/partsandpieces.nl\/wp-content\/uploads\/2023\/07\/Knop-Mat-Zwart-35mm.jpg","type":"image\/jpeg"}],"twitter_card":"summary_large_image","twitter_misc":{"Gesch\u00e4tzte Lesezeit":"1\u00a0Minute"},"schema":{"@context":"https:\/\/schema.org","@graph":[{"@type":"WebPage","@id":"https:\/\/partsandpieces.nl\/product\/knop-mat-zwart-rond-35mm-10-stuks\/","url":"https:\/\/partsandpieces.nl\/product\/knop-mat-zwart-rond-35mm-10-stuks\/","name":"Knopf Mattschwarz 35mm","isPartOf":{"@id":"https:\/\/partsandpieces.nl\/#website"},"primaryImageOfPage":{"@id":"https:\/\/partsandpieces.nl\/product\/knop-mat-zwart-rond-35mm-10-stuks\/#primaryimage"},"image":{"@id":"https:\/\/partsandpieces.nl\/product\/knop-mat-zwart-rond-35mm-10-stuks\/#primaryimage"},"thumbnailUrl":"https:\/\/partsandpieces.nl\/wp-content\/uploads\/2023\/07\/Knop-Mat-Zwart-35mm.jpg","datePublished":"2023-07-05T12:32:53+00:00","dateModified":"2026-01-19T09:58:40+00:00","description":"Knauf Mattschwarz rund 35 mm ist ein sch\u00f6ner, konvexer M\u00f6belknopf aus einer Zinklegierung. Die Oberfl\u00e4che des Knopfes ist mattschwarz lackiert.","breadcrumb":{"@id":"https:\/\/partsandpieces.nl\/product\/knop-mat-zwart-rond-35mm-10-stuks\/#breadcrumb"},"inLanguage":"de","potentialAction":[{"@type":"ReadAction","target":["https:\/\/partsandpieces.nl\/product\/knop-mat-zwart-rond-35mm-10-stuks\/"]}]},{"@type":"ImageObject","inLanguage":"de","@id":"https:\/\/partsandpieces.nl\/product\/knop-mat-zwart-rond-35mm-10-stuks\/#primaryimage","url":"https:\/\/partsandpieces.nl\/wp-content\/uploads\/2023\/07\/Knop-Mat-Zwart-35mm.jpg","contentUrl":"https:\/\/partsandpieces.nl\/wp-content\/uploads\/2023\/07\/Knop-Mat-Zwart-35mm.jpg","width":1007,"height":1007,"caption":"Knop Mat Zwart 35mm"},{"@type":"BreadcrumbList","@id":"https:\/\/partsandpieces.nl\/product\/knop-mat-zwart-rond-35mm-10-stuks\/#breadcrumb","itemListElement":[{"@type":"ListItem","position":1,"name":"Home","item":"https:\/\/partsandpieces.nl\/home\/"},{"@type":"ListItem","position":2,"name":"Winkel","item":"https:\/\/partsandpieces.nl\/winkel\/"},{"@type":"ListItem","position":3,"name":"Knop Mat Zwart rond 35mm (10 stuks)"}]},{"@type":"WebSite","@id":"https:\/\/partsandpieces.nl\/#website","url":"https:\/\/partsandpieces.nl\/","name":"Teile &amp; St\u00fccke","description":"Alles f\u00fcr Ihre M\u00f6belrestaurierung und -pflege!","potentialAction":[{"@type":"SearchAction","target":{"@type":"EntryPoint","urlTemplate":"https:\/\/partsandpieces.nl\/?s={search_term_string}"},"query-input":{"@type":"PropertyValueSpecification","valueRequired":true,"valueName":"search_term_string"}}],"inLanguage":"de"}]}},"_links":{"self":[{"href":"https:\/\/partsandpieces.nl\/de\/wp-json\/wp\/v2\/product\/6419","targetHints":{"allow":["GET"]}}],"collection":[{"href":"https:\/\/partsandpieces.nl\/de\/wp-json\/wp\/v2\/product"}],"about":[{"href":"https:\/\/partsandpieces.nl\/de\/wp-json\/wp\/v2\/types\/product"}],"wp:featuredmedia":[{"embeddable":true,"href":"https:\/\/partsandpieces.nl\/de\/wp-json\/wp\/v2\/media\/6421"}],"wp:attachment":[{"href":"https:\/\/partsandpieces.nl\/de\/wp-json\/wp\/v2\/media?parent=6419"}],"wp:term":[{"taxonomy":"product_brand","embeddable":true,"href":"https:\/\/partsandpieces.nl\/de\/wp-json\/wp\/v2\/product_brand?post=6419"},{"taxonomy":"product_cat","embeddable":true,"href":"https:\/\/partsandpieces.nl\/de\/wp-json\/wp\/v2\/product_cat?post=6419"},{"taxonomy":"product_tag","embeddable":true,"href":"https:\/\/partsandpieces.nl\/de\/wp-json\/wp\/v2\/product_tag?post=6419"}],"curies":[{"name":"wp","href":"https:\/\/api.w.org\/{rel}","templated":true}]}}