{"id":642,"date":"2020-07-20T10:21:04","date_gmt":"2020-07-20T10:21:04","guid":{"rendered":"https:\/\/partsandpieces.bonsaidev.nl\/?product=knop-mat-nikkel-finish-30-mm"},"modified":"2025-12-15T10:28:59","modified_gmt":"2025-12-15T09:28:59","slug":"knopf-nickel-antik-facette-30mm","status":"publish","type":"product","link":"https:\/\/partsandpieces.nl\/de\/product\/knop-nikkel-antiek-facet-30mm\/","title":{"rendered":"Knopf Nickel Antik Facette 30mm"},"content":{"rendered":"<p><strong>Knopf Nickel Antik Facette 30mm<\/strong> ist ein sch\u00f6ner, klassischer M\u00f6belknauf mit Nickel-Finish. Die Oberfl\u00e4che des Knopfes ist matt gl\u00e4nzend und glatt. Dieser Knopf passt gut auf Ihre M\u00f6bel oder Ihren K\u00fcchenschrank.<\/p>\n<p>Diesen Button habe ich in den Formaten auf Lager <u><a href=\"https:\/\/partsandpieces.nl\/de\/produkt\/knopf-nickel-antik-facette-30mm\/\">30mm<\/a><\/u> und <u><a href=\"https:\/\/partsandpieces.nl\/de\/produkt\/knopf-nickel-antik-facette-35mm\/\">35mm<\/a><\/u>. Ich habe auch eine Variante mit Messing-Finish: <u><a href=\"https:\/\/partsandpieces.nl\/de\/produkt\/knauf-messing-antik-facette-30mm\/\">30mm<\/a>.<\/u><\/p>\n<p>Dieser hochwertige Knopf wird in Italien hergestellt.<\/p>\n<p><strong>Ma\u00dfe<br \/>\n<\/strong>Der Knopf Nickel Antik facet 30mm hat einen Durchmesser von 30mm. Nach der Montage steht dieser Taster 25mm hervor. Die Basis des Knopfes hat einen Durchmesser von 16 mm.<\/p>\n<p><strong>Bearbeiten<br \/>\n<\/strong>Sie k\u00f6nnen den Taster mit blind montieren\u00a0<a href=\"https:\/\/partsandpieces.nl\/de\/produkt\/schraube-edelstahl-fur-blindmontageknopf-20x4mm-20-stuck\/\">Edelstahlschraube f\u00fcr Blindbefestigungsknopf (20x4mm)<\/a>. Ich schicke diese Schraube\u00a0<strong>FREI<\/strong>\u00a0mit Ihrer Bestellung.<\/p>","protected":false},"excerpt":{"rendered":"<p>Knop Nikkel Antiek facet 30mm is een mooie, klassieke meubelknop met een nikkel finish. De afwerking van de knop is mat glans en glad. Deze knop past goed op je meubel of keukenkastje. Ik heb deze knop op voorraad in de formaten 30mm en 35mm. Ook heb ik een variant met een messing finish: 30mm. [&hellip;]<\/p>\n","protected":false},"featured_media":4828,"template":"","meta":{"_acf_changed":false},"product_brand":[],"product_cat":[37,23],"product_tag":[],"class_list":{"0":"post-642","1":"product","2":"type-product","3":"status-publish","4":"has-post-thumbnail","6":"product_cat-knoppen","7":"product_cat-meubelbeslag","9":"first","10":"instock","11":"taxable","12":"shipping-taxable","13":"purchasable","14":"product-type-simple"},"acf":[],"yoast_head":"<!-- This site is optimized with the Yoast SEO plugin v27.3 - https:\/\/yoast.com\/product\/yoast-seo-wordpress\/ -->\n<title>Knop Nikkel Antiek 30mm facet<\/title>\n<meta name=\"description\" content=\"Knop Nikkel Antiek 30mm facet is een klassieke meubelknop met nikkel finish. De afwerking van de knop is mat glans. Past goed op je meubel of keukenkastje.\" \/>\n<meta name=\"robots\" content=\"index, follow, max-snippet:-1, max-image-preview:large, max-video-preview:-1\" \/>\n<link rel=\"canonical\" href=\"https:\/\/partsandpieces.nl\/de\/produkt\/knopf-nickel-antik-facette-30mm\/\" \/>\n<meta property=\"og:locale\" content=\"de_DE\" \/>\n<meta property=\"og:type\" content=\"article\" \/>\n<meta property=\"og:title\" content=\"Knop Nikkel Antiek 30mm facet\" \/>\n<meta property=\"og:description\" content=\"Knop Nikkel Antiek 30mm facet is een klassieke meubelknop met nikkel finish. De afwerking van de knop is mat glans. Past goed op je meubel of keukenkastje.\" \/>\n<meta property=\"og:url\" content=\"https:\/\/partsandpieces.nl\/de\/produkt\/knopf-nickel-antik-facette-30mm\/\" \/>\n<meta property=\"og:site_name\" content=\"Parts &amp; Pieces\" \/>\n<meta property=\"article:modified_time\" content=\"2025-12-15T09:28:59+00:00\" \/>\n<meta property=\"og:image\" content=\"https:\/\/partsandpieces.nl\/wp-content\/uploads\/2020\/07\/Knop-Nikkel-Antiek-facet-30mm.jpg\" \/>\n\t<meta property=\"og:image:width\" content=\"480\" \/>\n\t<meta property=\"og:image:height\" content=\"640\" \/>\n\t<meta property=\"og:image:type\" content=\"image\/jpeg\" \/>\n<meta name=\"twitter:card\" content=\"summary_large_image\" \/>\n<meta name=\"twitter:label1\" content=\"Gesch\u00e4tzte Lesezeit\" \/>\n\t<meta name=\"twitter:data1\" content=\"1\u00a0Minute\" \/>\n<script type=\"application\/ld+json\" class=\"yoast-schema-graph\">{\"@context\":\"https:\\\/\\\/schema.org\",\"@graph\":[{\"@type\":\"WebPage\",\"@id\":\"https:\\\/\\\/partsandpieces.nl\\\/product\\\/knop-nikkel-antiek-facet-30mm\\\/\",\"url\":\"https:\\\/\\\/partsandpieces.nl\\\/product\\\/knop-nikkel-antiek-facet-30mm\\\/\",\"name\":\"Knop Nikkel Antiek 30mm facet\",\"isPartOf\":{\"@id\":\"https:\\\/\\\/partsandpieces.nl\\\/#website\"},\"primaryImageOfPage\":{\"@id\":\"https:\\\/\\\/partsandpieces.nl\\\/product\\\/knop-nikkel-antiek-facet-30mm\\\/#primaryimage\"},\"image\":{\"@id\":\"https:\\\/\\\/partsandpieces.nl\\\/product\\\/knop-nikkel-antiek-facet-30mm\\\/#primaryimage\"},\"thumbnailUrl\":\"https:\\\/\\\/partsandpieces.nl\\\/wp-content\\\/uploads\\\/2020\\\/07\\\/Knop-Nikkel-Antiek-facet-30mm.jpg\",\"datePublished\":\"2020-07-20T10:21:04+00:00\",\"dateModified\":\"2025-12-15T09:28:59+00:00\",\"description\":\"Knop Nikkel Antiek 30mm facet is een klassieke meubelknop met nikkel finish. De afwerking van de knop is mat glans. Past goed op je meubel of keukenkastje.\",\"breadcrumb\":{\"@id\":\"https:\\\/\\\/partsandpieces.nl\\\/product\\\/knop-nikkel-antiek-facet-30mm\\\/#breadcrumb\"},\"inLanguage\":\"de\",\"potentialAction\":[{\"@type\":\"ReadAction\",\"target\":[\"https:\\\/\\\/partsandpieces.nl\\\/product\\\/knop-nikkel-antiek-facet-30mm\\\/\"]}]},{\"@type\":\"ImageObject\",\"inLanguage\":\"de\",\"@id\":\"https:\\\/\\\/partsandpieces.nl\\\/product\\\/knop-nikkel-antiek-facet-30mm\\\/#primaryimage\",\"url\":\"https:\\\/\\\/partsandpieces.nl\\\/wp-content\\\/uploads\\\/2020\\\/07\\\/Knop-Nikkel-Antiek-facet-30mm.jpg\",\"contentUrl\":\"https:\\\/\\\/partsandpieces.nl\\\/wp-content\\\/uploads\\\/2020\\\/07\\\/Knop-Nikkel-Antiek-facet-30mm.jpg\",\"width\":480,\"height\":640,\"caption\":\"Knop Nikkel Antiek facet 30mm\"},{\"@type\":\"BreadcrumbList\",\"@id\":\"https:\\\/\\\/partsandpieces.nl\\\/product\\\/knop-nikkel-antiek-facet-30mm\\\/#breadcrumb\",\"itemListElement\":[{\"@type\":\"ListItem\",\"position\":1,\"name\":\"Home\",\"item\":\"https:\\\/\\\/partsandpieces.nl\\\/home\\\/\"},{\"@type\":\"ListItem\",\"position\":2,\"name\":\"Winkel\",\"item\":\"https:\\\/\\\/partsandpieces.nl\\\/winkel\\\/\"},{\"@type\":\"ListItem\",\"position\":3,\"name\":\"Knop Nikkel Antiek facet 30mm\"}]},{\"@type\":\"WebSite\",\"@id\":\"https:\\\/\\\/partsandpieces.nl\\\/#website\",\"url\":\"https:\\\/\\\/partsandpieces.nl\\\/\",\"name\":\"Parts &amp; Pieces\",\"description\":\"Alles voor uw meubelrestauratie en -onderhoud!\",\"potentialAction\":[{\"@type\":\"SearchAction\",\"target\":{\"@type\":\"EntryPoint\",\"urlTemplate\":\"https:\\\/\\\/partsandpieces.nl\\\/?s={search_term_string}\"},\"query-input\":{\"@type\":\"PropertyValueSpecification\",\"valueRequired\":true,\"valueName\":\"search_term_string\"}}],\"inLanguage\":\"de\"}]}<\/script>\n<!-- \/ Yoast SEO plugin. -->","yoast_head_json":{"title":"Knopf Nickel Antik 30mm facettiert","description":"Knopf Nickel Antik 30 mm Facette ist ein klassischer M\u00f6belknopf mit Nickel-Finish. Die Oberfl\u00e4che des Knopfes ist matt gl\u00e4nzend. Passt gut auf Ihre M\u00f6bel oder Ihren K\u00fcchenschrank.","robots":{"index":"index","follow":"follow","max-snippet":"max-snippet:-1","max-image-preview":"max-image-preview:large","max-video-preview":"max-video-preview:-1"},"canonical":"https:\/\/partsandpieces.nl\/de\/produkt\/knopf-nickel-antik-facette-30mm\/","og_locale":"de_DE","og_type":"article","og_title":"Knop Nikkel Antiek 30mm facet","og_description":"Knop Nikkel Antiek 30mm facet is een klassieke meubelknop met nikkel finish. De afwerking van de knop is mat glans. Past goed op je meubel of keukenkastje.","og_url":"https:\/\/partsandpieces.nl\/de\/produkt\/knopf-nickel-antik-facette-30mm\/","og_site_name":"Parts &amp; Pieces","article_modified_time":"2025-12-15T09:28:59+00:00","og_image":[{"width":480,"height":640,"url":"https:\/\/partsandpieces.nl\/wp-content\/uploads\/2020\/07\/Knop-Nikkel-Antiek-facet-30mm.jpg","type":"image\/jpeg"}],"twitter_card":"summary_large_image","twitter_misc":{"Gesch\u00e4tzte Lesezeit":"1\u00a0Minute"},"schema":{"@context":"https:\/\/schema.org","@graph":[{"@type":"WebPage","@id":"https:\/\/partsandpieces.nl\/product\/knop-nikkel-antiek-facet-30mm\/","url":"https:\/\/partsandpieces.nl\/product\/knop-nikkel-antiek-facet-30mm\/","name":"Knopf Nickel Antik 30mm facettiert","isPartOf":{"@id":"https:\/\/partsandpieces.nl\/#website"},"primaryImageOfPage":{"@id":"https:\/\/partsandpieces.nl\/product\/knop-nikkel-antiek-facet-30mm\/#primaryimage"},"image":{"@id":"https:\/\/partsandpieces.nl\/product\/knop-nikkel-antiek-facet-30mm\/#primaryimage"},"thumbnailUrl":"https:\/\/partsandpieces.nl\/wp-content\/uploads\/2020\/07\/Knop-Nikkel-Antiek-facet-30mm.jpg","datePublished":"2020-07-20T10:21:04+00:00","dateModified":"2025-12-15T09:28:59+00:00","description":"Knopf Nickel Antik 30 mm Facette ist ein klassischer M\u00f6belknopf mit Nickel-Finish. Die Oberfl\u00e4che des Knopfes ist matt gl\u00e4nzend. Passt gut auf Ihre M\u00f6bel oder Ihren K\u00fcchenschrank.","breadcrumb":{"@id":"https:\/\/partsandpieces.nl\/product\/knop-nikkel-antiek-facet-30mm\/#breadcrumb"},"inLanguage":"de","potentialAction":[{"@type":"ReadAction","target":["https:\/\/partsandpieces.nl\/product\/knop-nikkel-antiek-facet-30mm\/"]}]},{"@type":"ImageObject","inLanguage":"de","@id":"https:\/\/partsandpieces.nl\/product\/knop-nikkel-antiek-facet-30mm\/#primaryimage","url":"https:\/\/partsandpieces.nl\/wp-content\/uploads\/2020\/07\/Knop-Nikkel-Antiek-facet-30mm.jpg","contentUrl":"https:\/\/partsandpieces.nl\/wp-content\/uploads\/2020\/07\/Knop-Nikkel-Antiek-facet-30mm.jpg","width":480,"height":640,"caption":"Knop Nikkel Antiek facet 30mm"},{"@type":"BreadcrumbList","@id":"https:\/\/partsandpieces.nl\/product\/knop-nikkel-antiek-facet-30mm\/#breadcrumb","itemListElement":[{"@type":"ListItem","position":1,"name":"Home","item":"https:\/\/partsandpieces.nl\/home\/"},{"@type":"ListItem","position":2,"name":"Winkel","item":"https:\/\/partsandpieces.nl\/winkel\/"},{"@type":"ListItem","position":3,"name":"Knop Nikkel Antiek facet 30mm"}]},{"@type":"WebSite","@id":"https:\/\/partsandpieces.nl\/#website","url":"https:\/\/partsandpieces.nl\/","name":"Teile &amp; St\u00fccke","description":"Alles f\u00fcr Ihre M\u00f6belrestaurierung und -pflege!","potentialAction":[{"@type":"SearchAction","target":{"@type":"EntryPoint","urlTemplate":"https:\/\/partsandpieces.nl\/?s={search_term_string}"},"query-input":{"@type":"PropertyValueSpecification","valueRequired":true,"valueName":"search_term_string"}}],"inLanguage":"de"}]}},"_links":{"self":[{"href":"https:\/\/partsandpieces.nl\/de\/wp-json\/wp\/v2\/product\/642","targetHints":{"allow":["GET"]}}],"collection":[{"href":"https:\/\/partsandpieces.nl\/de\/wp-json\/wp\/v2\/product"}],"about":[{"href":"https:\/\/partsandpieces.nl\/de\/wp-json\/wp\/v2\/types\/product"}],"wp:featuredmedia":[{"embeddable":true,"href":"https:\/\/partsandpieces.nl\/de\/wp-json\/wp\/v2\/media\/4828"}],"wp:attachment":[{"href":"https:\/\/partsandpieces.nl\/de\/wp-json\/wp\/v2\/media?parent=642"}],"wp:term":[{"taxonomy":"product_brand","embeddable":true,"href":"https:\/\/partsandpieces.nl\/de\/wp-json\/wp\/v2\/product_brand?post=642"},{"taxonomy":"product_cat","embeddable":true,"href":"https:\/\/partsandpieces.nl\/de\/wp-json\/wp\/v2\/product_cat?post=642"},{"taxonomy":"product_tag","embeddable":true,"href":"https:\/\/partsandpieces.nl\/de\/wp-json\/wp\/v2\/product_tag?post=642"}],"curies":[{"name":"wp","href":"https:\/\/api.w.org\/{rel}","templated":true}]}}