{"id":6434,"date":"2023-07-05T15:58:41","date_gmt":"2023-07-05T13:58:41","guid":{"rendered":"https:\/\/partsandpieces.nl\/?post_type=product&#038;p=6434"},"modified":"2024-06-03T14:32:17","modified_gmt":"2024-06-03T12:32:17","slug":"griff-messing-antikdekor-serie-752-96mm","status":"publish","type":"product","link":"https:\/\/partsandpieces.nl\/de\/product\/greep-messing-antiek-decor-serie-752-96mm\/","title":{"rendered":"Griff Messing antik Dekor Serie 752 96mm (10 St\u00fcck)"},"content":{"rendered":"<p><strong>Griff Messing antik Dekor Serie 752 96mm<\/strong> ist eine sch\u00f6ne, elegante Auswahl aus Giustis Decor-Linie Serie 752. Der Griff besteht aus einer Zinklegierung und hat ein antikes Messingfinish.<\/p>\n<p>Dieser hochwertige Griff wird in Italien hergestellt.<\/p>\n<p><strong>Ma\u00dfe<br \/>\n<\/strong>Griff Messing antik Dekor Serie 752 196mm ist 111mm breit und 15mm hoch. Nach der Installation steht dieser Griff 32 mm hervor. Die Bohrl\u00f6cher haben einen Abstand von 96 mm.<\/p>\n<p><strong>Lieferung<\/strong><br \/>\nDiese Griffe werden Ihnen direkt vom Hersteller geliefert. Die Lieferung dauert in der Regel 3 bis 4 Werktage.<br \/>\nBen\u00f6tigen Sie weitere Teile? Kontaktieren Sie mich f\u00fcr ein individuelles Angebot.<\/p>","protected":false},"excerpt":{"rendered":"<p>Greep Messing antiek Decor serie 752 96mm is een mooie, strakke greep uit de Decor lijn serie 752 van Giusti. De greep is gemaakt van een zink legering en heeft een antieke messing finish. Deze kwalitatief uitstekende greep is gemaakt in Itali\u00eb. Afmetingen Greep Messing antiek Decor serie 752 196mm is 111mm breed en 15mm [&hellip;]<\/p>\n","protected":false},"featured_media":6435,"template":"","meta":{"_acf_changed":false},"product_brand":[],"product_cat":[25,29,41,23],"product_tag":[],"class_list":{"0":"post-6434","1":"product","2":"type-product","3":"status-publish","4":"has-post-thumbnail","6":"product_cat-aluminium-en-rvs","7":"product_cat-deurtrekkers","8":"product_cat-ladetrekkers","9":"product_cat-meubelbeslag","11":"first","12":"instock","13":"taxable","14":"shipping-taxable","15":"purchasable","16":"product-type-simple"},"acf":[],"yoast_head":"<!-- This site is optimized with the Yoast SEO plugin v27.3 - https:\/\/yoast.com\/product\/yoast-seo-wordpress\/ -->\n<title>Greep Messing antiek 96mm<\/title>\n<meta name=\"description\" content=\"Greep Messing antiek Decor serie 752 96mm is een mooie, strakke greep gemaakt van een zink legering en met een antieke messing finish.\" \/>\n<meta name=\"robots\" content=\"index, follow, max-snippet:-1, max-image-preview:large, max-video-preview:-1\" \/>\n<link rel=\"canonical\" href=\"https:\/\/partsandpieces.nl\/de\/produkt\/griff-messing-antikdekor-serie-752-96mm\/\" \/>\n<meta property=\"og:locale\" content=\"de_DE\" \/>\n<meta property=\"og:type\" content=\"article\" \/>\n<meta property=\"og:title\" content=\"Greep Messing antiek 96mm\" \/>\n<meta property=\"og:description\" content=\"Greep Messing antiek Decor serie 752 96mm is een mooie, strakke greep gemaakt van een zink legering en met een antieke messing finish.\" \/>\n<meta property=\"og:url\" content=\"https:\/\/partsandpieces.nl\/de\/produkt\/griff-messing-antikdekor-serie-752-96mm\/\" \/>\n<meta property=\"og:site_name\" content=\"Parts &amp; Pieces\" \/>\n<meta property=\"article:modified_time\" content=\"2024-06-03T12:32:17+00:00\" \/>\n<meta property=\"og:image\" content=\"https:\/\/partsandpieces.nl\/wp-content\/uploads\/2023\/07\/Ladegreep-Messing-antiek-Decor-serie-752-96mm.jpg\" \/>\n\t<meta property=\"og:image:width\" content=\"1140\" \/>\n\t<meta property=\"og:image:height\" content=\"1136\" \/>\n\t<meta property=\"og:image:type\" content=\"image\/jpeg\" \/>\n<meta name=\"twitter:card\" content=\"summary_large_image\" \/>\n<meta name=\"twitter:label1\" content=\"Gesch\u00e4tzte Lesezeit\" \/>\n\t<meta name=\"twitter:data1\" content=\"1\u00a0Minute\" \/>\n<script type=\"application\/ld+json\" class=\"yoast-schema-graph\">{\"@context\":\"https:\\\/\\\/schema.org\",\"@graph\":[{\"@type\":\"WebPage\",\"@id\":\"https:\\\/\\\/partsandpieces.nl\\\/product\\\/greep-messing-antiek-decor-serie-752-96mm\\\/\",\"url\":\"https:\\\/\\\/partsandpieces.nl\\\/product\\\/greep-messing-antiek-decor-serie-752-96mm\\\/\",\"name\":\"Greep Messing antiek 96mm\",\"isPartOf\":{\"@id\":\"https:\\\/\\\/partsandpieces.nl\\\/#website\"},\"primaryImageOfPage\":{\"@id\":\"https:\\\/\\\/partsandpieces.nl\\\/product\\\/greep-messing-antiek-decor-serie-752-96mm\\\/#primaryimage\"},\"image\":{\"@id\":\"https:\\\/\\\/partsandpieces.nl\\\/product\\\/greep-messing-antiek-decor-serie-752-96mm\\\/#primaryimage\"},\"thumbnailUrl\":\"https:\\\/\\\/partsandpieces.nl\\\/wp-content\\\/uploads\\\/2023\\\/07\\\/Ladegreep-Messing-antiek-Decor-serie-752-96mm.jpg\",\"datePublished\":\"2023-07-05T13:58:41+00:00\",\"dateModified\":\"2024-06-03T12:32:17+00:00\",\"description\":\"Greep Messing antiek Decor serie 752 96mm is een mooie, strakke greep gemaakt van een zink legering en met een antieke messing finish.\",\"breadcrumb\":{\"@id\":\"https:\\\/\\\/partsandpieces.nl\\\/product\\\/greep-messing-antiek-decor-serie-752-96mm\\\/#breadcrumb\"},\"inLanguage\":\"de\",\"potentialAction\":[{\"@type\":\"ReadAction\",\"target\":[\"https:\\\/\\\/partsandpieces.nl\\\/product\\\/greep-messing-antiek-decor-serie-752-96mm\\\/\"]}]},{\"@type\":\"ImageObject\",\"inLanguage\":\"de\",\"@id\":\"https:\\\/\\\/partsandpieces.nl\\\/product\\\/greep-messing-antiek-decor-serie-752-96mm\\\/#primaryimage\",\"url\":\"https:\\\/\\\/partsandpieces.nl\\\/wp-content\\\/uploads\\\/2023\\\/07\\\/Ladegreep-Messing-antiek-Decor-serie-752-96mm.jpg\",\"contentUrl\":\"https:\\\/\\\/partsandpieces.nl\\\/wp-content\\\/uploads\\\/2023\\\/07\\\/Ladegreep-Messing-antiek-Decor-serie-752-96mm.jpg\",\"width\":1140,\"height\":1136,\"caption\":\"Greep Messing antiek Decor serie 752 96mm\"},{\"@type\":\"BreadcrumbList\",\"@id\":\"https:\\\/\\\/partsandpieces.nl\\\/product\\\/greep-messing-antiek-decor-serie-752-96mm\\\/#breadcrumb\",\"itemListElement\":[{\"@type\":\"ListItem\",\"position\":1,\"name\":\"Home\",\"item\":\"https:\\\/\\\/partsandpieces.nl\\\/home\\\/\"},{\"@type\":\"ListItem\",\"position\":2,\"name\":\"Winkel\",\"item\":\"https:\\\/\\\/partsandpieces.nl\\\/winkel\\\/\"},{\"@type\":\"ListItem\",\"position\":3,\"name\":\"Greep Messing antiek Decor serie 752 96mm (10 stuks)\"}]},{\"@type\":\"WebSite\",\"@id\":\"https:\\\/\\\/partsandpieces.nl\\\/#website\",\"url\":\"https:\\\/\\\/partsandpieces.nl\\\/\",\"name\":\"Parts &amp; Pieces\",\"description\":\"Alles voor uw meubelrestauratie en -onderhoud!\",\"potentialAction\":[{\"@type\":\"SearchAction\",\"target\":{\"@type\":\"EntryPoint\",\"urlTemplate\":\"https:\\\/\\\/partsandpieces.nl\\\/?s={search_term_string}\"},\"query-input\":{\"@type\":\"PropertyValueSpecification\",\"valueRequired\":true,\"valueName\":\"search_term_string\"}}],\"inLanguage\":\"de\"}]}<\/script>\n<!-- \/ Yoast SEO plugin. -->","yoast_head_json":{"title":"Griff Messing antik 96mm","description":"Griff Messing antik Dekor Serie 752 96 mm ist ein sch\u00f6ner, schlanker Griff aus einer Zinklegierung und mit einem antiken Messingfinish.","robots":{"index":"index","follow":"follow","max-snippet":"max-snippet:-1","max-image-preview":"max-image-preview:large","max-video-preview":"max-video-preview:-1"},"canonical":"https:\/\/partsandpieces.nl\/de\/produkt\/griff-messing-antikdekor-serie-752-96mm\/","og_locale":"de_DE","og_type":"article","og_title":"Greep Messing antiek 96mm","og_description":"Greep Messing antiek Decor serie 752 96mm is een mooie, strakke greep gemaakt van een zink legering en met een antieke messing finish.","og_url":"https:\/\/partsandpieces.nl\/de\/produkt\/griff-messing-antikdekor-serie-752-96mm\/","og_site_name":"Parts &amp; Pieces","article_modified_time":"2024-06-03T12:32:17+00:00","og_image":[{"width":1140,"height":1136,"url":"https:\/\/partsandpieces.nl\/wp-content\/uploads\/2023\/07\/Ladegreep-Messing-antiek-Decor-serie-752-96mm.jpg","type":"image\/jpeg"}],"twitter_card":"summary_large_image","twitter_misc":{"Gesch\u00e4tzte Lesezeit":"1\u00a0Minute"},"schema":{"@context":"https:\/\/schema.org","@graph":[{"@type":"WebPage","@id":"https:\/\/partsandpieces.nl\/product\/greep-messing-antiek-decor-serie-752-96mm\/","url":"https:\/\/partsandpieces.nl\/product\/greep-messing-antiek-decor-serie-752-96mm\/","name":"Griff Messing antik 96mm","isPartOf":{"@id":"https:\/\/partsandpieces.nl\/#website"},"primaryImageOfPage":{"@id":"https:\/\/partsandpieces.nl\/product\/greep-messing-antiek-decor-serie-752-96mm\/#primaryimage"},"image":{"@id":"https:\/\/partsandpieces.nl\/product\/greep-messing-antiek-decor-serie-752-96mm\/#primaryimage"},"thumbnailUrl":"https:\/\/partsandpieces.nl\/wp-content\/uploads\/2023\/07\/Ladegreep-Messing-antiek-Decor-serie-752-96mm.jpg","datePublished":"2023-07-05T13:58:41+00:00","dateModified":"2024-06-03T12:32:17+00:00","description":"Griff Messing antik Dekor Serie 752 96 mm ist ein sch\u00f6ner, schlanker Griff aus einer Zinklegierung und mit einem antiken Messingfinish.","breadcrumb":{"@id":"https:\/\/partsandpieces.nl\/product\/greep-messing-antiek-decor-serie-752-96mm\/#breadcrumb"},"inLanguage":"de","potentialAction":[{"@type":"ReadAction","target":["https:\/\/partsandpieces.nl\/product\/greep-messing-antiek-decor-serie-752-96mm\/"]}]},{"@type":"ImageObject","inLanguage":"de","@id":"https:\/\/partsandpieces.nl\/product\/greep-messing-antiek-decor-serie-752-96mm\/#primaryimage","url":"https:\/\/partsandpieces.nl\/wp-content\/uploads\/2023\/07\/Ladegreep-Messing-antiek-Decor-serie-752-96mm.jpg","contentUrl":"https:\/\/partsandpieces.nl\/wp-content\/uploads\/2023\/07\/Ladegreep-Messing-antiek-Decor-serie-752-96mm.jpg","width":1140,"height":1136,"caption":"Greep Messing antiek Decor serie 752 96mm"},{"@type":"BreadcrumbList","@id":"https:\/\/partsandpieces.nl\/product\/greep-messing-antiek-decor-serie-752-96mm\/#breadcrumb","itemListElement":[{"@type":"ListItem","position":1,"name":"Home","item":"https:\/\/partsandpieces.nl\/home\/"},{"@type":"ListItem","position":2,"name":"Winkel","item":"https:\/\/partsandpieces.nl\/winkel\/"},{"@type":"ListItem","position":3,"name":"Greep Messing antiek Decor serie 752 96mm (10 stuks)"}]},{"@type":"WebSite","@id":"https:\/\/partsandpieces.nl\/#website","url":"https:\/\/partsandpieces.nl\/","name":"Teile &amp; St\u00fccke","description":"Alles f\u00fcr Ihre M\u00f6belrestaurierung und -pflege!","potentialAction":[{"@type":"SearchAction","target":{"@type":"EntryPoint","urlTemplate":"https:\/\/partsandpieces.nl\/?s={search_term_string}"},"query-input":{"@type":"PropertyValueSpecification","valueRequired":true,"valueName":"search_term_string"}}],"inLanguage":"de"}]}},"_links":{"self":[{"href":"https:\/\/partsandpieces.nl\/de\/wp-json\/wp\/v2\/product\/6434","targetHints":{"allow":["GET"]}}],"collection":[{"href":"https:\/\/partsandpieces.nl\/de\/wp-json\/wp\/v2\/product"}],"about":[{"href":"https:\/\/partsandpieces.nl\/de\/wp-json\/wp\/v2\/types\/product"}],"wp:featuredmedia":[{"embeddable":true,"href":"https:\/\/partsandpieces.nl\/de\/wp-json\/wp\/v2\/media\/6435"}],"wp:attachment":[{"href":"https:\/\/partsandpieces.nl\/de\/wp-json\/wp\/v2\/media?parent=6434"}],"wp:term":[{"taxonomy":"product_brand","embeddable":true,"href":"https:\/\/partsandpieces.nl\/de\/wp-json\/wp\/v2\/product_brand?post=6434"},{"taxonomy":"product_cat","embeddable":true,"href":"https:\/\/partsandpieces.nl\/de\/wp-json\/wp\/v2\/product_cat?post=6434"},{"taxonomy":"product_tag","embeddable":true,"href":"https:\/\/partsandpieces.nl\/de\/wp-json\/wp\/v2\/product_tag?post=6434"}],"curies":[{"name":"wp","href":"https:\/\/api.w.org\/{rel}","templated":true}]}}