{"id":6440,"date":"2023-07-05T16:32:48","date_gmt":"2023-07-05T14:32:48","guid":{"rendered":"https:\/\/partsandpieces.nl\/?post_type=product&#038;p=6440"},"modified":"2026-01-19T13:38:41","modified_gmt":"2026-01-19T12:38:41","slug":"frasgriff-mattschwarz-96mm-10-stuck","status":"publish","type":"product","link":"https:\/\/partsandpieces.nl\/de\/product\/infreesgreep-mat-zwart-96mm-10-stuks\/","title":{"rendered":"Fr\u00e4sgriff Mattschwarz 96mm (10 St\u00fcck)"},"content":{"rendered":"<p><strong>Fr\u00e4sgriff Mattschwarz 96mm<\/strong> ist ein stabiler Griff aus einer Zinklegierung mit mattschwarzer Oberfl\u00e4che. Dieser gefr\u00e4ste Griff hat eine l\u00e4ngliche Form und kann an einer Schrankt\u00fcr und einer Schiebet\u00fcr verwendet werden.<\/p>\n<p>Dieser hochwertige Griff wird in Italien hergestellt.<\/p>\n<p><strong>Ma\u00dfe<br \/>\n<\/strong>Der Fr\u00e4sgriff Mattschwarz 96 mm hat eine Breite von 112 mm und eine H\u00f6he von 39 mm. Die Fr\u00e4stiefe betr\u00e4gt 13mm. Die Bohrl\u00f6cher haben einen Abstand von 96 mm.<\/p>\n<p><strong>Lieferung<\/strong><br \/>\nDiese Griffe werden Ihnen direkt vom Hersteller geliefert. Die Lieferung dauert in der Regel 3 bis 4 Werktage.<br \/>\nBen\u00f6tigen Sie weitere Teile? Kontaktieren Sie mich f\u00fcr ein individuelles Angebot.<\/p>","protected":false},"excerpt":{"rendered":"<p>Infreesgreep Mat Zwart 96mm is een stoere greep gemaakt van een zink legering met een mat zwarte afwerking. Deze infreesgreep is langwerpig van vorm en is te gebruiken op een kastdeur en schuifdeur. Deze kwalitatief uitstekende greep is gemaakt in Itali\u00eb. Afmetingen Infreesgreep Mat Zwart 96mm heeft een breedte van 112mm en een hoogte van [&hellip;]<\/p>\n","protected":false},"featured_media":6441,"template":"","meta":{"_acf_changed":false},"product_brand":[],"product_cat":[146,23],"product_tag":[],"class_list":{"0":"post-6440","1":"product","2":"type-product","3":"status-publish","4":"has-post-thumbnail","6":"product_cat-infreesgrepen","7":"product_cat-meubelbeslag","9":"first","10":"instock","11":"taxable","12":"shipping-taxable","13":"purchasable","14":"product-type-simple"},"acf":[],"yoast_head":"<!-- This site is optimized with the Yoast SEO plugin v27.3 - https:\/\/yoast.com\/product\/yoast-seo-wordpress\/ -->\n<title>Infreesgreep Mat Zwart 96mm<\/title>\n<meta name=\"description\" content=\"Infreesgreep Mat Zwart 96mm is een stoere greep gemaakt van een zink legering met een mat zwarte afwerking. Te gebruiken op een kast- en schuifdeur.\" \/>\n<meta name=\"robots\" content=\"index, follow, max-snippet:-1, max-image-preview:large, max-video-preview:-1\" \/>\n<link rel=\"canonical\" href=\"https:\/\/partsandpieces.nl\/de\/produkt\/frasgriff-mattschwarz-96mm-10-stuck\/\" \/>\n<meta property=\"og:locale\" content=\"de_DE\" \/>\n<meta property=\"og:type\" content=\"article\" \/>\n<meta property=\"og:title\" content=\"Infreesgreep Mat Zwart 96mm\" \/>\n<meta property=\"og:description\" content=\"Infreesgreep Mat Zwart 96mm is een stoere greep gemaakt van een zink legering met een mat zwarte afwerking. Te gebruiken op een kast- en schuifdeur.\" \/>\n<meta property=\"og:url\" content=\"https:\/\/partsandpieces.nl\/de\/produkt\/frasgriff-mattschwarz-96mm-10-stuck\/\" \/>\n<meta property=\"og:site_name\" content=\"Parts &amp; Pieces\" \/>\n<meta property=\"article:modified_time\" content=\"2026-01-19T12:38:41+00:00\" \/>\n<meta property=\"og:image\" content=\"https:\/\/partsandpieces.nl\/wp-content\/uploads\/2023\/07\/Infreesgreep-Mat-Zwart-96mm.jpg\" \/>\n\t<meta property=\"og:image:width\" content=\"839\" \/>\n\t<meta property=\"og:image:height\" content=\"839\" \/>\n\t<meta property=\"og:image:type\" content=\"image\/jpeg\" \/>\n<meta name=\"twitter:card\" content=\"summary_large_image\" \/>\n<meta name=\"twitter:label1\" content=\"Gesch\u00e4tzte Lesezeit\" \/>\n\t<meta name=\"twitter:data1\" content=\"1\u00a0Minute\" \/>\n<script type=\"application\/ld+json\" class=\"yoast-schema-graph\">{\"@context\":\"https:\\\/\\\/schema.org\",\"@graph\":[{\"@type\":\"WebPage\",\"@id\":\"https:\\\/\\\/partsandpieces.nl\\\/product\\\/infreesgreep-mat-zwart-96mm-10-stuks\\\/\",\"url\":\"https:\\\/\\\/partsandpieces.nl\\\/product\\\/infreesgreep-mat-zwart-96mm-10-stuks\\\/\",\"name\":\"Infreesgreep Mat Zwart 96mm\",\"isPartOf\":{\"@id\":\"https:\\\/\\\/partsandpieces.nl\\\/#website\"},\"primaryImageOfPage\":{\"@id\":\"https:\\\/\\\/partsandpieces.nl\\\/product\\\/infreesgreep-mat-zwart-96mm-10-stuks\\\/#primaryimage\"},\"image\":{\"@id\":\"https:\\\/\\\/partsandpieces.nl\\\/product\\\/infreesgreep-mat-zwart-96mm-10-stuks\\\/#primaryimage\"},\"thumbnailUrl\":\"https:\\\/\\\/partsandpieces.nl\\\/wp-content\\\/uploads\\\/2023\\\/07\\\/Infreesgreep-Mat-Zwart-96mm.jpg\",\"datePublished\":\"2023-07-05T14:32:48+00:00\",\"dateModified\":\"2026-01-19T12:38:41+00:00\",\"description\":\"Infreesgreep Mat Zwart 96mm is een stoere greep gemaakt van een zink legering met een mat zwarte afwerking. Te gebruiken op een kast- en schuifdeur.\",\"breadcrumb\":{\"@id\":\"https:\\\/\\\/partsandpieces.nl\\\/product\\\/infreesgreep-mat-zwart-96mm-10-stuks\\\/#breadcrumb\"},\"inLanguage\":\"de\",\"potentialAction\":[{\"@type\":\"ReadAction\",\"target\":[\"https:\\\/\\\/partsandpieces.nl\\\/product\\\/infreesgreep-mat-zwart-96mm-10-stuks\\\/\"]}]},{\"@type\":\"ImageObject\",\"inLanguage\":\"de\",\"@id\":\"https:\\\/\\\/partsandpieces.nl\\\/product\\\/infreesgreep-mat-zwart-96mm-10-stuks\\\/#primaryimage\",\"url\":\"https:\\\/\\\/partsandpieces.nl\\\/wp-content\\\/uploads\\\/2023\\\/07\\\/Infreesgreep-Mat-Zwart-96mm.jpg\",\"contentUrl\":\"https:\\\/\\\/partsandpieces.nl\\\/wp-content\\\/uploads\\\/2023\\\/07\\\/Infreesgreep-Mat-Zwart-96mm.jpg\",\"width\":839,\"height\":839,\"caption\":\"Infreesgreep Mat Zwart 96mm\"},{\"@type\":\"BreadcrumbList\",\"@id\":\"https:\\\/\\\/partsandpieces.nl\\\/product\\\/infreesgreep-mat-zwart-96mm-10-stuks\\\/#breadcrumb\",\"itemListElement\":[{\"@type\":\"ListItem\",\"position\":1,\"name\":\"Home\",\"item\":\"https:\\\/\\\/partsandpieces.nl\\\/home\\\/\"},{\"@type\":\"ListItem\",\"position\":2,\"name\":\"Winkel\",\"item\":\"https:\\\/\\\/partsandpieces.nl\\\/winkel\\\/\"},{\"@type\":\"ListItem\",\"position\":3,\"name\":\"Infreesgreep Mat Zwart 96mm (10 stuks)\"}]},{\"@type\":\"WebSite\",\"@id\":\"https:\\\/\\\/partsandpieces.nl\\\/#website\",\"url\":\"https:\\\/\\\/partsandpieces.nl\\\/\",\"name\":\"Parts &amp; Pieces\",\"description\":\"Alles voor uw meubelrestauratie en -onderhoud!\",\"potentialAction\":[{\"@type\":\"SearchAction\",\"target\":{\"@type\":\"EntryPoint\",\"urlTemplate\":\"https:\\\/\\\/partsandpieces.nl\\\/?s={search_term_string}\"},\"query-input\":{\"@type\":\"PropertyValueSpecification\",\"valueRequired\":true,\"valueName\":\"search_term_string\"}}],\"inLanguage\":\"de\"}]}<\/script>\n<!-- \/ Yoast SEO plugin. -->","yoast_head_json":{"title":"Fr\u00e4sgriff Mattschwarz 96mm","description":"Der Fr\u00e4sgriff Mattschwarz 96 mm ist ein stabiler Griff aus einer Zinklegierung mit mattschwarzer Oberfl\u00e4che. Kann an einem Schrank und einer Schiebet\u00fcr verwendet werden.","robots":{"index":"index","follow":"follow","max-snippet":"max-snippet:-1","max-image-preview":"max-image-preview:large","max-video-preview":"max-video-preview:-1"},"canonical":"https:\/\/partsandpieces.nl\/de\/produkt\/frasgriff-mattschwarz-96mm-10-stuck\/","og_locale":"de_DE","og_type":"article","og_title":"Infreesgreep Mat Zwart 96mm","og_description":"Infreesgreep Mat Zwart 96mm is een stoere greep gemaakt van een zink legering met een mat zwarte afwerking. Te gebruiken op een kast- en schuifdeur.","og_url":"https:\/\/partsandpieces.nl\/de\/produkt\/frasgriff-mattschwarz-96mm-10-stuck\/","og_site_name":"Parts &amp; Pieces","article_modified_time":"2026-01-19T12:38:41+00:00","og_image":[{"width":839,"height":839,"url":"https:\/\/partsandpieces.nl\/wp-content\/uploads\/2023\/07\/Infreesgreep-Mat-Zwart-96mm.jpg","type":"image\/jpeg"}],"twitter_card":"summary_large_image","twitter_misc":{"Gesch\u00e4tzte Lesezeit":"1\u00a0Minute"},"schema":{"@context":"https:\/\/schema.org","@graph":[{"@type":"WebPage","@id":"https:\/\/partsandpieces.nl\/product\/infreesgreep-mat-zwart-96mm-10-stuks\/","url":"https:\/\/partsandpieces.nl\/product\/infreesgreep-mat-zwart-96mm-10-stuks\/","name":"Fr\u00e4sgriff Mattschwarz 96mm","isPartOf":{"@id":"https:\/\/partsandpieces.nl\/#website"},"primaryImageOfPage":{"@id":"https:\/\/partsandpieces.nl\/product\/infreesgreep-mat-zwart-96mm-10-stuks\/#primaryimage"},"image":{"@id":"https:\/\/partsandpieces.nl\/product\/infreesgreep-mat-zwart-96mm-10-stuks\/#primaryimage"},"thumbnailUrl":"https:\/\/partsandpieces.nl\/wp-content\/uploads\/2023\/07\/Infreesgreep-Mat-Zwart-96mm.jpg","datePublished":"2023-07-05T14:32:48+00:00","dateModified":"2026-01-19T12:38:41+00:00","description":"Der Fr\u00e4sgriff Mattschwarz 96 mm ist ein stabiler Griff aus einer Zinklegierung mit mattschwarzer Oberfl\u00e4che. Kann an einem Schrank und einer Schiebet\u00fcr verwendet werden.","breadcrumb":{"@id":"https:\/\/partsandpieces.nl\/product\/infreesgreep-mat-zwart-96mm-10-stuks\/#breadcrumb"},"inLanguage":"de","potentialAction":[{"@type":"ReadAction","target":["https:\/\/partsandpieces.nl\/product\/infreesgreep-mat-zwart-96mm-10-stuks\/"]}]},{"@type":"ImageObject","inLanguage":"de","@id":"https:\/\/partsandpieces.nl\/product\/infreesgreep-mat-zwart-96mm-10-stuks\/#primaryimage","url":"https:\/\/partsandpieces.nl\/wp-content\/uploads\/2023\/07\/Infreesgreep-Mat-Zwart-96mm.jpg","contentUrl":"https:\/\/partsandpieces.nl\/wp-content\/uploads\/2023\/07\/Infreesgreep-Mat-Zwart-96mm.jpg","width":839,"height":839,"caption":"Infreesgreep Mat Zwart 96mm"},{"@type":"BreadcrumbList","@id":"https:\/\/partsandpieces.nl\/product\/infreesgreep-mat-zwart-96mm-10-stuks\/#breadcrumb","itemListElement":[{"@type":"ListItem","position":1,"name":"Home","item":"https:\/\/partsandpieces.nl\/home\/"},{"@type":"ListItem","position":2,"name":"Winkel","item":"https:\/\/partsandpieces.nl\/winkel\/"},{"@type":"ListItem","position":3,"name":"Infreesgreep Mat Zwart 96mm (10 stuks)"}]},{"@type":"WebSite","@id":"https:\/\/partsandpieces.nl\/#website","url":"https:\/\/partsandpieces.nl\/","name":"Teile &amp; St\u00fccke","description":"Alles f\u00fcr Ihre M\u00f6belrestaurierung und -pflege!","potentialAction":[{"@type":"SearchAction","target":{"@type":"EntryPoint","urlTemplate":"https:\/\/partsandpieces.nl\/?s={search_term_string}"},"query-input":{"@type":"PropertyValueSpecification","valueRequired":true,"valueName":"search_term_string"}}],"inLanguage":"de"}]}},"_links":{"self":[{"href":"https:\/\/partsandpieces.nl\/de\/wp-json\/wp\/v2\/product\/6440","targetHints":{"allow":["GET"]}}],"collection":[{"href":"https:\/\/partsandpieces.nl\/de\/wp-json\/wp\/v2\/product"}],"about":[{"href":"https:\/\/partsandpieces.nl\/de\/wp-json\/wp\/v2\/types\/product"}],"wp:featuredmedia":[{"embeddable":true,"href":"https:\/\/partsandpieces.nl\/de\/wp-json\/wp\/v2\/media\/6441"}],"wp:attachment":[{"href":"https:\/\/partsandpieces.nl\/de\/wp-json\/wp\/v2\/media?parent=6440"}],"wp:term":[{"taxonomy":"product_brand","embeddable":true,"href":"https:\/\/partsandpieces.nl\/de\/wp-json\/wp\/v2\/product_brand?post=6440"},{"taxonomy":"product_cat","embeddable":true,"href":"https:\/\/partsandpieces.nl\/de\/wp-json\/wp\/v2\/product_cat?post=6440"},{"taxonomy":"product_tag","embeddable":true,"href":"https:\/\/partsandpieces.nl\/de\/wp-json\/wp\/v2\/product_tag?post=6440"}],"curies":[{"name":"wp","href":"https:\/\/api.w.org\/{rel}","templated":true}]}}