{"id":6450,"date":"2023-07-07T11:28:21","date_gmt":"2023-07-07T09:28:21","guid":{"rendered":"https:\/\/partsandpieces.nl\/?post_type=product&#038;p=6450"},"modified":"2025-04-01T16:28:12","modified_gmt":"2025-04-01T14:28:12","slug":"turgriff-messing-antik-vertikal-mit-schlusselloch-klein-92x26mm","status":"publish","type":"product","link":"https:\/\/partsandpieces.nl\/de\/product\/deurgreep-messing-antiek-verticaal-met-sleutelgat-klein-92x26mm\/","title":{"rendered":"T\u00fcrgriff Messing antik vertikal mit Schl\u00fcsselloch klein 92x26mm"},"content":{"rendered":"<p><strong>T\u00fcrgriff Messing antik vertikal mit Schl\u00fcsselloch klein 92x26mm<\/strong> ist ein wundersch\u00f6ner Schubladengriff aus Messing mit antikem Finish. Das Erscheinungsbild dieses klassischen Griffs ist matt. Dieser Griff passt gut zu Ihren antiken oder klassischen M\u00f6beln und Schubladen.<\/p>\n<p>Dieser hochwertige Schubladengriff wird in Italien hergestellt.<\/p>\n<p><strong>Ma\u00dfe<br \/>\n<\/strong>T\u00fcrgriff Messing antik vertikal mit Schl\u00fcsselloch klein 92x26mm ist 92mm hoch und 26mm breit. Nach der Installation steht dieser Griff 19 mm hervor. Die Bohrl\u00f6cher haben einen Abstand von 32 mm.<\/p>\n<p><strong>Bearbeiten<br \/>\n<\/strong>Sie k\u00f6nnen den Griff mit blind montieren <span style=\"text-decoration: underline;\"><a href=\"https:\/\/partsandpieces.nl\/de\/produkt\/schraube-edelstahl-zur-blindmontage-von-mobelbeschlagen-45x4mm-20-stuck\/\">Edelstahlschraube zur Blindbefestigung von M\u00f6belbeschl\u00e4gen (45x4mm)<\/a><\/span>. Ich schicke diese Schrauben <strong>FREI<\/strong> mit Ihrer Bestellung.<\/p>","protected":false},"excerpt":{"rendered":"<p>Deurgreep Messing antiek verticaal met sleutelgat klein 92x26mm is een mooie ladegreep gemaakt van messing met een antieke afwerking. De uitstraling van deze klassieke greep is mat. Deze greep past goed op je antieke of klassieke meubel en lades. Deze kwalitatief uitstekende ladegreep is gemaakt in Itali\u00eb. Afmetingen Deurgreep Messing antiek verticaal met sleutelgat klein [&hellip;]<\/p>\n","protected":false},"featured_media":6452,"template":"","meta":{"_acf_changed":false},"product_brand":[],"product_cat":[29,23],"product_tag":[],"class_list":{"0":"post-6450","1":"product","2":"type-product","3":"status-publish","4":"has-post-thumbnail","6":"product_cat-deurtrekkers","7":"product_cat-meubelbeslag","9":"first","10":"instock","11":"taxable","12":"shipping-taxable","13":"purchasable","14":"product-type-simple"},"acf":[],"yoast_head":"<!-- This site is optimized with the Yoast SEO plugin v27.3 - https:\/\/yoast.com\/product\/yoast-seo-wordpress\/ -->\n<title>Deurgreep Messing antiek sleutelgat<\/title>\n<meta name=\"description\" content=\"Deurgreep Messing antiek verticaal met sleutelgat klein 92x26mm is gemaakt van messing met antieke afwerking. De uitstraling van deze greep is mat.\" \/>\n<meta name=\"robots\" content=\"index, follow, max-snippet:-1, max-image-preview:large, max-video-preview:-1\" \/>\n<link rel=\"canonical\" href=\"https:\/\/partsandpieces.nl\/de\/produkt\/turgriff-messing-antik-vertikal-mit-schlusselloch-klein-92x26mm\/\" \/>\n<meta property=\"og:locale\" content=\"de_DE\" \/>\n<meta property=\"og:type\" content=\"article\" \/>\n<meta property=\"og:title\" content=\"Deurgreep Messing antiek sleutelgat\" \/>\n<meta property=\"og:description\" content=\"Deurgreep Messing antiek verticaal met sleutelgat klein 92x26mm is gemaakt van messing met antieke afwerking. De uitstraling van deze greep is mat.\" \/>\n<meta property=\"og:url\" content=\"https:\/\/partsandpieces.nl\/de\/produkt\/turgriff-messing-antik-vertikal-mit-schlusselloch-klein-92x26mm\/\" \/>\n<meta property=\"og:site_name\" content=\"Parts &amp; Pieces\" \/>\n<meta property=\"article:modified_time\" content=\"2025-04-01T14:28:12+00:00\" \/>\n<meta property=\"og:image\" content=\"https:\/\/partsandpieces.nl\/wp-content\/uploads\/2023\/07\/Deurgreep-Messing-antiek-verticaal-met-sleutelgat-klein-92x26mm.jpg\" \/>\n\t<meta property=\"og:image:width\" content=\"411\" \/>\n\t<meta property=\"og:image:height\" content=\"414\" \/>\n\t<meta property=\"og:image:type\" content=\"image\/jpeg\" \/>\n<meta name=\"twitter:card\" content=\"summary_large_image\" \/>\n<meta name=\"twitter:label1\" content=\"Gesch\u00e4tzte Lesezeit\" \/>\n\t<meta name=\"twitter:data1\" content=\"1\u00a0Minute\" \/>\n<script type=\"application\/ld+json\" class=\"yoast-schema-graph\">{\"@context\":\"https:\\\/\\\/schema.org\",\"@graph\":[{\"@type\":\"WebPage\",\"@id\":\"https:\\\/\\\/partsandpieces.nl\\\/product\\\/deurgreep-messing-antiek-verticaal-met-sleutelgat-klein-92x26mm\\\/\",\"url\":\"https:\\\/\\\/partsandpieces.nl\\\/product\\\/deurgreep-messing-antiek-verticaal-met-sleutelgat-klein-92x26mm\\\/\",\"name\":\"Deurgreep Messing antiek sleutelgat\",\"isPartOf\":{\"@id\":\"https:\\\/\\\/partsandpieces.nl\\\/#website\"},\"primaryImageOfPage\":{\"@id\":\"https:\\\/\\\/partsandpieces.nl\\\/product\\\/deurgreep-messing-antiek-verticaal-met-sleutelgat-klein-92x26mm\\\/#primaryimage\"},\"image\":{\"@id\":\"https:\\\/\\\/partsandpieces.nl\\\/product\\\/deurgreep-messing-antiek-verticaal-met-sleutelgat-klein-92x26mm\\\/#primaryimage\"},\"thumbnailUrl\":\"https:\\\/\\\/partsandpieces.nl\\\/wp-content\\\/uploads\\\/2023\\\/07\\\/Deurgreep-Messing-antiek-verticaal-met-sleutelgat-klein-92x26mm.jpg\",\"datePublished\":\"2023-07-07T09:28:21+00:00\",\"dateModified\":\"2025-04-01T14:28:12+00:00\",\"description\":\"Deurgreep Messing antiek verticaal met sleutelgat klein 92x26mm is gemaakt van messing met antieke afwerking. De uitstraling van deze greep is mat.\",\"breadcrumb\":{\"@id\":\"https:\\\/\\\/partsandpieces.nl\\\/product\\\/deurgreep-messing-antiek-verticaal-met-sleutelgat-klein-92x26mm\\\/#breadcrumb\"},\"inLanguage\":\"de\",\"potentialAction\":[{\"@type\":\"ReadAction\",\"target\":[\"https:\\\/\\\/partsandpieces.nl\\\/product\\\/deurgreep-messing-antiek-verticaal-met-sleutelgat-klein-92x26mm\\\/\"]}]},{\"@type\":\"ImageObject\",\"inLanguage\":\"de\",\"@id\":\"https:\\\/\\\/partsandpieces.nl\\\/product\\\/deurgreep-messing-antiek-verticaal-met-sleutelgat-klein-92x26mm\\\/#primaryimage\",\"url\":\"https:\\\/\\\/partsandpieces.nl\\\/wp-content\\\/uploads\\\/2023\\\/07\\\/Deurgreep-Messing-antiek-verticaal-met-sleutelgat-klein-92x26mm.jpg\",\"contentUrl\":\"https:\\\/\\\/partsandpieces.nl\\\/wp-content\\\/uploads\\\/2023\\\/07\\\/Deurgreep-Messing-antiek-verticaal-met-sleutelgat-klein-92x26mm.jpg\",\"width\":411,\"height\":414,\"caption\":\"Deurgreep Messing antiek verticaal met sleutelgat klein 92x26mm\"},{\"@type\":\"BreadcrumbList\",\"@id\":\"https:\\\/\\\/partsandpieces.nl\\\/product\\\/deurgreep-messing-antiek-verticaal-met-sleutelgat-klein-92x26mm\\\/#breadcrumb\",\"itemListElement\":[{\"@type\":\"ListItem\",\"position\":1,\"name\":\"Home\",\"item\":\"https:\\\/\\\/partsandpieces.nl\\\/home\\\/\"},{\"@type\":\"ListItem\",\"position\":2,\"name\":\"Winkel\",\"item\":\"https:\\\/\\\/partsandpieces.nl\\\/winkel\\\/\"},{\"@type\":\"ListItem\",\"position\":3,\"name\":\"Deurgreep Messing antiek verticaal met sleutelgat klein 92x26mm\"}]},{\"@type\":\"WebSite\",\"@id\":\"https:\\\/\\\/partsandpieces.nl\\\/#website\",\"url\":\"https:\\\/\\\/partsandpieces.nl\\\/\",\"name\":\"Parts &amp; Pieces\",\"description\":\"Alles voor uw meubelrestauratie en -onderhoud!\",\"potentialAction\":[{\"@type\":\"SearchAction\",\"target\":{\"@type\":\"EntryPoint\",\"urlTemplate\":\"https:\\\/\\\/partsandpieces.nl\\\/?s={search_term_string}\"},\"query-input\":{\"@type\":\"PropertyValueSpecification\",\"valueRequired\":true,\"valueName\":\"search_term_string\"}}],\"inLanguage\":\"de\"}]}<\/script>\n<!-- \/ Yoast SEO plugin. -->","yoast_head_json":{"title":"T\u00fcrgriff Messing antik Schl\u00fcsselloch","description":"T\u00fcrgriff Messing antik vertikal mit Schl\u00fcsselloch klein 92x26mm ist aus Messing mit antiker Oberfl\u00e4che gefertigt. Das Erscheinungsbild dieses Griffs ist matt.","robots":{"index":"index","follow":"follow","max-snippet":"max-snippet:-1","max-image-preview":"max-image-preview:large","max-video-preview":"max-video-preview:-1"},"canonical":"https:\/\/partsandpieces.nl\/de\/produkt\/turgriff-messing-antik-vertikal-mit-schlusselloch-klein-92x26mm\/","og_locale":"de_DE","og_type":"article","og_title":"Deurgreep Messing antiek sleutelgat","og_description":"Deurgreep Messing antiek verticaal met sleutelgat klein 92x26mm is gemaakt van messing met antieke afwerking. De uitstraling van deze greep is mat.","og_url":"https:\/\/partsandpieces.nl\/de\/produkt\/turgriff-messing-antik-vertikal-mit-schlusselloch-klein-92x26mm\/","og_site_name":"Parts &amp; Pieces","article_modified_time":"2025-04-01T14:28:12+00:00","og_image":[{"width":411,"height":414,"url":"https:\/\/partsandpieces.nl\/wp-content\/uploads\/2023\/07\/Deurgreep-Messing-antiek-verticaal-met-sleutelgat-klein-92x26mm.jpg","type":"image\/jpeg"}],"twitter_card":"summary_large_image","twitter_misc":{"Gesch\u00e4tzte Lesezeit":"1\u00a0Minute"},"schema":{"@context":"https:\/\/schema.org","@graph":[{"@type":"WebPage","@id":"https:\/\/partsandpieces.nl\/product\/deurgreep-messing-antiek-verticaal-met-sleutelgat-klein-92x26mm\/","url":"https:\/\/partsandpieces.nl\/product\/deurgreep-messing-antiek-verticaal-met-sleutelgat-klein-92x26mm\/","name":"T\u00fcrgriff Messing antik Schl\u00fcsselloch","isPartOf":{"@id":"https:\/\/partsandpieces.nl\/#website"},"primaryImageOfPage":{"@id":"https:\/\/partsandpieces.nl\/product\/deurgreep-messing-antiek-verticaal-met-sleutelgat-klein-92x26mm\/#primaryimage"},"image":{"@id":"https:\/\/partsandpieces.nl\/product\/deurgreep-messing-antiek-verticaal-met-sleutelgat-klein-92x26mm\/#primaryimage"},"thumbnailUrl":"https:\/\/partsandpieces.nl\/wp-content\/uploads\/2023\/07\/Deurgreep-Messing-antiek-verticaal-met-sleutelgat-klein-92x26mm.jpg","datePublished":"2023-07-07T09:28:21+00:00","dateModified":"2025-04-01T14:28:12+00:00","description":"T\u00fcrgriff Messing antik vertikal mit Schl\u00fcsselloch klein 92x26mm ist aus Messing mit antiker Oberfl\u00e4che gefertigt. Das Erscheinungsbild dieses Griffs ist matt.","breadcrumb":{"@id":"https:\/\/partsandpieces.nl\/product\/deurgreep-messing-antiek-verticaal-met-sleutelgat-klein-92x26mm\/#breadcrumb"},"inLanguage":"de","potentialAction":[{"@type":"ReadAction","target":["https:\/\/partsandpieces.nl\/product\/deurgreep-messing-antiek-verticaal-met-sleutelgat-klein-92x26mm\/"]}]},{"@type":"ImageObject","inLanguage":"de","@id":"https:\/\/partsandpieces.nl\/product\/deurgreep-messing-antiek-verticaal-met-sleutelgat-klein-92x26mm\/#primaryimage","url":"https:\/\/partsandpieces.nl\/wp-content\/uploads\/2023\/07\/Deurgreep-Messing-antiek-verticaal-met-sleutelgat-klein-92x26mm.jpg","contentUrl":"https:\/\/partsandpieces.nl\/wp-content\/uploads\/2023\/07\/Deurgreep-Messing-antiek-verticaal-met-sleutelgat-klein-92x26mm.jpg","width":411,"height":414,"caption":"Deurgreep Messing antiek verticaal met sleutelgat klein 92x26mm"},{"@type":"BreadcrumbList","@id":"https:\/\/partsandpieces.nl\/product\/deurgreep-messing-antiek-verticaal-met-sleutelgat-klein-92x26mm\/#breadcrumb","itemListElement":[{"@type":"ListItem","position":1,"name":"Home","item":"https:\/\/partsandpieces.nl\/home\/"},{"@type":"ListItem","position":2,"name":"Winkel","item":"https:\/\/partsandpieces.nl\/winkel\/"},{"@type":"ListItem","position":3,"name":"Deurgreep Messing antiek verticaal met sleutelgat klein 92x26mm"}]},{"@type":"WebSite","@id":"https:\/\/partsandpieces.nl\/#website","url":"https:\/\/partsandpieces.nl\/","name":"Teile &amp; St\u00fccke","description":"Alles f\u00fcr Ihre M\u00f6belrestaurierung und -pflege!","potentialAction":[{"@type":"SearchAction","target":{"@type":"EntryPoint","urlTemplate":"https:\/\/partsandpieces.nl\/?s={search_term_string}"},"query-input":{"@type":"PropertyValueSpecification","valueRequired":true,"valueName":"search_term_string"}}],"inLanguage":"de"}]}},"_links":{"self":[{"href":"https:\/\/partsandpieces.nl\/de\/wp-json\/wp\/v2\/product\/6450","targetHints":{"allow":["GET"]}}],"collection":[{"href":"https:\/\/partsandpieces.nl\/de\/wp-json\/wp\/v2\/product"}],"about":[{"href":"https:\/\/partsandpieces.nl\/de\/wp-json\/wp\/v2\/types\/product"}],"wp:featuredmedia":[{"embeddable":true,"href":"https:\/\/partsandpieces.nl\/de\/wp-json\/wp\/v2\/media\/6452"}],"wp:attachment":[{"href":"https:\/\/partsandpieces.nl\/de\/wp-json\/wp\/v2\/media?parent=6450"}],"wp:term":[{"taxonomy":"product_brand","embeddable":true,"href":"https:\/\/partsandpieces.nl\/de\/wp-json\/wp\/v2\/product_brand?post=6450"},{"taxonomy":"product_cat","embeddable":true,"href":"https:\/\/partsandpieces.nl\/de\/wp-json\/wp\/v2\/product_cat?post=6450"},{"taxonomy":"product_tag","embeddable":true,"href":"https:\/\/partsandpieces.nl\/de\/wp-json\/wp\/v2\/product_tag?post=6450"}],"curies":[{"name":"wp","href":"https:\/\/api.w.org\/{rel}","templated":true}]}}