{"id":6466,"date":"2023-07-10T13:58:06","date_gmt":"2023-07-10T11:58:06","guid":{"rendered":"https:\/\/partsandpieces.nl\/?post_type=product&#038;p=6466"},"modified":"2025-11-12T11:25:44","modified_gmt":"2025-11-12T10:25:44","slug":"borma-wachs-proaqua-selbstversiegelung-lack-auf-wasserbasis-matt-10gu-helle-walnussfarbe-53-5-liter","status":"publish","type":"product","link":"https:\/\/partsandpieces.nl\/de\/product\/borma-wachs-proaqua-self-sealer-lak-op-waterbasis-mat-10gu-licht-noten-kleur-53-5-liter\/","title":{"rendered":"Borma Wachs Proaqua Selbstversiegelungslack auf Wasserbasis matt (10GU) Walnuss hell (Farbe 53) 5 Liter"},"content":{"rendered":"<p><strong>Borma Wachs Proaqua Selbstversiegelungslack auf Wasserbasis matt (10GU) Walnuss hell (Farbe 53) 5 Liter<\/strong> von<span style=\"text-decoration: underline;\"> <a href=\"https:\/\/bormawachs.com\/?&amp;lang=2\">Borma Wachs<\/a><\/span> ist ein Innenlack 1-2K farbloser, wasserbasierter und selbstversiegelnder Lack, speziell f\u00fcr die Behandlung von M\u00f6beln. Kann mit eigenem Katalysator verwendet werden, um die Festigkeit und Haltbarkeit der behandelten Oberfl\u00e4che zu verbessern.<br \/>\nGeruchlos, umweltfreundlich und anwenderfreundlich mit sehr niedrigem VOC-Gehalt. Nach dem Auftragen bietet VM8567 1-2K hervorragenden Schutz vor Abnutzung und Abrieb auf allen Holzoberfl\u00e4chen, egal ob geschliffen oder restauriert. Hohe Leistung bei gleichzeitig einfacher Anwendung dank 1-2K-Technologie.<\/p>","protected":false},"excerpt":{"rendered":"<p>Borma Wachs Proaqua self-sealer lak op waterbasis mat (10GU) Licht Noten (kleur 53) 5 liter van Borma Wachs is een interieurlak 1-2K kleurloze, watergedragen en zelfverzegelende lak, specifiek voor de behandeling van meubelen. Kan worden gebruikt met zijn eigen katalysator om de sterkte en duurzaamheid van het behandelde oppervlak te verbeteren. Geurloos, respecteert het milieu [&hellip;]<\/p>\n","protected":false},"featured_media":6470,"template":"","meta":{"_acf_changed":false},"product_brand":[],"product_cat":[64,70],"product_tag":[],"class_list":{"0":"post-6466","1":"product","2":"type-product","3":"status-publish","4":"has-post-thumbnail","6":"product_cat-oppervlakte-behandeling-borma-wachs","7":"product_cat-overige-lakken","9":"first","10":"instock","11":"taxable","12":"shipping-taxable","13":"purchasable","14":"product-type-simple"},"acf":[],"yoast_head":"<!-- This site is optimized with the Yoast SEO plugin v27.3 - https:\/\/yoast.com\/product\/yoast-seo-wordpress\/ -->\n<title>Borma Wachs Proaqua self-sealer Licht Noten (kleur 53)<\/title>\n<meta name=\"description\" content=\"Borma Wachs Proaqua self-sealer lak op waterbasis mat (10GU) Licht Noten (kleur 53) 5 liter van Borma Wachs is een interieurlak 1-2K kleurloze, watergedragen en zelfverzegelende lak, specifiek voor de behandeling van meubelen.\" \/>\n<meta name=\"robots\" content=\"index, follow, max-snippet:-1, max-image-preview:large, max-video-preview:-1\" \/>\n<link rel=\"canonical\" href=\"https:\/\/partsandpieces.nl\/de\/produkt\/borma-wachs-proaqua-selbstversiegelung-lack-auf-wasserbasis-matt-10gu-helle-walnussfarbe-53-5-liter\/\" \/>\n<meta property=\"og:locale\" content=\"de_DE\" \/>\n<meta property=\"og:type\" content=\"article\" \/>\n<meta property=\"og:title\" content=\"Borma Wachs Proaqua self-sealer Licht Noten (kleur 53)\" \/>\n<meta property=\"og:description\" content=\"Borma Wachs Proaqua self-sealer lak op waterbasis mat (10GU) Licht Noten (kleur 53) 5 liter van Borma Wachs is een interieurlak 1-2K kleurloze, watergedragen en zelfverzegelende lak, specifiek voor de behandeling van meubelen.\" \/>\n<meta property=\"og:url\" content=\"https:\/\/partsandpieces.nl\/de\/produkt\/borma-wachs-proaqua-selbstversiegelung-lack-auf-wasserbasis-matt-10gu-helle-walnussfarbe-53-5-liter\/\" \/>\n<meta property=\"og:site_name\" content=\"Parts &amp; Pieces\" \/>\n<meta property=\"article:modified_time\" content=\"2025-11-12T10:25:44+00:00\" \/>\n<meta property=\"og:image\" content=\"https:\/\/partsandpieces.nl\/wp-content\/uploads\/2023\/07\/Borma-Wachs-Proaqua-self-sealer-lak-op-waterbasis-kleurloos-mat-10GU-5-liter-1.jpg\" \/>\n\t<meta property=\"og:image:width\" content=\"480\" \/>\n\t<meta property=\"og:image:height\" content=\"482\" \/>\n\t<meta property=\"og:image:type\" content=\"image\/jpeg\" \/>\n<meta name=\"twitter:card\" content=\"summary_large_image\" \/>\n<meta name=\"twitter:label1\" content=\"Gesch\u00e4tzte Lesezeit\" \/>\n\t<meta name=\"twitter:data1\" content=\"1\u00a0Minute\" \/>\n<script type=\"application\/ld+json\" class=\"yoast-schema-graph\">{\"@context\":\"https:\\\/\\\/schema.org\",\"@graph\":[{\"@type\":\"WebPage\",\"@id\":\"https:\\\/\\\/partsandpieces.nl\\\/product\\\/borma-wachs-proaqua-self-sealer-lak-op-waterbasis-mat-10gu-licht-noten-kleur-53-5-liter\\\/\",\"url\":\"https:\\\/\\\/partsandpieces.nl\\\/product\\\/borma-wachs-proaqua-self-sealer-lak-op-waterbasis-mat-10gu-licht-noten-kleur-53-5-liter\\\/\",\"name\":\"Borma Wachs Proaqua self-sealer Licht Noten (kleur 53)\",\"isPartOf\":{\"@id\":\"https:\\\/\\\/partsandpieces.nl\\\/#website\"},\"primaryImageOfPage\":{\"@id\":\"https:\\\/\\\/partsandpieces.nl\\\/product\\\/borma-wachs-proaqua-self-sealer-lak-op-waterbasis-mat-10gu-licht-noten-kleur-53-5-liter\\\/#primaryimage\"},\"image\":{\"@id\":\"https:\\\/\\\/partsandpieces.nl\\\/product\\\/borma-wachs-proaqua-self-sealer-lak-op-waterbasis-mat-10gu-licht-noten-kleur-53-5-liter\\\/#primaryimage\"},\"thumbnailUrl\":\"https:\\\/\\\/partsandpieces.nl\\\/wp-content\\\/uploads\\\/2023\\\/07\\\/Borma-Wachs-Proaqua-self-sealer-lak-op-waterbasis-kleurloos-mat-10GU-5-liter-1.jpg\",\"datePublished\":\"2023-07-10T11:58:06+00:00\",\"dateModified\":\"2025-11-12T10:25:44+00:00\",\"description\":\"Borma Wachs Proaqua self-sealer lak op waterbasis mat (10GU) Licht Noten (kleur 53) 5 liter van Borma Wachs is een interieurlak 1-2K kleurloze, watergedragen en zelfverzegelende lak, specifiek voor de behandeling van meubelen.\",\"breadcrumb\":{\"@id\":\"https:\\\/\\\/partsandpieces.nl\\\/product\\\/borma-wachs-proaqua-self-sealer-lak-op-waterbasis-mat-10gu-licht-noten-kleur-53-5-liter\\\/#breadcrumb\"},\"inLanguage\":\"de\",\"potentialAction\":[{\"@type\":\"ReadAction\",\"target\":[\"https:\\\/\\\/partsandpieces.nl\\\/product\\\/borma-wachs-proaqua-self-sealer-lak-op-waterbasis-mat-10gu-licht-noten-kleur-53-5-liter\\\/\"]}]},{\"@type\":\"ImageObject\",\"inLanguage\":\"de\",\"@id\":\"https:\\\/\\\/partsandpieces.nl\\\/product\\\/borma-wachs-proaqua-self-sealer-lak-op-waterbasis-mat-10gu-licht-noten-kleur-53-5-liter\\\/#primaryimage\",\"url\":\"https:\\\/\\\/partsandpieces.nl\\\/wp-content\\\/uploads\\\/2023\\\/07\\\/Borma-Wachs-Proaqua-self-sealer-lak-op-waterbasis-kleurloos-mat-10GU-5-liter-1.jpg\",\"contentUrl\":\"https:\\\/\\\/partsandpieces.nl\\\/wp-content\\\/uploads\\\/2023\\\/07\\\/Borma-Wachs-Proaqua-self-sealer-lak-op-waterbasis-kleurloos-mat-10GU-5-liter-1.jpg\",\"width\":480,\"height\":482,\"caption\":\"Borma Wachs Proaqua self-sealer lak op waterbasis kleurloos mat (10GU) 5 liter\"},{\"@type\":\"BreadcrumbList\",\"@id\":\"https:\\\/\\\/partsandpieces.nl\\\/product\\\/borma-wachs-proaqua-self-sealer-lak-op-waterbasis-mat-10gu-licht-noten-kleur-53-5-liter\\\/#breadcrumb\",\"itemListElement\":[{\"@type\":\"ListItem\",\"position\":1,\"name\":\"Home\",\"item\":\"https:\\\/\\\/partsandpieces.nl\\\/home\\\/\"},{\"@type\":\"ListItem\",\"position\":2,\"name\":\"Winkel\",\"item\":\"https:\\\/\\\/partsandpieces.nl\\\/winkel\\\/\"},{\"@type\":\"ListItem\",\"position\":3,\"name\":\"Borma Wachs Proaqua self-sealer lak op waterbasis mat (10GU) Licht Noten (kleur 53) 5 liter\"}]},{\"@type\":\"WebSite\",\"@id\":\"https:\\\/\\\/partsandpieces.nl\\\/#website\",\"url\":\"https:\\\/\\\/partsandpieces.nl\\\/\",\"name\":\"Parts &amp; Pieces\",\"description\":\"Alles voor uw meubelrestauratie en -onderhoud!\",\"potentialAction\":[{\"@type\":\"SearchAction\",\"target\":{\"@type\":\"EntryPoint\",\"urlTemplate\":\"https:\\\/\\\/partsandpieces.nl\\\/?s={search_term_string}\"},\"query-input\":{\"@type\":\"PropertyValueSpecification\",\"valueRequired\":true,\"valueName\":\"search_term_string\"}}],\"inLanguage\":\"de\"}]}<\/script>\n<!-- \/ Yoast SEO plugin. -->","yoast_head_json":{"title":"Borma Wachs Proaqua Selbstversiegelung Nussbaum hell (Farbe 53)","description":"Borma Wachs Proaqua Selbstversiegelungslack auf Wasserbasis matt (10GU) Nussbaum hell (Farbe 53) 5 Liter Borma Wachs ist ein Innenlack 1-2K farbloser, wasserbasierter und selbstversiegelnder Lack, speziell f\u00fcr die Behandlung von M\u00f6beln.","robots":{"index":"index","follow":"follow","max-snippet":"max-snippet:-1","max-image-preview":"max-image-preview:large","max-video-preview":"max-video-preview:-1"},"canonical":"https:\/\/partsandpieces.nl\/de\/produkt\/borma-wachs-proaqua-selbstversiegelung-lack-auf-wasserbasis-matt-10gu-helle-walnussfarbe-53-5-liter\/","og_locale":"de_DE","og_type":"article","og_title":"Borma Wachs Proaqua self-sealer Licht Noten (kleur 53)","og_description":"Borma Wachs Proaqua self-sealer lak op waterbasis mat (10GU) Licht Noten (kleur 53) 5 liter van Borma Wachs is een interieurlak 1-2K kleurloze, watergedragen en zelfverzegelende lak, specifiek voor de behandeling van meubelen.","og_url":"https:\/\/partsandpieces.nl\/de\/produkt\/borma-wachs-proaqua-selbstversiegelung-lack-auf-wasserbasis-matt-10gu-helle-walnussfarbe-53-5-liter\/","og_site_name":"Parts &amp; Pieces","article_modified_time":"2025-11-12T10:25:44+00:00","og_image":[{"width":480,"height":482,"url":"https:\/\/partsandpieces.nl\/wp-content\/uploads\/2023\/07\/Borma-Wachs-Proaqua-self-sealer-lak-op-waterbasis-kleurloos-mat-10GU-5-liter-1.jpg","type":"image\/jpeg"}],"twitter_card":"summary_large_image","twitter_misc":{"Gesch\u00e4tzte Lesezeit":"1\u00a0Minute"},"schema":{"@context":"https:\/\/schema.org","@graph":[{"@type":"WebPage","@id":"https:\/\/partsandpieces.nl\/product\/borma-wachs-proaqua-self-sealer-lak-op-waterbasis-mat-10gu-licht-noten-kleur-53-5-liter\/","url":"https:\/\/partsandpieces.nl\/product\/borma-wachs-proaqua-self-sealer-lak-op-waterbasis-mat-10gu-licht-noten-kleur-53-5-liter\/","name":"Borma Wachs Proaqua Selbstversiegelung Nussbaum hell (Farbe 53)","isPartOf":{"@id":"https:\/\/partsandpieces.nl\/#website"},"primaryImageOfPage":{"@id":"https:\/\/partsandpieces.nl\/product\/borma-wachs-proaqua-self-sealer-lak-op-waterbasis-mat-10gu-licht-noten-kleur-53-5-liter\/#primaryimage"},"image":{"@id":"https:\/\/partsandpieces.nl\/product\/borma-wachs-proaqua-self-sealer-lak-op-waterbasis-mat-10gu-licht-noten-kleur-53-5-liter\/#primaryimage"},"thumbnailUrl":"https:\/\/partsandpieces.nl\/wp-content\/uploads\/2023\/07\/Borma-Wachs-Proaqua-self-sealer-lak-op-waterbasis-kleurloos-mat-10GU-5-liter-1.jpg","datePublished":"2023-07-10T11:58:06+00:00","dateModified":"2025-11-12T10:25:44+00:00","description":"Borma Wachs Proaqua Selbstversiegelungslack auf Wasserbasis matt (10GU) Nussbaum hell (Farbe 53) 5 Liter Borma Wachs ist ein Innenlack 1-2K farbloser, wasserbasierter und selbstversiegelnder Lack, speziell f\u00fcr die Behandlung von M\u00f6beln.","breadcrumb":{"@id":"https:\/\/partsandpieces.nl\/product\/borma-wachs-proaqua-self-sealer-lak-op-waterbasis-mat-10gu-licht-noten-kleur-53-5-liter\/#breadcrumb"},"inLanguage":"de","potentialAction":[{"@type":"ReadAction","target":["https:\/\/partsandpieces.nl\/product\/borma-wachs-proaqua-self-sealer-lak-op-waterbasis-mat-10gu-licht-noten-kleur-53-5-liter\/"]}]},{"@type":"ImageObject","inLanguage":"de","@id":"https:\/\/partsandpieces.nl\/product\/borma-wachs-proaqua-self-sealer-lak-op-waterbasis-mat-10gu-licht-noten-kleur-53-5-liter\/#primaryimage","url":"https:\/\/partsandpieces.nl\/wp-content\/uploads\/2023\/07\/Borma-Wachs-Proaqua-self-sealer-lak-op-waterbasis-kleurloos-mat-10GU-5-liter-1.jpg","contentUrl":"https:\/\/partsandpieces.nl\/wp-content\/uploads\/2023\/07\/Borma-Wachs-Proaqua-self-sealer-lak-op-waterbasis-kleurloos-mat-10GU-5-liter-1.jpg","width":480,"height":482,"caption":"Borma Wachs Proaqua self-sealer lak op waterbasis kleurloos mat (10GU) 5 liter"},{"@type":"BreadcrumbList","@id":"https:\/\/partsandpieces.nl\/product\/borma-wachs-proaqua-self-sealer-lak-op-waterbasis-mat-10gu-licht-noten-kleur-53-5-liter\/#breadcrumb","itemListElement":[{"@type":"ListItem","position":1,"name":"Home","item":"https:\/\/partsandpieces.nl\/home\/"},{"@type":"ListItem","position":2,"name":"Winkel","item":"https:\/\/partsandpieces.nl\/winkel\/"},{"@type":"ListItem","position":3,"name":"Borma Wachs Proaqua self-sealer lak op waterbasis mat (10GU) Licht Noten (kleur 53) 5 liter"}]},{"@type":"WebSite","@id":"https:\/\/partsandpieces.nl\/#website","url":"https:\/\/partsandpieces.nl\/","name":"Teile &amp; St\u00fccke","description":"Alles f\u00fcr Ihre M\u00f6belrestaurierung und -pflege!","potentialAction":[{"@type":"SearchAction","target":{"@type":"EntryPoint","urlTemplate":"https:\/\/partsandpieces.nl\/?s={search_term_string}"},"query-input":{"@type":"PropertyValueSpecification","valueRequired":true,"valueName":"search_term_string"}}],"inLanguage":"de"}]}},"_links":{"self":[{"href":"https:\/\/partsandpieces.nl\/de\/wp-json\/wp\/v2\/product\/6466","targetHints":{"allow":["GET"]}}],"collection":[{"href":"https:\/\/partsandpieces.nl\/de\/wp-json\/wp\/v2\/product"}],"about":[{"href":"https:\/\/partsandpieces.nl\/de\/wp-json\/wp\/v2\/types\/product"}],"wp:featuredmedia":[{"embeddable":true,"href":"https:\/\/partsandpieces.nl\/de\/wp-json\/wp\/v2\/media\/6470"}],"wp:attachment":[{"href":"https:\/\/partsandpieces.nl\/de\/wp-json\/wp\/v2\/media?parent=6466"}],"wp:term":[{"taxonomy":"product_brand","embeddable":true,"href":"https:\/\/partsandpieces.nl\/de\/wp-json\/wp\/v2\/product_brand?post=6466"},{"taxonomy":"product_cat","embeddable":true,"href":"https:\/\/partsandpieces.nl\/de\/wp-json\/wp\/v2\/product_cat?post=6466"},{"taxonomy":"product_tag","embeddable":true,"href":"https:\/\/partsandpieces.nl\/de\/wp-json\/wp\/v2\/product_tag?post=6466"}],"curies":[{"name":"wp","href":"https:\/\/api.w.org\/{rel}","templated":true}]}}